{"id":17583,"date":"2019-05-09T14:26:57","date_gmt":"2019-05-09T12:26:57","guid":{"rendered":"https:\/\/www.dalpasso.it\/?page_id=17583"},"modified":"2019-08-01T14:38:51","modified_gmt":"2019-08-01T12:38:51","slug":"cours-de-formation-hospitaliere","status":"publish","type":"page","link":"https:\/\/www.dalpasso.it\/fr\/eventi\/cours-de-formation-hospitaliere\/","title":{"rendered":"COURS DE FORMATION HOSPITALI\u00c8RE"},"content":{"rendered":"<div class=\"wpb-content-wrapper\">[vc_row full_width=\u00a0\u00bbstretch_row_content_no_spaces\u00a0\u00bb css=\u00a0\u00bb.vc_custom_1557328907360{margin-top: -41px !important;}\u00a0\u00bb][vc_column][vc_single_image image=\u00a0\u00bb17630&Prime; img_size=\u00a0\u00bbfull\u00a0\u00bb alignment=\u00a0\u00bbcenter\u00a0\u00bb css=\u00a0\u00bb.vc_custom_1557329088406{padding-top: -41px !important;}\u00a0\u00bb][\/vc_column][\/vc_row][vc_row css=\u00a0\u00bb.vc_custom_1557155189931{margin-bottom: 20px !important;}\u00a0\u00bb][vc_column][vc_separator color=\u00a0\u00bbwhite\u00a0\u00bb css=\u00a0\u00bb.vc_custom_1557318409406{padding-top: 10px !important;padding-bottom: 10px !important;}\u00a0\u00bb][vc_column_text]<strong>DALPASSO Prothesis Oculari<\/strong> organise r\u00e9guli\u00e8rement des sessions de formation hospitali\u00e8res pour le personnel m\u00e9dical et infirmier dans les services d&rsquo;ophtalmologie de tous les h\u00f4pitaux italiens. Le personnel des services ophtalmologiques peut ainsi compter sur une formation ad\u00e9quate et constante en mati\u00e8re de sant\u00e9 et de proth\u00e8se \u00e0 la gestion du patient anophtalmique, ainsi qu\u2019\u00e0 la gestion documentaire en accord avec le Service national de sant\u00e9, notamment en ce qui concerne la gestion des patients p\u00e9diatriques.<\/p>\n<p>Les sessions de formation sont organis\u00e9es et anim\u00e9es par <strong>Ilaria Dalpasso<\/strong>, opticienne et oculariste dipl\u00f4m\u00e9e, experte en prise en charge du patient anophtalmique et microphtalmique.[\/vc_column_text][\/vc_column][\/vc_row][vc_row][vc_column width=\u00a0\u00bb1\/2&Prime;][vc_text_separator title=\u00a0\u00bbCorso Formazione \u2013 U.O. Chirurgia Maxillo-Facciale Azienda Ospedaliero-Universitaria Firenze Careggi\u00a0\u00bb][vc_video link=\u00a0\u00bbhttps:\/\/youtu.be\/-9uJzG3JtwU\u00a0\u00bb align=\u00a0\u00bbcenter\u00a0\u00bb][\/vc_column][vc_column width=\u00a0\u00bb1\/2&Prime;][vc_text_separator title=\u00a0\u00bbCongresso \u00ab\u00a0Oculistica Pediatrica Pratica\u00ab\u00a0, Roma 21 giugno 2019 \u2013 \u00ab\u00a0Gusci sclerali per microftalmi congeniti e bulbi subatrofici\u00ab\u00a0\u00ab\u00a0][vc_video link=\u00a0\u00bbhttps:\/\/youtu.be\/Ggo2w2FjoWY\u00a0\u00bb align=\u00a0\u00bbcenter\u00a0\u00bb][\/vc_column][\/vc_row][vc_row][vc_column][vc_separator color=\u00a0\u00bbwhite\u00a0\u00bb][\/vc_column][\/vc_row][vc_row][vc_column width=\u00a0\u00bb1\/2&Prime;][vc_text_separator title=\u00a0\u00bbCongresso \u00ab\u00a0Ipovisione dall&rsquo;ABC&#8230;alla L\u00ab\u00a0, Cesena 9 marzo 2019 \u2013 \u00ab\u00a0Protesi oculari: stato dell&rsquo;arte\u00ab\u00a0\u00a0\u00bb css=\u00a0\u00bb.vc_custom_1564472237808{padding-top: 8px !important;padding-bottom: 8px !important;}\u00a0\u00bb][vc_video link=\u00a0\u00bbhttps:\/\/youtu.be\/9E1xdcg_nG8&Prime;][\/vc_column][vc_column width=\u00a0\u00bb1\/2&Prime;][vc_text_separator title=\u00a0\u00bbDalpasso Protesi Oculari &amp; Clinica Oculistica Univer. Policlinico Umberto I Roma\u00a0\u00bb css=\u00a0\u00bb.vc_custom_1554301719492{padding-top: 8px !important;padding-bottom: 8px !important;}\u00a0\u00bb][vc_video link=\u00a0\u00bbhttps:\/\/youtu.be\/qa9i3X5w1MY\u00a0\u00bb][\/vc_column][\/vc_row][vc_row][vc_column][vc_separator color=\u00a0\u00bbwhite\u00a0\u00bb][\/vc_column][\/vc_row][vc_row][vc_column width=\u00a0\u00bb1\/2&Prime;][vc_text_separator title=\u00a0\u00bbCorso Formazione \u2013 U.O. Oculistica Ospedale Firenze Careggi\u00a0\u00bb][vc_video link=\u00a0\u00bbhttps:\/\/youtu.be\/ZONlsBckCKQ\u00a0\u00bb][\/vc_column][vc_column width=\u00a0\u00bb1\/2&Prime;][vc_text_separator title=\u00a0\u00bbDalpasso Protesi Oculari &amp; Clinica Oculistica Univ. Verona: \u00ab\u00a0Chirurgia demolitiva e Protesi Oculare\u00ab\u00a0\u00ab\u00a0][vc_video link=\u00a0\u00bbhttps:\/\/youtu.be\/dIvKc9R1tiU\u00a0\u00bb][\/vc_column][\/vc_row][vc_row][vc_column][vc_separator color=\u00a0\u00bbwhite\u00a0\u00bb][\/vc_column][\/vc_row][vc_row][vc_column width=\u00a0\u00bb1\/2&Prime;][vc_text_separator title=\u00a0\u00bbCorso Formazione \u2013 U.O. Oculistica Ospedale Maggiore Bologna\u00a0\u00bb][vc_video link=\u00a0\u00bbhttps:\/\/youtu.be\/2xuOXw4fcDM\u00a0\u00bb align=\u00a0\u00bbcenter\u00a0\u00bb][\/vc_column][vc_column width=\u00a0\u00bb1\/2&Prime;][\/vc_column][\/vc_row][vc_row][vc_column][vc_separator color=\u00a0\u00bbwhite\u00a0\u00bb][\/vc_column][\/vc_row]<\/div>","protected":false},"excerpt":{"rendered":"<p>[vc_row full_width=\u00a0\u00bbstretch_row_content_no_spaces\u00a0\u00bb css=\u00a0\u00bb.vc_custom_1557328907360{margin-top: -41px !important;}\u00a0\u00bb][vc_column][vc_single_image image=\u00a0\u00bb17630&Prime; img_size=\u00a0\u00bbfull\u00a0\u00bb alignment=\u00a0\u00bbcenter\u00a0\u00bb css=\u00a0\u00bb.vc_custom_1557329088406{padding-top: -41px !important;}\u00a0\u00bb][\/vc_column][\/vc_row][vc_row css=\u00a0\u00bb.vc_custom_1557155189931{margin-bottom: 20px !important;}\u00a0\u00bb][vc_column][vc_separator color=\u00a0\u00bbwhite\u00a0\u00bb css=\u00a0\u00bb.vc_custom_1557318409406{padding-top: 10px !important;padding-bottom: 10px !important;}\u00a0\u00bb][vc_column_text]DALPASSO Prothesis Oculari organise r\u00e9guli\u00e8rement des sessions de formation hospitali\u00e8res pour le personnel m\u00e9dical et infirmier dans les services d&rsquo;ophtalmologie de tous les h\u00f4pitaux italiens. Le personnel des services ophtalmologiques peut ainsi compter sur une formation [&hellip;]<\/p>\n","protected":false},"author":1,"featured_media":0,"parent":10762,"menu_order":0,"comment_status":"closed","ping_status":"closed","template":"","meta":{"footnotes":""},"class_list":["post-17583","page","type-page","status-publish","hentry"],"yoast_head":"<!-- This site is optimized with the Yoast SEO plugin v27.1.1 - https:\/\/yoast.com\/product\/yoast-seo-wordpress\/ -->\n<title>COURS DE FORMATION HOSPITALI\u00c8RE | Dalpasso protesi oculari<\/title>\n<meta name=\"robots\" content=\"index, follow, max-snippet:-1, max-image-preview:large, max-video-preview:-1\" \/>\n<link rel=\"canonical\" href=\"https:\/\/www.dalpasso.it\/fr\/eventi\/cours-de-formation-hospitaliere\/\" \/>\n<meta property=\"og:locale\" content=\"fr_FR\" \/>\n<meta property=\"og:type\" content=\"article\" \/>\n<meta property=\"og:title\" content=\"COURS DE FORMATION HOSPITALI\u00c8RE | Dalpasso protesi oculari\" \/>\n<meta property=\"og:description\" content=\"[vc_row full_width=\u00a0\u00bbstretch_row_content_no_spaces\u00a0\u00bb css=\u00a0\u00bb.vc_custom_1557328907360{margin-top: -41px !important;}\u00a0\u00bb][vc_column][vc_single_image image=\u00a0\u00bb17630&Prime; img_size=\u00a0\u00bbfull\u00a0\u00bb alignment=\u00a0\u00bbcenter\u00a0\u00bb css=\u00a0\u00bb.vc_custom_1557329088406{padding-top: -41px !important;}\u00a0\u00bb][\/vc_column][\/vc_row][vc_row css=\u00a0\u00bb.vc_custom_1557155189931{margin-bottom: 20px !important;}\u00a0\u00bb][vc_column][vc_separator color=\u00a0\u00bbwhite\u00a0\u00bb css=\u00a0\u00bb.vc_custom_1557318409406{padding-top: 10px !important;padding-bottom: 10px !important;}\u00a0\u00bb][vc_column_text]DALPASSO Prothesis Oculari organise r\u00e9guli\u00e8rement des sessions de formation hospitali\u00e8res pour le personnel m\u00e9dical et infirmier dans les services d&rsquo;ophtalmologie de tous les h\u00f4pitaux italiens. Le personnel des services ophtalmologiques peut ainsi compter sur une formation [&hellip;]\" \/>\n<meta property=\"og:url\" content=\"https:\/\/www.dalpasso.it\/fr\/eventi\/cours-de-formation-hospitaliere\/\" \/>\n<meta property=\"og:site_name\" content=\"Dalpasso protesi oculari\" \/>\n<meta property=\"article:modified_time\" content=\"2019-08-01T12:38:51+00:00\" \/>\n<meta name=\"twitter:card\" content=\"summary_large_image\" \/>\n<meta name=\"twitter:label1\" content=\"Dur\u00e9e de lecture estim\u00e9e\" \/>\n\t<meta name=\"twitter:data1\" content=\"2 minutes\" \/>\n<script type=\"application\/ld+json\" class=\"yoast-schema-graph\">{\"@context\":\"https:\/\/schema.org\",\"@graph\":[{\"@type\":\"WebPage\",\"@id\":\"https:\/\/www.dalpasso.it\/fr\/eventi\/cours-de-formation-hospitaliere\/\",\"url\":\"https:\/\/www.dalpasso.it\/fr\/eventi\/cours-de-formation-hospitaliere\/\",\"name\":\"COURS DE FORMATION HOSPITALI\u00c8RE | Dalpasso protesi oculari\",\"isPartOf\":{\"@id\":\"https:\/\/www.dalpasso.it\/fr\/#website\"},\"datePublished\":\"2019-05-09T12:26:57+00:00\",\"dateModified\":\"2019-08-01T12:38:51+00:00\",\"breadcrumb\":{\"@id\":\"https:\/\/www.dalpasso.it\/fr\/eventi\/cours-de-formation-hospitaliere\/#breadcrumb\"},\"inLanguage\":\"fr-FR\",\"potentialAction\":[{\"@type\":\"ReadAction\",\"target\":[\"https:\/\/www.dalpasso.it\/fr\/eventi\/cours-de-formation-hospitaliere\/\"]}]},{\"@type\":\"BreadcrumbList\",\"@id\":\"https:\/\/www.dalpasso.it\/fr\/eventi\/cours-de-formation-hospitaliere\/#breadcrumb\",\"itemListElement\":[{\"@type\":\"ListItem\",\"position\":1,\"name\":\"Home\",\"item\":\"https:\/\/www.dalpasso.it\/fr\/standard-business\/\"},{\"@type\":\"ListItem\",\"position\":2,\"name\":\"\u00c9V\u00c9NEMENTS\",\"item\":\"https:\/\/www.dalpasso.it\/fr\/eventi\/\"},{\"@type\":\"ListItem\",\"position\":3,\"name\":\"COURS DE FORMATION HOSPITALI\u00c8RE\"}]},{\"@type\":\"WebSite\",\"@id\":\"https:\/\/www.dalpasso.it\/fr\/#website\",\"url\":\"https:\/\/www.dalpasso.it\/fr\/\",\"name\":\"DALPASSO Protesi Oculari\",\"description\":\"\",\"potentialAction\":[{\"@type\":\"SearchAction\",\"target\":{\"@type\":\"EntryPoint\",\"urlTemplate\":\"https:\/\/www.dalpasso.it\/fr\/?s={search_term_string}\"},\"query-input\":{\"@type\":\"PropertyValueSpecification\",\"valueRequired\":true,\"valueName\":\"search_term_string\"}}],\"inLanguage\":\"fr-FR\"}]}<\/script>\n<!-- \/ Yoast SEO plugin. -->","yoast_head_json":{"title":"COURS DE FORMATION HOSPITALI\u00c8RE | Dalpasso protesi oculari","robots":{"index":"index","follow":"follow","max-snippet":"max-snippet:-1","max-image-preview":"max-image-preview:large","max-video-preview":"max-video-preview:-1"},"canonical":"https:\/\/www.dalpasso.it\/fr\/eventi\/cours-de-formation-hospitaliere\/","og_locale":"fr_FR","og_type":"article","og_title":"COURS DE FORMATION HOSPITALI\u00c8RE | Dalpasso protesi oculari","og_description":"[vc_row full_width=\u00a0\u00bbstretch_row_content_no_spaces\u00a0\u00bb css=\u00a0\u00bb.vc_custom_1557328907360{margin-top: -41px !important;}\u00a0\u00bb][vc_column][vc_single_image image=\u00a0\u00bb17630&Prime; img_size=\u00a0\u00bbfull\u00a0\u00bb alignment=\u00a0\u00bbcenter\u00a0\u00bb css=\u00a0\u00bb.vc_custom_1557329088406{padding-top: -41px !important;}\u00a0\u00bb][\/vc_column][\/vc_row][vc_row css=\u00a0\u00bb.vc_custom_1557155189931{margin-bottom: 20px !important;}\u00a0\u00bb][vc_column][vc_separator color=\u00a0\u00bbwhite\u00a0\u00bb css=\u00a0\u00bb.vc_custom_1557318409406{padding-top: 10px !important;padding-bottom: 10px !important;}\u00a0\u00bb][vc_column_text]DALPASSO Prothesis Oculari organise r\u00e9guli\u00e8rement des sessions de formation hospitali\u00e8res pour le personnel m\u00e9dical et infirmier dans les services d&rsquo;ophtalmologie de tous les h\u00f4pitaux italiens. Le personnel des services ophtalmologiques peut ainsi compter sur une formation [&hellip;]","og_url":"https:\/\/www.dalpasso.it\/fr\/eventi\/cours-de-formation-hospitaliere\/","og_site_name":"Dalpasso protesi oculari","article_modified_time":"2019-08-01T12:38:51+00:00","twitter_card":"summary_large_image","twitter_misc":{"Dur\u00e9e de lecture estim\u00e9e":"2 minutes"},"schema":{"@context":"https:\/\/schema.org","@graph":[{"@type":"WebPage","@id":"https:\/\/www.dalpasso.it\/fr\/eventi\/cours-de-formation-hospitaliere\/","url":"https:\/\/www.dalpasso.it\/fr\/eventi\/cours-de-formation-hospitaliere\/","name":"COURS DE FORMATION HOSPITALI\u00c8RE | Dalpasso protesi oculari","isPartOf":{"@id":"https:\/\/www.dalpasso.it\/fr\/#website"},"datePublished":"2019-05-09T12:26:57+00:00","dateModified":"2019-08-01T12:38:51+00:00","breadcrumb":{"@id":"https:\/\/www.dalpasso.it\/fr\/eventi\/cours-de-formation-hospitaliere\/#breadcrumb"},"inLanguage":"fr-FR","potentialAction":[{"@type":"ReadAction","target":["https:\/\/www.dalpasso.it\/fr\/eventi\/cours-de-formation-hospitaliere\/"]}]},{"@type":"BreadcrumbList","@id":"https:\/\/www.dalpasso.it\/fr\/eventi\/cours-de-formation-hospitaliere\/#breadcrumb","itemListElement":[{"@type":"ListItem","position":1,"name":"Home","item":"https:\/\/www.dalpasso.it\/fr\/standard-business\/"},{"@type":"ListItem","position":2,"name":"\u00c9V\u00c9NEMENTS","item":"https:\/\/www.dalpasso.it\/fr\/eventi\/"},{"@type":"ListItem","position":3,"name":"COURS DE FORMATION HOSPITALI\u00c8RE"}]},{"@type":"WebSite","@id":"https:\/\/www.dalpasso.it\/fr\/#website","url":"https:\/\/www.dalpasso.it\/fr\/","name":"DALPASSO Protesi Oculari","description":"","potentialAction":[{"@type":"SearchAction","target":{"@type":"EntryPoint","urlTemplate":"https:\/\/www.dalpasso.it\/fr\/?s={search_term_string}"},"query-input":{"@type":"PropertyValueSpecification","valueRequired":true,"valueName":"search_term_string"}}],"inLanguage":"fr-FR"}]}},"_links":{"self":[{"href":"https:\/\/www.dalpasso.it\/fr\/wp-json\/wp\/v2\/pages\/17583","targetHints":{"allow":["GET"]}}],"collection":[{"href":"https:\/\/www.dalpasso.it\/fr\/wp-json\/wp\/v2\/pages"}],"about":[{"href":"https:\/\/www.dalpasso.it\/fr\/wp-json\/wp\/v2\/types\/page"}],"author":[{"embeddable":true,"href":"https:\/\/www.dalpasso.it\/fr\/wp-json\/wp\/v2\/users\/1"}],"replies":[{"embeddable":true,"href":"https:\/\/www.dalpasso.it\/fr\/wp-json\/wp\/v2\/comments?post=17583"}],"version-history":[{"count":6,"href":"https:\/\/www.dalpasso.it\/fr\/wp-json\/wp\/v2\/pages\/17583\/revisions"}],"predecessor-version":[{"id":18330,"href":"https:\/\/www.dalpasso.it\/fr\/wp-json\/wp\/v2\/pages\/17583\/revisions\/18330"}],"up":[{"embeddable":true,"href":"https:\/\/www.dalpasso.it\/fr\/wp-json\/wp\/v2\/pages\/10762"}],"wp:attachment":[{"href":"https:\/\/www.dalpasso.it\/fr\/wp-json\/wp\/v2\/media?parent=17583"}],"curies":[{"name":"wp","href":"https:\/\/api.w.org\/{rel}","templated":true}]}}