{"id":14635,"date":"2016-11-30T11:00:46","date_gmt":"2016-11-30T10:00:46","guid":{"rendered":"http:\/\/www.dalpasso.it\/fr\/roma\/"},"modified":"2019-12-04T17:32:37","modified_gmt":"2019-12-04T16:32:37","slug":"roma","status":"publish","type":"page","link":"https:\/\/www.dalpasso.it\/fr\/roma\/","title":{"rendered":"ROMA"},"content":{"rendered":"<div class=\"wpb-content-wrapper\">[vc_row][vc_column][vc_column_text][vc_row][vc_column width=\u00a0\u00bb1\/1&Prime;][vc_column_text]<\/p>\n<p><strong>Du lundi, 9 Janvier, 2017 l&rsquo;ouverture de notre nouvelle Si\u00e8ge de ROME!<\/strong><\/p>\n<p>&nbsp;<\/p>\n<p><strong>In Via Marcantonio Colonna 7\u00a0<\/strong>(Piazza Cola di Rienzo)<\/p>\n<p>&nbsp;<\/p>\n<p><strong>Tel. 06-3230260 \u2013 fax: 0522.1860231<\/strong><\/p>\n<p><strong>Email:<\/strong> <a href=\"mailto:roma@dalpasso.it\">roma@dalpasso.it<\/a><\/p>\n<ul>\n<li>Tr\u00e8s proche de la Piazza del Popolo<\/li>\n<li>A 200 m\u00e8tres de \u00ab\u00a0Lepanto\u00a0\u00bb Metro &#8211; Ligne A (15 minutes de la gare Termini)<\/li>\n<li>Parkings dans toutes les rues \u00e0 proximit\u00e9<\/li>\n<li>\u00a0Station de taxi en face de notre si\u00e8ge<\/li>\n<\/ul>\n<p>Le centre est ouvert du lundi au vendredi de 9:00 \u00e0 18:00<\/p>\n<p>&nbsp;<\/p>\n<p><strong>GPS<\/strong>: r\u00e9gler le\u00a0GPS\u00a0sur \u201cvia Marcantonio Colonna\u201d[\/vc_column_text][\/vc_column][\/vc_row][vc_row][vc_column][vc_gmaps link=\u00a0\u00bb#E-8_JTNDaWZyYW1lJTIwc3JjJTNEJTIyaHR0cHMlM0ElMkYlMkZ3d3cuZ29vZ2xlLmNvbSUyRm1hcHMlMkZlbWJlZCUzRnBiJTNEJTIxMW0xOCUyMTFtMTIlMjExbTMlMjExZDI5NjkuMjQ5NTE1NTc2MTEyNiUyMTJkMTIuNDY1NTIzMTE1Njg1OTgzJTIxM2Q0MS45MDg5OTQ1NzE0NTg3MiUyMTJtMyUyMTFmMCUyMTJmMCUyMTNmMCUyMTNtMiUyMTFpMTAyNCUyMTJpNzY4JTIxNGYxMy4xJTIxM20zJTIxMW0yJTIxMXMweDEzMmY2MDU4YmI0NzM1YTMlMjUzQTB4ZTBjM2NkZGNkZDNkYTNkMyUyMTJzVmlhJTJCTWFyY2FudG9uaW8lMkJDb2xvbm5hJTI1MkMlMkI3JTI1MkMlMkIwMDE5MiUyQlJvbWElMjE1ZTAlMjEzbTIlMjExc2l0JTIxMnNpdCUyMTR2MTQ4MDUwMjAyMDAxMCUyMiUyMHdpZHRoJTNEJTIyNjAwJTIyJTIwaGVpZ2h0JTNEJTIyNDUwJTIyJTIwZnJhbWVib3JkZXIlM0QlMjIwJTIyJTIwc3R5bGUlM0QlMjJib3JkZXIlM0EwJTIyJTIwYWxsb3dmdWxsc2NyZWVuJTNFJTNDJTJGaWZyYW1lJTNF\u00a0\u00bb size=\u00a0\u00bb400px\u00a0\u00bb title=\u00a0\u00bbROMA\u00a0\u00bb][\/vc_column][\/vc_row][vc_row][vc_column][vc_column_text]<\/p>\n<h4><span style=\"color: #3092c9;\"><strong>En M\u00e9tro<\/strong><\/span><\/h4>\n<p><a href=\"https:\/\/www.dalpasso.it\/wp-content\/uploads\/2016\/11\/mappa_roma_metro_big.jpg\"><span style=\"color: #3092c9;\"><strong><img loading=\"lazy\" decoding=\"async\" class=\"alignnone size-full wp-image-14629\" src=\"https:\/\/www.dalpasso.it\/wp-content\/uploads\/2016\/11\/mappa_roma_metro_small.jpg\" alt=\"mappa_roma_metro_small\" width=\"280\" height=\"191\" \/><\/strong><\/span><\/a><\/p>\n<p>&nbsp;<\/p>\n<p><span style=\"color: #3092c9;\"><strong>En trein<\/strong><\/span><\/p>\n<p>Sortie de Stazione Termini, prenez votre choix:<\/p>\n<ul>\n<li><strong>M\u00e9tro ligne A<\/strong> direction \u00ab\u00a0Battistini\u00a0\u00bb, descendez au cinqui\u00e8me arr\u00eat \u00ab\u00a0Lepanto\u00a0\u00bb et continuer sur Via Marcantonio Colonna \u00e0 250 m\u00e8tres.<\/li>\n<li><strong>Ligne de bus n.70<\/strong> direction \u00ab\u00a0Clodio\u00a0\u00bb, descendez au 15 arr\u00eats dans Via Marcantonio Colonna.<\/li>\n<\/ul>\n<p>&nbsp;<\/p>\n<p><span style=\"color: #3092c9;\"><strong>En avion<\/strong><\/span><\/p>\n<p>De l&rsquo;a\u00e9roport Leonardo Da Vinci, prendre le service non-stop FS \u00e0 la gare de Rome Termini et suivez les instructions indiqu\u00e9es ci-dessus<\/p>\n<p>&nbsp;<\/p>\n<p><span style=\"color: #3092c9;\"><strong>En voiture<\/strong><\/span>[\/vc_column_text][\/vc_column][\/vc_row][vc_row][vc_column][vc_tta_tabs][vc_tta_section title=\u00a0\u00bbEn venant de Florence\u00a0\u00bb tab_id=\u00a0\u00bb1480502627871-db8de498-794b\u00a0\u00bb][vc_column_text]<strong>Autoroute A1 en provenance de Florence<\/strong><\/p>\n<ul>\n<li>Continuez sur la A1 en direction sud<\/li>\n<li>A la jonction pour Roma Centro \/ GRA (GRA), tourner \u00e0 droite<\/li>\n<li>Sortir \u00e0 Roma Nord<\/li>\n<li>Passez par la route de lien vers le GRA<\/li>\n<li>Suivre les indications pour le centre-ville \/ Salaire \/ Flaminia \/ Cassia<\/li>\n<li>Sortir \u00e0 Castel Giubileo \/ Prima Porta \/ Flaminia<\/li>\n<li>Rester \u00e0 droite direction Prima Porta \/ Flaminia<\/li>\n<li>Rester \u00e0 gauche dans la direction de Flaminio \/ Corso Francia et prenez Via Flaminia Nuova<\/li>\n<li>Continuer tout droit dans la direction Foro Italico<\/li>\n<li>Continuez tout droit sur Corso Francia<\/li>\n<li>Prenez tout Corso Francia vers Parioli Centre<\/li>\n<li>D\u00e9passer sur le pont et continuer tout droit Flaminio<\/li>\n<li>A la fourche suivante, prendre \u00e0 droite et apr\u00e8s les feux de signalisation prendre Viale mar\u00e9chal Pilsudski<\/li>\n<li>Tournez \u00e0 droite sur Piazzale Manila<\/li>\n<li>Tourner \u00e0 gauche et prendre la Via Flaminia<\/li>\n<li>Continuez tout droit sur le maintien du droit<\/li>\n<li>Une fois \u00e0 Piazzale delle Belle Arti, tournez \u00e0 droite et apr\u00e8s les feux de circulation prenez le pont Risorgimento Piazza Monte Grappa<\/li>\n<li>Dans Piazza Monte Grappa prendre Via Giuseppe Mazzini<\/li>\n<li>Continuez tout droit jusqu&rsquo;au rond-point<\/li>\n<li>Au rond-point, prendre la 6e sortie, Via Giuseppe Ferrari<\/li>\n<li>A l&rsquo;intersection avec l&rsquo;avenue de la Milice continuer tout droit sur la Via Lepanto<\/li>\n<li>A l&rsquo;intersection avec Via Giulio Cesare continuer tout droit sur la Via Marcantonio Colonna<\/li>\n<\/ul>\n<p>[\/vc_column_text][vc_gmaps link=\u00a0\u00bb#E-8_JTNDaWZyYW1lJTIwc3JjJTNEJTIyaHR0cHMlM0ElMkYlMkZ3d3cuZ29vZ2xlLmNvbSUyRm1hcHMlMkZlbWJlZCUzRnBiJTNEJTIxMW0yNCUyMTFtOCUyMTFtMyUyMTFkNDc0NzcuMzY0MzMwOTI1NTMlMjEyZDEyLjQ4MjM1NzYlMjEzZDQxLjk1MDEzMzIlMjEzbTIlMjExaTEwMjQlMjEyaTc2OCUyMTRmMTMuMSUyMTRtMTMlMjEzZTAlMjE0bTUlMjExczB4MTMyYTU2YTY4MGQyZDZhZCUyNTNBMHg5M2Q1NzkxN2VmYzcyYTAzJTIxMnNGaXJlbnplJTIxM20yJTIxMWQ0My43Njk1NjAzOTk5OTk5OTYlMjEyZDExLjI1NTgxMzYlMjE0bTUlMjExczB4MTMyZjYwNThiYjQ3MzVhMyUyNTNBMHhlMGMzY2RkY2RkM2RhM2QzJTIxMnNWaWElMjUyME1hcmNhbnRvbmlvJTI1MjBDb2xvbm5hJTI1MkMlMjUyMDclMjUyQyUyNTIwMDAxOTIlMjUyMFJvbWElMjEzbTIlMjExZDQxLjkwODk5MDU5OTk5OTk5NiUyMTJkMTIuNDY3NzExOCUyMTVlMCUyMTNtMiUyMTFzZnIlMjEyc2l0JTIxNHYxNTc1NDc2ODkxNTU5JTIxNW0yJTIxMXNmciUyMTJzaXQlMjIlMjB3aWR0aCUzRCUyMjYwMCUyMiUyMGhlaWdodCUzRCUyMjQ1MCUyMiUyMGZyYW1lYm9yZGVyJTNEJTIyMCUyMiUyMHN0eWxlJTNEJTIyYm9yZGVyJTNBMCUzQiUyMiUyMGFsbG93ZnVsbHNjcmVlbiUzRCUyMiUyMiUzRSUzQyUyRmlmcmFtZSUzRQ==\u00a0\u00bb size=\u00a0\u00bb240&Prime;][\/vc_tta_section][vc_tta_section title=\u00a0\u00bbEn venant de L&rsquo;Aquila\u00a0\u00bb tab_id=\u00a0\u00bb1480502786273-44a9d02f-ee4f\u00a0\u00bb][vc_column_text]<strong>Autoroute A1 en provenance de L\u2019Aquila<\/strong><\/p>\n<ul>\n<li>Proc\u00e9der de la direction de la A24 Rome \/ L&rsquo;Aquila \/ Teramo<\/li>\n<li>Suivre les indications Roma Centro en gardant \u00e0 la droite<\/li>\n<li>Tournez \u00e0 droite vers le GRA (GRA)<\/li>\n<li>Aller directement vers GRA &#8211; Florence<\/li>\n<li>A la jonction tourner \u00e0 droite vers GRA \/ Civitavecchia et de suivre et de suivre les indications pour GRA-Florence \/ Flaminia<\/li>\n<li>Continuez tout droit en direction de Florence<\/li>\n<li>Lorsque vous atteignez la sortie 9-8 aller tout droit vers Salaria \/ Flaminia<\/li>\n<li>Continuer tout de suite direction Flaminia \/ Salaria \/ Roma Centro<\/li>\n<li>Passez par la sortie 8 et continuer tout droit<\/li>\n<li>Sortir \u00e0 Castel Giubileo \/ Prima Porta \/ Flaminia<\/li>\n<li>Rester \u00e0 droite direction Prima Porta \/ Flaminia<\/li>\n<li>Rester \u00e0 gauche dans la direction de Flaminio \/ Corso Francia et prenez Via Flaminia Nuova<\/li>\n<li>Continuer tout droit dans la direction Foro Italico<\/li>\n<li>Continuez tout droit sur Corso Francia<\/li>\n<li>Prenez tout Corso Francia vers Parioli Centre<\/li>\n<li>D\u00e9passer sur le pont et continuer tout droit Flaminio<\/li>\n<li>A la fourche suivante, prendre \u00e0 droite et apr\u00e8s les feux de signalisation prendre Viale mar\u00e9chal Pilsudski<\/li>\n<li>Tournez \u00e0 droite sur Piazzale Manila<\/li>\n<li>Tournez \u00e0 gauche et prenez la Via Flaminia<\/li>\n<li>Continuez tout droit sur le maintien du droit<\/li>\n<li>Une fois \u00e0 Piazzale delle Belle Arti, tournez \u00e0 droite et apr\u00e8s les feux de circulation prenez le pont Risorgimento Piazza Monte Grappa<\/li>\n<li>Dans Piazza Monte Grappa prendre Via Giuseppe Mazzini<\/li>\n<li>Continuez tout droit jusqu&rsquo;au rond-point<\/li>\n<li>Au rond-point, prendre la 6e sortie, Via Giuseppe Ferrari<\/li>\n<li>A l&rsquo;intersection avec l&rsquo;avenue de la Milice continuer tout droit sur la Via Lepanto<\/li>\n<li>A l&rsquo;intersection avec Via Giulio Cesare continuer tout droit sur la Via Marcantonio Colonna<\/li>\n<\/ul>\n<p>[\/vc_column_text][vc_gmaps link=\u00a0\u00bb#E-8_JTNDaWZyYW1lJTIwc3JjJTNEJTIyaHR0cHMlM0ElMkYlMkZ3d3cuZ29vZ2xlLmNvbSUyRm1hcHMlMkZlbWJlZCUzRnBiJTNEJTIxMW0yNCUyMTFtOCUyMTFtMyUyMTFkOTQ5NzcuOTczODU1MDIyNTQlMjEyZDEyLjU4MDcyMjYlMjEzZDQxLjkzNDUyNTklMjEzbTIlMjExaTEwMjQlMjEyaTc2OCUyMTRmMTMuMSUyMTRtMTMlMjEzZTAlMjE0bTUlMjExczB4MTMyZmI3YjdkY2NjYmU2ZCUyNTNBMHg0NjljOWE3MTIwMjNkZTFkJTIxMnNBMjQlMjUyQyUyNTIwNjcxMDAlMjUyMEwlMjYlMjMzOSUzQkFxdWlsYSUyMTNtMiUyMTFkNDEuOTEyMDU0MyUyMTJkMTIuNTg5Nzk3MSUyMTRtNSUyMTFzMHgxMzJmNjA1OGJiNDczNWEzJTI1M0EweGUwYzNjZGRjZGQzZGEzZDMlMjEyc1ZpYSUyNTIwTWFyY2FudG9uaW8lMjUyMENvbG9ubmElMjUyQyUyNTIwNyUyNTJDJTI1MjAwMDE5MiUyNTIwUm9tYSUyMTNtMiUyMTFkNDEuOTA4OTkwNTk5OTk5OTk2JTIxMmQxMi40Njc3MTE4JTIxNWUwJTIxM20yJTIxMXNmciUyMTJzaXQlMjE0djE1NzU0NzY5MDg4NzMlMjE1bTIlMjExc2ZyJTIxMnNpdCUyMiUyMHdpZHRoJTNEJTIyNjAwJTIyJTIwaGVpZ2h0JTNEJTIyNDUwJTIyJTIwZnJhbWVib3JkZXIlM0QlMjIwJTIyJTIwc3R5bGUlM0QlMjJib3JkZXIlM0EwJTNCJTIyJTIwYWxsb3dmdWxsc2NyZWVuJTNEJTIyJTIyJTNFJTNDJTJGaWZyYW1lJTNF\u00a0\u00bb size=\u00a0\u00bb240&Prime;][\/vc_tta_section][vc_tta_section title=\u00a0\u00bbEn venant de Naples\u00a0\u00bb tab_id=\u00a0\u00bb1480502627700-49cc1d64-b5e0&Prime;][vc_column_text]<strong>Autoroute A1 en provenance de Naples<\/strong><\/p>\n<ul>\n<li>Prendre l&rsquo;autoroute A1 \/ E45 en direction de Rome<\/li>\n<li>Prendre la sortie A24 en direction du centre de Rome \/ GRA (GRA)<\/li>\n<li>Prendre la sortie GRA et continuer tout droit<\/li>\n<li>Rester \u00e0 gauche et suivre la direction du centre-ville \/ Tor di Quinto \/ Rai \/ Saxa Rubra<\/li>\n<li>Sortir \u00e0 Castel Giubileo \/ Flaminia<\/li>\n<li>Rester \u00e0 droite et continuer sur la Via Flaminia Nuova<\/li>\n<li>Continuer tout droit dans la direction Foro Italico<\/li>\n<li>Continuez tout droit sur Corso Francia<\/li>\n<li>Prenez tout Corso Francia vers Parioli Centre<\/li>\n<li>D\u00e9passer sur le pont et continuer tout droit Flaminio<\/li>\n<li>A la fourche suivante, prendre \u00e0 droite et apr\u00e8s les feux de signalisation prendre Viale mar\u00e9chal Pilsudski<\/li>\n<li>Tournez \u00e0 droite sur Piazzale Manila<\/li>\n<li>Tourner \u00e0 gauche et prendre la Via Flaminia<\/li>\n<li>Continuez tout droit sur le maintien du droit<\/li>\n<li>Une fois \u00e0 Piazzale delle Belle Arti, tournez \u00e0 droite et apr\u00e8s les feux de circulation prenez le pont Risorgimento Piazza Monte Grappa<\/li>\n<li>Dans Piazza Monte Grappa prendre Via Giuseppe Mazzini<\/li>\n<li>Continuez tout droit jusqu&rsquo;au rond-point<\/li>\n<li>Au rond-point, prendre la 6e sortie, Via Giuseppe Ferrari<\/li>\n<li>A l&rsquo;intersection avec l&rsquo;avenue de la Milice continuer tout droit sur la Via Lepanto<\/li>\n<li>A l&rsquo;intersection avec Via Giulio Cesare continuer tout droit sur la Via Marcantonio Colonna<\/li>\n<li>Apr\u00e8s la 2e intersection avec Via Pompeo Magno nous trouverez sur la gauche au num\u00e9ro 7<\/li>\n<\/ul>\n<p>[\/vc_column_text][vc_gmaps link=\u00a0\u00bb#E-8_JTNDaWZyYW1lJTIwc3JjJTNEJTIyaHR0cHMlM0ElMkYlMkZ3d3cuZ29vZ2xlLmNvbSUyRm1hcHMlMkZlbWJlZCUzRnBiJTNEJTIxMW0yNCUyMTFtOCUyMTFtMyUyMTFkNDc0ODQuODIyOTUyOTE2MjYlMjEyZDEyLjQ0NDQyOSUyMTNkNDEuOTQwMTE4JTIxM20yJTIxMWkxMDI0JTIxMmk3NjglMjE0ZjEzLjElMjE0bTEzJTIxM2UwJTIxNG01JTIxMXMweDEzM2IwODY2ZGI3YWZhZWIlMjUzQTB4ZDIzYTQzY2M2NThjYjg3ZSUyMTJzTmFwb2xpJTI1MkMlMjUyME5BJTIxM20yJTIxMWQ0MC44NTE3NzQ2JTIxMmQxNC4yNjgxMjQ0JTIxNG01JTIxMXMweDEzMmY2MDU4YmI0NzM1YTMlMjUzQTB4ZTBjM2NkZGNkZDNkYTNkMyUyMTJzVmlhJTI1MjBNYXJjYW50b25pbyUyNTIwQ29sb25uYSUyNTJDJTI1MjA3JTI1MkMlMjUyMDAwMTkyJTI1MjBSb21hJTIxM20yJTIxMWQ0MS45MDg5OTA1OTk5OTk5OTYlMjEyZDEyLjQ2NzcxMTglMjE1ZTAlMjEzbTIlMjExc2ZyJTIxMnNpdCUyMTR2MTU3NTQ3NjkyNTcwMSUyMTVtMiUyMTFzZnIlMjEyc2l0JTIyJTIwd2lkdGglM0QlMjI2MDAlMjIlMjBoZWlnaHQlM0QlMjI0NTAlMjIlMjBmcmFtZWJvcmRlciUzRCUyMjAlMjIlMjBzdHlsZSUzRCUyMmJvcmRlciUzQTAlM0IlMjIlMjBhbGxvd2Z1bGxzY3JlZW4lM0QlMjIlMjIlM0UlM0MlMkZpZnJhbWUlM0U=\u00a0\u00bb size=\u00a0\u00bb240&Prime;][\/vc_tta_section][\/vc_tta_tabs][\/vc_column][\/vc_row][vc_row][vc_column][vc_column_text]<span style=\"color: #3092c9;\"><strong>Parkings<\/strong><\/span><\/p>\n<ul>\n<li><strong>G.au.to Parking Srl<\/strong>: Via dei Gracchi 140 \u2013 tel 06\/3216580 \u2013 distance 180 m\u00e8tres<\/li>\n<li><strong>Autorimessa Prati Srl:<\/strong> Via Ennio Quirino Visconti 82 \u2013 tel. 06\/3210750 \u2013 distance 250 m\u00e8tres<\/li>\n<li><strong>Parking Prati:<\/strong> Piazza dell\u2019Unit\u00e0 62 &#8211; tel. 063226974 \u2013 distance 650 m\u00e8tres<\/li>\n<li><strong>Alberico Parking:<\/strong> Via Alberico II 29 \u2013 tel. 06\/83516267 \u2013 distance 800 m\u00e8tres<\/li>\n<li><strong>Garage Vespasiano:<\/strong> Via Vespasiano 17C \u2013 tel. 392\/0366681 \u2013 distance 1 km<\/li>\n<\/ul>\n<p>[\/vc_column_text][\/vc_column][\/vc_row]<\/div>","protected":false},"excerpt":{"rendered":"<p>[vc_row][vc_column][vc_column_text][vc_row][vc_column width=\u00a0\u00bb1\/1&Prime;][vc_column_text] Du lundi, 9 Janvier, 2017 l&rsquo;ouverture de notre nouvelle Si\u00e8ge de ROME! &nbsp; In Via Marcantonio Colonna 7\u00a0(Piazza Cola di Rienzo) &nbsp; Tel. 06-3230260 \u2013 fax: 0522.1860231 Email: roma@dalpasso.it Tr\u00e8s proche de la Piazza del Popolo A 200 m\u00e8tres de \u00ab\u00a0Lepanto\u00a0\u00bb Metro &#8211; Ligne A (15 minutes de la gare Termini) Parkings dans [&hellip;]<\/p>\n","protected":false},"author":1,"featured_media":0,"parent":0,"menu_order":2,"comment_status":"closed","ping_status":"closed","template":"","meta":{"footnotes":""},"class_list":["post-14635","page","type-page","status-publish","hentry"],"yoast_head":"<!-- This site is optimized with the Yoast SEO plugin v27.1.1 - https:\/\/yoast.com\/product\/yoast-seo-wordpress\/ -->\n<title>ROMA | Dalpasso protesi oculari<\/title>\n<meta name=\"robots\" content=\"index, follow, max-snippet:-1, max-image-preview:large, max-video-preview:-1\" \/>\n<link rel=\"canonical\" href=\"https:\/\/www.dalpasso.it\/fr\/roma\/\" \/>\n<meta property=\"og:locale\" content=\"fr_FR\" \/>\n<meta property=\"og:type\" content=\"article\" \/>\n<meta property=\"og:title\" content=\"ROMA | Dalpasso protesi oculari\" \/>\n<meta property=\"og:description\" content=\"[vc_row][vc_column][vc_column_text][vc_row][vc_column width=\u00a0\u00bb1\/1&Prime;][vc_column_text] Du lundi, 9 Janvier, 2017 l&rsquo;ouverture de notre nouvelle Si\u00e8ge de ROME! &nbsp; In Via Marcantonio Colonna 7\u00a0(Piazza Cola di Rienzo) &nbsp; Tel. 06-3230260 \u2013 fax: 0522.1860231 Email: roma@dalpasso.it Tr\u00e8s proche de la Piazza del Popolo A 200 m\u00e8tres de \u00ab\u00a0Lepanto\u00a0\u00bb Metro &#8211; Ligne A (15 minutes de la gare Termini) Parkings dans [&hellip;]\" \/>\n<meta property=\"og:url\" content=\"https:\/\/www.dalpasso.it\/fr\/roma\/\" \/>\n<meta property=\"og:site_name\" content=\"Dalpasso protesi oculari\" \/>\n<meta property=\"article:modified_time\" content=\"2019-12-04T16:32:37+00:00\" \/>\n<meta property=\"og:image\" content=\"https:\/\/www.dalpasso.it\/wp-content\/uploads\/2016\/11\/mappa_roma_metro_small.jpg\" \/>\n\t<meta property=\"og:image:width\" content=\"280\" \/>\n\t<meta property=\"og:image:height\" content=\"191\" \/>\n\t<meta property=\"og:image:type\" content=\"image\/jpeg\" \/>\n<meta name=\"twitter:card\" content=\"summary_large_image\" \/>\n<meta name=\"twitter:label1\" content=\"Dur\u00e9e de lecture estim\u00e9e\" \/>\n\t<meta name=\"twitter:data1\" content=\"7 minutes\" \/>\n<script type=\"application\/ld+json\" class=\"yoast-schema-graph\">{\"@context\":\"https:\/\/schema.org\",\"@graph\":[{\"@type\":\"WebPage\",\"@id\":\"https:\/\/www.dalpasso.it\/fr\/roma\/\",\"url\":\"https:\/\/www.dalpasso.it\/fr\/roma\/\",\"name\":\"ROMA | Dalpasso protesi oculari\",\"isPartOf\":{\"@id\":\"https:\/\/www.dalpasso.it\/fr\/#website\"},\"primaryImageOfPage\":{\"@id\":\"https:\/\/www.dalpasso.it\/fr\/roma\/#primaryimage\"},\"image\":{\"@id\":\"https:\/\/www.dalpasso.it\/fr\/roma\/#primaryimage\"},\"thumbnailUrl\":\"https:\/\/www.dalpasso.it\/wp-content\/uploads\/2016\/11\/mappa_roma_metro_small.jpg\",\"datePublished\":\"2016-11-30T10:00:46+00:00\",\"dateModified\":\"2019-12-04T16:32:37+00:00\",\"breadcrumb\":{\"@id\":\"https:\/\/www.dalpasso.it\/fr\/roma\/#breadcrumb\"},\"inLanguage\":\"fr-FR\",\"potentialAction\":[{\"@type\":\"ReadAction\",\"target\":[\"https:\/\/www.dalpasso.it\/fr\/roma\/\"]}]},{\"@type\":\"ImageObject\",\"inLanguage\":\"fr-FR\",\"@id\":\"https:\/\/www.dalpasso.it\/fr\/roma\/#primaryimage\",\"url\":\"https:\/\/www.dalpasso.it\/wp-content\/uploads\/2016\/11\/mappa_roma_metro_small.jpg\",\"contentUrl\":\"https:\/\/www.dalpasso.it\/wp-content\/uploads\/2016\/11\/mappa_roma_metro_small.jpg\"},{\"@type\":\"BreadcrumbList\",\"@id\":\"https:\/\/www.dalpasso.it\/fr\/roma\/#breadcrumb\",\"itemListElement\":[{\"@type\":\"ListItem\",\"position\":1,\"name\":\"Home\",\"item\":\"https:\/\/www.dalpasso.it\/fr\/standard-business\/\"},{\"@type\":\"ListItem\",\"position\":2,\"name\":\"ROMA\"}]},{\"@type\":\"WebSite\",\"@id\":\"https:\/\/www.dalpasso.it\/fr\/#website\",\"url\":\"https:\/\/www.dalpasso.it\/fr\/\",\"name\":\"DALPASSO Protesi Oculari\",\"description\":\"\",\"potentialAction\":[{\"@type\":\"SearchAction\",\"target\":{\"@type\":\"EntryPoint\",\"urlTemplate\":\"https:\/\/www.dalpasso.it\/fr\/?s={search_term_string}\"},\"query-input\":{\"@type\":\"PropertyValueSpecification\",\"valueRequired\":true,\"valueName\":\"search_term_string\"}}],\"inLanguage\":\"fr-FR\"}]}<\/script>\n<!-- \/ Yoast SEO plugin. -->","yoast_head_json":{"title":"ROMA | Dalpasso protesi oculari","robots":{"index":"index","follow":"follow","max-snippet":"max-snippet:-1","max-image-preview":"max-image-preview:large","max-video-preview":"max-video-preview:-1"},"canonical":"https:\/\/www.dalpasso.it\/fr\/roma\/","og_locale":"fr_FR","og_type":"article","og_title":"ROMA | Dalpasso protesi oculari","og_description":"[vc_row][vc_column][vc_column_text][vc_row][vc_column width=\u00a0\u00bb1\/1&Prime;][vc_column_text] Du lundi, 9 Janvier, 2017 l&rsquo;ouverture de notre nouvelle Si\u00e8ge de ROME! &nbsp; In Via Marcantonio Colonna 7\u00a0(Piazza Cola di Rienzo) &nbsp; Tel. 06-3230260 \u2013 fax: 0522.1860231 Email: roma@dalpasso.it Tr\u00e8s proche de la Piazza del Popolo A 200 m\u00e8tres de \u00ab\u00a0Lepanto\u00a0\u00bb Metro &#8211; Ligne A (15 minutes de la gare Termini) Parkings dans [&hellip;]","og_url":"https:\/\/www.dalpasso.it\/fr\/roma\/","og_site_name":"Dalpasso protesi oculari","article_modified_time":"2019-12-04T16:32:37+00:00","og_image":[{"width":280,"height":191,"url":"https:\/\/www.dalpasso.it\/wp-content\/uploads\/2016\/11\/mappa_roma_metro_small.jpg","type":"image\/jpeg"}],"twitter_card":"summary_large_image","twitter_misc":{"Dur\u00e9e de lecture estim\u00e9e":"7 minutes"},"schema":{"@context":"https:\/\/schema.org","@graph":[{"@type":"WebPage","@id":"https:\/\/www.dalpasso.it\/fr\/roma\/","url":"https:\/\/www.dalpasso.it\/fr\/roma\/","name":"ROMA | Dalpasso protesi oculari","isPartOf":{"@id":"https:\/\/www.dalpasso.it\/fr\/#website"},"primaryImageOfPage":{"@id":"https:\/\/www.dalpasso.it\/fr\/roma\/#primaryimage"},"image":{"@id":"https:\/\/www.dalpasso.it\/fr\/roma\/#primaryimage"},"thumbnailUrl":"https:\/\/www.dalpasso.it\/wp-content\/uploads\/2016\/11\/mappa_roma_metro_small.jpg","datePublished":"2016-11-30T10:00:46+00:00","dateModified":"2019-12-04T16:32:37+00:00","breadcrumb":{"@id":"https:\/\/www.dalpasso.it\/fr\/roma\/#breadcrumb"},"inLanguage":"fr-FR","potentialAction":[{"@type":"ReadAction","target":["https:\/\/www.dalpasso.it\/fr\/roma\/"]}]},{"@type":"ImageObject","inLanguage":"fr-FR","@id":"https:\/\/www.dalpasso.it\/fr\/roma\/#primaryimage","url":"https:\/\/www.dalpasso.it\/wp-content\/uploads\/2016\/11\/mappa_roma_metro_small.jpg","contentUrl":"https:\/\/www.dalpasso.it\/wp-content\/uploads\/2016\/11\/mappa_roma_metro_small.jpg"},{"@type":"BreadcrumbList","@id":"https:\/\/www.dalpasso.it\/fr\/roma\/#breadcrumb","itemListElement":[{"@type":"ListItem","position":1,"name":"Home","item":"https:\/\/www.dalpasso.it\/fr\/standard-business\/"},{"@type":"ListItem","position":2,"name":"ROMA"}]},{"@type":"WebSite","@id":"https:\/\/www.dalpasso.it\/fr\/#website","url":"https:\/\/www.dalpasso.it\/fr\/","name":"DALPASSO Protesi Oculari","description":"","potentialAction":[{"@type":"SearchAction","target":{"@type":"EntryPoint","urlTemplate":"https:\/\/www.dalpasso.it\/fr\/?s={search_term_string}"},"query-input":{"@type":"PropertyValueSpecification","valueRequired":true,"valueName":"search_term_string"}}],"inLanguage":"fr-FR"}]}},"_links":{"self":[{"href":"https:\/\/www.dalpasso.it\/fr\/wp-json\/wp\/v2\/pages\/14635","targetHints":{"allow":["GET"]}}],"collection":[{"href":"https:\/\/www.dalpasso.it\/fr\/wp-json\/wp\/v2\/pages"}],"about":[{"href":"https:\/\/www.dalpasso.it\/fr\/wp-json\/wp\/v2\/types\/page"}],"author":[{"embeddable":true,"href":"https:\/\/www.dalpasso.it\/fr\/wp-json\/wp\/v2\/users\/1"}],"replies":[{"embeddable":true,"href":"https:\/\/www.dalpasso.it\/fr\/wp-json\/wp\/v2\/comments?post=14635"}],"version-history":[{"count":11,"href":"https:\/\/www.dalpasso.it\/fr\/wp-json\/wp\/v2\/pages\/14635\/revisions"}],"predecessor-version":[{"id":18728,"href":"https:\/\/www.dalpasso.it\/fr\/wp-json\/wp\/v2\/pages\/14635\/revisions\/18728"}],"wp:attachment":[{"href":"https:\/\/www.dalpasso.it\/fr\/wp-json\/wp\/v2\/media?parent=14635"}],"curies":[{"name":"wp","href":"https:\/\/api.w.org\/{rel}","templated":true}]}}