{"id":11102,"date":"2015-10-23T11:42:41","date_gmt":"2015-10-23T09:42:41","guid":{"rendered":"http:\/\/www.dalpasso.it\/fr\/info\/ce-quil-faut-savoir-sur-lapplication-prothetique\/manutenzione-della-protesi\/"},"modified":"2018-05-28T17:13:14","modified_gmt":"2018-05-28T15:13:14","slug":"entretien-de-la-prothese","status":"publish","type":"page","link":"https:\/\/www.dalpasso.it\/fr\/info\/ce-quil-faut-savoir-sur-lapplication-prothetique\/entretien-de-la-prothese\/","title":{"rendered":"ENTRETIEN DE LA PROTH\u00c8SE"},"content":{"rendered":"<div class=\"wpb-content-wrapper\">[vc_row full_width=\u00a0\u00bb\u00a0\u00bb parallax=\u00a0\u00bb\u00a0\u00bb parallax_image=\u00a0\u00bb\u00a0\u00bb][vc_column width=\u00a0\u00bb2\/3&Prime;][vc_column_text]<a href=\"https:\/\/www.dalpasso.it\/wp-content\/uploads\/2015\/05\/togliere-pulire.jpg\" class=\"thickbox no_icon\"><img loading=\"lazy\" decoding=\"async\" class=\"alignnone wp-image-9019 \" src=\"https:\/\/www.dalpasso.it\/wp-content\/uploads\/2015\/05\/togliere-pulire-300x147.jpg\" alt=\"\" width=\"292\" height=\"143\" srcset=\"https:\/\/www.dalpasso.it\/wp-content\/uploads\/2015\/05\/togliere-pulire-300x147.jpg 300w, https:\/\/www.dalpasso.it\/wp-content\/uploads\/2015\/05\/togliere-pulire-1024x503.jpg 1024w, https:\/\/www.dalpasso.it\/wp-content\/uploads\/2015\/05\/togliere-pulire.jpg 1680w\" sizes=\"auto, (max-width: 292px) 100vw, 292px\" \/><\/a><\/p>\n<p>&nbsp;<\/p>\n<p>Il est recommand\u00e9 de <strong>retirer la proth\u00e8se au moins une fois par semaine<\/strong> afin de proc\u00e9der \u00e0 un nettoyage minutieux de la cavit\u00e9, et \u00e0 chaque fois que le m\u00e9decin oculiste en fera la demande.<br \/>\nLa proth\u00e8se <strong>doit \u00eatre nettoy\u00e9e et d\u00e9sinfect\u00e9e tous les jours<\/strong> au moyen de produits sp\u00e9cifiques disponibles dans tous nos si\u00e8ges\u00a0: leur utilisation est indiqu\u00e9e dans l&rsquo;opuscule remis au patient par notre personnel avec la proth\u00e8se provisoire.<br \/>\nIl convient d<strong>e proc\u00e9der au nettoyage de la proth\u00e8se matin et soir<\/strong>, sans la retirer de la cavit\u00e9.<br \/>\nUn entretien impropre ou absent peut provoquer une irritation des tissus, une mauvaise tol\u00e9rance et un risque infectieux.<br \/>\nAfin d&rsquo;am\u00e9liorer le mouvement des paupi\u00e8res, il est possible d&rsquo;utiliser une <strong>solution lubrifiante<\/strong> sp\u00e9cifique pour proth\u00e8ses oculaires en gouttes ou en gel.<br \/>\nEn cas de pathologies de rhumes, la s\u00e9cr\u00e9tion augmente et la proth\u00e8se se salit davantage, il devient donc n\u00e9cessaire de la nettoyer <strong>plusieurs fois par jour.<\/strong><br \/>\nCollyres ou larmes artificielles peuvent \u00eatre directement instill\u00e9s sur la proth\u00e8se sans la retirer.[\/vc_column_text][\/vc_column][vc_column width=\u00a0\u00bb1\/3&Prime;][vc_column_text]<br \/>\n[\/vc_column_text][\/vc_column][\/vc_row]<\/div>","protected":false},"excerpt":{"rendered":"<p>[vc_row full_width=\u00a0\u00bb\u00a0\u00bb parallax=\u00a0\u00bb\u00a0\u00bb parallax_image=\u00a0\u00bb\u00a0\u00bb][vc_column width=\u00a0\u00bb2\/3&Prime;][vc_column_text] &nbsp; Il est recommand\u00e9 de retirer la proth\u00e8se au moins une fois par semaine afin de proc\u00e9der \u00e0 un nettoyage minutieux de la cavit\u00e9, et \u00e0 chaque fois que le m\u00e9decin oculiste en fera la demande. La proth\u00e8se doit \u00eatre nettoy\u00e9e et d\u00e9sinfect\u00e9e tous les jours au moyen de produits [&hellip;]<\/p>\n","protected":false},"author":1,"featured_media":15456,"parent":10655,"menu_order":28,"comment_status":"closed","ping_status":"closed","template":"","meta":{"footnotes":""},"class_list":["post-11102","page","type-page","status-publish","has-post-thumbnail","hentry"],"yoast_head":"<!-- This site is optimized with the Yoast SEO plugin v27.1.1 - https:\/\/yoast.com\/product\/yoast-seo-wordpress\/ -->\n<title>ENTRETIEN DE LA PROTH\u00c8SE | Dalpasso protesi oculari<\/title>\n<meta name=\"robots\" content=\"index, follow, max-snippet:-1, max-image-preview:large, max-video-preview:-1\" \/>\n<link rel=\"canonical\" href=\"https:\/\/www.dalpasso.it\/fr\/info\/ce-quil-faut-savoir-sur-lapplication-prothetique\/entretien-de-la-prothese\/\" \/>\n<meta property=\"og:locale\" content=\"fr_FR\" \/>\n<meta property=\"og:type\" content=\"article\" \/>\n<meta property=\"og:title\" content=\"ENTRETIEN DE LA PROTH\u00c8SE | Dalpasso protesi oculari\" \/>\n<meta property=\"og:description\" content=\"[vc_row full_width=\u00a0\u00bb\u00a0\u00bb parallax=\u00a0\u00bb\u00a0\u00bb parallax_image=\u00a0\u00bb\u00a0\u00bb][vc_column width=\u00a0\u00bb2\/3&Prime;][vc_column_text] &nbsp; Il est recommand\u00e9 de retirer la proth\u00e8se au moins une fois par semaine afin de proc\u00e9der \u00e0 un nettoyage minutieux de la cavit\u00e9, et \u00e0 chaque fois que le m\u00e9decin oculiste en fera la demande. La proth\u00e8se doit \u00eatre nettoy\u00e9e et d\u00e9sinfect\u00e9e tous les jours au moyen de produits [&hellip;]\" \/>\n<meta property=\"og:url\" content=\"https:\/\/www.dalpasso.it\/fr\/info\/ce-quil-faut-savoir-sur-lapplication-prothetique\/entretien-de-la-prothese\/\" \/>\n<meta property=\"og:site_name\" content=\"Dalpasso protesi oculari\" \/>\n<meta property=\"article:modified_time\" content=\"2018-05-28T15:13:14+00:00\" \/>\n<meta property=\"og:image\" content=\"https:\/\/www.dalpasso.it\/wp-content\/uploads\/2018\/05\/hp-manutenzione.jpg\" \/>\n\t<meta property=\"og:image:width\" content=\"500\" \/>\n\t<meta property=\"og:image:height\" content=\"380\" \/>\n\t<meta property=\"og:image:type\" content=\"image\/jpeg\" \/>\n<meta name=\"twitter:card\" content=\"summary_large_image\" \/>\n<meta name=\"twitter:label1\" content=\"Dur\u00e9e de lecture estim\u00e9e\" \/>\n\t<meta name=\"twitter:data1\" content=\"1 minute\" \/>\n<script type=\"application\/ld+json\" class=\"yoast-schema-graph\">{\"@context\":\"https:\/\/schema.org\",\"@graph\":[{\"@type\":\"WebPage\",\"@id\":\"https:\/\/www.dalpasso.it\/fr\/info\/ce-quil-faut-savoir-sur-lapplication-prothetique\/entretien-de-la-prothese\/\",\"url\":\"https:\/\/www.dalpasso.it\/fr\/info\/ce-quil-faut-savoir-sur-lapplication-prothetique\/entretien-de-la-prothese\/\",\"name\":\"ENTRETIEN DE LA PROTH\u00c8SE | Dalpasso protesi oculari\",\"isPartOf\":{\"@id\":\"https:\/\/www.dalpasso.it\/fr\/#website\"},\"primaryImageOfPage\":{\"@id\":\"https:\/\/www.dalpasso.it\/fr\/info\/ce-quil-faut-savoir-sur-lapplication-prothetique\/entretien-de-la-prothese\/#primaryimage\"},\"image\":{\"@id\":\"https:\/\/www.dalpasso.it\/fr\/info\/ce-quil-faut-savoir-sur-lapplication-prothetique\/entretien-de-la-prothese\/#primaryimage\"},\"thumbnailUrl\":\"https:\/\/www.dalpasso.it\/wp-content\/uploads\/2018\/05\/hp-manutenzione.jpg\",\"datePublished\":\"2015-10-23T09:42:41+00:00\",\"dateModified\":\"2018-05-28T15:13:14+00:00\",\"breadcrumb\":{\"@id\":\"https:\/\/www.dalpasso.it\/fr\/info\/ce-quil-faut-savoir-sur-lapplication-prothetique\/entretien-de-la-prothese\/#breadcrumb\"},\"inLanguage\":\"fr-FR\",\"potentialAction\":[{\"@type\":\"ReadAction\",\"target\":[\"https:\/\/www.dalpasso.it\/fr\/info\/ce-quil-faut-savoir-sur-lapplication-prothetique\/entretien-de-la-prothese\/\"]}]},{\"@type\":\"ImageObject\",\"inLanguage\":\"fr-FR\",\"@id\":\"https:\/\/www.dalpasso.it\/fr\/info\/ce-quil-faut-savoir-sur-lapplication-prothetique\/entretien-de-la-prothese\/#primaryimage\",\"url\":\"https:\/\/www.dalpasso.it\/wp-content\/uploads\/2018\/05\/hp-manutenzione.jpg\",\"contentUrl\":\"https:\/\/www.dalpasso.it\/wp-content\/uploads\/2018\/05\/hp-manutenzione.jpg\",\"width\":500,\"height\":380},{\"@type\":\"BreadcrumbList\",\"@id\":\"https:\/\/www.dalpasso.it\/fr\/info\/ce-quil-faut-savoir-sur-lapplication-prothetique\/entretien-de-la-prothese\/#breadcrumb\",\"itemListElement\":[{\"@type\":\"ListItem\",\"position\":1,\"name\":\"Home\",\"item\":\"https:\/\/www.dalpasso.it\/fr\/standard-business\/\"},{\"@type\":\"ListItem\",\"position\":2,\"name\":\"INFO\",\"item\":\"https:\/\/www.dalpasso.it\/fr\/info\/\"},{\"@type\":\"ListItem\",\"position\":3,\"name\":\"CE QU&#8217;IL FAUT SAVOIR SUR L&#8217;APPLICATION PROTH\u00c9TIQUE\",\"item\":\"https:\/\/www.dalpasso.it\/fr\/info\/ce-quil-faut-savoir-sur-lapplication-prothetique\/\"},{\"@type\":\"ListItem\",\"position\":4,\"name\":\"ENTRETIEN DE LA PROTH\u00c8SE\"}]},{\"@type\":\"WebSite\",\"@id\":\"https:\/\/www.dalpasso.it\/fr\/#website\",\"url\":\"https:\/\/www.dalpasso.it\/fr\/\",\"name\":\"DALPASSO Protesi Oculari\",\"description\":\"\",\"potentialAction\":[{\"@type\":\"SearchAction\",\"target\":{\"@type\":\"EntryPoint\",\"urlTemplate\":\"https:\/\/www.dalpasso.it\/fr\/?s={search_term_string}\"},\"query-input\":{\"@type\":\"PropertyValueSpecification\",\"valueRequired\":true,\"valueName\":\"search_term_string\"}}],\"inLanguage\":\"fr-FR\"}]}<\/script>\n<!-- \/ Yoast SEO plugin. -->","yoast_head_json":{"title":"ENTRETIEN DE LA PROTH\u00c8SE | Dalpasso protesi oculari","robots":{"index":"index","follow":"follow","max-snippet":"max-snippet:-1","max-image-preview":"max-image-preview:large","max-video-preview":"max-video-preview:-1"},"canonical":"https:\/\/www.dalpasso.it\/fr\/info\/ce-quil-faut-savoir-sur-lapplication-prothetique\/entretien-de-la-prothese\/","og_locale":"fr_FR","og_type":"article","og_title":"ENTRETIEN DE LA PROTH\u00c8SE | Dalpasso protesi oculari","og_description":"[vc_row full_width=\u00a0\u00bb\u00a0\u00bb parallax=\u00a0\u00bb\u00a0\u00bb parallax_image=\u00a0\u00bb\u00a0\u00bb][vc_column width=\u00a0\u00bb2\/3&Prime;][vc_column_text] &nbsp; Il est recommand\u00e9 de retirer la proth\u00e8se au moins une fois par semaine afin de proc\u00e9der \u00e0 un nettoyage minutieux de la cavit\u00e9, et \u00e0 chaque fois que le m\u00e9decin oculiste en fera la demande. La proth\u00e8se doit \u00eatre nettoy\u00e9e et d\u00e9sinfect\u00e9e tous les jours au moyen de produits [&hellip;]","og_url":"https:\/\/www.dalpasso.it\/fr\/info\/ce-quil-faut-savoir-sur-lapplication-prothetique\/entretien-de-la-prothese\/","og_site_name":"Dalpasso protesi oculari","article_modified_time":"2018-05-28T15:13:14+00:00","og_image":[{"width":500,"height":380,"url":"https:\/\/www.dalpasso.it\/wp-content\/uploads\/2018\/05\/hp-manutenzione.jpg","type":"image\/jpeg"}],"twitter_card":"summary_large_image","twitter_misc":{"Dur\u00e9e de lecture estim\u00e9e":"1 minute"},"schema":{"@context":"https:\/\/schema.org","@graph":[{"@type":"WebPage","@id":"https:\/\/www.dalpasso.it\/fr\/info\/ce-quil-faut-savoir-sur-lapplication-prothetique\/entretien-de-la-prothese\/","url":"https:\/\/www.dalpasso.it\/fr\/info\/ce-quil-faut-savoir-sur-lapplication-prothetique\/entretien-de-la-prothese\/","name":"ENTRETIEN DE LA PROTH\u00c8SE | Dalpasso protesi oculari","isPartOf":{"@id":"https:\/\/www.dalpasso.it\/fr\/#website"},"primaryImageOfPage":{"@id":"https:\/\/www.dalpasso.it\/fr\/info\/ce-quil-faut-savoir-sur-lapplication-prothetique\/entretien-de-la-prothese\/#primaryimage"},"image":{"@id":"https:\/\/www.dalpasso.it\/fr\/info\/ce-quil-faut-savoir-sur-lapplication-prothetique\/entretien-de-la-prothese\/#primaryimage"},"thumbnailUrl":"https:\/\/www.dalpasso.it\/wp-content\/uploads\/2018\/05\/hp-manutenzione.jpg","datePublished":"2015-10-23T09:42:41+00:00","dateModified":"2018-05-28T15:13:14+00:00","breadcrumb":{"@id":"https:\/\/www.dalpasso.it\/fr\/info\/ce-quil-faut-savoir-sur-lapplication-prothetique\/entretien-de-la-prothese\/#breadcrumb"},"inLanguage":"fr-FR","potentialAction":[{"@type":"ReadAction","target":["https:\/\/www.dalpasso.it\/fr\/info\/ce-quil-faut-savoir-sur-lapplication-prothetique\/entretien-de-la-prothese\/"]}]},{"@type":"ImageObject","inLanguage":"fr-FR","@id":"https:\/\/www.dalpasso.it\/fr\/info\/ce-quil-faut-savoir-sur-lapplication-prothetique\/entretien-de-la-prothese\/#primaryimage","url":"https:\/\/www.dalpasso.it\/wp-content\/uploads\/2018\/05\/hp-manutenzione.jpg","contentUrl":"https:\/\/www.dalpasso.it\/wp-content\/uploads\/2018\/05\/hp-manutenzione.jpg","width":500,"height":380},{"@type":"BreadcrumbList","@id":"https:\/\/www.dalpasso.it\/fr\/info\/ce-quil-faut-savoir-sur-lapplication-prothetique\/entretien-de-la-prothese\/#breadcrumb","itemListElement":[{"@type":"ListItem","position":1,"name":"Home","item":"https:\/\/www.dalpasso.it\/fr\/standard-business\/"},{"@type":"ListItem","position":2,"name":"INFO","item":"https:\/\/www.dalpasso.it\/fr\/info\/"},{"@type":"ListItem","position":3,"name":"CE QU&#8217;IL FAUT SAVOIR SUR L&#8217;APPLICATION PROTH\u00c9TIQUE","item":"https:\/\/www.dalpasso.it\/fr\/info\/ce-quil-faut-savoir-sur-lapplication-prothetique\/"},{"@type":"ListItem","position":4,"name":"ENTRETIEN DE LA PROTH\u00c8SE"}]},{"@type":"WebSite","@id":"https:\/\/www.dalpasso.it\/fr\/#website","url":"https:\/\/www.dalpasso.it\/fr\/","name":"DALPASSO Protesi Oculari","description":"","potentialAction":[{"@type":"SearchAction","target":{"@type":"EntryPoint","urlTemplate":"https:\/\/www.dalpasso.it\/fr\/?s={search_term_string}"},"query-input":{"@type":"PropertyValueSpecification","valueRequired":true,"valueName":"search_term_string"}}],"inLanguage":"fr-FR"}]}},"_links":{"self":[{"href":"https:\/\/www.dalpasso.it\/fr\/wp-json\/wp\/v2\/pages\/11102","targetHints":{"allow":["GET"]}}],"collection":[{"href":"https:\/\/www.dalpasso.it\/fr\/wp-json\/wp\/v2\/pages"}],"about":[{"href":"https:\/\/www.dalpasso.it\/fr\/wp-json\/wp\/v2\/types\/page"}],"author":[{"embeddable":true,"href":"https:\/\/www.dalpasso.it\/fr\/wp-json\/wp\/v2\/users\/1"}],"replies":[{"embeddable":true,"href":"https:\/\/www.dalpasso.it\/fr\/wp-json\/wp\/v2\/comments?post=11102"}],"version-history":[{"count":3,"href":"https:\/\/www.dalpasso.it\/fr\/wp-json\/wp\/v2\/pages\/11102\/revisions"}],"predecessor-version":[{"id":11147,"href":"https:\/\/www.dalpasso.it\/fr\/wp-json\/wp\/v2\/pages\/11102\/revisions\/11147"}],"up":[{"embeddable":true,"href":"https:\/\/www.dalpasso.it\/fr\/wp-json\/wp\/v2\/pages\/10655"}],"wp:featuredmedia":[{"embeddable":true,"href":"https:\/\/www.dalpasso.it\/fr\/wp-json\/wp\/v2\/media\/15456"}],"wp:attachment":[{"href":"https:\/\/www.dalpasso.it\/fr\/wp-json\/wp\/v2\/media?parent=11102"}],"curies":[{"name":"wp","href":"https:\/\/api.w.org\/{rel}","templated":true}]}}