{"id":11098,"date":"2015-10-23T11:58:17","date_gmt":"2015-10-23T09:58:17","guid":{"rendered":"http:\/\/www.dalpasso.it\/fr\/info\/ce-quil-faut-savoir-sur-lapplication-prothetique\/uso-quotidiano-della-protesi-e-limitazioni\/"},"modified":"2018-05-29T09:50:49","modified_gmt":"2018-05-29T07:50:49","slug":"utilisation-quotidienne-de-la-prothese-et-limites","status":"publish","type":"page","link":"https:\/\/www.dalpasso.it\/fr\/info\/ce-quil-faut-savoir-sur-lapplication-prothetique\/utilisation-quotidienne-de-la-prothese-et-limites\/","title":{"rendered":"UTILISATION QUOTIDIENNE DE LA PROTH\u00c8SE ET LIMITES"},"content":{"rendered":"<div class=\"wpb-content-wrapper\">[vc_row full_width=\u00a0\u00bb\u00a0\u00bb parallax=\u00a0\u00bb\u00a0\u00bb parallax_image=\u00a0\u00bb\u00a0\u00bb][vc_column width=\u00a0\u00bb2\/3&Prime;][vc_column_text]<\/p>\n<p style=\"text-align: justify;\"><a href=\"https:\/\/www.dalpasso.it\/wp-content\/uploads\/2015\/10\/Vita-quotidiana.jpg\" class=\"thickbox no_icon\"><img loading=\"lazy\" decoding=\"async\" class=\"alignnone wp-image-10199 size-medium\" src=\"https:\/\/www.dalpasso.it\/wp-content\/uploads\/2015\/10\/Vita-quotidiana-300x225.jpg\" alt=\"Vita quotidiana\" width=\"300\" height=\"225\" srcset=\"https:\/\/www.dalpasso.it\/wp-content\/uploads\/2015\/10\/Vita-quotidiana-300x225.jpg 300w, https:\/\/www.dalpasso.it\/wp-content\/uploads\/2015\/10\/Vita-quotidiana.jpg 517w\" sizes=\"auto, (max-width: 300px) 100vw, 300px\" \/><\/a><\/p>\n<p>&nbsp;<\/p>\n<p style=\"text-align: justify;\">La proth\u00e8se reste appliqu\u00e9e toute la journ\u00e9e, m\u00eame pendant le sommeil (\u00e0 l&rsquo;exclusion de la proth\u00e8se \u00e0 coque sur bulbe atrophi\u00e9 qui doit \u00eatre retir\u00e9e de nuit) et peut \u00eatre utilis\u00e9e sans limites dans la vie quotidienne. Elle permet de conduire, se maquiller, pratiquer des activit\u00e9s sportives et sous-marines.<\/p>\n<p><!--more--><\/p>\n<p>&nbsp;<\/p>\n<p>Elle implique cependant<strong> certaines limites<\/strong> et inconv\u00e9nients\u00a0:<br \/>\nPerte de la \u00ab\u00a0<strong>profondeur de champ<\/strong> \u00bb\u00a0: durant les premiers jours de vision monoculaire, vous ressentirez une difficult\u00e9 importante \u00e0 \u00e9valuer la bonne position des objets pos\u00e9s devant vous en raison de l&rsquo;absence de vision st\u00e9r\u00e9oscopique (ne pas r\u00e9ussir \u00e0 saisir du premier coup un verre pos\u00e9 sur une table en est un exemple classique).<br \/>\nCe ph\u00e9nom\u00e8ne dure de quelques jours \u00e0 plusieurs semaines et tend \u00e0 dispara\u00eetre tout seul au fur et \u00e0 mesure que les informations atteignent le cerveau et sont r\u00e9\u00e9labor\u00e9es.<br \/>\n<strong>R\u00e9duction du champ visuel\u00a0:<\/strong> l&rsquo;absence d&rsquo;un \u0153il oblige \u00e0 effectuer des mouvements de la t\u00eate en direction de la zone aveugle pour compenser la perte de perception de la distance et de champ visuel (le fait de regarder dans les r\u00e9troviseurs lat\u00e9raux en conduisant une voiture en est un exemple classique).<br \/>\n<strong>S\u00e9cheresse oculaire\u00a0:<\/strong> Dans certain cas, l&rsquo;intervention d&rsquo;\u00e9nucl\u00e9ation entra\u00eene un appauvrissement lacrymal et alt\u00e8re en cons\u00e9quence la lubrification de la cavit\u00e9 et de la proth\u00e8se\u00a0: dans les cas les plus l\u00e9gers, il est possible de compenser au moyen de larmes artificielles en gouttes, gel ou collyres \u00e9quivalents, mais si le dysfonctionnement tend \u00e0 devenir chronique, proc\u00e9der \u00e0 une consultation oculiste plus approfondie.<br \/>\n<strong>S\u00e9cr\u00e9tion abondante\u00a0:<\/strong> M\u00eame en pr\u00e9sence de la proth\u00e8se, la cavit\u00e9 oculaire peut produire des s\u00e9cr\u00e9tions, souvent de fa\u00e7on abondante\u00a0: il suffit de la retirer comme indiquer dans le lien suivant.<br \/>\nSi, apr\u00e8s avoir \u00e9limin\u00e9 la s\u00e9cr\u00e9tion et nettoy\u00e9 la proth\u00e8se, la cavit\u00e9 continue de produire des s\u00e9cr\u00e9tions, <strong>il est conseill\u00e9 d&rsquo;effectuer une consultation oculaire plus approfondie.<\/strong>[\/vc_column_text][\/vc_column][vc_column width=\u00a0\u00bb1\/3&Prime;][vc_column_text]<br \/>\n[\/vc_column_text][\/vc_column][\/vc_row]<\/div>","protected":false},"excerpt":{"rendered":"<p>[vc_row full_width=\u00a0\u00bb\u00a0\u00bb parallax=\u00a0\u00bb\u00a0\u00bb parallax_image=\u00a0\u00bb\u00a0\u00bb][vc_column width=\u00a0\u00bb2\/3&Prime;][vc_column_text] &nbsp; La proth\u00e8se reste appliqu\u00e9e toute la journ\u00e9e, m\u00eame pendant le sommeil (\u00e0 l&rsquo;exclusion de la proth\u00e8se \u00e0 coque sur bulbe atrophi\u00e9 qui doit \u00eatre retir\u00e9e de nuit) et peut \u00eatre utilis\u00e9e sans limites dans la vie quotidienne. Elle permet de conduire, se maquiller, pratiquer des activit\u00e9s sportives et sous-marines.<\/p>\n","protected":false},"author":1,"featured_media":15505,"parent":10655,"menu_order":34,"comment_status":"closed","ping_status":"closed","template":"","meta":{"footnotes":""},"class_list":["post-11098","page","type-page","status-publish","has-post-thumbnail","hentry"],"yoast_head":"<!-- This site is optimized with the Yoast SEO plugin v27.1.1 - https:\/\/yoast.com\/product\/yoast-seo-wordpress\/ -->\n<title>UTILISATION QUOTIDIENNE DE LA PROTH\u00c8SE ET LIMITES | Dalpasso protesi oculari<\/title>\n<meta name=\"robots\" content=\"index, follow, max-snippet:-1, max-image-preview:large, max-video-preview:-1\" \/>\n<link rel=\"canonical\" href=\"https:\/\/www.dalpasso.it\/fr\/info\/ce-quil-faut-savoir-sur-lapplication-prothetique\/utilisation-quotidienne-de-la-prothese-et-limites\/\" \/>\n<meta property=\"og:locale\" content=\"fr_FR\" \/>\n<meta property=\"og:type\" content=\"article\" \/>\n<meta property=\"og:title\" content=\"UTILISATION QUOTIDIENNE DE LA PROTH\u00c8SE ET LIMITES | Dalpasso protesi oculari\" \/>\n<meta property=\"og:description\" content=\"[vc_row full_width=\u00a0\u00bb\u00a0\u00bb parallax=\u00a0\u00bb\u00a0\u00bb parallax_image=\u00a0\u00bb\u00a0\u00bb][vc_column width=\u00a0\u00bb2\/3&Prime;][vc_column_text] &nbsp; La proth\u00e8se reste appliqu\u00e9e toute la journ\u00e9e, m\u00eame pendant le sommeil (\u00e0 l&rsquo;exclusion de la proth\u00e8se \u00e0 coque sur bulbe atrophi\u00e9 qui doit \u00eatre retir\u00e9e de nuit) et peut \u00eatre utilis\u00e9e sans limites dans la vie quotidienne. Elle permet de conduire, se maquiller, pratiquer des activit\u00e9s sportives et sous-marines.\" \/>\n<meta property=\"og:url\" content=\"https:\/\/www.dalpasso.it\/fr\/info\/ce-quil-faut-savoir-sur-lapplication-prothetique\/utilisation-quotidienne-de-la-prothese-et-limites\/\" \/>\n<meta property=\"og:site_name\" content=\"Dalpasso protesi oculari\" \/>\n<meta property=\"article:modified_time\" content=\"2018-05-29T07:50:49+00:00\" \/>\n<meta property=\"og:image\" content=\"https:\/\/www.dalpasso.it\/wp-content\/uploads\/2018\/05\/hp-vita.quotidiana.jpg\" \/>\n\t<meta property=\"og:image:width\" content=\"500\" \/>\n\t<meta property=\"og:image:height\" content=\"380\" \/>\n\t<meta property=\"og:image:type\" content=\"image\/jpeg\" \/>\n<meta name=\"twitter:card\" content=\"summary_large_image\" \/>\n<meta name=\"twitter:label1\" content=\"Dur\u00e9e de lecture estim\u00e9e\" \/>\n\t<meta name=\"twitter:data1\" content=\"2 minutes\" \/>\n<script type=\"application\/ld+json\" class=\"yoast-schema-graph\">{\"@context\":\"https:\/\/schema.org\",\"@graph\":[{\"@type\":\"WebPage\",\"@id\":\"https:\/\/www.dalpasso.it\/fr\/info\/ce-quil-faut-savoir-sur-lapplication-prothetique\/utilisation-quotidienne-de-la-prothese-et-limites\/\",\"url\":\"https:\/\/www.dalpasso.it\/fr\/info\/ce-quil-faut-savoir-sur-lapplication-prothetique\/utilisation-quotidienne-de-la-prothese-et-limites\/\",\"name\":\"UTILISATION QUOTIDIENNE DE LA PROTH\u00c8SE ET LIMITES | Dalpasso protesi oculari\",\"isPartOf\":{\"@id\":\"https:\/\/www.dalpasso.it\/fr\/#website\"},\"primaryImageOfPage\":{\"@id\":\"https:\/\/www.dalpasso.it\/fr\/info\/ce-quil-faut-savoir-sur-lapplication-prothetique\/utilisation-quotidienne-de-la-prothese-et-limites\/#primaryimage\"},\"image\":{\"@id\":\"https:\/\/www.dalpasso.it\/fr\/info\/ce-quil-faut-savoir-sur-lapplication-prothetique\/utilisation-quotidienne-de-la-prothese-et-limites\/#primaryimage\"},\"thumbnailUrl\":\"https:\/\/www.dalpasso.it\/wp-content\/uploads\/2018\/05\/hp-vita.quotidiana.jpg\",\"datePublished\":\"2015-10-23T09:58:17+00:00\",\"dateModified\":\"2018-05-29T07:50:49+00:00\",\"breadcrumb\":{\"@id\":\"https:\/\/www.dalpasso.it\/fr\/info\/ce-quil-faut-savoir-sur-lapplication-prothetique\/utilisation-quotidienne-de-la-prothese-et-limites\/#breadcrumb\"},\"inLanguage\":\"fr-FR\",\"potentialAction\":[{\"@type\":\"ReadAction\",\"target\":[\"https:\/\/www.dalpasso.it\/fr\/info\/ce-quil-faut-savoir-sur-lapplication-prothetique\/utilisation-quotidienne-de-la-prothese-et-limites\/\"]}]},{\"@type\":\"ImageObject\",\"inLanguage\":\"fr-FR\",\"@id\":\"https:\/\/www.dalpasso.it\/fr\/info\/ce-quil-faut-savoir-sur-lapplication-prothetique\/utilisation-quotidienne-de-la-prothese-et-limites\/#primaryimage\",\"url\":\"https:\/\/www.dalpasso.it\/wp-content\/uploads\/2018\/05\/hp-vita.quotidiana.jpg\",\"contentUrl\":\"https:\/\/www.dalpasso.it\/wp-content\/uploads\/2018\/05\/hp-vita.quotidiana.jpg\",\"width\":500,\"height\":380},{\"@type\":\"BreadcrumbList\",\"@id\":\"https:\/\/www.dalpasso.it\/fr\/info\/ce-quil-faut-savoir-sur-lapplication-prothetique\/utilisation-quotidienne-de-la-prothese-et-limites\/#breadcrumb\",\"itemListElement\":[{\"@type\":\"ListItem\",\"position\":1,\"name\":\"Home\",\"item\":\"https:\/\/www.dalpasso.it\/fr\/standard-business\/\"},{\"@type\":\"ListItem\",\"position\":2,\"name\":\"INFO\",\"item\":\"https:\/\/www.dalpasso.it\/fr\/info\/\"},{\"@type\":\"ListItem\",\"position\":3,\"name\":\"CE QU&#8217;IL FAUT SAVOIR SUR L&#8217;APPLICATION PROTH\u00c9TIQUE\",\"item\":\"https:\/\/www.dalpasso.it\/fr\/info\/ce-quil-faut-savoir-sur-lapplication-prothetique\/\"},{\"@type\":\"ListItem\",\"position\":4,\"name\":\"UTILISATION QUOTIDIENNE DE LA PROTH\u00c8SE ET LIMITES\"}]},{\"@type\":\"WebSite\",\"@id\":\"https:\/\/www.dalpasso.it\/fr\/#website\",\"url\":\"https:\/\/www.dalpasso.it\/fr\/\",\"name\":\"DALPASSO Protesi Oculari\",\"description\":\"\",\"potentialAction\":[{\"@type\":\"SearchAction\",\"target\":{\"@type\":\"EntryPoint\",\"urlTemplate\":\"https:\/\/www.dalpasso.it\/fr\/?s={search_term_string}\"},\"query-input\":{\"@type\":\"PropertyValueSpecification\",\"valueRequired\":true,\"valueName\":\"search_term_string\"}}],\"inLanguage\":\"fr-FR\"}]}<\/script>\n<!-- \/ Yoast SEO plugin. -->","yoast_head_json":{"title":"UTILISATION QUOTIDIENNE DE LA PROTH\u00c8SE ET LIMITES | Dalpasso protesi oculari","robots":{"index":"index","follow":"follow","max-snippet":"max-snippet:-1","max-image-preview":"max-image-preview:large","max-video-preview":"max-video-preview:-1"},"canonical":"https:\/\/www.dalpasso.it\/fr\/info\/ce-quil-faut-savoir-sur-lapplication-prothetique\/utilisation-quotidienne-de-la-prothese-et-limites\/","og_locale":"fr_FR","og_type":"article","og_title":"UTILISATION QUOTIDIENNE DE LA PROTH\u00c8SE ET LIMITES | Dalpasso protesi oculari","og_description":"[vc_row full_width=\u00a0\u00bb\u00a0\u00bb parallax=\u00a0\u00bb\u00a0\u00bb parallax_image=\u00a0\u00bb\u00a0\u00bb][vc_column width=\u00a0\u00bb2\/3&Prime;][vc_column_text] &nbsp; La proth\u00e8se reste appliqu\u00e9e toute la journ\u00e9e, m\u00eame pendant le sommeil (\u00e0 l&rsquo;exclusion de la proth\u00e8se \u00e0 coque sur bulbe atrophi\u00e9 qui doit \u00eatre retir\u00e9e de nuit) et peut \u00eatre utilis\u00e9e sans limites dans la vie quotidienne. Elle permet de conduire, se maquiller, pratiquer des activit\u00e9s sportives et sous-marines.","og_url":"https:\/\/www.dalpasso.it\/fr\/info\/ce-quil-faut-savoir-sur-lapplication-prothetique\/utilisation-quotidienne-de-la-prothese-et-limites\/","og_site_name":"Dalpasso protesi oculari","article_modified_time":"2018-05-29T07:50:49+00:00","og_image":[{"width":500,"height":380,"url":"https:\/\/www.dalpasso.it\/wp-content\/uploads\/2018\/05\/hp-vita.quotidiana.jpg","type":"image\/jpeg"}],"twitter_card":"summary_large_image","twitter_misc":{"Dur\u00e9e de lecture estim\u00e9e":"2 minutes"},"schema":{"@context":"https:\/\/schema.org","@graph":[{"@type":"WebPage","@id":"https:\/\/www.dalpasso.it\/fr\/info\/ce-quil-faut-savoir-sur-lapplication-prothetique\/utilisation-quotidienne-de-la-prothese-et-limites\/","url":"https:\/\/www.dalpasso.it\/fr\/info\/ce-quil-faut-savoir-sur-lapplication-prothetique\/utilisation-quotidienne-de-la-prothese-et-limites\/","name":"UTILISATION QUOTIDIENNE DE LA PROTH\u00c8SE ET LIMITES | Dalpasso protesi oculari","isPartOf":{"@id":"https:\/\/www.dalpasso.it\/fr\/#website"},"primaryImageOfPage":{"@id":"https:\/\/www.dalpasso.it\/fr\/info\/ce-quil-faut-savoir-sur-lapplication-prothetique\/utilisation-quotidienne-de-la-prothese-et-limites\/#primaryimage"},"image":{"@id":"https:\/\/www.dalpasso.it\/fr\/info\/ce-quil-faut-savoir-sur-lapplication-prothetique\/utilisation-quotidienne-de-la-prothese-et-limites\/#primaryimage"},"thumbnailUrl":"https:\/\/www.dalpasso.it\/wp-content\/uploads\/2018\/05\/hp-vita.quotidiana.jpg","datePublished":"2015-10-23T09:58:17+00:00","dateModified":"2018-05-29T07:50:49+00:00","breadcrumb":{"@id":"https:\/\/www.dalpasso.it\/fr\/info\/ce-quil-faut-savoir-sur-lapplication-prothetique\/utilisation-quotidienne-de-la-prothese-et-limites\/#breadcrumb"},"inLanguage":"fr-FR","potentialAction":[{"@type":"ReadAction","target":["https:\/\/www.dalpasso.it\/fr\/info\/ce-quil-faut-savoir-sur-lapplication-prothetique\/utilisation-quotidienne-de-la-prothese-et-limites\/"]}]},{"@type":"ImageObject","inLanguage":"fr-FR","@id":"https:\/\/www.dalpasso.it\/fr\/info\/ce-quil-faut-savoir-sur-lapplication-prothetique\/utilisation-quotidienne-de-la-prothese-et-limites\/#primaryimage","url":"https:\/\/www.dalpasso.it\/wp-content\/uploads\/2018\/05\/hp-vita.quotidiana.jpg","contentUrl":"https:\/\/www.dalpasso.it\/wp-content\/uploads\/2018\/05\/hp-vita.quotidiana.jpg","width":500,"height":380},{"@type":"BreadcrumbList","@id":"https:\/\/www.dalpasso.it\/fr\/info\/ce-quil-faut-savoir-sur-lapplication-prothetique\/utilisation-quotidienne-de-la-prothese-et-limites\/#breadcrumb","itemListElement":[{"@type":"ListItem","position":1,"name":"Home","item":"https:\/\/www.dalpasso.it\/fr\/standard-business\/"},{"@type":"ListItem","position":2,"name":"INFO","item":"https:\/\/www.dalpasso.it\/fr\/info\/"},{"@type":"ListItem","position":3,"name":"CE QU&#8217;IL FAUT SAVOIR SUR L&#8217;APPLICATION PROTH\u00c9TIQUE","item":"https:\/\/www.dalpasso.it\/fr\/info\/ce-quil-faut-savoir-sur-lapplication-prothetique\/"},{"@type":"ListItem","position":4,"name":"UTILISATION QUOTIDIENNE DE LA PROTH\u00c8SE ET LIMITES"}]},{"@type":"WebSite","@id":"https:\/\/www.dalpasso.it\/fr\/#website","url":"https:\/\/www.dalpasso.it\/fr\/","name":"DALPASSO Protesi Oculari","description":"","potentialAction":[{"@type":"SearchAction","target":{"@type":"EntryPoint","urlTemplate":"https:\/\/www.dalpasso.it\/fr\/?s={search_term_string}"},"query-input":{"@type":"PropertyValueSpecification","valueRequired":true,"valueName":"search_term_string"}}],"inLanguage":"fr-FR"}]}},"_links":{"self":[{"href":"https:\/\/www.dalpasso.it\/fr\/wp-json\/wp\/v2\/pages\/11098","targetHints":{"allow":["GET"]}}],"collection":[{"href":"https:\/\/www.dalpasso.it\/fr\/wp-json\/wp\/v2\/pages"}],"about":[{"href":"https:\/\/www.dalpasso.it\/fr\/wp-json\/wp\/v2\/types\/page"}],"author":[{"embeddable":true,"href":"https:\/\/www.dalpasso.it\/fr\/wp-json\/wp\/v2\/users\/1"}],"replies":[{"embeddable":true,"href":"https:\/\/www.dalpasso.it\/fr\/wp-json\/wp\/v2\/comments?post=11098"}],"version-history":[{"count":3,"href":"https:\/\/www.dalpasso.it\/fr\/wp-json\/wp\/v2\/pages\/11098\/revisions"}],"predecessor-version":[{"id":11148,"href":"https:\/\/www.dalpasso.it\/fr\/wp-json\/wp\/v2\/pages\/11098\/revisions\/11148"}],"up":[{"embeddable":true,"href":"https:\/\/www.dalpasso.it\/fr\/wp-json\/wp\/v2\/pages\/10655"}],"wp:featuredmedia":[{"embeddable":true,"href":"https:\/\/www.dalpasso.it\/fr\/wp-json\/wp\/v2\/media\/15505"}],"wp:attachment":[{"href":"https:\/\/www.dalpasso.it\/fr\/wp-json\/wp\/v2\/media?parent=11098"}],"curies":[{"name":"wp","href":"https:\/\/api.w.org\/{rel}","templated":true}]}}