{"id":11095,"date":"2015-10-23T11:36:51","date_gmt":"2015-10-23T09:36:51","guid":{"rendered":"http:\/\/www.dalpasso.it\/fr\/info\/ce-quil-faut-savoir-sur-lapplication-prothetique\/materiale\/"},"modified":"2018-05-28T17:12:20","modified_gmt":"2018-05-28T15:12:20","slug":"materiel","status":"publish","type":"page","link":"https:\/\/www.dalpasso.it\/fr\/info\/ce-quil-faut-savoir-sur-lapplication-prothetique\/materiel\/","title":{"rendered":"MAT\u00c9RIEL"},"content":{"rendered":"<div class=\"wpb-content-wrapper\">[vc_row full_width=\u00a0\u00bb\u00a0\u00bb parallax=\u00a0\u00bb\u00a0\u00bb parallax_image=\u00a0\u00bb\u00a0\u00bb][vc_column width=\u00a0\u00bb2\/3&Prime;][vc_column_text]<a href=\"https:\/\/www.dalpasso.it\/wp-content\/uploads\/2015\/05\/IMG_0162.jpg\" class=\"thickbox no_icon\"><img loading=\"lazy\" decoding=\"async\" class=\"alignnone wp-image-8946 size-medium\" src=\"https:\/\/www.dalpasso.it\/wp-content\/uploads\/2015\/05\/IMG_0162-300x254.jpg\" alt=\"IMG_0162\" width=\"300\" height=\"254\" srcset=\"https:\/\/www.dalpasso.it\/wp-content\/uploads\/2015\/05\/IMG_0162-300x254.jpg 300w, https:\/\/www.dalpasso.it\/wp-content\/uploads\/2015\/05\/IMG_0162.jpg 768w\" sizes=\"auto, (max-width: 300px) 100vw, 300px\" \/><\/a><\/p>\n<p>&nbsp;<\/p>\n<p>Tout le mat\u00e9riel proth\u00e9tique fabriqu\u00e9 dans nos laboratoires est r\u00e9alis\u00e9 en r\u00e9sine acrylique (polym\u00e9thacrylate de m\u00e9thyle), un polym\u00e8re <strong>incassable<\/strong>, <strong>inerte<\/strong>, <strong>anallergique<\/strong> et enti\u00e8rement <strong>biocompatible<\/strong> avec les tissus humains.<br \/>\nLe m\u00e9thacrylate ne s&rsquo;ab\u00eeme pas au contact des s\u00e9cr\u00e9tions lacrymales, n&rsquo;est pas poreux ni corrosif et n&rsquo;absorbe aucune substance.<br \/>\nSur des dizaines de milliers de patients porteurs d&rsquo;une proth\u00e8se issue de nos centres, <strong>aucun cas de r\u00e9action allergique \u00e0 la r\u00e9sine acrylique n&rsquo;a \u00e9t\u00e9 relev\u00e9.<\/strong>[\/vc_column_text][\/vc_column][vc_column width=\u00a0\u00bb1\/3&Prime;][vc_column_text]<br \/>\n[\/vc_column_text][\/vc_column][\/vc_row]<\/div>","protected":false},"excerpt":{"rendered":"<p>[vc_row full_width=\u00a0\u00bb\u00a0\u00bb parallax=\u00a0\u00bb\u00a0\u00bb parallax_image=\u00a0\u00bb\u00a0\u00bb][vc_column width=\u00a0\u00bb2\/3&Prime;][vc_column_text] &nbsp; Tout le mat\u00e9riel proth\u00e9tique fabriqu\u00e9 dans nos laboratoires est r\u00e9alis\u00e9 en r\u00e9sine acrylique (polym\u00e9thacrylate de m\u00e9thyle), un polym\u00e8re incassable, inerte, anallergique et enti\u00e8rement biocompatible avec les tissus humains. Le m\u00e9thacrylate ne s&rsquo;ab\u00eeme pas au contact des s\u00e9cr\u00e9tions lacrymales, n&rsquo;est pas poreux ni corrosif et n&rsquo;absorbe aucune substance. Sur des [&hellip;]<\/p>\n","protected":false},"author":1,"featured_media":15455,"parent":10655,"menu_order":29,"comment_status":"closed","ping_status":"closed","template":"","meta":{"footnotes":""},"class_list":["post-11095","page","type-page","status-publish","has-post-thumbnail","hentry"],"yoast_head":"<!-- This site is optimized with the Yoast SEO plugin v27.1.1 - https:\/\/yoast.com\/product\/yoast-seo-wordpress\/ -->\n<title>MAT\u00c9RIEL | Dalpasso protesi oculari<\/title>\n<meta name=\"robots\" content=\"index, follow, max-snippet:-1, max-image-preview:large, max-video-preview:-1\" \/>\n<link rel=\"canonical\" href=\"https:\/\/www.dalpasso.it\/fr\/info\/ce-quil-faut-savoir-sur-lapplication-prothetique\/materiel\/\" \/>\n<meta property=\"og:locale\" content=\"fr_FR\" \/>\n<meta property=\"og:type\" content=\"article\" \/>\n<meta property=\"og:title\" content=\"MAT\u00c9RIEL | Dalpasso protesi oculari\" \/>\n<meta property=\"og:description\" content=\"[vc_row full_width=\u00a0\u00bb\u00a0\u00bb parallax=\u00a0\u00bb\u00a0\u00bb parallax_image=\u00a0\u00bb\u00a0\u00bb][vc_column width=\u00a0\u00bb2\/3&Prime;][vc_column_text] &nbsp; Tout le mat\u00e9riel proth\u00e9tique fabriqu\u00e9 dans nos laboratoires est r\u00e9alis\u00e9 en r\u00e9sine acrylique (polym\u00e9thacrylate de m\u00e9thyle), un polym\u00e8re incassable, inerte, anallergique et enti\u00e8rement biocompatible avec les tissus humains. Le m\u00e9thacrylate ne s&rsquo;ab\u00eeme pas au contact des s\u00e9cr\u00e9tions lacrymales, n&rsquo;est pas poreux ni corrosif et n&rsquo;absorbe aucune substance. Sur des [&hellip;]\" \/>\n<meta property=\"og:url\" content=\"https:\/\/www.dalpasso.it\/fr\/info\/ce-quil-faut-savoir-sur-lapplication-prothetique\/materiel\/\" \/>\n<meta property=\"og:site_name\" content=\"Dalpasso protesi oculari\" \/>\n<meta property=\"article:modified_time\" content=\"2018-05-28T15:12:20+00:00\" \/>\n<meta property=\"og:image\" content=\"https:\/\/www.dalpasso.it\/wp-content\/uploads\/2018\/05\/hp-materiale.jpg\" \/>\n\t<meta property=\"og:image:width\" content=\"500\" \/>\n\t<meta property=\"og:image:height\" content=\"380\" \/>\n\t<meta property=\"og:image:type\" content=\"image\/jpeg\" \/>\n<meta name=\"twitter:card\" content=\"summary_large_image\" \/>\n<meta name=\"twitter:label1\" content=\"Dur\u00e9e de lecture estim\u00e9e\" \/>\n\t<meta name=\"twitter:data1\" content=\"1 minute\" \/>\n<script type=\"application\/ld+json\" class=\"yoast-schema-graph\">{\"@context\":\"https:\/\/schema.org\",\"@graph\":[{\"@type\":\"WebPage\",\"@id\":\"https:\/\/www.dalpasso.it\/fr\/info\/ce-quil-faut-savoir-sur-lapplication-prothetique\/materiel\/\",\"url\":\"https:\/\/www.dalpasso.it\/fr\/info\/ce-quil-faut-savoir-sur-lapplication-prothetique\/materiel\/\",\"name\":\"MAT\u00c9RIEL | Dalpasso protesi oculari\",\"isPartOf\":{\"@id\":\"https:\/\/www.dalpasso.it\/fr\/#website\"},\"primaryImageOfPage\":{\"@id\":\"https:\/\/www.dalpasso.it\/fr\/info\/ce-quil-faut-savoir-sur-lapplication-prothetique\/materiel\/#primaryimage\"},\"image\":{\"@id\":\"https:\/\/www.dalpasso.it\/fr\/info\/ce-quil-faut-savoir-sur-lapplication-prothetique\/materiel\/#primaryimage\"},\"thumbnailUrl\":\"https:\/\/www.dalpasso.it\/wp-content\/uploads\/2018\/05\/hp-materiale.jpg\",\"datePublished\":\"2015-10-23T09:36:51+00:00\",\"dateModified\":\"2018-05-28T15:12:20+00:00\",\"breadcrumb\":{\"@id\":\"https:\/\/www.dalpasso.it\/fr\/info\/ce-quil-faut-savoir-sur-lapplication-prothetique\/materiel\/#breadcrumb\"},\"inLanguage\":\"fr-FR\",\"potentialAction\":[{\"@type\":\"ReadAction\",\"target\":[\"https:\/\/www.dalpasso.it\/fr\/info\/ce-quil-faut-savoir-sur-lapplication-prothetique\/materiel\/\"]}]},{\"@type\":\"ImageObject\",\"inLanguage\":\"fr-FR\",\"@id\":\"https:\/\/www.dalpasso.it\/fr\/info\/ce-quil-faut-savoir-sur-lapplication-prothetique\/materiel\/#primaryimage\",\"url\":\"https:\/\/www.dalpasso.it\/wp-content\/uploads\/2018\/05\/hp-materiale.jpg\",\"contentUrl\":\"https:\/\/www.dalpasso.it\/wp-content\/uploads\/2018\/05\/hp-materiale.jpg\",\"width\":500,\"height\":380},{\"@type\":\"BreadcrumbList\",\"@id\":\"https:\/\/www.dalpasso.it\/fr\/info\/ce-quil-faut-savoir-sur-lapplication-prothetique\/materiel\/#breadcrumb\",\"itemListElement\":[{\"@type\":\"ListItem\",\"position\":1,\"name\":\"Home\",\"item\":\"https:\/\/www.dalpasso.it\/fr\/standard-business\/\"},{\"@type\":\"ListItem\",\"position\":2,\"name\":\"INFO\",\"item\":\"https:\/\/www.dalpasso.it\/fr\/info\/\"},{\"@type\":\"ListItem\",\"position\":3,\"name\":\"CE QU&#8217;IL FAUT SAVOIR SUR L&#8217;APPLICATION PROTH\u00c9TIQUE\",\"item\":\"https:\/\/www.dalpasso.it\/fr\/info\/ce-quil-faut-savoir-sur-lapplication-prothetique\/\"},{\"@type\":\"ListItem\",\"position\":4,\"name\":\"MAT\u00c9RIEL\"}]},{\"@type\":\"WebSite\",\"@id\":\"https:\/\/www.dalpasso.it\/fr\/#website\",\"url\":\"https:\/\/www.dalpasso.it\/fr\/\",\"name\":\"DALPASSO Protesi Oculari\",\"description\":\"\",\"potentialAction\":[{\"@type\":\"SearchAction\",\"target\":{\"@type\":\"EntryPoint\",\"urlTemplate\":\"https:\/\/www.dalpasso.it\/fr\/?s={search_term_string}\"},\"query-input\":{\"@type\":\"PropertyValueSpecification\",\"valueRequired\":true,\"valueName\":\"search_term_string\"}}],\"inLanguage\":\"fr-FR\"}]}<\/script>\n<!-- \/ Yoast SEO plugin. -->","yoast_head_json":{"title":"MAT\u00c9RIEL | Dalpasso protesi oculari","robots":{"index":"index","follow":"follow","max-snippet":"max-snippet:-1","max-image-preview":"max-image-preview:large","max-video-preview":"max-video-preview:-1"},"canonical":"https:\/\/www.dalpasso.it\/fr\/info\/ce-quil-faut-savoir-sur-lapplication-prothetique\/materiel\/","og_locale":"fr_FR","og_type":"article","og_title":"MAT\u00c9RIEL | Dalpasso protesi oculari","og_description":"[vc_row full_width=\u00a0\u00bb\u00a0\u00bb parallax=\u00a0\u00bb\u00a0\u00bb parallax_image=\u00a0\u00bb\u00a0\u00bb][vc_column width=\u00a0\u00bb2\/3&Prime;][vc_column_text] &nbsp; Tout le mat\u00e9riel proth\u00e9tique fabriqu\u00e9 dans nos laboratoires est r\u00e9alis\u00e9 en r\u00e9sine acrylique (polym\u00e9thacrylate de m\u00e9thyle), un polym\u00e8re incassable, inerte, anallergique et enti\u00e8rement biocompatible avec les tissus humains. Le m\u00e9thacrylate ne s&rsquo;ab\u00eeme pas au contact des s\u00e9cr\u00e9tions lacrymales, n&rsquo;est pas poreux ni corrosif et n&rsquo;absorbe aucune substance. Sur des [&hellip;]","og_url":"https:\/\/www.dalpasso.it\/fr\/info\/ce-quil-faut-savoir-sur-lapplication-prothetique\/materiel\/","og_site_name":"Dalpasso protesi oculari","article_modified_time":"2018-05-28T15:12:20+00:00","og_image":[{"width":500,"height":380,"url":"https:\/\/www.dalpasso.it\/wp-content\/uploads\/2018\/05\/hp-materiale.jpg","type":"image\/jpeg"}],"twitter_card":"summary_large_image","twitter_misc":{"Dur\u00e9e de lecture estim\u00e9e":"1 minute"},"schema":{"@context":"https:\/\/schema.org","@graph":[{"@type":"WebPage","@id":"https:\/\/www.dalpasso.it\/fr\/info\/ce-quil-faut-savoir-sur-lapplication-prothetique\/materiel\/","url":"https:\/\/www.dalpasso.it\/fr\/info\/ce-quil-faut-savoir-sur-lapplication-prothetique\/materiel\/","name":"MAT\u00c9RIEL | Dalpasso protesi oculari","isPartOf":{"@id":"https:\/\/www.dalpasso.it\/fr\/#website"},"primaryImageOfPage":{"@id":"https:\/\/www.dalpasso.it\/fr\/info\/ce-quil-faut-savoir-sur-lapplication-prothetique\/materiel\/#primaryimage"},"image":{"@id":"https:\/\/www.dalpasso.it\/fr\/info\/ce-quil-faut-savoir-sur-lapplication-prothetique\/materiel\/#primaryimage"},"thumbnailUrl":"https:\/\/www.dalpasso.it\/wp-content\/uploads\/2018\/05\/hp-materiale.jpg","datePublished":"2015-10-23T09:36:51+00:00","dateModified":"2018-05-28T15:12:20+00:00","breadcrumb":{"@id":"https:\/\/www.dalpasso.it\/fr\/info\/ce-quil-faut-savoir-sur-lapplication-prothetique\/materiel\/#breadcrumb"},"inLanguage":"fr-FR","potentialAction":[{"@type":"ReadAction","target":["https:\/\/www.dalpasso.it\/fr\/info\/ce-quil-faut-savoir-sur-lapplication-prothetique\/materiel\/"]}]},{"@type":"ImageObject","inLanguage":"fr-FR","@id":"https:\/\/www.dalpasso.it\/fr\/info\/ce-quil-faut-savoir-sur-lapplication-prothetique\/materiel\/#primaryimage","url":"https:\/\/www.dalpasso.it\/wp-content\/uploads\/2018\/05\/hp-materiale.jpg","contentUrl":"https:\/\/www.dalpasso.it\/wp-content\/uploads\/2018\/05\/hp-materiale.jpg","width":500,"height":380},{"@type":"BreadcrumbList","@id":"https:\/\/www.dalpasso.it\/fr\/info\/ce-quil-faut-savoir-sur-lapplication-prothetique\/materiel\/#breadcrumb","itemListElement":[{"@type":"ListItem","position":1,"name":"Home","item":"https:\/\/www.dalpasso.it\/fr\/standard-business\/"},{"@type":"ListItem","position":2,"name":"INFO","item":"https:\/\/www.dalpasso.it\/fr\/info\/"},{"@type":"ListItem","position":3,"name":"CE QU&#8217;IL FAUT SAVOIR SUR L&#8217;APPLICATION PROTH\u00c9TIQUE","item":"https:\/\/www.dalpasso.it\/fr\/info\/ce-quil-faut-savoir-sur-lapplication-prothetique\/"},{"@type":"ListItem","position":4,"name":"MAT\u00c9RIEL"}]},{"@type":"WebSite","@id":"https:\/\/www.dalpasso.it\/fr\/#website","url":"https:\/\/www.dalpasso.it\/fr\/","name":"DALPASSO Protesi Oculari","description":"","potentialAction":[{"@type":"SearchAction","target":{"@type":"EntryPoint","urlTemplate":"https:\/\/www.dalpasso.it\/fr\/?s={search_term_string}"},"query-input":{"@type":"PropertyValueSpecification","valueRequired":true,"valueName":"search_term_string"}}],"inLanguage":"fr-FR"}]}},"_links":{"self":[{"href":"https:\/\/www.dalpasso.it\/fr\/wp-json\/wp\/v2\/pages\/11095","targetHints":{"allow":["GET"]}}],"collection":[{"href":"https:\/\/www.dalpasso.it\/fr\/wp-json\/wp\/v2\/pages"}],"about":[{"href":"https:\/\/www.dalpasso.it\/fr\/wp-json\/wp\/v2\/types\/page"}],"author":[{"embeddable":true,"href":"https:\/\/www.dalpasso.it\/fr\/wp-json\/wp\/v2\/users\/1"}],"replies":[{"embeddable":true,"href":"https:\/\/www.dalpasso.it\/fr\/wp-json\/wp\/v2\/comments?post=11095"}],"version-history":[{"count":2,"href":"https:\/\/www.dalpasso.it\/fr\/wp-json\/wp\/v2\/pages\/11095\/revisions"}],"predecessor-version":[{"id":11122,"href":"https:\/\/www.dalpasso.it\/fr\/wp-json\/wp\/v2\/pages\/11095\/revisions\/11122"}],"up":[{"embeddable":true,"href":"https:\/\/www.dalpasso.it\/fr\/wp-json\/wp\/v2\/pages\/10655"}],"wp:featuredmedia":[{"embeddable":true,"href":"https:\/\/www.dalpasso.it\/fr\/wp-json\/wp\/v2\/media\/15455"}],"wp:attachment":[{"href":"https:\/\/www.dalpasso.it\/fr\/wp-json\/wp\/v2\/media?parent=11095"}],"curies":[{"name":"wp","href":"https:\/\/api.w.org\/{rel}","templated":true}]}}