{"id":11058,"date":"2015-10-22T10:40:51","date_gmt":"2015-10-22T08:40:51","guid":{"rendered":"http:\/\/www.dalpasso.it\/fr\/info\/ce-quil-faut-savoir-sur-lapplication-prothetique\/controlli-periodici\/"},"modified":"2018-05-28T16:07:42","modified_gmt":"2018-05-28T14:07:42","slug":"controles-periodiques","status":"publish","type":"page","link":"https:\/\/www.dalpasso.it\/fr\/info\/ce-quil-faut-savoir-sur-lapplication-prothetique\/controles-periodiques\/","title":{"rendered":"CONTR\u00d4LES P\u00c9RIODIQUES"},"content":{"rendered":"<div class=\"wpb-content-wrapper\">[vc_row full_width=\u00a0\u00bb\u00a0\u00bb parallax=\u00a0\u00bb\u00a0\u00bb parallax_image=\u00a0\u00bb\u00a0\u00bb][vc_column width=\u00a0\u00bb2\/3&Prime;][vc_column_text]<img loading=\"lazy\" decoding=\"async\" class=\"alignnone size-medium wp-image-4010\" src=\"https:\/\/www.dalpasso.it\/wp-content\/uploads\/2015\/07\/calendario1-300x234.jpg\" alt=\"calendario\" width=\"300\" height=\"234\" srcset=\"https:\/\/www.dalpasso.it\/wp-content\/uploads\/2015\/07\/calendario1-300x234.jpg 300w, https:\/\/www.dalpasso.it\/wp-content\/uploads\/2015\/07\/calendario1.jpg 1000w\" sizes=\"auto, (max-width: 300px) 100vw, 300px\" \/><\/p>\n<p>&nbsp;<\/p>\n<p>Pour une <strong>hygi\u00e8ne<\/strong> appropri\u00e9e, il est recommand\u00e9 d&rsquo;effectuer un <strong>contr\u00f4le de la proth\u00e8se<\/strong> et de la cavit\u00e9 anophtalmique ou du bulbe au minimum tous les 12 mois\u00a0: Durant cette visite, la proth\u00e8se sera polie et soumise \u00e0 une <strong>d\u00e9sinfection<\/strong> approfondie.<br \/>\nCette op\u00e9ration prend environ une heure et peut se faire dans tous nos \u00e9tablissements \u00e0 la charge du patient.<br \/>\nLe contr\u00f4le p\u00e9riodique de la proth\u00e8se NE REMPLACE PAS celui du <strong>m\u00e9decin oculiste<\/strong> qui doit \u00eatre consult\u00e9 en cas d&rsquo;apparition de sympt\u00f4mes quelconques.[\/vc_column_text][\/vc_column][vc_column width=\u00a0\u00bb1\/3&Prime;][vc_column_text]<br \/>\n[\/vc_column_text][\/vc_column][\/vc_row]<\/div>","protected":false},"excerpt":{"rendered":"<p>[vc_row full_width=\u00a0\u00bb\u00a0\u00bb parallax=\u00a0\u00bb\u00a0\u00bb parallax_image=\u00a0\u00bb\u00a0\u00bb][vc_column width=\u00a0\u00bb2\/3&Prime;][vc_column_text] &nbsp; Pour une hygi\u00e8ne appropri\u00e9e, il est recommand\u00e9 d&rsquo;effectuer un contr\u00f4le de la proth\u00e8se et de la cavit\u00e9 anophtalmique ou du bulbe au minimum tous les 12 mois\u00a0: Durant cette visite, la proth\u00e8se sera polie et soumise \u00e0 une d\u00e9sinfection approfondie. Cette op\u00e9ration prend environ une heure et peut se [&hellip;]<\/p>\n","protected":false},"author":1,"featured_media":15442,"parent":10655,"menu_order":22,"comment_status":"closed","ping_status":"closed","template":"","meta":{"footnotes":""},"class_list":["post-11058","page","type-page","status-publish","has-post-thumbnail","hentry"],"yoast_head":"<!-- This site is optimized with the Yoast SEO plugin v27.1.1 - https:\/\/yoast.com\/product\/yoast-seo-wordpress\/ -->\n<title>CONTR\u00d4LES P\u00c9RIODIQUES | Dalpasso protesi oculari<\/title>\n<meta name=\"robots\" content=\"index, follow, max-snippet:-1, max-image-preview:large, max-video-preview:-1\" \/>\n<link rel=\"canonical\" href=\"https:\/\/www.dalpasso.it\/fr\/info\/ce-quil-faut-savoir-sur-lapplication-prothetique\/controles-periodiques\/\" \/>\n<meta property=\"og:locale\" content=\"fr_FR\" \/>\n<meta property=\"og:type\" content=\"article\" \/>\n<meta property=\"og:title\" content=\"CONTR\u00d4LES P\u00c9RIODIQUES | Dalpasso protesi oculari\" \/>\n<meta property=\"og:description\" content=\"[vc_row full_width=\u00a0\u00bb\u00a0\u00bb parallax=\u00a0\u00bb\u00a0\u00bb parallax_image=\u00a0\u00bb\u00a0\u00bb][vc_column width=\u00a0\u00bb2\/3&Prime;][vc_column_text] &nbsp; Pour une hygi\u00e8ne appropri\u00e9e, il est recommand\u00e9 d&rsquo;effectuer un contr\u00f4le de la proth\u00e8se et de la cavit\u00e9 anophtalmique ou du bulbe au minimum tous les 12 mois\u00a0: Durant cette visite, la proth\u00e8se sera polie et soumise \u00e0 une d\u00e9sinfection approfondie. Cette op\u00e9ration prend environ une heure et peut se [&hellip;]\" \/>\n<meta property=\"og:url\" content=\"https:\/\/www.dalpasso.it\/fr\/info\/ce-quil-faut-savoir-sur-lapplication-prothetique\/controles-periodiques\/\" \/>\n<meta property=\"og:site_name\" content=\"Dalpasso protesi oculari\" \/>\n<meta property=\"article:modified_time\" content=\"2018-05-28T14:07:42+00:00\" \/>\n<meta property=\"og:image\" content=\"https:\/\/www.dalpasso.it\/wp-content\/uploads\/2018\/05\/hp-calendario.jpg\" \/>\n\t<meta property=\"og:image:width\" content=\"500\" \/>\n\t<meta property=\"og:image:height\" content=\"380\" \/>\n\t<meta property=\"og:image:type\" content=\"image\/jpeg\" \/>\n<meta name=\"twitter:card\" content=\"summary_large_image\" \/>\n<meta name=\"twitter:label1\" content=\"Dur\u00e9e de lecture estim\u00e9e\" \/>\n\t<meta name=\"twitter:data1\" content=\"1 minute\" \/>\n<script type=\"application\/ld+json\" class=\"yoast-schema-graph\">{\"@context\":\"https:\/\/schema.org\",\"@graph\":[{\"@type\":\"WebPage\",\"@id\":\"https:\/\/www.dalpasso.it\/fr\/info\/ce-quil-faut-savoir-sur-lapplication-prothetique\/controles-periodiques\/\",\"url\":\"https:\/\/www.dalpasso.it\/fr\/info\/ce-quil-faut-savoir-sur-lapplication-prothetique\/controles-periodiques\/\",\"name\":\"CONTR\u00d4LES P\u00c9RIODIQUES | Dalpasso protesi oculari\",\"isPartOf\":{\"@id\":\"https:\/\/www.dalpasso.it\/fr\/#website\"},\"primaryImageOfPage\":{\"@id\":\"https:\/\/www.dalpasso.it\/fr\/info\/ce-quil-faut-savoir-sur-lapplication-prothetique\/controles-periodiques\/#primaryimage\"},\"image\":{\"@id\":\"https:\/\/www.dalpasso.it\/fr\/info\/ce-quil-faut-savoir-sur-lapplication-prothetique\/controles-periodiques\/#primaryimage\"},\"thumbnailUrl\":\"https:\/\/www.dalpasso.it\/wp-content\/uploads\/2018\/05\/hp-calendario.jpg\",\"datePublished\":\"2015-10-22T08:40:51+00:00\",\"dateModified\":\"2018-05-28T14:07:42+00:00\",\"breadcrumb\":{\"@id\":\"https:\/\/www.dalpasso.it\/fr\/info\/ce-quil-faut-savoir-sur-lapplication-prothetique\/controles-periodiques\/#breadcrumb\"},\"inLanguage\":\"fr-FR\",\"potentialAction\":[{\"@type\":\"ReadAction\",\"target\":[\"https:\/\/www.dalpasso.it\/fr\/info\/ce-quil-faut-savoir-sur-lapplication-prothetique\/controles-periodiques\/\"]}]},{\"@type\":\"ImageObject\",\"inLanguage\":\"fr-FR\",\"@id\":\"https:\/\/www.dalpasso.it\/fr\/info\/ce-quil-faut-savoir-sur-lapplication-prothetique\/controles-periodiques\/#primaryimage\",\"url\":\"https:\/\/www.dalpasso.it\/wp-content\/uploads\/2018\/05\/hp-calendario.jpg\",\"contentUrl\":\"https:\/\/www.dalpasso.it\/wp-content\/uploads\/2018\/05\/hp-calendario.jpg\",\"width\":500,\"height\":380},{\"@type\":\"BreadcrumbList\",\"@id\":\"https:\/\/www.dalpasso.it\/fr\/info\/ce-quil-faut-savoir-sur-lapplication-prothetique\/controles-periodiques\/#breadcrumb\",\"itemListElement\":[{\"@type\":\"ListItem\",\"position\":1,\"name\":\"Home\",\"item\":\"https:\/\/www.dalpasso.it\/fr\/standard-business\/\"},{\"@type\":\"ListItem\",\"position\":2,\"name\":\"INFO\",\"item\":\"https:\/\/www.dalpasso.it\/fr\/info\/\"},{\"@type\":\"ListItem\",\"position\":3,\"name\":\"CE QU&#8217;IL FAUT SAVOIR SUR L&#8217;APPLICATION PROTH\u00c9TIQUE\",\"item\":\"https:\/\/www.dalpasso.it\/fr\/info\/ce-quil-faut-savoir-sur-lapplication-prothetique\/\"},{\"@type\":\"ListItem\",\"position\":4,\"name\":\"CONTR\u00d4LES P\u00c9RIODIQUES\"}]},{\"@type\":\"WebSite\",\"@id\":\"https:\/\/www.dalpasso.it\/fr\/#website\",\"url\":\"https:\/\/www.dalpasso.it\/fr\/\",\"name\":\"DALPASSO Protesi Oculari\",\"description\":\"\",\"potentialAction\":[{\"@type\":\"SearchAction\",\"target\":{\"@type\":\"EntryPoint\",\"urlTemplate\":\"https:\/\/www.dalpasso.it\/fr\/?s={search_term_string}\"},\"query-input\":{\"@type\":\"PropertyValueSpecification\",\"valueRequired\":true,\"valueName\":\"search_term_string\"}}],\"inLanguage\":\"fr-FR\"}]}<\/script>\n<!-- \/ Yoast SEO plugin. -->","yoast_head_json":{"title":"CONTR\u00d4LES P\u00c9RIODIQUES | Dalpasso protesi oculari","robots":{"index":"index","follow":"follow","max-snippet":"max-snippet:-1","max-image-preview":"max-image-preview:large","max-video-preview":"max-video-preview:-1"},"canonical":"https:\/\/www.dalpasso.it\/fr\/info\/ce-quil-faut-savoir-sur-lapplication-prothetique\/controles-periodiques\/","og_locale":"fr_FR","og_type":"article","og_title":"CONTR\u00d4LES P\u00c9RIODIQUES | Dalpasso protesi oculari","og_description":"[vc_row full_width=\u00a0\u00bb\u00a0\u00bb parallax=\u00a0\u00bb\u00a0\u00bb parallax_image=\u00a0\u00bb\u00a0\u00bb][vc_column width=\u00a0\u00bb2\/3&Prime;][vc_column_text] &nbsp; Pour une hygi\u00e8ne appropri\u00e9e, il est recommand\u00e9 d&rsquo;effectuer un contr\u00f4le de la proth\u00e8se et de la cavit\u00e9 anophtalmique ou du bulbe au minimum tous les 12 mois\u00a0: Durant cette visite, la proth\u00e8se sera polie et soumise \u00e0 une d\u00e9sinfection approfondie. Cette op\u00e9ration prend environ une heure et peut se [&hellip;]","og_url":"https:\/\/www.dalpasso.it\/fr\/info\/ce-quil-faut-savoir-sur-lapplication-prothetique\/controles-periodiques\/","og_site_name":"Dalpasso protesi oculari","article_modified_time":"2018-05-28T14:07:42+00:00","og_image":[{"width":500,"height":380,"url":"https:\/\/www.dalpasso.it\/wp-content\/uploads\/2018\/05\/hp-calendario.jpg","type":"image\/jpeg"}],"twitter_card":"summary_large_image","twitter_misc":{"Dur\u00e9e de lecture estim\u00e9e":"1 minute"},"schema":{"@context":"https:\/\/schema.org","@graph":[{"@type":"WebPage","@id":"https:\/\/www.dalpasso.it\/fr\/info\/ce-quil-faut-savoir-sur-lapplication-prothetique\/controles-periodiques\/","url":"https:\/\/www.dalpasso.it\/fr\/info\/ce-quil-faut-savoir-sur-lapplication-prothetique\/controles-periodiques\/","name":"CONTR\u00d4LES P\u00c9RIODIQUES | Dalpasso protesi oculari","isPartOf":{"@id":"https:\/\/www.dalpasso.it\/fr\/#website"},"primaryImageOfPage":{"@id":"https:\/\/www.dalpasso.it\/fr\/info\/ce-quil-faut-savoir-sur-lapplication-prothetique\/controles-periodiques\/#primaryimage"},"image":{"@id":"https:\/\/www.dalpasso.it\/fr\/info\/ce-quil-faut-savoir-sur-lapplication-prothetique\/controles-periodiques\/#primaryimage"},"thumbnailUrl":"https:\/\/www.dalpasso.it\/wp-content\/uploads\/2018\/05\/hp-calendario.jpg","datePublished":"2015-10-22T08:40:51+00:00","dateModified":"2018-05-28T14:07:42+00:00","breadcrumb":{"@id":"https:\/\/www.dalpasso.it\/fr\/info\/ce-quil-faut-savoir-sur-lapplication-prothetique\/controles-periodiques\/#breadcrumb"},"inLanguage":"fr-FR","potentialAction":[{"@type":"ReadAction","target":["https:\/\/www.dalpasso.it\/fr\/info\/ce-quil-faut-savoir-sur-lapplication-prothetique\/controles-periodiques\/"]}]},{"@type":"ImageObject","inLanguage":"fr-FR","@id":"https:\/\/www.dalpasso.it\/fr\/info\/ce-quil-faut-savoir-sur-lapplication-prothetique\/controles-periodiques\/#primaryimage","url":"https:\/\/www.dalpasso.it\/wp-content\/uploads\/2018\/05\/hp-calendario.jpg","contentUrl":"https:\/\/www.dalpasso.it\/wp-content\/uploads\/2018\/05\/hp-calendario.jpg","width":500,"height":380},{"@type":"BreadcrumbList","@id":"https:\/\/www.dalpasso.it\/fr\/info\/ce-quil-faut-savoir-sur-lapplication-prothetique\/controles-periodiques\/#breadcrumb","itemListElement":[{"@type":"ListItem","position":1,"name":"Home","item":"https:\/\/www.dalpasso.it\/fr\/standard-business\/"},{"@type":"ListItem","position":2,"name":"INFO","item":"https:\/\/www.dalpasso.it\/fr\/info\/"},{"@type":"ListItem","position":3,"name":"CE QU&#8217;IL FAUT SAVOIR SUR L&#8217;APPLICATION PROTH\u00c9TIQUE","item":"https:\/\/www.dalpasso.it\/fr\/info\/ce-quil-faut-savoir-sur-lapplication-prothetique\/"},{"@type":"ListItem","position":4,"name":"CONTR\u00d4LES P\u00c9RIODIQUES"}]},{"@type":"WebSite","@id":"https:\/\/www.dalpasso.it\/fr\/#website","url":"https:\/\/www.dalpasso.it\/fr\/","name":"DALPASSO Protesi Oculari","description":"","potentialAction":[{"@type":"SearchAction","target":{"@type":"EntryPoint","urlTemplate":"https:\/\/www.dalpasso.it\/fr\/?s={search_term_string}"},"query-input":{"@type":"PropertyValueSpecification","valueRequired":true,"valueName":"search_term_string"}}],"inLanguage":"fr-FR"}]}},"_links":{"self":[{"href":"https:\/\/www.dalpasso.it\/fr\/wp-json\/wp\/v2\/pages\/11058","targetHints":{"allow":["GET"]}}],"collection":[{"href":"https:\/\/www.dalpasso.it\/fr\/wp-json\/wp\/v2\/pages"}],"about":[{"href":"https:\/\/www.dalpasso.it\/fr\/wp-json\/wp\/v2\/types\/page"}],"author":[{"embeddable":true,"href":"https:\/\/www.dalpasso.it\/fr\/wp-json\/wp\/v2\/users\/1"}],"replies":[{"embeddable":true,"href":"https:\/\/www.dalpasso.it\/fr\/wp-json\/wp\/v2\/comments?post=11058"}],"version-history":[{"count":2,"href":"https:\/\/www.dalpasso.it\/fr\/wp-json\/wp\/v2\/pages\/11058\/revisions"}],"predecessor-version":[{"id":11063,"href":"https:\/\/www.dalpasso.it\/fr\/wp-json\/wp\/v2\/pages\/11058\/revisions\/11063"}],"up":[{"embeddable":true,"href":"https:\/\/www.dalpasso.it\/fr\/wp-json\/wp\/v2\/pages\/10655"}],"wp:featuredmedia":[{"embeddable":true,"href":"https:\/\/www.dalpasso.it\/fr\/wp-json\/wp\/v2\/media\/15442"}],"wp:attachment":[{"href":"https:\/\/www.dalpasso.it\/fr\/wp-json\/wp\/v2\/media?parent=11058"}],"curies":[{"name":"wp","href":"https:\/\/api.w.org\/{rel}","templated":true}]}}