{"id":11037,"date":"2015-10-22T10:33:12","date_gmt":"2015-10-22T08:33:12","guid":{"rendered":"http:\/\/www.dalpasso.it\/fr\/info\/ce-quil-faut-savoir-sur-lapplication-prothetique\/guida-di-automezzi\/"},"modified":"2018-05-28T16:04:18","modified_gmt":"2018-05-28T14:04:18","slug":"conduite-de-vehicules","status":"publish","type":"page","link":"https:\/\/www.dalpasso.it\/fr\/info\/ce-quil-faut-savoir-sur-lapplication-prothetique\/conduite-de-vehicules\/","title":{"rendered":"CONDUITE DE V\u00c9HICULES"},"content":{"rendered":"<div class=\"wpb-content-wrapper\">[vc_row full_width=\u00a0\u00bb\u00a0\u00bb parallax=\u00a0\u00bb\u00a0\u00bb parallax_image=\u00a0\u00bb\u00a0\u00bb][vc_column width=\u00a0\u00bb2\/3&Prime;][vc_column_text]<img loading=\"lazy\" decoding=\"async\" class=\"alignnone size-medium wp-image-10007\" src=\"https:\/\/www.dalpasso.it\/wp-content\/uploads\/2015\/10\/come-guidare-unauto-responsabilmente-300x200.jpg\" alt=\"come-guidare-unauto-responsabilmente\" width=\"300\" height=\"200\" srcset=\"https:\/\/www.dalpasso.it\/wp-content\/uploads\/2015\/10\/come-guidare-unauto-responsabilmente-300x200.jpg 300w, https:\/\/www.dalpasso.it\/wp-content\/uploads\/2015\/10\/come-guidare-unauto-responsabilmente.jpg 450w\" sizes=\"auto, (max-width: 300px) 100vw, 300px\" \/><\/p>\n<p>&nbsp;<\/p>\n<p style=\"text-align: justify;\">La vision monoculaire entra\u00eene une g\u00eane et requiert en cela une attention accrue dans l&rsquo;<strong>\u00e9valuation des distances avec le v\u00e9hicule<\/strong> vous pr\u00e9c\u00e9dant et la <strong>visibilit\u00e9 lat\u00e9rale<\/strong>, bien entendue compromise du c\u00f4t\u00e9 du handicap.<br \/>\nDepuis 2010, les porteurs de proth\u00e8se oculaire (monocle organique ou fonctionnel) n<strong>e doivent plus obtenir le permis de conduire \u00ab\u00a0B Sp\u00e9cial\u00a0\u00bb,<\/strong> mais une visite d&rsquo;aptitude \u00e0 la conduite est requise aupr\u00e8s de l&rsquo;organisme monocratique (m\u00e9decin de l&rsquo;assurance maladie, d\u00e9l\u00e9gation ACI, agences, auto-\u00e9cole etc.).<br \/>\nLes patients devront pr\u00e9senter un certificat r\u00e9dig\u00e9 par leur oculiste qui atteste, en association avec l&rsquo;\u00e9valuation g\u00e9n\u00e9rale des capacit\u00e9s visuelles\u00a0:<\/p>\n<p style=\"text-align: justify;\">La <strong>stabilit\u00e9 clinique g\u00e9n\u00e9rale<\/strong> et notamment une vision monoculaire d&rsquo;au moins 6 mois<\/p>\n<p style=\"text-align: justify;\">L&rsquo;<strong>existence d&rsquo;un champ visuel suffisamment ample<\/strong> avec absence de d\u00e9fauts dans un rayon de 30\u00b0 par rapport \u00e0 l&rsquo;axe central.<\/p>\n<p style=\"text-align: justify;\">Cette certification est valable 3 mois maximum et doit \u00eatre pr\u00e9sent\u00e9e au m\u00e9decin en charge de d\u00e9livrer le renouvellement du permis en vertu du paragraphe A.3.4 de l&rsquo;Annexe III du D\u00e9cret l\u00e9gislatif italien 59 de 2011.<br \/>\n\u200bSi l&rsquo;une quelconque des conditions \u00e9nonc\u00e9es dans le certificat est insuffisante pour l&rsquo;obtention de l&rsquo;agr\u00e9ment \u00e0 la conduite en r\u00e9gime monocratique, le sujet devra se soumettre \u00e0 une visite \u00e0 la <strong>Commission M\u00e9dicale Locale de l&rsquo;ASL<\/strong> muni de ce m\u00eame certificat.<\/p>\n<p>[\/vc_column_text][\/vc_column][vc_column width=\u00a0\u00bb1\/3&Prime;][vc_column_text]<br \/>\n[\/vc_column_text][\/vc_column][\/vc_row]<\/div>","protected":false},"excerpt":{"rendered":"<p>[vc_row full_width=\u00a0\u00bb\u00a0\u00bb parallax=\u00a0\u00bb\u00a0\u00bb parallax_image=\u00a0\u00bb\u00a0\u00bb][vc_column width=\u00a0\u00bb2\/3&Prime;][vc_column_text] &nbsp; La vision monoculaire entra\u00eene une g\u00eane et requiert en cela une attention accrue dans l&rsquo;\u00e9valuation des distances avec le v\u00e9hicule vous pr\u00e9c\u00e9dant et la visibilit\u00e9 lat\u00e9rale, bien entendue compromise du c\u00f4t\u00e9 du handicap. Depuis 2010, les porteurs de proth\u00e8se oculaire (monocle organique ou fonctionnel) ne doivent plus obtenir le [&hellip;]<\/p>\n","protected":false},"author":1,"featured_media":15450,"parent":10655,"menu_order":19,"comment_status":"closed","ping_status":"closed","template":"","meta":{"footnotes":""},"class_list":["post-11037","page","type-page","status-publish","has-post-thumbnail","hentry"],"yoast_head":"<!-- This site is optimized with the Yoast SEO plugin v27.1.1 - https:\/\/yoast.com\/product\/yoast-seo-wordpress\/ -->\n<title>CONDUITE DE V\u00c9HICULES | Dalpasso protesi oculari<\/title>\n<meta name=\"robots\" content=\"index, follow, max-snippet:-1, max-image-preview:large, max-video-preview:-1\" \/>\n<link rel=\"canonical\" href=\"https:\/\/www.dalpasso.it\/fr\/info\/ce-quil-faut-savoir-sur-lapplication-prothetique\/conduite-de-vehicules\/\" \/>\n<meta property=\"og:locale\" content=\"fr_FR\" \/>\n<meta property=\"og:type\" content=\"article\" \/>\n<meta property=\"og:title\" content=\"CONDUITE DE V\u00c9HICULES | Dalpasso protesi oculari\" \/>\n<meta property=\"og:description\" content=\"[vc_row full_width=\u00a0\u00bb\u00a0\u00bb parallax=\u00a0\u00bb\u00a0\u00bb parallax_image=\u00a0\u00bb\u00a0\u00bb][vc_column width=\u00a0\u00bb2\/3&Prime;][vc_column_text] &nbsp; La vision monoculaire entra\u00eene une g\u00eane et requiert en cela une attention accrue dans l&rsquo;\u00e9valuation des distances avec le v\u00e9hicule vous pr\u00e9c\u00e9dant et la visibilit\u00e9 lat\u00e9rale, bien entendue compromise du c\u00f4t\u00e9 du handicap. Depuis 2010, les porteurs de proth\u00e8se oculaire (monocle organique ou fonctionnel) ne doivent plus obtenir le [&hellip;]\" \/>\n<meta property=\"og:url\" content=\"https:\/\/www.dalpasso.it\/fr\/info\/ce-quil-faut-savoir-sur-lapplication-prothetique\/conduite-de-vehicules\/\" \/>\n<meta property=\"og:site_name\" content=\"Dalpasso protesi oculari\" \/>\n<meta property=\"article:modified_time\" content=\"2018-05-28T14:04:18+00:00\" \/>\n<meta property=\"og:image\" content=\"https:\/\/www.dalpasso.it\/wp-content\/uploads\/2018\/05\/hp-automezzi.jpg\" \/>\n\t<meta property=\"og:image:width\" content=\"500\" \/>\n\t<meta property=\"og:image:height\" content=\"380\" \/>\n\t<meta property=\"og:image:type\" content=\"image\/jpeg\" \/>\n<meta name=\"twitter:card\" content=\"summary_large_image\" \/>\n<meta name=\"twitter:label1\" content=\"Dur\u00e9e de lecture estim\u00e9e\" \/>\n\t<meta name=\"twitter:data1\" content=\"1 minute\" \/>\n<script type=\"application\/ld+json\" class=\"yoast-schema-graph\">{\"@context\":\"https:\/\/schema.org\",\"@graph\":[{\"@type\":\"WebPage\",\"@id\":\"https:\/\/www.dalpasso.it\/fr\/info\/ce-quil-faut-savoir-sur-lapplication-prothetique\/conduite-de-vehicules\/\",\"url\":\"https:\/\/www.dalpasso.it\/fr\/info\/ce-quil-faut-savoir-sur-lapplication-prothetique\/conduite-de-vehicules\/\",\"name\":\"CONDUITE DE V\u00c9HICULES | Dalpasso protesi oculari\",\"isPartOf\":{\"@id\":\"https:\/\/www.dalpasso.it\/fr\/#website\"},\"primaryImageOfPage\":{\"@id\":\"https:\/\/www.dalpasso.it\/fr\/info\/ce-quil-faut-savoir-sur-lapplication-prothetique\/conduite-de-vehicules\/#primaryimage\"},\"image\":{\"@id\":\"https:\/\/www.dalpasso.it\/fr\/info\/ce-quil-faut-savoir-sur-lapplication-prothetique\/conduite-de-vehicules\/#primaryimage\"},\"thumbnailUrl\":\"https:\/\/www.dalpasso.it\/wp-content\/uploads\/2018\/05\/hp-automezzi.jpg\",\"datePublished\":\"2015-10-22T08:33:12+00:00\",\"dateModified\":\"2018-05-28T14:04:18+00:00\",\"breadcrumb\":{\"@id\":\"https:\/\/www.dalpasso.it\/fr\/info\/ce-quil-faut-savoir-sur-lapplication-prothetique\/conduite-de-vehicules\/#breadcrumb\"},\"inLanguage\":\"fr-FR\",\"potentialAction\":[{\"@type\":\"ReadAction\",\"target\":[\"https:\/\/www.dalpasso.it\/fr\/info\/ce-quil-faut-savoir-sur-lapplication-prothetique\/conduite-de-vehicules\/\"]}]},{\"@type\":\"ImageObject\",\"inLanguage\":\"fr-FR\",\"@id\":\"https:\/\/www.dalpasso.it\/fr\/info\/ce-quil-faut-savoir-sur-lapplication-prothetique\/conduite-de-vehicules\/#primaryimage\",\"url\":\"https:\/\/www.dalpasso.it\/wp-content\/uploads\/2018\/05\/hp-automezzi.jpg\",\"contentUrl\":\"https:\/\/www.dalpasso.it\/wp-content\/uploads\/2018\/05\/hp-automezzi.jpg\",\"width\":500,\"height\":380},{\"@type\":\"BreadcrumbList\",\"@id\":\"https:\/\/www.dalpasso.it\/fr\/info\/ce-quil-faut-savoir-sur-lapplication-prothetique\/conduite-de-vehicules\/#breadcrumb\",\"itemListElement\":[{\"@type\":\"ListItem\",\"position\":1,\"name\":\"Home\",\"item\":\"https:\/\/www.dalpasso.it\/fr\/standard-business\/\"},{\"@type\":\"ListItem\",\"position\":2,\"name\":\"INFO\",\"item\":\"https:\/\/www.dalpasso.it\/fr\/info\/\"},{\"@type\":\"ListItem\",\"position\":3,\"name\":\"CE QU&#8217;IL FAUT SAVOIR SUR L&#8217;APPLICATION PROTH\u00c9TIQUE\",\"item\":\"https:\/\/www.dalpasso.it\/fr\/info\/ce-quil-faut-savoir-sur-lapplication-prothetique\/\"},{\"@type\":\"ListItem\",\"position\":4,\"name\":\"CONDUITE DE V\u00c9HICULES\"}]},{\"@type\":\"WebSite\",\"@id\":\"https:\/\/www.dalpasso.it\/fr\/#website\",\"url\":\"https:\/\/www.dalpasso.it\/fr\/\",\"name\":\"DALPASSO Protesi Oculari\",\"description\":\"\",\"potentialAction\":[{\"@type\":\"SearchAction\",\"target\":{\"@type\":\"EntryPoint\",\"urlTemplate\":\"https:\/\/www.dalpasso.it\/fr\/?s={search_term_string}\"},\"query-input\":{\"@type\":\"PropertyValueSpecification\",\"valueRequired\":true,\"valueName\":\"search_term_string\"}}],\"inLanguage\":\"fr-FR\"}]}<\/script>\n<!-- \/ Yoast SEO plugin. -->","yoast_head_json":{"title":"CONDUITE DE V\u00c9HICULES | Dalpasso protesi oculari","robots":{"index":"index","follow":"follow","max-snippet":"max-snippet:-1","max-image-preview":"max-image-preview:large","max-video-preview":"max-video-preview:-1"},"canonical":"https:\/\/www.dalpasso.it\/fr\/info\/ce-quil-faut-savoir-sur-lapplication-prothetique\/conduite-de-vehicules\/","og_locale":"fr_FR","og_type":"article","og_title":"CONDUITE DE V\u00c9HICULES | Dalpasso protesi oculari","og_description":"[vc_row full_width=\u00a0\u00bb\u00a0\u00bb parallax=\u00a0\u00bb\u00a0\u00bb parallax_image=\u00a0\u00bb\u00a0\u00bb][vc_column width=\u00a0\u00bb2\/3&Prime;][vc_column_text] &nbsp; La vision monoculaire entra\u00eene une g\u00eane et requiert en cela une attention accrue dans l&rsquo;\u00e9valuation des distances avec le v\u00e9hicule vous pr\u00e9c\u00e9dant et la visibilit\u00e9 lat\u00e9rale, bien entendue compromise du c\u00f4t\u00e9 du handicap. Depuis 2010, les porteurs de proth\u00e8se oculaire (monocle organique ou fonctionnel) ne doivent plus obtenir le [&hellip;]","og_url":"https:\/\/www.dalpasso.it\/fr\/info\/ce-quil-faut-savoir-sur-lapplication-prothetique\/conduite-de-vehicules\/","og_site_name":"Dalpasso protesi oculari","article_modified_time":"2018-05-28T14:04:18+00:00","og_image":[{"width":500,"height":380,"url":"https:\/\/www.dalpasso.it\/wp-content\/uploads\/2018\/05\/hp-automezzi.jpg","type":"image\/jpeg"}],"twitter_card":"summary_large_image","twitter_misc":{"Dur\u00e9e de lecture estim\u00e9e":"1 minute"},"schema":{"@context":"https:\/\/schema.org","@graph":[{"@type":"WebPage","@id":"https:\/\/www.dalpasso.it\/fr\/info\/ce-quil-faut-savoir-sur-lapplication-prothetique\/conduite-de-vehicules\/","url":"https:\/\/www.dalpasso.it\/fr\/info\/ce-quil-faut-savoir-sur-lapplication-prothetique\/conduite-de-vehicules\/","name":"CONDUITE DE V\u00c9HICULES | Dalpasso protesi oculari","isPartOf":{"@id":"https:\/\/www.dalpasso.it\/fr\/#website"},"primaryImageOfPage":{"@id":"https:\/\/www.dalpasso.it\/fr\/info\/ce-quil-faut-savoir-sur-lapplication-prothetique\/conduite-de-vehicules\/#primaryimage"},"image":{"@id":"https:\/\/www.dalpasso.it\/fr\/info\/ce-quil-faut-savoir-sur-lapplication-prothetique\/conduite-de-vehicules\/#primaryimage"},"thumbnailUrl":"https:\/\/www.dalpasso.it\/wp-content\/uploads\/2018\/05\/hp-automezzi.jpg","datePublished":"2015-10-22T08:33:12+00:00","dateModified":"2018-05-28T14:04:18+00:00","breadcrumb":{"@id":"https:\/\/www.dalpasso.it\/fr\/info\/ce-quil-faut-savoir-sur-lapplication-prothetique\/conduite-de-vehicules\/#breadcrumb"},"inLanguage":"fr-FR","potentialAction":[{"@type":"ReadAction","target":["https:\/\/www.dalpasso.it\/fr\/info\/ce-quil-faut-savoir-sur-lapplication-prothetique\/conduite-de-vehicules\/"]}]},{"@type":"ImageObject","inLanguage":"fr-FR","@id":"https:\/\/www.dalpasso.it\/fr\/info\/ce-quil-faut-savoir-sur-lapplication-prothetique\/conduite-de-vehicules\/#primaryimage","url":"https:\/\/www.dalpasso.it\/wp-content\/uploads\/2018\/05\/hp-automezzi.jpg","contentUrl":"https:\/\/www.dalpasso.it\/wp-content\/uploads\/2018\/05\/hp-automezzi.jpg","width":500,"height":380},{"@type":"BreadcrumbList","@id":"https:\/\/www.dalpasso.it\/fr\/info\/ce-quil-faut-savoir-sur-lapplication-prothetique\/conduite-de-vehicules\/#breadcrumb","itemListElement":[{"@type":"ListItem","position":1,"name":"Home","item":"https:\/\/www.dalpasso.it\/fr\/standard-business\/"},{"@type":"ListItem","position":2,"name":"INFO","item":"https:\/\/www.dalpasso.it\/fr\/info\/"},{"@type":"ListItem","position":3,"name":"CE QU&#8217;IL FAUT SAVOIR SUR L&#8217;APPLICATION PROTH\u00c9TIQUE","item":"https:\/\/www.dalpasso.it\/fr\/info\/ce-quil-faut-savoir-sur-lapplication-prothetique\/"},{"@type":"ListItem","position":4,"name":"CONDUITE DE V\u00c9HICULES"}]},{"@type":"WebSite","@id":"https:\/\/www.dalpasso.it\/fr\/#website","url":"https:\/\/www.dalpasso.it\/fr\/","name":"DALPASSO Protesi Oculari","description":"","potentialAction":[{"@type":"SearchAction","target":{"@type":"EntryPoint","urlTemplate":"https:\/\/www.dalpasso.it\/fr\/?s={search_term_string}"},"query-input":{"@type":"PropertyValueSpecification","valueRequired":true,"valueName":"search_term_string"}}],"inLanguage":"fr-FR"}]}},"_links":{"self":[{"href":"https:\/\/www.dalpasso.it\/fr\/wp-json\/wp\/v2\/pages\/11037","targetHints":{"allow":["GET"]}}],"collection":[{"href":"https:\/\/www.dalpasso.it\/fr\/wp-json\/wp\/v2\/pages"}],"about":[{"href":"https:\/\/www.dalpasso.it\/fr\/wp-json\/wp\/v2\/types\/page"}],"author":[{"embeddable":true,"href":"https:\/\/www.dalpasso.it\/fr\/wp-json\/wp\/v2\/users\/1"}],"replies":[{"embeddable":true,"href":"https:\/\/www.dalpasso.it\/fr\/wp-json\/wp\/v2\/comments?post=11037"}],"version-history":[{"count":3,"href":"https:\/\/www.dalpasso.it\/fr\/wp-json\/wp\/v2\/pages\/11037\/revisions"}],"predecessor-version":[{"id":11145,"href":"https:\/\/www.dalpasso.it\/fr\/wp-json\/wp\/v2\/pages\/11037\/revisions\/11145"}],"up":[{"embeddable":true,"href":"https:\/\/www.dalpasso.it\/fr\/wp-json\/wp\/v2\/pages\/10655"}],"wp:featuredmedia":[{"embeddable":true,"href":"https:\/\/www.dalpasso.it\/fr\/wp-json\/wp\/v2\/media\/15450"}],"wp:attachment":[{"href":"https:\/\/www.dalpasso.it\/fr\/wp-json\/wp\/v2\/media?parent=11037"}],"curies":[{"name":"wp","href":"https:\/\/api.w.org\/{rel}","templated":true}]}}