{"id":10981,"date":"2015-06-09T12:50:31","date_gmt":"2015-06-09T10:50:31","guid":{"rendered":"http:\/\/www.dalpasso.it\/fr\/catania\/"},"modified":"2020-06-29T14:06:25","modified_gmt":"2020-06-29T12:06:25","slug":"catane","status":"publish","type":"page","link":"https:\/\/www.dalpasso.it\/fr\/catane\/","title":{"rendered":"CATANE"},"content":{"rendered":"<div class=\"wpb-content-wrapper\">[vc_row][vc_column width=\u00a0\u00bb1\/2&Prime;][vc_single_image image=\u00a0\u00bb20442&Prime; img_size=\u00a0\u00bbfull\u00a0\u00bb][\/vc_column][vc_column width=\u00a0\u00bb1\/2&Prime;][\/vc_column][\/vc_row][vc_row][vc_column][vc_column_text]<strong><span style=\"color: #000000;\">Via Don Luigi Sturzo 142 \u2013 Escalier B \u2013 deuxi\u00e8me \u00e9tage \u2013 90131 Catane<br \/>\nT\u00e9l. et fax\u00a0: 095.311664<br \/>\nPour r\u00e9server, t\u00e9l\u00e9phoner au num\u00e9ro 095.311664<\/span><\/strong>[\/vc_column_text][\/vc_column][\/vc_row][vc_row][vc_column][vc_gmaps link=\u00a0\u00bb#E-8_JTNDaWZyYW1lJTIwc3JjJTNEJTIyaHR0cHMlM0ElMkYlMkZ3d3cuZ29vZ2xlLmNvbSUyRm1hcHMlMkZlbWJlZCUzRnBiJTNEJTIxMW0xOCUyMTFtMTIlMjExbTMlMjExZDMxNjUuMDQ2MzI1MjM4MzgzNCUyMTJkMTUuMDkxNDAyOTE1NDg5MzMzJTIxM2QzNy41MDY4MjU1MzUzMDI3NzQlMjEybTMlMjExZjAlMjEyZjAlMjEzZjAlMjEzbTIlMjExaTEwMjQlMjEyaTc2OCUyMTRmMTMuMSUyMTNtMyUyMTFtMiUyMTFzMHgxMzEzZTMzMmZlNWM2MDdkJTI1M0EweGM0OWJjMmJkOTY2ZDViMTYlMjEyc1ZpYSUyQkRvbiUyQkx1aWdpJTJCU3R1cnpvJTI1MkMlMkIxNDIlMjUyQyUyQjk1MTMxJTJCQ2F0YW5pYSUyQkNUJTIxNWUwJTIxM20yJTIxMXNpdCUyMTJzaXQlMjE0djE0NDQ3NDIzNzYzMDclMjIlMjB3aWR0aCUzRCUyMjYwMCUyMiUyMGhlaWdodCUzRCUyMjQ1MCUyMiUyMGZyYW1lYm9yZGVyJTNEJTIyMCUyMiUyMHN0eWxlJTNEJTIyYm9yZGVyJTNBMCUyMiUyMGFsbG93ZnVsbHNjcmVlbiUzRSUzQyUyRmlmcmFtZSUzRQ==\u00a0\u00bb size=\u00a0\u00bb400px\u00a0\u00bb title=\u00a0\u00bbCatane\u00a0\u00bb][\/vc_column][\/vc_row][vc_row][vc_column][vc_column_text]<a href=\"https:\/\/www.google.it\/maps\/dir\/Catania+Centrale,+Piazza+Papa+Giovanni+XXIII,+Catania+CT\/37.5067864,15.0936247\/@37.5074816,15.0949648,17.5z\/data=!4m9!4m8!1m5!1m1!1s0x1313e3351f231b59:0x9d07cea6890eb861!2m2!1d15.0999267!2d37.5067289!1m0!3e0\" target=\"_blank\" rel=\"noopener noreferrer\">Consulter l&rsquo;itin\u00e9raire sur Google Maps depuis la Gare ferroviaire<\/a><\/p>\n<p><a href=\"https:\/\/www.google.it\/maps\/dir\/Consorzio+Per+Le+Autostrade+Siciliane,+Via+Catania,+95027+San+Gregorio+di+Catania+CT\/37.5067864,15.0936247\/@37.5350746,15.0686665,14z\/data=!4m9!4m8!1m5!1m1!1s0x1313fc5d15342793:0xb7be6d1ecbfa9a4e!2m2!1d15.1003651!2d37.5583312!1m0!3e0\" target=\"_blank\" rel=\"noopener noreferrer\">Consulter l&rsquo;itin\u00e9raire sur Google Maps depuis la sortie autoroute A18 Messine-Catane<\/a>[\/vc_column_text][\/vc_column][\/vc_row][vc_row][vc_column][vc_row_inner][vc_column_inner width=\u00a0\u00bb7\/12&Prime; offset=\u00a0\u00bbvc_col-md-8&Prime;][vc_column_text]<span style=\"color: #3092c9;\">En voiture<\/span><\/p>\n<p><span style=\"color: #000000;\">De toutes les directions, suivre les indications pour la <strong>Gare Centrale Ferroviaire de Catane<\/strong>.<br \/>\nArriv\u00e9 place de la gare, prendre Corso Martiri della libert\u00e0 et le remonter en entier puis au feu rouge, tourner \u00e0 gauche via Mons.Ventimiglia.<br \/>\n\u00c0 100 m\u00e8tres, tourner \u00e0 nouveau \u00e0 gauche <strong>via Don Luigi Sturzo<\/strong>; notre centre se trouve au n\u00b0 142.<\/span>[\/vc_column_text][\/vc_column_inner][vc_column_inner width=\u00a0\u00bb5\/12&Prime; offset=\u00a0\u00bbvc_col-md-4&Prime;][vc_gmaps link=\u00a0\u00bb#E-8_JTNDaWZyYW1lJTIwc3JjJTNEJTIyaHR0cHMlM0ElMkYlMkZ3d3cuZ29vZ2xlLmNvbSUyRm1hcHMlMkZlbWJlZCUzRnBiJTNEJTIxMW0yMiUyMTFtOCUyMTFtMyUyMTFkMjUzMTAuNzg1OTAxNDczMTI2JTIxMmQxNS4wNjg2NjY1JTIxM2QzNy41MzUwNzQ2JTIxM20yJTIxMWkxMDI0JTIxMmk3NjglMjE0ZjEzLjElMjE0bTExJTIxM2UwJTIxNG01JTIxMXMweDEzMTNmYzVkMTUzNDI3OTMlMjUzQTB4YjdiZTZkMWVjYmZhOWE0ZSUyMTJzQ29uc29yemlvJTI1MjBQZXIlMjUyMExlJTI1MjBBdXRvc3RyYWRlJTI1MjBTaWNpbGlhbmUlMjUyQyUyNTIwVmlhJTI1MjBDYXRhbmlhJTI1MkMlMjUyMDk1MDI3JTI1MjBTYW4lMjUyMEdyZWdvcmlvJTI1MjBkaSUyNTIwQ2F0YW5pYSUyNTIwQ1QlMjEzbTIlMjExZDM3LjU1ODMzMTIlMjEyZDE1LjEwMDM2NTElMjE0bTMlMjEzbTIlMjExZDM3LjUwNjc4NjM5OTk5OTk5NiUyMTJkMTUuMDkzNjI0NyUyMTVlMCUyMTNtMiUyMTFzZnIlMjEyc2l0JTIxNHYxNTc1NDcyNjk0NDU4JTIxNW0yJTIxMXNmciUyMTJzaXQlMjIlMjB3aWR0aCUzRCUyMjYwMCUyMiUyMGhlaWdodCUzRCUyMjQ1MCUyMiUyMGZyYW1lYm9yZGVyJTNEJTIyMCUyMiUyMHN0eWxlJTNEJTIyYm9yZGVyJTNBMCUzQiUyMiUyMGFsbG93ZnVsbHNjcmVlbiUzRCUyMiUyMiUzRSUzQyUyRmlmcmFtZSUzRQ==\u00a0\u00bb size=\u00a0\u00bb240&Prime;][\/vc_column_inner][\/vc_row_inner][vc_row_inner][vc_column_inner width=\u00a0\u00bb7\/12&Prime; offset=\u00a0\u00bbvc_col-md-8&Prime;][vc_column_text]<\/p>\n<h4><span style=\"color: #3092c9;\">Train &amp; Bus<\/span><\/h4>\n<p><span style=\"color: #000000;\">Depuis la Gare Centrale, prendre la ligne circulaire 432 et descendre \u00e0 l&rsquo;arr\u00eat Piazza della Repubblica. Prendre via Mons. Ventimiglia et au bout d&rsquo;\u00e0 peine 100 m\u00e8tres, tourner \u00e0 gauche via Don Luigi Sturzo.<\/span>[\/vc_column_text][\/vc_column_inner][vc_column_inner width=\u00a0\u00bb5\/12&Prime; offset=\u00a0\u00bbvc_col-md-4&Prime;][vc_gmaps link=\u00a0\u00bb#E-8_JTNDaWZyYW1lJTIwc3JjJTNEJTIyaHR0cHMlM0ElMkYlMkZ3d3cuZ29vZ2xlLmNvbSUyRm1hcHMlMkZlbWJlZCUzRnBiJTNEJTIxMW0yMiUyMTFtOCUyMTFtMyUyMTFkMzE2NS4wMTg1MDkyMjE1NTQ3JTIxMmQxNS4wOTQ5NjQ4JTIxM2QzNy41MDc0ODE2JTIxM20yJTIxMWkxMDI0JTIxMmk3NjglMjE0ZjEzLjElMjE0bTExJTIxM2UwJTIxNG01JTIxMXMweDEzMTNlMzM1MWYyMzFiNTklMjUzQTB4OWQwN2NlYTY4OTBlYjg2MSUyMTJzQ2F0YW5pYSUyNTIwQ2VudHJhbGUlMjUyQyUyNTIwUGlhenphJTI1MjBQYXBhJTI1MjBHaW92YW5uaSUyNTIwWFhJSUklMjUyQyUyNTIwQ2F0YW5pYSUyNTIwQ1QlMjEzbTIlMjExZDM3LjUwNjcyODklMjEyZDE1LjA5OTkyNjclMjE0bTMlMjEzbTIlMjExZDM3LjUwNjc4NjM5OTk5OTk5NiUyMTJkMTUuMDkzNjI0NyUyMTVlMCUyMTNtMiUyMTFzZnIlMjEyc2l0JTIxNHYxNTc1NDcyODExMTQwJTIxNW0yJTIxMXNmciUyMTJzaXQlMjIlMjB3aWR0aCUzRCUyMjYwMCUyMiUyMGhlaWdodCUzRCUyMjQ1MCUyMiUyMGZyYW1lYm9yZGVyJTNEJTIyMCUyMiUyMHN0eWxlJTNEJTIyYm9yZGVyJTNBMCUzQiUyMiUyMGFsbG93ZnVsbHNjcmVlbiUzRCUyMiUyMiUzRSUzQyUyRmlmcmFtZSUzRQ==\u00a0\u00bb size=\u00a0\u00bb240&Prime;][\/vc_column_inner][\/vc_row_inner][\/vc_column][\/vc_row]<\/div>","protected":false},"excerpt":{"rendered":"<p>[vc_row][vc_column width=\u00a0\u00bb1\/2&Prime;][vc_single_image image=\u00a0\u00bb20442&Prime; img_size=\u00a0\u00bbfull\u00a0\u00bb][\/vc_column][vc_column width=\u00a0\u00bb1\/2&Prime;][\/vc_column][\/vc_row][vc_row][vc_column][vc_column_text]Via Don Luigi Sturzo 142 \u2013 Escalier B \u2013 deuxi\u00e8me \u00e9tage \u2013 90131 Catane T\u00e9l. et fax\u00a0: 095.311664 Pour r\u00e9server, t\u00e9l\u00e9phoner au num\u00e9ro 095.311664[\/vc_column_text][\/vc_column][\/vc_row][vc_row][vc_column][vc_gmaps link=\u00a0\u00bb#E-8_JTNDaWZyYW1lJTIwc3JjJTNEJTIyaHR0cHMlM0ElMkYlMkZ3d3cuZ29vZ2xlLmNvbSUyRm1hcHMlMkZlbWJlZCUzRnBiJTNEJTIxMW0xOCUyMTFtMTIlMjExbTMlMjExZDMxNjUuMDQ2MzI1MjM4MzgzNCUyMTJkMTUuMDkxNDAyOTE1NDg5MzMzJTIxM2QzNy41MDY4MjU1MzUzMDI3NzQlMjEybTMlMjExZjAlMjEyZjAlMjEzZjAlMjEzbTIlMjExaTEwMjQlMjEyaTc2OCUyMTRmMTMuMSUyMTNtMyUyMTFtMiUyMTFzMHgxMzEzZTMzMmZlNWM2MDdkJTI1M0EweGM0OWJjMmJkOTY2ZDViMTYlMjEyc1ZpYSUyQkRvbiUyQkx1aWdpJTJCU3R1cnpvJTI1MkMlMkIxNDIlMjUyQyUyQjk1MTMxJTJCQ2F0YW5pYSUyQkNUJTIxNWUwJTIxM20yJTIxMXNpdCUyMTJzaXQlMjE0djE0NDQ3NDIzNzYzMDclMjIlMjB3aWR0aCUzRCUyMjYwMCUyMiUyMGhlaWdodCUzRCUyMjQ1MCUyMiUyMGZyYW1lYm9yZGVyJTNEJTIyMCUyMiUyMHN0eWxlJTNEJTIyYm9yZGVyJTNBMCUyMiUyMGFsbG93ZnVsbHNjcmVlbiUzRSUzQyUyRmlmcmFtZSUzRQ==\u00a0\u00bb size=\u00a0\u00bb400px\u00a0\u00bb title=\u00a0\u00bbCatane\u00a0\u00bb][\/vc_column][\/vc_row][vc_row][vc_column][vc_column_text]Consulter l&rsquo;itin\u00e9raire sur Google Maps depuis la Gare ferroviaire Consulter l&rsquo;itin\u00e9raire sur Google Maps depuis la sortie autoroute A18 Messine-Catane[\/vc_column_text][\/vc_column][\/vc_row][vc_row][vc_column][vc_row_inner][vc_column_inner width=\u00a0\u00bb7\/12&Prime; offset=\u00a0\u00bbvc_col-md-8&Prime;][vc_column_text]En voiture De toutes [&hellip;]<\/p>\n","protected":false},"author":4,"featured_media":0,"parent":0,"menu_order":2,"comment_status":"closed","ping_status":"closed","template":"","meta":{"footnotes":""},"class_list":["post-10981","page","type-page","status-publish","hentry"],"yoast_head":"<!-- This site is optimized with the Yoast SEO plugin v27.1.1 - https:\/\/yoast.com\/product\/yoast-seo-wordpress\/ -->\n<title>CATANE | Dalpasso protesi oculari<\/title>\n<meta name=\"robots\" content=\"index, follow, max-snippet:-1, max-image-preview:large, max-video-preview:-1\" \/>\n<link rel=\"canonical\" href=\"https:\/\/www.dalpasso.it\/fr\/catane\/\" \/>\n<meta property=\"og:locale\" content=\"fr_FR\" \/>\n<meta property=\"og:type\" content=\"article\" \/>\n<meta property=\"og:title\" content=\"CATANE | Dalpasso protesi oculari\" \/>\n<meta property=\"og:description\" content=\"[vc_row][vc_column width=\u00a0\u00bb1\/2&Prime;][vc_single_image image=\u00a0\u00bb20442&Prime; img_size=\u00a0\u00bbfull\u00a0\u00bb][\/vc_column][vc_column width=\u00a0\u00bb1\/2&Prime;][\/vc_column][\/vc_row][vc_row][vc_column][vc_column_text]Via Don Luigi Sturzo 142 \u2013 Escalier B \u2013 deuxi\u00e8me \u00e9tage \u2013 90131 Catane T\u00e9l. et fax\u00a0: 095.311664 Pour r\u00e9server, t\u00e9l\u00e9phoner au num\u00e9ro 095.311664[\/vc_column_text][\/vc_column][\/vc_row][vc_row][vc_column][vc_gmaps link=\u00a0\u00bb#E-8_JTNDaWZyYW1lJTIwc3JjJTNEJTIyaHR0cHMlM0ElMkYlMkZ3d3cuZ29vZ2xlLmNvbSUyRm1hcHMlMkZlbWJlZCUzRnBiJTNEJTIxMW0xOCUyMTFtMTIlMjExbTMlMjExZDMxNjUuMDQ2MzI1MjM4MzgzNCUyMTJkMTUuMDkxNDAyOTE1NDg5MzMzJTIxM2QzNy41MDY4MjU1MzUzMDI3NzQlMjEybTMlMjExZjAlMjEyZjAlMjEzZjAlMjEzbTIlMjExaTEwMjQlMjEyaTc2OCUyMTRmMTMuMSUyMTNtMyUyMTFtMiUyMTFzMHgxMzEzZTMzMmZlNWM2MDdkJTI1M0EweGM0OWJjMmJkOTY2ZDViMTYlMjEyc1ZpYSUyQkRvbiUyQkx1aWdpJTJCU3R1cnpvJTI1MkMlMkIxNDIlMjUyQyUyQjk1MTMxJTJCQ2F0YW5pYSUyQkNUJTIxNWUwJTIxM20yJTIxMXNpdCUyMTJzaXQlMjE0djE0NDQ3NDIzNzYzMDclMjIlMjB3aWR0aCUzRCUyMjYwMCUyMiUyMGhlaWdodCUzRCUyMjQ1MCUyMiUyMGZyYW1lYm9yZGVyJTNEJTIyMCUyMiUyMHN0eWxlJTNEJTIyYm9yZGVyJTNBMCUyMiUyMGFsbG93ZnVsbHNjcmVlbiUzRSUzQyUyRmlmcmFtZSUzRQ==\u00a0\u00bb size=\u00a0\u00bb400px\u00a0\u00bb title=\u00a0\u00bbCatane\u00a0\u00bb][\/vc_column][\/vc_row][vc_row][vc_column][vc_column_text]Consulter l&rsquo;itin\u00e9raire sur Google Maps depuis la Gare ferroviaire Consulter l&rsquo;itin\u00e9raire sur Google Maps depuis la sortie autoroute A18 Messine-Catane[\/vc_column_text][\/vc_column][\/vc_row][vc_row][vc_column][vc_row_inner][vc_column_inner width=\u00a0\u00bb7\/12&Prime; offset=\u00a0\u00bbvc_col-md-8&Prime;][vc_column_text]En voiture De toutes [&hellip;]\" \/>\n<meta property=\"og:url\" content=\"https:\/\/www.dalpasso.it\/fr\/catane\/\" \/>\n<meta property=\"og:site_name\" content=\"Dalpasso protesi oculari\" \/>\n<meta property=\"article:modified_time\" content=\"2020-06-29T12:06:25+00:00\" \/>\n<meta name=\"twitter:card\" content=\"summary_large_image\" \/>\n<meta name=\"twitter:label1\" content=\"Dur\u00e9e de lecture estim\u00e9e\" \/>\n\t<meta name=\"twitter:data1\" content=\"2 minutes\" \/>\n<script type=\"application\/ld+json\" class=\"yoast-schema-graph\">{\"@context\":\"https:\/\/schema.org\",\"@graph\":[{\"@type\":\"WebPage\",\"@id\":\"https:\/\/www.dalpasso.it\/fr\/catane\/\",\"url\":\"https:\/\/www.dalpasso.it\/fr\/catane\/\",\"name\":\"CATANE | Dalpasso protesi oculari\",\"isPartOf\":{\"@id\":\"https:\/\/www.dalpasso.it\/fr\/#website\"},\"datePublished\":\"2015-06-09T10:50:31+00:00\",\"dateModified\":\"2020-06-29T12:06:25+00:00\",\"breadcrumb\":{\"@id\":\"https:\/\/www.dalpasso.it\/fr\/catane\/#breadcrumb\"},\"inLanguage\":\"fr-FR\",\"potentialAction\":[{\"@type\":\"ReadAction\",\"target\":[\"https:\/\/www.dalpasso.it\/fr\/catane\/\"]}]},{\"@type\":\"BreadcrumbList\",\"@id\":\"https:\/\/www.dalpasso.it\/fr\/catane\/#breadcrumb\",\"itemListElement\":[{\"@type\":\"ListItem\",\"position\":1,\"name\":\"Home\",\"item\":\"https:\/\/www.dalpasso.it\/fr\/standard-business\/\"},{\"@type\":\"ListItem\",\"position\":2,\"name\":\"CATANE\"}]},{\"@type\":\"WebSite\",\"@id\":\"https:\/\/www.dalpasso.it\/fr\/#website\",\"url\":\"https:\/\/www.dalpasso.it\/fr\/\",\"name\":\"DALPASSO Protesi Oculari\",\"description\":\"\",\"potentialAction\":[{\"@type\":\"SearchAction\",\"target\":{\"@type\":\"EntryPoint\",\"urlTemplate\":\"https:\/\/www.dalpasso.it\/fr\/?s={search_term_string}\"},\"query-input\":{\"@type\":\"PropertyValueSpecification\",\"valueRequired\":true,\"valueName\":\"search_term_string\"}}],\"inLanguage\":\"fr-FR\"}]}<\/script>\n<!-- \/ Yoast SEO plugin. -->","yoast_head_json":{"title":"CATANE | Dalpasso protesi oculari","robots":{"index":"index","follow":"follow","max-snippet":"max-snippet:-1","max-image-preview":"max-image-preview:large","max-video-preview":"max-video-preview:-1"},"canonical":"https:\/\/www.dalpasso.it\/fr\/catane\/","og_locale":"fr_FR","og_type":"article","og_title":"CATANE | Dalpasso protesi oculari","og_description":"[vc_row][vc_column width=\u00a0\u00bb1\/2&Prime;][vc_single_image image=\u00a0\u00bb20442&Prime; img_size=\u00a0\u00bbfull\u00a0\u00bb][\/vc_column][vc_column width=\u00a0\u00bb1\/2&Prime;][\/vc_column][\/vc_row][vc_row][vc_column][vc_column_text]Via Don Luigi Sturzo 142 \u2013 Escalier B \u2013 deuxi\u00e8me \u00e9tage \u2013 90131 Catane T\u00e9l. et fax\u00a0: 095.311664 Pour r\u00e9server, t\u00e9l\u00e9phoner au num\u00e9ro 095.311664[\/vc_column_text][\/vc_column][\/vc_row][vc_row][vc_column][vc_gmaps link=\u00a0\u00bb#E-8_JTNDaWZyYW1lJTIwc3JjJTNEJTIyaHR0cHMlM0ElMkYlMkZ3d3cuZ29vZ2xlLmNvbSUyRm1hcHMlMkZlbWJlZCUzRnBiJTNEJTIxMW0xOCUyMTFtMTIlMjExbTMlMjExZDMxNjUuMDQ2MzI1MjM4MzgzNCUyMTJkMTUuMDkxNDAyOTE1NDg5MzMzJTIxM2QzNy41MDY4MjU1MzUzMDI3NzQlMjEybTMlMjExZjAlMjEyZjAlMjEzZjAlMjEzbTIlMjExaTEwMjQlMjEyaTc2OCUyMTRmMTMuMSUyMTNtMyUyMTFtMiUyMTFzMHgxMzEzZTMzMmZlNWM2MDdkJTI1M0EweGM0OWJjMmJkOTY2ZDViMTYlMjEyc1ZpYSUyQkRvbiUyQkx1aWdpJTJCU3R1cnpvJTI1MkMlMkIxNDIlMjUyQyUyQjk1MTMxJTJCQ2F0YW5pYSUyQkNUJTIxNWUwJTIxM20yJTIxMXNpdCUyMTJzaXQlMjE0djE0NDQ3NDIzNzYzMDclMjIlMjB3aWR0aCUzRCUyMjYwMCUyMiUyMGhlaWdodCUzRCUyMjQ1MCUyMiUyMGZyYW1lYm9yZGVyJTNEJTIyMCUyMiUyMHN0eWxlJTNEJTIyYm9yZGVyJTNBMCUyMiUyMGFsbG93ZnVsbHNjcmVlbiUzRSUzQyUyRmlmcmFtZSUzRQ==\u00a0\u00bb size=\u00a0\u00bb400px\u00a0\u00bb title=\u00a0\u00bbCatane\u00a0\u00bb][\/vc_column][\/vc_row][vc_row][vc_column][vc_column_text]Consulter l&rsquo;itin\u00e9raire sur Google Maps depuis la Gare ferroviaire Consulter l&rsquo;itin\u00e9raire sur Google Maps depuis la sortie autoroute A18 Messine-Catane[\/vc_column_text][\/vc_column][\/vc_row][vc_row][vc_column][vc_row_inner][vc_column_inner width=\u00a0\u00bb7\/12&Prime; offset=\u00a0\u00bbvc_col-md-8&Prime;][vc_column_text]En voiture De toutes [&hellip;]","og_url":"https:\/\/www.dalpasso.it\/fr\/catane\/","og_site_name":"Dalpasso protesi oculari","article_modified_time":"2020-06-29T12:06:25+00:00","twitter_card":"summary_large_image","twitter_misc":{"Dur\u00e9e de lecture estim\u00e9e":"2 minutes"},"schema":{"@context":"https:\/\/schema.org","@graph":[{"@type":"WebPage","@id":"https:\/\/www.dalpasso.it\/fr\/catane\/","url":"https:\/\/www.dalpasso.it\/fr\/catane\/","name":"CATANE | Dalpasso protesi oculari","isPartOf":{"@id":"https:\/\/www.dalpasso.it\/fr\/#website"},"datePublished":"2015-06-09T10:50:31+00:00","dateModified":"2020-06-29T12:06:25+00:00","breadcrumb":{"@id":"https:\/\/www.dalpasso.it\/fr\/catane\/#breadcrumb"},"inLanguage":"fr-FR","potentialAction":[{"@type":"ReadAction","target":["https:\/\/www.dalpasso.it\/fr\/catane\/"]}]},{"@type":"BreadcrumbList","@id":"https:\/\/www.dalpasso.it\/fr\/catane\/#breadcrumb","itemListElement":[{"@type":"ListItem","position":1,"name":"Home","item":"https:\/\/www.dalpasso.it\/fr\/standard-business\/"},{"@type":"ListItem","position":2,"name":"CATANE"}]},{"@type":"WebSite","@id":"https:\/\/www.dalpasso.it\/fr\/#website","url":"https:\/\/www.dalpasso.it\/fr\/","name":"DALPASSO Protesi Oculari","description":"","potentialAction":[{"@type":"SearchAction","target":{"@type":"EntryPoint","urlTemplate":"https:\/\/www.dalpasso.it\/fr\/?s={search_term_string}"},"query-input":{"@type":"PropertyValueSpecification","valueRequired":true,"valueName":"search_term_string"}}],"inLanguage":"fr-FR"}]}},"_links":{"self":[{"href":"https:\/\/www.dalpasso.it\/fr\/wp-json\/wp\/v2\/pages\/10981","targetHints":{"allow":["GET"]}}],"collection":[{"href":"https:\/\/www.dalpasso.it\/fr\/wp-json\/wp\/v2\/pages"}],"about":[{"href":"https:\/\/www.dalpasso.it\/fr\/wp-json\/wp\/v2\/types\/page"}],"author":[{"embeddable":true,"href":"https:\/\/www.dalpasso.it\/fr\/wp-json\/wp\/v2\/users\/4"}],"replies":[{"embeddable":true,"href":"https:\/\/www.dalpasso.it\/fr\/wp-json\/wp\/v2\/comments?post=10981"}],"version-history":[{"count":5,"href":"https:\/\/www.dalpasso.it\/fr\/wp-json\/wp\/v2\/pages\/10981\/revisions"}],"predecessor-version":[{"id":20451,"href":"https:\/\/www.dalpasso.it\/fr\/wp-json\/wp\/v2\/pages\/10981\/revisions\/20451"}],"wp:attachment":[{"href":"https:\/\/www.dalpasso.it\/fr\/wp-json\/wp\/v2\/media?parent=10981"}],"curies":[{"name":"wp","href":"https:\/\/api.w.org\/{rel}","templated":true}]}}