{"id":10963,"date":"2015-06-09T12:48:54","date_gmt":"2015-06-09T10:48:54","guid":{"rendered":"http:\/\/www.dalpasso.it\/fr\/padova\/"},"modified":"2019-12-04T16:55:35","modified_gmt":"2019-12-04T15:55:35","slug":"padoue","status":"publish","type":"page","link":"https:\/\/www.dalpasso.it\/fr\/padoue\/","title":{"rendered":"PADOUE"},"content":{"rendered":"<div class=\"wpb-content-wrapper\">[vc_row][vc_column][vc_column_text]<span style=\"color: #000000;\"><strong>V.le della Navigazione Interna n\u00b051<\/strong>\u00a0(Zone Industrielle \u2013 Padoue Est)<br \/>\n<strong>T\u00e9l.\u00a0: 049.8077265 \u2013 Fax\u00a0: 049.777046<\/strong><\/span>[\/vc_column_text][\/vc_column][\/vc_row][vc_row][vc_column][vc_gmaps link=\u00a0\u00bb#E-8_JTNDaWZyYW1lJTIwc3JjJTNEJTIyaHR0cHMlM0ElMkYlMkZ3d3cuZ29vZ2xlLmNvbSUyRm1hcHMlMkZlbWJlZCUzRnBiJTNEJTIxMW0xOCUyMTFtMTIlMjExbTMlMjExZDI4MDEuMDMxMjkyNzY3MDI4NCUyMTJkMTEuOTI1ODM0NDE1Njc4NzQ4JTIxM2Q0NS40MDg3MDg1NDUxNjUyOCUyMTJtMyUyMTFmMCUyMTJmMCUyMTNmMCUyMTNtMiUyMTFpMTAyNCUyMTJpNzY4JTIxNGYxMy4xJTIxM20zJTIxMW0yJTIxMXMweDQ3N2VkYWM4ODlmMzMyN2QlMjUzQTB4NWI2Njk2OTRjMmM1YzhmNiUyMTJzVmlhbGUlMkJkZWxsYSUyQk5hdmlnYXppb25lJTJCSW50ZXJuYSUyNTJDJTJCUGFkb3ZhJTJCUEQlMjE1ZTAlMjEzbTIlMjExc2l0JTIxMnNpdCUyMTR2MTQ0NDc0MzExNTAyMCUyMiUyMHdpZHRoJTNEJTIyNjAwJTIyJTIwaGVpZ2h0JTNEJTIyNDUwJTIyJTIwZnJhbWVib3JkZXIlM0QlMjIwJTIyJTIwc3R5bGUlM0QlMjJib3JkZXIlM0EwJTIyJTIwYWxsb3dmdWxsc2NyZWVuJTNFJTNDJTJGaWZyYW1lJTNF\u00a0\u00bb size=\u00a0\u00bb400px\u00a0\u00bb title=\u00a0\u00bbPadoue\u00a0\u00bb][\/vc_column][\/vc_row][vc_row][vc_column][vc_column_text]<a href=\"https:\/\/www.google.it\/maps\/dir\/45.4176423,11.9342909\/''\/@45.4131333,11.926204,16z\/data=!4m9!4m8!1m0!1m5!1m1!1s0x477edac919855465:0x275da1cbdd4728ec!2m2!1d11.9282569!2d45.409107!3e0\" target=\"_blank\" rel=\"noopener noreferrer\">Consulter l&rsquo;itin\u00e9raire sur Google Maps depuis la sortie A4 Padoue EST<\/a><\/p>\n<p><a href=\"https:\/\/www.google.it\/maps\/dir\/Padova+Sud,+Raccordo+Padova+Sud,+35020+PD\/Dal+Passo+Srl,+51+vl.+Navigaz.+Interna,+Padova,+PD+35129,+35129+Padova+PD\/@45.3823371,11.8901268,13.25z\/am=t\/data=!4m13!4m12!1m5!1m1!1s0x477edc6806926071:0xf4ae16bf6a6cabf9!2m2!1d11.8482935!2d45.3446729!1m5!1m1!1s0x477edac919855465:0x275da1cbdd4728ec!2m2!1d11.9282569!2d45.409107?hl=it\" target=\"_blank\" rel=\"noopener noreferrer\">Consulter l&rsquo;itin\u00e9raire sur Google Maps depuis la sortie Padova SUD (Padoue Sud)<\/a>[\/vc_column_text][\/vc_column][\/vc_row][vc_row][vc_column][vc_row_inner][vc_column_inner width=\u00a0\u00bb7\/12&Prime; offset=\u00a0\u00bbvc_col-md-8&Prime;][vc_column_text]<\/p>\n<h4><strong><span style=\"color: #3092c9;\">En voiture<\/span><\/strong><\/h4>\n<p><span style=\"color: #000000;\"><strong>En provenance du Sud (Rovigo &#8211; Ferrare): <\/strong><\/span><br \/>\n<span style=\"color: #000000;\"> A la porte de Padoue Sud, continuer tout droit pendant 1 km, puis tourner \u00e0 droite en direction de Venise (C.so Primo Maggio). Continuer 8 km puis prendre la sortie 15, tourner imm\u00e9diatement \u00e0 gauche\u00a0: notre centre se trouve \u00e0 100 m sur la droite.<\/span>[\/vc_column_text][\/vc_column_inner][vc_column_inner width=\u00a0\u00bb5\/12&Prime; offset=\u00a0\u00bbvc_col-md-4&Prime;][vc_gmaps link=\u00a0\u00bb#E-8_JTNDaWZyYW1lJTIwc3JjJTNEJTIyaHR0cHMlM0ElMkYlMkZ3d3cuZ29vZ2xlLmNvbSUyRm1hcHMlMkZlbWJlZCUzRnBiJTNEJTIxMW0yOCUyMTFtMTIlMjExbTMlMjExZDQ0ODM5LjExMDQ1NjA2OTE1JTIxMmQxMS44NTYwNDQ4NDY1MTUyOSUyMTNkNDUuMzgwMjA1NDk5NDcxOTklMjEybTMlMjExZjAlMjEyZjAlMjEzZjAlMjEzbTIlMjExaTEwMjQlMjEyaTc2OCUyMTRmMTMuMSUyMTRtMTMlMjEzZTYlMjE0bTUlMjExczB4NDc3ZWRjNjgwNjkyNjA3MSUyNTNBMHhmNGFlMTZiZjZhNmNhYmY5JTIxMnNQYWRvdmElMjUyMFN1ZCUyNTJDJTI1MjBSYWNjb3JkbyUyNTIwUGFkb3ZhJTI1MjBTdWQlMjUyQyUyNTIwMzUwMjAlMjUyMFBEJTIxM20yJTIxMWQ0NS4zNDQ2NzI5JTIxMmQxMS44NDgyOTM0OTk5OTk5OTklMjE0bTUlMjExczB4NDc3ZWRhYzkxOTg1NTQ2NSUyNTNBMHgyNzVkYTFjYmRkNDcyOGVjJTIxMnNEYWwlMjUyMFBhc3NvJTI1MjBTcmwlMjUyQyUyNTIwNTElMjUyMHZsLiUyNTIwTmF2aWdhei4lMjUyMEludGVybmElMjUyQyUyNTIwUGFkb3ZhJTI1MkMlMjUyMFBEJTI1MjAzNTEyOSUyNTJDJTI1MjAzNTEyOSUyNTIwUGFkb3ZhJTI1MjBQRCUyMTNtMiUyMTFkNDUuNDA5MDYyMzk5OTk5OTk2JTIxMmQxMS45MjgyNzMyOTk5OTk5OTklMjE1ZTAlMjEzbTIlMjExc2ZyJTIxMnNpdCUyMTR2MTU3NTQ3NDY5NTAyNCUyMTVtMiUyMTFzZnIlMjEyc2l0JTIyJTIwd2lkdGglM0QlMjI2MDAlMjIlMjBoZWlnaHQlM0QlMjI0NTAlMjIlMjBmcmFtZWJvcmRlciUzRCUyMjAlMjIlMjBzdHlsZSUzRCUyMmJvcmRlciUzQTAlM0IlMjIlMjBhbGxvd2Z1bGxzY3JlZW4lM0QlMjIlMjIlM0UlM0MlMkZpZnJhbWUlM0U=\u00a0\u00bb size=\u00a0\u00bb240&Prime;][\/vc_column_inner][\/vc_row_inner][vc_row_inner][vc_column_inner width=\u00a0\u00bb7\/12&Prime; offset=\u00a0\u00bbvc_col-md-8&Prime;][vc_column_text]<span style=\"color: #000000;\"><strong>En provenance du Nord et de toutes les autres directions (Tr\u00e9vise &#8211; Vicence &#8211; Venise):<br \/>\n<\/strong>Sortie Padoue Est\u00a0: continuer tout droit sur le pont en gardant vitre gauche et suivre les indications de la \u00ab\u00a0Zona Industriale Nord\u00a0\u00bb (Zone industrielle Nord), au bout de 100 m\u00e8tres, prendre la Sortie 16 (avant le passage pi\u00e9tons sur\u00e9lev\u00e9) et tourner \u00e0 droite dans la via dell&rsquo;Industria. Continuer tout droit sur 200 m et au premier rond-point, tourner \u00e0 gauche dans la 4\u00e8me rue. Au fond de la 4\u00e8me rue, devant l&rsquo;entreprise Ferrotubi, tourner \u00e0 gauche. Notre centre se trouve dans l&rsquo;immeuble jaune et bleu sur votre gauche.<\/span><\/p>\n<p>[\/vc_column_text][\/vc_column_inner][vc_column_inner width=\u00a0\u00bb5\/12&Prime; offset=\u00a0\u00bbvc_col-md-4&Prime;][vc_gmaps link=\u00a0\u00bb#E-8_JTNDaWZyYW1lJTIwc3JjJTNEJTIyaHR0cHMlM0ElMkYlMkZ3d3cuZ29vZ2xlLmNvbSUyRm1hcHMlMkZlbWJlZCUzRnBiJTNEJTIxMW0yMSUyMTFtOCUyMTFtMyUyMTFkNTYwMS42MjM3MjQzMjgyNDklMjEyZDExLjkyNjIwNCUyMTNkNDUuNDEzMTMzMyUyMTNtMiUyMTFpMTAyNCUyMTJpNzY4JTIxNGYxMy4xJTIxNG0xMCUyMTNlMCUyMTRtMyUyMTNtMiUyMTFkNDUuNDE3NjQyMyUyMTJkMTEuOTM0MjkwODk5OTk5OTk5JTIxNG00JTIxMXMweDQ3N2VkYWM5MTk4NTU0NjUlMjUzQTB4Mjc1ZGExY2JkZDQ3MjhlYyUyMTNtMiUyMTFkNDUuNDA5MDYyMzk5OTk5OTk2JTIxMmQxMS45MjgyNzMyOTk5OTk5OTklMjE1ZTAlMjEzbTIlMjExc2ZyJTIxMnNpdCUyMTR2MTU3NTQ3NDY1NTE5MyUyMTVtMiUyMTFzZnIlMjEyc2l0JTIyJTIwd2lkdGglM0QlMjI2MDAlMjIlMjBoZWlnaHQlM0QlMjI0NTAlMjIlMjBmcmFtZWJvcmRlciUzRCUyMjAlMjIlMjBzdHlsZSUzRCUyMmJvcmRlciUzQTAlM0IlMjIlMjBhbGxvd2Z1bGxzY3JlZW4lM0QlMjIlMjIlM0UlM0MlMkZpZnJhbWUlM0U=\u00a0\u00bb size=\u00a0\u00bb240&Prime;][\/vc_column_inner][\/vc_row_inner][vc_row_inner][vc_column_inner width=\u00a0\u00bb7\/12&Prime; offset=\u00a0\u00bbvc_col-md-8&Prime;][vc_column_text]<\/p>\n<h4><strong><span style=\"color: #3092c9;\">Train &amp; Bus<\/span><\/strong><\/h4>\n<p><span style=\"color: #000000;\">De la gare ferroviaire, prendre le bus Ligne 7, l&rsquo;arr\u00eat est via dell&rsquo;Industria, \u00e0 200 m\u00e8tres de notre centre.<\/span>[\/vc_column_text][\/vc_column_inner][vc_column_inner width=\u00a0\u00bb5\/12&Prime; offset=\u00a0\u00bbvc_col-md-4&Prime;][\/vc_column_inner][\/vc_row_inner][\/vc_column][\/vc_row]<\/div>","protected":false},"excerpt":{"rendered":"<p>[vc_row][vc_column][vc_column_text]V.le della Navigazione Interna n\u00b051\u00a0(Zone Industrielle \u2013 Padoue Est) T\u00e9l.\u00a0: 049.8077265 \u2013 Fax\u00a0: 049.777046[\/vc_column_text][\/vc_column][\/vc_row][vc_row][vc_column][vc_gmaps link=\u00a0\u00bb#E-8_JTNDaWZyYW1lJTIwc3JjJTNEJTIyaHR0cHMlM0ElMkYlMkZ3d3cuZ29vZ2xlLmNvbSUyRm1hcHMlMkZlbWJlZCUzRnBiJTNEJTIxMW0xOCUyMTFtMTIlMjExbTMlMjExZDI4MDEuMDMxMjkyNzY3MDI4NCUyMTJkMTEuOTI1ODM0NDE1Njc4NzQ4JTIxM2Q0NS40MDg3MDg1NDUxNjUyOCUyMTJtMyUyMTFmMCUyMTJmMCUyMTNmMCUyMTNtMiUyMTFpMTAyNCUyMTJpNzY4JTIxNGYxMy4xJTIxM20zJTIxMW0yJTIxMXMweDQ3N2VkYWM4ODlmMzMyN2QlMjUzQTB4NWI2Njk2OTRjMmM1YzhmNiUyMTJzVmlhbGUlMkJkZWxsYSUyQk5hdmlnYXppb25lJTJCSW50ZXJuYSUyNTJDJTJCUGFkb3ZhJTJCUEQlMjE1ZTAlMjEzbTIlMjExc2l0JTIxMnNpdCUyMTR2MTQ0NDc0MzExNTAyMCUyMiUyMHdpZHRoJTNEJTIyNjAwJTIyJTIwaGVpZ2h0JTNEJTIyNDUwJTIyJTIwZnJhbWVib3JkZXIlM0QlMjIwJTIyJTIwc3R5bGUlM0QlMjJib3JkZXIlM0EwJTIyJTIwYWxsb3dmdWxsc2NyZWVuJTNFJTNDJTJGaWZyYW1lJTNF\u00a0\u00bb size=\u00a0\u00bb400px\u00a0\u00bb title=\u00a0\u00bbPadoue\u00a0\u00bb][\/vc_column][\/vc_row][vc_row][vc_column][vc_column_text]Consulter l&rsquo;itin\u00e9raire sur Google Maps depuis la sortie A4 Padoue EST Consulter l&rsquo;itin\u00e9raire sur Google Maps depuis la sortie Padova SUD (Padoue Sud)[\/vc_column_text][\/vc_column][\/vc_row][vc_row][vc_column][vc_row_inner][vc_column_inner width=\u00a0\u00bb7\/12&Prime; offset=\u00a0\u00bbvc_col-md-8&Prime;][vc_column_text] En voiture En provenance du Sud (Rovigo &#8211; Ferrare): A la porte de Padoue [&hellip;]<\/p>\n","protected":false},"author":4,"featured_media":0,"parent":0,"menu_order":2,"comment_status":"closed","ping_status":"closed","template":"","meta":{"footnotes":""},"class_list":["post-10963","page","type-page","status-publish","hentry"],"yoast_head":"<!-- This site is optimized with the Yoast SEO plugin v27.1.1 - https:\/\/yoast.com\/product\/yoast-seo-wordpress\/ -->\n<title>PADOUE | Dalpasso protesi oculari<\/title>\n<meta name=\"robots\" content=\"index, follow, max-snippet:-1, max-image-preview:large, max-video-preview:-1\" \/>\n<link rel=\"canonical\" href=\"https:\/\/www.dalpasso.it\/fr\/padoue\/\" \/>\n<meta property=\"og:locale\" content=\"fr_FR\" \/>\n<meta property=\"og:type\" content=\"article\" \/>\n<meta property=\"og:title\" content=\"PADOUE | Dalpasso protesi oculari\" \/>\n<meta property=\"og:description\" content=\"[vc_row][vc_column][vc_column_text]V.le della Navigazione Interna n\u00b051\u00a0(Zone Industrielle \u2013 Padoue Est) T\u00e9l.\u00a0: 049.8077265 \u2013 Fax\u00a0: 049.777046[\/vc_column_text][\/vc_column][\/vc_row][vc_row][vc_column][vc_gmaps link=\u00a0\u00bb#E-8_JTNDaWZyYW1lJTIwc3JjJTNEJTIyaHR0cHMlM0ElMkYlMkZ3d3cuZ29vZ2xlLmNvbSUyRm1hcHMlMkZlbWJlZCUzRnBiJTNEJTIxMW0xOCUyMTFtMTIlMjExbTMlMjExZDI4MDEuMDMxMjkyNzY3MDI4NCUyMTJkMTEuOTI1ODM0NDE1Njc4NzQ4JTIxM2Q0NS40MDg3MDg1NDUxNjUyOCUyMTJtMyUyMTFmMCUyMTJmMCUyMTNmMCUyMTNtMiUyMTFpMTAyNCUyMTJpNzY4JTIxNGYxMy4xJTIxM20zJTIxMW0yJTIxMXMweDQ3N2VkYWM4ODlmMzMyN2QlMjUzQTB4NWI2Njk2OTRjMmM1YzhmNiUyMTJzVmlhbGUlMkJkZWxsYSUyQk5hdmlnYXppb25lJTJCSW50ZXJuYSUyNTJDJTJCUGFkb3ZhJTJCUEQlMjE1ZTAlMjEzbTIlMjExc2l0JTIxMnNpdCUyMTR2MTQ0NDc0MzExNTAyMCUyMiUyMHdpZHRoJTNEJTIyNjAwJTIyJTIwaGVpZ2h0JTNEJTIyNDUwJTIyJTIwZnJhbWVib3JkZXIlM0QlMjIwJTIyJTIwc3R5bGUlM0QlMjJib3JkZXIlM0EwJTIyJTIwYWxsb3dmdWxsc2NyZWVuJTNFJTNDJTJGaWZyYW1lJTNF\u00a0\u00bb size=\u00a0\u00bb400px\u00a0\u00bb title=\u00a0\u00bbPadoue\u00a0\u00bb][\/vc_column][\/vc_row][vc_row][vc_column][vc_column_text]Consulter l&rsquo;itin\u00e9raire sur Google Maps depuis la sortie A4 Padoue EST Consulter l&rsquo;itin\u00e9raire sur Google Maps depuis la sortie Padova SUD (Padoue Sud)[\/vc_column_text][\/vc_column][\/vc_row][vc_row][vc_column][vc_row_inner][vc_column_inner width=\u00a0\u00bb7\/12&Prime; offset=\u00a0\u00bbvc_col-md-8&Prime;][vc_column_text] En voiture En provenance du Sud (Rovigo &#8211; Ferrare): A la porte de Padoue [&hellip;]\" \/>\n<meta property=\"og:url\" content=\"https:\/\/www.dalpasso.it\/fr\/padoue\/\" \/>\n<meta property=\"og:site_name\" content=\"Dalpasso protesi oculari\" \/>\n<meta property=\"article:modified_time\" content=\"2019-12-04T15:55:35+00:00\" \/>\n<meta name=\"twitter:card\" content=\"summary_large_image\" \/>\n<meta name=\"twitter:label1\" content=\"Dur\u00e9e de lecture estim\u00e9e\" \/>\n\t<meta name=\"twitter:data1\" content=\"3 minutes\" \/>\n<script type=\"application\/ld+json\" class=\"yoast-schema-graph\">{\"@context\":\"https:\/\/schema.org\",\"@graph\":[{\"@type\":\"WebPage\",\"@id\":\"https:\/\/www.dalpasso.it\/fr\/padoue\/\",\"url\":\"https:\/\/www.dalpasso.it\/fr\/padoue\/\",\"name\":\"PADOUE | Dalpasso protesi oculari\",\"isPartOf\":{\"@id\":\"https:\/\/www.dalpasso.it\/fr\/#website\"},\"datePublished\":\"2015-06-09T10:48:54+00:00\",\"dateModified\":\"2019-12-04T15:55:35+00:00\",\"breadcrumb\":{\"@id\":\"https:\/\/www.dalpasso.it\/fr\/padoue\/#breadcrumb\"},\"inLanguage\":\"fr-FR\",\"potentialAction\":[{\"@type\":\"ReadAction\",\"target\":[\"https:\/\/www.dalpasso.it\/fr\/padoue\/\"]}]},{\"@type\":\"BreadcrumbList\",\"@id\":\"https:\/\/www.dalpasso.it\/fr\/padoue\/#breadcrumb\",\"itemListElement\":[{\"@type\":\"ListItem\",\"position\":1,\"name\":\"Home\",\"item\":\"https:\/\/www.dalpasso.it\/fr\/standard-business\/\"},{\"@type\":\"ListItem\",\"position\":2,\"name\":\"PADOUE\"}]},{\"@type\":\"WebSite\",\"@id\":\"https:\/\/www.dalpasso.it\/fr\/#website\",\"url\":\"https:\/\/www.dalpasso.it\/fr\/\",\"name\":\"DALPASSO Protesi Oculari\",\"description\":\"\",\"potentialAction\":[{\"@type\":\"SearchAction\",\"target\":{\"@type\":\"EntryPoint\",\"urlTemplate\":\"https:\/\/www.dalpasso.it\/fr\/?s={search_term_string}\"},\"query-input\":{\"@type\":\"PropertyValueSpecification\",\"valueRequired\":true,\"valueName\":\"search_term_string\"}}],\"inLanguage\":\"fr-FR\"}]}<\/script>\n<!-- \/ Yoast SEO plugin. -->","yoast_head_json":{"title":"PADOUE | Dalpasso protesi oculari","robots":{"index":"index","follow":"follow","max-snippet":"max-snippet:-1","max-image-preview":"max-image-preview:large","max-video-preview":"max-video-preview:-1"},"canonical":"https:\/\/www.dalpasso.it\/fr\/padoue\/","og_locale":"fr_FR","og_type":"article","og_title":"PADOUE | Dalpasso protesi oculari","og_description":"[vc_row][vc_column][vc_column_text]V.le della Navigazione Interna n\u00b051\u00a0(Zone Industrielle \u2013 Padoue Est) T\u00e9l.\u00a0: 049.8077265 \u2013 Fax\u00a0: 049.777046[\/vc_column_text][\/vc_column][\/vc_row][vc_row][vc_column][vc_gmaps link=\u00a0\u00bb#E-8_JTNDaWZyYW1lJTIwc3JjJTNEJTIyaHR0cHMlM0ElMkYlMkZ3d3cuZ29vZ2xlLmNvbSUyRm1hcHMlMkZlbWJlZCUzRnBiJTNEJTIxMW0xOCUyMTFtMTIlMjExbTMlMjExZDI4MDEuMDMxMjkyNzY3MDI4NCUyMTJkMTEuOTI1ODM0NDE1Njc4NzQ4JTIxM2Q0NS40MDg3MDg1NDUxNjUyOCUyMTJtMyUyMTFmMCUyMTJmMCUyMTNmMCUyMTNtMiUyMTFpMTAyNCUyMTJpNzY4JTIxNGYxMy4xJTIxM20zJTIxMW0yJTIxMXMweDQ3N2VkYWM4ODlmMzMyN2QlMjUzQTB4NWI2Njk2OTRjMmM1YzhmNiUyMTJzVmlhbGUlMkJkZWxsYSUyQk5hdmlnYXppb25lJTJCSW50ZXJuYSUyNTJDJTJCUGFkb3ZhJTJCUEQlMjE1ZTAlMjEzbTIlMjExc2l0JTIxMnNpdCUyMTR2MTQ0NDc0MzExNTAyMCUyMiUyMHdpZHRoJTNEJTIyNjAwJTIyJTIwaGVpZ2h0JTNEJTIyNDUwJTIyJTIwZnJhbWVib3JkZXIlM0QlMjIwJTIyJTIwc3R5bGUlM0QlMjJib3JkZXIlM0EwJTIyJTIwYWxsb3dmdWxsc2NyZWVuJTNFJTNDJTJGaWZyYW1lJTNF\u00a0\u00bb size=\u00a0\u00bb400px\u00a0\u00bb title=\u00a0\u00bbPadoue\u00a0\u00bb][\/vc_column][\/vc_row][vc_row][vc_column][vc_column_text]Consulter l&rsquo;itin\u00e9raire sur Google Maps depuis la sortie A4 Padoue EST Consulter l&rsquo;itin\u00e9raire sur Google Maps depuis la sortie Padova SUD (Padoue Sud)[\/vc_column_text][\/vc_column][\/vc_row][vc_row][vc_column][vc_row_inner][vc_column_inner width=\u00a0\u00bb7\/12&Prime; offset=\u00a0\u00bbvc_col-md-8&Prime;][vc_column_text] En voiture En provenance du Sud (Rovigo &#8211; Ferrare): A la porte de Padoue [&hellip;]","og_url":"https:\/\/www.dalpasso.it\/fr\/padoue\/","og_site_name":"Dalpasso protesi oculari","article_modified_time":"2019-12-04T15:55:35+00:00","twitter_card":"summary_large_image","twitter_misc":{"Dur\u00e9e de lecture estim\u00e9e":"3 minutes"},"schema":{"@context":"https:\/\/schema.org","@graph":[{"@type":"WebPage","@id":"https:\/\/www.dalpasso.it\/fr\/padoue\/","url":"https:\/\/www.dalpasso.it\/fr\/padoue\/","name":"PADOUE | Dalpasso protesi oculari","isPartOf":{"@id":"https:\/\/www.dalpasso.it\/fr\/#website"},"datePublished":"2015-06-09T10:48:54+00:00","dateModified":"2019-12-04T15:55:35+00:00","breadcrumb":{"@id":"https:\/\/www.dalpasso.it\/fr\/padoue\/#breadcrumb"},"inLanguage":"fr-FR","potentialAction":[{"@type":"ReadAction","target":["https:\/\/www.dalpasso.it\/fr\/padoue\/"]}]},{"@type":"BreadcrumbList","@id":"https:\/\/www.dalpasso.it\/fr\/padoue\/#breadcrumb","itemListElement":[{"@type":"ListItem","position":1,"name":"Home","item":"https:\/\/www.dalpasso.it\/fr\/standard-business\/"},{"@type":"ListItem","position":2,"name":"PADOUE"}]},{"@type":"WebSite","@id":"https:\/\/www.dalpasso.it\/fr\/#website","url":"https:\/\/www.dalpasso.it\/fr\/","name":"DALPASSO Protesi Oculari","description":"","potentialAction":[{"@type":"SearchAction","target":{"@type":"EntryPoint","urlTemplate":"https:\/\/www.dalpasso.it\/fr\/?s={search_term_string}"},"query-input":{"@type":"PropertyValueSpecification","valueRequired":true,"valueName":"search_term_string"}}],"inLanguage":"fr-FR"}]}},"_links":{"self":[{"href":"https:\/\/www.dalpasso.it\/fr\/wp-json\/wp\/v2\/pages\/10963","targetHints":{"allow":["GET"]}}],"collection":[{"href":"https:\/\/www.dalpasso.it\/fr\/wp-json\/wp\/v2\/pages"}],"about":[{"href":"https:\/\/www.dalpasso.it\/fr\/wp-json\/wp\/v2\/types\/page"}],"author":[{"embeddable":true,"href":"https:\/\/www.dalpasso.it\/fr\/wp-json\/wp\/v2\/users\/4"}],"replies":[{"embeddable":true,"href":"https:\/\/www.dalpasso.it\/fr\/wp-json\/wp\/v2\/comments?post=10963"}],"version-history":[{"count":6,"href":"https:\/\/www.dalpasso.it\/fr\/wp-json\/wp\/v2\/pages\/10963\/revisions"}],"predecessor-version":[{"id":18713,"href":"https:\/\/www.dalpasso.it\/fr\/wp-json\/wp\/v2\/pages\/10963\/revisions\/18713"}],"wp:attachment":[{"href":"https:\/\/www.dalpasso.it\/fr\/wp-json\/wp\/v2\/media?parent=10963"}],"curies":[{"name":"wp","href":"https:\/\/api.w.org\/{rel}","templated":true}]}}