{"id":10933,"date":"2015-06-09T12:48:14","date_gmt":"2015-06-09T10:48:14","guid":{"rendered":"http:\/\/www.dalpasso.it\/fr\/milano\/"},"modified":"2019-12-04T17:17:26","modified_gmt":"2019-12-04T16:17:26","slug":"milan","status":"publish","type":"page","link":"https:\/\/www.dalpasso.it\/fr\/milan\/","title":{"rendered":"MILAN"},"content":{"rendered":"<div class=\"wpb-content-wrapper\">[vc_row][vc_column][vc_column_text]<span style=\"color: #000000;\"><strong>Via Leopoldo Gasparotto 4\u00a0<\/strong>(Quartier de la Gare Centrale)<br \/>\n<strong>T\u00e9l. 02.67070532 \u2013 fax\u00a0: 02.67384272<\/strong><br \/>\nLe centre est ouvert du lundi au vendredi de 9:00 \u00e0 13:30 et de 14:30 \u00e0 18:00<\/span><\/p>\n<p>&nbsp;<\/p>\n<p><strong>Attention :<\/strong>\u00a0il existe deux via \u00ab\u00a0Gasparotto\u00a0\u00bb \u00e0 Milan\u00a0:\u00a0R\u00e9gler le \u00a0GPS\u00a0sur\u00a0:\u00a0<strong>via Privata Leopoldo Gasparotto<\/strong>[\/vc_column_text][\/vc_column][\/vc_row][vc_row][vc_column][vc_gmaps link=\u00a0\u00bb#E-8_JTNDaWZyYW1lJTIwc3JjJTNEJTIyaHR0cHMlM0ElMkYlMkZ3d3cuZ29vZ2xlLmNvbSUyRm1hcHMlMkZlbWJlZCUzRnBiJTNEJTIxMW0xOCUyMTFtMTIlMjExbTMlMjExZDY2NTIuNTg2MDI2MDE0NTY5JTIxMmQ5LjE5NjUwNjkyNzQ1NDE1MiUyMTNkNDUuNDg4NTc3OTk2MTQ5Njk0JTIxMm0zJTIxMWYwJTIxMmYwJTIxM2YwJTIxM20yJTIxMWkxMDI0JTIxMmk3NjglMjE0ZjEzLjElMjEzbTMlMjExbTIlMjExczB4NDc4NmM2ZDA3ZDU0NDE5NSUyNTNBMHgxYjJjZDczMjA5ZTBmMTQ2JTIxMnNWaWElMkJQcml2YXRhJTJCTGVvcG9sZG8lMkJHYXNwYXJvdHRvJTI1MkMlMkI0JTI1MkMlMkIyMDEyNCUyQk1pbGFubyUyMTVlMCUyMTNtMiUyMTFzaXQlMjEyc2l0JTIxNHYxNDQ0NzQ0MDk1OTA5JTIyJTIwd2lkdGglM0QlMjI2MDAlMjIlMjBoZWlnaHQlM0QlMjI0NTAlMjIlMjBmcmFtZWJvcmRlciUzRCUyMjAlMjIlMjBzdHlsZSUzRCUyMmJvcmRlciUzQTAlMjIlMjBhbGxvd2Z1bGxzY3JlZW4lM0UlM0MlMkZpZnJhbWUlM0U=\u00a0\u00bb size=\u00a0\u00bb400px\u00a0\u00bb title=\u00a0\u00bbMilan\u00a0\u00bb][\/vc_column][\/vc_row][vc_row][vc_column][vc_column_text]<a href=\"https:\/\/www.google.it\/maps\/dir\/Piazza+IV+Novembre,+Milano\/45.4878073,9.2020206\/@45.4873105,9.2001356,17z\/data=!4m19!4m18!1m15!1m1!1s0x4786c6d074bfa2c5:0x5b4a4be66dc858a4!2m2!1d9.2023318!2d45.4868651!3m4!1m2!1d9.2026883!2d45.4860488!3s0x4786c6daa6139cdd:0xc36af4461c3f28cd!3m4!1m2!1d9.2024632!2d45.4873613!3s0x4786c6d07a0b03a7:0x62c7a8a065b9cd9d!1m0!3e2\" target=\"_blank\" rel=\"noopener noreferrer\">Consulter l&rsquo;itin\u00e9raire sur Google Maps \u00e0 pieds depuis la Gare Centrale<\/a><\/p>\n<p><a href=\"https:\/\/www.google.it\/maps\/dir\/Milano+Lambrate\/45.4878073,9.2020206\/@45.4852986,9.2121935,15.5z\/data=!4m19!4m18!1m15!1m1!1s0x4786c6562ab4004f:0x288923af8476879!2m2!1d9.2371202!2d45.4850338!3m4!1m2!1d9.2132277!2d45.4876383!3s0x4786c6ddbd770d65:0x57e6b8477ec124a9!3m4!1m2!1d9.2095902!2d45.4894558!3s0x4786c6dc015fde5b:0x6c9aae577c42ef6a!1m0!3e0\" target=\"_blank\" rel=\"noopener noreferrer\">Consulter l&rsquo;itin\u00e9raire sur Google Maps depuis le p\u00e9riph\u00e9rique EST, sortie Lambrate<\/a>[\/vc_column_text][\/vc_column][\/vc_row][vc_row][vc_column][vc_row_inner][vc_column_inner width=\u00a0\u00bb7\/12&Prime; offset=\u00a0\u00bbvc_col-md-8&Prime;][vc_column_text]<\/p>\n<h4><span style=\"color: #3092c9;\"><strong>En voiture<\/strong><\/span><\/h4>\n<p><strong><span style=\"color: #000000;\">Depuis la sortie 8 du p\u00e9riph\u00e9rique Est (Lambrate)<br \/>\n<\/span><\/strong><\/p>\n<ul>\n<li><span style=\"color: #000000;\">Tourner \u00e0 gauche vers le centre-ville dans la via Rombon.<\/span><\/li>\n<li><span style=\"color: #000000;\">D\u00e9passer la place Gobetti et prendre la via Porposa jusqu&rsquo;\u00e0 P.le Loreto.<\/span><\/li>\n<li><span style=\"color: #000000;\">Tourner \u00e0 droite dans viale Brianza.<\/span><\/li>\n<li><span style=\"color: #000000;\">Continuer tout droit via Lunigiana en d\u00e9passant le pont ferroviaire.<\/span><\/li>\n<li><span style=\"color: #000000;\">Tourner tout de suite \u00e0 gauche au feu rouge et poursuivre tout droit jusqu&rsquo;\u00e0 via Tonale.<\/span><\/li>\n<li><span style=\"color: #000000;\">Tourner \u00e0 droite au bout de 100 m\u00e8tres, au feu rouge, tourner \u00e0 gauche via Fabio Filzi.<\/span><\/li>\n<li><span style=\"color: #000000;\">La via Gasparotto est \u00e0 50 m\u00e8tres sur la droite.<\/span><\/li>\n<\/ul>\n<h4><span style=\"color: #3092c9;\"><strong>Parkings<\/strong><\/span><\/h4>\n<ul>\n<li><span style=\"color: #000000;\"><strong>San Donato\u00a0:<\/strong> de l\u00e0, prendre la ligne jaune du m\u00e9tro direction Maciachini et descendre \u00e0 la station Centrale F.S.<\/span><\/li>\n<li><span style=\"color: #000000;\"><strong>Molino Dorino\u00a0:<\/strong> de l\u00e0, prendre la ligne rouge du m\u00e9tro direction Sesto F.S., descendre \u00e0 la station Cadorna et prendre la ligne verte direction Cologno\/Gessate, puis descendre \u00e0 la station Centrale F.S.<\/span><\/li>\n<li><span style=\"color: #000000;\"><strong> Cascina Gobba\u00a0:<\/strong> de l\u00e0, prendre la ligne verte du m\u00e9tro direction Abbiategrasso et descendre \u00e0 la station Centrale F.S.<\/span><\/li>\n<li><span style=\"color: #000000;\"><strong>Sesto San Giovanni F.S.\u00a0:<\/strong> de l\u00e0, prendre la ligne rouge du m\u00e9tro direction Bisceglie\/Molino Dorino, descendre \u00e0 la station Loreto et prendre la ligne verte direction Abbiategrasso, puis descendre \u00e0 la station Centrale F.S.<\/span><\/li>\n<\/ul>\n<h4><span style=\"color: #000000;\"><span style=\"color: #3092c9;\"><strong>En transport en commun<\/strong> <\/span>&#8211; <a style=\"color: #000000;\" href=\"\/?page_id=10949\">cliquez ici<\/a><\/span><\/h4>\n<h4><span style=\"color: #3092c9;\"><strong> En M\u00e9tro <\/strong><\/span><\/h4>\n<h4><span style=\"color: #3092c9;\"><a href=\"https:\/\/www.dalpasso.it\/wp-content\/uploads\/2015\/06\/mappa-grande-metro-milano.gif.jpeg\" class=\"thickbox no_icon\"><img loading=\"lazy\" decoding=\"async\" class=\" wp-image-2215 size-thumbnail alignnone\" src=\"https:\/\/www.dalpasso.it\/wp-content\/uploads\/2015\/06\/mappa-grande-metro-milano.gif-150x150.jpeg\" alt=\"mappa-grande-metro-milano.gif\" width=\"150\" height=\"150\" srcset=\"https:\/\/www.dalpasso.it\/wp-content\/uploads\/2015\/06\/mappa-grande-metro-milano.gif-150x150.jpeg 150w, https:\/\/www.dalpasso.it\/wp-content\/uploads\/2015\/06\/mappa-grande-metro-milano.gif-381x381.jpeg 381w, https:\/\/www.dalpasso.it\/wp-content\/uploads\/2015\/06\/mappa-grande-metro-milano.gif-762x762.jpeg 762w\" sizes=\"auto, (max-width: 150px) 100vw, 150px\" \/><\/a><\/span><\/h4>\n<p>[\/vc_column_text][\/vc_column_inner][vc_column_inner width=\u00a0\u00bb5\/12&Prime; offset=\u00a0\u00bbvc_col-md-4&Prime;][vc_gmaps link=\u00a0\u00bb#E-8_JTNDaWZyYW1lJTIwc3JjJTNEJTIyaHR0cHMlM0ElMkYlMkZ3d3cuZ29vZ2xlLmNvbSUyRm1hcHMlMkZlbWJlZCUzRnBiJTNEJTIxMW0yMiUyMTFtOCUyMTFtMyUyMTFkMTExODguOTIyODU0OTA2NTklMjEyZDkuMjEyMTkzNSUyMTNkNDUuNDg1Mjk4NiUyMTNtMiUyMTFpMTAyNCUyMTJpNzY4JTIxNGYxMy4xJTIxNG0xMSUyMTNlMCUyMTRtNSUyMTFzMHg0Nzg2YzY1NjJhYjQwMDRmJTI1M0EweDI4ODkyM2FmODQ3Njg3OSUyMTJzTWlsYW5vJTI1MjBMYW1icmF0ZSUyMTNtMiUyMTFkNDUuNDg0NzUzMyUyMTJkOS4yMzY3NzU4JTIxNG0zJTIxM20yJTIxMWQ0NS40ODc4MDczJTIxMmQ5LjIwMjAyMDU5OTk5OTk5OSUyMTVlMCUyMTNtMiUyMTFzZnIlMjEyc2l0JTIxNHYxNTc1NDc1OTk0OTQyJTIxNW0yJTIxMXNmciUyMTJzaXQlMjIlMjB3aWR0aCUzRCUyMjYwMCUyMiUyMGhlaWdodCUzRCUyMjQ1MCUyMiUyMGZyYW1lYm9yZGVyJTNEJTIyMCUyMiUyMHN0eWxlJTNEJTIyYm9yZGVyJTNBMCUzQiUyMiUyMGFsbG93ZnVsbHNjcmVlbiUzRCUyMiUyMiUzRSUzQyUyRmlmcmFtZSUzRQ==\u00a0\u00bb size=\u00a0\u00bb240&Prime;][\/vc_column_inner][\/vc_row_inner][vc_row_inner][vc_column_inner width=\u00a0\u00bb7\/12&Prime; offset=\u00a0\u00bbvc_col-md-8&Prime;][vc_column_text]<\/p>\n<h4><span style=\"color: #3092c9;\"><strong>En train<\/strong><\/span><\/h4>\n<p><span style=\"color: #000000;\">A la descente du train, sortir de la gare en suivant les indications pour PIAZZA IV NOVEMBRE. Traverser la place (30 m\u00e8tres), la via Gasparotto est en face sur votre droite.<br \/>\n<\/span><\/p>\n<p><span style=\"color: #000000;\"><strong>Trains Nord<\/strong><\/span><br \/>\n<span style=\"color: #000000;\"> Descendre \u00e0 la station Cadorna et prendre la ligne verte du m\u00e9tro direction Cologno\/Gessate puis descendre \u00e0 Gare Centrale F.S.<\/span><\/p>\n<p><span style=\"color: #000000;\"><strong>Passante ferroviario<br \/>\n<\/strong>Descendre \u00e0 la station Garibaldi, prendre la ligne verte du m\u00e9tro direction Cologno\/Gessate puis descendre \u00e0 la station Centrale F.S. ou \u00e0 la station Repubblica, prendre la ligne jaune du m\u00e9tro direction Maciachini et descendre \u00e0 la station Centrale F.S.<\/span>[\/vc_column_text][\/vc_column_inner][vc_column_inner width=\u00a0\u00bb5\/12&Prime; offset=\u00a0\u00bbvc_col-md-4&Prime;][vc_gmaps link=\u00a0\u00bb#E-8_JTNDaWZyYW1lJTIwc3JjJTNEJTIyaHR0cHMlM0ElMkYlMkZ3d3cuZ29vZ2xlLmNvbSUyRm1hcHMlMkZlbWJlZCUzRnBiJTNEJTIxMW0yMiUyMTFtOCUyMTFtMyUyMTFkMjc5Ny4xMzA4MTExMDI4OTYlMjEyZDkuMjAwMTM1NiUyMTNkNDUuNDg3MzEwNSUyMTNtMiUyMTFpMTAyNCUyMTJpNzY4JTIxNGYxMy4xJTIxNG0xMSUyMTNlMiUyMTRtNSUyMTFzMHg0Nzg2YzZkMDc0YmZhMmM1JTI1M0EweDViNGE0YmU2NmRjODU4YTQlMjEyc1BpYXp6YSUyNTIwSVYlMjUyME5vdmVtYnJlJTI1MkMlMjUyME1pbGFubyUyMTNtMiUyMTFkNDUuNDg2NTk2NiUyMTJkOS4yMDI0MDQ4JTIxNG0zJTIxM20yJTIxMWQ0NS40ODc4MDczJTIxMmQ5LjIwMjAyMDU5OTk5OTk5OSUyMTVlMCUyMTNtMiUyMTFzZnIlMjEyc2l0JTIxNHYxNTc1NDc2MDA3MjAxJTIxNW0yJTIxMXNmciUyMTJzaXQlMjIlMjB3aWR0aCUzRCUyMjYwMCUyMiUyMGhlaWdodCUzRCUyMjQ1MCUyMiUyMGZyYW1lYm9yZGVyJTNEJTIyMCUyMiUyMHN0eWxlJTNEJTIyYm9yZGVyJTNBMCUzQiUyMiUyMGFsbG93ZnVsbHNjcmVlbiUzRCUyMiUyMiUzRSUzQyUyRmlmcmFtZSUzRQ==\u00a0\u00bb size=\u00a0\u00bb240&Prime;][\/vc_column_inner][\/vc_row_inner][\/vc_column][\/vc_row]<\/div>","protected":false},"excerpt":{"rendered":"<p>[vc_row][vc_column][vc_column_text]Via Leopoldo Gasparotto 4\u00a0(Quartier de la Gare Centrale) T\u00e9l. 02.67070532 \u2013 fax\u00a0: 02.67384272 Le centre est ouvert du lundi au vendredi de 9:00 \u00e0 13:30 et de 14:30 \u00e0 18:00 &nbsp; Attention :\u00a0il existe deux via \u00ab\u00a0Gasparotto\u00a0\u00bb \u00e0 Milan\u00a0:\u00a0R\u00e9gler le \u00a0GPS\u00a0sur\u00a0:\u00a0via Privata Leopoldo Gasparotto[\/vc_column_text][\/vc_column][\/vc_row][vc_row][vc_column][vc_gmaps link=\u00a0\u00bb#E-8_JTNDaWZyYW1lJTIwc3JjJTNEJTIyaHR0cHMlM0ElMkYlMkZ3d3cuZ29vZ2xlLmNvbSUyRm1hcHMlMkZlbWJlZCUzRnBiJTNEJTIxMW0xOCUyMTFtMTIlMjExbTMlMjExZDY2NTIuNTg2MDI2MDE0NTY5JTIxMmQ5LjE5NjUwNjkyNzQ1NDE1MiUyMTNkNDUuNDg4NTc3OTk2MTQ5Njk0JTIxMm0zJTIxMWYwJTIxMmYwJTIxM2YwJTIxM20yJTIxMWkxMDI0JTIxMmk3NjglMjE0ZjEzLjElMjEzbTMlMjExbTIlMjExczB4NDc4NmM2ZDA3ZDU0NDE5NSUyNTNBMHgxYjJjZDczMjA5ZTBmMTQ2JTIxMnNWaWElMkJQcml2YXRhJTJCTGVvcG9sZG8lMkJHYXNwYXJvdHRvJTI1MkMlMkI0JTI1MkMlMkIyMDEyNCUyQk1pbGFubyUyMTVlMCUyMTNtMiUyMTFzaXQlMjEyc2l0JTIxNHYxNDQ0NzQ0MDk1OTA5JTIyJTIwd2lkdGglM0QlMjI2MDAlMjIlMjBoZWlnaHQlM0QlMjI0NTAlMjIlMjBmcmFtZWJvcmRlciUzRCUyMjAlMjIlMjBzdHlsZSUzRCUyMmJvcmRlciUzQTAlMjIlMjBhbGxvd2Z1bGxzY3JlZW4lM0UlM0MlMkZpZnJhbWUlM0U=\u00a0\u00bb size=\u00a0\u00bb400px\u00a0\u00bb title=\u00a0\u00bbMilan\u00a0\u00bb][\/vc_column][\/vc_row][vc_row][vc_column][vc_column_text]Consulter l&rsquo;itin\u00e9raire sur Google Maps \u00e0 pieds depuis la [&hellip;]<\/p>\n","protected":false},"author":4,"featured_media":0,"parent":0,"menu_order":2,"comment_status":"closed","ping_status":"closed","template":"","meta":{"footnotes":""},"class_list":["post-10933","page","type-page","status-publish","hentry"],"yoast_head":"<!-- This site is optimized with the Yoast SEO plugin v27.1.1 - https:\/\/yoast.com\/product\/yoast-seo-wordpress\/ -->\n<title>MILAN | Dalpasso protesi oculari<\/title>\n<meta name=\"robots\" content=\"index, follow, max-snippet:-1, max-image-preview:large, max-video-preview:-1\" \/>\n<link rel=\"canonical\" href=\"https:\/\/www.dalpasso.it\/fr\/milan\/\" \/>\n<meta property=\"og:locale\" content=\"fr_FR\" \/>\n<meta property=\"og:type\" content=\"article\" \/>\n<meta property=\"og:title\" content=\"MILAN | Dalpasso protesi oculari\" \/>\n<meta property=\"og:description\" content=\"[vc_row][vc_column][vc_column_text]Via Leopoldo Gasparotto 4\u00a0(Quartier de la Gare Centrale) T\u00e9l. 02.67070532 \u2013 fax\u00a0: 02.67384272 Le centre est ouvert du lundi au vendredi de 9:00 \u00e0 13:30 et de 14:30 \u00e0 18:00 &nbsp; Attention :\u00a0il existe deux via \u00ab\u00a0Gasparotto\u00a0\u00bb \u00e0 Milan\u00a0:\u00a0R\u00e9gler le \u00a0GPS\u00a0sur\u00a0:\u00a0via Privata Leopoldo Gasparotto[\/vc_column_text][\/vc_column][\/vc_row][vc_row][vc_column][vc_gmaps link=\u00a0\u00bb#E-8_JTNDaWZyYW1lJTIwc3JjJTNEJTIyaHR0cHMlM0ElMkYlMkZ3d3cuZ29vZ2xlLmNvbSUyRm1hcHMlMkZlbWJlZCUzRnBiJTNEJTIxMW0xOCUyMTFtMTIlMjExbTMlMjExZDY2NTIuNTg2MDI2MDE0NTY5JTIxMmQ5LjE5NjUwNjkyNzQ1NDE1MiUyMTNkNDUuNDg4NTc3OTk2MTQ5Njk0JTIxMm0zJTIxMWYwJTIxMmYwJTIxM2YwJTIxM20yJTIxMWkxMDI0JTIxMmk3NjglMjE0ZjEzLjElMjEzbTMlMjExbTIlMjExczB4NDc4NmM2ZDA3ZDU0NDE5NSUyNTNBMHgxYjJjZDczMjA5ZTBmMTQ2JTIxMnNWaWElMkJQcml2YXRhJTJCTGVvcG9sZG8lMkJHYXNwYXJvdHRvJTI1MkMlMkI0JTI1MkMlMkIyMDEyNCUyQk1pbGFubyUyMTVlMCUyMTNtMiUyMTFzaXQlMjEyc2l0JTIxNHYxNDQ0NzQ0MDk1OTA5JTIyJTIwd2lkdGglM0QlMjI2MDAlMjIlMjBoZWlnaHQlM0QlMjI0NTAlMjIlMjBmcmFtZWJvcmRlciUzRCUyMjAlMjIlMjBzdHlsZSUzRCUyMmJvcmRlciUzQTAlMjIlMjBhbGxvd2Z1bGxzY3JlZW4lM0UlM0MlMkZpZnJhbWUlM0U=\u00a0\u00bb size=\u00a0\u00bb400px\u00a0\u00bb title=\u00a0\u00bbMilan\u00a0\u00bb][\/vc_column][\/vc_row][vc_row][vc_column][vc_column_text]Consulter l&rsquo;itin\u00e9raire sur Google Maps \u00e0 pieds depuis la [&hellip;]\" \/>\n<meta property=\"og:url\" content=\"https:\/\/www.dalpasso.it\/fr\/milan\/\" \/>\n<meta property=\"og:site_name\" content=\"Dalpasso protesi oculari\" \/>\n<meta property=\"article:modified_time\" content=\"2019-12-04T16:17:26+00:00\" \/>\n<meta property=\"og:image\" content=\"https:\/\/www.dalpasso.it\/wp-content\/uploads\/2015\/06\/mappa-grande-metro-milano.gif.jpeg\" \/>\n\t<meta property=\"og:image:width\" content=\"2048\" \/>\n\t<meta property=\"og:image:height\" content=\"1448\" \/>\n\t<meta property=\"og:image:type\" content=\"image\/jpeg\" \/>\n<meta name=\"twitter:card\" content=\"summary_large_image\" \/>\n<meta name=\"twitter:label1\" content=\"Dur\u00e9e de lecture estim\u00e9e\" \/>\n\t<meta name=\"twitter:data1\" content=\"3 minutes\" \/>\n<script type=\"application\/ld+json\" class=\"yoast-schema-graph\">{\"@context\":\"https:\/\/schema.org\",\"@graph\":[{\"@type\":\"WebPage\",\"@id\":\"https:\/\/www.dalpasso.it\/fr\/milan\/\",\"url\":\"https:\/\/www.dalpasso.it\/fr\/milan\/\",\"name\":\"MILAN | Dalpasso protesi oculari\",\"isPartOf\":{\"@id\":\"https:\/\/www.dalpasso.it\/fr\/#website\"},\"primaryImageOfPage\":{\"@id\":\"https:\/\/www.dalpasso.it\/fr\/milan\/#primaryimage\"},\"image\":{\"@id\":\"https:\/\/www.dalpasso.it\/fr\/milan\/#primaryimage\"},\"thumbnailUrl\":\"https:\/\/www.dalpasso.it\/wp-content\/uploads\/2015\/06\/mappa-grande-metro-milano.gif-150x150.jpeg\",\"datePublished\":\"2015-06-09T10:48:14+00:00\",\"dateModified\":\"2019-12-04T16:17:26+00:00\",\"breadcrumb\":{\"@id\":\"https:\/\/www.dalpasso.it\/fr\/milan\/#breadcrumb\"},\"inLanguage\":\"fr-FR\",\"potentialAction\":[{\"@type\":\"ReadAction\",\"target\":[\"https:\/\/www.dalpasso.it\/fr\/milan\/\"]}]},{\"@type\":\"ImageObject\",\"inLanguage\":\"fr-FR\",\"@id\":\"https:\/\/www.dalpasso.it\/fr\/milan\/#primaryimage\",\"url\":\"https:\/\/www.dalpasso.it\/wp-content\/uploads\/2015\/06\/mappa-grande-metro-milano.gif-150x150.jpeg\",\"contentUrl\":\"https:\/\/www.dalpasso.it\/wp-content\/uploads\/2015\/06\/mappa-grande-metro-milano.gif-150x150.jpeg\"},{\"@type\":\"BreadcrumbList\",\"@id\":\"https:\/\/www.dalpasso.it\/fr\/milan\/#breadcrumb\",\"itemListElement\":[{\"@type\":\"ListItem\",\"position\":1,\"name\":\"Home\",\"item\":\"https:\/\/www.dalpasso.it\/fr\/standard-business\/\"},{\"@type\":\"ListItem\",\"position\":2,\"name\":\"MILAN\"}]},{\"@type\":\"WebSite\",\"@id\":\"https:\/\/www.dalpasso.it\/fr\/#website\",\"url\":\"https:\/\/www.dalpasso.it\/fr\/\",\"name\":\"DALPASSO Protesi Oculari\",\"description\":\"\",\"potentialAction\":[{\"@type\":\"SearchAction\",\"target\":{\"@type\":\"EntryPoint\",\"urlTemplate\":\"https:\/\/www.dalpasso.it\/fr\/?s={search_term_string}\"},\"query-input\":{\"@type\":\"PropertyValueSpecification\",\"valueRequired\":true,\"valueName\":\"search_term_string\"}}],\"inLanguage\":\"fr-FR\"}]}<\/script>\n<!-- \/ Yoast SEO plugin. -->","yoast_head_json":{"title":"MILAN | Dalpasso protesi oculari","robots":{"index":"index","follow":"follow","max-snippet":"max-snippet:-1","max-image-preview":"max-image-preview:large","max-video-preview":"max-video-preview:-1"},"canonical":"https:\/\/www.dalpasso.it\/fr\/milan\/","og_locale":"fr_FR","og_type":"article","og_title":"MILAN | Dalpasso protesi oculari","og_description":"[vc_row][vc_column][vc_column_text]Via Leopoldo Gasparotto 4\u00a0(Quartier de la Gare Centrale) T\u00e9l. 02.67070532 \u2013 fax\u00a0: 02.67384272 Le centre est ouvert du lundi au vendredi de 9:00 \u00e0 13:30 et de 14:30 \u00e0 18:00 &nbsp; Attention :\u00a0il existe deux via \u00ab\u00a0Gasparotto\u00a0\u00bb \u00e0 Milan\u00a0:\u00a0R\u00e9gler le \u00a0GPS\u00a0sur\u00a0:\u00a0via Privata Leopoldo Gasparotto[\/vc_column_text][\/vc_column][\/vc_row][vc_row][vc_column][vc_gmaps link=\u00a0\u00bb#E-8_JTNDaWZyYW1lJTIwc3JjJTNEJTIyaHR0cHMlM0ElMkYlMkZ3d3cuZ29vZ2xlLmNvbSUyRm1hcHMlMkZlbWJlZCUzRnBiJTNEJTIxMW0xOCUyMTFtMTIlMjExbTMlMjExZDY2NTIuNTg2MDI2MDE0NTY5JTIxMmQ5LjE5NjUwNjkyNzQ1NDE1MiUyMTNkNDUuNDg4NTc3OTk2MTQ5Njk0JTIxMm0zJTIxMWYwJTIxMmYwJTIxM2YwJTIxM20yJTIxMWkxMDI0JTIxMmk3NjglMjE0ZjEzLjElMjEzbTMlMjExbTIlMjExczB4NDc4NmM2ZDA3ZDU0NDE5NSUyNTNBMHgxYjJjZDczMjA5ZTBmMTQ2JTIxMnNWaWElMkJQcml2YXRhJTJCTGVvcG9sZG8lMkJHYXNwYXJvdHRvJTI1MkMlMkI0JTI1MkMlMkIyMDEyNCUyQk1pbGFubyUyMTVlMCUyMTNtMiUyMTFzaXQlMjEyc2l0JTIxNHYxNDQ0NzQ0MDk1OTA5JTIyJTIwd2lkdGglM0QlMjI2MDAlMjIlMjBoZWlnaHQlM0QlMjI0NTAlMjIlMjBmcmFtZWJvcmRlciUzRCUyMjAlMjIlMjBzdHlsZSUzRCUyMmJvcmRlciUzQTAlMjIlMjBhbGxvd2Z1bGxzY3JlZW4lM0UlM0MlMkZpZnJhbWUlM0U=\u00a0\u00bb size=\u00a0\u00bb400px\u00a0\u00bb title=\u00a0\u00bbMilan\u00a0\u00bb][\/vc_column][\/vc_row][vc_row][vc_column][vc_column_text]Consulter l&rsquo;itin\u00e9raire sur Google Maps \u00e0 pieds depuis la [&hellip;]","og_url":"https:\/\/www.dalpasso.it\/fr\/milan\/","og_site_name":"Dalpasso protesi oculari","article_modified_time":"2019-12-04T16:17:26+00:00","og_image":[{"width":2048,"height":1448,"url":"https:\/\/www.dalpasso.it\/wp-content\/uploads\/2015\/06\/mappa-grande-metro-milano.gif.jpeg","type":"image\/jpeg"}],"twitter_card":"summary_large_image","twitter_misc":{"Dur\u00e9e de lecture estim\u00e9e":"3 minutes"},"schema":{"@context":"https:\/\/schema.org","@graph":[{"@type":"WebPage","@id":"https:\/\/www.dalpasso.it\/fr\/milan\/","url":"https:\/\/www.dalpasso.it\/fr\/milan\/","name":"MILAN | Dalpasso protesi oculari","isPartOf":{"@id":"https:\/\/www.dalpasso.it\/fr\/#website"},"primaryImageOfPage":{"@id":"https:\/\/www.dalpasso.it\/fr\/milan\/#primaryimage"},"image":{"@id":"https:\/\/www.dalpasso.it\/fr\/milan\/#primaryimage"},"thumbnailUrl":"https:\/\/www.dalpasso.it\/wp-content\/uploads\/2015\/06\/mappa-grande-metro-milano.gif-150x150.jpeg","datePublished":"2015-06-09T10:48:14+00:00","dateModified":"2019-12-04T16:17:26+00:00","breadcrumb":{"@id":"https:\/\/www.dalpasso.it\/fr\/milan\/#breadcrumb"},"inLanguage":"fr-FR","potentialAction":[{"@type":"ReadAction","target":["https:\/\/www.dalpasso.it\/fr\/milan\/"]}]},{"@type":"ImageObject","inLanguage":"fr-FR","@id":"https:\/\/www.dalpasso.it\/fr\/milan\/#primaryimage","url":"https:\/\/www.dalpasso.it\/wp-content\/uploads\/2015\/06\/mappa-grande-metro-milano.gif-150x150.jpeg","contentUrl":"https:\/\/www.dalpasso.it\/wp-content\/uploads\/2015\/06\/mappa-grande-metro-milano.gif-150x150.jpeg"},{"@type":"BreadcrumbList","@id":"https:\/\/www.dalpasso.it\/fr\/milan\/#breadcrumb","itemListElement":[{"@type":"ListItem","position":1,"name":"Home","item":"https:\/\/www.dalpasso.it\/fr\/standard-business\/"},{"@type":"ListItem","position":2,"name":"MILAN"}]},{"@type":"WebSite","@id":"https:\/\/www.dalpasso.it\/fr\/#website","url":"https:\/\/www.dalpasso.it\/fr\/","name":"DALPASSO Protesi Oculari","description":"","potentialAction":[{"@type":"SearchAction","target":{"@type":"EntryPoint","urlTemplate":"https:\/\/www.dalpasso.it\/fr\/?s={search_term_string}"},"query-input":{"@type":"PropertyValueSpecification","valueRequired":true,"valueName":"search_term_string"}}],"inLanguage":"fr-FR"}]}},"_links":{"self":[{"href":"https:\/\/www.dalpasso.it\/fr\/wp-json\/wp\/v2\/pages\/10933","targetHints":{"allow":["GET"]}}],"collection":[{"href":"https:\/\/www.dalpasso.it\/fr\/wp-json\/wp\/v2\/pages"}],"about":[{"href":"https:\/\/www.dalpasso.it\/fr\/wp-json\/wp\/v2\/types\/page"}],"author":[{"embeddable":true,"href":"https:\/\/www.dalpasso.it\/fr\/wp-json\/wp\/v2\/users\/4"}],"replies":[{"embeddable":true,"href":"https:\/\/www.dalpasso.it\/fr\/wp-json\/wp\/v2\/comments?post=10933"}],"version-history":[{"count":8,"href":"https:\/\/www.dalpasso.it\/fr\/wp-json\/wp\/v2\/pages\/10933\/revisions"}],"predecessor-version":[{"id":18722,"href":"https:\/\/www.dalpasso.it\/fr\/wp-json\/wp\/v2\/pages\/10933\/revisions\/18722"}],"wp:attachment":[{"href":"https:\/\/www.dalpasso.it\/fr\/wp-json\/wp\/v2\/media?parent=10933"}],"curies":[{"name":"wp","href":"https:\/\/api.w.org\/{rel}","templated":true}]}}