{"id":10895,"date":"2015-05-25T10:44:31","date_gmt":"2015-05-25T08:44:31","guid":{"rendered":"http:\/\/www.dalpasso.it\/fr\/temoignages\/umberto-chiavazza-parma\/"},"modified":"2015-11-19T15:07:19","modified_gmt":"2015-11-19T14:07:19","slug":"umberto-chiavazza-parme","status":"publish","type":"page","link":"https:\/\/www.dalpasso.it\/fr\/temoignages\/umberto-chiavazza-parme\/","title":{"rendered":"Umberto Chiavazza (Parme)"},"content":{"rendered":"<div class=\"wpb-content-wrapper\">[vc_row][vc_column width=\u00a0\u00bb1\/4&Prime;][vc_single_image image=\u00a0\u00bb1526&Prime; border_color=\u00a0\u00bbgrey\u00a0\u00bb img_link_target=\u00a0\u00bb_self\u00a0\u00bb img_size=\u00a0\u00bbmedium\u00a0\u00bb img_link_large=\u00a0\u00bbyes\u00a0\u00bb el_class=\u00a0\u00bbprettyPhoto\u00a0\u00bb][\/vc_column][vc_column width=\u00a0\u00bb1\/2&Prime;][vc_column_text]<span style=\"color: #000000;\">En septembre 2010, j&rsquo;ai totalement perdu l&rsquo;\u0153il droit lors d&rsquo;une agression subie alors que je rentrais chez moi\u2026du jour au lendemain, \u00e0 seulement 32 ans, je me suis retrouv\u00e9 borgne, ce qui constituait pour moi un v\u00e9ritable drame au vu de mon caract\u00e8re l\u00e9g\u00e8rement narcissique apr\u00e8s plusieurs interventions, j&rsquo;ai eu l&rsquo;occasion de faire la connaissance du personnel du centre Dalpasso, qui apr\u00e8s deux consultations, m&rsquo;a appliqu\u00e9 une proth\u00e8se oculaire con\u00e7ue tout sp\u00e9cialement et je ne pouvais pas y croire&#8230;<\/span><\/p>\n<p><span style=\"color: #000000;\">j&rsquo;avais l&rsquo;impression d&rsquo;avoir retrouv\u00e9 le morceau qui me manquait\u00a0! Une v\u00e9ritable \u00e9quipe de professionnels forts d&rsquo;une humanit\u00e9 et d&rsquo;une gentillesse r\u00e9ellement difficiles \u00e0 trouver\u00a0! <\/span><\/p>\n<p><span style=\"color: #000000;\">MERCI DU FOND DU COEUR\u00a0!<\/span>[\/vc_column_text][\/vc_column][\/vc_row]<\/div>","protected":false},"excerpt":{"rendered":"<p>[vc_row][vc_column width=\u00a0\u00bb1\/4&Prime;][vc_single_image image=\u00a0\u00bb1526&Prime; border_color=\u00a0\u00bbgrey\u00a0\u00bb img_link_target=\u00a0\u00bb_self\u00a0\u00bb img_size=\u00a0\u00bbmedium\u00a0\u00bb img_link_large=\u00a0\u00bbyes\u00a0\u00bb el_class=\u00a0\u00bbprettyPhoto\u00a0\u00bb][\/vc_column][vc_column width=\u00a0\u00bb1\/2&Prime;][vc_column_text]En septembre 2010, j&rsquo;ai totalement perdu l&rsquo;\u0153il droit lors d&rsquo;une agression subie alors que je rentrais chez moi\u2026du jour au lendemain, \u00e0 seulement 32 ans, je me suis retrouv\u00e9 borgne, ce qui constituait pour moi un v\u00e9ritable drame au vu de mon caract\u00e8re l\u00e9g\u00e8rement narcissique apr\u00e8s plusieurs [&hellip;]<\/p>\n","protected":false},"author":4,"featured_media":0,"parent":10597,"menu_order":0,"comment_status":"closed","ping_status":"closed","template":"","meta":{"footnotes":""},"class_list":["post-10895","page","type-page","status-publish","hentry"],"yoast_head":"<!-- This site is optimized with the Yoast SEO plugin v27.1.1 - https:\/\/yoast.com\/product\/yoast-seo-wordpress\/ -->\n<title>Umberto Chiavazza (Parme) | Dalpasso protesi oculari<\/title>\n<meta name=\"robots\" content=\"index, follow, max-snippet:-1, max-image-preview:large, max-video-preview:-1\" \/>\n<link rel=\"canonical\" href=\"https:\/\/www.dalpasso.it\/fr\/temoignages\/umberto-chiavazza-parme\/\" \/>\n<meta property=\"og:locale\" content=\"fr_FR\" \/>\n<meta property=\"og:type\" content=\"article\" \/>\n<meta property=\"og:title\" content=\"Umberto Chiavazza (Parme) | Dalpasso protesi oculari\" \/>\n<meta property=\"og:description\" content=\"[vc_row][vc_column width=\u00a0\u00bb1\/4&Prime;][vc_single_image image=\u00a0\u00bb1526&Prime; border_color=\u00a0\u00bbgrey\u00a0\u00bb img_link_target=\u00a0\u00bb_self\u00a0\u00bb img_size=\u00a0\u00bbmedium\u00a0\u00bb img_link_large=\u00a0\u00bbyes\u00a0\u00bb el_class=\u00a0\u00bbprettyPhoto\u00a0\u00bb][\/vc_column][vc_column width=\u00a0\u00bb1\/2&Prime;][vc_column_text]En septembre 2010, j&rsquo;ai totalement perdu l&rsquo;\u0153il droit lors d&rsquo;une agression subie alors que je rentrais chez moi\u2026du jour au lendemain, \u00e0 seulement 32 ans, je me suis retrouv\u00e9 borgne, ce qui constituait pour moi un v\u00e9ritable drame au vu de mon caract\u00e8re l\u00e9g\u00e8rement narcissique apr\u00e8s plusieurs [&hellip;]\" \/>\n<meta property=\"og:url\" content=\"https:\/\/www.dalpasso.it\/fr\/temoignages\/umberto-chiavazza-parme\/\" \/>\n<meta property=\"og:site_name\" content=\"Dalpasso protesi oculari\" \/>\n<meta property=\"article:modified_time\" content=\"2015-11-19T14:07:19+00:00\" \/>\n<meta name=\"twitter:card\" content=\"summary_large_image\" \/>\n<meta name=\"twitter:label1\" content=\"Dur\u00e9e de lecture estim\u00e9e\" \/>\n\t<meta name=\"twitter:data1\" content=\"1 minute\" \/>\n<script type=\"application\/ld+json\" class=\"yoast-schema-graph\">{\"@context\":\"https:\/\/schema.org\",\"@graph\":[{\"@type\":\"WebPage\",\"@id\":\"https:\/\/www.dalpasso.it\/fr\/temoignages\/umberto-chiavazza-parme\/\",\"url\":\"https:\/\/www.dalpasso.it\/fr\/temoignages\/umberto-chiavazza-parme\/\",\"name\":\"Umberto Chiavazza (Parme) | Dalpasso protesi oculari\",\"isPartOf\":{\"@id\":\"https:\/\/www.dalpasso.it\/fr\/#website\"},\"datePublished\":\"2015-05-25T08:44:31+00:00\",\"dateModified\":\"2015-11-19T14:07:19+00:00\",\"breadcrumb\":{\"@id\":\"https:\/\/www.dalpasso.it\/fr\/temoignages\/umberto-chiavazza-parme\/#breadcrumb\"},\"inLanguage\":\"fr-FR\",\"potentialAction\":[{\"@type\":\"ReadAction\",\"target\":[\"https:\/\/www.dalpasso.it\/fr\/temoignages\/umberto-chiavazza-parme\/\"]}]},{\"@type\":\"BreadcrumbList\",\"@id\":\"https:\/\/www.dalpasso.it\/fr\/temoignages\/umberto-chiavazza-parme\/#breadcrumb\",\"itemListElement\":[{\"@type\":\"ListItem\",\"position\":1,\"name\":\"Home\",\"item\":\"https:\/\/www.dalpasso.it\/fr\/standard-business\/\"},{\"@type\":\"ListItem\",\"position\":2,\"name\":\"T\u00c9MOIGNAGES\",\"item\":\"https:\/\/www.dalpasso.it\/fr\/temoignages\/\"},{\"@type\":\"ListItem\",\"position\":3,\"name\":\"Umberto Chiavazza (Parme)\"}]},{\"@type\":\"WebSite\",\"@id\":\"https:\/\/www.dalpasso.it\/fr\/#website\",\"url\":\"https:\/\/www.dalpasso.it\/fr\/\",\"name\":\"DALPASSO Protesi Oculari\",\"description\":\"\",\"potentialAction\":[{\"@type\":\"SearchAction\",\"target\":{\"@type\":\"EntryPoint\",\"urlTemplate\":\"https:\/\/www.dalpasso.it\/fr\/?s={search_term_string}\"},\"query-input\":{\"@type\":\"PropertyValueSpecification\",\"valueRequired\":true,\"valueName\":\"search_term_string\"}}],\"inLanguage\":\"fr-FR\"}]}<\/script>\n<!-- \/ Yoast SEO plugin. -->","yoast_head_json":{"title":"Umberto Chiavazza (Parme) | Dalpasso protesi oculari","robots":{"index":"index","follow":"follow","max-snippet":"max-snippet:-1","max-image-preview":"max-image-preview:large","max-video-preview":"max-video-preview:-1"},"canonical":"https:\/\/www.dalpasso.it\/fr\/temoignages\/umberto-chiavazza-parme\/","og_locale":"fr_FR","og_type":"article","og_title":"Umberto Chiavazza (Parme) | Dalpasso protesi oculari","og_description":"[vc_row][vc_column width=\u00a0\u00bb1\/4&Prime;][vc_single_image image=\u00a0\u00bb1526&Prime; border_color=\u00a0\u00bbgrey\u00a0\u00bb img_link_target=\u00a0\u00bb_self\u00a0\u00bb img_size=\u00a0\u00bbmedium\u00a0\u00bb img_link_large=\u00a0\u00bbyes\u00a0\u00bb el_class=\u00a0\u00bbprettyPhoto\u00a0\u00bb][\/vc_column][vc_column width=\u00a0\u00bb1\/2&Prime;][vc_column_text]En septembre 2010, j&rsquo;ai totalement perdu l&rsquo;\u0153il droit lors d&rsquo;une agression subie alors que je rentrais chez moi\u2026du jour au lendemain, \u00e0 seulement 32 ans, je me suis retrouv\u00e9 borgne, ce qui constituait pour moi un v\u00e9ritable drame au vu de mon caract\u00e8re l\u00e9g\u00e8rement narcissique apr\u00e8s plusieurs [&hellip;]","og_url":"https:\/\/www.dalpasso.it\/fr\/temoignages\/umberto-chiavazza-parme\/","og_site_name":"Dalpasso protesi oculari","article_modified_time":"2015-11-19T14:07:19+00:00","twitter_card":"summary_large_image","twitter_misc":{"Dur\u00e9e de lecture estim\u00e9e":"1 minute"},"schema":{"@context":"https:\/\/schema.org","@graph":[{"@type":"WebPage","@id":"https:\/\/www.dalpasso.it\/fr\/temoignages\/umberto-chiavazza-parme\/","url":"https:\/\/www.dalpasso.it\/fr\/temoignages\/umberto-chiavazza-parme\/","name":"Umberto Chiavazza (Parme) | Dalpasso protesi oculari","isPartOf":{"@id":"https:\/\/www.dalpasso.it\/fr\/#website"},"datePublished":"2015-05-25T08:44:31+00:00","dateModified":"2015-11-19T14:07:19+00:00","breadcrumb":{"@id":"https:\/\/www.dalpasso.it\/fr\/temoignages\/umberto-chiavazza-parme\/#breadcrumb"},"inLanguage":"fr-FR","potentialAction":[{"@type":"ReadAction","target":["https:\/\/www.dalpasso.it\/fr\/temoignages\/umberto-chiavazza-parme\/"]}]},{"@type":"BreadcrumbList","@id":"https:\/\/www.dalpasso.it\/fr\/temoignages\/umberto-chiavazza-parme\/#breadcrumb","itemListElement":[{"@type":"ListItem","position":1,"name":"Home","item":"https:\/\/www.dalpasso.it\/fr\/standard-business\/"},{"@type":"ListItem","position":2,"name":"T\u00c9MOIGNAGES","item":"https:\/\/www.dalpasso.it\/fr\/temoignages\/"},{"@type":"ListItem","position":3,"name":"Umberto Chiavazza (Parme)"}]},{"@type":"WebSite","@id":"https:\/\/www.dalpasso.it\/fr\/#website","url":"https:\/\/www.dalpasso.it\/fr\/","name":"DALPASSO Protesi Oculari","description":"","potentialAction":[{"@type":"SearchAction","target":{"@type":"EntryPoint","urlTemplate":"https:\/\/www.dalpasso.it\/fr\/?s={search_term_string}"},"query-input":{"@type":"PropertyValueSpecification","valueRequired":true,"valueName":"search_term_string"}}],"inLanguage":"fr-FR"}]}},"_links":{"self":[{"href":"https:\/\/www.dalpasso.it\/fr\/wp-json\/wp\/v2\/pages\/10895","targetHints":{"allow":["GET"]}}],"collection":[{"href":"https:\/\/www.dalpasso.it\/fr\/wp-json\/wp\/v2\/pages"}],"about":[{"href":"https:\/\/www.dalpasso.it\/fr\/wp-json\/wp\/v2\/types\/page"}],"author":[{"embeddable":true,"href":"https:\/\/www.dalpasso.it\/fr\/wp-json\/wp\/v2\/users\/4"}],"replies":[{"embeddable":true,"href":"https:\/\/www.dalpasso.it\/fr\/wp-json\/wp\/v2\/comments?post=10895"}],"version-history":[{"count":1,"href":"https:\/\/www.dalpasso.it\/fr\/wp-json\/wp\/v2\/pages\/10895\/revisions"}],"predecessor-version":[{"id":10896,"href":"https:\/\/www.dalpasso.it\/fr\/wp-json\/wp\/v2\/pages\/10895\/revisions\/10896"}],"up":[{"embeddable":true,"href":"https:\/\/www.dalpasso.it\/fr\/wp-json\/wp\/v2\/pages\/10597"}],"wp:attachment":[{"href":"https:\/\/www.dalpasso.it\/fr\/wp-json\/wp\/v2\/media?parent=10895"}],"curies":[{"name":"wp","href":"https:\/\/api.w.org\/{rel}","templated":true}]}}