{"id":10892,"date":"2015-05-25T10:42:46","date_gmt":"2015-05-25T08:42:46","guid":{"rendered":"http:\/\/www.dalpasso.it\/fr\/temoignages\/marco-torracchi-pistoia\/"},"modified":"2015-11-19T15:05:29","modified_gmt":"2015-11-19T14:05:29","slug":"marco-torracchi-pistoia","status":"publish","type":"page","link":"https:\/\/www.dalpasso.it\/fr\/temoignages\/marco-torracchi-pistoia\/","title":{"rendered":"Marco Torracchi (Pistoia)"},"content":{"rendered":"<div class=\"wpb-content-wrapper\">[vc_row][vc_column width=\u00a0\u00bb1\/4&Prime;][vc_single_image image=\u00a0\u00bb1525&Prime; border_color=\u00a0\u00bbgrey\u00a0\u00bb img_link_target=\u00a0\u00bb_self\u00a0\u00bb img_size=\u00a0\u00bbmedium\u00a0\u00bb img_link_large=\u00a0\u00bbyes\u00a0\u00bb el_class=\u00a0\u00bbprettyPhoto\u00a0\u00bb][\/vc_column][vc_column width=\u00a0\u00bb1\/2&Prime;][vc_column_text]<\/p>\n<p><span style=\"color: #000000;\">Je vous remercie de l&rsquo;excellent travail effectu\u00e9 et pour m&rsquo;avoir donn\u00e9, apr\u00e8s si longtemps, la sensation de rena\u00eetre.<\/span><\/p>\n<p>[\/vc_column_text][\/vc_column][\/vc_row]<\/div>","protected":false},"excerpt":{"rendered":"<p>[vc_row][vc_column width=\u00a0\u00bb1\/4&Prime;][vc_single_image image=\u00a0\u00bb1525&Prime; border_color=\u00a0\u00bbgrey\u00a0\u00bb img_link_target=\u00a0\u00bb_self\u00a0\u00bb img_size=\u00a0\u00bbmedium\u00a0\u00bb img_link_large=\u00a0\u00bbyes\u00a0\u00bb el_class=\u00a0\u00bbprettyPhoto\u00a0\u00bb][\/vc_column][vc_column width=\u00a0\u00bb1\/2&Prime;][vc_column_text] Je vous remercie de l&rsquo;excellent travail effectu\u00e9 et pour m&rsquo;avoir donn\u00e9, apr\u00e8s si longtemps, la sensation de rena\u00eetre. [\/vc_column_text][\/vc_column][\/vc_row]<\/p>\n","protected":false},"author":4,"featured_media":16729,"parent":10597,"menu_order":0,"comment_status":"closed","ping_status":"closed","template":"","meta":{"footnotes":""},"class_list":["post-10892","page","type-page","status-publish","has-post-thumbnail","hentry"],"yoast_head":"<!-- This site is optimized with the Yoast SEO plugin v27.1.1 - https:\/\/yoast.com\/product\/yoast-seo-wordpress\/ -->\n<title>Marco Torracchi (Pistoia) | Dalpasso protesi oculari<\/title>\n<meta name=\"robots\" content=\"index, follow, max-snippet:-1, max-image-preview:large, max-video-preview:-1\" \/>\n<link rel=\"canonical\" href=\"https:\/\/www.dalpasso.it\/fr\/temoignages\/marco-torracchi-pistoia\/\" \/>\n<meta property=\"og:locale\" content=\"fr_FR\" \/>\n<meta property=\"og:type\" content=\"article\" \/>\n<meta property=\"og:title\" content=\"Marco Torracchi (Pistoia) | Dalpasso protesi oculari\" \/>\n<meta property=\"og:description\" content=\"[vc_row][vc_column width=\u00a0\u00bb1\/4&Prime;][vc_single_image image=\u00a0\u00bb1525&Prime; border_color=\u00a0\u00bbgrey\u00a0\u00bb img_link_target=\u00a0\u00bb_self\u00a0\u00bb img_size=\u00a0\u00bbmedium\u00a0\u00bb img_link_large=\u00a0\u00bbyes\u00a0\u00bb el_class=\u00a0\u00bbprettyPhoto\u00a0\u00bb][\/vc_column][vc_column width=\u00a0\u00bb1\/2&Prime;][vc_column_text] Je vous remercie de l&rsquo;excellent travail effectu\u00e9 et pour m&rsquo;avoir donn\u00e9, apr\u00e8s si longtemps, la sensation de rena\u00eetre. [\/vc_column_text][\/vc_column][\/vc_row]\" \/>\n<meta property=\"og:url\" content=\"https:\/\/www.dalpasso.it\/fr\/temoignages\/marco-torracchi-pistoia\/\" \/>\n<meta property=\"og:site_name\" content=\"Dalpasso protesi oculari\" \/>\n<meta property=\"article:modified_time\" content=\"2015-11-19T14:05:29+00:00\" \/>\n<meta property=\"og:image\" content=\"https:\/\/www.dalpasso.it\/wp-content\/uploads\/2014\/06\/3-ok.jpg\" \/>\n\t<meta property=\"og:image:width\" content=\"496\" \/>\n\t<meta property=\"og:image:height\" content=\"503\" \/>\n\t<meta property=\"og:image:type\" content=\"image\/jpeg\" \/>\n<meta name=\"twitter:card\" content=\"summary_large_image\" \/>\n<script type=\"application\/ld+json\" class=\"yoast-schema-graph\">{\"@context\":\"https:\/\/schema.org\",\"@graph\":[{\"@type\":\"WebPage\",\"@id\":\"https:\/\/www.dalpasso.it\/fr\/temoignages\/marco-torracchi-pistoia\/\",\"url\":\"https:\/\/www.dalpasso.it\/fr\/temoignages\/marco-torracchi-pistoia\/\",\"name\":\"Marco Torracchi (Pistoia) | Dalpasso protesi oculari\",\"isPartOf\":{\"@id\":\"https:\/\/www.dalpasso.it\/fr\/#website\"},\"primaryImageOfPage\":{\"@id\":\"https:\/\/www.dalpasso.it\/fr\/temoignages\/marco-torracchi-pistoia\/#primaryimage\"},\"image\":{\"@id\":\"https:\/\/www.dalpasso.it\/fr\/temoignages\/marco-torracchi-pistoia\/#primaryimage\"},\"thumbnailUrl\":\"https:\/\/www.dalpasso.it\/wp-content\/uploads\/2014\/06\/3-ok.jpg\",\"datePublished\":\"2015-05-25T08:42:46+00:00\",\"dateModified\":\"2015-11-19T14:05:29+00:00\",\"breadcrumb\":{\"@id\":\"https:\/\/www.dalpasso.it\/fr\/temoignages\/marco-torracchi-pistoia\/#breadcrumb\"},\"inLanguage\":\"fr-FR\",\"potentialAction\":[{\"@type\":\"ReadAction\",\"target\":[\"https:\/\/www.dalpasso.it\/fr\/temoignages\/marco-torracchi-pistoia\/\"]}]},{\"@type\":\"ImageObject\",\"inLanguage\":\"fr-FR\",\"@id\":\"https:\/\/www.dalpasso.it\/fr\/temoignages\/marco-torracchi-pistoia\/#primaryimage\",\"url\":\"https:\/\/www.dalpasso.it\/wp-content\/uploads\/2014\/06\/3-ok.jpg\",\"contentUrl\":\"https:\/\/www.dalpasso.it\/wp-content\/uploads\/2014\/06\/3-ok.jpg\",\"width\":496,\"height\":503},{\"@type\":\"BreadcrumbList\",\"@id\":\"https:\/\/www.dalpasso.it\/fr\/temoignages\/marco-torracchi-pistoia\/#breadcrumb\",\"itemListElement\":[{\"@type\":\"ListItem\",\"position\":1,\"name\":\"Home\",\"item\":\"https:\/\/www.dalpasso.it\/fr\/standard-business\/\"},{\"@type\":\"ListItem\",\"position\":2,\"name\":\"T\u00c9MOIGNAGES\",\"item\":\"https:\/\/www.dalpasso.it\/fr\/temoignages\/\"},{\"@type\":\"ListItem\",\"position\":3,\"name\":\"Marco Torracchi (Pistoia)\"}]},{\"@type\":\"WebSite\",\"@id\":\"https:\/\/www.dalpasso.it\/fr\/#website\",\"url\":\"https:\/\/www.dalpasso.it\/fr\/\",\"name\":\"DALPASSO Protesi Oculari\",\"description\":\"\",\"potentialAction\":[{\"@type\":\"SearchAction\",\"target\":{\"@type\":\"EntryPoint\",\"urlTemplate\":\"https:\/\/www.dalpasso.it\/fr\/?s={search_term_string}\"},\"query-input\":{\"@type\":\"PropertyValueSpecification\",\"valueRequired\":true,\"valueName\":\"search_term_string\"}}],\"inLanguage\":\"fr-FR\"}]}<\/script>\n<!-- \/ Yoast SEO plugin. -->","yoast_head_json":{"title":"Marco Torracchi (Pistoia) | Dalpasso protesi oculari","robots":{"index":"index","follow":"follow","max-snippet":"max-snippet:-1","max-image-preview":"max-image-preview:large","max-video-preview":"max-video-preview:-1"},"canonical":"https:\/\/www.dalpasso.it\/fr\/temoignages\/marco-torracchi-pistoia\/","og_locale":"fr_FR","og_type":"article","og_title":"Marco Torracchi (Pistoia) | Dalpasso protesi oculari","og_description":"[vc_row][vc_column width=\u00a0\u00bb1\/4&Prime;][vc_single_image image=\u00a0\u00bb1525&Prime; border_color=\u00a0\u00bbgrey\u00a0\u00bb img_link_target=\u00a0\u00bb_self\u00a0\u00bb img_size=\u00a0\u00bbmedium\u00a0\u00bb img_link_large=\u00a0\u00bbyes\u00a0\u00bb el_class=\u00a0\u00bbprettyPhoto\u00a0\u00bb][\/vc_column][vc_column width=\u00a0\u00bb1\/2&Prime;][vc_column_text] Je vous remercie de l&rsquo;excellent travail effectu\u00e9 et pour m&rsquo;avoir donn\u00e9, apr\u00e8s si longtemps, la sensation de rena\u00eetre. [\/vc_column_text][\/vc_column][\/vc_row]","og_url":"https:\/\/www.dalpasso.it\/fr\/temoignages\/marco-torracchi-pistoia\/","og_site_name":"Dalpasso protesi oculari","article_modified_time":"2015-11-19T14:05:29+00:00","og_image":[{"width":496,"height":503,"url":"https:\/\/www.dalpasso.it\/wp-content\/uploads\/2014\/06\/3-ok.jpg","type":"image\/jpeg"}],"twitter_card":"summary_large_image","schema":{"@context":"https:\/\/schema.org","@graph":[{"@type":"WebPage","@id":"https:\/\/www.dalpasso.it\/fr\/temoignages\/marco-torracchi-pistoia\/","url":"https:\/\/www.dalpasso.it\/fr\/temoignages\/marco-torracchi-pistoia\/","name":"Marco Torracchi (Pistoia) | Dalpasso protesi oculari","isPartOf":{"@id":"https:\/\/www.dalpasso.it\/fr\/#website"},"primaryImageOfPage":{"@id":"https:\/\/www.dalpasso.it\/fr\/temoignages\/marco-torracchi-pistoia\/#primaryimage"},"image":{"@id":"https:\/\/www.dalpasso.it\/fr\/temoignages\/marco-torracchi-pistoia\/#primaryimage"},"thumbnailUrl":"https:\/\/www.dalpasso.it\/wp-content\/uploads\/2014\/06\/3-ok.jpg","datePublished":"2015-05-25T08:42:46+00:00","dateModified":"2015-11-19T14:05:29+00:00","breadcrumb":{"@id":"https:\/\/www.dalpasso.it\/fr\/temoignages\/marco-torracchi-pistoia\/#breadcrumb"},"inLanguage":"fr-FR","potentialAction":[{"@type":"ReadAction","target":["https:\/\/www.dalpasso.it\/fr\/temoignages\/marco-torracchi-pistoia\/"]}]},{"@type":"ImageObject","inLanguage":"fr-FR","@id":"https:\/\/www.dalpasso.it\/fr\/temoignages\/marco-torracchi-pistoia\/#primaryimage","url":"https:\/\/www.dalpasso.it\/wp-content\/uploads\/2014\/06\/3-ok.jpg","contentUrl":"https:\/\/www.dalpasso.it\/wp-content\/uploads\/2014\/06\/3-ok.jpg","width":496,"height":503},{"@type":"BreadcrumbList","@id":"https:\/\/www.dalpasso.it\/fr\/temoignages\/marco-torracchi-pistoia\/#breadcrumb","itemListElement":[{"@type":"ListItem","position":1,"name":"Home","item":"https:\/\/www.dalpasso.it\/fr\/standard-business\/"},{"@type":"ListItem","position":2,"name":"T\u00c9MOIGNAGES","item":"https:\/\/www.dalpasso.it\/fr\/temoignages\/"},{"@type":"ListItem","position":3,"name":"Marco Torracchi (Pistoia)"}]},{"@type":"WebSite","@id":"https:\/\/www.dalpasso.it\/fr\/#website","url":"https:\/\/www.dalpasso.it\/fr\/","name":"DALPASSO Protesi Oculari","description":"","potentialAction":[{"@type":"SearchAction","target":{"@type":"EntryPoint","urlTemplate":"https:\/\/www.dalpasso.it\/fr\/?s={search_term_string}"},"query-input":{"@type":"PropertyValueSpecification","valueRequired":true,"valueName":"search_term_string"}}],"inLanguage":"fr-FR"}]}},"_links":{"self":[{"href":"https:\/\/www.dalpasso.it\/fr\/wp-json\/wp\/v2\/pages\/10892","targetHints":{"allow":["GET"]}}],"collection":[{"href":"https:\/\/www.dalpasso.it\/fr\/wp-json\/wp\/v2\/pages"}],"about":[{"href":"https:\/\/www.dalpasso.it\/fr\/wp-json\/wp\/v2\/types\/page"}],"author":[{"embeddable":true,"href":"https:\/\/www.dalpasso.it\/fr\/wp-json\/wp\/v2\/users\/4"}],"replies":[{"embeddable":true,"href":"https:\/\/www.dalpasso.it\/fr\/wp-json\/wp\/v2\/comments?post=10892"}],"version-history":[{"count":1,"href":"https:\/\/www.dalpasso.it\/fr\/wp-json\/wp\/v2\/pages\/10892\/revisions"}],"predecessor-version":[{"id":10893,"href":"https:\/\/www.dalpasso.it\/fr\/wp-json\/wp\/v2\/pages\/10892\/revisions\/10893"}],"up":[{"embeddable":true,"href":"https:\/\/www.dalpasso.it\/fr\/wp-json\/wp\/v2\/pages\/10597"}],"wp:featuredmedia":[{"embeddable":true,"href":"https:\/\/www.dalpasso.it\/fr\/wp-json\/wp\/v2\/media\/16729"}],"wp:attachment":[{"href":"https:\/\/www.dalpasso.it\/fr\/wp-json\/wp\/v2\/media?parent=10892"}],"curies":[{"name":"wp","href":"https:\/\/api.w.org\/{rel}","templated":true}]}}