{"id":10871,"date":"2015-10-12T12:34:47","date_gmt":"2015-10-12T10:34:47","guid":{"rendered":"http:\/\/www.dalpasso.it\/fr\/temoignages\/agatha-maria-la-ferlita\/"},"modified":"2015-11-19T14:52:30","modified_gmt":"2015-11-19T13:52:30","slug":"agatha-maria-la-ferlita-catane","status":"publish","type":"page","link":"https:\/\/www.dalpasso.it\/fr\/temoignages\/agatha-maria-la-ferlita-catane\/","title":{"rendered":"AGATHA MARIA LA FERLITA (CATANE)"},"content":{"rendered":"<div class=\"wpb-content-wrapper\">[vc_row full_width=\u00a0\u00bb\u00a0\u00bb parallax=\u00a0\u00bb\u00a0\u00bb parallax_image=\u00a0\u00bb\u00a0\u00bb][vc_column width=\u00a0\u00bb1\/4&Prime;][vc_single_image image=\u00a0\u00bb9850&Prime; border_color=\u00a0\u00bbgrey\u00a0\u00bb img_link_large=\u00a0\u00bbyes\u00a0\u00bb img_link_target=\u00a0\u00bb_self\u00a0\u00bb img_size=\u00a0\u00bbmedium\u00a0\u00bb][\/vc_column][vc_column width=\u00a0\u00bb3\/4&Prime;][vc_column_text]Ma petite Agatha est n\u00e9e avec une microphtalmie \u00e0 l&rsquo;\u0153il gauche. Je remercie Dalpasso d&rsquo;avoir pris soin de mon enfant d\u00e8s sa naissance, notamment les applicateurs Donato et Fabio pour l\u2019amour et la patience qu&rsquo;ils nous ont d\u00e9montr\u00e9s pendant toutes ces ann\u00e9es. Un grand bonjour des parents d\u2019Agatha<br \/>\nSanto &amp; Terry[\/vc_column_text][\/vc_column][\/vc_row]<\/div>","protected":false},"excerpt":{"rendered":"<p>[vc_row full_width=\u00a0\u00bb\u00a0\u00bb parallax=\u00a0\u00bb\u00a0\u00bb parallax_image=\u00a0\u00bb\u00a0\u00bb][vc_column width=\u00a0\u00bb1\/4&Prime;][vc_single_image image=\u00a0\u00bb9850&Prime; border_color=\u00a0\u00bbgrey\u00a0\u00bb img_link_large=\u00a0\u00bbyes\u00a0\u00bb img_link_target=\u00a0\u00bb_self\u00a0\u00bb img_size=\u00a0\u00bbmedium\u00a0\u00bb][\/vc_column][vc_column width=\u00a0\u00bb3\/4&Prime;][vc_column_text]Ma petite Agatha est n\u00e9e avec une microphtalmie \u00e0 l&rsquo;\u0153il gauche. Je remercie Dalpasso d&rsquo;avoir pris soin de mon enfant d\u00e8s sa naissance, notamment les applicateurs Donato et Fabio pour l\u2019amour et la patience qu&rsquo;ils nous ont d\u00e9montr\u00e9s pendant toutes ces ann\u00e9es. Un grand bonjour [&hellip;]<\/p>\n","protected":false},"author":1,"featured_media":22286,"parent":10597,"menu_order":0,"comment_status":"closed","ping_status":"closed","template":"","meta":{"footnotes":""},"class_list":["post-10871","page","type-page","status-publish","has-post-thumbnail","hentry"],"yoast_head":"<!-- This site is optimized with the Yoast SEO plugin v27.1.1 - https:\/\/yoast.com\/product\/yoast-seo-wordpress\/ -->\n<title>AGATHA MARIA LA FERLITA (CATANE) | Dalpasso protesi oculari<\/title>\n<meta name=\"robots\" content=\"index, follow, max-snippet:-1, max-image-preview:large, max-video-preview:-1\" \/>\n<link rel=\"canonical\" href=\"https:\/\/www.dalpasso.it\/fr\/temoignages\/agatha-maria-la-ferlita-catane\/\" \/>\n<meta property=\"og:locale\" content=\"fr_FR\" \/>\n<meta property=\"og:type\" content=\"article\" \/>\n<meta property=\"og:title\" content=\"AGATHA MARIA LA FERLITA (CATANE) | Dalpasso protesi oculari\" \/>\n<meta property=\"og:description\" content=\"[vc_row full_width=\u00a0\u00bb\u00a0\u00bb parallax=\u00a0\u00bb\u00a0\u00bb parallax_image=\u00a0\u00bb\u00a0\u00bb][vc_column width=\u00a0\u00bb1\/4&Prime;][vc_single_image image=\u00a0\u00bb9850&Prime; border_color=\u00a0\u00bbgrey\u00a0\u00bb img_link_large=\u00a0\u00bbyes\u00a0\u00bb img_link_target=\u00a0\u00bb_self\u00a0\u00bb img_size=\u00a0\u00bbmedium\u00a0\u00bb][\/vc_column][vc_column width=\u00a0\u00bb3\/4&Prime;][vc_column_text]Ma petite Agatha est n\u00e9e avec une microphtalmie \u00e0 l&rsquo;\u0153il gauche. Je remercie Dalpasso d&rsquo;avoir pris soin de mon enfant d\u00e8s sa naissance, notamment les applicateurs Donato et Fabio pour l\u2019amour et la patience qu&rsquo;ils nous ont d\u00e9montr\u00e9s pendant toutes ces ann\u00e9es. Un grand bonjour [&hellip;]\" \/>\n<meta property=\"og:url\" content=\"https:\/\/www.dalpasso.it\/fr\/temoignages\/agatha-maria-la-ferlita-catane\/\" \/>\n<meta property=\"og:site_name\" content=\"Dalpasso protesi oculari\" \/>\n<meta property=\"article:modified_time\" content=\"2015-11-19T13:52:30+00:00\" \/>\n<meta property=\"og:image\" content=\"https:\/\/www.dalpasso.it\/wp-content\/uploads\/2014\/06\/La-Ferlita-Agatha2.jpg\" \/>\n\t<meta property=\"og:image:width\" content=\"480\" \/>\n\t<meta property=\"og:image:height\" content=\"480\" \/>\n\t<meta property=\"og:image:type\" content=\"image\/jpeg\" \/>\n<meta name=\"twitter:card\" content=\"summary_large_image\" \/>\n<meta name=\"twitter:label1\" content=\"Dur\u00e9e de lecture estim\u00e9e\" \/>\n\t<meta name=\"twitter:data1\" content=\"1 minute\" \/>\n<script type=\"application\/ld+json\" class=\"yoast-schema-graph\">{\"@context\":\"https:\/\/schema.org\",\"@graph\":[{\"@type\":\"WebPage\",\"@id\":\"https:\/\/www.dalpasso.it\/fr\/temoignages\/agatha-maria-la-ferlita-catane\/\",\"url\":\"https:\/\/www.dalpasso.it\/fr\/temoignages\/agatha-maria-la-ferlita-catane\/\",\"name\":\"AGATHA MARIA LA FERLITA (CATANE) | Dalpasso protesi oculari\",\"isPartOf\":{\"@id\":\"https:\/\/www.dalpasso.it\/fr\/#website\"},\"primaryImageOfPage\":{\"@id\":\"https:\/\/www.dalpasso.it\/fr\/temoignages\/agatha-maria-la-ferlita-catane\/#primaryimage\"},\"image\":{\"@id\":\"https:\/\/www.dalpasso.it\/fr\/temoignages\/agatha-maria-la-ferlita-catane\/#primaryimage\"},\"thumbnailUrl\":\"https:\/\/www.dalpasso.it\/wp-content\/uploads\/2014\/06\/La-Ferlita-Agatha2.jpg\",\"datePublished\":\"2015-10-12T10:34:47+00:00\",\"dateModified\":\"2015-11-19T13:52:30+00:00\",\"breadcrumb\":{\"@id\":\"https:\/\/www.dalpasso.it\/fr\/temoignages\/agatha-maria-la-ferlita-catane\/#breadcrumb\"},\"inLanguage\":\"fr-FR\",\"potentialAction\":[{\"@type\":\"ReadAction\",\"target\":[\"https:\/\/www.dalpasso.it\/fr\/temoignages\/agatha-maria-la-ferlita-catane\/\"]}]},{\"@type\":\"ImageObject\",\"inLanguage\":\"fr-FR\",\"@id\":\"https:\/\/www.dalpasso.it\/fr\/temoignages\/agatha-maria-la-ferlita-catane\/#primaryimage\",\"url\":\"https:\/\/www.dalpasso.it\/wp-content\/uploads\/2014\/06\/La-Ferlita-Agatha2.jpg\",\"contentUrl\":\"https:\/\/www.dalpasso.it\/wp-content\/uploads\/2014\/06\/La-Ferlita-Agatha2.jpg\",\"width\":480,\"height\":480},{\"@type\":\"BreadcrumbList\",\"@id\":\"https:\/\/www.dalpasso.it\/fr\/temoignages\/agatha-maria-la-ferlita-catane\/#breadcrumb\",\"itemListElement\":[{\"@type\":\"ListItem\",\"position\":1,\"name\":\"Home\",\"item\":\"https:\/\/www.dalpasso.it\/fr\/standard-business\/\"},{\"@type\":\"ListItem\",\"position\":2,\"name\":\"T\u00c9MOIGNAGES\",\"item\":\"https:\/\/www.dalpasso.it\/fr\/temoignages\/\"},{\"@type\":\"ListItem\",\"position\":3,\"name\":\"AGATHA MARIA LA FERLITA (CATANE)\"}]},{\"@type\":\"WebSite\",\"@id\":\"https:\/\/www.dalpasso.it\/fr\/#website\",\"url\":\"https:\/\/www.dalpasso.it\/fr\/\",\"name\":\"DALPASSO Protesi Oculari\",\"description\":\"\",\"potentialAction\":[{\"@type\":\"SearchAction\",\"target\":{\"@type\":\"EntryPoint\",\"urlTemplate\":\"https:\/\/www.dalpasso.it\/fr\/?s={search_term_string}\"},\"query-input\":{\"@type\":\"PropertyValueSpecification\",\"valueRequired\":true,\"valueName\":\"search_term_string\"}}],\"inLanguage\":\"fr-FR\"}]}<\/script>\n<!-- \/ Yoast SEO plugin. -->","yoast_head_json":{"title":"AGATHA MARIA LA FERLITA (CATANE) | Dalpasso protesi oculari","robots":{"index":"index","follow":"follow","max-snippet":"max-snippet:-1","max-image-preview":"max-image-preview:large","max-video-preview":"max-video-preview:-1"},"canonical":"https:\/\/www.dalpasso.it\/fr\/temoignages\/agatha-maria-la-ferlita-catane\/","og_locale":"fr_FR","og_type":"article","og_title":"AGATHA MARIA LA FERLITA (CATANE) | Dalpasso protesi oculari","og_description":"[vc_row full_width=\u00a0\u00bb\u00a0\u00bb parallax=\u00a0\u00bb\u00a0\u00bb parallax_image=\u00a0\u00bb\u00a0\u00bb][vc_column width=\u00a0\u00bb1\/4&Prime;][vc_single_image image=\u00a0\u00bb9850&Prime; border_color=\u00a0\u00bbgrey\u00a0\u00bb img_link_large=\u00a0\u00bbyes\u00a0\u00bb img_link_target=\u00a0\u00bb_self\u00a0\u00bb img_size=\u00a0\u00bbmedium\u00a0\u00bb][\/vc_column][vc_column width=\u00a0\u00bb3\/4&Prime;][vc_column_text]Ma petite Agatha est n\u00e9e avec une microphtalmie \u00e0 l&rsquo;\u0153il gauche. Je remercie Dalpasso d&rsquo;avoir pris soin de mon enfant d\u00e8s sa naissance, notamment les applicateurs Donato et Fabio pour l\u2019amour et la patience qu&rsquo;ils nous ont d\u00e9montr\u00e9s pendant toutes ces ann\u00e9es. Un grand bonjour [&hellip;]","og_url":"https:\/\/www.dalpasso.it\/fr\/temoignages\/agatha-maria-la-ferlita-catane\/","og_site_name":"Dalpasso protesi oculari","article_modified_time":"2015-11-19T13:52:30+00:00","og_image":[{"width":480,"height":480,"url":"https:\/\/www.dalpasso.it\/wp-content\/uploads\/2014\/06\/La-Ferlita-Agatha2.jpg","type":"image\/jpeg"}],"twitter_card":"summary_large_image","twitter_misc":{"Dur\u00e9e de lecture estim\u00e9e":"1 minute"},"schema":{"@context":"https:\/\/schema.org","@graph":[{"@type":"WebPage","@id":"https:\/\/www.dalpasso.it\/fr\/temoignages\/agatha-maria-la-ferlita-catane\/","url":"https:\/\/www.dalpasso.it\/fr\/temoignages\/agatha-maria-la-ferlita-catane\/","name":"AGATHA MARIA LA FERLITA (CATANE) | Dalpasso protesi oculari","isPartOf":{"@id":"https:\/\/www.dalpasso.it\/fr\/#website"},"primaryImageOfPage":{"@id":"https:\/\/www.dalpasso.it\/fr\/temoignages\/agatha-maria-la-ferlita-catane\/#primaryimage"},"image":{"@id":"https:\/\/www.dalpasso.it\/fr\/temoignages\/agatha-maria-la-ferlita-catane\/#primaryimage"},"thumbnailUrl":"https:\/\/www.dalpasso.it\/wp-content\/uploads\/2014\/06\/La-Ferlita-Agatha2.jpg","datePublished":"2015-10-12T10:34:47+00:00","dateModified":"2015-11-19T13:52:30+00:00","breadcrumb":{"@id":"https:\/\/www.dalpasso.it\/fr\/temoignages\/agatha-maria-la-ferlita-catane\/#breadcrumb"},"inLanguage":"fr-FR","potentialAction":[{"@type":"ReadAction","target":["https:\/\/www.dalpasso.it\/fr\/temoignages\/agatha-maria-la-ferlita-catane\/"]}]},{"@type":"ImageObject","inLanguage":"fr-FR","@id":"https:\/\/www.dalpasso.it\/fr\/temoignages\/agatha-maria-la-ferlita-catane\/#primaryimage","url":"https:\/\/www.dalpasso.it\/wp-content\/uploads\/2014\/06\/La-Ferlita-Agatha2.jpg","contentUrl":"https:\/\/www.dalpasso.it\/wp-content\/uploads\/2014\/06\/La-Ferlita-Agatha2.jpg","width":480,"height":480},{"@type":"BreadcrumbList","@id":"https:\/\/www.dalpasso.it\/fr\/temoignages\/agatha-maria-la-ferlita-catane\/#breadcrumb","itemListElement":[{"@type":"ListItem","position":1,"name":"Home","item":"https:\/\/www.dalpasso.it\/fr\/standard-business\/"},{"@type":"ListItem","position":2,"name":"T\u00c9MOIGNAGES","item":"https:\/\/www.dalpasso.it\/fr\/temoignages\/"},{"@type":"ListItem","position":3,"name":"AGATHA MARIA LA FERLITA (CATANE)"}]},{"@type":"WebSite","@id":"https:\/\/www.dalpasso.it\/fr\/#website","url":"https:\/\/www.dalpasso.it\/fr\/","name":"DALPASSO Protesi Oculari","description":"","potentialAction":[{"@type":"SearchAction","target":{"@type":"EntryPoint","urlTemplate":"https:\/\/www.dalpasso.it\/fr\/?s={search_term_string}"},"query-input":{"@type":"PropertyValueSpecification","valueRequired":true,"valueName":"search_term_string"}}],"inLanguage":"fr-FR"}]}},"_links":{"self":[{"href":"https:\/\/www.dalpasso.it\/fr\/wp-json\/wp\/v2\/pages\/10871","targetHints":{"allow":["GET"]}}],"collection":[{"href":"https:\/\/www.dalpasso.it\/fr\/wp-json\/wp\/v2\/pages"}],"about":[{"href":"https:\/\/www.dalpasso.it\/fr\/wp-json\/wp\/v2\/types\/page"}],"author":[{"embeddable":true,"href":"https:\/\/www.dalpasso.it\/fr\/wp-json\/wp\/v2\/users\/1"}],"replies":[{"embeddable":true,"href":"https:\/\/www.dalpasso.it\/fr\/wp-json\/wp\/v2\/comments?post=10871"}],"version-history":[{"count":1,"href":"https:\/\/www.dalpasso.it\/fr\/wp-json\/wp\/v2\/pages\/10871\/revisions"}],"predecessor-version":[{"id":10872,"href":"https:\/\/www.dalpasso.it\/fr\/wp-json\/wp\/v2\/pages\/10871\/revisions\/10872"}],"up":[{"embeddable":true,"href":"https:\/\/www.dalpasso.it\/fr\/wp-json\/wp\/v2\/pages\/10597"}],"wp:featuredmedia":[{"embeddable":true,"href":"https:\/\/www.dalpasso.it\/fr\/wp-json\/wp\/v2\/media\/22286"}],"wp:attachment":[{"href":"https:\/\/www.dalpasso.it\/fr\/wp-json\/wp\/v2\/media?parent=10871"}],"curies":[{"name":"wp","href":"https:\/\/api.w.org\/{rel}","templated":true}]}}