{"id":10715,"date":"2015-07-09T22:14:04","date_gmt":"2015-07-09T20:14:04","guid":{"rendered":"http:\/\/www.dalpasso.it\/fr\/impianti\/sfera\/"},"modified":"2015-11-16T11:42:45","modified_gmt":"2015-11-16T10:42:45","slug":"implant-spherique-en-pmma-et-silicone","status":"publish","type":"page","link":"https:\/\/www.dalpasso.it\/fr\/info\/implants\/implant-spherique-en-pmma-et-silicone\/","title":{"rendered":"Implant Sph\u00e9rique en PMMA et Silicone"},"content":{"rendered":"<div class=\"wpb-content-wrapper\">[vc_row][vc_column width=\u00a0\u00bb2\/3&Prime;][vc_column_text]L&rsquo;implant sph\u00e9rique en PMMA a \u00e9t\u00e9 largement utilis\u00e9 dans le pass\u00e9 et reste une option d&rsquo;actualit\u00e9 en vertu de sa quasi totale absence de contre-indications et de son tr\u00e8s bas co\u00fbt qui en font un choix \u00ab\u00a0d\u00e9nu\u00e9 de risque \u00bb. Il est uniquement utilis\u00e9 dans l&rsquo;\u00e9nucl\u00e9ation primaire car la rigidit\u00e9 du mat\u00e9riau et la difficult\u00e9 \u00e0 bloquer le glissement \u00e0 l&rsquo;int\u00e9rieur de la coque scl\u00e9rale le rendent impropre \u00e0 l&rsquo;intervention d&rsquo;\u00e9visc\u00e9ration.<br \/>\nD&rsquo;une taille adapt\u00e9e \u00e0 la cavit\u00e9 devant le contenir, il offre un remplissage satisfaisant, mais le mouvement transmis \u00e0 la proth\u00e8se s&rsquo;en trouve relativement limit\u00e9.[\/vc_column_text][\/vc_column][vc_column width=\u00a0\u00bb1\/3&Prime;][vc_column_text]<\/p>\n<p><a href=\"https:\/\/www.dalpasso.it\/wp-content\/uploads\/2015\/07\/Impianto-sfera-PMMA.png\" class=\"thickbox no_icon\"><img loading=\"lazy\" decoding=\"async\" class=\"alignnone wp-image-6690\" src=\"https:\/\/www.dalpasso.it\/wp-content\/uploads\/2015\/07\/Impianto-sfera-PMMA.png\" alt=\"Impianto sfera PMMA\" width=\"206\" height=\"207\" srcset=\"https:\/\/www.dalpasso.it\/wp-content\/uploads\/2015\/07\/Impianto-sfera-PMMA.png 230w, https:\/\/www.dalpasso.it\/wp-content\/uploads\/2015\/07\/Impianto-sfera-PMMA-150x150.png 150w\" sizes=\"auto, (max-width: 206px) 100vw, 206px\" \/><\/a><\/p>\n<p>[\/vc_column_text][\/vc_column][\/vc_row][vc_row][vc_column width=\u00a0\u00bb1\/4&Prime;][vc_column_text]<\/p>\n<p><a href=\"https:\/\/www.dalpasso.it\/wp-content\/uploads\/2015\/07\/Impianto-Silicone.png\" class=\"thickbox no_icon\"><img loading=\"lazy\" decoding=\"async\" class=\"alignnone size-full wp-image-6654\" src=\"https:\/\/www.dalpasso.it\/wp-content\/uploads\/2015\/07\/Impianto-Silicone.png\" alt=\"Impianto Silicone\" width=\"209\" height=\"221\" \/><\/a><\/p>\n<p>[\/vc_column_text][\/vc_column][vc_column width=\u00a0\u00bb3\/4&Prime;][vc_column_text]D&rsquo;un point de vue dimensionnel et m\u00e9canique, l&rsquo;implant sph\u00e9rique en silicone ressemble \u00e9norm\u00e9ment \u00e0 celui en PMMA dont il diff\u00e8re uniquement par sa consistance plus souple, mall\u00e9able et moins lisse en surface, caract\u00e9ristiques qui garantissent un moindre traumatisme des tissus de recouvrement ainsi qu&rsquo;un moindre glissement de l&rsquo;implant. C&rsquo;est pourquoi l&rsquo;implant en silicone est idoine \u00e0 \u00eatre envelopp\u00e9 dans la coque scl\u00e9rale apr\u00e8s \u00e9visc\u00e9ration du bulbe.<br \/>\nSon faible co\u00fbt et sa versatilit\u00e9 font qu&rsquo;il est, encore aujourd&rsquo;hui, pr\u00e9f\u00e9r\u00e9 \u00e0 des implants plus modernes et perfectionn\u00e9s.\u00a0Il est bien tol\u00e9r\u00e9 par l&rsquo;organisme et difficilement expuls\u00e9. Dans le cadre de l&rsquo;\u00e9visc\u00e9ration, il offre une excellente motilit\u00e9 autrement possible uniquement avec des implants poreux.[\/vc_column_text][\/vc_column][\/vc_row]<\/div>","protected":false},"excerpt":{"rendered":"<p>[vc_row][vc_column width=\u00a0\u00bb2\/3&Prime;][vc_column_text]L&rsquo;implant sph\u00e9rique en PMMA a \u00e9t\u00e9 largement utilis\u00e9 dans le pass\u00e9 et reste une option d&rsquo;actualit\u00e9 en vertu de sa quasi totale absence de contre-indications et de son tr\u00e8s bas co\u00fbt qui en font un choix \u00ab\u00a0d\u00e9nu\u00e9 de risque \u00bb. Il est uniquement utilis\u00e9 dans l&rsquo;\u00e9nucl\u00e9ation primaire car la rigidit\u00e9 du mat\u00e9riau et la [&hellip;]<\/p>\n","protected":false},"author":4,"featured_media":0,"parent":10680,"menu_order":0,"comment_status":"closed","ping_status":"closed","template":"","meta":{"footnotes":""},"class_list":["post-10715","page","type-page","status-publish","hentry"],"yoast_head":"<!-- This site is optimized with the Yoast SEO plugin v27.1.1 - https:\/\/yoast.com\/product\/yoast-seo-wordpress\/ -->\n<title>Implant Sph\u00e9rique en PMMA et Silicone | Dalpasso protesi oculari<\/title>\n<meta name=\"robots\" content=\"index, follow, max-snippet:-1, max-image-preview:large, max-video-preview:-1\" \/>\n<link rel=\"canonical\" href=\"https:\/\/www.dalpasso.it\/fr\/info\/implants\/implant-spherique-en-pmma-et-silicone\/\" \/>\n<meta property=\"og:locale\" content=\"fr_FR\" \/>\n<meta property=\"og:type\" content=\"article\" \/>\n<meta property=\"og:title\" content=\"Implant Sph\u00e9rique en PMMA et Silicone | Dalpasso protesi oculari\" \/>\n<meta property=\"og:description\" content=\"[vc_row][vc_column width=\u00a0\u00bb2\/3&Prime;][vc_column_text]L&rsquo;implant sph\u00e9rique en PMMA a \u00e9t\u00e9 largement utilis\u00e9 dans le pass\u00e9 et reste une option d&rsquo;actualit\u00e9 en vertu de sa quasi totale absence de contre-indications et de son tr\u00e8s bas co\u00fbt qui en font un choix \u00ab\u00a0d\u00e9nu\u00e9 de risque \u00bb. Il est uniquement utilis\u00e9 dans l&rsquo;\u00e9nucl\u00e9ation primaire car la rigidit\u00e9 du mat\u00e9riau et la [&hellip;]\" \/>\n<meta property=\"og:url\" content=\"https:\/\/www.dalpasso.it\/fr\/info\/implants\/implant-spherique-en-pmma-et-silicone\/\" \/>\n<meta property=\"og:site_name\" content=\"Dalpasso protesi oculari\" \/>\n<meta property=\"article:modified_time\" content=\"2015-11-16T10:42:45+00:00\" \/>\n<meta property=\"og:image\" content=\"https:\/\/www.dalpasso.it\/wp-content\/uploads\/2015\/07\/Impianto-sfera-PMMA.png\" \/>\n\t<meta property=\"og:image:width\" content=\"230\" \/>\n\t<meta property=\"og:image:height\" content=\"231\" \/>\n\t<meta property=\"og:image:type\" content=\"image\/png\" \/>\n<meta name=\"twitter:card\" content=\"summary_large_image\" \/>\n<meta name=\"twitter:label1\" content=\"Dur\u00e9e de lecture estim\u00e9e\" \/>\n\t<meta name=\"twitter:data1\" content=\"1 minute\" \/>\n<script type=\"application\/ld+json\" class=\"yoast-schema-graph\">{\"@context\":\"https:\/\/schema.org\",\"@graph\":[{\"@type\":\"WebPage\",\"@id\":\"https:\/\/www.dalpasso.it\/fr\/info\/implants\/implant-spherique-en-pmma-et-silicone\/\",\"url\":\"https:\/\/www.dalpasso.it\/fr\/info\/implants\/implant-spherique-en-pmma-et-silicone\/\",\"name\":\"Implant Sph\u00e9rique en PMMA et Silicone | Dalpasso protesi oculari\",\"isPartOf\":{\"@id\":\"https:\/\/www.dalpasso.it\/fr\/#website\"},\"primaryImageOfPage\":{\"@id\":\"https:\/\/www.dalpasso.it\/fr\/info\/implants\/implant-spherique-en-pmma-et-silicone\/#primaryimage\"},\"image\":{\"@id\":\"https:\/\/www.dalpasso.it\/fr\/info\/implants\/implant-spherique-en-pmma-et-silicone\/#primaryimage\"},\"thumbnailUrl\":\"https:\/\/www.dalpasso.it\/wp-content\/uploads\/2015\/07\/Impianto-sfera-PMMA.png\",\"datePublished\":\"2015-07-09T20:14:04+00:00\",\"dateModified\":\"2015-11-16T10:42:45+00:00\",\"breadcrumb\":{\"@id\":\"https:\/\/www.dalpasso.it\/fr\/info\/implants\/implant-spherique-en-pmma-et-silicone\/#breadcrumb\"},\"inLanguage\":\"fr-FR\",\"potentialAction\":[{\"@type\":\"ReadAction\",\"target\":[\"https:\/\/www.dalpasso.it\/fr\/info\/implants\/implant-spherique-en-pmma-et-silicone\/\"]}]},{\"@type\":\"ImageObject\",\"inLanguage\":\"fr-FR\",\"@id\":\"https:\/\/www.dalpasso.it\/fr\/info\/implants\/implant-spherique-en-pmma-et-silicone\/#primaryimage\",\"url\":\"https:\/\/www.dalpasso.it\/wp-content\/uploads\/2015\/07\/Impianto-sfera-PMMA.png\",\"contentUrl\":\"https:\/\/www.dalpasso.it\/wp-content\/uploads\/2015\/07\/Impianto-sfera-PMMA.png\"},{\"@type\":\"BreadcrumbList\",\"@id\":\"https:\/\/www.dalpasso.it\/fr\/info\/implants\/implant-spherique-en-pmma-et-silicone\/#breadcrumb\",\"itemListElement\":[{\"@type\":\"ListItem\",\"position\":1,\"name\":\"Home\",\"item\":\"https:\/\/www.dalpasso.it\/fr\/standard-business\/\"},{\"@type\":\"ListItem\",\"position\":2,\"name\":\"INFO\",\"item\":\"https:\/\/www.dalpasso.it\/fr\/info\/\"},{\"@type\":\"ListItem\",\"position\":3,\"name\":\"IMPLANTS\",\"item\":\"https:\/\/www.dalpasso.it\/fr\/info\/implants\/\"},{\"@type\":\"ListItem\",\"position\":4,\"name\":\"Implant Sph\u00e9rique en PMMA et Silicone\"}]},{\"@type\":\"WebSite\",\"@id\":\"https:\/\/www.dalpasso.it\/fr\/#website\",\"url\":\"https:\/\/www.dalpasso.it\/fr\/\",\"name\":\"DALPASSO Protesi Oculari\",\"description\":\"\",\"potentialAction\":[{\"@type\":\"SearchAction\",\"target\":{\"@type\":\"EntryPoint\",\"urlTemplate\":\"https:\/\/www.dalpasso.it\/fr\/?s={search_term_string}\"},\"query-input\":{\"@type\":\"PropertyValueSpecification\",\"valueRequired\":true,\"valueName\":\"search_term_string\"}}],\"inLanguage\":\"fr-FR\"}]}<\/script>\n<!-- \/ Yoast SEO plugin. -->","yoast_head_json":{"title":"Implant Sph\u00e9rique en PMMA et Silicone | Dalpasso protesi oculari","robots":{"index":"index","follow":"follow","max-snippet":"max-snippet:-1","max-image-preview":"max-image-preview:large","max-video-preview":"max-video-preview:-1"},"canonical":"https:\/\/www.dalpasso.it\/fr\/info\/implants\/implant-spherique-en-pmma-et-silicone\/","og_locale":"fr_FR","og_type":"article","og_title":"Implant Sph\u00e9rique en PMMA et Silicone | Dalpasso protesi oculari","og_description":"[vc_row][vc_column width=\u00a0\u00bb2\/3&Prime;][vc_column_text]L&rsquo;implant sph\u00e9rique en PMMA a \u00e9t\u00e9 largement utilis\u00e9 dans le pass\u00e9 et reste une option d&rsquo;actualit\u00e9 en vertu de sa quasi totale absence de contre-indications et de son tr\u00e8s bas co\u00fbt qui en font un choix \u00ab\u00a0d\u00e9nu\u00e9 de risque \u00bb. Il est uniquement utilis\u00e9 dans l&rsquo;\u00e9nucl\u00e9ation primaire car la rigidit\u00e9 du mat\u00e9riau et la [&hellip;]","og_url":"https:\/\/www.dalpasso.it\/fr\/info\/implants\/implant-spherique-en-pmma-et-silicone\/","og_site_name":"Dalpasso protesi oculari","article_modified_time":"2015-11-16T10:42:45+00:00","og_image":[{"width":230,"height":231,"url":"https:\/\/www.dalpasso.it\/wp-content\/uploads\/2015\/07\/Impianto-sfera-PMMA.png","type":"image\/png"}],"twitter_card":"summary_large_image","twitter_misc":{"Dur\u00e9e de lecture estim\u00e9e":"1 minute"},"schema":{"@context":"https:\/\/schema.org","@graph":[{"@type":"WebPage","@id":"https:\/\/www.dalpasso.it\/fr\/info\/implants\/implant-spherique-en-pmma-et-silicone\/","url":"https:\/\/www.dalpasso.it\/fr\/info\/implants\/implant-spherique-en-pmma-et-silicone\/","name":"Implant Sph\u00e9rique en PMMA et Silicone | Dalpasso protesi oculari","isPartOf":{"@id":"https:\/\/www.dalpasso.it\/fr\/#website"},"primaryImageOfPage":{"@id":"https:\/\/www.dalpasso.it\/fr\/info\/implants\/implant-spherique-en-pmma-et-silicone\/#primaryimage"},"image":{"@id":"https:\/\/www.dalpasso.it\/fr\/info\/implants\/implant-spherique-en-pmma-et-silicone\/#primaryimage"},"thumbnailUrl":"https:\/\/www.dalpasso.it\/wp-content\/uploads\/2015\/07\/Impianto-sfera-PMMA.png","datePublished":"2015-07-09T20:14:04+00:00","dateModified":"2015-11-16T10:42:45+00:00","breadcrumb":{"@id":"https:\/\/www.dalpasso.it\/fr\/info\/implants\/implant-spherique-en-pmma-et-silicone\/#breadcrumb"},"inLanguage":"fr-FR","potentialAction":[{"@type":"ReadAction","target":["https:\/\/www.dalpasso.it\/fr\/info\/implants\/implant-spherique-en-pmma-et-silicone\/"]}]},{"@type":"ImageObject","inLanguage":"fr-FR","@id":"https:\/\/www.dalpasso.it\/fr\/info\/implants\/implant-spherique-en-pmma-et-silicone\/#primaryimage","url":"https:\/\/www.dalpasso.it\/wp-content\/uploads\/2015\/07\/Impianto-sfera-PMMA.png","contentUrl":"https:\/\/www.dalpasso.it\/wp-content\/uploads\/2015\/07\/Impianto-sfera-PMMA.png"},{"@type":"BreadcrumbList","@id":"https:\/\/www.dalpasso.it\/fr\/info\/implants\/implant-spherique-en-pmma-et-silicone\/#breadcrumb","itemListElement":[{"@type":"ListItem","position":1,"name":"Home","item":"https:\/\/www.dalpasso.it\/fr\/standard-business\/"},{"@type":"ListItem","position":2,"name":"INFO","item":"https:\/\/www.dalpasso.it\/fr\/info\/"},{"@type":"ListItem","position":3,"name":"IMPLANTS","item":"https:\/\/www.dalpasso.it\/fr\/info\/implants\/"},{"@type":"ListItem","position":4,"name":"Implant Sph\u00e9rique en PMMA et Silicone"}]},{"@type":"WebSite","@id":"https:\/\/www.dalpasso.it\/fr\/#website","url":"https:\/\/www.dalpasso.it\/fr\/","name":"DALPASSO Protesi Oculari","description":"","potentialAction":[{"@type":"SearchAction","target":{"@type":"EntryPoint","urlTemplate":"https:\/\/www.dalpasso.it\/fr\/?s={search_term_string}"},"query-input":{"@type":"PropertyValueSpecification","valueRequired":true,"valueName":"search_term_string"}}],"inLanguage":"fr-FR"}]}},"_links":{"self":[{"href":"https:\/\/www.dalpasso.it\/fr\/wp-json\/wp\/v2\/pages\/10715","targetHints":{"allow":["GET"]}}],"collection":[{"href":"https:\/\/www.dalpasso.it\/fr\/wp-json\/wp\/v2\/pages"}],"about":[{"href":"https:\/\/www.dalpasso.it\/fr\/wp-json\/wp\/v2\/types\/page"}],"author":[{"embeddable":true,"href":"https:\/\/www.dalpasso.it\/fr\/wp-json\/wp\/v2\/users\/4"}],"replies":[{"embeddable":true,"href":"https:\/\/www.dalpasso.it\/fr\/wp-json\/wp\/v2\/comments?post=10715"}],"version-history":[{"count":2,"href":"https:\/\/www.dalpasso.it\/fr\/wp-json\/wp\/v2\/pages\/10715\/revisions"}],"predecessor-version":[{"id":10717,"href":"https:\/\/www.dalpasso.it\/fr\/wp-json\/wp\/v2\/pages\/10715\/revisions\/10717"}],"up":[{"embeddable":true,"href":"https:\/\/www.dalpasso.it\/fr\/wp-json\/wp\/v2\/pages\/10680"}],"wp:attachment":[{"href":"https:\/\/www.dalpasso.it\/fr\/wp-json\/wp\/v2\/media?parent=10715"}],"curies":[{"name":"wp","href":"https:\/\/api.w.org\/{rel}","templated":true}]}}