{"id":10707,"date":"2015-07-09T21:42:59","date_gmt":"2015-07-09T19:42:59","guid":{"rendered":"http:\/\/www.dalpasso.it\/fr\/impianti\/medpor\/"},"modified":"2015-11-19T15:17:21","modified_gmt":"2015-11-19T14:17:21","slug":"implant-en-medpor-polyethylene-poreux-a-haute-densite","status":"publish","type":"page","link":"https:\/\/www.dalpasso.it\/fr\/info\/implants\/implant-en-medpor-polyethylene-poreux-a-haute-densite\/","title":{"rendered":"Implant en Medpor (poly\u00e9thyl\u00e8ne poreux \u00e0 haute densit\u00e9)"},"content":{"rendered":"<div class=\"wpb-content-wrapper\">[vc_row][vc_column width=\u00a0\u00bb2\/3&Prime;][vc_column_text]Produit \u00e0 partir d&rsquo;une poudre de polym\u00e8res de poly\u00e9thyl\u00e8ne \u00e0 basse pression m\u00e9lang\u00e9s puis model\u00e9s en formes. Il peut \u00eatre model\u00e9 en le coupant et en l&rsquo;assouplissant dans de l&rsquo;eau chaude et les muscles oculaires peuvent \u00eatre directement sutur\u00e9s sur l&rsquo;implant. Sa temp\u00e9rature de fusion de 110\u00b0C ne permet pas de le st\u00e9riliser en autoclave, mais uniquement avec de l&rsquo;oxyde d&rsquo;\u00e9thyl\u00e8ne. Le Medpor est extr\u00eamement poreux, sujet \u00e0 un ancrage avec les tissus mous et mod\u00e9r\u00e9ment osth\u00e9oconducteur. Il poss\u00e8de un faible taux infectieux et provoque une r\u00e9action minimale aux corps \u00e9trangers avec une capsule p\u00e9riproth\u00e9tique fine. L&rsquo;implant est stable, n&rsquo;entra\u00eene pas de r\u00e9sorption et son extrusion est rare.<\/p>\n<p>&nbsp;<\/p>\n<p>C&rsquo;est l&rsquo;un des mat\u00e9riaux alloplastiques les plus utilis\u00e9s en chirurgie cranio-faciale, comme mat\u00e9riau de camouflage de d\u00e9ficits des tissus musculaires mous post-oncologiques ou post-traumatiques, dans la reconstruction du plancher et de la paroi lat\u00e9rale de l&rsquo;orbite, des structures m\u00e9dio-faciales, du menton et du nez, dans la reconstruction de l&rsquo;oreille \u00e0 la suite de br\u00fblures s\u00e9v\u00e8res.\u00a0L&rsquo;utilisation comme implant endoculaire le rend pr\u00e9f\u00e9rable \u00e0 l&rsquo;hydroxyapatite en raison du moindre frottement exerc\u00e9 sur les tissus qui r\u00e9duit le risque d&rsquo;extrusion et de sa mall\u00e9abilit\u00e9 pendant l&rsquo;intervention. Le co\u00fbt de cet implant est en revanche tr\u00e8s \u00e9lev\u00e9 compar\u00e9 \u00e0 celui d&rsquo;autres implants disponibles sur le march\u00e9.[\/vc_column_text][\/vc_column][vc_column width=\u00a0\u00bb1\/3&Prime;][vc_column_text]<\/p>\n<p><a href=\"https:\/\/www.dalpasso.it\/wp-content\/uploads\/2015\/07\/Impianto-Medpor1.jpg\" class=\"thickbox no_icon\"><img loading=\"lazy\" decoding=\"async\" class=\"alignnone size-full wp-image-6652\" src=\"https:\/\/www.dalpasso.it\/wp-content\/uploads\/2015\/07\/Impianto-Medpor1.jpg\" alt=\"Impianto Medpor\" width=\"189\" height=\"191\" \/><\/a><\/p>\n<p>[\/vc_column_text][\/vc_column][\/vc_row]<\/div>","protected":false},"excerpt":{"rendered":"<p>[vc_row][vc_column width=\u00a0\u00bb2\/3&Prime;][vc_column_text]Produit \u00e0 partir d&rsquo;une poudre de polym\u00e8res de poly\u00e9thyl\u00e8ne \u00e0 basse pression m\u00e9lang\u00e9s puis model\u00e9s en formes. Il peut \u00eatre model\u00e9 en le coupant et en l&rsquo;assouplissant dans de l&rsquo;eau chaude et les muscles oculaires peuvent \u00eatre directement sutur\u00e9s sur l&rsquo;implant. Sa temp\u00e9rature de fusion de 110\u00b0C ne permet pas de le st\u00e9riliser en [&hellip;]<\/p>\n","protected":false},"author":4,"featured_media":0,"parent":10680,"menu_order":0,"comment_status":"closed","ping_status":"closed","template":"","meta":{"footnotes":""},"class_list":["post-10707","page","type-page","status-publish","hentry"],"yoast_head":"<!-- This site is optimized with the Yoast SEO plugin v27.1.1 - https:\/\/yoast.com\/product\/yoast-seo-wordpress\/ -->\n<title>Implant en Medpor (poly\u00e9thyl\u00e8ne poreux \u00e0 haute densit\u00e9) | Dalpasso protesi oculari<\/title>\n<meta name=\"robots\" content=\"index, follow, max-snippet:-1, max-image-preview:large, max-video-preview:-1\" \/>\n<link rel=\"canonical\" href=\"https:\/\/www.dalpasso.it\/fr\/info\/implants\/implant-en-medpor-polyethylene-poreux-a-haute-densite\/\" \/>\n<meta property=\"og:locale\" content=\"fr_FR\" \/>\n<meta property=\"og:type\" content=\"article\" \/>\n<meta property=\"og:title\" content=\"Implant en Medpor (poly\u00e9thyl\u00e8ne poreux \u00e0 haute densit\u00e9) | Dalpasso protesi oculari\" \/>\n<meta property=\"og:description\" content=\"[vc_row][vc_column width=\u00a0\u00bb2\/3&Prime;][vc_column_text]Produit \u00e0 partir d&rsquo;une poudre de polym\u00e8res de poly\u00e9thyl\u00e8ne \u00e0 basse pression m\u00e9lang\u00e9s puis model\u00e9s en formes. Il peut \u00eatre model\u00e9 en le coupant et en l&rsquo;assouplissant dans de l&rsquo;eau chaude et les muscles oculaires peuvent \u00eatre directement sutur\u00e9s sur l&rsquo;implant. Sa temp\u00e9rature de fusion de 110\u00b0C ne permet pas de le st\u00e9riliser en [&hellip;]\" \/>\n<meta property=\"og:url\" content=\"https:\/\/www.dalpasso.it\/fr\/info\/implants\/implant-en-medpor-polyethylene-poreux-a-haute-densite\/\" \/>\n<meta property=\"og:site_name\" content=\"Dalpasso protesi oculari\" \/>\n<meta property=\"article:modified_time\" content=\"2015-11-19T14:17:21+00:00\" \/>\n<meta property=\"og:image\" content=\"https:\/\/www.dalpasso.it\/wp-content\/uploads\/2015\/07\/Impianto-Medpor1.jpg\" \/>\n\t<meta property=\"og:image:width\" content=\"189\" \/>\n\t<meta property=\"og:image:height\" content=\"191\" \/>\n\t<meta property=\"og:image:type\" content=\"image\/jpeg\" \/>\n<meta name=\"twitter:card\" content=\"summary_large_image\" \/>\n<meta name=\"twitter:label1\" content=\"Dur\u00e9e de lecture estim\u00e9e\" \/>\n\t<meta name=\"twitter:data1\" content=\"1 minute\" \/>\n<script type=\"application\/ld+json\" class=\"yoast-schema-graph\">{\"@context\":\"https:\/\/schema.org\",\"@graph\":[{\"@type\":\"WebPage\",\"@id\":\"https:\/\/www.dalpasso.it\/fr\/info\/implants\/implant-en-medpor-polyethylene-poreux-a-haute-densite\/\",\"url\":\"https:\/\/www.dalpasso.it\/fr\/info\/implants\/implant-en-medpor-polyethylene-poreux-a-haute-densite\/\",\"name\":\"Implant en Medpor (poly\u00e9thyl\u00e8ne poreux \u00e0 haute densit\u00e9) | Dalpasso protesi oculari\",\"isPartOf\":{\"@id\":\"https:\/\/www.dalpasso.it\/fr\/#website\"},\"primaryImageOfPage\":{\"@id\":\"https:\/\/www.dalpasso.it\/fr\/info\/implants\/implant-en-medpor-polyethylene-poreux-a-haute-densite\/#primaryimage\"},\"image\":{\"@id\":\"https:\/\/www.dalpasso.it\/fr\/info\/implants\/implant-en-medpor-polyethylene-poreux-a-haute-densite\/#primaryimage\"},\"thumbnailUrl\":\"https:\/\/www.dalpasso.it\/wp-content\/uploads\/2015\/07\/Impianto-Medpor1.jpg\",\"datePublished\":\"2015-07-09T19:42:59+00:00\",\"dateModified\":\"2015-11-19T14:17:21+00:00\",\"breadcrumb\":{\"@id\":\"https:\/\/www.dalpasso.it\/fr\/info\/implants\/implant-en-medpor-polyethylene-poreux-a-haute-densite\/#breadcrumb\"},\"inLanguage\":\"fr-FR\",\"potentialAction\":[{\"@type\":\"ReadAction\",\"target\":[\"https:\/\/www.dalpasso.it\/fr\/info\/implants\/implant-en-medpor-polyethylene-poreux-a-haute-densite\/\"]}]},{\"@type\":\"ImageObject\",\"inLanguage\":\"fr-FR\",\"@id\":\"https:\/\/www.dalpasso.it\/fr\/info\/implants\/implant-en-medpor-polyethylene-poreux-a-haute-densite\/#primaryimage\",\"url\":\"https:\/\/www.dalpasso.it\/wp-content\/uploads\/2015\/07\/Impianto-Medpor1.jpg\",\"contentUrl\":\"https:\/\/www.dalpasso.it\/wp-content\/uploads\/2015\/07\/Impianto-Medpor1.jpg\"},{\"@type\":\"BreadcrumbList\",\"@id\":\"https:\/\/www.dalpasso.it\/fr\/info\/implants\/implant-en-medpor-polyethylene-poreux-a-haute-densite\/#breadcrumb\",\"itemListElement\":[{\"@type\":\"ListItem\",\"position\":1,\"name\":\"Home\",\"item\":\"https:\/\/www.dalpasso.it\/fr\/standard-business\/\"},{\"@type\":\"ListItem\",\"position\":2,\"name\":\"INFO\",\"item\":\"https:\/\/www.dalpasso.it\/fr\/info\/\"},{\"@type\":\"ListItem\",\"position\":3,\"name\":\"IMPLANTS\",\"item\":\"https:\/\/www.dalpasso.it\/fr\/info\/implants\/\"},{\"@type\":\"ListItem\",\"position\":4,\"name\":\"Implant en Medpor (poly\u00e9thyl\u00e8ne poreux \u00e0 haute densit\u00e9)\"}]},{\"@type\":\"WebSite\",\"@id\":\"https:\/\/www.dalpasso.it\/fr\/#website\",\"url\":\"https:\/\/www.dalpasso.it\/fr\/\",\"name\":\"DALPASSO Protesi Oculari\",\"description\":\"\",\"potentialAction\":[{\"@type\":\"SearchAction\",\"target\":{\"@type\":\"EntryPoint\",\"urlTemplate\":\"https:\/\/www.dalpasso.it\/fr\/?s={search_term_string}\"},\"query-input\":{\"@type\":\"PropertyValueSpecification\",\"valueRequired\":true,\"valueName\":\"search_term_string\"}}],\"inLanguage\":\"fr-FR\"}]}<\/script>\n<!-- \/ Yoast SEO plugin. -->","yoast_head_json":{"title":"Implant en Medpor (poly\u00e9thyl\u00e8ne poreux \u00e0 haute densit\u00e9) | Dalpasso protesi oculari","robots":{"index":"index","follow":"follow","max-snippet":"max-snippet:-1","max-image-preview":"max-image-preview:large","max-video-preview":"max-video-preview:-1"},"canonical":"https:\/\/www.dalpasso.it\/fr\/info\/implants\/implant-en-medpor-polyethylene-poreux-a-haute-densite\/","og_locale":"fr_FR","og_type":"article","og_title":"Implant en Medpor (poly\u00e9thyl\u00e8ne poreux \u00e0 haute densit\u00e9) | Dalpasso protesi oculari","og_description":"[vc_row][vc_column width=\u00a0\u00bb2\/3&Prime;][vc_column_text]Produit \u00e0 partir d&rsquo;une poudre de polym\u00e8res de poly\u00e9thyl\u00e8ne \u00e0 basse pression m\u00e9lang\u00e9s puis model\u00e9s en formes. Il peut \u00eatre model\u00e9 en le coupant et en l&rsquo;assouplissant dans de l&rsquo;eau chaude et les muscles oculaires peuvent \u00eatre directement sutur\u00e9s sur l&rsquo;implant. Sa temp\u00e9rature de fusion de 110\u00b0C ne permet pas de le st\u00e9riliser en [&hellip;]","og_url":"https:\/\/www.dalpasso.it\/fr\/info\/implants\/implant-en-medpor-polyethylene-poreux-a-haute-densite\/","og_site_name":"Dalpasso protesi oculari","article_modified_time":"2015-11-19T14:17:21+00:00","og_image":[{"width":189,"height":191,"url":"https:\/\/www.dalpasso.it\/wp-content\/uploads\/2015\/07\/Impianto-Medpor1.jpg","type":"image\/jpeg"}],"twitter_card":"summary_large_image","twitter_misc":{"Dur\u00e9e de lecture estim\u00e9e":"1 minute"},"schema":{"@context":"https:\/\/schema.org","@graph":[{"@type":"WebPage","@id":"https:\/\/www.dalpasso.it\/fr\/info\/implants\/implant-en-medpor-polyethylene-poreux-a-haute-densite\/","url":"https:\/\/www.dalpasso.it\/fr\/info\/implants\/implant-en-medpor-polyethylene-poreux-a-haute-densite\/","name":"Implant en Medpor (poly\u00e9thyl\u00e8ne poreux \u00e0 haute densit\u00e9) | Dalpasso protesi oculari","isPartOf":{"@id":"https:\/\/www.dalpasso.it\/fr\/#website"},"primaryImageOfPage":{"@id":"https:\/\/www.dalpasso.it\/fr\/info\/implants\/implant-en-medpor-polyethylene-poreux-a-haute-densite\/#primaryimage"},"image":{"@id":"https:\/\/www.dalpasso.it\/fr\/info\/implants\/implant-en-medpor-polyethylene-poreux-a-haute-densite\/#primaryimage"},"thumbnailUrl":"https:\/\/www.dalpasso.it\/wp-content\/uploads\/2015\/07\/Impianto-Medpor1.jpg","datePublished":"2015-07-09T19:42:59+00:00","dateModified":"2015-11-19T14:17:21+00:00","breadcrumb":{"@id":"https:\/\/www.dalpasso.it\/fr\/info\/implants\/implant-en-medpor-polyethylene-poreux-a-haute-densite\/#breadcrumb"},"inLanguage":"fr-FR","potentialAction":[{"@type":"ReadAction","target":["https:\/\/www.dalpasso.it\/fr\/info\/implants\/implant-en-medpor-polyethylene-poreux-a-haute-densite\/"]}]},{"@type":"ImageObject","inLanguage":"fr-FR","@id":"https:\/\/www.dalpasso.it\/fr\/info\/implants\/implant-en-medpor-polyethylene-poreux-a-haute-densite\/#primaryimage","url":"https:\/\/www.dalpasso.it\/wp-content\/uploads\/2015\/07\/Impianto-Medpor1.jpg","contentUrl":"https:\/\/www.dalpasso.it\/wp-content\/uploads\/2015\/07\/Impianto-Medpor1.jpg"},{"@type":"BreadcrumbList","@id":"https:\/\/www.dalpasso.it\/fr\/info\/implants\/implant-en-medpor-polyethylene-poreux-a-haute-densite\/#breadcrumb","itemListElement":[{"@type":"ListItem","position":1,"name":"Home","item":"https:\/\/www.dalpasso.it\/fr\/standard-business\/"},{"@type":"ListItem","position":2,"name":"INFO","item":"https:\/\/www.dalpasso.it\/fr\/info\/"},{"@type":"ListItem","position":3,"name":"IMPLANTS","item":"https:\/\/www.dalpasso.it\/fr\/info\/implants\/"},{"@type":"ListItem","position":4,"name":"Implant en Medpor (poly\u00e9thyl\u00e8ne poreux \u00e0 haute densit\u00e9)"}]},{"@type":"WebSite","@id":"https:\/\/www.dalpasso.it\/fr\/#website","url":"https:\/\/www.dalpasso.it\/fr\/","name":"DALPASSO Protesi Oculari","description":"","potentialAction":[{"@type":"SearchAction","target":{"@type":"EntryPoint","urlTemplate":"https:\/\/www.dalpasso.it\/fr\/?s={search_term_string}"},"query-input":{"@type":"PropertyValueSpecification","valueRequired":true,"valueName":"search_term_string"}}],"inLanguage":"fr-FR"}]}},"_links":{"self":[{"href":"https:\/\/www.dalpasso.it\/fr\/wp-json\/wp\/v2\/pages\/10707","targetHints":{"allow":["GET"]}}],"collection":[{"href":"https:\/\/www.dalpasso.it\/fr\/wp-json\/wp\/v2\/pages"}],"about":[{"href":"https:\/\/www.dalpasso.it\/fr\/wp-json\/wp\/v2\/types\/page"}],"author":[{"embeddable":true,"href":"https:\/\/www.dalpasso.it\/fr\/wp-json\/wp\/v2\/users\/4"}],"replies":[{"embeddable":true,"href":"https:\/\/www.dalpasso.it\/fr\/wp-json\/wp\/v2\/comments?post=10707"}],"version-history":[{"count":2,"href":"https:\/\/www.dalpasso.it\/fr\/wp-json\/wp\/v2\/pages\/10707\/revisions"}],"predecessor-version":[{"id":10709,"href":"https:\/\/www.dalpasso.it\/fr\/wp-json\/wp\/v2\/pages\/10707\/revisions\/10709"}],"up":[{"embeddable":true,"href":"https:\/\/www.dalpasso.it\/fr\/wp-json\/wp\/v2\/pages\/10680"}],"wp:attachment":[{"href":"https:\/\/www.dalpasso.it\/fr\/wp-json\/wp\/v2\/media?parent=10707"}],"curies":[{"name":"wp","href":"https:\/\/api.w.org\/{rel}","templated":true}]}}