{"id":10698,"date":"2015-07-09T20:58:52","date_gmt":"2015-07-09T18:58:52","guid":{"rendered":"http:\/\/www.dalpasso.it\/fr\/impianti\/guthoff\/"},"modified":"2015-11-19T15:16:56","modified_gmt":"2015-11-19T14:16:56","slug":"implant-selon-guthoff","status":"publish","type":"page","link":"https:\/\/www.dalpasso.it\/fr\/info\/implants\/implant-selon-guthoff\/","title":{"rendered":"Implant Selon Guthoff"},"content":{"rendered":"<div class=\"wpb-content-wrapper\">[vc_row][vc_column width=\u00a0\u00bb2\/3&Prime;][vc_column_text]<\/p>\n<p><strong><a href=\"https:\/\/www.dalpasso.it\/wp-content\/uploads\/2015\/07\/Guthoff1.jpg\" class=\"thickbox no_icon\"><img loading=\"lazy\" decoding=\"async\" class=\"alignleft wp-image-4205 size-medium\" src=\"https:\/\/www.dalpasso.it\/wp-content\/uploads\/2015\/07\/Guthoff1-170x300.jpg\" alt=\"\" width=\"170\" height=\"300\" srcset=\"https:\/\/www.dalpasso.it\/wp-content\/uploads\/2015\/07\/Guthoff1-170x300.jpg 170w, https:\/\/www.dalpasso.it\/wp-content\/uploads\/2015\/07\/Guthoff1.jpg 421w\" sizes=\"auto, (max-width: 170px) 100vw, 170px\" \/><\/a><\/strong> Il s&rsquo;agit d&rsquo;un implant pour \u00e9nucl\u00e9ation sous-capsulaire constitu\u00e9 d&rsquo;une demi-sph\u00e8re ant\u00e9rieure en hydroxyapatite et une post\u00e9rieure d&rsquo;\u00e9lastom\u00e8re siliconique. Il apporte les avantages de l&rsquo;hydroxyapatite (fibrovascularisation des tissus facilit\u00e9e) \u00e0 ceux du silicone (traumatisme minimum et mouvement libre \u00e0 l&rsquo;int\u00e9rieur de la cavit\u00e9 orbitaire). Les rainures qui servent de logement aux muscles droits permettent une suture frontale en croix qui garantit la stabilit\u00e9 de l&rsquo;implant. Au terme de l&rsquo;intervention, le positionnement d&rsquo;un conformateur post-op\u00e9ratoire est requis.<\/p>\n<p>[\/vc_column_text][\/vc_column][\/vc_row]<\/div>","protected":false},"excerpt":{"rendered":"<p>[vc_row][vc_column width=\u00a0\u00bb2\/3&Prime;][vc_column_text] Il s&rsquo;agit d&rsquo;un implant pour \u00e9nucl\u00e9ation sous-capsulaire constitu\u00e9 d&rsquo;une demi-sph\u00e8re ant\u00e9rieure en hydroxyapatite et une post\u00e9rieure d&rsquo;\u00e9lastom\u00e8re siliconique. Il apporte les avantages de l&rsquo;hydroxyapatite (fibrovascularisation des tissus facilit\u00e9e) \u00e0 ceux du silicone (traumatisme minimum et mouvement libre \u00e0 l&rsquo;int\u00e9rieur de la cavit\u00e9 orbitaire). Les rainures qui servent de logement aux muscles droits permettent [&hellip;]<\/p>\n","protected":false},"author":4,"featured_media":0,"parent":10680,"menu_order":0,"comment_status":"closed","ping_status":"closed","template":"","meta":{"footnotes":""},"class_list":["post-10698","page","type-page","status-publish","hentry"],"yoast_head":"<!-- This site is optimized with the Yoast SEO plugin v27.1.1 - https:\/\/yoast.com\/product\/yoast-seo-wordpress\/ -->\n<title>Implant Selon Guthoff | Dalpasso protesi oculari<\/title>\n<meta name=\"robots\" content=\"index, follow, max-snippet:-1, max-image-preview:large, max-video-preview:-1\" \/>\n<link rel=\"canonical\" href=\"https:\/\/www.dalpasso.it\/fr\/info\/implants\/implant-selon-guthoff\/\" \/>\n<meta property=\"og:locale\" content=\"fr_FR\" \/>\n<meta property=\"og:type\" content=\"article\" \/>\n<meta property=\"og:title\" content=\"Implant Selon Guthoff | Dalpasso protesi oculari\" \/>\n<meta property=\"og:description\" content=\"[vc_row][vc_column width=\u00a0\u00bb2\/3&Prime;][vc_column_text] Il s&rsquo;agit d&rsquo;un implant pour \u00e9nucl\u00e9ation sous-capsulaire constitu\u00e9 d&rsquo;une demi-sph\u00e8re ant\u00e9rieure en hydroxyapatite et une post\u00e9rieure d&rsquo;\u00e9lastom\u00e8re siliconique. Il apporte les avantages de l&rsquo;hydroxyapatite (fibrovascularisation des tissus facilit\u00e9e) \u00e0 ceux du silicone (traumatisme minimum et mouvement libre \u00e0 l&rsquo;int\u00e9rieur de la cavit\u00e9 orbitaire). Les rainures qui servent de logement aux muscles droits permettent [&hellip;]\" \/>\n<meta property=\"og:url\" content=\"https:\/\/www.dalpasso.it\/fr\/info\/implants\/implant-selon-guthoff\/\" \/>\n<meta property=\"og:site_name\" content=\"Dalpasso protesi oculari\" \/>\n<meta property=\"article:modified_time\" content=\"2015-11-19T14:16:56+00:00\" \/>\n<meta property=\"og:image\" content=\"https:\/\/www.dalpasso.it\/wp-content\/uploads\/2015\/07\/Guthoff1.jpg\" \/>\n\t<meta property=\"og:image:width\" content=\"421\" \/>\n\t<meta property=\"og:image:height\" content=\"742\" \/>\n\t<meta property=\"og:image:type\" content=\"image\/jpeg\" \/>\n<meta name=\"twitter:card\" content=\"summary_large_image\" \/>\n<script type=\"application\/ld+json\" class=\"yoast-schema-graph\">{\"@context\":\"https:\/\/schema.org\",\"@graph\":[{\"@type\":\"WebPage\",\"@id\":\"https:\/\/www.dalpasso.it\/fr\/info\/implants\/implant-selon-guthoff\/\",\"url\":\"https:\/\/www.dalpasso.it\/fr\/info\/implants\/implant-selon-guthoff\/\",\"name\":\"Implant Selon Guthoff | Dalpasso protesi oculari\",\"isPartOf\":{\"@id\":\"https:\/\/www.dalpasso.it\/fr\/#website\"},\"primaryImageOfPage\":{\"@id\":\"https:\/\/www.dalpasso.it\/fr\/info\/implants\/implant-selon-guthoff\/#primaryimage\"},\"image\":{\"@id\":\"https:\/\/www.dalpasso.it\/fr\/info\/implants\/implant-selon-guthoff\/#primaryimage\"},\"thumbnailUrl\":\"https:\/\/www.dalpasso.it\/wp-content\/uploads\/2015\/07\/Guthoff1-170x300.jpg\",\"datePublished\":\"2015-07-09T18:58:52+00:00\",\"dateModified\":\"2015-11-19T14:16:56+00:00\",\"breadcrumb\":{\"@id\":\"https:\/\/www.dalpasso.it\/fr\/info\/implants\/implant-selon-guthoff\/#breadcrumb\"},\"inLanguage\":\"fr-FR\",\"potentialAction\":[{\"@type\":\"ReadAction\",\"target\":[\"https:\/\/www.dalpasso.it\/fr\/info\/implants\/implant-selon-guthoff\/\"]}]},{\"@type\":\"ImageObject\",\"inLanguage\":\"fr-FR\",\"@id\":\"https:\/\/www.dalpasso.it\/fr\/info\/implants\/implant-selon-guthoff\/#primaryimage\",\"url\":\"https:\/\/www.dalpasso.it\/wp-content\/uploads\/2015\/07\/Guthoff1-170x300.jpg\",\"contentUrl\":\"https:\/\/www.dalpasso.it\/wp-content\/uploads\/2015\/07\/Guthoff1-170x300.jpg\"},{\"@type\":\"BreadcrumbList\",\"@id\":\"https:\/\/www.dalpasso.it\/fr\/info\/implants\/implant-selon-guthoff\/#breadcrumb\",\"itemListElement\":[{\"@type\":\"ListItem\",\"position\":1,\"name\":\"Home\",\"item\":\"https:\/\/www.dalpasso.it\/fr\/standard-business\/\"},{\"@type\":\"ListItem\",\"position\":2,\"name\":\"INFO\",\"item\":\"https:\/\/www.dalpasso.it\/fr\/info\/\"},{\"@type\":\"ListItem\",\"position\":3,\"name\":\"IMPLANTS\",\"item\":\"https:\/\/www.dalpasso.it\/fr\/info\/implants\/\"},{\"@type\":\"ListItem\",\"position\":4,\"name\":\"Implant Selon Guthoff\"}]},{\"@type\":\"WebSite\",\"@id\":\"https:\/\/www.dalpasso.it\/fr\/#website\",\"url\":\"https:\/\/www.dalpasso.it\/fr\/\",\"name\":\"DALPASSO Protesi Oculari\",\"description\":\"\",\"potentialAction\":[{\"@type\":\"SearchAction\",\"target\":{\"@type\":\"EntryPoint\",\"urlTemplate\":\"https:\/\/www.dalpasso.it\/fr\/?s={search_term_string}\"},\"query-input\":{\"@type\":\"PropertyValueSpecification\",\"valueRequired\":true,\"valueName\":\"search_term_string\"}}],\"inLanguage\":\"fr-FR\"}]}<\/script>\n<!-- \/ Yoast SEO plugin. -->","yoast_head_json":{"title":"Implant Selon Guthoff | Dalpasso protesi oculari","robots":{"index":"index","follow":"follow","max-snippet":"max-snippet:-1","max-image-preview":"max-image-preview:large","max-video-preview":"max-video-preview:-1"},"canonical":"https:\/\/www.dalpasso.it\/fr\/info\/implants\/implant-selon-guthoff\/","og_locale":"fr_FR","og_type":"article","og_title":"Implant Selon Guthoff | Dalpasso protesi oculari","og_description":"[vc_row][vc_column width=\u00a0\u00bb2\/3&Prime;][vc_column_text] Il s&rsquo;agit d&rsquo;un implant pour \u00e9nucl\u00e9ation sous-capsulaire constitu\u00e9 d&rsquo;une demi-sph\u00e8re ant\u00e9rieure en hydroxyapatite et une post\u00e9rieure d&rsquo;\u00e9lastom\u00e8re siliconique. Il apporte les avantages de l&rsquo;hydroxyapatite (fibrovascularisation des tissus facilit\u00e9e) \u00e0 ceux du silicone (traumatisme minimum et mouvement libre \u00e0 l&rsquo;int\u00e9rieur de la cavit\u00e9 orbitaire). Les rainures qui servent de logement aux muscles droits permettent [&hellip;]","og_url":"https:\/\/www.dalpasso.it\/fr\/info\/implants\/implant-selon-guthoff\/","og_site_name":"Dalpasso protesi oculari","article_modified_time":"2015-11-19T14:16:56+00:00","og_image":[{"width":421,"height":742,"url":"https:\/\/www.dalpasso.it\/wp-content\/uploads\/2015\/07\/Guthoff1.jpg","type":"image\/jpeg"}],"twitter_card":"summary_large_image","schema":{"@context":"https:\/\/schema.org","@graph":[{"@type":"WebPage","@id":"https:\/\/www.dalpasso.it\/fr\/info\/implants\/implant-selon-guthoff\/","url":"https:\/\/www.dalpasso.it\/fr\/info\/implants\/implant-selon-guthoff\/","name":"Implant Selon Guthoff | Dalpasso protesi oculari","isPartOf":{"@id":"https:\/\/www.dalpasso.it\/fr\/#website"},"primaryImageOfPage":{"@id":"https:\/\/www.dalpasso.it\/fr\/info\/implants\/implant-selon-guthoff\/#primaryimage"},"image":{"@id":"https:\/\/www.dalpasso.it\/fr\/info\/implants\/implant-selon-guthoff\/#primaryimage"},"thumbnailUrl":"https:\/\/www.dalpasso.it\/wp-content\/uploads\/2015\/07\/Guthoff1-170x300.jpg","datePublished":"2015-07-09T18:58:52+00:00","dateModified":"2015-11-19T14:16:56+00:00","breadcrumb":{"@id":"https:\/\/www.dalpasso.it\/fr\/info\/implants\/implant-selon-guthoff\/#breadcrumb"},"inLanguage":"fr-FR","potentialAction":[{"@type":"ReadAction","target":["https:\/\/www.dalpasso.it\/fr\/info\/implants\/implant-selon-guthoff\/"]}]},{"@type":"ImageObject","inLanguage":"fr-FR","@id":"https:\/\/www.dalpasso.it\/fr\/info\/implants\/implant-selon-guthoff\/#primaryimage","url":"https:\/\/www.dalpasso.it\/wp-content\/uploads\/2015\/07\/Guthoff1-170x300.jpg","contentUrl":"https:\/\/www.dalpasso.it\/wp-content\/uploads\/2015\/07\/Guthoff1-170x300.jpg"},{"@type":"BreadcrumbList","@id":"https:\/\/www.dalpasso.it\/fr\/info\/implants\/implant-selon-guthoff\/#breadcrumb","itemListElement":[{"@type":"ListItem","position":1,"name":"Home","item":"https:\/\/www.dalpasso.it\/fr\/standard-business\/"},{"@type":"ListItem","position":2,"name":"INFO","item":"https:\/\/www.dalpasso.it\/fr\/info\/"},{"@type":"ListItem","position":3,"name":"IMPLANTS","item":"https:\/\/www.dalpasso.it\/fr\/info\/implants\/"},{"@type":"ListItem","position":4,"name":"Implant Selon Guthoff"}]},{"@type":"WebSite","@id":"https:\/\/www.dalpasso.it\/fr\/#website","url":"https:\/\/www.dalpasso.it\/fr\/","name":"DALPASSO Protesi Oculari","description":"","potentialAction":[{"@type":"SearchAction","target":{"@type":"EntryPoint","urlTemplate":"https:\/\/www.dalpasso.it\/fr\/?s={search_term_string}"},"query-input":{"@type":"PropertyValueSpecification","valueRequired":true,"valueName":"search_term_string"}}],"inLanguage":"fr-FR"}]}},"_links":{"self":[{"href":"https:\/\/www.dalpasso.it\/fr\/wp-json\/wp\/v2\/pages\/10698","targetHints":{"allow":["GET"]}}],"collection":[{"href":"https:\/\/www.dalpasso.it\/fr\/wp-json\/wp\/v2\/pages"}],"about":[{"href":"https:\/\/www.dalpasso.it\/fr\/wp-json\/wp\/v2\/types\/page"}],"author":[{"embeddable":true,"href":"https:\/\/www.dalpasso.it\/fr\/wp-json\/wp\/v2\/users\/4"}],"replies":[{"embeddable":true,"href":"https:\/\/www.dalpasso.it\/fr\/wp-json\/wp\/v2\/comments?post=10698"}],"version-history":[{"count":2,"href":"https:\/\/www.dalpasso.it\/fr\/wp-json\/wp\/v2\/pages\/10698\/revisions"}],"predecessor-version":[{"id":10700,"href":"https:\/\/www.dalpasso.it\/fr\/wp-json\/wp\/v2\/pages\/10698\/revisions\/10700"}],"up":[{"embeddable":true,"href":"https:\/\/www.dalpasso.it\/fr\/wp-json\/wp\/v2\/pages\/10680"}],"wp:attachment":[{"href":"https:\/\/www.dalpasso.it\/fr\/wp-json\/wp\/v2\/media?parent=10698"}],"curies":[{"name":"wp","href":"https:\/\/api.w.org\/{rel}","templated":true}]}}