{"id":10694,"date":"2015-07-09T21:04:06","date_gmt":"2015-07-09T19:04:06","guid":{"rendered":"http:\/\/www.dalpasso.it\/fr\/impianti\/conformatori-post-operatori\/"},"modified":"2015-11-19T15:16:35","modified_gmt":"2015-11-19T14:16:35","slug":"conformateurs-post-operatoires","status":"publish","type":"page","link":"https:\/\/www.dalpasso.it\/fr\/info\/implants\/conformateurs-post-operatoires\/","title":{"rendered":"Conformateurs Post-Op\u00e9ratoires"},"content":{"rendered":"<div class=\"wpb-content-wrapper\">[vc_row][vc_column width=\u00a0\u00bb2\/3&Prime;][vc_column_text]Le conformateur post-op\u00e9ratoire est un outil proth\u00e9tique fabriqu\u00e9 en PMMA transparent, en silicone ou en r\u00e9sine blanche (sans iris ni veines peintes) appliqu\u00e9 imm\u00e9diatement apr\u00e8s l&rsquo;op\u00e9ration afin d&rsquo;\u00e9viter l&rsquo;apparition des premiers ph\u00e9nom\u00e8nes de r\u00e9tractation cavitaire et de maintenir la fonction des paupi\u00e8res. Son application suffit \u00e0 conserver l&rsquo;ampleur de la cavit\u00e9 pendant quelques semaines, facilitant ainsi la future application proth\u00e9tique.<\/p>\n<p>&nbsp;<\/p>\n<p>Il existe des conformateurs de tailles et formes diff\u00e9rentes, simples ou dot\u00e9 d&rsquo;un ou de plusieurs trous afin de permettre l&rsquo;instillation de collyres ou de pommades. La forme du conformateur doit correspondre le mieux possible aux fornix palp\u00e9braux sup\u00e9rieurs et inf\u00e9rieurs afin de maintenir leur envergure. L&rsquo;application du conformateur est indispensable apr\u00e8s l&rsquo;intervention d&rsquo;approfondissement des fornix ou de d\u00e9bridement des adh\u00e9rences conjonctivales afin d&rsquo;\u00e9viter, au cours de la cicatrisation, une r\u00e9-adh\u00e9sion des tissus qui viennent d&rsquo;\u00eatre s\u00e9par\u00e9s.<\/p>\n<p>&nbsp;<\/p>\n<p>Le conformateur de compression est, quant \u00e0 lui, un simple conformateur appliqu\u00e9 \u00e0 l&rsquo;aide d&rsquo;un bandage pr\u00e9vu \u00e0 cet effet et qui exerce ainsi une force utile sur ce dernier afin de favoriser la r\u00e9tention de la proth\u00e8se dans les cavit\u00e9s n\u00e9cessitant une plus grande capacit\u00e9 contenante ou une augmentation de la taille des fornix.<\/p>\n<p>&nbsp;<\/p>\n<p>Un chapitre sp\u00e9cifique est consacr\u00e9 aux conformateurs p\u00e9diatriques qui sont normalement form\u00e9s de fa\u00e7on \u00e0 faire \u00e9galement fonction de bl\u00e9farostat, dans le but de remodeler la fente palp\u00e9brale et d&rsquo;augmenter progressivement la fonction des paupi\u00e8res, souvent fortement compromise dans le cadre de l&rsquo;anophtalmie cong\u00e9nitale ou apr\u00e8s une \u00e9nucl\u00e9ation suivie de radioth\u00e9rapie conservatrice.[\/vc_column_text][\/vc_column][vc_column width=\u00a0\u00bb1\/3&Prime;][vc_row_inner][vc_column_inner el_class=\u00a0\u00bb\u00a0\u00bb width=\u00a0\u00bb1\/1&Prime;][vc_column_text]<\/p>\n<div id=\"attachment_6611\" style=\"width: 249px\" class=\"wp-caption alignnone\"><a href=\"https:\/\/www.dalpasso.it\/wp-content\/uploads\/2015\/07\/Conf01.jpg\" class=\"thickbox no_icon\"><img loading=\"lazy\" decoding=\"async\" aria-describedby=\"caption-attachment-6611\" class=\" wp-image-6611\" src=\"https:\/\/www.dalpasso.it\/wp-content\/uploads\/2015\/07\/Conf01-300x290.jpg\" alt=\"Conformatori post-operatori\" width=\"239\" height=\"231\" srcset=\"https:\/\/www.dalpasso.it\/wp-content\/uploads\/2015\/07\/Conf01-300x290.jpg 300w, https:\/\/www.dalpasso.it\/wp-content\/uploads\/2015\/07\/Conf01.jpg 482w\" sizes=\"auto, (max-width: 239px) 100vw, 239px\" \/><\/a><p id=\"caption-attachment-6611\" class=\"wp-caption-text\">Conformateurs post-op\u00e9ratoires<\/p><\/div>\n<p>[\/vc_column_text][\/vc_column_inner][\/vc_row_inner][\/vc_column][\/vc_row]<\/div>","protected":false},"excerpt":{"rendered":"<p>[vc_row][vc_column width=\u00a0\u00bb2\/3&Prime;][vc_column_text]Le conformateur post-op\u00e9ratoire est un outil proth\u00e9tique fabriqu\u00e9 en PMMA transparent, en silicone ou en r\u00e9sine blanche (sans iris ni veines peintes) appliqu\u00e9 imm\u00e9diatement apr\u00e8s l&rsquo;op\u00e9ration afin d&rsquo;\u00e9viter l&rsquo;apparition des premiers ph\u00e9nom\u00e8nes de r\u00e9tractation cavitaire et de maintenir la fonction des paupi\u00e8res. Son application suffit \u00e0 conserver l&rsquo;ampleur de la cavit\u00e9 pendant quelques semaines, [&hellip;]<\/p>\n","protected":false},"author":4,"featured_media":0,"parent":10680,"menu_order":0,"comment_status":"closed","ping_status":"closed","template":"","meta":{"footnotes":""},"class_list":["post-10694","page","type-page","status-publish","hentry"],"yoast_head":"<!-- This site is optimized with the Yoast SEO plugin v27.1.1 - https:\/\/yoast.com\/product\/yoast-seo-wordpress\/ -->\n<title>Conformateurs Post-Op\u00e9ratoires | Dalpasso protesi oculari<\/title>\n<meta name=\"robots\" content=\"index, follow, max-snippet:-1, max-image-preview:large, max-video-preview:-1\" \/>\n<link rel=\"canonical\" href=\"https:\/\/www.dalpasso.it\/fr\/info\/implants\/conformateurs-post-operatoires\/\" \/>\n<meta property=\"og:locale\" content=\"fr_FR\" \/>\n<meta property=\"og:type\" content=\"article\" \/>\n<meta property=\"og:title\" content=\"Conformateurs Post-Op\u00e9ratoires | Dalpasso protesi oculari\" \/>\n<meta property=\"og:description\" content=\"[vc_row][vc_column width=\u00a0\u00bb2\/3&Prime;][vc_column_text]Le conformateur post-op\u00e9ratoire est un outil proth\u00e9tique fabriqu\u00e9 en PMMA transparent, en silicone ou en r\u00e9sine blanche (sans iris ni veines peintes) appliqu\u00e9 imm\u00e9diatement apr\u00e8s l&rsquo;op\u00e9ration afin d&rsquo;\u00e9viter l&rsquo;apparition des premiers ph\u00e9nom\u00e8nes de r\u00e9tractation cavitaire et de maintenir la fonction des paupi\u00e8res. Son application suffit \u00e0 conserver l&rsquo;ampleur de la cavit\u00e9 pendant quelques semaines, [&hellip;]\" \/>\n<meta property=\"og:url\" content=\"https:\/\/www.dalpasso.it\/fr\/info\/implants\/conformateurs-post-operatoires\/\" \/>\n<meta property=\"og:site_name\" content=\"Dalpasso protesi oculari\" \/>\n<meta property=\"article:modified_time\" content=\"2015-11-19T14:16:35+00:00\" \/>\n<meta property=\"og:image\" content=\"https:\/\/www.dalpasso.it\/wp-content\/uploads\/2015\/07\/Conf01.jpg\" \/>\n\t<meta property=\"og:image:width\" content=\"482\" \/>\n\t<meta property=\"og:image:height\" content=\"466\" \/>\n\t<meta property=\"og:image:type\" content=\"image\/jpeg\" \/>\n<meta name=\"twitter:card\" content=\"summary_large_image\" \/>\n<meta name=\"twitter:label1\" content=\"Dur\u00e9e de lecture estim\u00e9e\" \/>\n\t<meta name=\"twitter:data1\" content=\"2 minutes\" \/>\n<script type=\"application\/ld+json\" class=\"yoast-schema-graph\">{\"@context\":\"https:\/\/schema.org\",\"@graph\":[{\"@type\":\"WebPage\",\"@id\":\"https:\/\/www.dalpasso.it\/fr\/info\/implants\/conformateurs-post-operatoires\/\",\"url\":\"https:\/\/www.dalpasso.it\/fr\/info\/implants\/conformateurs-post-operatoires\/\",\"name\":\"Conformateurs Post-Op\u00e9ratoires | Dalpasso protesi oculari\",\"isPartOf\":{\"@id\":\"https:\/\/www.dalpasso.it\/fr\/#website\"},\"primaryImageOfPage\":{\"@id\":\"https:\/\/www.dalpasso.it\/fr\/info\/implants\/conformateurs-post-operatoires\/#primaryimage\"},\"image\":{\"@id\":\"https:\/\/www.dalpasso.it\/fr\/info\/implants\/conformateurs-post-operatoires\/#primaryimage\"},\"thumbnailUrl\":\"https:\/\/www.dalpasso.it\/wp-content\/uploads\/2015\/07\/Conf01-300x290.jpg\",\"datePublished\":\"2015-07-09T19:04:06+00:00\",\"dateModified\":\"2015-11-19T14:16:35+00:00\",\"breadcrumb\":{\"@id\":\"https:\/\/www.dalpasso.it\/fr\/info\/implants\/conformateurs-post-operatoires\/#breadcrumb\"},\"inLanguage\":\"fr-FR\",\"potentialAction\":[{\"@type\":\"ReadAction\",\"target\":[\"https:\/\/www.dalpasso.it\/fr\/info\/implants\/conformateurs-post-operatoires\/\"]}]},{\"@type\":\"ImageObject\",\"inLanguage\":\"fr-FR\",\"@id\":\"https:\/\/www.dalpasso.it\/fr\/info\/implants\/conformateurs-post-operatoires\/#primaryimage\",\"url\":\"https:\/\/www.dalpasso.it\/wp-content\/uploads\/2015\/07\/Conf01-300x290.jpg\",\"contentUrl\":\"https:\/\/www.dalpasso.it\/wp-content\/uploads\/2015\/07\/Conf01-300x290.jpg\"},{\"@type\":\"BreadcrumbList\",\"@id\":\"https:\/\/www.dalpasso.it\/fr\/info\/implants\/conformateurs-post-operatoires\/#breadcrumb\",\"itemListElement\":[{\"@type\":\"ListItem\",\"position\":1,\"name\":\"Home\",\"item\":\"https:\/\/www.dalpasso.it\/fr\/standard-business\/\"},{\"@type\":\"ListItem\",\"position\":2,\"name\":\"INFO\",\"item\":\"https:\/\/www.dalpasso.it\/fr\/info\/\"},{\"@type\":\"ListItem\",\"position\":3,\"name\":\"IMPLANTS\",\"item\":\"https:\/\/www.dalpasso.it\/fr\/info\/implants\/\"},{\"@type\":\"ListItem\",\"position\":4,\"name\":\"Conformateurs Post-Op\u00e9ratoires\"}]},{\"@type\":\"WebSite\",\"@id\":\"https:\/\/www.dalpasso.it\/fr\/#website\",\"url\":\"https:\/\/www.dalpasso.it\/fr\/\",\"name\":\"DALPASSO Protesi Oculari\",\"description\":\"\",\"potentialAction\":[{\"@type\":\"SearchAction\",\"target\":{\"@type\":\"EntryPoint\",\"urlTemplate\":\"https:\/\/www.dalpasso.it\/fr\/?s={search_term_string}\"},\"query-input\":{\"@type\":\"PropertyValueSpecification\",\"valueRequired\":true,\"valueName\":\"search_term_string\"}}],\"inLanguage\":\"fr-FR\"}]}<\/script>\n<!-- \/ Yoast SEO plugin. -->","yoast_head_json":{"title":"Conformateurs Post-Op\u00e9ratoires | Dalpasso protesi oculari","robots":{"index":"index","follow":"follow","max-snippet":"max-snippet:-1","max-image-preview":"max-image-preview:large","max-video-preview":"max-video-preview:-1"},"canonical":"https:\/\/www.dalpasso.it\/fr\/info\/implants\/conformateurs-post-operatoires\/","og_locale":"fr_FR","og_type":"article","og_title":"Conformateurs Post-Op\u00e9ratoires | Dalpasso protesi oculari","og_description":"[vc_row][vc_column width=\u00a0\u00bb2\/3&Prime;][vc_column_text]Le conformateur post-op\u00e9ratoire est un outil proth\u00e9tique fabriqu\u00e9 en PMMA transparent, en silicone ou en r\u00e9sine blanche (sans iris ni veines peintes) appliqu\u00e9 imm\u00e9diatement apr\u00e8s l&rsquo;op\u00e9ration afin d&rsquo;\u00e9viter l&rsquo;apparition des premiers ph\u00e9nom\u00e8nes de r\u00e9tractation cavitaire et de maintenir la fonction des paupi\u00e8res. Son application suffit \u00e0 conserver l&rsquo;ampleur de la cavit\u00e9 pendant quelques semaines, [&hellip;]","og_url":"https:\/\/www.dalpasso.it\/fr\/info\/implants\/conformateurs-post-operatoires\/","og_site_name":"Dalpasso protesi oculari","article_modified_time":"2015-11-19T14:16:35+00:00","og_image":[{"width":482,"height":466,"url":"https:\/\/www.dalpasso.it\/wp-content\/uploads\/2015\/07\/Conf01.jpg","type":"image\/jpeg"}],"twitter_card":"summary_large_image","twitter_misc":{"Dur\u00e9e de lecture estim\u00e9e":"2 minutes"},"schema":{"@context":"https:\/\/schema.org","@graph":[{"@type":"WebPage","@id":"https:\/\/www.dalpasso.it\/fr\/info\/implants\/conformateurs-post-operatoires\/","url":"https:\/\/www.dalpasso.it\/fr\/info\/implants\/conformateurs-post-operatoires\/","name":"Conformateurs Post-Op\u00e9ratoires | Dalpasso protesi oculari","isPartOf":{"@id":"https:\/\/www.dalpasso.it\/fr\/#website"},"primaryImageOfPage":{"@id":"https:\/\/www.dalpasso.it\/fr\/info\/implants\/conformateurs-post-operatoires\/#primaryimage"},"image":{"@id":"https:\/\/www.dalpasso.it\/fr\/info\/implants\/conformateurs-post-operatoires\/#primaryimage"},"thumbnailUrl":"https:\/\/www.dalpasso.it\/wp-content\/uploads\/2015\/07\/Conf01-300x290.jpg","datePublished":"2015-07-09T19:04:06+00:00","dateModified":"2015-11-19T14:16:35+00:00","breadcrumb":{"@id":"https:\/\/www.dalpasso.it\/fr\/info\/implants\/conformateurs-post-operatoires\/#breadcrumb"},"inLanguage":"fr-FR","potentialAction":[{"@type":"ReadAction","target":["https:\/\/www.dalpasso.it\/fr\/info\/implants\/conformateurs-post-operatoires\/"]}]},{"@type":"ImageObject","inLanguage":"fr-FR","@id":"https:\/\/www.dalpasso.it\/fr\/info\/implants\/conformateurs-post-operatoires\/#primaryimage","url":"https:\/\/www.dalpasso.it\/wp-content\/uploads\/2015\/07\/Conf01-300x290.jpg","contentUrl":"https:\/\/www.dalpasso.it\/wp-content\/uploads\/2015\/07\/Conf01-300x290.jpg"},{"@type":"BreadcrumbList","@id":"https:\/\/www.dalpasso.it\/fr\/info\/implants\/conformateurs-post-operatoires\/#breadcrumb","itemListElement":[{"@type":"ListItem","position":1,"name":"Home","item":"https:\/\/www.dalpasso.it\/fr\/standard-business\/"},{"@type":"ListItem","position":2,"name":"INFO","item":"https:\/\/www.dalpasso.it\/fr\/info\/"},{"@type":"ListItem","position":3,"name":"IMPLANTS","item":"https:\/\/www.dalpasso.it\/fr\/info\/implants\/"},{"@type":"ListItem","position":4,"name":"Conformateurs Post-Op\u00e9ratoires"}]},{"@type":"WebSite","@id":"https:\/\/www.dalpasso.it\/fr\/#website","url":"https:\/\/www.dalpasso.it\/fr\/","name":"DALPASSO Protesi Oculari","description":"","potentialAction":[{"@type":"SearchAction","target":{"@type":"EntryPoint","urlTemplate":"https:\/\/www.dalpasso.it\/fr\/?s={search_term_string}"},"query-input":{"@type":"PropertyValueSpecification","valueRequired":true,"valueName":"search_term_string"}}],"inLanguage":"fr-FR"}]}},"_links":{"self":[{"href":"https:\/\/www.dalpasso.it\/fr\/wp-json\/wp\/v2\/pages\/10694","targetHints":{"allow":["GET"]}}],"collection":[{"href":"https:\/\/www.dalpasso.it\/fr\/wp-json\/wp\/v2\/pages"}],"about":[{"href":"https:\/\/www.dalpasso.it\/fr\/wp-json\/wp\/v2\/types\/page"}],"author":[{"embeddable":true,"href":"https:\/\/www.dalpasso.it\/fr\/wp-json\/wp\/v2\/users\/4"}],"replies":[{"embeddable":true,"href":"https:\/\/www.dalpasso.it\/fr\/wp-json\/wp\/v2\/comments?post=10694"}],"version-history":[{"count":2,"href":"https:\/\/www.dalpasso.it\/fr\/wp-json\/wp\/v2\/pages\/10694\/revisions"}],"predecessor-version":[{"id":10696,"href":"https:\/\/www.dalpasso.it\/fr\/wp-json\/wp\/v2\/pages\/10694\/revisions\/10696"}],"up":[{"embeddable":true,"href":"https:\/\/www.dalpasso.it\/fr\/wp-json\/wp\/v2\/pages\/10680"}],"wp:attachment":[{"href":"https:\/\/www.dalpasso.it\/fr\/wp-json\/wp\/v2\/media?parent=10694"}],"curies":[{"name":"wp","href":"https:\/\/api.w.org\/{rel}","templated":true}]}}