{"id":10685,"date":"2015-07-08T19:18:17","date_gmt":"2015-07-08T17:18:17","guid":{"rendered":"http:\/\/www.dalpasso.it\/fr\/impianti\/conformatore-orbitale-fisso\/"},"modified":"2015-11-19T15:15:59","modified_gmt":"2015-11-19T14:15:59","slug":"conformateur-orbitaire-fixe","status":"publish","type":"page","link":"https:\/\/www.dalpasso.it\/fr\/info\/implants\/conformateur-orbitaire-fixe\/","title":{"rendered":"CONFORMATEUR ORBITAIRE FIXE"},"content":{"rendered":"<div class=\"wpb-content-wrapper\">[vc_row][vc_column width=\u00a0\u00bb1\/1&Prime;][vc_separator color=\u00a0\u00bbsky\u00a0\u00bb][vc_column_text]<\/p>\n<h4 style=\"text-align: left;\"><span style=\"color: #000000;\"><strong>Les conformateurs p\u00e9diatriques et les expanseurs cavitaires sont les implants de pr\u00e9dilection pour les cas d&rsquo;anophtalmie cong\u00e9nitale.<\/strong><strong><em>.<\/em><\/strong><\/span><\/h4>\n<p>[\/vc_column_text][vc_separator color=\u00a0\u00bbsky\u00a0\u00bb][\/vc_column][\/vc_row][vc_row][vc_column width=\u00a0\u00bb2\/3&Prime;][vc_column_text]<img loading=\"lazy\" decoding=\"async\" class=\"alignleft wp-image-3196 size-full\" src=\"https:\/\/www.dalpasso.it\/wp-content\/uploads\/2015\/07\/conformatoripediatrici01.jpg\" alt=\"conformatoripediatrici01\" width=\"231\" height=\"226\" \/>Il s&rsquo;agit de proth\u00e8ses en PMMA conform\u00e9es selon le volume et la morphologie de la cavit\u00e9 anophtalmique de l&rsquo;enfant dot\u00e9es de deux trous sur leur surface ant\u00e9rieure afin d&rsquo;en faciliter l&rsquo;extraction.<br \/>\nCes conformateurs sont fabriqu\u00e9s en diff\u00e9rents mod\u00e8les et selon les phases de croissance (chez les nouveau-n\u00e9s, \u00e0 peu de mois d&rsquo;intervalle), avec augmentation progressive du volume jusqu&rsquo;\u00e0 \u00ab\u00a0\u00e9duquer\u00a0\u00bb la cavit\u00e9 anophtalmique \u00e0 un accroissement progressif en harmonie avec l&rsquo;autre cavit\u00e9 controlat\u00e9rale. De cette fa\u00e7on, il est possible, dans la plupart des cas, d&rsquo;obtenir un d\u00e9veloppement sensible de la r\u00e9gion hypod\u00e9velopp\u00e9e, jusqu&rsquo;\u00e0 atteindre progressivement l&rsquo;objectif d&rsquo;une correcte sym\u00e9trie orbitaire.[\/vc_column_text][\/vc_column][\/vc_row][vc_row][vc_column width=\u00a0\u00bb2\/3&Prime;][vc_column_text]<img loading=\"lazy\" decoding=\"async\" class=\"alignleft wp-image-3223 size-full\" src=\"https:\/\/www.dalpasso.it\/wp-content\/uploads\/2015\/07\/impiantoConformatoreEspandibile1.jpg\" alt=\"impiantoConformatoreEspandibile1\" width=\"226\" height=\"175\" \/> Les expanseurs cavitaires m\u00e9ritent quant \u00e0 eux un discours sp\u00e9cifique.<br \/>\nIl s&rsquo;agit d&rsquo;implants utilis\u00e9s ces derni\u00e8res ann\u00e9es souvent associ\u00e9s \u00e0 d&rsquo;autres strat\u00e9gies de substitution du volume endo-orbitaire, comme les greffes dermo-lipidiques et de reconstruction des tissus mous.<br \/>\nLes r\u00e9sultats obtenus avec ce type d&rsquo;expanseur cavitaire sont n\u00e9anmoins controvers\u00e9s et ne donne souvent pas de r\u00e9sultats appr\u00e9ciables.[\/vc_column_text][\/vc_column][\/vc_row]<\/div>","protected":false},"excerpt":{"rendered":"<p>[vc_row][vc_column width=\u00a0\u00bb1\/1&Prime;][vc_separator color=\u00a0\u00bbsky\u00a0\u00bb][vc_column_text] Les conformateurs p\u00e9diatriques et les expanseurs cavitaires sont les implants de pr\u00e9dilection pour les cas d&rsquo;anophtalmie cong\u00e9nitale.. [\/vc_column_text][vc_separator color=\u00a0\u00bbsky\u00a0\u00bb][\/vc_column][\/vc_row][vc_row][vc_column width=\u00a0\u00bb2\/3&Prime;][vc_column_text]Il s&rsquo;agit de proth\u00e8ses en PMMA conform\u00e9es selon le volume et la morphologie de la cavit\u00e9 anophtalmique de l&rsquo;enfant dot\u00e9es de deux trous sur leur surface ant\u00e9rieure afin d&rsquo;en faciliter l&rsquo;extraction. Ces conformateurs [&hellip;]<\/p>\n","protected":false},"author":4,"featured_media":0,"parent":10680,"menu_order":0,"comment_status":"closed","ping_status":"closed","template":"","meta":{"footnotes":""},"class_list":["post-10685","page","type-page","status-publish","hentry"],"yoast_head":"<!-- This site is optimized with the Yoast SEO plugin v27.1.1 - https:\/\/yoast.com\/product\/yoast-seo-wordpress\/ -->\n<title>CONFORMATEUR ORBITAIRE FIXE | Dalpasso protesi oculari<\/title>\n<meta name=\"robots\" content=\"index, follow, max-snippet:-1, max-image-preview:large, max-video-preview:-1\" \/>\n<link rel=\"canonical\" href=\"https:\/\/www.dalpasso.it\/fr\/info\/implants\/conformateur-orbitaire-fixe\/\" \/>\n<meta property=\"og:locale\" content=\"fr_FR\" \/>\n<meta property=\"og:type\" content=\"article\" \/>\n<meta property=\"og:title\" content=\"CONFORMATEUR ORBITAIRE FIXE | Dalpasso protesi oculari\" \/>\n<meta property=\"og:description\" content=\"[vc_row][vc_column width=\u00a0\u00bb1\/1&Prime;][vc_separator color=\u00a0\u00bbsky\u00a0\u00bb][vc_column_text] Les conformateurs p\u00e9diatriques et les expanseurs cavitaires sont les implants de pr\u00e9dilection pour les cas d&rsquo;anophtalmie cong\u00e9nitale.. [\/vc_column_text][vc_separator color=\u00a0\u00bbsky\u00a0\u00bb][\/vc_column][\/vc_row][vc_row][vc_column width=\u00a0\u00bb2\/3&Prime;][vc_column_text]Il s&rsquo;agit de proth\u00e8ses en PMMA conform\u00e9es selon le volume et la morphologie de la cavit\u00e9 anophtalmique de l&rsquo;enfant dot\u00e9es de deux trous sur leur surface ant\u00e9rieure afin d&rsquo;en faciliter l&rsquo;extraction. Ces conformateurs [&hellip;]\" \/>\n<meta property=\"og:url\" content=\"https:\/\/www.dalpasso.it\/fr\/info\/implants\/conformateur-orbitaire-fixe\/\" \/>\n<meta property=\"og:site_name\" content=\"Dalpasso protesi oculari\" \/>\n<meta property=\"article:modified_time\" content=\"2015-11-19T14:15:59+00:00\" \/>\n<meta property=\"og:image\" content=\"https:\/\/www.dalpasso.it\/wp-content\/uploads\/2015\/07\/conformatoripediatrici01.jpg\" \/>\n\t<meta property=\"og:image:width\" content=\"231\" \/>\n\t<meta property=\"og:image:height\" content=\"226\" \/>\n\t<meta property=\"og:image:type\" content=\"image\/jpeg\" \/>\n<meta name=\"twitter:card\" content=\"summary_large_image\" \/>\n<meta name=\"twitter:label1\" content=\"Dur\u00e9e de lecture estim\u00e9e\" \/>\n\t<meta name=\"twitter:data1\" content=\"1 minute\" \/>\n<script type=\"application\/ld+json\" class=\"yoast-schema-graph\">{\"@context\":\"https:\/\/schema.org\",\"@graph\":[{\"@type\":\"WebPage\",\"@id\":\"https:\/\/www.dalpasso.it\/fr\/info\/implants\/conformateur-orbitaire-fixe\/\",\"url\":\"https:\/\/www.dalpasso.it\/fr\/info\/implants\/conformateur-orbitaire-fixe\/\",\"name\":\"CONFORMATEUR ORBITAIRE FIXE | Dalpasso protesi oculari\",\"isPartOf\":{\"@id\":\"https:\/\/www.dalpasso.it\/fr\/#website\"},\"primaryImageOfPage\":{\"@id\":\"https:\/\/www.dalpasso.it\/fr\/info\/implants\/conformateur-orbitaire-fixe\/#primaryimage\"},\"image\":{\"@id\":\"https:\/\/www.dalpasso.it\/fr\/info\/implants\/conformateur-orbitaire-fixe\/#primaryimage\"},\"thumbnailUrl\":\"https:\/\/www.dalpasso.it\/wp-content\/uploads\/2015\/07\/conformatoripediatrici01.jpg\",\"datePublished\":\"2015-07-08T17:18:17+00:00\",\"dateModified\":\"2015-11-19T14:15:59+00:00\",\"breadcrumb\":{\"@id\":\"https:\/\/www.dalpasso.it\/fr\/info\/implants\/conformateur-orbitaire-fixe\/#breadcrumb\"},\"inLanguage\":\"fr-FR\",\"potentialAction\":[{\"@type\":\"ReadAction\",\"target\":[\"https:\/\/www.dalpasso.it\/fr\/info\/implants\/conformateur-orbitaire-fixe\/\"]}]},{\"@type\":\"ImageObject\",\"inLanguage\":\"fr-FR\",\"@id\":\"https:\/\/www.dalpasso.it\/fr\/info\/implants\/conformateur-orbitaire-fixe\/#primaryimage\",\"url\":\"https:\/\/www.dalpasso.it\/wp-content\/uploads\/2015\/07\/conformatoripediatrici01.jpg\",\"contentUrl\":\"https:\/\/www.dalpasso.it\/wp-content\/uploads\/2015\/07\/conformatoripediatrici01.jpg\"},{\"@type\":\"BreadcrumbList\",\"@id\":\"https:\/\/www.dalpasso.it\/fr\/info\/implants\/conformateur-orbitaire-fixe\/#breadcrumb\",\"itemListElement\":[{\"@type\":\"ListItem\",\"position\":1,\"name\":\"Home\",\"item\":\"https:\/\/www.dalpasso.it\/fr\/standard-business\/\"},{\"@type\":\"ListItem\",\"position\":2,\"name\":\"INFO\",\"item\":\"https:\/\/www.dalpasso.it\/fr\/info\/\"},{\"@type\":\"ListItem\",\"position\":3,\"name\":\"IMPLANTS\",\"item\":\"https:\/\/www.dalpasso.it\/fr\/info\/implants\/\"},{\"@type\":\"ListItem\",\"position\":4,\"name\":\"CONFORMATEUR ORBITAIRE FIXE\"}]},{\"@type\":\"WebSite\",\"@id\":\"https:\/\/www.dalpasso.it\/fr\/#website\",\"url\":\"https:\/\/www.dalpasso.it\/fr\/\",\"name\":\"DALPASSO Protesi Oculari\",\"description\":\"\",\"potentialAction\":[{\"@type\":\"SearchAction\",\"target\":{\"@type\":\"EntryPoint\",\"urlTemplate\":\"https:\/\/www.dalpasso.it\/fr\/?s={search_term_string}\"},\"query-input\":{\"@type\":\"PropertyValueSpecification\",\"valueRequired\":true,\"valueName\":\"search_term_string\"}}],\"inLanguage\":\"fr-FR\"}]}<\/script>\n<!-- \/ Yoast SEO plugin. -->","yoast_head_json":{"title":"CONFORMATEUR ORBITAIRE FIXE | Dalpasso protesi oculari","robots":{"index":"index","follow":"follow","max-snippet":"max-snippet:-1","max-image-preview":"max-image-preview:large","max-video-preview":"max-video-preview:-1"},"canonical":"https:\/\/www.dalpasso.it\/fr\/info\/implants\/conformateur-orbitaire-fixe\/","og_locale":"fr_FR","og_type":"article","og_title":"CONFORMATEUR ORBITAIRE FIXE | Dalpasso protesi oculari","og_description":"[vc_row][vc_column width=\u00a0\u00bb1\/1&Prime;][vc_separator color=\u00a0\u00bbsky\u00a0\u00bb][vc_column_text] Les conformateurs p\u00e9diatriques et les expanseurs cavitaires sont les implants de pr\u00e9dilection pour les cas d&rsquo;anophtalmie cong\u00e9nitale.. [\/vc_column_text][vc_separator color=\u00a0\u00bbsky\u00a0\u00bb][\/vc_column][\/vc_row][vc_row][vc_column width=\u00a0\u00bb2\/3&Prime;][vc_column_text]Il s&rsquo;agit de proth\u00e8ses en PMMA conform\u00e9es selon le volume et la morphologie de la cavit\u00e9 anophtalmique de l&rsquo;enfant dot\u00e9es de deux trous sur leur surface ant\u00e9rieure afin d&rsquo;en faciliter l&rsquo;extraction. Ces conformateurs [&hellip;]","og_url":"https:\/\/www.dalpasso.it\/fr\/info\/implants\/conformateur-orbitaire-fixe\/","og_site_name":"Dalpasso protesi oculari","article_modified_time":"2015-11-19T14:15:59+00:00","og_image":[{"width":231,"height":226,"url":"https:\/\/www.dalpasso.it\/wp-content\/uploads\/2015\/07\/conformatoripediatrici01.jpg","type":"image\/jpeg"}],"twitter_card":"summary_large_image","twitter_misc":{"Dur\u00e9e de lecture estim\u00e9e":"1 minute"},"schema":{"@context":"https:\/\/schema.org","@graph":[{"@type":"WebPage","@id":"https:\/\/www.dalpasso.it\/fr\/info\/implants\/conformateur-orbitaire-fixe\/","url":"https:\/\/www.dalpasso.it\/fr\/info\/implants\/conformateur-orbitaire-fixe\/","name":"CONFORMATEUR ORBITAIRE FIXE | Dalpasso protesi oculari","isPartOf":{"@id":"https:\/\/www.dalpasso.it\/fr\/#website"},"primaryImageOfPage":{"@id":"https:\/\/www.dalpasso.it\/fr\/info\/implants\/conformateur-orbitaire-fixe\/#primaryimage"},"image":{"@id":"https:\/\/www.dalpasso.it\/fr\/info\/implants\/conformateur-orbitaire-fixe\/#primaryimage"},"thumbnailUrl":"https:\/\/www.dalpasso.it\/wp-content\/uploads\/2015\/07\/conformatoripediatrici01.jpg","datePublished":"2015-07-08T17:18:17+00:00","dateModified":"2015-11-19T14:15:59+00:00","breadcrumb":{"@id":"https:\/\/www.dalpasso.it\/fr\/info\/implants\/conformateur-orbitaire-fixe\/#breadcrumb"},"inLanguage":"fr-FR","potentialAction":[{"@type":"ReadAction","target":["https:\/\/www.dalpasso.it\/fr\/info\/implants\/conformateur-orbitaire-fixe\/"]}]},{"@type":"ImageObject","inLanguage":"fr-FR","@id":"https:\/\/www.dalpasso.it\/fr\/info\/implants\/conformateur-orbitaire-fixe\/#primaryimage","url":"https:\/\/www.dalpasso.it\/wp-content\/uploads\/2015\/07\/conformatoripediatrici01.jpg","contentUrl":"https:\/\/www.dalpasso.it\/wp-content\/uploads\/2015\/07\/conformatoripediatrici01.jpg"},{"@type":"BreadcrumbList","@id":"https:\/\/www.dalpasso.it\/fr\/info\/implants\/conformateur-orbitaire-fixe\/#breadcrumb","itemListElement":[{"@type":"ListItem","position":1,"name":"Home","item":"https:\/\/www.dalpasso.it\/fr\/standard-business\/"},{"@type":"ListItem","position":2,"name":"INFO","item":"https:\/\/www.dalpasso.it\/fr\/info\/"},{"@type":"ListItem","position":3,"name":"IMPLANTS","item":"https:\/\/www.dalpasso.it\/fr\/info\/implants\/"},{"@type":"ListItem","position":4,"name":"CONFORMATEUR ORBITAIRE FIXE"}]},{"@type":"WebSite","@id":"https:\/\/www.dalpasso.it\/fr\/#website","url":"https:\/\/www.dalpasso.it\/fr\/","name":"DALPASSO Protesi Oculari","description":"","potentialAction":[{"@type":"SearchAction","target":{"@type":"EntryPoint","urlTemplate":"https:\/\/www.dalpasso.it\/fr\/?s={search_term_string}"},"query-input":{"@type":"PropertyValueSpecification","valueRequired":true,"valueName":"search_term_string"}}],"inLanguage":"fr-FR"}]}},"_links":{"self":[{"href":"https:\/\/www.dalpasso.it\/fr\/wp-json\/wp\/v2\/pages\/10685","targetHints":{"allow":["GET"]}}],"collection":[{"href":"https:\/\/www.dalpasso.it\/fr\/wp-json\/wp\/v2\/pages"}],"about":[{"href":"https:\/\/www.dalpasso.it\/fr\/wp-json\/wp\/v2\/types\/page"}],"author":[{"embeddable":true,"href":"https:\/\/www.dalpasso.it\/fr\/wp-json\/wp\/v2\/users\/4"}],"replies":[{"embeddable":true,"href":"https:\/\/www.dalpasso.it\/fr\/wp-json\/wp\/v2\/comments?post=10685"}],"version-history":[{"count":2,"href":"https:\/\/www.dalpasso.it\/fr\/wp-json\/wp\/v2\/pages\/10685\/revisions"}],"predecessor-version":[{"id":10687,"href":"https:\/\/www.dalpasso.it\/fr\/wp-json\/wp\/v2\/pages\/10685\/revisions\/10687"}],"up":[{"embeddable":true,"href":"https:\/\/www.dalpasso.it\/fr\/wp-json\/wp\/v2\/pages\/10680"}],"wp:attachment":[{"href":"https:\/\/www.dalpasso.it\/fr\/wp-json\/wp\/v2\/media?parent=10685"}],"curies":[{"name":"wp","href":"https:\/\/api.w.org\/{rel}","templated":true}]}}