{"id":10680,"date":"2015-07-01T15:18:22","date_gmt":"2015-07-01T13:18:22","guid":{"rendered":"http:\/\/www.dalpasso.it\/fr\/impianti\/"},"modified":"2015-11-25T16:43:52","modified_gmt":"2015-11-25T15:43:52","slug":"implants","status":"publish","type":"page","link":"https:\/\/www.dalpasso.it\/fr\/info\/implants\/","title":{"rendered":"IMPLANTS"},"content":{"rendered":"<div class=\"wpb-content-wrapper\"><\/div><\/div><\/div><\/div>\r\n\t<div class=\" \" style=\" width: 100%; margin-top:-41px; margin-bottom: 40px;\">\r\n\t\t<div class=\"home_paralax\" style=\"background-image:url('https:\/\/www.dalpasso.it\/wp-content\/uploads\/2015\/07\/IMG_8897.jpg'); !important; padding-top:150px; padding-bottom:150px\" data-type=\"background\" >\r\n\t\t\t<div class=\"main_content_area\" style=\"padding:0px;\">\r\n\t\t\t\t<div class=\"container oi_break\">\r\n\t\t\t\t\t<\/p>\n<div class=\"oi_caption\">En cas d&rsquo;\u00e9nucl\u00e9ation, l&rsquo;implant est un dispositif positionn\u00e9 dans la capsule de Tenon ou recouverte d&rsquo;une scl\u00e8re de donneur, tandis qu&rsquo;en cas d&rsquo;\u00e9visc\u00e9ration, il est envelopp\u00e9 dans la scl\u00e8re du patient. Il a pour fonction la transmission du mouvement r\u00e9siduel des muscles extrins\u00e8ques \u00e0 la proth\u00e8se oculaire et de permettre le remplissage de la cavit\u00e9 anophtalmique ayant perdu bulbe et contenu endo-orbitaire. Il est fabriqu\u00e9 en mat\u00e9riau biocompatible et inerte ou autog\u00e8ne (c.-\u00e0-d. pr\u00e9lev\u00e9 sur l&rsquo;organisme m\u00eame sur lequel il est implant\u00e9).<\/div>\n<p>\r\n\t\t\t\t<\/div>\r\n\t\t\t<\/div>\r\n\t\t<\/div>\r\n\t\t\t\r\n\t<\/div>\r\n\t<div class=\"main_content_area\">\r\n\t\t<div class=\"container\">\r\n\t\t\t<div class=\"row\">\r\n            \t<div class=\"col-md-12\">[vc_row][vc_column width=\u00a0\u00bb1\/1&Prime;][vc_separator color=\u00a0\u00bbturquoise\u00a0\u00bb align=\u00a0\u00bbalign_center\u00a0\u00bb border_width=\u00a0\u00bb2&Prime;][vc_column_text]<\/p>\n<p>Du point de vue chronologique, le positionnement de l&rsquo;implant peut \u00eatre <strong>primaire<\/strong> (en m\u00eame temps que l&rsquo;intervention destructrice du bulbe) ou <strong>secondaire <\/strong>(apr\u00e8s l&rsquo;intervention destructrice, afin de remplir la cavit\u00e9 rest\u00e9e vide ou de corriger la perte de mouvement).\u00a0Outre les implants pour la motilit\u00e9 de la proth\u00e8se oculaire, il en existe d&rsquo;autres pour la reconstruction de fractures orbitales (par ex. les \u00ab\u00a0blow-out\u00a0\u00bb du plancher orbitale).\u00a0L&rsquo;implant peut \u00eatre positionn\u00e9 seul ou recouvert d&rsquo;un mat\u00e9riau autologue, synth\u00e9tique ou h\u00e9t\u00e9rologue (provenant d&rsquo;un donneur).<\/p>\n<p>[\/vc_column_text][vc_separator color=\u00a0\u00bbturquoise\u00a0\u00bb align=\u00a0\u00bbalign_center\u00a0\u00bb border_width=\u00a0\u00bb2&Prime;][\/vc_column][\/vc_row][vc_row][vc_column width=\u00a0\u00bb1\/4&Prime;][vc_single_image border_color=\u00a0\u00bbgrey\u00a0\u00bb img_link_target=\u00a0\u00bb_self\u00a0\u00bb image=\u00a0\u00bb6615&Prime; img_size=\u00a0\u00bbthumbnail\u00a0\u00bb img_link_large=\u00a0\u00bb\u00a0\u00bb][vc_column_text]<\/p>\n<p><strong><a title=\"Conformatore orbitale fisso\" href=\"https:\/\/www.dalpasso.it\/fr\/info\/implants\/conformateur-orbitaire-fixe\/\">CONFORMATEUR ORBITAIRE P\u00c9DIATRIQUE EN PMMA<\/a>\u00a0<\/strong><\/p>\n<p>[\/vc_column_text][\/vc_column][vc_column width=\u00a0\u00bb1\/4&Prime;][vc_single_image border_color=\u00a0\u00bbgrey\u00a0\u00bb img_link_target=\u00a0\u00bb_self\u00a0\u00bb image=\u00a0\u00bb6631&Prime; img_size=\u00a0\u00bbthumbnail\u00a0\u00bb img_link_large=\u00a0\u00bb\u00a0\u00bb][vc_column_text]<\/p>\n<p><strong><a title=\"Conformatore orbitale espandibile\" href=\"https:\/\/www.dalpasso.it\/fr\/info\/implants\/conformateur-orbitaire-extensible\/\">CONFORMATEUR ORBITAIRE P\u00c9DIATRIQUE EXTENSIBLE<\/a><\/strong><\/p>\n<p>[\/vc_column_text][\/vc_column][vc_column width=\u00a0\u00bb1\/4&Prime;][vc_single_image border_color=\u00a0\u00bbgrey\u00a0\u00bb img_link_target=\u00a0\u00bb_self\u00a0\u00bb image=\u00a0\u00bb6611&Prime; img_size=\u00a0\u00bbthumbnail\u00a0\u00bb img_link_large=\u00a0\u00bb\u00a0\u00bb][vc_column_text]<\/p>\n<p><strong><a title=\"Conformatori post-operatori\" href=\"https:\/\/www.dalpasso.it\/fr\/info\/implants\/conformateurs-post-operatoires\/\">CONFORMATEUR POST-OP\u00c9RATOIRE<\/a><\/strong><\/p>\n<p>[\/vc_column_text][\/vc_column][vc_column width=\u00a0\u00bb1\/4&Prime;][vc_single_image image=\u00a0\u00bb6649&Prime; border_color=\u00a0\u00bbgrey\u00a0\u00bb img_link_target=\u00a0\u00bb_self\u00a0\u00bb img_size=\u00a0\u00bbthumbnail\u00a0\u00bb img_link_large=\u00a0\u00bb\u00a0\u00bb][vc_column_text]<\/p>\n<p><strong><a title=\"Guthoff\" href=\"https:\/\/www.dalpasso.it\/fr\/info\/implants\/implant-selon-guthoff\/\">IMPLANT DE GUTHOFF<\/a><\/strong><\/p>\n<p>[\/vc_column_text][\/vc_column][\/vc_row][vc_row][vc_column width=\u00a0\u00bb1\/4&Prime;][vc_single_image border_color=\u00a0\u00bbgrey\u00a0\u00bb img_link_target=\u00a0\u00bb_self\u00a0\u00bb image=\u00a0\u00bb6650&Prime; img_size=\u00a0\u00bbthumbnail\u00a0\u00bb img_link_large=\u00a0\u00bb\u00a0\u00bb][vc_column_text]<strong><a title=\"Idrossiapatite\" href=\"https:\/\/www.dalpasso.it\/fr\/info\/implants\/implant-en-hydroxyapatite\/\">IMPLANT EN<\/a><\/strong><br \/>\n<strong><a title=\"Idrossiapatite\" href=\"https:\/\/www.dalpasso.it\/fr\/info\/implants\/implant-en-hydroxyapatite\/\">HYDROXYAPATITE<\/a><\/strong>[\/vc_column_text][\/vc_column][vc_column width=\u00a0\u00bb1\/4&Prime;][vc_single_image border_color=\u00a0\u00bbgrey\u00a0\u00bb img_link_target=\u00a0\u00bb_self\u00a0\u00bb image=\u00a0\u00bb6652&Prime; img_size=\u00a0\u00bbthumbnail\u00a0\u00bb img_link_large=\u00a0\u00bb\u00a0\u00bb][vc_column_text]<\/p>\n<p><strong><a href=\"https:\/\/www.dalpasso.it\/fr\/info\/implants\/implant-en-medpor-polyethylene-poreux-a-haute-densite\/\">IMPLANT EN MEDPOR<\/a><\/strong><\/p>\n<p>[\/vc_column_text][\/vc_column][vc_column width=\u00a0\u00bb1\/4&Prime;][vc_single_image border_color=\u00a0\u00bbgrey\u00a0\u00bb img_link_target=\u00a0\u00bb_self\u00a0\u00bb image=\u00a0\u00bb6653&Prime; img_size=\u00a0\u00bbthumbnail\u00a0\u00bb img_link_large=\u00a0\u00bb\u00a0\u00bb][vc_column_text]<\/p>\n<p><strong><a href=\"https:\/\/www.dalpasso.it\/fr\/info\/implants\/implant-selon-allen\/\">IMPLANT DE ALLEN<\/a><\/strong><\/p>\n<p>[\/vc_column_text][\/vc_column][vc_column width=\u00a0\u00bb1\/4&Prime;][vc_single_image image=\u00a0\u00bb6654&Prime; border_color=\u00a0\u00bbgrey\u00a0\u00bb img_link_target=\u00a0\u00bb_self\u00a0\u00bb img_size=\u00a0\u00bbthumbnail\u00a0\u00bb img_link_large=\u00a0\u00bb\u00a0\u00bb][vc_column_text]<\/p>\n<p><strong><a href=\"https:\/\/www.dalpasso.it\/fr\/info\/implants\/implant-spherique-en-pmma-et-silicone\/\">IMPLANT SPH\u00c9RIQUE EN SILICONE OU PMMA<\/a><\/strong><\/p>\n<p>[\/vc_column_text][\/vc_column][\/vc_row]<\/div>","protected":false},"excerpt":{"rendered":"<p>[vc_row full_width=\u00a0\u00bb\u00a0\u00bb parallax=\u00a0\u00bb\u00a0\u00bb parallax_image=\u00a0\u00bb\u00a0\u00bb][vc_column width=\u00a0\u00bb1\/1&Prime;][\/vc_column][\/vc_row][vc_row][vc_column width=\u00a0\u00bb1\/1&Prime;][vc_separator color=\u00a0\u00bbturquoise\u00a0\u00bb align=\u00a0\u00bbalign_center\u00a0\u00bb border_width=\u00a0\u00bb2&Prime;][vc_column_text] Du point de vue chronologique, le positionnement de l&rsquo;implant peut \u00eatre primaire (en m\u00eame temps que l&rsquo;intervention destructrice du bulbe) ou secondaire (apr\u00e8s l&rsquo;intervention destructrice, afin de remplir la cavit\u00e9 rest\u00e9e vide ou de corriger la perte de mouvement).\u00a0Outre les implants pour la motilit\u00e9 de la [&hellip;]<\/p>\n","protected":false},"author":4,"featured_media":0,"parent":10841,"menu_order":0,"comment_status":"closed","ping_status":"closed","template":"","meta":{"footnotes":""},"class_list":["post-10680","page","type-page","status-publish","hentry"],"yoast_head":"<!-- This site is optimized with the Yoast SEO plugin v27.1.1 - https:\/\/yoast.com\/product\/yoast-seo-wordpress\/ -->\n<title>IMPLANTS | Dalpasso protesi oculari<\/title>\n<meta name=\"robots\" content=\"index, follow, max-snippet:-1, max-image-preview:large, max-video-preview:-1\" \/>\n<link rel=\"canonical\" href=\"https:\/\/www.dalpasso.it\/fr\/info\/implants\/\" \/>\n<meta property=\"og:locale\" content=\"fr_FR\" \/>\n<meta property=\"og:type\" content=\"article\" \/>\n<meta property=\"og:title\" content=\"IMPLANTS | Dalpasso protesi oculari\" \/>\n<meta property=\"og:description\" content=\"[vc_row full_width=\u00a0\u00bb\u00a0\u00bb parallax=\u00a0\u00bb\u00a0\u00bb parallax_image=\u00a0\u00bb\u00a0\u00bb][vc_column width=\u00a0\u00bb1\/1&Prime;][\/vc_column][\/vc_row][vc_row][vc_column width=\u00a0\u00bb1\/1&Prime;][vc_separator color=\u00a0\u00bbturquoise\u00a0\u00bb align=\u00a0\u00bbalign_center\u00a0\u00bb border_width=\u00a0\u00bb2&Prime;][vc_column_text] Du point de vue chronologique, le positionnement de l&rsquo;implant peut \u00eatre primaire (en m\u00eame temps que l&rsquo;intervention destructrice du bulbe) ou secondaire (apr\u00e8s l&rsquo;intervention destructrice, afin de remplir la cavit\u00e9 rest\u00e9e vide ou de corriger la perte de mouvement).\u00a0Outre les implants pour la motilit\u00e9 de la [&hellip;]\" \/>\n<meta property=\"og:url\" content=\"https:\/\/www.dalpasso.it\/fr\/info\/implants\/\" \/>\n<meta property=\"og:site_name\" content=\"Dalpasso protesi oculari\" \/>\n<meta property=\"article:modified_time\" content=\"2015-11-25T15:43:52+00:00\" \/>\n<meta name=\"twitter:card\" content=\"summary_large_image\" \/>\n<meta name=\"twitter:label1\" content=\"Dur\u00e9e de lecture estim\u00e9e\" \/>\n\t<meta name=\"twitter:data1\" content=\"3 minutes\" \/>\n<script type=\"application\/ld+json\" class=\"yoast-schema-graph\">{\"@context\":\"https:\/\/schema.org\",\"@graph\":[{\"@type\":\"WebPage\",\"@id\":\"https:\/\/www.dalpasso.it\/fr\/info\/implants\/\",\"url\":\"https:\/\/www.dalpasso.it\/fr\/info\/implants\/\",\"name\":\"IMPLANTS | Dalpasso protesi oculari\",\"isPartOf\":{\"@id\":\"https:\/\/www.dalpasso.it\/fr\/#website\"},\"datePublished\":\"2015-07-01T13:18:22+00:00\",\"dateModified\":\"2015-11-25T15:43:52+00:00\",\"breadcrumb\":{\"@id\":\"https:\/\/www.dalpasso.it\/fr\/info\/implants\/#breadcrumb\"},\"inLanguage\":\"fr-FR\",\"potentialAction\":[{\"@type\":\"ReadAction\",\"target\":[\"https:\/\/www.dalpasso.it\/fr\/info\/implants\/\"]}]},{\"@type\":\"BreadcrumbList\",\"@id\":\"https:\/\/www.dalpasso.it\/fr\/info\/implants\/#breadcrumb\",\"itemListElement\":[{\"@type\":\"ListItem\",\"position\":1,\"name\":\"Home\",\"item\":\"https:\/\/www.dalpasso.it\/fr\/standard-business\/\"},{\"@type\":\"ListItem\",\"position\":2,\"name\":\"INFO\",\"item\":\"https:\/\/www.dalpasso.it\/fr\/info\/\"},{\"@type\":\"ListItem\",\"position\":3,\"name\":\"IMPLANTS\"}]},{\"@type\":\"WebSite\",\"@id\":\"https:\/\/www.dalpasso.it\/fr\/#website\",\"url\":\"https:\/\/www.dalpasso.it\/fr\/\",\"name\":\"DALPASSO Protesi Oculari\",\"description\":\"\",\"potentialAction\":[{\"@type\":\"SearchAction\",\"target\":{\"@type\":\"EntryPoint\",\"urlTemplate\":\"https:\/\/www.dalpasso.it\/fr\/?s={search_term_string}\"},\"query-input\":{\"@type\":\"PropertyValueSpecification\",\"valueRequired\":true,\"valueName\":\"search_term_string\"}}],\"inLanguage\":\"fr-FR\"}]}<\/script>\n<!-- \/ Yoast SEO plugin. -->","yoast_head_json":{"title":"IMPLANTS | Dalpasso protesi oculari","robots":{"index":"index","follow":"follow","max-snippet":"max-snippet:-1","max-image-preview":"max-image-preview:large","max-video-preview":"max-video-preview:-1"},"canonical":"https:\/\/www.dalpasso.it\/fr\/info\/implants\/","og_locale":"fr_FR","og_type":"article","og_title":"IMPLANTS | Dalpasso protesi oculari","og_description":"[vc_row full_width=\u00a0\u00bb\u00a0\u00bb parallax=\u00a0\u00bb\u00a0\u00bb parallax_image=\u00a0\u00bb\u00a0\u00bb][vc_column width=\u00a0\u00bb1\/1&Prime;][\/vc_column][\/vc_row][vc_row][vc_column width=\u00a0\u00bb1\/1&Prime;][vc_separator color=\u00a0\u00bbturquoise\u00a0\u00bb align=\u00a0\u00bbalign_center\u00a0\u00bb border_width=\u00a0\u00bb2&Prime;][vc_column_text] Du point de vue chronologique, le positionnement de l&rsquo;implant peut \u00eatre primaire (en m\u00eame temps que l&rsquo;intervention destructrice du bulbe) ou secondaire (apr\u00e8s l&rsquo;intervention destructrice, afin de remplir la cavit\u00e9 rest\u00e9e vide ou de corriger la perte de mouvement).\u00a0Outre les implants pour la motilit\u00e9 de la [&hellip;]","og_url":"https:\/\/www.dalpasso.it\/fr\/info\/implants\/","og_site_name":"Dalpasso protesi oculari","article_modified_time":"2015-11-25T15:43:52+00:00","twitter_card":"summary_large_image","twitter_misc":{"Dur\u00e9e de lecture estim\u00e9e":"3 minutes"},"schema":{"@context":"https:\/\/schema.org","@graph":[{"@type":"WebPage","@id":"https:\/\/www.dalpasso.it\/fr\/info\/implants\/","url":"https:\/\/www.dalpasso.it\/fr\/info\/implants\/","name":"IMPLANTS | Dalpasso protesi oculari","isPartOf":{"@id":"https:\/\/www.dalpasso.it\/fr\/#website"},"datePublished":"2015-07-01T13:18:22+00:00","dateModified":"2015-11-25T15:43:52+00:00","breadcrumb":{"@id":"https:\/\/www.dalpasso.it\/fr\/info\/implants\/#breadcrumb"},"inLanguage":"fr-FR","potentialAction":[{"@type":"ReadAction","target":["https:\/\/www.dalpasso.it\/fr\/info\/implants\/"]}]},{"@type":"BreadcrumbList","@id":"https:\/\/www.dalpasso.it\/fr\/info\/implants\/#breadcrumb","itemListElement":[{"@type":"ListItem","position":1,"name":"Home","item":"https:\/\/www.dalpasso.it\/fr\/standard-business\/"},{"@type":"ListItem","position":2,"name":"INFO","item":"https:\/\/www.dalpasso.it\/fr\/info\/"},{"@type":"ListItem","position":3,"name":"IMPLANTS"}]},{"@type":"WebSite","@id":"https:\/\/www.dalpasso.it\/fr\/#website","url":"https:\/\/www.dalpasso.it\/fr\/","name":"DALPASSO Protesi Oculari","description":"","potentialAction":[{"@type":"SearchAction","target":{"@type":"EntryPoint","urlTemplate":"https:\/\/www.dalpasso.it\/fr\/?s={search_term_string}"},"query-input":{"@type":"PropertyValueSpecification","valueRequired":true,"valueName":"search_term_string"}}],"inLanguage":"fr-FR"}]}},"_links":{"self":[{"href":"https:\/\/www.dalpasso.it\/fr\/wp-json\/wp\/v2\/pages\/10680","targetHints":{"allow":["GET"]}}],"collection":[{"href":"https:\/\/www.dalpasso.it\/fr\/wp-json\/wp\/v2\/pages"}],"about":[{"href":"https:\/\/www.dalpasso.it\/fr\/wp-json\/wp\/v2\/types\/page"}],"author":[{"embeddable":true,"href":"https:\/\/www.dalpasso.it\/fr\/wp-json\/wp\/v2\/users\/4"}],"replies":[{"embeddable":true,"href":"https:\/\/www.dalpasso.it\/fr\/wp-json\/wp\/v2\/comments?post=10680"}],"version-history":[{"count":8,"href":"https:\/\/www.dalpasso.it\/fr\/wp-json\/wp\/v2\/pages\/10680\/revisions"}],"predecessor-version":[{"id":11587,"href":"https:\/\/www.dalpasso.it\/fr\/wp-json\/wp\/v2\/pages\/10680\/revisions\/11587"}],"up":[{"embeddable":true,"href":"https:\/\/www.dalpasso.it\/fr\/wp-json\/wp\/v2\/pages\/10841"}],"wp:attachment":[{"href":"https:\/\/www.dalpasso.it\/fr\/wp-json\/wp\/v2\/media?parent=10680"}],"curies":[{"name":"wp","href":"https:\/\/api.w.org\/{rel}","templated":true}]}}