{"id":10639,"date":"2015-07-13T12:13:19","date_gmt":"2015-07-13T10:13:19","guid":{"rendered":"http:\/\/www.dalpasso.it\/fr\/contatti\/per-richiedere-le-vostre-immagini\/"},"modified":"2015-11-19T14:46:36","modified_gmt":"2015-11-19T13:46:36","slug":"pour-demander-vos-images","status":"publish","type":"page","link":"https:\/\/www.dalpasso.it\/fr\/contacts\/pour-demander-vos-images\/","title":{"rendered":"Pour demander vos images"},"content":{"rendered":"<div class=\"wpb-content-wrapper\"><\/div><\/div><\/div><\/div>\r\n\t<div class=\" \" style=\" width: 100%; margin-top:40px; margin-bottom: -41px;\">\r\n\t\t<div class=\"home_paralax\" style=\"background-image:url('https:\/\/www.dalpasso.it\/wp-content\/uploads\/2014\/06\/s_58.jpg'); !important; padding-top:150px; padding-bottom:150px\" data-type=\"background\" >\r\n\t\t\t<div class=\"main_content_area\" style=\"padding:0px;\">\r\n\t\t\t\t<div class=\"container oi_break\">\r\n\t\t\t\t\t<\/p>\n<div class=\"oi_caption\">\n<h4><strong>Remplissez le formulaire pour demander l&rsquo;envoi par courriel<\/strong><\/h4>\n<h4><strong> des images num\u00e9riques de votre application.<\/strong><\/h4>\n<h4><strong>(Pour cela, nous transmettre par courriel la copie d&rsquo;un document<\/strong><\/h4>\n<h4><strong> d&rsquo;<\/strong><strong>d&rsquo;identit\u00e9 du requ\u00e9rant en cours de validit\u00e9).<\/strong><\/h4>\n<\/div>\n<p>\r\n\t\t\t\t<\/div>\r\n\t\t\t<\/div>\r\n\t\t<\/div>\r\n\t\t\t\r\n\t<\/div>\r\n\t<div class=\"main_content_area\">\r\n\t\t<div class=\"container\">\r\n\t\t\t<div class=\"row\">\r\n            \t<div class=\"col-md-12\">[vc_row][vc_column width=\u00a0\u00bb1\/1&Prime;][vc_separator color=\u00a0\u00bbsky\u00a0\u00bb][\/vc_column][\/vc_row][vc_row][vc_column width=\u00a0\u00bb1\/1&Prime;][vc_column_text]<\/p>\n<ul>\n<li class=\"\">\n<h4><span style=\"color: #000000;\"><strong><a style=\"color: #000000;\" title=\"Modulo per pazienti minorenni\" href=\"https:\/\/www.dalpasso.it\/fr\/contacts\/pour-demander-vos-images\/formulaire-pour-patients-mineurs\/\">Formulaire pour patients mineurs<\/a><\/strong><\/span><\/h4>\n<\/li>\n<\/ul>\n<ul>\n<li class=\"\">\n<h4><span style=\"color: #000000;\"><strong><a style=\"color: #000000;\" title=\"Modulo per pazienti maggiorenni\" href=\"https:\/\/www.dalpasso.it\/fr\/contacts\/pour-demander-vos-images\/formulaire-pour-patients-majeurs\/\">Formulaire pour patients majeurs<\/a><\/strong><\/span><\/h4>\n<\/li>\n<\/ul>\n<p>[\/vc_column_text][\/vc_column][\/vc_row]<\/div>","protected":false},"excerpt":{"rendered":"<p>[vc_row full_width=\u00a0\u00bb\u00a0\u00bb parallax=\u00a0\u00bb\u00a0\u00bb parallax_image=\u00a0\u00bb\u00a0\u00bb][vc_column width=\u00a0\u00bb1\/1&Prime;][\/vc_column][\/vc_row][vc_row][vc_column width=\u00a0\u00bb1\/1&Prime;][vc_separator color=\u00a0\u00bbsky\u00a0\u00bb][\/vc_column][\/vc_row][vc_row][vc_column width=\u00a0\u00bb1\/1&Prime;][vc_column_text] Formulaire pour patients mineurs Formulaire pour patients majeurs [\/vc_column_text][\/vc_column][\/vc_row]<\/p>\n","protected":false},"author":4,"featured_media":0,"parent":10618,"menu_order":0,"comment_status":"closed","ping_status":"closed","template":"","meta":{"footnotes":""},"class_list":["post-10639","page","type-page","status-publish","hentry"],"yoast_head":"<!-- This site is optimized with the Yoast SEO plugin v27.1.1 - https:\/\/yoast.com\/product\/yoast-seo-wordpress\/ -->\n<title>Pour demander vos images | Dalpasso protesi oculari<\/title>\n<meta name=\"robots\" content=\"index, follow, max-snippet:-1, max-image-preview:large, max-video-preview:-1\" \/>\n<link rel=\"canonical\" href=\"https:\/\/www.dalpasso.it\/fr\/contacts\/pour-demander-vos-images\/\" \/>\n<meta property=\"og:locale\" content=\"fr_FR\" \/>\n<meta property=\"og:type\" content=\"article\" \/>\n<meta property=\"og:title\" content=\"Pour demander vos images | Dalpasso protesi oculari\" \/>\n<meta property=\"og:description\" content=\"[vc_row full_width=\u00a0\u00bb\u00a0\u00bb parallax=\u00a0\u00bb\u00a0\u00bb parallax_image=\u00a0\u00bb\u00a0\u00bb][vc_column width=\u00a0\u00bb1\/1&Prime;][\/vc_column][\/vc_row][vc_row][vc_column width=\u00a0\u00bb1\/1&Prime;][vc_separator color=\u00a0\u00bbsky\u00a0\u00bb][\/vc_column][\/vc_row][vc_row][vc_column width=\u00a0\u00bb1\/1&Prime;][vc_column_text] Formulaire pour patients mineurs Formulaire pour patients majeurs [\/vc_column_text][\/vc_column][\/vc_row]\" \/>\n<meta property=\"og:url\" content=\"https:\/\/www.dalpasso.it\/fr\/contacts\/pour-demander-vos-images\/\" \/>\n<meta property=\"og:site_name\" content=\"Dalpasso protesi oculari\" \/>\n<meta property=\"article:modified_time\" content=\"2015-11-19T13:46:36+00:00\" \/>\n<meta name=\"twitter:card\" content=\"summary_large_image\" \/>\n<meta name=\"twitter:label1\" content=\"Dur\u00e9e de lecture estim\u00e9e\" \/>\n\t<meta name=\"twitter:data1\" content=\"1 minute\" \/>\n<script type=\"application\/ld+json\" class=\"yoast-schema-graph\">{\"@context\":\"https:\/\/schema.org\",\"@graph\":[{\"@type\":\"WebPage\",\"@id\":\"https:\/\/www.dalpasso.it\/fr\/contacts\/pour-demander-vos-images\/\",\"url\":\"https:\/\/www.dalpasso.it\/fr\/contacts\/pour-demander-vos-images\/\",\"name\":\"Pour demander vos images | Dalpasso protesi oculari\",\"isPartOf\":{\"@id\":\"https:\/\/www.dalpasso.it\/fr\/#website\"},\"datePublished\":\"2015-07-13T10:13:19+00:00\",\"dateModified\":\"2015-11-19T13:46:36+00:00\",\"breadcrumb\":{\"@id\":\"https:\/\/www.dalpasso.it\/fr\/contacts\/pour-demander-vos-images\/#breadcrumb\"},\"inLanguage\":\"fr-FR\",\"potentialAction\":[{\"@type\":\"ReadAction\",\"target\":[\"https:\/\/www.dalpasso.it\/fr\/contacts\/pour-demander-vos-images\/\"]}]},{\"@type\":\"BreadcrumbList\",\"@id\":\"https:\/\/www.dalpasso.it\/fr\/contacts\/pour-demander-vos-images\/#breadcrumb\",\"itemListElement\":[{\"@type\":\"ListItem\",\"position\":1,\"name\":\"Home\",\"item\":\"https:\/\/www.dalpasso.it\/fr\/standard-business\/\"},{\"@type\":\"ListItem\",\"position\":2,\"name\":\"CONTACTS\",\"item\":\"https:\/\/www.dalpasso.it\/fr\/azienda__trashed\/contacts\/\"},{\"@type\":\"ListItem\",\"position\":3,\"name\":\"Pour demander vos images\"}]},{\"@type\":\"WebSite\",\"@id\":\"https:\/\/www.dalpasso.it\/fr\/#website\",\"url\":\"https:\/\/www.dalpasso.it\/fr\/\",\"name\":\"DALPASSO Protesi Oculari\",\"description\":\"\",\"potentialAction\":[{\"@type\":\"SearchAction\",\"target\":{\"@type\":\"EntryPoint\",\"urlTemplate\":\"https:\/\/www.dalpasso.it\/fr\/?s={search_term_string}\"},\"query-input\":{\"@type\":\"PropertyValueSpecification\",\"valueRequired\":true,\"valueName\":\"search_term_string\"}}],\"inLanguage\":\"fr-FR\"}]}<\/script>\n<!-- \/ Yoast SEO plugin. -->","yoast_head_json":{"title":"Pour demander vos images | Dalpasso protesi oculari","robots":{"index":"index","follow":"follow","max-snippet":"max-snippet:-1","max-image-preview":"max-image-preview:large","max-video-preview":"max-video-preview:-1"},"canonical":"https:\/\/www.dalpasso.it\/fr\/contacts\/pour-demander-vos-images\/","og_locale":"fr_FR","og_type":"article","og_title":"Pour demander vos images | Dalpasso protesi oculari","og_description":"[vc_row full_width=\u00a0\u00bb\u00a0\u00bb parallax=\u00a0\u00bb\u00a0\u00bb parallax_image=\u00a0\u00bb\u00a0\u00bb][vc_column width=\u00a0\u00bb1\/1&Prime;][\/vc_column][\/vc_row][vc_row][vc_column width=\u00a0\u00bb1\/1&Prime;][vc_separator color=\u00a0\u00bbsky\u00a0\u00bb][\/vc_column][\/vc_row][vc_row][vc_column width=\u00a0\u00bb1\/1&Prime;][vc_column_text] Formulaire pour patients mineurs Formulaire pour patients majeurs [\/vc_column_text][\/vc_column][\/vc_row]","og_url":"https:\/\/www.dalpasso.it\/fr\/contacts\/pour-demander-vos-images\/","og_site_name":"Dalpasso protesi oculari","article_modified_time":"2015-11-19T13:46:36+00:00","twitter_card":"summary_large_image","twitter_misc":{"Dur\u00e9e de lecture estim\u00e9e":"1 minute"},"schema":{"@context":"https:\/\/schema.org","@graph":[{"@type":"WebPage","@id":"https:\/\/www.dalpasso.it\/fr\/contacts\/pour-demander-vos-images\/","url":"https:\/\/www.dalpasso.it\/fr\/contacts\/pour-demander-vos-images\/","name":"Pour demander vos images | Dalpasso protesi oculari","isPartOf":{"@id":"https:\/\/www.dalpasso.it\/fr\/#website"},"datePublished":"2015-07-13T10:13:19+00:00","dateModified":"2015-11-19T13:46:36+00:00","breadcrumb":{"@id":"https:\/\/www.dalpasso.it\/fr\/contacts\/pour-demander-vos-images\/#breadcrumb"},"inLanguage":"fr-FR","potentialAction":[{"@type":"ReadAction","target":["https:\/\/www.dalpasso.it\/fr\/contacts\/pour-demander-vos-images\/"]}]},{"@type":"BreadcrumbList","@id":"https:\/\/www.dalpasso.it\/fr\/contacts\/pour-demander-vos-images\/#breadcrumb","itemListElement":[{"@type":"ListItem","position":1,"name":"Home","item":"https:\/\/www.dalpasso.it\/fr\/standard-business\/"},{"@type":"ListItem","position":2,"name":"CONTACTS","item":"https:\/\/www.dalpasso.it\/fr\/azienda__trashed\/contacts\/"},{"@type":"ListItem","position":3,"name":"Pour demander vos images"}]},{"@type":"WebSite","@id":"https:\/\/www.dalpasso.it\/fr\/#website","url":"https:\/\/www.dalpasso.it\/fr\/","name":"DALPASSO Protesi Oculari","description":"","potentialAction":[{"@type":"SearchAction","target":{"@type":"EntryPoint","urlTemplate":"https:\/\/www.dalpasso.it\/fr\/?s={search_term_string}"},"query-input":{"@type":"PropertyValueSpecification","valueRequired":true,"valueName":"search_term_string"}}],"inLanguage":"fr-FR"}]}},"_links":{"self":[{"href":"https:\/\/www.dalpasso.it\/fr\/wp-json\/wp\/v2\/pages\/10639","targetHints":{"allow":["GET"]}}],"collection":[{"href":"https:\/\/www.dalpasso.it\/fr\/wp-json\/wp\/v2\/pages"}],"about":[{"href":"https:\/\/www.dalpasso.it\/fr\/wp-json\/wp\/v2\/types\/page"}],"author":[{"embeddable":true,"href":"https:\/\/www.dalpasso.it\/fr\/wp-json\/wp\/v2\/users\/4"}],"replies":[{"embeddable":true,"href":"https:\/\/www.dalpasso.it\/fr\/wp-json\/wp\/v2\/comments?post=10639"}],"version-history":[{"count":7,"href":"https:\/\/www.dalpasso.it\/fr\/wp-json\/wp\/v2\/pages\/10639\/revisions"}],"predecessor-version":[{"id":10866,"href":"https:\/\/www.dalpasso.it\/fr\/wp-json\/wp\/v2\/pages\/10639\/revisions\/10866"}],"up":[{"embeddable":true,"href":"https:\/\/www.dalpasso.it\/fr\/wp-json\/wp\/v2\/pages\/10618"}],"wp:attachment":[{"href":"https:\/\/www.dalpasso.it\/fr\/wp-json\/wp\/v2\/media?parent=10639"}],"curies":[{"name":"wp","href":"https:\/\/api.w.org\/{rel}","templated":true}]}}