{"id":10628,"date":"2015-07-13T10:56:44","date_gmt":"2015-07-13T08:56:44","guid":{"rendered":"http:\/\/www.dalpasso.it\/fr\/contatti\/per-fissare-un-appuntamento\/"},"modified":"2015-11-19T14:40:28","modified_gmt":"2015-11-19T13:40:28","slug":"pour-prendre-rendez-vous","status":"publish","type":"page","link":"https:\/\/www.dalpasso.it\/fr\/contacts\/pour-prendre-rendez-vous\/","title":{"rendered":"Pour prendre rendez-vous"},"content":{"rendered":"<div class=\"wpb-content-wrapper\"><\/div><\/div><\/div><\/div>\r\n\t<div class=\" \" style=\" width: 100%; margin-top:-41px; margin-bottom: 40px;\">\r\n\t\t<div class=\"home_paralax\" style=\"background-image:url('https:\/\/www.dalpasso.it\/wp-content\/uploads\/2015\/07\/calendario.jpg'); !important; padding-top:150px; padding-bottom:150px\" data-type=\"background\" >\r\n\t\t\t<div class=\"main_content_area\" style=\"padding:0px;\">\r\n\t\t\t\t<div class=\"container oi_break\">\r\n\t\t\t\t\t<\/p>\n<div class=\"oi_caption\">\n<p><span style=\"color: #3092c9;\"><strong>Pour solliciter un rendez-vous, remplissez les champs ci-dessous.<\/strong><\/span><\/p>\n<p><span style=\"color: #3092c9;\"><strong>Nous vous rappellerons dans les 24 heures ouvr\u00e9es pour confirmer ou modifier la date.<\/strong><\/span><\/p>\n<p><span style=\"color: #3092c9;\"><strong>Aucun rendez-vous ne peut \u00eatre donn\u00e9 \u00e0 moins de sept jours ouvr\u00e9s \u00e0 compter de la demande.<\/strong><\/span><\/p>\n<p><span style=\"color: #3092c9;\"><strong>La date de la demande sur ce formulaire N&rsquo;EST PAS CONTRACTUELLE<\/strong><\/span><\/p>\n<p><span style=\"color: #3092c9;\"><strong> et doit \u00eatre confirm\u00e9e par notre R\u00e9ception. (Les champs pr\u00e9c\u00e9d\u00e9s d&rsquo;un * sont obligatoires).<\/strong><\/span><\/p>\n<\/div>\n<p>\r\n\t\t\t\t<\/div>\r\n\t\t\t<\/div>\r\n\t\t<\/div>\r\n\t\t\t\r\n\t<\/div>\r\n\t<div class=\"main_content_area\">\r\n\t\t<div class=\"container\">\r\n\t\t\t<div class=\"row\">\r\n            \t<div class=\"col-md-12\">[vc_row][vc_column width=\u00a0\u00bb1\/1&Prime;][vc_separator color=\u00a0\u00bbsky\u00a0\u00bb][\/vc_column][\/vc_row][vc_row][vc_column width=\u00a0\u00bb5\/6&Prime; css=\u00a0\u00bb.vc_custom_1442916009729{padding: 20px !important;background-color: #b8e3f2 !important;}\u00a0\u00bb offset=\u00a0\u00bbvc_col-lg-7 vc_col-md-offset-2 vc_col-md-8 vc_col-sm-offset-1&Prime;][vc_column_text]<\/p>\n\n<div class=\"wpcf7 no-js\" id=\"wpcf7-f10631-o1\" lang=\"it-IT\" dir=\"ltr\" data-wpcf7-id=\"10631\">\n<div class=\"screen-reader-response\"><p role=\"status\" aria-live=\"polite\" aria-atomic=\"true\"><\/p> <ul><\/ul><\/div>\n<form action=\"\/fr\/wp-json\/wp\/v2\/pages\/10628#wpcf7-f10631-o1\" method=\"post\" class=\"wpcf7-form init\" aria-label=\"Modulo di contatto\" novalidate=\"novalidate\" data-status=\"init\">\n<fieldset class=\"hidden-fields-container\"><input type=\"hidden\" name=\"_wpcf7\" value=\"10631\" \/><input type=\"hidden\" name=\"_wpcf7_version\" value=\"6.1.5\" \/><input type=\"hidden\" name=\"_wpcf7_locale\" value=\"it_IT\" \/><input type=\"hidden\" name=\"_wpcf7_unit_tag\" value=\"wpcf7-f10631-o1\" \/><input type=\"hidden\" name=\"_wpcf7_container_post\" value=\"0\" \/><input type=\"hidden\" name=\"_wpcf7_posted_data_hash\" value=\"\" \/>\n<\/fieldset>\n<h4>S\u00e9lectionner l'une des options suivantes*:\n<\/h4>\n<p style=\"padding-bottom:1em;\"><br \/>\n<span class=\"wpcf7-form-control-wrap\" data-name=\"nuovo_paziente\"><span class=\"wpcf7-form-control wpcf7-checkbox wpcf7-validates-as-required wpcf7-exclusive-checkbox\"><span class=\"wpcf7-list-item first\"><label><input type=\"checkbox\" name=\"nuovo_paziente\" value=\"Je suis un nouveau patient chez vous\" \/><span class=\"wpcf7-list-item-label\">Je suis un nouveau patient chez vous<\/span><\/label><\/span><span class=\"wpcf7-list-item last\"><label><input type=\"checkbox\" name=\"nuovo_paziente\" value=\"Je suis d\u00e9j\u00e0 votre patient\" \/><span class=\"wpcf7-list-item-label\">Je suis d\u00e9j\u00e0 votre patient<\/span><\/label><\/span><\/span><\/span>\n<\/p>\n<p> Nom de famille*\n<\/p>\n<p><span class=\"wpcf7-form-control-wrap\" data-name=\"cognome\"><input size=\"40\" maxlength=\"400\" class=\"wpcf7-form-control wpcf7-text wpcf7-validates-as-required\" aria-required=\"true\" aria-invalid=\"false\" value=\"\" type=\"text\" name=\"cognome\" \/><\/span>\n<\/p>\n<p> Pr\u00e9nom*\n<\/p>\n<p><span class=\"wpcf7-form-control-wrap\" data-name=\"nome\"><input size=\"40\" maxlength=\"400\" class=\"wpcf7-form-control wpcf7-text wpcf7-validates-as-required\" aria-required=\"true\" aria-invalid=\"false\" value=\"\" type=\"text\" name=\"nome\" \/><\/span>\n<\/p>\n<p> CP*\n<\/p>\n<p><span class=\"wpcf7-form-control-wrap\" data-name=\"CAP\"><input size=\"40\" maxlength=\"400\" class=\"wpcf7-form-control wpcf7-text wpcf7-validates-as-required\" aria-required=\"true\" aria-invalid=\"false\" value=\"\" type=\"text\" name=\"CAP\" \/><\/span>\n<\/p>\n<p> Ville*\n<\/p>\n<p><span class=\"wpcf7-form-control-wrap\" data-name=\"citta\"><input size=\"40\" maxlength=\"400\" class=\"wpcf7-form-control wpcf7-text\" aria-invalid=\"false\" value=\"\" type=\"text\" name=\"citta\" \/><\/span>\n<\/p>\n<p> Province\n<\/p>\n<p><span class=\"wpcf7-form-control-wrap\" data-name=\"provincia\"><input size=\"40\" maxlength=\"400\" class=\"wpcf7-form-control wpcf7-text\" aria-invalid=\"false\" value=\"\" type=\"text\" name=\"provincia\" \/><\/span>\n<\/p>\n<p> Tel.*\n<\/p>\n<p><span class=\"wpcf7-form-control-wrap\" data-name=\"tel\"><input size=\"40\" maxlength=\"400\" class=\"wpcf7-form-control wpcf7-text wpcf7-validates-as-required\" aria-required=\"true\" aria-invalid=\"false\" value=\"\" type=\"text\" name=\"tel\" \/><\/span>\n<\/p>\n<p> Courriel*\n<\/p>\n<p><span class=\"wpcf7-form-control-wrap\" data-name=\"mail\"><input size=\"40\" maxlength=\"400\" class=\"wpcf7-form-control wpcf7-email wpcf7-validates-as-required wpcf7-text wpcf7-validates-as-email\" aria-required=\"true\" aria-invalid=\"false\" value=\"\" type=\"email\" name=\"mail\" \/><\/span>\n<\/p>\n<p> Adresse*\n<\/p>\n<p><span class=\"wpcf7-form-control-wrap\" data-name=\"indirizzo\"><input size=\"40\" maxlength=\"400\" class=\"wpcf7-form-control wpcf7-text wpcf7-validates-as-required\" aria-required=\"true\" aria-invalid=\"false\" value=\"\" type=\"text\" name=\"indirizzo\" \/><\/span>\n<\/p>\n<hr \/>\n<h4>S\u00e9lectionner la mention n\u00e9cessaire\n<\/h4>\n<p><span class=\"wpcf7-form-control-wrap\" data-name=\"richiesta\"><span class=\"wpcf7-form-control wpcf7-checkbox wpcf7-exclusive-checkbox vertical\"><span class=\"wpcf7-list-item first\"><label><input type=\"checkbox\" name=\"richiesta\" value=\"Je souhaite un rendez-vous\" \/><span class=\"wpcf7-list-item-label\">Je souhaite un rendez-vous<\/span><\/label><\/span><span class=\"wpcf7-list-item\"><label><input type=\"checkbox\" name=\"richiesta\" value=\"Je souhaite annuler un rendez-vous\" \/><span class=\"wpcf7-list-item-label\">Je souhaite annuler un rendez-vous<\/span><\/label><\/span><span class=\"wpcf7-list-item last\"><label><input type=\"checkbox\" name=\"richiesta\" value=\"Je souhaite reculer un rendez-vous \u00e0 une autre date\" \/><span class=\"wpcf7-list-item-label\">Je souhaite reculer un rendez-vous \u00e0 une autre date<\/span><\/label><\/span><\/span><\/span>\n<\/p>\n<h4>Je souhaite un rendez-vous au si\u00e8ge de*:\n<\/h4>\n<p><span class=\"wpcf7-form-control-wrap\" data-name=\"sede\"><span class=\"wpcf7-form-control wpcf7-checkbox wpcf7-validates-as-required wpcf7-exclusive-checkbox\"><span class=\"wpcf7-list-item first\"><label><input type=\"checkbox\" name=\"sede\" value=\"Reggio Emilia\" \/><span class=\"wpcf7-list-item-label\">Reggio Emilia<\/span><\/label><\/span><span class=\"wpcf7-list-item\"><label><input type=\"checkbox\" name=\"sede\" value=\"Milan\" \/><span class=\"wpcf7-list-item-label\">Milan<\/span><\/label><\/span><span class=\"wpcf7-list-item\"><label><input type=\"checkbox\" name=\"sede\" value=\"Padoue\" \/><span class=\"wpcf7-list-item-label\">Padoue<\/span><\/label><\/span><span class=\"wpcf7-list-item\"><label><input type=\"checkbox\" name=\"sede\" value=\"Rimini\" \/><span class=\"wpcf7-list-item-label\">Rimini<\/span><\/label><\/span><span class=\"wpcf7-list-item\"><label><input type=\"checkbox\" name=\"sede\" value=\"Florence\" \/><span class=\"wpcf7-list-item-label\">Florence<\/span><\/label><\/span><span class=\"wpcf7-list-item\"><label><input type=\"checkbox\" name=\"sede\" value=\"Roma\" \/><span class=\"wpcf7-list-item-label\">Roma<\/span><\/label><\/span><span class=\"wpcf7-list-item last\"><label><input type=\"checkbox\" name=\"sede\" value=\"Catane\" \/><span class=\"wpcf7-list-item-label\">Catane<\/span><\/label><\/span><\/span><\/span>\n<\/p>\n<h4>Si possible \u00e0 la date: (jj\/mm\/aaaa) *\n<\/h4>\n<p><span class=\"wpcf7-form-control-wrap\" data-name=\"appuntamento_giorno\"><input size=\"40\" maxlength=\"400\" class=\"wpcf7-form-control wpcf7-text\" aria-invalid=\"false\" value=\"\" type=\"text\" name=\"appuntamento_giorno\" \/><\/span>\n<\/p>\n<h4>Si possible \u00e0 l'horaire: (hh.mm) *\n<\/h4>\n<p><span class=\"wpcf7-form-control-wrap\" data-name=\"appuntamento_ora\"><input size=\"40\" maxlength=\"400\" class=\"wpcf7-form-control wpcf7-text\" aria-invalid=\"false\" value=\"\" type=\"text\" name=\"appuntamento_ora\" \/><\/span>\n<\/p>\n<hr \/>\n<h4>VIE PRIV\u00c9E\n<\/h4>\n<p><small>Je soussign\u00e9(e) prends acte <a href=\"#0\">informativa<\/a>des informations\u00a0en vertu de l'article 13 du D\u00e9cret l\u00e9gislatif italien 196\/2003, et consens au traitement de mes donn\u00e9es personnelles aux fins indiqu\u00e9es ainsi qu'au fait qu'elles puissent faire l'objet de communication aux entit\u00e9s et aux fins d\u00e9clar\u00e9es.<\/small><br \/>\n<label> J'autorise <span class=\"wpcf7-form-control-wrap\" data-name=\"consenso\"><span class=\"wpcf7-form-control wpcf7-acceptance\"><span class=\"wpcf7-list-item\"><input type=\"checkbox\" name=\"consenso\" value=\"1\" aria-invalid=\"false\" \/><\/span><\/span><\/span><\/label>\n<\/p>\n<div style=\"margin:1.5em 0\">\n\t<p><input class=\"wpcf7-form-control wpcf7-submit has-spinner\" type=\"submit\" value=\"Envoyer\" \/>\n\t<\/p>\n<\/div><input type='hidden' class='wpcf7-pum' value='{\"closepopup\":false,\"closedelay\":0,\"openpopup\":false,\"openpopup_id\":0}' \/><div class=\"wpcf7-response-output\" aria-hidden=\"true\"><\/div>\n<\/form>\n<\/div>\n\n<p>[\/vc_column_text][\/vc_column][\/vc_row]<\/div>","protected":false},"excerpt":{"rendered":"<p>[vc_row full_width=\u00a0\u00bb\u00a0\u00bb parallax=\u00a0\u00bb\u00a0\u00bb parallax_image=\u00a0\u00bb\u00a0\u00bb][vc_column width=\u00a0\u00bb1\/1&Prime;][\/vc_column][\/vc_row][vc_row][vc_column width=\u00a0\u00bb1\/1&Prime;][vc_separator color=\u00a0\u00bbsky\u00a0\u00bb][\/vc_column][\/vc_row][vc_row][vc_column width=\u00a0\u00bb5\/6&Prime; css=\u00a0\u00bb.vc_custom_1442916009729{padding: 20px !important;background-color: #b8e3f2 !important;}\u00a0\u00bb offset=\u00a0\u00bbvc_col-lg-7 vc_col-md-offset-2 vc_col-md-8 vc_col-sm-offset-1&Prime;][vc_column_text] [\/vc_column_text][\/vc_column][\/vc_row]<\/p>\n","protected":false},"author":4,"featured_media":0,"parent":10618,"menu_order":0,"comment_status":"closed","ping_status":"closed","template":"","meta":{"footnotes":""},"class_list":["post-10628","page","type-page","status-publish","hentry"],"yoast_head":"<!-- This site is optimized with the Yoast SEO plugin v27.1.1 - https:\/\/yoast.com\/product\/yoast-seo-wordpress\/ -->\n<title>Pour prendre rendez-vous | Dalpasso protesi oculari<\/title>\n<meta name=\"robots\" content=\"index, follow, max-snippet:-1, max-image-preview:large, max-video-preview:-1\" \/>\n<link rel=\"canonical\" href=\"https:\/\/www.dalpasso.it\/fr\/contacts\/pour-prendre-rendez-vous\/\" \/>\n<meta property=\"og:locale\" content=\"fr_FR\" \/>\n<meta property=\"og:type\" content=\"article\" \/>\n<meta property=\"og:title\" content=\"Pour prendre rendez-vous | Dalpasso protesi oculari\" \/>\n<meta property=\"og:description\" content=\"[vc_row full_width=\u00a0\u00bb\u00a0\u00bb parallax=\u00a0\u00bb\u00a0\u00bb parallax_image=\u00a0\u00bb\u00a0\u00bb][vc_column width=\u00a0\u00bb1\/1&Prime;][\/vc_column][\/vc_row][vc_row][vc_column width=\u00a0\u00bb1\/1&Prime;][vc_separator color=\u00a0\u00bbsky\u00a0\u00bb][\/vc_column][\/vc_row][vc_row][vc_column width=\u00a0\u00bb5\/6&Prime; css=\u00a0\u00bb.vc_custom_1442916009729{padding: 20px !important;background-color: #b8e3f2 !important;}\u00a0\u00bb offset=\u00a0\u00bbvc_col-lg-7 vc_col-md-offset-2 vc_col-md-8 vc_col-sm-offset-1&Prime;][vc_column_text] [\/vc_column_text][\/vc_column][\/vc_row]\" \/>\n<meta property=\"og:url\" content=\"https:\/\/www.dalpasso.it\/fr\/contacts\/pour-prendre-rendez-vous\/\" \/>\n<meta property=\"og:site_name\" content=\"Dalpasso protesi oculari\" \/>\n<meta property=\"article:modified_time\" content=\"2015-11-19T13:40:28+00:00\" \/>\n<meta name=\"twitter:card\" content=\"summary_large_image\" \/>\n<meta name=\"twitter:label1\" content=\"Dur\u00e9e de lecture estim\u00e9e\" \/>\n\t<meta name=\"twitter:data1\" content=\"1 minute\" \/>\n<script type=\"application\/ld+json\" class=\"yoast-schema-graph\">{\"@context\":\"https:\/\/schema.org\",\"@graph\":[{\"@type\":\"WebPage\",\"@id\":\"https:\/\/www.dalpasso.it\/fr\/contacts\/pour-prendre-rendez-vous\/\",\"url\":\"https:\/\/www.dalpasso.it\/fr\/contacts\/pour-prendre-rendez-vous\/\",\"name\":\"Pour prendre rendez-vous | Dalpasso protesi oculari\",\"isPartOf\":{\"@id\":\"https:\/\/www.dalpasso.it\/fr\/#website\"},\"datePublished\":\"2015-07-13T08:56:44+00:00\",\"dateModified\":\"2015-11-19T13:40:28+00:00\",\"breadcrumb\":{\"@id\":\"https:\/\/www.dalpasso.it\/fr\/contacts\/pour-prendre-rendez-vous\/#breadcrumb\"},\"inLanguage\":\"fr-FR\",\"potentialAction\":[{\"@type\":\"ReadAction\",\"target\":[\"https:\/\/www.dalpasso.it\/fr\/contacts\/pour-prendre-rendez-vous\/\"]}]},{\"@type\":\"BreadcrumbList\",\"@id\":\"https:\/\/www.dalpasso.it\/fr\/contacts\/pour-prendre-rendez-vous\/#breadcrumb\",\"itemListElement\":[{\"@type\":\"ListItem\",\"position\":1,\"name\":\"Home\",\"item\":\"https:\/\/www.dalpasso.it\/fr\/standard-business\/\"},{\"@type\":\"ListItem\",\"position\":2,\"name\":\"CONTACTS\",\"item\":\"https:\/\/www.dalpasso.it\/fr\/azienda__trashed\/contacts\/\"},{\"@type\":\"ListItem\",\"position\":3,\"name\":\"Pour prendre rendez-vous\"}]},{\"@type\":\"WebSite\",\"@id\":\"https:\/\/www.dalpasso.it\/fr\/#website\",\"url\":\"https:\/\/www.dalpasso.it\/fr\/\",\"name\":\"DALPASSO Protesi Oculari\",\"description\":\"\",\"potentialAction\":[{\"@type\":\"SearchAction\",\"target\":{\"@type\":\"EntryPoint\",\"urlTemplate\":\"https:\/\/www.dalpasso.it\/fr\/?s={search_term_string}\"},\"query-input\":{\"@type\":\"PropertyValueSpecification\",\"valueRequired\":true,\"valueName\":\"search_term_string\"}}],\"inLanguage\":\"fr-FR\"}]}<\/script>\n<!-- \/ Yoast SEO plugin. -->","yoast_head_json":{"title":"Pour prendre rendez-vous | Dalpasso protesi oculari","robots":{"index":"index","follow":"follow","max-snippet":"max-snippet:-1","max-image-preview":"max-image-preview:large","max-video-preview":"max-video-preview:-1"},"canonical":"https:\/\/www.dalpasso.it\/fr\/contacts\/pour-prendre-rendez-vous\/","og_locale":"fr_FR","og_type":"article","og_title":"Pour prendre rendez-vous | Dalpasso protesi oculari","og_description":"[vc_row full_width=\u00a0\u00bb\u00a0\u00bb parallax=\u00a0\u00bb\u00a0\u00bb parallax_image=\u00a0\u00bb\u00a0\u00bb][vc_column width=\u00a0\u00bb1\/1&Prime;][\/vc_column][\/vc_row][vc_row][vc_column width=\u00a0\u00bb1\/1&Prime;][vc_separator color=\u00a0\u00bbsky\u00a0\u00bb][\/vc_column][\/vc_row][vc_row][vc_column width=\u00a0\u00bb5\/6&Prime; css=\u00a0\u00bb.vc_custom_1442916009729{padding: 20px !important;background-color: #b8e3f2 !important;}\u00a0\u00bb offset=\u00a0\u00bbvc_col-lg-7 vc_col-md-offset-2 vc_col-md-8 vc_col-sm-offset-1&Prime;][vc_column_text] [\/vc_column_text][\/vc_column][\/vc_row]","og_url":"https:\/\/www.dalpasso.it\/fr\/contacts\/pour-prendre-rendez-vous\/","og_site_name":"Dalpasso protesi oculari","article_modified_time":"2015-11-19T13:40:28+00:00","twitter_card":"summary_large_image","twitter_misc":{"Dur\u00e9e de lecture estim\u00e9e":"1 minute"},"schema":{"@context":"https:\/\/schema.org","@graph":[{"@type":"WebPage","@id":"https:\/\/www.dalpasso.it\/fr\/contacts\/pour-prendre-rendez-vous\/","url":"https:\/\/www.dalpasso.it\/fr\/contacts\/pour-prendre-rendez-vous\/","name":"Pour prendre rendez-vous | Dalpasso protesi oculari","isPartOf":{"@id":"https:\/\/www.dalpasso.it\/fr\/#website"},"datePublished":"2015-07-13T08:56:44+00:00","dateModified":"2015-11-19T13:40:28+00:00","breadcrumb":{"@id":"https:\/\/www.dalpasso.it\/fr\/contacts\/pour-prendre-rendez-vous\/#breadcrumb"},"inLanguage":"fr-FR","potentialAction":[{"@type":"ReadAction","target":["https:\/\/www.dalpasso.it\/fr\/contacts\/pour-prendre-rendez-vous\/"]}]},{"@type":"BreadcrumbList","@id":"https:\/\/www.dalpasso.it\/fr\/contacts\/pour-prendre-rendez-vous\/#breadcrumb","itemListElement":[{"@type":"ListItem","position":1,"name":"Home","item":"https:\/\/www.dalpasso.it\/fr\/standard-business\/"},{"@type":"ListItem","position":2,"name":"CONTACTS","item":"https:\/\/www.dalpasso.it\/fr\/azienda__trashed\/contacts\/"},{"@type":"ListItem","position":3,"name":"Pour prendre rendez-vous"}]},{"@type":"WebSite","@id":"https:\/\/www.dalpasso.it\/fr\/#website","url":"https:\/\/www.dalpasso.it\/fr\/","name":"DALPASSO Protesi Oculari","description":"","potentialAction":[{"@type":"SearchAction","target":{"@type":"EntryPoint","urlTemplate":"https:\/\/www.dalpasso.it\/fr\/?s={search_term_string}"},"query-input":{"@type":"PropertyValueSpecification","valueRequired":true,"valueName":"search_term_string"}}],"inLanguage":"fr-FR"}]}},"_links":{"self":[{"href":"https:\/\/www.dalpasso.it\/fr\/wp-json\/wp\/v2\/pages\/10628","targetHints":{"allow":["GET"]}}],"collection":[{"href":"https:\/\/www.dalpasso.it\/fr\/wp-json\/wp\/v2\/pages"}],"about":[{"href":"https:\/\/www.dalpasso.it\/fr\/wp-json\/wp\/v2\/types\/page"}],"author":[{"embeddable":true,"href":"https:\/\/www.dalpasso.it\/fr\/wp-json\/wp\/v2\/users\/4"}],"replies":[{"embeddable":true,"href":"https:\/\/www.dalpasso.it\/fr\/wp-json\/wp\/v2\/comments?post=10628"}],"version-history":[{"count":3,"href":"https:\/\/www.dalpasso.it\/fr\/wp-json\/wp\/v2\/pages\/10628\/revisions"}],"predecessor-version":[{"id":10632,"href":"https:\/\/www.dalpasso.it\/fr\/wp-json\/wp\/v2\/pages\/10628\/revisions\/10632"}],"up":[{"embeddable":true,"href":"https:\/\/www.dalpasso.it\/fr\/wp-json\/wp\/v2\/pages\/10618"}],"wp:attachment":[{"href":"https:\/\/www.dalpasso.it\/fr\/wp-json\/wp\/v2\/media?parent=10628"}],"curies":[{"name":"wp","href":"https:\/\/api.w.org\/{rel}","templated":true}]}}