{"id":10612,"date":"2015-05-20T14:47:07","date_gmt":"2015-05-20T12:47:07","guid":{"rendered":"http:\/\/www.dalpasso.it\/fr\/la-nostra-storia-2\/"},"modified":"2015-11-27T11:35:49","modified_gmt":"2015-11-27T10:35:49","slug":"notre-histoire","status":"publish","type":"page","link":"https:\/\/www.dalpasso.it\/fr\/notre-histoire\/","title":{"rendered":"NOTRE HISTOIRE"},"content":{"rendered":"<div class=\"wpb-content-wrapper\"><\/div><\/div><\/div><\/div>\r\n\t<div class=\" \" style=\" width: 100%; margin-top:-41px; margin-bottom: 40px;\">\r\n\t\t<div class=\"home_paralax\" style=\"background-image:url('https:\/\/www.dalpasso.it\/wp-content\/uploads\/2015\/05\/Scansione0001.jpg'); !important; padding-top:150px; padding-bottom:5px\" data-type=\"background\" >\r\n\t\t\t<div class=\"main_content_area\" style=\"padding:0px;\">\r\n\t\t\t\t<div class=\"container oi_break\">\r\n\t\t\t\t\t<\/p>\n<h1 style=\"text-align: justify;\"><span style=\"color: #ffffff;\"><strong>Les chiffres comptent.<\/strong><\/span><\/h1>\n<h2 style=\"text-align: justify;\"><span style=\"color: #ffffff;\">\u00a0<\/span><\/h2>\n<div class=\"oi_caption\">\n<p style=\"text-align: justify;\">Les chiffres comptent, et comment. F\u00eater nos 60 ans d&rsquo;activit\u00e9 est par exemple un objectif important, pour nous qui l&rsquo;avons atteint, et pour tous ceux dont la vie quotidienne s&rsquo;est trouv\u00e9e am\u00e9lior\u00e9e gr\u00e2ce \u00e0 une proth\u00e8se Oculaire DALPASSO, produit issu d&rsquo;une entreprise jouissant du plus grand nombre de patients\u00a0du secteur : plus de 17\u00a0000.<\/p>\n<p style=\"text-align: justify;\">La proth\u00e8se Oculaire en r\u00e9sine est n\u00e9e de l&rsquo;intuition de notre fondateur, qui l&rsquo;a mise au point avec enthousiasme.\u00a0Et qui reste avec nous \u00e0 la premi\u00e8re place en Italie.<\/p>\n<p style=\"text-align: justify;\">Et dans notre c\u0153ur.<\/p>\n<\/div>\n<p>\r\n\t\t\t\t<\/div>\r\n\t\t\t<\/div>\r\n\t\t<\/div>\r\n\t\t\t\r\n\t<\/div>\r\n\t<div class=\"main_content_area\">\r\n\t\t<div class=\"container\">\r\n\t\t\t<div class=\"row\">\r\n            \t<div class=\"col-md-12\">[vc_row full_width=\u00a0\u00bb\u00a0\u00bb parallax=\u00a0\u00bb\u00a0\u00bb parallax_image=\u00a0\u00bb\u00a0\u00bb][vc_column width=\u00a0\u00bb1\/1&Prime;][vc_separator color=\u00a0\u00bbturquoise\u00a0\u00bb align=\u00a0\u00bbalign_center\u00a0\u00bb border_width=\u00a0\u00bb2&Prime;][\/vc_column][\/vc_row][vc_row][vc_column width=\u00a0\u00bb1\/4&Prime;][vc_column_text]<\/p>\n<div id=\"attachment_6810\" style=\"width: 238px\" class=\"wp-caption alignnone\"><a href=\"https:\/\/www.dalpasso.it\/wp-content\/uploads\/2015\/05\/padre.jpg\" class=\"thickbox no_icon\"><img loading=\"lazy\" decoding=\"async\" aria-describedby=\"caption-attachment-6810\" class=\"wp-image-6810\" src=\"https:\/\/www.dalpasso.it\/wp-content\/uploads\/2015\/05\/padre.jpg\" alt=\"Curzio Dalpasso\" width=\"228\" height=\"246\" \/><\/a><p id=\"caption-attachment-6810\" class=\"wp-caption-text\">Le fondateur Curzio Dalpasso sur une photo des ann\u00e9es 80.<\/p><\/div>\n<p>[\/vc_column_text][\/vc_column][vc_column width=\u00a0\u00bb1\/2&Prime;][vc_column_text]<\/p>\n<p style=\"text-align: justify;\">Les premiers pas des \u00ab\u00a0Laboratoires Ophtalmo-techniques Dalpasso\u00a0\u00bb ont \u00e9t\u00e9 faits dans l&rsquo;imm\u00e9diat apr\u00e8s-guerre suite \u00e0 une intuition de \u00a0<strong>Curzio Dalpasso<\/strong>. N\u00e9 \u00e0 Ravenne en 1922, il f\u00fbt un pionnier de la proth\u00e8se ophtalmique de l&rsquo;imm\u00e9diat apr\u00e8s-guerre et exp\u00e9rimentateur enthousiaste des nouveaux mat\u00e9riaux synth\u00e9tiques et acryliques alors arriv\u00e9s depuis peu en Europe.<\/p>\n<p>[\/vc_column_text][vc_column_text]<\/p>\n<p style=\"text-align: justify;\">Au terme de la deuxi\u00e8me guerre mondiale, \u00e0 la demande de plusieurs m\u00e9decins oculistes de l&rsquo;Universit\u00e9 de Milan, et au regard du grand nombre de bless\u00e9s de guerre, Curzio Dalpasso d\u00e9cida de lancer la production et l&rsquo;application de proth\u00e8ses oculaires en r\u00e9sine acrylique, un mat\u00e9riau jusqu&rsquo;alors m\u00e9connu\u00a0: en Italie en effet, les proth\u00e8ses oculaires \u00e9taient fabriqu\u00e9es en verre, solution peu idoine \u00e0 l&rsquo;obtention d&rsquo;un r\u00e9sultat esth\u00e9tique satisfaisant et fonctionnel.\u00a0La connaissance des nouveaux mat\u00e9riaux acryliques et leur sup\u00e9riorit\u00e9 hygi\u00e9nique et technologique explique le succ\u00e8s imm\u00e9diat remport\u00e9 par les proth\u00e8ses en r\u00e9sine.<\/p>\n<p>[\/vc_column_text][\/vc_column][vc_column width=\u00a0\u00bb1\/4&Prime;][vc_column_text]<\/p>\n<div id=\"attachment_7256\" style=\"width: 216px\" class=\"wp-caption alignnone\"><a href=\"https:\/\/www.dalpasso.it\/wp-content\/uploads\/2015\/09\/Minerva-Chirurgica.jpg\" class=\"thickbox no_icon\"><img loading=\"lazy\" decoding=\"async\" aria-describedby=\"caption-attachment-7256\" class=\"wp-image-7256 size-medium\" src=\"https:\/\/www.dalpasso.it\/wp-content\/uploads\/2015\/09\/Minerva-Chirurgica-206x300.jpg\" alt=\"Minerva Chirurgica del 1967 con uno studio del nostro fondatore Curzio Dalpasso e del prof. Francesconi sulle epitesi ricostruttive nei casi di neoplasia\" width=\"206\" height=\"300\" srcset=\"https:\/\/www.dalpasso.it\/wp-content\/uploads\/2015\/09\/Minerva-Chirurgica-206x300.jpg 206w, https:\/\/www.dalpasso.it\/wp-content\/uploads\/2015\/09\/Minerva-Chirurgica.jpg 528w\" sizes=\"auto, (max-width: 206px) 100vw, 206px\" \/><\/a><p id=\"caption-attachment-7256\" class=\"wp-caption-text\">Minerve Chirurgicale de 1967 avec une \u00e9tude de notre fondateur.<\/p><\/div>\n<p>[\/vc_column_text][\/vc_column][\/vc_row][vc_row full_width=\u00a0\u00bb\u00a0\u00bb parallax=\u00a0\u00bb\u00a0\u00bb parallax_image=\u00a0\u00bb\u00a0\u00bb el_id=\u00a0\u00bb\u00a0\u00bb][vc_column width=\u00a0\u00bb1\/4&Prime;][vc_column_text]<a href=\"https:\/\/www.dalpasso.it\/wp-content\/uploads\/2015\/09\/primocertificazione.pdf\"><img loading=\"lazy\" decoding=\"async\" class=\"alignnone wp-image-6807 size-medium\" src=\"https:\/\/www.dalpasso.it\/wp-content\/uploads\/2015\/05\/certificato-227x300.jpg\" alt=\"Lo storico certificato di iscrizione alla CCIAA del 1958\" width=\"227\" height=\"300\" srcset=\"https:\/\/www.dalpasso.it\/wp-content\/uploads\/2015\/05\/certificato-227x300.jpg 227w, https:\/\/www.dalpasso.it\/wp-content\/uploads\/2015\/05\/certificato.jpg 250w\" sizes=\"auto, (max-width: 227px) 100vw, 227px\" \/><\/a><\/p>\n<h6>Certificat d&rsquo;origine de d\u00e9but d&rsquo;activit\u00e9 de 1958<\/h6>\n<p>[\/vc_column_text][\/vc_column][vc_column width=\u00a0\u00bb1\/2&Prime;][vc_column_text]<\/p>\n<p style=\"text-align: justify;\"><strong>D\u00e8s le d\u00e9but des ann\u00e9es 50 <\/strong>\u00a0Curzio Dalpasso ouvrit un petit laboratoire dans le centre de Reggio Emilia\u00a0avec l&rsquo;aide de sa jeune fianc\u00e9e Paola Firenzuoli, qu&rsquo;il \u00e9pousa quelques ann\u00e9es plus tard, et qui devint \u00e9galement sa collaboratrice\u00a0au sein de l&rsquo;activit\u00e9. Les deux \u00e9poux furent parmi les premiers en Italie \u00e0 produire et appliquer des proth\u00e8ses oculaires en r\u00e9sine acrylique et se consacr\u00e8rent \u00e9galement, au sein des <strong>Laboratori Oftalmotecnici Dalpasso\u00a0<\/strong>(tel est le nom original de l&rsquo;entreprise officiellement n\u00e9e en 1958) \u00e0 la fabrication de lentilles de contacts en PMMA, aussi bien corn\u00e9ennes que scl\u00e9rales, pour la correction d&rsquo;am\u00e9tropies et de pathologies difficilement corrigibles \u00e0 cette \u00e9poque, comme le k\u00e9ratoc\u00f4ne, l\u2019aniridie, l\u2019aphakie, le colobome, l\u2019atrophie du bulbe.<\/p>\n<p>[\/vc_column_text][vc_column_text]<\/p>\n<p style=\"text-align: justify;\">Le laboratoire engagea rapidement d&rsquo;autres employ\u00e9s et d\u00e9veloppa des collaborations avec la plupart des ophtalmologues et des chirurgiens plastiques et maxillo-faciaux, attir\u00e9s et int\u00e9ress\u00e9s par ce nouveau domaine.\u00a0En quelques ann\u00e9es, les Laboratoires Dalpasso devinrent synonymes de\u00a0<strong>Proth\u00e8ses oculaires sur mesure <\/strong>\u00a0et une r\u00e9f\u00e9rence pour les patients qui ne se contentaient plus de la vieille proth\u00e8se en verre ou de la forme standardis\u00e9e.<\/p>\n<p>[\/vc_column_text][\/vc_column][vc_column width=\u00a0\u00bb1\/4&Prime;][vc_column_text]<a href=\"https:\/\/www.dalpasso.it\/wp-content\/uploads\/2015\/10\/invalididiguerra.pdf\"><img loading=\"lazy\" decoding=\"async\" class=\"alignnone size-full wp-image-6808\" src=\"https:\/\/www.dalpasso.it\/wp-content\/uploads\/2015\/05\/invalidi.jpg\" alt=\"Un vecchio contratto con l\u2019Opera Nazionale Invalidi di Guerra datato 1966\" width=\"250\" height=\"354\" srcset=\"https:\/\/www.dalpasso.it\/wp-content\/uploads\/2015\/05\/invalidi.jpg 250w, https:\/\/www.dalpasso.it\/wp-content\/uploads\/2015\/05\/invalidi-212x300.jpg 212w\" sizes=\"auto, (max-width: 250px) 100vw, 250px\" \/><\/a><\/p>\n<h6>Contrat avec l&rsquo;\u0152uvre Nationale des Invalides de Guerre de 1966<\/h6>\n<p>[\/vc_column_text][\/vc_column][\/vc_row][vc_row full_width=\u00a0\u00bb\u00a0\u00bb parallax=\u00a0\u00bb\u00a0\u00bb parallax_image=\u00a0\u00bb\u00a0\u00bb el_id=\u00a0\u00bb\u00a0\u00bb][vc_column width=\u00a0\u00bb1\/4&Prime;][vc_column_text]<img loading=\"lazy\" decoding=\"async\" class=\"alignnone wp-image-6481 size-medium\" src=\"https:\/\/www.dalpasso.it\/wp-content\/uploads\/2015\/05\/WEB-Notturno-300x187.jpg\" alt=\"La sede di Reggio Emilia, oggi\" width=\"300\" height=\"187\" srcset=\"https:\/\/www.dalpasso.it\/wp-content\/uploads\/2015\/05\/WEB-Notturno-300x187.jpg 300w, https:\/\/www.dalpasso.it\/wp-content\/uploads\/2015\/05\/WEB-Notturno.jpg 544w\" sizes=\"auto, (max-width: 300px) 100vw, 300px\" \/><\/p>\n<h6>Le si\u00e8ge de Reggio Emilia, aujourd&rsquo;hui<\/h6>\n<p>[\/vc_column_text][\/vc_column][vc_column width=\u00a0\u00bb3\/4&Prime;][vc_column_text]<\/p>\n<p style=\"text-align: justify;\">En 1990, apr\u00e8s 40 ans d&rsquo;activit\u00e9, les Laboratori Oftalmotecnici ont donn\u00e9 naissance \u00e0 une nouvelle soci\u00e9t\u00e9 <strong>DALPASSO S.r.l.<\/strong>, exclusivement ax\u00e9e sur la proth\u00e9tique oculaire. Puis est n\u00e9e la seconde soci\u00e9t\u00e9 <strong>OTTICA DALPASSO S.r.l.<\/strong>\u00a0qui s&rsquo;occupe \u00e9galement exclusivement d&rsquo;<strong>optique<\/strong>\u00a0et de\u00a0<strong>contactologie<\/strong>. A compter de 1991, ann\u00e9e marqu\u00e9e par la disparition du fondateur, sa veuve, Paola Firenzuoli devient pr\u00e9sidente des deux soci\u00e9t\u00e9s.<\/p>\n<p>[\/vc_column_text][vc_column_text]<\/p>\n<p style=\"text-align: justify;\">DALPASSO S.r.l. est aujourd&rsquo;hui une soci\u00e9t\u00e9 \u00e0 la t\u00eate du plus grand centre op\u00e9rationnel d&rsquo;Europe et jouissant de l&rsquo;exp\u00e9rience de techniciens proth\u00e9sistes sp\u00e9cialis\u00e9s et agr\u00e9\u00e9s, d\u00e9tenteurs d&rsquo;un Dipl\u00f4me d&rsquo;Optique ou sup\u00e9rieur, conform\u00e9ment aux lois actuelles en vigueur.\u00a0Chaque ann\u00e9e, DALPASSO S.r.l. proc\u00e8de \u00e0 plus de cinq mille applications de proth\u00e8ses oculaires tout en maintenant la qualit\u00e9 et le prestige d&rsquo;une fabrication artisanale sur mesure, perp\u00e9tuant encore aujourd&rsquo;hui une id\u00e9e qui, depuis 1950, ne s&rsquo;est jamais \u00e9teinte.<\/p>\n<p>[\/vc_column_text][\/vc_column][\/vc_row]<\/div>","protected":false},"excerpt":{"rendered":"<p>[vc_row][vc_column width=\u00a0\u00bb1\/1&Prime;][\/vc_column][\/vc_row][vc_row full_width=\u00a0\u00bb\u00a0\u00bb parallax=\u00a0\u00bb\u00a0\u00bb parallax_image=\u00a0\u00bb\u00a0\u00bb][vc_column width=\u00a0\u00bb1\/1&Prime;][vc_separator color=\u00a0\u00bbturquoise\u00a0\u00bb align=\u00a0\u00bbalign_center\u00a0\u00bb border_width=\u00a0\u00bb2&Prime;][\/vc_column][\/vc_row][vc_row][vc_column width=\u00a0\u00bb1\/4&Prime;][vc_column_text] [\/vc_column_text][\/vc_column][vc_column width=\u00a0\u00bb1\/2&Prime;][vc_column_text] Les premiers pas des \u00ab\u00a0Laboratoires Ophtalmo-techniques Dalpasso\u00a0\u00bb ont \u00e9t\u00e9 faits dans l&rsquo;imm\u00e9diat apr\u00e8s-guerre suite \u00e0 une intuition de \u00a0Curzio Dalpasso. N\u00e9 \u00e0 Ravenne en 1922, il f\u00fbt un pionnier de la proth\u00e8se ophtalmique de l&rsquo;imm\u00e9diat apr\u00e8s-guerre et exp\u00e9rimentateur enthousiaste des nouveaux mat\u00e9riaux synth\u00e9tiques [&hellip;]<\/p>\n","protected":false},"author":4,"featured_media":24578,"parent":0,"menu_order":7,"comment_status":"closed","ping_status":"closed","template":"","meta":{"footnotes":""},"class_list":["post-10612","page","type-page","status-publish","has-post-thumbnail","hentry"],"yoast_head":"<!-- This site is optimized with the Yoast SEO plugin v27.1.1 - https:\/\/yoast.com\/product\/yoast-seo-wordpress\/ -->\n<title>NOTRE HISTOIRE | Dalpasso protesi oculari<\/title>\n<meta name=\"robots\" content=\"index, follow, max-snippet:-1, max-image-preview:large, max-video-preview:-1\" \/>\n<link rel=\"canonical\" href=\"https:\/\/www.dalpasso.it\/fr\/notre-histoire\/\" \/>\n<meta property=\"og:locale\" content=\"fr_FR\" \/>\n<meta property=\"og:type\" content=\"article\" \/>\n<meta property=\"og:title\" content=\"NOTRE HISTOIRE | Dalpasso protesi oculari\" \/>\n<meta property=\"og:description\" content=\"[vc_row][vc_column width=\u00a0\u00bb1\/1&Prime;][\/vc_column][\/vc_row][vc_row full_width=\u00a0\u00bb\u00a0\u00bb parallax=\u00a0\u00bb\u00a0\u00bb parallax_image=\u00a0\u00bb\u00a0\u00bb][vc_column width=\u00a0\u00bb1\/1&Prime;][vc_separator color=\u00a0\u00bbturquoise\u00a0\u00bb align=\u00a0\u00bbalign_center\u00a0\u00bb border_width=\u00a0\u00bb2&Prime;][\/vc_column][\/vc_row][vc_row][vc_column width=\u00a0\u00bb1\/4&Prime;][vc_column_text] [\/vc_column_text][\/vc_column][vc_column width=\u00a0\u00bb1\/2&Prime;][vc_column_text] Les premiers pas des \u00ab\u00a0Laboratoires Ophtalmo-techniques Dalpasso\u00a0\u00bb ont \u00e9t\u00e9 faits dans l&rsquo;imm\u00e9diat apr\u00e8s-guerre suite \u00e0 une intuition de \u00a0Curzio Dalpasso. N\u00e9 \u00e0 Ravenne en 1922, il f\u00fbt un pionnier de la proth\u00e8se ophtalmique de l&rsquo;imm\u00e9diat apr\u00e8s-guerre et exp\u00e9rimentateur enthousiaste des nouveaux mat\u00e9riaux synth\u00e9tiques [&hellip;]\" \/>\n<meta property=\"og:url\" content=\"https:\/\/www.dalpasso.it\/fr\/notre-histoire\/\" \/>\n<meta property=\"og:site_name\" content=\"Dalpasso protesi oculari\" \/>\n<meta property=\"article:modified_time\" content=\"2015-11-27T10:35:49+00:00\" \/>\n<meta property=\"og:image\" content=\"https:\/\/www.dalpasso.it\/wp-content\/uploads\/2024\/09\/nostra-storia-1.jpg\" \/>\n\t<meta property=\"og:image:width\" content=\"381\" \/>\n\t<meta property=\"og:image:height\" content=\"381\" \/>\n\t<meta property=\"og:image:type\" content=\"image\/jpeg\" \/>\n<meta name=\"twitter:card\" content=\"summary_large_image\" \/>\n<meta name=\"twitter:label1\" content=\"Dur\u00e9e de lecture estim\u00e9e\" \/>\n\t<meta name=\"twitter:data1\" content=\"4 minutes\" \/>\n<script type=\"application\/ld+json\" class=\"yoast-schema-graph\">{\"@context\":\"https:\/\/schema.org\",\"@graph\":[{\"@type\":\"WebPage\",\"@id\":\"https:\/\/www.dalpasso.it\/fr\/notre-histoire\/\",\"url\":\"https:\/\/www.dalpasso.it\/fr\/notre-histoire\/\",\"name\":\"NOTRE HISTOIRE | Dalpasso protesi oculari\",\"isPartOf\":{\"@id\":\"https:\/\/www.dalpasso.it\/fr\/#website\"},\"primaryImageOfPage\":{\"@id\":\"https:\/\/www.dalpasso.it\/fr\/notre-histoire\/#primaryimage\"},\"image\":{\"@id\":\"https:\/\/www.dalpasso.it\/fr\/notre-histoire\/#primaryimage\"},\"thumbnailUrl\":\"https:\/\/www.dalpasso.it\/wp-content\/uploads\/2024\/09\/nostra-storia-1.jpg\",\"datePublished\":\"2015-05-20T12:47:07+00:00\",\"dateModified\":\"2015-11-27T10:35:49+00:00\",\"breadcrumb\":{\"@id\":\"https:\/\/www.dalpasso.it\/fr\/notre-histoire\/#breadcrumb\"},\"inLanguage\":\"fr-FR\",\"potentialAction\":[{\"@type\":\"ReadAction\",\"target\":[\"https:\/\/www.dalpasso.it\/fr\/notre-histoire\/\"]}]},{\"@type\":\"ImageObject\",\"inLanguage\":\"fr-FR\",\"@id\":\"https:\/\/www.dalpasso.it\/fr\/notre-histoire\/#primaryimage\",\"url\":\"https:\/\/www.dalpasso.it\/wp-content\/uploads\/2024\/09\/nostra-storia-1.jpg\",\"contentUrl\":\"https:\/\/www.dalpasso.it\/wp-content\/uploads\/2024\/09\/nostra-storia-1.jpg\",\"width\":381,\"height\":381},{\"@type\":\"BreadcrumbList\",\"@id\":\"https:\/\/www.dalpasso.it\/fr\/notre-histoire\/#breadcrumb\",\"itemListElement\":[{\"@type\":\"ListItem\",\"position\":1,\"name\":\"Home\",\"item\":\"https:\/\/www.dalpasso.it\/fr\/standard-business\/\"},{\"@type\":\"ListItem\",\"position\":2,\"name\":\"NOTRE HISTOIRE\"}]},{\"@type\":\"WebSite\",\"@id\":\"https:\/\/www.dalpasso.it\/fr\/#website\",\"url\":\"https:\/\/www.dalpasso.it\/fr\/\",\"name\":\"DALPASSO Protesi Oculari\",\"description\":\"\",\"potentialAction\":[{\"@type\":\"SearchAction\",\"target\":{\"@type\":\"EntryPoint\",\"urlTemplate\":\"https:\/\/www.dalpasso.it\/fr\/?s={search_term_string}\"},\"query-input\":{\"@type\":\"PropertyValueSpecification\",\"valueRequired\":true,\"valueName\":\"search_term_string\"}}],\"inLanguage\":\"fr-FR\"}]}<\/script>\n<!-- \/ Yoast SEO plugin. -->","yoast_head_json":{"title":"NOTRE HISTOIRE | Dalpasso protesi oculari","robots":{"index":"index","follow":"follow","max-snippet":"max-snippet:-1","max-image-preview":"max-image-preview:large","max-video-preview":"max-video-preview:-1"},"canonical":"https:\/\/www.dalpasso.it\/fr\/notre-histoire\/","og_locale":"fr_FR","og_type":"article","og_title":"NOTRE HISTOIRE | Dalpasso protesi oculari","og_description":"[vc_row][vc_column width=\u00a0\u00bb1\/1&Prime;][\/vc_column][\/vc_row][vc_row full_width=\u00a0\u00bb\u00a0\u00bb parallax=\u00a0\u00bb\u00a0\u00bb parallax_image=\u00a0\u00bb\u00a0\u00bb][vc_column width=\u00a0\u00bb1\/1&Prime;][vc_separator color=\u00a0\u00bbturquoise\u00a0\u00bb align=\u00a0\u00bbalign_center\u00a0\u00bb border_width=\u00a0\u00bb2&Prime;][\/vc_column][\/vc_row][vc_row][vc_column width=\u00a0\u00bb1\/4&Prime;][vc_column_text] [\/vc_column_text][\/vc_column][vc_column width=\u00a0\u00bb1\/2&Prime;][vc_column_text] Les premiers pas des \u00ab\u00a0Laboratoires Ophtalmo-techniques Dalpasso\u00a0\u00bb ont \u00e9t\u00e9 faits dans l&rsquo;imm\u00e9diat apr\u00e8s-guerre suite \u00e0 une intuition de \u00a0Curzio Dalpasso. N\u00e9 \u00e0 Ravenne en 1922, il f\u00fbt un pionnier de la proth\u00e8se ophtalmique de l&rsquo;imm\u00e9diat apr\u00e8s-guerre et exp\u00e9rimentateur enthousiaste des nouveaux mat\u00e9riaux synth\u00e9tiques [&hellip;]","og_url":"https:\/\/www.dalpasso.it\/fr\/notre-histoire\/","og_site_name":"Dalpasso protesi oculari","article_modified_time":"2015-11-27T10:35:49+00:00","og_image":[{"width":381,"height":381,"url":"https:\/\/www.dalpasso.it\/wp-content\/uploads\/2024\/09\/nostra-storia-1.jpg","type":"image\/jpeg"}],"twitter_card":"summary_large_image","twitter_misc":{"Dur\u00e9e de lecture estim\u00e9e":"4 minutes"},"schema":{"@context":"https:\/\/schema.org","@graph":[{"@type":"WebPage","@id":"https:\/\/www.dalpasso.it\/fr\/notre-histoire\/","url":"https:\/\/www.dalpasso.it\/fr\/notre-histoire\/","name":"NOTRE HISTOIRE | Dalpasso protesi oculari","isPartOf":{"@id":"https:\/\/www.dalpasso.it\/fr\/#website"},"primaryImageOfPage":{"@id":"https:\/\/www.dalpasso.it\/fr\/notre-histoire\/#primaryimage"},"image":{"@id":"https:\/\/www.dalpasso.it\/fr\/notre-histoire\/#primaryimage"},"thumbnailUrl":"https:\/\/www.dalpasso.it\/wp-content\/uploads\/2024\/09\/nostra-storia-1.jpg","datePublished":"2015-05-20T12:47:07+00:00","dateModified":"2015-11-27T10:35:49+00:00","breadcrumb":{"@id":"https:\/\/www.dalpasso.it\/fr\/notre-histoire\/#breadcrumb"},"inLanguage":"fr-FR","potentialAction":[{"@type":"ReadAction","target":["https:\/\/www.dalpasso.it\/fr\/notre-histoire\/"]}]},{"@type":"ImageObject","inLanguage":"fr-FR","@id":"https:\/\/www.dalpasso.it\/fr\/notre-histoire\/#primaryimage","url":"https:\/\/www.dalpasso.it\/wp-content\/uploads\/2024\/09\/nostra-storia-1.jpg","contentUrl":"https:\/\/www.dalpasso.it\/wp-content\/uploads\/2024\/09\/nostra-storia-1.jpg","width":381,"height":381},{"@type":"BreadcrumbList","@id":"https:\/\/www.dalpasso.it\/fr\/notre-histoire\/#breadcrumb","itemListElement":[{"@type":"ListItem","position":1,"name":"Home","item":"https:\/\/www.dalpasso.it\/fr\/standard-business\/"},{"@type":"ListItem","position":2,"name":"NOTRE HISTOIRE"}]},{"@type":"WebSite","@id":"https:\/\/www.dalpasso.it\/fr\/#website","url":"https:\/\/www.dalpasso.it\/fr\/","name":"DALPASSO Protesi Oculari","description":"","potentialAction":[{"@type":"SearchAction","target":{"@type":"EntryPoint","urlTemplate":"https:\/\/www.dalpasso.it\/fr\/?s={search_term_string}"},"query-input":{"@type":"PropertyValueSpecification","valueRequired":true,"valueName":"search_term_string"}}],"inLanguage":"fr-FR"}]}},"_links":{"self":[{"href":"https:\/\/www.dalpasso.it\/fr\/wp-json\/wp\/v2\/pages\/10612","targetHints":{"allow":["GET"]}}],"collection":[{"href":"https:\/\/www.dalpasso.it\/fr\/wp-json\/wp\/v2\/pages"}],"about":[{"href":"https:\/\/www.dalpasso.it\/fr\/wp-json\/wp\/v2\/types\/page"}],"author":[{"embeddable":true,"href":"https:\/\/www.dalpasso.it\/fr\/wp-json\/wp\/v2\/users\/4"}],"replies":[{"embeddable":true,"href":"https:\/\/www.dalpasso.it\/fr\/wp-json\/wp\/v2\/comments?post=10612"}],"version-history":[{"count":5,"href":"https:\/\/www.dalpasso.it\/fr\/wp-json\/wp\/v2\/pages\/10612\/revisions"}],"predecessor-version":[{"id":12495,"href":"https:\/\/www.dalpasso.it\/fr\/wp-json\/wp\/v2\/pages\/10612\/revisions\/12495"}],"wp:featuredmedia":[{"embeddable":true,"href":"https:\/\/www.dalpasso.it\/fr\/wp-json\/wp\/v2\/media\/24578"}],"wp:attachment":[{"href":"https:\/\/www.dalpasso.it\/fr\/wp-json\/wp\/v2\/media?parent=10612"}],"curies":[{"name":"wp","href":"https:\/\/api.w.org\/{rel}","templated":true}]}}