{"id":14638,"date":"2016-11-30T11:00:46","date_gmt":"2016-11-30T10:00:46","guid":{"rendered":"http:\/\/www.dalpasso.it\/es\/roma\/"},"modified":"2019-12-04T17:38:00","modified_gmt":"2019-12-04T16:38:00","slug":"roma","status":"publish","type":"page","link":"https:\/\/www.dalpasso.it\/es\/roma\/","title":{"rendered":"ROMA"},"content":{"rendered":"<div class=\"wpb-content-wrapper\">[vc_row][vc_column][vc_column_text][vc_row][vc_column width=\u00bb1\/1&#8243;][vc_column_text]<\/p>\n<p><strong>Via Marcantonio Colonna 7<\/strong> (esquina con Piazza Cola di Rienzo)<\/p>\n<p>&nbsp;<\/p>\n<p><strong>Tel. (+39) 06-3230260 &#8211; Fax: (+39) 0522-1860231<\/strong><\/p>\n<p><strong>Email:<\/strong> <a href=\"mailto:roma@dalpasso.it\">roma@dalpasso.it<\/a><\/p>\n<p>Horarios: de lunes a viernes, de 9.00 a 18.00<\/p>\n<p>&nbsp;<\/p>\n<p><strong><u>\u00a1Cuidado!<\/u><\/strong><u>: en tu GPS, escribe el nombre completo \u00abMarcantonio Colonna\u00bb<\/u>[\/vc_column_text][\/vc_column][\/vc_row][vc_row][vc_column][vc_gmaps link=\u00bb#E-8_JTNDaWZyYW1lJTIwc3JjJTNEJTIyaHR0cHMlM0ElMkYlMkZ3d3cuZ29vZ2xlLmNvbSUyRm1hcHMlMkZlbWJlZCUzRnBiJTNEJTIxMW0xOCUyMTFtMTIlMjExbTMlMjExZDI5NjkuMjQ5NTE1NTc2MTEyNiUyMTJkMTIuNDY1NTIzMTE1Njg1OTgzJTIxM2Q0MS45MDg5OTQ1NzE0NTg3MiUyMTJtMyUyMTFmMCUyMTJmMCUyMTNmMCUyMTNtMiUyMTFpMTAyNCUyMTJpNzY4JTIxNGYxMy4xJTIxM20zJTIxMW0yJTIxMXMweDEzMmY2MDU4YmI0NzM1YTMlMjUzQTB4ZTBjM2NkZGNkZDNkYTNkMyUyMTJzVmlhJTJCTWFyY2FudG9uaW8lMkJDb2xvbm5hJTI1MkMlMkI3JTI1MkMlMkIwMDE5MiUyQlJvbWElMjE1ZTAlMjEzbTIlMjExc2l0JTIxMnNpdCUyMTR2MTQ4MDUwMjAyMDAxMCUyMiUyMHdpZHRoJTNEJTIyNjAwJTIyJTIwaGVpZ2h0JTNEJTIyNDUwJTIyJTIwZnJhbWVib3JkZXIlM0QlMjIwJTIyJTIwc3R5bGUlM0QlMjJib3JkZXIlM0EwJTIyJTIwYWxsb3dmdWxsc2NyZWVuJTNFJTNDJTJGaWZyYW1lJTNF\u00bb size=\u00bb400px\u00bb title=\u00bbROMA\u00bb][\/vc_column][\/vc_row][vc_row][vc_column][vc_column_text]<\/p>\n<h4><span style=\"color: #3092c9;\"><strong>En metro<\/strong><\/span><\/h4>\n<p><a href=\"https:\/\/www.dalpasso.it\/wp-content\/uploads\/2016\/11\/mappa_roma_metro_big.jpg\"><span style=\"color: #3092c9;\"><strong><img loading=\"lazy\" decoding=\"async\" class=\"alignnone size-full wp-image-14629\" src=\"https:\/\/www.dalpasso.it\/wp-content\/uploads\/2016\/11\/mappa_roma_metro_small.jpg\" alt=\"mappa_roma_metro_small\" width=\"280\" height=\"191\" \/><\/strong><\/span><\/a><\/p>\n<p>&nbsp;<\/p>\n<p><span style=\"color: #3092c9;\"><strong>En tren<\/strong><\/span><\/p>\n<p>Cuando llegues a la estaci\u00f3n <strong>Roma Termini<\/strong>, puedes coger:<\/p>\n<ul>\n<li><strong>La l\u00ednea de metro A<\/strong> en direcci\u00f3n \u00abBattistini\u00bb, bajar en la quinta parada \u00abLepanto\u00bb y continuar por unos 250 metros en Via Marcantonio Colonna.<\/li>\n<\/ul>\n<ul>\n<li><strong>La l\u00ednea de autob\u00fas n\u00ba 70<\/strong> en direcci\u00f3n \u00abClodio\u00bb y bajar en Via Marcantonio Colonna despu\u00e9s de quince paradas.<\/li>\n<\/ul>\n<p>&nbsp;<\/p>\n<p><span style=\"color: #3092c9;\"><strong>En avi\u00f3n<\/strong><\/span><\/p>\n<p>Del aeropuerto Leonardo Da Vinci (FCO), utiliza el servicio 24h Leonardo Express para llegar a la estaci\u00f3n de Roma Termini, pues sigue las indicaciones mencionadas anteriormente.<\/p>\n<p>&nbsp;<\/p>\n<p><span style=\"color: #3092c9;\"><strong>En coche<\/strong><\/span><\/p>\n<p><a href=\"https:\/\/www.google.it\/maps\/dir\/Firenze\/Via+Marcantonio+Colonna,+7,+00192+Roma\/@41.9501332,12.4823576,13.25z\/data=!4m34!4m33!1m25!1m1!1s0x132a56a680d2d6ad:0x93d57917efc72a03!2m2!1d11.2558136!2d43.7695604!3m4!1m2!1d12.4711764!2d41.923191!3s0x132f60ef46d04e4d:0xd1b9bfcacb1757e0!3m4!1m2!1d12.4643898!2d41.9164813!3s0x132f60f3a4d4cf71:0xb4c9d22bc0cbae22!3m4!1m2!1d12.4656441!2d41.912261!3s0x132f60f5cc88116b:0x1927258384f7bc1a!3m4!1m2!1d12.4666964!2d41.9104133!3s0x132f60f607f177ed:0xc4ef5d7d4e36cef9!1m5!1m1!1s0x132f6058bb4735a3:0xe0c3cddcdd3da3d3!2m2!1d12.4677118!2d41.9089906!3e0\">Ruta de Google Maps procediendo de Florencia<\/a><br \/>\n<a href=\"https:\/\/www.google.it\/maps\/dir\/Napoli,+NA\/Via+Marcantonio+Colonna,+7,+00192+Roma\/@41.940118,12.444429,13z\/data=!4m49!4m48!1m40!1m1!1s0x133b0866db7afaeb:0xd23a43cc658cb87e!2m2!1d14.2681244!2d40.8517746!3m4!1m2!1d12.5148186!2d41.9882435!3s0x132f66647d524097:0xcb5cb795f290574d!3m4!1m2!1d12.4712992!2d41.9228951!3s0x132f60ef46d04e4d:0xd1b9bfcacb1757e0!3m4!1m2!1d12.4648191!2d41.9166593!3s0x132f60f3a4d4cf71:0xb4c9d22bc0cbae22!3m4!1m2!1d12.4643566!2d41.9144055!3s0x132f60f47ba0c0a1:0xce1b10217ec22565!3m4!1m2!1d12.4660188!2d41.9116064!3s0x132f60f5cc88116b:0x1927258384f7bc1a!3m4!1m2!1d12.4667553!2d41.9103173!3s0x132f60f607f177ed:0xc4ef5d7d4e36cef9!3m4!1m2!1d12.4671054!2d41.9097529!3s0x132f6058a9bee67f:0xffd83aab7576569f!1m5!1m1!1s0x132f6058bb4735a3:0xe0c3cddcdd3da3d3!2m2!1d12.4677118!2d41.9089906!3e0\">Ruta de Google Maps procediendo de N\u00e1poles<\/a><br \/>\n<a href=\"https:\/\/www.google.it\/maps\/dir\/A24,+67100+L'Aquila\/Via+Marcantonio+Colonna,+7,+00192+Roma\/@41.9345259,12.5807226,12.21z\/data=!4m49!4m48!1m40!1m1!1s0x132fb7b7dcccbe6d:0x469c9a712023de1d!2m2!1d13.4376634!2d42.3739382!3m4!1m2!1d12.473738!2d41.9535484!3s0x132f672e0bf72f7d:0xa8748a2752396d38!3m4!1m2!1d12.4716465!2d41.9220004!3s0x132f60ef707f218f:0xcb20f2e212c46a40!3m4!1m2!1d12.4697326!2d41.9186139!3s0x132f60f02dee63ff:0xb5ad069baa54eccd!3m4!1m2!1d12.4639907!2d41.915053!3s0x132f60f38048e4f5:0x9589fcc3c16c1759!3m4!1m2!1d12.4664759!2d41.9107823!3s0x132f60f5e0b593cf:0xc0da808f4fa1b2ab!3m4!1m2!1d12.4667166!2d41.9103803!3s0x132f60f607f177ed:0xc4ef5d7d4e36cef9!3m4!1m2!1d12.4671247!2d41.9097222!3s0x132f6058a9bee67f:0xffd83aab7576569f!1m5!1m1!1s0x132f6058bb4735a3:0xe0c3cddcdd3da3d3!2m2!1d12.4677118!2d41.9089906!3e0\">Ruta de Google Maps procediendo de L&#8217;Aquila<\/a>[\/vc_column_text][\/vc_column][\/vc_row][vc_row][vc_column][vc_tta_tabs][vc_tta_section title=\u00bbRuta de Google Maps procediendo de Florencia\u00bb tab_id=\u00bb1480502627871-db8de498-794b\u00bb][vc_column_text]<strong>Procediendo de Florencia<\/strong><\/p>\n<ul>\n<li>En la autopista A1, procede hacia el sur<\/li>\n<li>Cuando llegues a la se\u00f1al Roma Centro\/Grande Raccordo Anulare (GRA), gira a la derecha<\/li>\n<li>Sal de la estaci\u00f3n de peaje Roma Nord<\/li>\n<li>Contin\u00faa por la carretera hasta el enlace con el GRA<\/li>\n<li>Sigue las indicaciones hacia Roma Centro\/Salaria\/Flaminia\/Cassia<\/li>\n<li>Toma la salida Castel Giubileo\/Prima Porta\/Flaminia<\/li>\n<li>Mantente a la derecha hacia Prima Porta\/Flaminia<\/li>\n<li>Mantente a la izquierda hacia Flaminio\/Corso Francia y toma Via Flaminia Nuova<\/li>\n<li>Contin\u00faa recto hacia el Foro Italico<\/li>\n<li>Sigue recto y toma Corso Francia<\/li>\n<li>Recorre toda la avenida hacia el Centro Parioli<\/li>\n<li>Pasa el puente Flaminio y sigue recto<\/li>\n<li>Cuando llegues a la bifurcaci\u00f3n, mantente a la derecha y toma Viale Mariscal Pilsudski despu\u00e9s del sem\u00e1foro<\/li>\n<li>Gira a la derecha en Piazzale Manila<\/li>\n<li>Dobla a la izquierda y toma Via Flaminia<\/li>\n<li>Sigue recto manteni\u00e9ndote a la derecha<\/li>\n<li>Cuando llegues a Piazzale delle Belle Arti, gira a la derecha, toma el Puente del Risorgimento despu\u00e9s del sem\u00e1foro y rec\u00f3rrelo hasta Piazza Monte Grappa<\/li>\n<li>Cuando est\u00e9s en la plaza, toma Via Giuseppe Mazzini<\/li>\n<li>Sigue recto hasta la rotonda<\/li>\n<li>En la rotonda, toma la sexta salida (Via Giuseppe Ferrari)<\/li>\n<li>Cuando llegues al cruce con Viale delle Milizie, contin\u00faa recto por Via Lepanto<\/li>\n<li>Cuando llegues al cruce con Via Giulio Cesare, contin\u00faa recto por Via Marcantonio Colonna<\/li>\n<li>Despu\u00e9s del segundo cruce, el con Via Pompeo Magno, nos encontrar\u00e1s a mano izquierda en el n\u00famero 7<\/li>\n<\/ul>\n<p>[\/vc_column_text][vc_gmaps link=\u00bb#E-8_JTNDaWZyYW1lJTIwc3JjJTNEJTIyaHR0cHMlM0ElMkYlMkZ3d3cuZ29vZ2xlLmNvbSUyRm1hcHMlMkZlbWJlZCUzRnBiJTNEJTIxMW0yNCUyMTFtOCUyMTFtMyUyMTFkNDc0NzcuMzY0MzMwOTI1NTMlMjEyZDEyLjQ4MjM1NzYlMjEzZDQxLjk1MDEzMzIlMjEzbTIlMjExaTEwMjQlMjEyaTc2OCUyMTRmMTMuMSUyMTRtMTMlMjEzZTAlMjE0bTUlMjExczB4MTMyYTU2YTY4MGQyZDZhZCUyNTNBMHg5M2Q1NzkxN2VmYzcyYTAzJTIxMnNGaXJlbnplJTIxM20yJTIxMWQ0My43Njk1NjAzOTk5OTk5OTYlMjEyZDExLjI1NTgxMzYlMjE0bTUlMjExczB4MTMyZjYwNThiYjQ3MzVhMyUyNTNBMHhlMGMzY2RkY2RkM2RhM2QzJTIxMnNWaWElMjUyME1hcmNhbnRvbmlvJTI1MjBDb2xvbm5hJTI1MkMlMjUyMDclMjUyQyUyNTIwMDAxOTIlMjUyMFJvbWElMjEzbTIlMjExZDQxLjkwODk5MDU5OTk5OTk5NiUyMTJkMTIuNDY3NzExOCUyMTVlMCUyMTNtMiUyMTFzZXMlMjEyc2l0JTIxNHYxNTc1NDc3MjE2MDA5JTIxNW0yJTIxMXNlcyUyMTJzaXQlMjIlMjB3aWR0aCUzRCUyMjYwMCUyMiUyMGhlaWdodCUzRCUyMjQ1MCUyMiUyMGZyYW1lYm9yZGVyJTNEJTIyMCUyMiUyMHN0eWxlJTNEJTIyYm9yZGVyJTNBMCUzQiUyMiUyMGFsbG93ZnVsbHNjcmVlbiUzRCUyMiUyMiUzRSUzQyUyRmlmcmFtZSUzRQ==\u00bb size=\u00bb240&#8243;][\/vc_tta_section][vc_tta_section title=\u00bbRuta de Google Maps procediendo de L&#8217;Aquila\u00bb tab_id=\u00bb1480502786273-44a9d02f-ee4f\u00bb][vc_column_text]<strong>Procediendo de L\u2019Aquila<\/strong><\/p>\n<ul>\n<li>En la autopista A24, procede hacia Roma\/L&#8217;Aquila\/Teramo<\/li>\n<li>Sigue las indicaciones hacia Roma Centro manteni\u00e9ndote a la derecha<\/li>\n<li>Gira a la derecha hacia el Grande Raccordo Anulare (GRA)<\/li>\n<li>Contin\u00faa recto hacia GRA\/Firenze<\/li>\n<li>Cuando llegues a la bifurcaci\u00f3n, dobla a la derecha hacia GRA\/Civitavecchia y sigue las indicaciones hacia GRA\/Firenze\/Flaminia<\/li>\n<li>Contin\u00faa todo recto hacia Firenze<\/li>\n<li>Cuando llegues a la salida 9-8, sigue recto hacia Salaria\/Flaminia<\/li>\n<li>Contin\u00faa todo recto hacia Flaminia\/Salaria\/Roma Centro<\/li>\n<li>Pasa la salida 8 y sigue recto<\/li>\n<li>Toma la salida Castel Giubileo\/Prima Porta\/Flaminia<\/li>\n<li>Mantente a la derecha hacia Prima Porta\/Flaminia<\/li>\n<li>Mantente a la izquierda hacia Flaminio\/Corso Francia y toma Via Flaminia Nuova<\/li>\n<li>Contin\u00faa recto hacia el Foro Italico<\/li>\n<li>Sigue recto y toma Corso Francia<\/li>\n<li>Recorre toda la avenida hacia el Centro Parioli<\/li>\n<li>Pasa el puente Flaminio y sigue recto<\/li>\n<li>Cuando llegues a la bifurcaci\u00f3n, mantente a la derecha y toma Viale Mariscal Pilsudski despu\u00e9s del sem\u00e1foro<\/li>\n<li>Gira a la derecha en Piazzale Manila<\/li>\n<li>Dobla a la izquierda y toma Via Flaminia<\/li>\n<li>Sigue recto manteni\u00e9ndote a la derecha<\/li>\n<li>Cuando llegues a Piazzale delle Belle Arti, gira a la derecha, toma el Puente del Risorgimento despu\u00e9s del sem\u00e1foro y rec\u00f3rrelo hasta Piazza Monte Grappa<\/li>\n<li>Cuando est\u00e9s en la plaza, toma Via Giuseppe Mazzini<\/li>\n<li>Sigue recto hasta la rotonda<\/li>\n<li>En la rotonda, toma la sexta salida (Via Giuseppe Ferrari)<\/li>\n<li>Cuando llegues al cruce con Viale delle Milizie, contin\u00faa recto por Via Lepanto<\/li>\n<li>Cuando llegues al cruce con Via Giulio Cesare, contin\u00faa recto por Via Marcantonio Colonna<\/li>\n<li>Despu\u00e9s del segundo cruce, el con Via Pompeo Magno, nos encontrar\u00e1s a mano izquierda en el n\u00famero 7<\/li>\n<\/ul>\n<p>[\/vc_column_text][vc_gmaps link=\u00bb#E-8_JTNDaWZyYW1lJTIwc3JjJTNEJTIyaHR0cHMlM0ElMkYlMkZ3d3cuZ29vZ2xlLmNvbSUyRm1hcHMlMkZlbWJlZCUzRnBiJTNEJTIxMW0yNCUyMTFtOCUyMTFtMyUyMTFkOTQ5NzcuOTczODU1MDIyNTQlMjEyZDEyLjU4MDcyMjYlMjEzZDQxLjkzNDUyNTklMjEzbTIlMjExaTEwMjQlMjEyaTc2OCUyMTRmMTMuMSUyMTRtMTMlMjEzZTAlMjE0bTUlMjExczB4MTMyZmI3YjdkY2NjYmU2ZCUyNTNBMHg0NjljOWE3MTIwMjNkZTFkJTIxMnNBMjQlMjUyQyUyNTIwNjcxMDAlMjUyMEwlMjYlMjMzOSUzQkFxdWlsYSUyMTNtMiUyMTFkNDEuOTEyMDU0MyUyMTJkMTIuNTg5Nzk3MSUyMTRtNSUyMTFzMHgxMzJmNjA1OGJiNDczNWEzJTI1M0EweGUwYzNjZGRjZGQzZGEzZDMlMjEyc1ZpYSUyNTIwTWFyY2FudG9uaW8lMjUyMENvbG9ubmElMjUyQyUyNTIwNyUyNTJDJTI1MjAwMDE5MiUyNTIwUm9tYSUyMTNtMiUyMTFkNDEuOTA4OTkwNTk5OTk5OTk2JTIxMmQxMi40Njc3MTE4JTIxNWUwJTIxM20yJTIxMXNlcyUyMTJzaXQlMjE0djE1NzU0NzcyMzE1MTQlMjE1bTIlMjExc2VzJTIxMnNpdCUyMiUyMHdpZHRoJTNEJTIyNjAwJTIyJTIwaGVpZ2h0JTNEJTIyNDUwJTIyJTIwZnJhbWVib3JkZXIlM0QlMjIwJTIyJTIwc3R5bGUlM0QlMjJib3JkZXIlM0EwJTNCJTIyJTIwYWxsb3dmdWxsc2NyZWVuJTNEJTIyJTIyJTNFJTNDJTJGaWZyYW1lJTNF\u00bb size=\u00bb240&#8243;][\/vc_tta_section][vc_tta_section title=\u00bbRuta de Google Maps procediendo de N\u00e1poles\u00bb tab_id=\u00bb1480502627700-49cc1d64-b5e0&#8243;][vc_column_text]<strong>Procediendo de N\u00e1poles<\/strong><\/p>\n<ul>\n<li>En la autopista A1\/E45, procede hacia Roma<\/li>\n<li>Toma la salida A24 hacia Roma Centro\/Grande Raccordo Anulare (GRA)<\/li>\n<li>Toma la salida GRA y contin\u00faa todo recto<\/li>\n<li>Mantente a la izquierda y sigue las indicaciones hacia Roma Centro\/Tor di Quinto\/Rai\/Saxa Rubra<\/li>\n<li>Toma la salida Castel Giubileo\/Flaminia<\/li>\n<li>Mantente a la derecha y contin\u00faa por Via Flaminia Nuova<\/li>\n<li>Contin\u00faa recto hacia el Foro Italico<\/li>\n<li>Sigue recto y toma Corso Francia<\/li>\n<li>Recorre toda la avenida hacia el Centro Parioli<\/li>\n<li>Pasa el puente Flaminio y sigue recto<\/li>\n<li>Cuando llegues a la bifurcaci\u00f3n, mantente a la derecha y toma Viale Mariscal Pilsudski despu\u00e9s del sem\u00e1foro<\/li>\n<li>Gira a la derecha en Piazzale Manila<\/li>\n<li>Dobla a la izquierda y toma Via Flaminia<\/li>\n<li>Sigue recto manteni\u00e9ndote a la derecha<\/li>\n<li>Cuando llegues a Piazzale delle Belle Arti, gira a la derecha, toma el Puente del Risorgimento despu\u00e9s del sem\u00e1foro y rec\u00f3rrelo hasta Piazza Monte Grappa<\/li>\n<li>Cuando est\u00e9s en la plaza, toma Via Giuseppe Mazzini<\/li>\n<li>Sigue recto hasta la rotonda<\/li>\n<li>En la rotonda, toma la sexta salida (Via Giuseppe Ferrari)<\/li>\n<li>Cuando llegues al cruce con Viale delle Milizie, contin\u00faa recto por Via Lepanto<\/li>\n<li>Cuando llegues al cruce con Via Giulio Cesare, contin\u00faa recto por Via Marcantonio Colonna<\/li>\n<li>Despu\u00e9s del segundo cruce, el con Via Pompeo Magno, nos encontrar\u00e1s a mano izquierda en el n\u00famero 7<\/li>\n<\/ul>\n<p>[\/vc_column_text][vc_gmaps link=\u00bb#E-8_JTNDaWZyYW1lJTIwc3JjJTNEJTIyaHR0cHMlM0ElMkYlMkZ3d3cuZ29vZ2xlLmNvbSUyRm1hcHMlMkZlbWJlZCUzRnBiJTNEJTIxMW0yNCUyMTFtOCUyMTFtMyUyMTFkNDc0ODQuODIyOTUyOTE2MjYlMjEyZDEyLjQ0NDQyOSUyMTNkNDEuOTQwMTE4JTIxM20yJTIxMWkxMDI0JTIxMmk3NjglMjE0ZjEzLjElMjE0bTEzJTIxM2UwJTIxNG01JTIxMXMweDEzM2IwODY2ZGI3YWZhZWIlMjUzQTB4ZDIzYTQzY2M2NThjYjg3ZSUyMTJzTmFwb2xpJTI1MkMlMjUyME5BJTIxM20yJTIxMWQ0MC44NTE3NzQ2JTIxMmQxNC4yNjgxMjQ0JTIxNG01JTIxMXMweDEzMmY2MDU4YmI0NzM1YTMlMjUzQTB4ZTBjM2NkZGNkZDNkYTNkMyUyMTJzVmlhJTI1MjBNYXJjYW50b25pbyUyNTIwQ29sb25uYSUyNTJDJTI1MjA3JTI1MkMlMjUyMDAwMTkyJTI1MjBSb21hJTIxM20yJTIxMWQ0MS45MDg5OTA1OTk5OTk5OTYlMjEyZDEyLjQ2NzcxMTglMjE1ZTAlMjEzbTIlMjExc2VzJTIxMnNpdCUyMTR2MTU3NTQ3NzI0NzU1MCUyMTVtMiUyMTFzZXMlMjEyc2l0JTIyJTIwd2lkdGglM0QlMjI2MDAlMjIlMjBoZWlnaHQlM0QlMjI0NTAlMjIlMjBmcmFtZWJvcmRlciUzRCUyMjAlMjIlMjBzdHlsZSUzRCUyMmJvcmRlciUzQTAlM0IlMjIlMjBhbGxvd2Z1bGxzY3JlZW4lM0QlMjIlMjIlM0UlM0MlMkZpZnJhbWUlM0U=\u00bb size=\u00bb240&#8243;][\/vc_tta_section][\/vc_tta_tabs][\/vc_column][\/vc_row][vc_row][vc_column][vc_column_text]<span style=\"color: #3092c9;\"><strong>Aparcamientos<\/strong><\/span><\/p>\n<ul>\n<li><strong>G.au.to Parking Srl<\/strong>: Via dei Gracchi 140, tel. (+39) 06-3216580, a 180 metros de nuestro centro<\/li>\n<li><strong>Autorimessa Prati Srl<\/strong>: Via Ennio Quirino Visconti 82, tel. (+39) 06-3210750, a 250 metros de nuestro centro<\/li>\n<li><strong>Parking Prati<\/strong>: Piazza dell\u2019Unit\u00e0 62, tel. (+39) 06-3226974, a 650 metros de nuestro centro<\/li>\n<li><strong>Alberico Parking<\/strong>: Via Alberico II 29, tel. (+39) 06-83516267, a 800 metros de nuestro centro<\/li>\n<li><strong>Garage Vespasiano<\/strong>: Via Vespasiano 17C, tel. (+39) 392-0366681, a 1 km de nuestro centro<\/li>\n<\/ul>\n<p>[\/vc_column_text][\/vc_column][\/vc_row]<\/div>","protected":false},"excerpt":{"rendered":"<p>[vc_row][vc_column][vc_column_text][vc_row][vc_column width=\u00bb1\/1&#8243;][vc_column_text] Via Marcantonio Colonna 7 (esquina con Piazza Cola di Rienzo) &nbsp; Tel. (+39) 06-3230260 &#8211; Fax: (+39) 0522-1860231 Email: roma@dalpasso.it Horarios: de lunes a viernes, de 9.00 a 18.00 &nbsp; \u00a1Cuidado!: en tu GPS, escribe el nombre completo \u00abMarcantonio Colonna\u00bb[\/vc_column_text][\/vc_column][\/vc_row][vc_row][vc_column][vc_gmaps link=\u00bb#E-8_JTNDaWZyYW1lJTIwc3JjJTNEJTIyaHR0cHMlM0ElMkYlMkZ3d3cuZ29vZ2xlLmNvbSUyRm1hcHMlMkZlbWJlZCUzRnBiJTNEJTIxMW0xOCUyMTFtMTIlMjExbTMlMjExZDI5NjkuMjQ5NTE1NTc2MTEyNiUyMTJkMTIuNDY1NTIzMTE1Njg1OTgzJTIxM2Q0MS45MDg5OTQ1NzE0NTg3MiUyMTJtMyUyMTFmMCUyMTJmMCUyMTNmMCUyMTNtMiUyMTFpMTAyNCUyMTJpNzY4JTIxNGYxMy4xJTIxM20zJTIxMW0yJTIxMXMweDEzMmY2MDU4YmI0NzM1YTMlMjUzQTB4ZTBjM2NkZGNkZDNkYTNkMyUyMTJzVmlhJTJCTWFyY2FudG9uaW8lMkJDb2xvbm5hJTI1MkMlMkI3JTI1MkMlMkIwMDE5MiUyQlJvbWElMjE1ZTAlMjEzbTIlMjExc2l0JTIxMnNpdCUyMTR2MTQ4MDUwMjAyMDAxMCUyMiUyMHdpZHRoJTNEJTIyNjAwJTIyJTIwaGVpZ2h0JTNEJTIyNDUwJTIyJTIwZnJhbWVib3JkZXIlM0QlMjIwJTIyJTIwc3R5bGUlM0QlMjJib3JkZXIlM0EwJTIyJTIwYWxsb3dmdWxsc2NyZWVuJTNFJTNDJTJGaWZyYW1lJTNF\u00bb size=\u00bb400px\u00bb title=\u00bbROMA\u00bb][\/vc_column][\/vc_row][vc_row][vc_column][vc_column_text] En metro &nbsp; En tren Cuando llegues a la estaci\u00f3n [&hellip;]<\/p>\n","protected":false},"author":1,"featured_media":0,"parent":0,"menu_order":2,"comment_status":"closed","ping_status":"closed","template":"","meta":{"footnotes":""},"class_list":["post-14638","page","type-page","status-publish","hentry"],"yoast_head":"<!-- This site is optimized with the Yoast SEO plugin v27.1.1 - https:\/\/yoast.com\/product\/yoast-seo-wordpress\/ -->\n<title>ROMA | Dalpasso protesi oculari<\/title>\n<meta name=\"robots\" content=\"index, follow, max-snippet:-1, max-image-preview:large, max-video-preview:-1\" \/>\n<link rel=\"canonical\" href=\"https:\/\/www.dalpasso.it\/es\/roma\/\" \/>\n<meta property=\"og:locale\" content=\"es_ES\" \/>\n<meta property=\"og:type\" content=\"article\" \/>\n<meta property=\"og:title\" content=\"ROMA | Dalpasso protesi oculari\" \/>\n<meta property=\"og:description\" content=\"[vc_row][vc_column][vc_column_text][vc_row][vc_column width=\u00bb1\/1&#8243;][vc_column_text] Via Marcantonio Colonna 7 (esquina con Piazza Cola di Rienzo) &nbsp; Tel. (+39) 06-3230260 &#8211; Fax: (+39) 0522-1860231 Email: roma@dalpasso.it Horarios: de lunes a viernes, de 9.00 a 18.00 &nbsp; \u00a1Cuidado!: en tu GPS, escribe el nombre completo \u00abMarcantonio Colonna\u00bb[\/vc_column_text][\/vc_column][\/vc_row][vc_row][vc_column][vc_gmaps link=\u00bb#E-8_JTNDaWZyYW1lJTIwc3JjJTNEJTIyaHR0cHMlM0ElMkYlMkZ3d3cuZ29vZ2xlLmNvbSUyRm1hcHMlMkZlbWJlZCUzRnBiJTNEJTIxMW0xOCUyMTFtMTIlMjExbTMlMjExZDI5NjkuMjQ5NTE1NTc2MTEyNiUyMTJkMTIuNDY1NTIzMTE1Njg1OTgzJTIxM2Q0MS45MDg5OTQ1NzE0NTg3MiUyMTJtMyUyMTFmMCUyMTJmMCUyMTNmMCUyMTNtMiUyMTFpMTAyNCUyMTJpNzY4JTIxNGYxMy4xJTIxM20zJTIxMW0yJTIxMXMweDEzMmY2MDU4YmI0NzM1YTMlMjUzQTB4ZTBjM2NkZGNkZDNkYTNkMyUyMTJzVmlhJTJCTWFyY2FudG9uaW8lMkJDb2xvbm5hJTI1MkMlMkI3JTI1MkMlMkIwMDE5MiUyQlJvbWElMjE1ZTAlMjEzbTIlMjExc2l0JTIxMnNpdCUyMTR2MTQ4MDUwMjAyMDAxMCUyMiUyMHdpZHRoJTNEJTIyNjAwJTIyJTIwaGVpZ2h0JTNEJTIyNDUwJTIyJTIwZnJhbWVib3JkZXIlM0QlMjIwJTIyJTIwc3R5bGUlM0QlMjJib3JkZXIlM0EwJTIyJTIwYWxsb3dmdWxsc2NyZWVuJTNFJTNDJTJGaWZyYW1lJTNF\u00bb size=\u00bb400px\u00bb title=\u00bbROMA\u00bb][\/vc_column][\/vc_row][vc_row][vc_column][vc_column_text] En metro &nbsp; En tren Cuando llegues a la estaci\u00f3n [&hellip;]\" \/>\n<meta property=\"og:url\" content=\"https:\/\/www.dalpasso.it\/es\/roma\/\" \/>\n<meta property=\"og:site_name\" content=\"Dalpasso protesi oculari\" \/>\n<meta property=\"article:modified_time\" content=\"2019-12-04T16:38:00+00:00\" \/>\n<meta property=\"og:image\" content=\"https:\/\/www.dalpasso.it\/wp-content\/uploads\/2016\/11\/mappa_roma_metro_small.jpg\" \/>\n\t<meta property=\"og:image:width\" content=\"280\" \/>\n\t<meta property=\"og:image:height\" content=\"191\" \/>\n\t<meta property=\"og:image:type\" content=\"image\/jpeg\" \/>\n<meta name=\"twitter:card\" content=\"summary_large_image\" \/>\n<meta name=\"twitter:label1\" content=\"Tiempo de lectura\" \/>\n\t<meta name=\"twitter:data1\" content=\"7 minutos\" \/>\n<script type=\"application\/ld+json\" class=\"yoast-schema-graph\">{\"@context\":\"https:\/\/schema.org\",\"@graph\":[{\"@type\":\"WebPage\",\"@id\":\"https:\/\/www.dalpasso.it\/es\/roma\/\",\"url\":\"https:\/\/www.dalpasso.it\/es\/roma\/\",\"name\":\"ROMA | Dalpasso protesi oculari\",\"isPartOf\":{\"@id\":\"https:\/\/www.dalpasso.it\/es\/#website\"},\"primaryImageOfPage\":{\"@id\":\"https:\/\/www.dalpasso.it\/es\/roma\/#primaryimage\"},\"image\":{\"@id\":\"https:\/\/www.dalpasso.it\/es\/roma\/#primaryimage\"},\"thumbnailUrl\":\"https:\/\/www.dalpasso.it\/wp-content\/uploads\/2016\/11\/mappa_roma_metro_small.jpg\",\"datePublished\":\"2016-11-30T10:00:46+00:00\",\"dateModified\":\"2019-12-04T16:38:00+00:00\",\"breadcrumb\":{\"@id\":\"https:\/\/www.dalpasso.it\/es\/roma\/#breadcrumb\"},\"inLanguage\":\"es\",\"potentialAction\":[{\"@type\":\"ReadAction\",\"target\":[\"https:\/\/www.dalpasso.it\/es\/roma\/\"]}]},{\"@type\":\"ImageObject\",\"inLanguage\":\"es\",\"@id\":\"https:\/\/www.dalpasso.it\/es\/roma\/#primaryimage\",\"url\":\"https:\/\/www.dalpasso.it\/wp-content\/uploads\/2016\/11\/mappa_roma_metro_small.jpg\",\"contentUrl\":\"https:\/\/www.dalpasso.it\/wp-content\/uploads\/2016\/11\/mappa_roma_metro_small.jpg\"},{\"@type\":\"BreadcrumbList\",\"@id\":\"https:\/\/www.dalpasso.it\/es\/roma\/#breadcrumb\",\"itemListElement\":[{\"@type\":\"ListItem\",\"position\":1,\"name\":\"Home\",\"item\":\"https:\/\/www.dalpasso.it\/es\/standard-business\/\"},{\"@type\":\"ListItem\",\"position\":2,\"name\":\"ROMA\"}]},{\"@type\":\"WebSite\",\"@id\":\"https:\/\/www.dalpasso.it\/es\/#website\",\"url\":\"https:\/\/www.dalpasso.it\/es\/\",\"name\":\"DALPASSO Protesi Oculari\",\"description\":\"\",\"potentialAction\":[{\"@type\":\"SearchAction\",\"target\":{\"@type\":\"EntryPoint\",\"urlTemplate\":\"https:\/\/www.dalpasso.it\/es\/?s={search_term_string}\"},\"query-input\":{\"@type\":\"PropertyValueSpecification\",\"valueRequired\":true,\"valueName\":\"search_term_string\"}}],\"inLanguage\":\"es\"}]}<\/script>\n<!-- \/ Yoast SEO plugin. -->","yoast_head_json":{"title":"ROMA | Dalpasso protesi oculari","robots":{"index":"index","follow":"follow","max-snippet":"max-snippet:-1","max-image-preview":"max-image-preview:large","max-video-preview":"max-video-preview:-1"},"canonical":"https:\/\/www.dalpasso.it\/es\/roma\/","og_locale":"es_ES","og_type":"article","og_title":"ROMA | Dalpasso protesi oculari","og_description":"[vc_row][vc_column][vc_column_text][vc_row][vc_column width=\u00bb1\/1&#8243;][vc_column_text] Via Marcantonio Colonna 7 (esquina con Piazza Cola di Rienzo) &nbsp; Tel. (+39) 06-3230260 &#8211; Fax: (+39) 0522-1860231 Email: roma@dalpasso.it Horarios: de lunes a viernes, de 9.00 a 18.00 &nbsp; \u00a1Cuidado!: en tu GPS, escribe el nombre completo \u00abMarcantonio Colonna\u00bb[\/vc_column_text][\/vc_column][\/vc_row][vc_row][vc_column][vc_gmaps link=\u00bb#E-8_JTNDaWZyYW1lJTIwc3JjJTNEJTIyaHR0cHMlM0ElMkYlMkZ3d3cuZ29vZ2xlLmNvbSUyRm1hcHMlMkZlbWJlZCUzRnBiJTNEJTIxMW0xOCUyMTFtMTIlMjExbTMlMjExZDI5NjkuMjQ5NTE1NTc2MTEyNiUyMTJkMTIuNDY1NTIzMTE1Njg1OTgzJTIxM2Q0MS45MDg5OTQ1NzE0NTg3MiUyMTJtMyUyMTFmMCUyMTJmMCUyMTNmMCUyMTNtMiUyMTFpMTAyNCUyMTJpNzY4JTIxNGYxMy4xJTIxM20zJTIxMW0yJTIxMXMweDEzMmY2MDU4YmI0NzM1YTMlMjUzQTB4ZTBjM2NkZGNkZDNkYTNkMyUyMTJzVmlhJTJCTWFyY2FudG9uaW8lMkJDb2xvbm5hJTI1MkMlMkI3JTI1MkMlMkIwMDE5MiUyQlJvbWElMjE1ZTAlMjEzbTIlMjExc2l0JTIxMnNpdCUyMTR2MTQ4MDUwMjAyMDAxMCUyMiUyMHdpZHRoJTNEJTIyNjAwJTIyJTIwaGVpZ2h0JTNEJTIyNDUwJTIyJTIwZnJhbWVib3JkZXIlM0QlMjIwJTIyJTIwc3R5bGUlM0QlMjJib3JkZXIlM0EwJTIyJTIwYWxsb3dmdWxsc2NyZWVuJTNFJTNDJTJGaWZyYW1lJTNF\u00bb size=\u00bb400px\u00bb title=\u00bbROMA\u00bb][\/vc_column][\/vc_row][vc_row][vc_column][vc_column_text] En metro &nbsp; En tren Cuando llegues a la estaci\u00f3n [&hellip;]","og_url":"https:\/\/www.dalpasso.it\/es\/roma\/","og_site_name":"Dalpasso protesi oculari","article_modified_time":"2019-12-04T16:38:00+00:00","og_image":[{"width":280,"height":191,"url":"https:\/\/www.dalpasso.it\/wp-content\/uploads\/2016\/11\/mappa_roma_metro_small.jpg","type":"image\/jpeg"}],"twitter_card":"summary_large_image","twitter_misc":{"Tiempo de lectura":"7 minutos"},"schema":{"@context":"https:\/\/schema.org","@graph":[{"@type":"WebPage","@id":"https:\/\/www.dalpasso.it\/es\/roma\/","url":"https:\/\/www.dalpasso.it\/es\/roma\/","name":"ROMA | Dalpasso protesi oculari","isPartOf":{"@id":"https:\/\/www.dalpasso.it\/es\/#website"},"primaryImageOfPage":{"@id":"https:\/\/www.dalpasso.it\/es\/roma\/#primaryimage"},"image":{"@id":"https:\/\/www.dalpasso.it\/es\/roma\/#primaryimage"},"thumbnailUrl":"https:\/\/www.dalpasso.it\/wp-content\/uploads\/2016\/11\/mappa_roma_metro_small.jpg","datePublished":"2016-11-30T10:00:46+00:00","dateModified":"2019-12-04T16:38:00+00:00","breadcrumb":{"@id":"https:\/\/www.dalpasso.it\/es\/roma\/#breadcrumb"},"inLanguage":"es","potentialAction":[{"@type":"ReadAction","target":["https:\/\/www.dalpasso.it\/es\/roma\/"]}]},{"@type":"ImageObject","inLanguage":"es","@id":"https:\/\/www.dalpasso.it\/es\/roma\/#primaryimage","url":"https:\/\/www.dalpasso.it\/wp-content\/uploads\/2016\/11\/mappa_roma_metro_small.jpg","contentUrl":"https:\/\/www.dalpasso.it\/wp-content\/uploads\/2016\/11\/mappa_roma_metro_small.jpg"},{"@type":"BreadcrumbList","@id":"https:\/\/www.dalpasso.it\/es\/roma\/#breadcrumb","itemListElement":[{"@type":"ListItem","position":1,"name":"Home","item":"https:\/\/www.dalpasso.it\/es\/standard-business\/"},{"@type":"ListItem","position":2,"name":"ROMA"}]},{"@type":"WebSite","@id":"https:\/\/www.dalpasso.it\/es\/#website","url":"https:\/\/www.dalpasso.it\/es\/","name":"DALPASSO Protesi Oculari","description":"","potentialAction":[{"@type":"SearchAction","target":{"@type":"EntryPoint","urlTemplate":"https:\/\/www.dalpasso.it\/es\/?s={search_term_string}"},"query-input":{"@type":"PropertyValueSpecification","valueRequired":true,"valueName":"search_term_string"}}],"inLanguage":"es"}]}},"_links":{"self":[{"href":"https:\/\/www.dalpasso.it\/es\/wp-json\/wp\/v2\/pages\/14638","targetHints":{"allow":["GET"]}}],"collection":[{"href":"https:\/\/www.dalpasso.it\/es\/wp-json\/wp\/v2\/pages"}],"about":[{"href":"https:\/\/www.dalpasso.it\/es\/wp-json\/wp\/v2\/types\/page"}],"author":[{"embeddable":true,"href":"https:\/\/www.dalpasso.it\/es\/wp-json\/wp\/v2\/users\/1"}],"replies":[{"embeddable":true,"href":"https:\/\/www.dalpasso.it\/es\/wp-json\/wp\/v2\/comments?post=14638"}],"version-history":[{"count":10,"href":"https:\/\/www.dalpasso.it\/es\/wp-json\/wp\/v2\/pages\/14638\/revisions"}],"predecessor-version":[{"id":18732,"href":"https:\/\/www.dalpasso.it\/es\/wp-json\/wp\/v2\/pages\/14638\/revisions\/18732"}],"wp:attachment":[{"href":"https:\/\/www.dalpasso.it\/es\/wp-json\/wp\/v2\/media?parent=14638"}],"curies":[{"name":"wp","href":"https:\/\/api.w.org\/{rel}","templated":true}]}}