{"id":13282,"date":"2015-07-01T15:22:39","date_gmt":"2015-07-01T13:22:39","guid":{"rendered":"http:\/\/www.dalpasso.it\/es\/eventos\/rassegna-stampa\/"},"modified":"2018-05-30T09:33:49","modified_gmt":"2018-05-30T07:33:49","slug":"resena-de-prensa","status":"publish","type":"page","link":"https:\/\/www.dalpasso.it\/es\/eventos\/resena-de-prensa\/","title":{"rendered":"RESE\u00d1A DE PRENSA"},"content":{"rendered":"<div class=\"wpb-content-wrapper\"><\/div><\/div><\/div><\/div>\r\n\t<div class=\" \" style=\" width: 100%; margin-top:-41px; margin-bottom: 0;\">\r\n\t\t<div class=\"home_paralax\" style=\"background-image:url('https:\/\/www.dalpasso.it\/wp-content\/uploads\/2015\/07\/comunicazioni-low2.jpg'); !important; padding-top:150px; padding-bottom:150px\" data-type=\"background\" >\r\n\t\t\t<div class=\"main_content_area\" style=\"padding:0px;\">\r\n\t\t\t\t<div class=\"container oi_break\">\r\n\t\t\t\t\t<br \/>\n\r\n\t\t\t\t<\/div>\r\n\t\t\t<\/div>\r\n\t\t<\/div>\r\n\t\t\t\r\n\t<\/div>\r\n\t<div class=\"main_content_area\">\r\n\t\t<div class=\"container\">\r\n\t\t\t<div class=\"row\">\r\n            \t<div class=\"col-md-12\">[vc_row][vc_column][vc_separator color=\u00bbwhite\u00bb css=\u00bb.vc_custom_1527588025384{padding-top: 10px !important;padding-bottom: 10px !important;}\u00bb][\/vc_column][\/vc_row][vc_row][vc_column width=\u00bb1\/3&#8243;][vc_column_text]<strong><a href=\"https:\/\/www.dalpasso.it\/wp-content\/uploads\/2015\/07\/PaginaDalpassoRepubblica.pdf\"><img loading=\"lazy\" decoding=\"async\" class=\"alignnone size-medium wp-image-15526 aligncenter\" src=\"https:\/\/www.dalpasso.it\/wp-content\/uploads\/2018\/05\/press02-196x300.jpg\" alt=\"\" width=\"196\" height=\"300\" srcset=\"https:\/\/www.dalpasso.it\/wp-content\/uploads\/2018\/05\/press02-196x300.jpg 196w, https:\/\/www.dalpasso.it\/wp-content\/uploads\/2018\/05\/press02.jpg 300w\" sizes=\"auto, (max-width: 196px) 100vw, 196px\" \/><br \/>\nART\u00cdCULO EN LA REPUBBLICA<\/a><\/strong>[\/vc_column_text][\/vc_column][vc_column width=\u00bb1\/3&#8243;][vc_column_text]<strong><a href=\"https:\/\/www.dalpasso.it\/wp-content\/uploads\/2015\/07\/ArticoloGazzetaREdalpasso.pdf\"><img loading=\"lazy\" decoding=\"async\" class=\"alignnone size-medium wp-image-15527\" src=\"https:\/\/www.dalpasso.it\/wp-content\/uploads\/2018\/05\/press03-196x300.jpg\" alt=\"\" width=\"196\" height=\"300\" srcset=\"https:\/\/www.dalpasso.it\/wp-content\/uploads\/2018\/05\/press03-196x300.jpg 196w, https:\/\/www.dalpasso.it\/wp-content\/uploads\/2018\/05\/press03.jpg 300w\" sizes=\"auto, (max-width: 196px) 100vw, 196px\" \/><br \/>\nART\u00cdCULO EN LA GAZZETTA DI REGGIO<\/a><\/strong>[\/vc_column_text][\/vc_column][vc_column width=\u00bb1\/3&#8243;][vc_column_text]<strong><a href=\"https:\/\/www.dalpasso.it\/wp-content\/uploads\/2015\/07\/dalpasso_eye_doctor.pdf\"><img loading=\"lazy\" decoding=\"async\" class=\"alignnone size-medium wp-image-15525 aligncenter\" src=\"https:\/\/www.dalpasso.it\/wp-content\/uploads\/2018\/05\/press01-196x300.jpg\" alt=\"\" width=\"196\" height=\"300\" srcset=\"https:\/\/www.dalpasso.it\/wp-content\/uploads\/2018\/05\/press01-196x300.jpg 196w, https:\/\/www.dalpasso.it\/wp-content\/uploads\/2018\/05\/press01.jpg 300w\" sizes=\"auto, (max-width: 196px) 100vw, 196px\" \/><br \/>\nART\u00cdCULO EN EYE DOCTOR N\u00b0 6\/2014<\/a><\/strong><br \/>\n[\/vc_column_text][\/vc_column][\/vc_row][vc_row][vc_column width=\u00bb1\/2&#8243;][vc_column_text]<strong><a href=\"https:\/\/www.dalpasso.it\/wp-content\/uploads\/2015\/07\/PaginaDalpassoRepubblica.pdf\">ART\u00cdCULO EN LA REPUBBLICA<\/a><\/strong><\/p>\n<p>&nbsp;<\/p>\n<p><strong><a href=\"https:\/\/www.dalpasso.it\/wp-content\/uploads\/2015\/07\/ArticoloGazzetaREdalpasso.pdf\">ART\u00cdCULO EN LA GAZZETTA DI REGGIO<\/a><\/strong><\/p>\n<p>&nbsp;<\/p>\n<p><strong><a href=\"https:\/\/www.dalpasso.it\/wp-content\/uploads\/2015\/07\/dalpasso_eye_doctor.pdf\">ART\u00cdCULO EN EYE DOCTOR N\u00b0 6\/2014<\/a><\/strong><\/p>\n<h4><\/h4>\n<p>&nbsp;<\/p>\n<p><span style=\"color: #000000;\">Para ver los documentos en formato pdf se requiere <a href=\"http:\/\/www.adobe.it\/products\/acrobat\/readstep2.html\"><img loading=\"lazy\" decoding=\"async\" class=\"alignnone size-full wp-image-2985\" src=\"https:\/\/www.dalpasso.it\/wp-content\/uploads\/2015\/07\/Acrobat.jpg\" alt=\"Acrobat\" width=\"89\" height=\"31\" \/><\/a><br \/>\n<\/span><\/p>\n<h5><span style=\"color: #000000;\">\u00a0<\/span><\/h5>\n<p>[\/vc_column_text][\/vc_column][vc_column width=\u00bb1\/2&#8243;][vc_column_text]<strong><a href=\"https:\/\/www.dalpasso.it\/eventi\/rassegna-stampa\/intervista-cominciamo-bene-di-rai3\/\">ENTREVISTA A COMINCIAMO BENE \u2013 RAI TRE<\/a><\/strong><\/p>\n<p>&nbsp;<\/p>\n<p><strong><a href=\"https:\/\/www.dalpasso.it\/eventi\/rassegna-stampa\/tg-reggio-emilia\/\">TG REGGIO EMILIA<\/a><\/strong><\/p>\n<p>&nbsp;<\/p>\n<p>&nbsp;<\/p>\n<p>&nbsp;<\/p>\n<p>Para ver el v\u00eddeo se requiere Windows Media Player\u00a0<a href=\"http:\/\/www.microsoft.com\/windows\/windowsmedia\/software\/playerV7.asp\"><img loading=\"lazy\" decoding=\"async\" class=\"alignnone size-full wp-image-2986\" src=\"https:\/\/www.dalpasso.it\/wp-content\/uploads\/2015\/07\/WindowsMediaPlayer.jpg\" alt=\"WindowsMediaPlayer\" width=\"100\" height=\"30\" \/><\/a>[\/vc_column_text][\/vc_column][\/vc_row][vc_row][vc_column width=\u00bb1\/3&#8243;][vc_column_text]<strong><a href=\"https:\/\/www.dalpasso.it\/eventi\/rassegna-stampa\/intervista-cominciamo-bene-di-rai3\/\"><img loading=\"lazy\" decoding=\"async\" class=\"alignnone size-medium wp-image-15523\" src=\"https:\/\/www.dalpasso.it\/wp-content\/uploads\/2018\/05\/video1-300x200.jpg\" alt=\"\" width=\"300\" height=\"200\" srcset=\"https:\/\/www.dalpasso.it\/wp-content\/uploads\/2018\/05\/video1-300x200.jpg 300w, https:\/\/www.dalpasso.it\/wp-content\/uploads\/2018\/05\/video1.jpg 480w\" sizes=\"auto, (max-width: 300px) 100vw, 300px\" \/><br \/>\nENTREVISTA A COMINCIAMO BENE \u2013 RAI TRE<\/a><\/strong>[\/vc_column_text][\/vc_column][vc_column width=\u00bb1\/3&#8243;][vc_column_text]<strong><a href=\"https:\/\/www.dalpasso.it\/eventi\/rassegna-stampa\/tg-reggio-emilia\/\"><img loading=\"lazy\" decoding=\"async\" class=\"alignnone size-medium wp-image-15524\" src=\"https:\/\/www.dalpasso.it\/wp-content\/uploads\/2018\/05\/video2-300x200.jpg\" alt=\"\" width=\"300\" height=\"200\" srcset=\"https:\/\/www.dalpasso.it\/wp-content\/uploads\/2018\/05\/video2-300x200.jpg 300w, https:\/\/www.dalpasso.it\/wp-content\/uploads\/2018\/05\/video2.jpg 480w\" sizes=\"auto, (max-width: 300px) 100vw, 300px\" \/><br \/>\nTG REGGIO EMILIA<\/a><\/strong>[\/vc_column_text][\/vc_column][vc_column width=\u00bb1\/3&#8243;][\/vc_column][\/vc_row][vc_row][vc_column width=\u00bb1\/2&#8243;][vc_column_text]Para ver los documentos en formato pdf se requiere\u00a0<a href=\"http:\/\/www.adobe.it\/products\/acrobat\/readstep2.html\"><img loading=\"lazy\" decoding=\"async\" class=\"alignnone size-full wp-image-2985\" src=\"https:\/\/www.dalpasso.it\/wp-content\/uploads\/2015\/07\/Acrobat.jpg\" alt=\"Acrobat\" width=\"89\" height=\"31\" \/><\/a>[\/vc_column_text][\/vc_column][vc_column width=\u00bb1\/2&#8243;][vc_column_text]Para ver el v\u00eddeo se requiere Windows Media Player\u00a0<a href=\"http:\/\/www.microsoft.com\/windows\/windowsmedia\/software\/playerV7.asp\"><img loading=\"lazy\" decoding=\"async\" class=\"alignnone size-full wp-image-2986\" src=\"https:\/\/www.dalpasso.it\/wp-content\/uploads\/2015\/07\/WindowsMediaPlayer.jpg\" alt=\"WindowsMediaPlayer\" width=\"100\" height=\"30\" \/><\/a>[\/vc_column_text][\/vc_column][\/vc_row][vc_row][vc_column width=\u00bb1\/2&#8243;][vc_column_text]<br \/>\n[\/vc_column_text][\/vc_column][vc_column width=\u00bb1\/2&#8243;][vc_column_text]<br \/>\n[\/vc_column_text][\/vc_column][\/vc_row]<\/div>","protected":false},"excerpt":{"rendered":"<p>[vc_row][vc_column][\/vc_column][\/vc_row][vc_row][vc_column][vc_separator color=\u00bbwhite\u00bb css=\u00bb.vc_custom_1527588025384{padding-top: 10px !important;padding-bottom: 10px !important;}\u00bb][\/vc_column][\/vc_row][vc_row][vc_column width=\u00bb1\/3&#8243;][vc_column_text] ART\u00cdCULO EN LA REPUBBLICA[\/vc_column_text][\/vc_column][vc_column width=\u00bb1\/3&#8243;][vc_column_text] ART\u00cdCULO EN LA GAZZETTA DI REGGIO[\/vc_column_text][\/vc_column][vc_column width=\u00bb1\/3&#8243;][vc_column_text] ART\u00cdCULO EN EYE DOCTOR N\u00b0 6\/2014 [\/vc_column_text][\/vc_column][\/vc_row][vc_row][vc_column width=\u00bb1\/2&#8243;][vc_column_text]ART\u00cdCULO EN LA REPUBBLICA &nbsp; ART\u00cdCULO EN LA GAZZETTA DI REGGIO &nbsp; ART\u00cdCULO EN EYE DOCTOR N\u00b0 6\/2014 &nbsp; Para ver los documentos en formato pdf se requiere [&hellip;]<\/p>\n","protected":false},"author":4,"featured_media":15519,"parent":12841,"menu_order":0,"comment_status":"closed","ping_status":"closed","template":"","meta":{"footnotes":""},"class_list":["post-13282","page","type-page","status-publish","has-post-thumbnail","hentry"],"yoast_head":"<!-- This site is optimized with the Yoast SEO plugin v27.1.1 - https:\/\/yoast.com\/product\/yoast-seo-wordpress\/ -->\n<title>RESE\u00d1A DE PRENSA | Dalpasso protesi oculari<\/title>\n<meta name=\"robots\" content=\"index, follow, max-snippet:-1, max-image-preview:large, max-video-preview:-1\" \/>\n<link rel=\"canonical\" href=\"https:\/\/www.dalpasso.it\/es\/eventos\/resena-de-prensa\/\" \/>\n<meta property=\"og:locale\" content=\"es_ES\" \/>\n<meta property=\"og:type\" content=\"article\" \/>\n<meta property=\"og:title\" content=\"RESE\u00d1A DE PRENSA | Dalpasso protesi oculari\" \/>\n<meta property=\"og:description\" content=\"[vc_row][vc_column][\/vc_column][\/vc_row][vc_row][vc_column][vc_separator color=\u00bbwhite\u00bb css=\u00bb.vc_custom_1527588025384{padding-top: 10px !important;padding-bottom: 10px !important;}\u00bb][\/vc_column][\/vc_row][vc_row][vc_column width=\u00bb1\/3&#8243;][vc_column_text] ART\u00cdCULO EN LA REPUBBLICA[\/vc_column_text][\/vc_column][vc_column width=\u00bb1\/3&#8243;][vc_column_text] ART\u00cdCULO EN LA GAZZETTA DI REGGIO[\/vc_column_text][\/vc_column][vc_column width=\u00bb1\/3&#8243;][vc_column_text] ART\u00cdCULO EN EYE DOCTOR N\u00b0 6\/2014 [\/vc_column_text][\/vc_column][\/vc_row][vc_row][vc_column width=\u00bb1\/2&#8243;][vc_column_text]ART\u00cdCULO EN LA REPUBBLICA &nbsp; ART\u00cdCULO EN LA GAZZETTA DI REGGIO &nbsp; ART\u00cdCULO EN EYE DOCTOR N\u00b0 6\/2014 &nbsp; Para ver los documentos en formato pdf se requiere [&hellip;]\" \/>\n<meta property=\"og:url\" content=\"https:\/\/www.dalpasso.it\/es\/eventos\/resena-de-prensa\/\" \/>\n<meta property=\"og:site_name\" content=\"Dalpasso protesi oculari\" \/>\n<meta property=\"article:modified_time\" content=\"2018-05-30T07:33:49+00:00\" \/>\n<meta property=\"og:image\" content=\"https:\/\/www.dalpasso.it\/wp-content\/uploads\/2018\/05\/rassegna-stampa-es.jpg\" \/>\n\t<meta property=\"og:image:width\" content=\"284\" \/>\n\t<meta property=\"og:image:height\" content=\"285\" \/>\n\t<meta property=\"og:image:type\" content=\"image\/jpeg\" \/>\n<meta name=\"twitter:card\" content=\"summary_large_image\" \/>\n<meta name=\"twitter:label1\" content=\"Tiempo de lectura\" \/>\n\t<meta name=\"twitter:data1\" content=\"1 minuto\" \/>\n<script type=\"application\/ld+json\" class=\"yoast-schema-graph\">{\"@context\":\"https:\/\/schema.org\",\"@graph\":[{\"@type\":\"WebPage\",\"@id\":\"https:\/\/www.dalpasso.it\/es\/eventos\/resena-de-prensa\/\",\"url\":\"https:\/\/www.dalpasso.it\/es\/eventos\/resena-de-prensa\/\",\"name\":\"RESE\u00d1A DE PRENSA | Dalpasso protesi oculari\",\"isPartOf\":{\"@id\":\"https:\/\/www.dalpasso.it\/es\/#website\"},\"primaryImageOfPage\":{\"@id\":\"https:\/\/www.dalpasso.it\/es\/eventos\/resena-de-prensa\/#primaryimage\"},\"image\":{\"@id\":\"https:\/\/www.dalpasso.it\/es\/eventos\/resena-de-prensa\/#primaryimage\"},\"thumbnailUrl\":\"https:\/\/www.dalpasso.it\/wp-content\/uploads\/2018\/05\/rassegna-stampa-es.jpg\",\"datePublished\":\"2015-07-01T13:22:39+00:00\",\"dateModified\":\"2018-05-30T07:33:49+00:00\",\"breadcrumb\":{\"@id\":\"https:\/\/www.dalpasso.it\/es\/eventos\/resena-de-prensa\/#breadcrumb\"},\"inLanguage\":\"es\",\"potentialAction\":[{\"@type\":\"ReadAction\",\"target\":[\"https:\/\/www.dalpasso.it\/es\/eventos\/resena-de-prensa\/\"]}]},{\"@type\":\"ImageObject\",\"inLanguage\":\"es\",\"@id\":\"https:\/\/www.dalpasso.it\/es\/eventos\/resena-de-prensa\/#primaryimage\",\"url\":\"https:\/\/www.dalpasso.it\/wp-content\/uploads\/2018\/05\/rassegna-stampa-es.jpg\",\"contentUrl\":\"https:\/\/www.dalpasso.it\/wp-content\/uploads\/2018\/05\/rassegna-stampa-es.jpg\",\"width\":284,\"height\":285},{\"@type\":\"BreadcrumbList\",\"@id\":\"https:\/\/www.dalpasso.it\/es\/eventos\/resena-de-prensa\/#breadcrumb\",\"itemListElement\":[{\"@type\":\"ListItem\",\"position\":1,\"name\":\"Home\",\"item\":\"https:\/\/www.dalpasso.it\/es\/standard-business\/\"},{\"@type\":\"ListItem\",\"position\":2,\"name\":\"EVENTOS\",\"item\":\"https:\/\/www.dalpasso.it\/es\/eventos\/\"},{\"@type\":\"ListItem\",\"position\":3,\"name\":\"RESE\u00d1A DE PRENSA\"}]},{\"@type\":\"WebSite\",\"@id\":\"https:\/\/www.dalpasso.it\/es\/#website\",\"url\":\"https:\/\/www.dalpasso.it\/es\/\",\"name\":\"DALPASSO Protesi Oculari\",\"description\":\"\",\"potentialAction\":[{\"@type\":\"SearchAction\",\"target\":{\"@type\":\"EntryPoint\",\"urlTemplate\":\"https:\/\/www.dalpasso.it\/es\/?s={search_term_string}\"},\"query-input\":{\"@type\":\"PropertyValueSpecification\",\"valueRequired\":true,\"valueName\":\"search_term_string\"}}],\"inLanguage\":\"es\"}]}<\/script>\n<!-- \/ Yoast SEO plugin. -->","yoast_head_json":{"title":"RESE\u00d1A DE PRENSA | Dalpasso protesi oculari","robots":{"index":"index","follow":"follow","max-snippet":"max-snippet:-1","max-image-preview":"max-image-preview:large","max-video-preview":"max-video-preview:-1"},"canonical":"https:\/\/www.dalpasso.it\/es\/eventos\/resena-de-prensa\/","og_locale":"es_ES","og_type":"article","og_title":"RESE\u00d1A DE PRENSA | Dalpasso protesi oculari","og_description":"[vc_row][vc_column][\/vc_column][\/vc_row][vc_row][vc_column][vc_separator color=\u00bbwhite\u00bb css=\u00bb.vc_custom_1527588025384{padding-top: 10px !important;padding-bottom: 10px !important;}\u00bb][\/vc_column][\/vc_row][vc_row][vc_column width=\u00bb1\/3&#8243;][vc_column_text] ART\u00cdCULO EN LA REPUBBLICA[\/vc_column_text][\/vc_column][vc_column width=\u00bb1\/3&#8243;][vc_column_text] ART\u00cdCULO EN LA GAZZETTA DI REGGIO[\/vc_column_text][\/vc_column][vc_column width=\u00bb1\/3&#8243;][vc_column_text] ART\u00cdCULO EN EYE DOCTOR N\u00b0 6\/2014 [\/vc_column_text][\/vc_column][\/vc_row][vc_row][vc_column width=\u00bb1\/2&#8243;][vc_column_text]ART\u00cdCULO EN LA REPUBBLICA &nbsp; ART\u00cdCULO EN LA GAZZETTA DI REGGIO &nbsp; ART\u00cdCULO EN EYE DOCTOR N\u00b0 6\/2014 &nbsp; Para ver los documentos en formato pdf se requiere [&hellip;]","og_url":"https:\/\/www.dalpasso.it\/es\/eventos\/resena-de-prensa\/","og_site_name":"Dalpasso protesi oculari","article_modified_time":"2018-05-30T07:33:49+00:00","og_image":[{"width":284,"height":285,"url":"https:\/\/www.dalpasso.it\/wp-content\/uploads\/2018\/05\/rassegna-stampa-es.jpg","type":"image\/jpeg"}],"twitter_card":"summary_large_image","twitter_misc":{"Tiempo de lectura":"1 minuto"},"schema":{"@context":"https:\/\/schema.org","@graph":[{"@type":"WebPage","@id":"https:\/\/www.dalpasso.it\/es\/eventos\/resena-de-prensa\/","url":"https:\/\/www.dalpasso.it\/es\/eventos\/resena-de-prensa\/","name":"RESE\u00d1A DE PRENSA | Dalpasso protesi oculari","isPartOf":{"@id":"https:\/\/www.dalpasso.it\/es\/#website"},"primaryImageOfPage":{"@id":"https:\/\/www.dalpasso.it\/es\/eventos\/resena-de-prensa\/#primaryimage"},"image":{"@id":"https:\/\/www.dalpasso.it\/es\/eventos\/resena-de-prensa\/#primaryimage"},"thumbnailUrl":"https:\/\/www.dalpasso.it\/wp-content\/uploads\/2018\/05\/rassegna-stampa-es.jpg","datePublished":"2015-07-01T13:22:39+00:00","dateModified":"2018-05-30T07:33:49+00:00","breadcrumb":{"@id":"https:\/\/www.dalpasso.it\/es\/eventos\/resena-de-prensa\/#breadcrumb"},"inLanguage":"es","potentialAction":[{"@type":"ReadAction","target":["https:\/\/www.dalpasso.it\/es\/eventos\/resena-de-prensa\/"]}]},{"@type":"ImageObject","inLanguage":"es","@id":"https:\/\/www.dalpasso.it\/es\/eventos\/resena-de-prensa\/#primaryimage","url":"https:\/\/www.dalpasso.it\/wp-content\/uploads\/2018\/05\/rassegna-stampa-es.jpg","contentUrl":"https:\/\/www.dalpasso.it\/wp-content\/uploads\/2018\/05\/rassegna-stampa-es.jpg","width":284,"height":285},{"@type":"BreadcrumbList","@id":"https:\/\/www.dalpasso.it\/es\/eventos\/resena-de-prensa\/#breadcrumb","itemListElement":[{"@type":"ListItem","position":1,"name":"Home","item":"https:\/\/www.dalpasso.it\/es\/standard-business\/"},{"@type":"ListItem","position":2,"name":"EVENTOS","item":"https:\/\/www.dalpasso.it\/es\/eventos\/"},{"@type":"ListItem","position":3,"name":"RESE\u00d1A DE PRENSA"}]},{"@type":"WebSite","@id":"https:\/\/www.dalpasso.it\/es\/#website","url":"https:\/\/www.dalpasso.it\/es\/","name":"DALPASSO Protesi Oculari","description":"","potentialAction":[{"@type":"SearchAction","target":{"@type":"EntryPoint","urlTemplate":"https:\/\/www.dalpasso.it\/es\/?s={search_term_string}"},"query-input":{"@type":"PropertyValueSpecification","valueRequired":true,"valueName":"search_term_string"}}],"inLanguage":"es"}]}},"_links":{"self":[{"href":"https:\/\/www.dalpasso.it\/es\/wp-json\/wp\/v2\/pages\/13282","targetHints":{"allow":["GET"]}}],"collection":[{"href":"https:\/\/www.dalpasso.it\/es\/wp-json\/wp\/v2\/pages"}],"about":[{"href":"https:\/\/www.dalpasso.it\/es\/wp-json\/wp\/v2\/types\/page"}],"author":[{"embeddable":true,"href":"https:\/\/www.dalpasso.it\/es\/wp-json\/wp\/v2\/users\/4"}],"replies":[{"embeddable":true,"href":"https:\/\/www.dalpasso.it\/es\/wp-json\/wp\/v2\/comments?post=13282"}],"version-history":[{"count":3,"href":"https:\/\/www.dalpasso.it\/es\/wp-json\/wp\/v2\/pages\/13282\/revisions"}],"predecessor-version":[{"id":15565,"href":"https:\/\/www.dalpasso.it\/es\/wp-json\/wp\/v2\/pages\/13282\/revisions\/15565"}],"up":[{"embeddable":true,"href":"https:\/\/www.dalpasso.it\/es\/wp-json\/wp\/v2\/pages\/12841"}],"wp:featuredmedia":[{"embeddable":true,"href":"https:\/\/www.dalpasso.it\/es\/wp-json\/wp\/v2\/media\/15519"}],"wp:attachment":[{"href":"https:\/\/www.dalpasso.it\/es\/wp-json\/wp\/v2\/media?parent=13282"}],"curies":[{"name":"wp","href":"https:\/\/api.w.org\/{rel}","templated":true}]}}