{"id":13270,"date":"2015-07-09T22:14:04","date_gmt":"2015-07-09T20:14:04","guid":{"rendered":"http:\/\/www.dalpasso.it\/es\/informacion\/impianti\/sfera\/"},"modified":"2015-12-01T16:06:26","modified_gmt":"2015-12-01T15:06:26","slug":"implante-esferico-de-pmma-y-silicona","status":"publish","type":"page","link":"https:\/\/www.dalpasso.it\/es\/informacion\/implantes\/implante-esferico-de-pmma-y-silicona\/","title":{"rendered":"IMPLANTE ESF\u00c9RICO DE PMMA Y SILICONA"},"content":{"rendered":"<div class=\"wpb-content-wrapper\">[vc_row][vc_column width=\u00bb2\/3&#8243;][vc_column_text]El implante esf\u00e9rico de PMMA se utiliz\u00f3 mucho en el pasado, pero a\u00fan hoy se propone por su pr\u00e1cticamente total ausencia de contraindicaciones y su coste muy bajo, que lo convierten en una elecci\u00f3n \u201csegura\u201d. Se utiliza solo en la enucleaci\u00f3n primaria porque la rigidez del material y la dificultad de bloquear el deslizamiento dentro de la concha escleral lo hacen inadecuado para la intervenci\u00f3n de evisceraci\u00f3n.<br \/>\nSi sus dimensiones son adecuadas para la cavidad que lo debe alojar se obtiene un discreto relleno de la cavidad, pero el movimiento transmitido a la pr\u00f3tesis es, por consiguiente, bastante limitado.[\/vc_column_text][\/vc_column][vc_column width=\u00bb1\/3&#8243;][vc_column_text]<\/p>\n<p><a href=\"https:\/\/www.dalpasso.it\/wp-content\/uploads\/2015\/07\/Impianto-sfera-PMMA.png\" class=\"thickbox no_icon\"><img loading=\"lazy\" decoding=\"async\" class=\"alignnone wp-image-6690\" src=\"https:\/\/www.dalpasso.it\/wp-content\/uploads\/2015\/07\/Impianto-sfera-PMMA.png\" alt=\"Impianto sfera PMMA\" width=\"206\" height=\"207\" srcset=\"https:\/\/www.dalpasso.it\/wp-content\/uploads\/2015\/07\/Impianto-sfera-PMMA.png 230w, https:\/\/www.dalpasso.it\/wp-content\/uploads\/2015\/07\/Impianto-sfera-PMMA-150x150.png 150w\" sizes=\"auto, (max-width: 206px) 100vw, 206px\" \/><\/a><\/p>\n<p>[\/vc_column_text][\/vc_column][\/vc_row][vc_row][vc_column width=\u00bb1\/4&#8243;][vc_column_text]<\/p>\n<p><a href=\"https:\/\/www.dalpasso.it\/wp-content\/uploads\/2015\/07\/Impianto-Silicone.png\" class=\"thickbox no_icon\"><img loading=\"lazy\" decoding=\"async\" class=\"alignnone size-full wp-image-6654\" src=\"https:\/\/www.dalpasso.it\/wp-content\/uploads\/2015\/07\/Impianto-Silicone.png\" alt=\"Impianto Silicone\" width=\"209\" height=\"221\" \/><\/a><\/p>\n<p>[\/vc_column_text][\/vc_column][vc_column width=\u00bb3\/4&#8243;][vc_column_text]Desde el punto de vista dimensional y mec\u00e1nico, el implante esf\u00e9rico de silicona es muy similar al de PMMA del cual difiere solo por su consistencia m\u00e1s blanda, maleable y superficialmente menos lisa, caracter\u00edsticas que aseguran un menor traumatismo en los tejidos de recubrimiento y tambi\u00e9n un menor deslizamiento del implante. Por estos motivos el implante de silicona es id\u00f3neo para colocarse en la concha escleral despu\u00e9s de la evisceraci\u00f3n del globo ocular.<br \/>\nPor su bajo coste y su versatilidad, a\u00fan hoy se prefiere en muchos casos a implantes m\u00e1s modernos y perfeccionados.\u00a0Es bien tolerado por el organismo y dif\u00edcilmente es expulsado. En la evisceraci\u00f3n ofrece una excelente motilidad, que diversamente solo se podr\u00eda obtener con implantes porosos.[\/vc_column_text][\/vc_column][\/vc_row]<\/div>","protected":false},"excerpt":{"rendered":"<p>[vc_row][vc_column width=\u00bb2\/3&#8243;][vc_column_text]El implante esf\u00e9rico de PMMA se utiliz\u00f3 mucho en el pasado, pero a\u00fan hoy se propone por su pr\u00e1cticamente total ausencia de contraindicaciones y su coste muy bajo, que lo convierten en una elecci\u00f3n \u201csegura\u201d. Se utiliza solo en la enucleaci\u00f3n primaria porque la rigidez del material y la dificultad de bloquear el deslizamiento [&hellip;]<\/p>\n","protected":false},"author":4,"featured_media":0,"parent":13242,"menu_order":0,"comment_status":"closed","ping_status":"closed","template":"","meta":{"footnotes":""},"class_list":["post-13270","page","type-page","status-publish","hentry"],"yoast_head":"<!-- This site is optimized with the Yoast SEO plugin v27.1.1 - https:\/\/yoast.com\/product\/yoast-seo-wordpress\/ -->\n<title>IMPLANTE ESF\u00c9RICO DE PMMA Y SILICONA | Dalpasso protesi oculari<\/title>\n<meta name=\"robots\" content=\"index, follow, max-snippet:-1, max-image-preview:large, max-video-preview:-1\" \/>\n<link rel=\"canonical\" href=\"https:\/\/www.dalpasso.it\/es\/informacion\/implantes\/implante-esferico-de-pmma-y-silicona\/\" \/>\n<meta property=\"og:locale\" content=\"es_ES\" \/>\n<meta property=\"og:type\" content=\"article\" \/>\n<meta property=\"og:title\" content=\"IMPLANTE ESF\u00c9RICO DE PMMA Y SILICONA | Dalpasso protesi oculari\" \/>\n<meta property=\"og:description\" content=\"[vc_row][vc_column width=\u00bb2\/3&#8243;][vc_column_text]El implante esf\u00e9rico de PMMA se utiliz\u00f3 mucho en el pasado, pero a\u00fan hoy se propone por su pr\u00e1cticamente total ausencia de contraindicaciones y su coste muy bajo, que lo convierten en una elecci\u00f3n \u201csegura\u201d. Se utiliza solo en la enucleaci\u00f3n primaria porque la rigidez del material y la dificultad de bloquear el deslizamiento [&hellip;]\" \/>\n<meta property=\"og:url\" content=\"https:\/\/www.dalpasso.it\/es\/informacion\/implantes\/implante-esferico-de-pmma-y-silicona\/\" \/>\n<meta property=\"og:site_name\" content=\"Dalpasso protesi oculari\" \/>\n<meta property=\"article:modified_time\" content=\"2015-12-01T15:06:26+00:00\" \/>\n<meta property=\"og:image\" content=\"https:\/\/www.dalpasso.it\/wp-content\/uploads\/2015\/07\/Impianto-sfera-PMMA.png\" \/>\n\t<meta property=\"og:image:width\" content=\"230\" \/>\n\t<meta property=\"og:image:height\" content=\"231\" \/>\n\t<meta property=\"og:image:type\" content=\"image\/png\" \/>\n<meta name=\"twitter:card\" content=\"summary_large_image\" \/>\n<meta name=\"twitter:label1\" content=\"Tiempo de lectura\" \/>\n\t<meta name=\"twitter:data1\" content=\"1 minuto\" \/>\n<script type=\"application\/ld+json\" class=\"yoast-schema-graph\">{\"@context\":\"https:\/\/schema.org\",\"@graph\":[{\"@type\":\"WebPage\",\"@id\":\"https:\/\/www.dalpasso.it\/es\/informacion\/implantes\/implante-esferico-de-pmma-y-silicona\/\",\"url\":\"https:\/\/www.dalpasso.it\/es\/informacion\/implantes\/implante-esferico-de-pmma-y-silicona\/\",\"name\":\"IMPLANTE ESF\u00c9RICO DE PMMA Y SILICONA | Dalpasso protesi oculari\",\"isPartOf\":{\"@id\":\"https:\/\/www.dalpasso.it\/es\/#website\"},\"primaryImageOfPage\":{\"@id\":\"https:\/\/www.dalpasso.it\/es\/informacion\/implantes\/implante-esferico-de-pmma-y-silicona\/#primaryimage\"},\"image\":{\"@id\":\"https:\/\/www.dalpasso.it\/es\/informacion\/implantes\/implante-esferico-de-pmma-y-silicona\/#primaryimage\"},\"thumbnailUrl\":\"https:\/\/www.dalpasso.it\/wp-content\/uploads\/2015\/07\/Impianto-sfera-PMMA.png\",\"datePublished\":\"2015-07-09T20:14:04+00:00\",\"dateModified\":\"2015-12-01T15:06:26+00:00\",\"breadcrumb\":{\"@id\":\"https:\/\/www.dalpasso.it\/es\/informacion\/implantes\/implante-esferico-de-pmma-y-silicona\/#breadcrumb\"},\"inLanguage\":\"es\",\"potentialAction\":[{\"@type\":\"ReadAction\",\"target\":[\"https:\/\/www.dalpasso.it\/es\/informacion\/implantes\/implante-esferico-de-pmma-y-silicona\/\"]}]},{\"@type\":\"ImageObject\",\"inLanguage\":\"es\",\"@id\":\"https:\/\/www.dalpasso.it\/es\/informacion\/implantes\/implante-esferico-de-pmma-y-silicona\/#primaryimage\",\"url\":\"https:\/\/www.dalpasso.it\/wp-content\/uploads\/2015\/07\/Impianto-sfera-PMMA.png\",\"contentUrl\":\"https:\/\/www.dalpasso.it\/wp-content\/uploads\/2015\/07\/Impianto-sfera-PMMA.png\"},{\"@type\":\"BreadcrumbList\",\"@id\":\"https:\/\/www.dalpasso.it\/es\/informacion\/implantes\/implante-esferico-de-pmma-y-silicona\/#breadcrumb\",\"itemListElement\":[{\"@type\":\"ListItem\",\"position\":1,\"name\":\"Home\",\"item\":\"https:\/\/www.dalpasso.it\/es\/standard-business\/\"},{\"@type\":\"ListItem\",\"position\":2,\"name\":\"INFORMACI\u00d3N\",\"item\":\"https:\/\/www.dalpasso.it\/es\/informacion\/\"},{\"@type\":\"ListItem\",\"position\":3,\"name\":\"IMPLANTES\",\"item\":\"https:\/\/www.dalpasso.it\/es\/informacion\/implantes\/\"},{\"@type\":\"ListItem\",\"position\":4,\"name\":\"IMPLANTE ESF\u00c9RICO DE PMMA Y SILICONA\"}]},{\"@type\":\"WebSite\",\"@id\":\"https:\/\/www.dalpasso.it\/es\/#website\",\"url\":\"https:\/\/www.dalpasso.it\/es\/\",\"name\":\"DALPASSO Protesi Oculari\",\"description\":\"\",\"potentialAction\":[{\"@type\":\"SearchAction\",\"target\":{\"@type\":\"EntryPoint\",\"urlTemplate\":\"https:\/\/www.dalpasso.it\/es\/?s={search_term_string}\"},\"query-input\":{\"@type\":\"PropertyValueSpecification\",\"valueRequired\":true,\"valueName\":\"search_term_string\"}}],\"inLanguage\":\"es\"}]}<\/script>\n<!-- \/ Yoast SEO plugin. -->","yoast_head_json":{"title":"IMPLANTE ESF\u00c9RICO DE PMMA Y SILICONA | Dalpasso protesi oculari","robots":{"index":"index","follow":"follow","max-snippet":"max-snippet:-1","max-image-preview":"max-image-preview:large","max-video-preview":"max-video-preview:-1"},"canonical":"https:\/\/www.dalpasso.it\/es\/informacion\/implantes\/implante-esferico-de-pmma-y-silicona\/","og_locale":"es_ES","og_type":"article","og_title":"IMPLANTE ESF\u00c9RICO DE PMMA Y SILICONA | Dalpasso protesi oculari","og_description":"[vc_row][vc_column width=\u00bb2\/3&#8243;][vc_column_text]El implante esf\u00e9rico de PMMA se utiliz\u00f3 mucho en el pasado, pero a\u00fan hoy se propone por su pr\u00e1cticamente total ausencia de contraindicaciones y su coste muy bajo, que lo convierten en una elecci\u00f3n \u201csegura\u201d. Se utiliza solo en la enucleaci\u00f3n primaria porque la rigidez del material y la dificultad de bloquear el deslizamiento [&hellip;]","og_url":"https:\/\/www.dalpasso.it\/es\/informacion\/implantes\/implante-esferico-de-pmma-y-silicona\/","og_site_name":"Dalpasso protesi oculari","article_modified_time":"2015-12-01T15:06:26+00:00","og_image":[{"width":230,"height":231,"url":"https:\/\/www.dalpasso.it\/wp-content\/uploads\/2015\/07\/Impianto-sfera-PMMA.png","type":"image\/png"}],"twitter_card":"summary_large_image","twitter_misc":{"Tiempo de lectura":"1 minuto"},"schema":{"@context":"https:\/\/schema.org","@graph":[{"@type":"WebPage","@id":"https:\/\/www.dalpasso.it\/es\/informacion\/implantes\/implante-esferico-de-pmma-y-silicona\/","url":"https:\/\/www.dalpasso.it\/es\/informacion\/implantes\/implante-esferico-de-pmma-y-silicona\/","name":"IMPLANTE ESF\u00c9RICO DE PMMA Y SILICONA | Dalpasso protesi oculari","isPartOf":{"@id":"https:\/\/www.dalpasso.it\/es\/#website"},"primaryImageOfPage":{"@id":"https:\/\/www.dalpasso.it\/es\/informacion\/implantes\/implante-esferico-de-pmma-y-silicona\/#primaryimage"},"image":{"@id":"https:\/\/www.dalpasso.it\/es\/informacion\/implantes\/implante-esferico-de-pmma-y-silicona\/#primaryimage"},"thumbnailUrl":"https:\/\/www.dalpasso.it\/wp-content\/uploads\/2015\/07\/Impianto-sfera-PMMA.png","datePublished":"2015-07-09T20:14:04+00:00","dateModified":"2015-12-01T15:06:26+00:00","breadcrumb":{"@id":"https:\/\/www.dalpasso.it\/es\/informacion\/implantes\/implante-esferico-de-pmma-y-silicona\/#breadcrumb"},"inLanguage":"es","potentialAction":[{"@type":"ReadAction","target":["https:\/\/www.dalpasso.it\/es\/informacion\/implantes\/implante-esferico-de-pmma-y-silicona\/"]}]},{"@type":"ImageObject","inLanguage":"es","@id":"https:\/\/www.dalpasso.it\/es\/informacion\/implantes\/implante-esferico-de-pmma-y-silicona\/#primaryimage","url":"https:\/\/www.dalpasso.it\/wp-content\/uploads\/2015\/07\/Impianto-sfera-PMMA.png","contentUrl":"https:\/\/www.dalpasso.it\/wp-content\/uploads\/2015\/07\/Impianto-sfera-PMMA.png"},{"@type":"BreadcrumbList","@id":"https:\/\/www.dalpasso.it\/es\/informacion\/implantes\/implante-esferico-de-pmma-y-silicona\/#breadcrumb","itemListElement":[{"@type":"ListItem","position":1,"name":"Home","item":"https:\/\/www.dalpasso.it\/es\/standard-business\/"},{"@type":"ListItem","position":2,"name":"INFORMACI\u00d3N","item":"https:\/\/www.dalpasso.it\/es\/informacion\/"},{"@type":"ListItem","position":3,"name":"IMPLANTES","item":"https:\/\/www.dalpasso.it\/es\/informacion\/implantes\/"},{"@type":"ListItem","position":4,"name":"IMPLANTE ESF\u00c9RICO DE PMMA Y SILICONA"}]},{"@type":"WebSite","@id":"https:\/\/www.dalpasso.it\/es\/#website","url":"https:\/\/www.dalpasso.it\/es\/","name":"DALPASSO Protesi Oculari","description":"","potentialAction":[{"@type":"SearchAction","target":{"@type":"EntryPoint","urlTemplate":"https:\/\/www.dalpasso.it\/es\/?s={search_term_string}"},"query-input":{"@type":"PropertyValueSpecification","valueRequired":true,"valueName":"search_term_string"}}],"inLanguage":"es"}]}},"_links":{"self":[{"href":"https:\/\/www.dalpasso.it\/es\/wp-json\/wp\/v2\/pages\/13270","targetHints":{"allow":["GET"]}}],"collection":[{"href":"https:\/\/www.dalpasso.it\/es\/wp-json\/wp\/v2\/pages"}],"about":[{"href":"https:\/\/www.dalpasso.it\/es\/wp-json\/wp\/v2\/types\/page"}],"author":[{"embeddable":true,"href":"https:\/\/www.dalpasso.it\/es\/wp-json\/wp\/v2\/users\/4"}],"replies":[{"embeddable":true,"href":"https:\/\/www.dalpasso.it\/es\/wp-json\/wp\/v2\/comments?post=13270"}],"version-history":[{"count":1,"href":"https:\/\/www.dalpasso.it\/es\/wp-json\/wp\/v2\/pages\/13270\/revisions"}],"predecessor-version":[{"id":13271,"href":"https:\/\/www.dalpasso.it\/es\/wp-json\/wp\/v2\/pages\/13270\/revisions\/13271"}],"up":[{"embeddable":true,"href":"https:\/\/www.dalpasso.it\/es\/wp-json\/wp\/v2\/pages\/13242"}],"wp:attachment":[{"href":"https:\/\/www.dalpasso.it\/es\/wp-json\/wp\/v2\/media?parent=13270"}],"curies":[{"name":"wp","href":"https:\/\/api.w.org\/{rel}","templated":true}]}}