{"id":13263,"date":"2015-07-09T21:42:59","date_gmt":"2015-07-09T19:42:59","guid":{"rendered":"http:\/\/www.dalpasso.it\/es\/informacion\/impianti\/medpor\/"},"modified":"2015-12-01T16:02:51","modified_gmt":"2015-12-01T15:02:51","slug":"implante-de-medpor","status":"publish","type":"page","link":"https:\/\/www.dalpasso.it\/es\/informacion\/implantes\/implante-de-medpor\/","title":{"rendered":"IMPLANTE DE MEDPOR (polietileno poroso de alta densidad)"},"content":{"rendered":"<div class=\"wpb-content-wrapper\">[vc_row][vc_column width=\u00bb2\/3&#8243;][vc_column_text]Se produce a partir de un polvo de pol\u00edmeros de polietileno a baja presi\u00f3n mezclados y modelados. Puede modelarse cort\u00e1ndolo y abland\u00e1ndolo en agua caliente, y los m\u00fasculos oculares pueden suturarse directamente en el implante. Al tener una temperatura de fusi\u00f3n de 110 \u00b0C no puede esterilizarse en autoclave, debi\u00e9ndose esterilizar con \u00f3xido de etileno. El Medpor es altamente poroso, est\u00e1 sujeto a anclaje con los tejidos blandos y es moderadamente osteoconductivo. La incidencia de infecci\u00f3n es baja y tiene una reacci\u00f3n de cuerpo extra\u00f1o m\u00ednima con una c\u00e1psula periprot\u00e9sica delgada. Es estable, no sufre reabsorci\u00f3n y la extrusi\u00f3n del implante es rara.<\/p>\n<p>&nbsp;<\/p>\n<p>Es uno de los materiales alopl\u00e1sticos m\u00e1s utilizados en cirug\u00eda cr\u00e1neo-maxilofacial, como material de camuflaje en los d\u00e9ficits de los tejidos blandos postoncol\u00f3gicos o postraum\u00e1ticos, en la reconstrucci\u00f3n del suelo y de la pared lateral de la \u00f3rbita, de las estructuras \u00f3seas mediofaciales, del ment\u00f3n y de la nariz, as\u00ed como en la reconstrucci\u00f3n de la oreja por graves quemaduras.\u00a0En los implantes endoculares este material es preferible a la hidroxiapatita porque ejerce un menor roce sobre los tejidos, con la consiguiente reducci\u00f3n del riesgo de extrusi\u00f3n, y tambi\u00e9n por su modelabilidad durante la intervenci\u00f3n. El coste de este implante es muy elevado si se compara con otros implantes disponibles en el comercio.[\/vc_column_text][\/vc_column][vc_column width=\u00bb1\/3&#8243;][vc_column_text]<\/p>\n<p><a href=\"https:\/\/www.dalpasso.it\/wp-content\/uploads\/2015\/07\/Impianto-Medpor1.jpg\" class=\"thickbox no_icon\"><img loading=\"lazy\" decoding=\"async\" class=\"alignnone size-full wp-image-6652\" src=\"https:\/\/www.dalpasso.it\/wp-content\/uploads\/2015\/07\/Impianto-Medpor1.jpg\" alt=\"Impianto Medpor\" width=\"189\" height=\"191\" \/><\/a><\/p>\n<p>[\/vc_column_text][\/vc_column][\/vc_row]<\/div>","protected":false},"excerpt":{"rendered":"<p>[vc_row][vc_column width=\u00bb2\/3&#8243;][vc_column_text]Se produce a partir de un polvo de pol\u00edmeros de polietileno a baja presi\u00f3n mezclados y modelados. Puede modelarse cort\u00e1ndolo y abland\u00e1ndolo en agua caliente, y los m\u00fasculos oculares pueden suturarse directamente en el implante. Al tener una temperatura de fusi\u00f3n de 110 \u00b0C no puede esterilizarse en autoclave, debi\u00e9ndose esterilizar con \u00f3xido de [&hellip;]<\/p>\n","protected":false},"author":4,"featured_media":0,"parent":13242,"menu_order":0,"comment_status":"closed","ping_status":"closed","template":"","meta":{"footnotes":""},"class_list":["post-13263","page","type-page","status-publish","hentry"],"yoast_head":"<!-- This site is optimized with the Yoast SEO plugin v27.1.1 - https:\/\/yoast.com\/product\/yoast-seo-wordpress\/ -->\n<title>IMPLANTE DE MEDPOR (polietileno poroso de alta densidad) | Dalpasso protesi oculari<\/title>\n<meta name=\"robots\" content=\"index, follow, max-snippet:-1, max-image-preview:large, max-video-preview:-1\" \/>\n<link rel=\"canonical\" href=\"https:\/\/www.dalpasso.it\/es\/informacion\/implantes\/implante-de-medpor\/\" \/>\n<meta property=\"og:locale\" content=\"es_ES\" \/>\n<meta property=\"og:type\" content=\"article\" \/>\n<meta property=\"og:title\" content=\"IMPLANTE DE MEDPOR (polietileno poroso de alta densidad) | Dalpasso protesi oculari\" \/>\n<meta property=\"og:description\" content=\"[vc_row][vc_column width=\u00bb2\/3&#8243;][vc_column_text]Se produce a partir de un polvo de pol\u00edmeros de polietileno a baja presi\u00f3n mezclados y modelados. Puede modelarse cort\u00e1ndolo y abland\u00e1ndolo en agua caliente, y los m\u00fasculos oculares pueden suturarse directamente en el implante. Al tener una temperatura de fusi\u00f3n de 110 \u00b0C no puede esterilizarse en autoclave, debi\u00e9ndose esterilizar con \u00f3xido de [&hellip;]\" \/>\n<meta property=\"og:url\" content=\"https:\/\/www.dalpasso.it\/es\/informacion\/implantes\/implante-de-medpor\/\" \/>\n<meta property=\"og:site_name\" content=\"Dalpasso protesi oculari\" \/>\n<meta property=\"article:modified_time\" content=\"2015-12-01T15:02:51+00:00\" \/>\n<meta property=\"og:image\" content=\"https:\/\/www.dalpasso.it\/wp-content\/uploads\/2015\/07\/Impianto-Medpor1.jpg\" \/>\n\t<meta property=\"og:image:width\" content=\"189\" \/>\n\t<meta property=\"og:image:height\" content=\"191\" \/>\n\t<meta property=\"og:image:type\" content=\"image\/jpeg\" \/>\n<meta name=\"twitter:card\" content=\"summary_large_image\" \/>\n<meta name=\"twitter:label1\" content=\"Tiempo de lectura\" \/>\n\t<meta name=\"twitter:data1\" content=\"1 minuto\" \/>\n<script type=\"application\/ld+json\" class=\"yoast-schema-graph\">{\"@context\":\"https:\/\/schema.org\",\"@graph\":[{\"@type\":\"WebPage\",\"@id\":\"https:\/\/www.dalpasso.it\/es\/informacion\/implantes\/implante-de-medpor\/\",\"url\":\"https:\/\/www.dalpasso.it\/es\/informacion\/implantes\/implante-de-medpor\/\",\"name\":\"IMPLANTE DE MEDPOR (polietileno poroso de alta densidad) | Dalpasso protesi oculari\",\"isPartOf\":{\"@id\":\"https:\/\/www.dalpasso.it\/es\/#website\"},\"primaryImageOfPage\":{\"@id\":\"https:\/\/www.dalpasso.it\/es\/informacion\/implantes\/implante-de-medpor\/#primaryimage\"},\"image\":{\"@id\":\"https:\/\/www.dalpasso.it\/es\/informacion\/implantes\/implante-de-medpor\/#primaryimage\"},\"thumbnailUrl\":\"https:\/\/www.dalpasso.it\/wp-content\/uploads\/2015\/07\/Impianto-Medpor1.jpg\",\"datePublished\":\"2015-07-09T19:42:59+00:00\",\"dateModified\":\"2015-12-01T15:02:51+00:00\",\"breadcrumb\":{\"@id\":\"https:\/\/www.dalpasso.it\/es\/informacion\/implantes\/implante-de-medpor\/#breadcrumb\"},\"inLanguage\":\"es\",\"potentialAction\":[{\"@type\":\"ReadAction\",\"target\":[\"https:\/\/www.dalpasso.it\/es\/informacion\/implantes\/implante-de-medpor\/\"]}]},{\"@type\":\"ImageObject\",\"inLanguage\":\"es\",\"@id\":\"https:\/\/www.dalpasso.it\/es\/informacion\/implantes\/implante-de-medpor\/#primaryimage\",\"url\":\"https:\/\/www.dalpasso.it\/wp-content\/uploads\/2015\/07\/Impianto-Medpor1.jpg\",\"contentUrl\":\"https:\/\/www.dalpasso.it\/wp-content\/uploads\/2015\/07\/Impianto-Medpor1.jpg\"},{\"@type\":\"BreadcrumbList\",\"@id\":\"https:\/\/www.dalpasso.it\/es\/informacion\/implantes\/implante-de-medpor\/#breadcrumb\",\"itemListElement\":[{\"@type\":\"ListItem\",\"position\":1,\"name\":\"Home\",\"item\":\"https:\/\/www.dalpasso.it\/es\/standard-business\/\"},{\"@type\":\"ListItem\",\"position\":2,\"name\":\"INFORMACI\u00d3N\",\"item\":\"https:\/\/www.dalpasso.it\/es\/informacion\/\"},{\"@type\":\"ListItem\",\"position\":3,\"name\":\"IMPLANTES\",\"item\":\"https:\/\/www.dalpasso.it\/es\/informacion\/implantes\/\"},{\"@type\":\"ListItem\",\"position\":4,\"name\":\"IMPLANTE DE MEDPOR (polietileno poroso de alta densidad)\"}]},{\"@type\":\"WebSite\",\"@id\":\"https:\/\/www.dalpasso.it\/es\/#website\",\"url\":\"https:\/\/www.dalpasso.it\/es\/\",\"name\":\"DALPASSO Protesi Oculari\",\"description\":\"\",\"potentialAction\":[{\"@type\":\"SearchAction\",\"target\":{\"@type\":\"EntryPoint\",\"urlTemplate\":\"https:\/\/www.dalpasso.it\/es\/?s={search_term_string}\"},\"query-input\":{\"@type\":\"PropertyValueSpecification\",\"valueRequired\":true,\"valueName\":\"search_term_string\"}}],\"inLanguage\":\"es\"}]}<\/script>\n<!-- \/ Yoast SEO plugin. -->","yoast_head_json":{"title":"IMPLANTE DE MEDPOR (polietileno poroso de alta densidad) | Dalpasso protesi oculari","robots":{"index":"index","follow":"follow","max-snippet":"max-snippet:-1","max-image-preview":"max-image-preview:large","max-video-preview":"max-video-preview:-1"},"canonical":"https:\/\/www.dalpasso.it\/es\/informacion\/implantes\/implante-de-medpor\/","og_locale":"es_ES","og_type":"article","og_title":"IMPLANTE DE MEDPOR (polietileno poroso de alta densidad) | Dalpasso protesi oculari","og_description":"[vc_row][vc_column width=\u00bb2\/3&#8243;][vc_column_text]Se produce a partir de un polvo de pol\u00edmeros de polietileno a baja presi\u00f3n mezclados y modelados. Puede modelarse cort\u00e1ndolo y abland\u00e1ndolo en agua caliente, y los m\u00fasculos oculares pueden suturarse directamente en el implante. Al tener una temperatura de fusi\u00f3n de 110 \u00b0C no puede esterilizarse en autoclave, debi\u00e9ndose esterilizar con \u00f3xido de [&hellip;]","og_url":"https:\/\/www.dalpasso.it\/es\/informacion\/implantes\/implante-de-medpor\/","og_site_name":"Dalpasso protesi oculari","article_modified_time":"2015-12-01T15:02:51+00:00","og_image":[{"width":189,"height":191,"url":"https:\/\/www.dalpasso.it\/wp-content\/uploads\/2015\/07\/Impianto-Medpor1.jpg","type":"image\/jpeg"}],"twitter_card":"summary_large_image","twitter_misc":{"Tiempo de lectura":"1 minuto"},"schema":{"@context":"https:\/\/schema.org","@graph":[{"@type":"WebPage","@id":"https:\/\/www.dalpasso.it\/es\/informacion\/implantes\/implante-de-medpor\/","url":"https:\/\/www.dalpasso.it\/es\/informacion\/implantes\/implante-de-medpor\/","name":"IMPLANTE DE MEDPOR (polietileno poroso de alta densidad) | Dalpasso protesi oculari","isPartOf":{"@id":"https:\/\/www.dalpasso.it\/es\/#website"},"primaryImageOfPage":{"@id":"https:\/\/www.dalpasso.it\/es\/informacion\/implantes\/implante-de-medpor\/#primaryimage"},"image":{"@id":"https:\/\/www.dalpasso.it\/es\/informacion\/implantes\/implante-de-medpor\/#primaryimage"},"thumbnailUrl":"https:\/\/www.dalpasso.it\/wp-content\/uploads\/2015\/07\/Impianto-Medpor1.jpg","datePublished":"2015-07-09T19:42:59+00:00","dateModified":"2015-12-01T15:02:51+00:00","breadcrumb":{"@id":"https:\/\/www.dalpasso.it\/es\/informacion\/implantes\/implante-de-medpor\/#breadcrumb"},"inLanguage":"es","potentialAction":[{"@type":"ReadAction","target":["https:\/\/www.dalpasso.it\/es\/informacion\/implantes\/implante-de-medpor\/"]}]},{"@type":"ImageObject","inLanguage":"es","@id":"https:\/\/www.dalpasso.it\/es\/informacion\/implantes\/implante-de-medpor\/#primaryimage","url":"https:\/\/www.dalpasso.it\/wp-content\/uploads\/2015\/07\/Impianto-Medpor1.jpg","contentUrl":"https:\/\/www.dalpasso.it\/wp-content\/uploads\/2015\/07\/Impianto-Medpor1.jpg"},{"@type":"BreadcrumbList","@id":"https:\/\/www.dalpasso.it\/es\/informacion\/implantes\/implante-de-medpor\/#breadcrumb","itemListElement":[{"@type":"ListItem","position":1,"name":"Home","item":"https:\/\/www.dalpasso.it\/es\/standard-business\/"},{"@type":"ListItem","position":2,"name":"INFORMACI\u00d3N","item":"https:\/\/www.dalpasso.it\/es\/informacion\/"},{"@type":"ListItem","position":3,"name":"IMPLANTES","item":"https:\/\/www.dalpasso.it\/es\/informacion\/implantes\/"},{"@type":"ListItem","position":4,"name":"IMPLANTE DE MEDPOR (polietileno poroso de alta densidad)"}]},{"@type":"WebSite","@id":"https:\/\/www.dalpasso.it\/es\/#website","url":"https:\/\/www.dalpasso.it\/es\/","name":"DALPASSO Protesi Oculari","description":"","potentialAction":[{"@type":"SearchAction","target":{"@type":"EntryPoint","urlTemplate":"https:\/\/www.dalpasso.it\/es\/?s={search_term_string}"},"query-input":{"@type":"PropertyValueSpecification","valueRequired":true,"valueName":"search_term_string"}}],"inLanguage":"es"}]}},"_links":{"self":[{"href":"https:\/\/www.dalpasso.it\/es\/wp-json\/wp\/v2\/pages\/13263","targetHints":{"allow":["GET"]}}],"collection":[{"href":"https:\/\/www.dalpasso.it\/es\/wp-json\/wp\/v2\/pages"}],"about":[{"href":"https:\/\/www.dalpasso.it\/es\/wp-json\/wp\/v2\/types\/page"}],"author":[{"embeddable":true,"href":"https:\/\/www.dalpasso.it\/es\/wp-json\/wp\/v2\/users\/4"}],"replies":[{"embeddable":true,"href":"https:\/\/www.dalpasso.it\/es\/wp-json\/wp\/v2\/comments?post=13263"}],"version-history":[{"count":2,"href":"https:\/\/www.dalpasso.it\/es\/wp-json\/wp\/v2\/pages\/13263\/revisions"}],"predecessor-version":[{"id":13265,"href":"https:\/\/www.dalpasso.it\/es\/wp-json\/wp\/v2\/pages\/13263\/revisions\/13265"}],"up":[{"embeddable":true,"href":"https:\/\/www.dalpasso.it\/es\/wp-json\/wp\/v2\/pages\/13242"}],"wp:attachment":[{"href":"https:\/\/www.dalpasso.it\/es\/wp-json\/wp\/v2\/media?parent=13263"}],"curies":[{"name":"wp","href":"https:\/\/api.w.org\/{rel}","templated":true}]}}