{"id":13260,"date":"2015-07-09T21:34:43","date_gmt":"2015-07-09T19:34:43","guid":{"rendered":"http:\/\/www.dalpasso.it\/es\/informacion\/impianti\/idrossiapatite\/"},"modified":"2015-12-01T16:00:48","modified_gmt":"2015-12-01T15:00:48","slug":"implante-de-hidroxiapatita","status":"publish","type":"page","link":"https:\/\/www.dalpasso.it\/es\/informacion\/implantes\/implante-de-hidroxiapatita\/","title":{"rendered":"IMPLANTE DE HIDROXIAPATITA"},"content":{"rendered":"<div class=\"wpb-content-wrapper\">[vc_row][vc_column width=\u00bb2\/3&#8243;][vc_column_text]La hidroxiapatita (HA) es un material poroso de s\u00edntesis con excelente biocompatibilidad porque es f\u00e1cilmente colonizado por los vasos sangu\u00edneos y los fibroblastos. La fibrovascularizaci\u00f3n hace que el implante se \u201cintegre\u201d mejor en el organismo, disminuyendo la probabilidad de infecci\u00f3n o rechazo.\u00a0La HA es un derivado del coral compuesto por hidr\u00f3xido de calcio y fosfato, sustancias que ya est\u00e1n presentes en el cuerpo humano.<\/p>\n<p>&nbsp;<\/p>\n<p>Actualmente los implantes sint\u00e9ticos de HA\u00a0son ya de tercera generaci\u00f3n. El implante de HA sint\u00e9tico FCI3 tiene una composici\u00f3n qu\u00edmica id\u00e9ntica a la del Bio-Eye, aunque la microscopia electr\u00f3nica de barrido ha evidenciado una menor uniformidad e interconectividad del poro, as\u00ed como la presencia de alv\u00e9olos ciegos. El implante FCI3 sint\u00e9tico en los \u00faltimos 10 a\u00f1os ha ganado popularidad en muchas partes del mundo debido a su menor precio, no obstante, los problemas y las complicaciones asociadas son similares a los del Bio-Eye. Otros tipos de implante de HA en uso en todo el mundo son el HA chino y los implantes brasile\u00f1os. Aunque son menos costosos que el Bio-Eye, estos implantes han evidenciado impurezas o escasa estructura porosa, y ofrecen pocas ventajas respecto a otros modelos disponibles.<\/p>\n<p>&nbsp;<\/p>\n<p>Las principales aplicaciones del HA y de otras cer\u00e1micas en cirug\u00eda pl\u00e1stica y reconstructiva ata\u00f1en a la zona craneofacial. Su uso es t\u00edpico en la reconstrucci\u00f3n temporal de segmentos esquel\u00e9ticos en pacientes oncol\u00f3gicos con poca esperanza de vida, en caso de suplementos de terapia (RT) o en las resecciones con fines paliativos. Para los defectos de peque\u00f1as dimensiones la HA es un buen material de relleno y, gracias a sus propiedades osteoconductivas, favorece la revascularizaci\u00f3n y la reosificaci\u00f3n de la zona tratada. La HA tambi\u00e9n se emplea como material para camuflar defectos maxilofaciales debidos a traumas o tumores.<br \/>\nEl implante se utiliza especialmente en la enucleaci\u00f3n, colocado dentro de la c\u00e1psula de Tenon, mientras que su uso es menos frecuente en la evisceraci\u00f3n. La HA no es apta para el anclaje directo de los m\u00fasculos y para este tipo de intervenci\u00f3n siempre requiere un recubrimiento con material sint\u00e9tico, aut\u00f3logo o escler\u00f3tico de donante; adem\u00e1s, es poco moldeable porque al ser muy rugoso causa un traumatismo directo en los tejidos con el consiguiente riesgo de expulsi\u00f3n. La HA en forma densa es dif\u00edcil de modelar y est\u00e1 sujeta a migraci\u00f3n y extrusi\u00f3n. Las formas micro y macro porosas actualmente disponibles son mucho m\u00e1s seguras y tienen una mayor capacidad osteoconductiva. La HA\u00a0no soporta la carga y est\u00e1 sujeta a fractura y rotura completa.<\/p>\n<p>&nbsp;<\/p>\n<p>En la intervenci\u00f3n de enucleaci\u00f3n, para facilitar el arrastre de la pr\u00f3tesis el implante de HA se ha provisto de un perno de titanio que sobresale de 2 a 3 mm de la c\u00e1psula de Tenon y de la conjuntiva. A\u00fan as\u00ed, no siempre el resultado obtenido es satisfactorio: los problemas m\u00e1s comunes son las infecciones transmitidas por el perno, su falta de centrado, la migraci\u00f3n de la esfera una vez saturada y cicatrizada, as\u00ed como la infiltraci\u00f3n de tejido de granulaci\u00f3n que, al atravesar la apertura practicada en la mucosa, se expande dentro del implante y ocasiona su extrusi\u00f3n.[\/vc_column_text][\/vc_column][vc_column width=\u00bb1\/3&#8243;][vc_column_text]<\/p>\n<p><a href=\"https:\/\/www.dalpasso.it\/wp-content\/uploads\/2015\/07\/Impianto-Idrossiapatite.jpg\" class=\"thickbox no_icon\"><img loading=\"lazy\" decoding=\"async\" class=\"alignnone size-full wp-image-6650\" src=\"https:\/\/www.dalpasso.it\/wp-content\/uploads\/2015\/07\/Impianto-Idrossiapatite.jpg\" alt=\"Impianto Idrossiapatite\" width=\"198\" height=\"230\" \/><\/a><\/p>\n<p>[\/vc_column_text][\/vc_column][\/vc_row]<\/div>","protected":false},"excerpt":{"rendered":"<p>[vc_row][vc_column width=\u00bb2\/3&#8243;][vc_column_text]La hidroxiapatita (HA) es un material poroso de s\u00edntesis con excelente biocompatibilidad porque es f\u00e1cilmente colonizado por los vasos sangu\u00edneos y los fibroblastos. La fibrovascularizaci\u00f3n hace que el implante se \u201cintegre\u201d mejor en el organismo, disminuyendo la probabilidad de infecci\u00f3n o rechazo.\u00a0La HA es un derivado del coral compuesto por hidr\u00f3xido de calcio y [&hellip;]<\/p>\n","protected":false},"author":4,"featured_media":0,"parent":13242,"menu_order":0,"comment_status":"closed","ping_status":"closed","template":"","meta":{"footnotes":""},"class_list":["post-13260","page","type-page","status-publish","hentry"],"yoast_head":"<!-- This site is optimized with the Yoast SEO plugin v27.1.1 - https:\/\/yoast.com\/product\/yoast-seo-wordpress\/ -->\n<title>IMPLANTE DE HIDROXIAPATITA | Dalpasso protesi oculari<\/title>\n<meta name=\"robots\" content=\"index, follow, max-snippet:-1, max-image-preview:large, max-video-preview:-1\" \/>\n<link rel=\"canonical\" href=\"https:\/\/www.dalpasso.it\/es\/informacion\/implantes\/implante-de-hidroxiapatita\/\" \/>\n<meta property=\"og:locale\" content=\"es_ES\" \/>\n<meta property=\"og:type\" content=\"article\" \/>\n<meta property=\"og:title\" content=\"IMPLANTE DE HIDROXIAPATITA | Dalpasso protesi oculari\" \/>\n<meta property=\"og:description\" content=\"[vc_row][vc_column width=\u00bb2\/3&#8243;][vc_column_text]La hidroxiapatita (HA) es un material poroso de s\u00edntesis con excelente biocompatibilidad porque es f\u00e1cilmente colonizado por los vasos sangu\u00edneos y los fibroblastos. La fibrovascularizaci\u00f3n hace que el implante se \u201cintegre\u201d mejor en el organismo, disminuyendo la probabilidad de infecci\u00f3n o rechazo.\u00a0La HA es un derivado del coral compuesto por hidr\u00f3xido de calcio y [&hellip;]\" \/>\n<meta property=\"og:url\" content=\"https:\/\/www.dalpasso.it\/es\/informacion\/implantes\/implante-de-hidroxiapatita\/\" \/>\n<meta property=\"og:site_name\" content=\"Dalpasso protesi oculari\" \/>\n<meta property=\"article:modified_time\" content=\"2015-12-01T15:00:48+00:00\" \/>\n<meta property=\"og:image\" content=\"https:\/\/www.dalpasso.it\/wp-content\/uploads\/2015\/07\/Impianto-Idrossiapatite.jpg\" \/>\n\t<meta property=\"og:image:width\" content=\"198\" \/>\n\t<meta property=\"og:image:height\" content=\"230\" \/>\n\t<meta property=\"og:image:type\" content=\"image\/jpeg\" \/>\n<meta name=\"twitter:card\" content=\"summary_large_image\" \/>\n<meta name=\"twitter:label1\" content=\"Tiempo de lectura\" \/>\n\t<meta name=\"twitter:data1\" content=\"3 minutos\" \/>\n<script type=\"application\/ld+json\" class=\"yoast-schema-graph\">{\"@context\":\"https:\/\/schema.org\",\"@graph\":[{\"@type\":\"WebPage\",\"@id\":\"https:\/\/www.dalpasso.it\/es\/informacion\/implantes\/implante-de-hidroxiapatita\/\",\"url\":\"https:\/\/www.dalpasso.it\/es\/informacion\/implantes\/implante-de-hidroxiapatita\/\",\"name\":\"IMPLANTE DE HIDROXIAPATITA | Dalpasso protesi oculari\",\"isPartOf\":{\"@id\":\"https:\/\/www.dalpasso.it\/es\/#website\"},\"primaryImageOfPage\":{\"@id\":\"https:\/\/www.dalpasso.it\/es\/informacion\/implantes\/implante-de-hidroxiapatita\/#primaryimage\"},\"image\":{\"@id\":\"https:\/\/www.dalpasso.it\/es\/informacion\/implantes\/implante-de-hidroxiapatita\/#primaryimage\"},\"thumbnailUrl\":\"https:\/\/www.dalpasso.it\/wp-content\/uploads\/2015\/07\/Impianto-Idrossiapatite.jpg\",\"datePublished\":\"2015-07-09T19:34:43+00:00\",\"dateModified\":\"2015-12-01T15:00:48+00:00\",\"breadcrumb\":{\"@id\":\"https:\/\/www.dalpasso.it\/es\/informacion\/implantes\/implante-de-hidroxiapatita\/#breadcrumb\"},\"inLanguage\":\"es\",\"potentialAction\":[{\"@type\":\"ReadAction\",\"target\":[\"https:\/\/www.dalpasso.it\/es\/informacion\/implantes\/implante-de-hidroxiapatita\/\"]}]},{\"@type\":\"ImageObject\",\"inLanguage\":\"es\",\"@id\":\"https:\/\/www.dalpasso.it\/es\/informacion\/implantes\/implante-de-hidroxiapatita\/#primaryimage\",\"url\":\"https:\/\/www.dalpasso.it\/wp-content\/uploads\/2015\/07\/Impianto-Idrossiapatite.jpg\",\"contentUrl\":\"https:\/\/www.dalpasso.it\/wp-content\/uploads\/2015\/07\/Impianto-Idrossiapatite.jpg\"},{\"@type\":\"BreadcrumbList\",\"@id\":\"https:\/\/www.dalpasso.it\/es\/informacion\/implantes\/implante-de-hidroxiapatita\/#breadcrumb\",\"itemListElement\":[{\"@type\":\"ListItem\",\"position\":1,\"name\":\"Home\",\"item\":\"https:\/\/www.dalpasso.it\/es\/standard-business\/\"},{\"@type\":\"ListItem\",\"position\":2,\"name\":\"INFORMACI\u00d3N\",\"item\":\"https:\/\/www.dalpasso.it\/es\/informacion\/\"},{\"@type\":\"ListItem\",\"position\":3,\"name\":\"IMPLANTES\",\"item\":\"https:\/\/www.dalpasso.it\/es\/informacion\/implantes\/\"},{\"@type\":\"ListItem\",\"position\":4,\"name\":\"IMPLANTE DE HIDROXIAPATITA\"}]},{\"@type\":\"WebSite\",\"@id\":\"https:\/\/www.dalpasso.it\/es\/#website\",\"url\":\"https:\/\/www.dalpasso.it\/es\/\",\"name\":\"DALPASSO Protesi Oculari\",\"description\":\"\",\"potentialAction\":[{\"@type\":\"SearchAction\",\"target\":{\"@type\":\"EntryPoint\",\"urlTemplate\":\"https:\/\/www.dalpasso.it\/es\/?s={search_term_string}\"},\"query-input\":{\"@type\":\"PropertyValueSpecification\",\"valueRequired\":true,\"valueName\":\"search_term_string\"}}],\"inLanguage\":\"es\"}]}<\/script>\n<!-- \/ Yoast SEO plugin. -->","yoast_head_json":{"title":"IMPLANTE DE HIDROXIAPATITA | Dalpasso protesi oculari","robots":{"index":"index","follow":"follow","max-snippet":"max-snippet:-1","max-image-preview":"max-image-preview:large","max-video-preview":"max-video-preview:-1"},"canonical":"https:\/\/www.dalpasso.it\/es\/informacion\/implantes\/implante-de-hidroxiapatita\/","og_locale":"es_ES","og_type":"article","og_title":"IMPLANTE DE HIDROXIAPATITA | Dalpasso protesi oculari","og_description":"[vc_row][vc_column width=\u00bb2\/3&#8243;][vc_column_text]La hidroxiapatita (HA) es un material poroso de s\u00edntesis con excelente biocompatibilidad porque es f\u00e1cilmente colonizado por los vasos sangu\u00edneos y los fibroblastos. La fibrovascularizaci\u00f3n hace que el implante se \u201cintegre\u201d mejor en el organismo, disminuyendo la probabilidad de infecci\u00f3n o rechazo.\u00a0La HA es un derivado del coral compuesto por hidr\u00f3xido de calcio y [&hellip;]","og_url":"https:\/\/www.dalpasso.it\/es\/informacion\/implantes\/implante-de-hidroxiapatita\/","og_site_name":"Dalpasso protesi oculari","article_modified_time":"2015-12-01T15:00:48+00:00","og_image":[{"width":198,"height":230,"url":"https:\/\/www.dalpasso.it\/wp-content\/uploads\/2015\/07\/Impianto-Idrossiapatite.jpg","type":"image\/jpeg"}],"twitter_card":"summary_large_image","twitter_misc":{"Tiempo de lectura":"3 minutos"},"schema":{"@context":"https:\/\/schema.org","@graph":[{"@type":"WebPage","@id":"https:\/\/www.dalpasso.it\/es\/informacion\/implantes\/implante-de-hidroxiapatita\/","url":"https:\/\/www.dalpasso.it\/es\/informacion\/implantes\/implante-de-hidroxiapatita\/","name":"IMPLANTE DE HIDROXIAPATITA | Dalpasso protesi oculari","isPartOf":{"@id":"https:\/\/www.dalpasso.it\/es\/#website"},"primaryImageOfPage":{"@id":"https:\/\/www.dalpasso.it\/es\/informacion\/implantes\/implante-de-hidroxiapatita\/#primaryimage"},"image":{"@id":"https:\/\/www.dalpasso.it\/es\/informacion\/implantes\/implante-de-hidroxiapatita\/#primaryimage"},"thumbnailUrl":"https:\/\/www.dalpasso.it\/wp-content\/uploads\/2015\/07\/Impianto-Idrossiapatite.jpg","datePublished":"2015-07-09T19:34:43+00:00","dateModified":"2015-12-01T15:00:48+00:00","breadcrumb":{"@id":"https:\/\/www.dalpasso.it\/es\/informacion\/implantes\/implante-de-hidroxiapatita\/#breadcrumb"},"inLanguage":"es","potentialAction":[{"@type":"ReadAction","target":["https:\/\/www.dalpasso.it\/es\/informacion\/implantes\/implante-de-hidroxiapatita\/"]}]},{"@type":"ImageObject","inLanguage":"es","@id":"https:\/\/www.dalpasso.it\/es\/informacion\/implantes\/implante-de-hidroxiapatita\/#primaryimage","url":"https:\/\/www.dalpasso.it\/wp-content\/uploads\/2015\/07\/Impianto-Idrossiapatite.jpg","contentUrl":"https:\/\/www.dalpasso.it\/wp-content\/uploads\/2015\/07\/Impianto-Idrossiapatite.jpg"},{"@type":"BreadcrumbList","@id":"https:\/\/www.dalpasso.it\/es\/informacion\/implantes\/implante-de-hidroxiapatita\/#breadcrumb","itemListElement":[{"@type":"ListItem","position":1,"name":"Home","item":"https:\/\/www.dalpasso.it\/es\/standard-business\/"},{"@type":"ListItem","position":2,"name":"INFORMACI\u00d3N","item":"https:\/\/www.dalpasso.it\/es\/informacion\/"},{"@type":"ListItem","position":3,"name":"IMPLANTES","item":"https:\/\/www.dalpasso.it\/es\/informacion\/implantes\/"},{"@type":"ListItem","position":4,"name":"IMPLANTE DE HIDROXIAPATITA"}]},{"@type":"WebSite","@id":"https:\/\/www.dalpasso.it\/es\/#website","url":"https:\/\/www.dalpasso.it\/es\/","name":"DALPASSO Protesi Oculari","description":"","potentialAction":[{"@type":"SearchAction","target":{"@type":"EntryPoint","urlTemplate":"https:\/\/www.dalpasso.it\/es\/?s={search_term_string}"},"query-input":{"@type":"PropertyValueSpecification","valueRequired":true,"valueName":"search_term_string"}}],"inLanguage":"es"}]}},"_links":{"self":[{"href":"https:\/\/www.dalpasso.it\/es\/wp-json\/wp\/v2\/pages\/13260","targetHints":{"allow":["GET"]}}],"collection":[{"href":"https:\/\/www.dalpasso.it\/es\/wp-json\/wp\/v2\/pages"}],"about":[{"href":"https:\/\/www.dalpasso.it\/es\/wp-json\/wp\/v2\/types\/page"}],"author":[{"embeddable":true,"href":"https:\/\/www.dalpasso.it\/es\/wp-json\/wp\/v2\/users\/4"}],"replies":[{"embeddable":true,"href":"https:\/\/www.dalpasso.it\/es\/wp-json\/wp\/v2\/comments?post=13260"}],"version-history":[{"count":1,"href":"https:\/\/www.dalpasso.it\/es\/wp-json\/wp\/v2\/pages\/13260\/revisions"}],"predecessor-version":[{"id":13261,"href":"https:\/\/www.dalpasso.it\/es\/wp-json\/wp\/v2\/pages\/13260\/revisions\/13261"}],"up":[{"embeddable":true,"href":"https:\/\/www.dalpasso.it\/es\/wp-json\/wp\/v2\/pages\/13242"}],"wp:attachment":[{"href":"https:\/\/www.dalpasso.it\/es\/wp-json\/wp\/v2\/media?parent=13260"}],"curies":[{"name":"wp","href":"https:\/\/api.w.org\/{rel}","templated":true}]}}