{"id":13257,"date":"2015-07-09T20:58:52","date_gmt":"2015-07-09T18:58:52","guid":{"rendered":"http:\/\/www.dalpasso.it\/es\/informacion\/impianti\/guthoff\/"},"modified":"2015-12-01T15:58:49","modified_gmt":"2015-12-01T14:58:49","slug":"implante-sec-guthoff","status":"publish","type":"page","link":"https:\/\/www.dalpasso.it\/es\/informacion\/implantes\/implante-sec-guthoff\/","title":{"rendered":"IMPLANTE SEC. GUTHOFF"},"content":{"rendered":"<div class=\"wpb-content-wrapper\">[vc_row][vc_column width=\u00bb2\/3&#8243;][vc_column_text]<\/p>\n<p><strong><a href=\"https:\/\/www.dalpasso.it\/wp-content\/uploads\/2015\/07\/Guthoff1.jpg\" class=\"thickbox no_icon\"><img loading=\"lazy\" decoding=\"async\" class=\"alignleft wp-image-4205 size-medium\" src=\"https:\/\/www.dalpasso.it\/wp-content\/uploads\/2015\/07\/Guthoff1-170x300.jpg\" alt=\"\" width=\"170\" height=\"300\" srcset=\"https:\/\/www.dalpasso.it\/wp-content\/uploads\/2015\/07\/Guthoff1-170x300.jpg 170w, https:\/\/www.dalpasso.it\/wp-content\/uploads\/2015\/07\/Guthoff1.jpg 421w\" sizes=\"auto, (max-width: 170px) 100vw, 170px\" \/><\/a><\/strong> Es un implante para enucleaci\u00f3n subcapsular formado por una semiesfera anterior de hidroxiapatita y una posterior de elast\u00f3mero de silicona. A\u00fana las ventajas de la hidroxiapatita (mejor fibrovascularizaci\u00f3n de los tejidos) y de la silicona (m\u00ednimo traumatismo y libre movimiento dentro de la cavidad orbitaria). Las ranuras que sirven de alojamiento de los m\u00fasculos rectos permiten una sutura frontal en cruz que asegura la estabilidad del implante. Una vez finalizada la intervenci\u00f3n debe colocarse un conformador postoperatorio.<\/p>\n<p>[\/vc_column_text][\/vc_column][\/vc_row]<\/div>","protected":false},"excerpt":{"rendered":"<p>[vc_row][vc_column width=\u00bb2\/3&#8243;][vc_column_text] Es un implante para enucleaci\u00f3n subcapsular formado por una semiesfera anterior de hidroxiapatita y una posterior de elast\u00f3mero de silicona. A\u00fana las ventajas de la hidroxiapatita (mejor fibrovascularizaci\u00f3n de los tejidos) y de la silicona (m\u00ednimo traumatismo y libre movimiento dentro de la cavidad orbitaria). Las ranuras que sirven de alojamiento de los [&hellip;]<\/p>\n","protected":false},"author":4,"featured_media":0,"parent":13242,"menu_order":0,"comment_status":"closed","ping_status":"closed","template":"","meta":{"footnotes":""},"class_list":["post-13257","page","type-page","status-publish","hentry"],"yoast_head":"<!-- This site is optimized with the Yoast SEO plugin v27.1.1 - https:\/\/yoast.com\/product\/yoast-seo-wordpress\/ -->\n<title>IMPLANTE SEC. GUTHOFF | Dalpasso protesi oculari<\/title>\n<meta name=\"robots\" content=\"index, follow, max-snippet:-1, max-image-preview:large, max-video-preview:-1\" \/>\n<link rel=\"canonical\" href=\"https:\/\/www.dalpasso.it\/es\/informacion\/implantes\/implante-sec-guthoff\/\" \/>\n<meta property=\"og:locale\" content=\"es_ES\" \/>\n<meta property=\"og:type\" content=\"article\" \/>\n<meta property=\"og:title\" content=\"IMPLANTE SEC. GUTHOFF | Dalpasso protesi oculari\" \/>\n<meta property=\"og:description\" content=\"[vc_row][vc_column width=\u00bb2\/3&#8243;][vc_column_text] Es un implante para enucleaci\u00f3n subcapsular formado por una semiesfera anterior de hidroxiapatita y una posterior de elast\u00f3mero de silicona. A\u00fana las ventajas de la hidroxiapatita (mejor fibrovascularizaci\u00f3n de los tejidos) y de la silicona (m\u00ednimo traumatismo y libre movimiento dentro de la cavidad orbitaria). Las ranuras que sirven de alojamiento de los [&hellip;]\" \/>\n<meta property=\"og:url\" content=\"https:\/\/www.dalpasso.it\/es\/informacion\/implantes\/implante-sec-guthoff\/\" \/>\n<meta property=\"og:site_name\" content=\"Dalpasso protesi oculari\" \/>\n<meta property=\"article:modified_time\" content=\"2015-12-01T14:58:49+00:00\" \/>\n<meta property=\"og:image\" content=\"https:\/\/www.dalpasso.it\/wp-content\/uploads\/2015\/07\/Guthoff1.jpg\" \/>\n\t<meta property=\"og:image:width\" content=\"421\" \/>\n\t<meta property=\"og:image:height\" content=\"742\" \/>\n\t<meta property=\"og:image:type\" content=\"image\/jpeg\" \/>\n<meta name=\"twitter:card\" content=\"summary_large_image\" \/>\n<script type=\"application\/ld+json\" class=\"yoast-schema-graph\">{\"@context\":\"https:\/\/schema.org\",\"@graph\":[{\"@type\":\"WebPage\",\"@id\":\"https:\/\/www.dalpasso.it\/es\/informacion\/implantes\/implante-sec-guthoff\/\",\"url\":\"https:\/\/www.dalpasso.it\/es\/informacion\/implantes\/implante-sec-guthoff\/\",\"name\":\"IMPLANTE SEC. GUTHOFF | Dalpasso protesi oculari\",\"isPartOf\":{\"@id\":\"https:\/\/www.dalpasso.it\/es\/#website\"},\"primaryImageOfPage\":{\"@id\":\"https:\/\/www.dalpasso.it\/es\/informacion\/implantes\/implante-sec-guthoff\/#primaryimage\"},\"image\":{\"@id\":\"https:\/\/www.dalpasso.it\/es\/informacion\/implantes\/implante-sec-guthoff\/#primaryimage\"},\"thumbnailUrl\":\"https:\/\/www.dalpasso.it\/wp-content\/uploads\/2015\/07\/Guthoff1-170x300.jpg\",\"datePublished\":\"2015-07-09T18:58:52+00:00\",\"dateModified\":\"2015-12-01T14:58:49+00:00\",\"breadcrumb\":{\"@id\":\"https:\/\/www.dalpasso.it\/es\/informacion\/implantes\/implante-sec-guthoff\/#breadcrumb\"},\"inLanguage\":\"es\",\"potentialAction\":[{\"@type\":\"ReadAction\",\"target\":[\"https:\/\/www.dalpasso.it\/es\/informacion\/implantes\/implante-sec-guthoff\/\"]}]},{\"@type\":\"ImageObject\",\"inLanguage\":\"es\",\"@id\":\"https:\/\/www.dalpasso.it\/es\/informacion\/implantes\/implante-sec-guthoff\/#primaryimage\",\"url\":\"https:\/\/www.dalpasso.it\/wp-content\/uploads\/2015\/07\/Guthoff1-170x300.jpg\",\"contentUrl\":\"https:\/\/www.dalpasso.it\/wp-content\/uploads\/2015\/07\/Guthoff1-170x300.jpg\"},{\"@type\":\"BreadcrumbList\",\"@id\":\"https:\/\/www.dalpasso.it\/es\/informacion\/implantes\/implante-sec-guthoff\/#breadcrumb\",\"itemListElement\":[{\"@type\":\"ListItem\",\"position\":1,\"name\":\"Home\",\"item\":\"https:\/\/www.dalpasso.it\/es\/standard-business\/\"},{\"@type\":\"ListItem\",\"position\":2,\"name\":\"INFORMACI\u00d3N\",\"item\":\"https:\/\/www.dalpasso.it\/es\/informacion\/\"},{\"@type\":\"ListItem\",\"position\":3,\"name\":\"IMPLANTES\",\"item\":\"https:\/\/www.dalpasso.it\/es\/informacion\/implantes\/\"},{\"@type\":\"ListItem\",\"position\":4,\"name\":\"IMPLANTE SEC. GUTHOFF\"}]},{\"@type\":\"WebSite\",\"@id\":\"https:\/\/www.dalpasso.it\/es\/#website\",\"url\":\"https:\/\/www.dalpasso.it\/es\/\",\"name\":\"DALPASSO Protesi Oculari\",\"description\":\"\",\"potentialAction\":[{\"@type\":\"SearchAction\",\"target\":{\"@type\":\"EntryPoint\",\"urlTemplate\":\"https:\/\/www.dalpasso.it\/es\/?s={search_term_string}\"},\"query-input\":{\"@type\":\"PropertyValueSpecification\",\"valueRequired\":true,\"valueName\":\"search_term_string\"}}],\"inLanguage\":\"es\"}]}<\/script>\n<!-- \/ Yoast SEO plugin. -->","yoast_head_json":{"title":"IMPLANTE SEC. GUTHOFF | Dalpasso protesi oculari","robots":{"index":"index","follow":"follow","max-snippet":"max-snippet:-1","max-image-preview":"max-image-preview:large","max-video-preview":"max-video-preview:-1"},"canonical":"https:\/\/www.dalpasso.it\/es\/informacion\/implantes\/implante-sec-guthoff\/","og_locale":"es_ES","og_type":"article","og_title":"IMPLANTE SEC. GUTHOFF | Dalpasso protesi oculari","og_description":"[vc_row][vc_column width=\u00bb2\/3&#8243;][vc_column_text] Es un implante para enucleaci\u00f3n subcapsular formado por una semiesfera anterior de hidroxiapatita y una posterior de elast\u00f3mero de silicona. A\u00fana las ventajas de la hidroxiapatita (mejor fibrovascularizaci\u00f3n de los tejidos) y de la silicona (m\u00ednimo traumatismo y libre movimiento dentro de la cavidad orbitaria). Las ranuras que sirven de alojamiento de los [&hellip;]","og_url":"https:\/\/www.dalpasso.it\/es\/informacion\/implantes\/implante-sec-guthoff\/","og_site_name":"Dalpasso protesi oculari","article_modified_time":"2015-12-01T14:58:49+00:00","og_image":[{"width":421,"height":742,"url":"https:\/\/www.dalpasso.it\/wp-content\/uploads\/2015\/07\/Guthoff1.jpg","type":"image\/jpeg"}],"twitter_card":"summary_large_image","schema":{"@context":"https:\/\/schema.org","@graph":[{"@type":"WebPage","@id":"https:\/\/www.dalpasso.it\/es\/informacion\/implantes\/implante-sec-guthoff\/","url":"https:\/\/www.dalpasso.it\/es\/informacion\/implantes\/implante-sec-guthoff\/","name":"IMPLANTE SEC. GUTHOFF | Dalpasso protesi oculari","isPartOf":{"@id":"https:\/\/www.dalpasso.it\/es\/#website"},"primaryImageOfPage":{"@id":"https:\/\/www.dalpasso.it\/es\/informacion\/implantes\/implante-sec-guthoff\/#primaryimage"},"image":{"@id":"https:\/\/www.dalpasso.it\/es\/informacion\/implantes\/implante-sec-guthoff\/#primaryimage"},"thumbnailUrl":"https:\/\/www.dalpasso.it\/wp-content\/uploads\/2015\/07\/Guthoff1-170x300.jpg","datePublished":"2015-07-09T18:58:52+00:00","dateModified":"2015-12-01T14:58:49+00:00","breadcrumb":{"@id":"https:\/\/www.dalpasso.it\/es\/informacion\/implantes\/implante-sec-guthoff\/#breadcrumb"},"inLanguage":"es","potentialAction":[{"@type":"ReadAction","target":["https:\/\/www.dalpasso.it\/es\/informacion\/implantes\/implante-sec-guthoff\/"]}]},{"@type":"ImageObject","inLanguage":"es","@id":"https:\/\/www.dalpasso.it\/es\/informacion\/implantes\/implante-sec-guthoff\/#primaryimage","url":"https:\/\/www.dalpasso.it\/wp-content\/uploads\/2015\/07\/Guthoff1-170x300.jpg","contentUrl":"https:\/\/www.dalpasso.it\/wp-content\/uploads\/2015\/07\/Guthoff1-170x300.jpg"},{"@type":"BreadcrumbList","@id":"https:\/\/www.dalpasso.it\/es\/informacion\/implantes\/implante-sec-guthoff\/#breadcrumb","itemListElement":[{"@type":"ListItem","position":1,"name":"Home","item":"https:\/\/www.dalpasso.it\/es\/standard-business\/"},{"@type":"ListItem","position":2,"name":"INFORMACI\u00d3N","item":"https:\/\/www.dalpasso.it\/es\/informacion\/"},{"@type":"ListItem","position":3,"name":"IMPLANTES","item":"https:\/\/www.dalpasso.it\/es\/informacion\/implantes\/"},{"@type":"ListItem","position":4,"name":"IMPLANTE SEC. GUTHOFF"}]},{"@type":"WebSite","@id":"https:\/\/www.dalpasso.it\/es\/#website","url":"https:\/\/www.dalpasso.it\/es\/","name":"DALPASSO Protesi Oculari","description":"","potentialAction":[{"@type":"SearchAction","target":{"@type":"EntryPoint","urlTemplate":"https:\/\/www.dalpasso.it\/es\/?s={search_term_string}"},"query-input":{"@type":"PropertyValueSpecification","valueRequired":true,"valueName":"search_term_string"}}],"inLanguage":"es"}]}},"_links":{"self":[{"href":"https:\/\/www.dalpasso.it\/es\/wp-json\/wp\/v2\/pages\/13257","targetHints":{"allow":["GET"]}}],"collection":[{"href":"https:\/\/www.dalpasso.it\/es\/wp-json\/wp\/v2\/pages"}],"about":[{"href":"https:\/\/www.dalpasso.it\/es\/wp-json\/wp\/v2\/types\/page"}],"author":[{"embeddable":true,"href":"https:\/\/www.dalpasso.it\/es\/wp-json\/wp\/v2\/users\/4"}],"replies":[{"embeddable":true,"href":"https:\/\/www.dalpasso.it\/es\/wp-json\/wp\/v2\/comments?post=13257"}],"version-history":[{"count":1,"href":"https:\/\/www.dalpasso.it\/es\/wp-json\/wp\/v2\/pages\/13257\/revisions"}],"predecessor-version":[{"id":13258,"href":"https:\/\/www.dalpasso.it\/es\/wp-json\/wp\/v2\/pages\/13257\/revisions\/13258"}],"up":[{"embeddable":true,"href":"https:\/\/www.dalpasso.it\/es\/wp-json\/wp\/v2\/pages\/13242"}],"wp:attachment":[{"href":"https:\/\/www.dalpasso.it\/es\/wp-json\/wp\/v2\/media?parent=13257"}],"curies":[{"name":"wp","href":"https:\/\/api.w.org\/{rel}","templated":true}]}}