{"id":13249,"date":"2015-07-09T21:17:16","date_gmt":"2015-07-09T19:17:16","guid":{"rendered":"http:\/\/www.dalpasso.it\/es\/informacion\/impianti\/conformatore-orbitale-espandibile\/"},"modified":"2015-12-01T15:54:39","modified_gmt":"2015-12-01T14:54:39","slug":"conformador-orbital-expandible","status":"publish","type":"page","link":"https:\/\/www.dalpasso.it\/es\/informacion\/implantes\/conformador-orbital-expandible\/","title":{"rendered":"CONFORMADOR ORBITAL EXPANDIBLE"},"content":{"rendered":"<div class=\"wpb-content-wrapper\">[vc_row][vc_column width=\u00bb2\/3&#8243;][vc_separator color=\u00bbturquoise\u00bb align=\u00bbalign_center\u00bb border_width=\u00bb2&#8243;][vc_column_text]El <strong>expansor orbital<\/strong>\u00a0es un implante que se expande progresivamente dentro de la cavidad anoft\u00e1lmica.<br \/>\nConsiste en un globo expandible y flexible que se coloca con una placa de titanio anclada con tornillos en la pared lateral de la \u00f3rbita. El implante colocado es autocentrante y, una vez llenado progresivamente de soluci\u00f3n salina est\u00e9ril a trav\u00e9s de un acceso central con una jeringa, ejerce una presi\u00f3n constante contra las paredes de la \u00f3rbita.<br \/>\nEl principal l\u00edmite de este implante es que ejerce una presi\u00f3n constante en todas las direcciones, tambi\u00e9n en los puntos en los que las estructuras endo-orbitarias ceden m\u00e1s y, por consiguiente, necesitan una menor presi\u00f3n.[\/vc_column_text][vc_separator color=\u00bbturquoise\u00bb align=\u00bbalign_center\u00bb style=\u00bb\u00bb border_width=\u00bb2&#8243; el_width=\u00bb\u00bb][vc_column_text]<\/p>\n<p>El <strong>expansor tisular osm\u00f3tico<\/strong>\u00a0(Hydrogel orbital expander) est\u00e1 constituido por un copol\u00edmero de metilmetacrilato y N-vinilpirrolidona similar al utilizado para fabricar lentes de contacto blandas. Este biomaterial innovador ha sido modificado qu\u00edmicamente para que su volumen pueda expandirse hasta 12 veces en contacto con los l\u00edquidos.\u00a0La expansi\u00f3n del tejido se realiza pasivamente con una presi\u00f3n constante de unos 20-30 mm\/Hg (el dispositivo absorbe el fluido del espacio tejido circunstante). La velocidad y el tiempo de expansi\u00f3n dependen del \u00edndice de humedad disponible y de la contrapresi\u00f3n de los tejidos circunstantes.<\/p>\n<p>[\/vc_column_text][vc_separator color=\u00bbturquoise\u00bb align=\u00bbalign_center\u00bb style=\u00bb\u00bb border_width=\u00bb2&#8243; el_width=\u00bb\u00bb][vc_column_text]El <strong>expansor mec\u00e1nico<\/strong>\u00a0es un conformador de PMMA al cual se aplica un tornillo ortod\u00f3ncico con el que se regula la tensi\u00f3n en los f\u00f3rnix.<br \/>\nEl principal l\u00edmite de este implante es que la acci\u00f3n mec\u00e1nica afecta escasamente a los f\u00f3rnix y, en cambio, se distribuye principalmente en las estructuras \u00f3seas orbitales hasta desarrollar en algunos casos fen\u00f3menos deformativos de la \u00f3rbita.[\/vc_column_text][\/vc_column][vc_column width=\u00bb1\/3&#8243;][vc_column_text]<\/p>\n<p><a href=\"https:\/\/www.dalpasso.it\/wp-content\/uploads\/2015\/07\/Orbital-expander02.jpg\" class=\"thickbox no_icon\"><img loading=\"lazy\" decoding=\"async\" class=\"alignnone wp-image-6630 \" src=\"https:\/\/www.dalpasso.it\/wp-content\/uploads\/2015\/07\/Orbital-expander02-300x243.jpg\" alt=\"Espansore orbitale\" width=\"277\" height=\"224\" srcset=\"https:\/\/www.dalpasso.it\/wp-content\/uploads\/2015\/07\/Orbital-expander02-300x243.jpg 300w, https:\/\/www.dalpasso.it\/wp-content\/uploads\/2015\/07\/Orbital-expander02.jpg 768w\" sizes=\"auto, (max-width: 277px) 100vw, 277px\" \/><\/a><\/p>\n<p>[\/vc_column_text][vc_column_text]<\/p>\n<p><a href=\"https:\/\/www.dalpasso.it\/wp-content\/uploads\/2015\/07\/Orbital-expander03.jpg\" class=\"thickbox no_icon\"><img loading=\"lazy\" decoding=\"async\" class=\"alignnone size-full wp-image-6631\" src=\"https:\/\/www.dalpasso.it\/wp-content\/uploads\/2015\/07\/Orbital-expander03.jpg\" alt=\"Orbital expander03\" width=\"279\" height=\"214\" \/><\/a><\/p>\n<p>[\/vc_column_text][vc_column_text]<\/p>\n<p><a href=\"https:\/\/www.dalpasso.it\/wp-content\/uploads\/2015\/07\/Hydrogel-orbital-expander.jpg\" class=\"thickbox no_icon\"><img loading=\"lazy\" decoding=\"async\" class=\"alignnone size-medium wp-image-6634\" src=\"https:\/\/www.dalpasso.it\/wp-content\/uploads\/2015\/07\/Hydrogel-orbital-expander-300x130.jpg\" alt=\"Hydrogel orbital expander\" width=\"300\" height=\"130\" srcset=\"https:\/\/www.dalpasso.it\/wp-content\/uploads\/2015\/07\/Hydrogel-orbital-expander-300x130.jpg 300w, https:\/\/www.dalpasso.it\/wp-content\/uploads\/2015\/07\/Hydrogel-orbital-expander.jpg 599w\" sizes=\"auto, (max-width: 300px) 100vw, 300px\" \/><\/a><\/p>\n<p>[\/vc_column_text][\/vc_column][\/vc_row][vc_row][vc_column][vc_column_text]<\/p>\n<p>[\/vc_column_text][\/vc_column][\/vc_row]<\/div>","protected":false},"excerpt":{"rendered":"<p>[vc_row][vc_column width=\u00bb2\/3&#8243;][vc_separator color=\u00bbturquoise\u00bb align=\u00bbalign_center\u00bb border_width=\u00bb2&#8243;][vc_column_text]El expansor orbital\u00a0es un implante que se expande progresivamente dentro de la cavidad anoft\u00e1lmica. Consiste en un globo expandible y flexible que se coloca con una placa de titanio anclada con tornillos en la pared lateral de la \u00f3rbita. El implante colocado es autocentrante y, una vez llenado progresivamente de soluci\u00f3n [&hellip;]<\/p>\n","protected":false},"author":4,"featured_media":0,"parent":13242,"menu_order":0,"comment_status":"closed","ping_status":"closed","template":"","meta":{"footnotes":""},"class_list":["post-13249","page","type-page","status-publish","hentry"],"yoast_head":"<!-- This site is optimized with the Yoast SEO plugin v27.1.1 - https:\/\/yoast.com\/product\/yoast-seo-wordpress\/ -->\n<title>CONFORMADOR ORBITAL EXPANDIBLE | Dalpasso protesi oculari<\/title>\n<meta name=\"robots\" content=\"index, follow, max-snippet:-1, max-image-preview:large, max-video-preview:-1\" \/>\n<link rel=\"canonical\" href=\"https:\/\/www.dalpasso.it\/es\/informacion\/implantes\/conformador-orbital-expandible\/\" \/>\n<meta property=\"og:locale\" content=\"es_ES\" \/>\n<meta property=\"og:type\" content=\"article\" \/>\n<meta property=\"og:title\" content=\"CONFORMADOR ORBITAL EXPANDIBLE | Dalpasso protesi oculari\" \/>\n<meta property=\"og:description\" content=\"[vc_row][vc_column width=\u00bb2\/3&#8243;][vc_separator color=\u00bbturquoise\u00bb align=\u00bbalign_center\u00bb border_width=\u00bb2&#8243;][vc_column_text]El expansor orbital\u00a0es un implante que se expande progresivamente dentro de la cavidad anoft\u00e1lmica. Consiste en un globo expandible y flexible que se coloca con una placa de titanio anclada con tornillos en la pared lateral de la \u00f3rbita. El implante colocado es autocentrante y, una vez llenado progresivamente de soluci\u00f3n [&hellip;]\" \/>\n<meta property=\"og:url\" content=\"https:\/\/www.dalpasso.it\/es\/informacion\/implantes\/conformador-orbital-expandible\/\" \/>\n<meta property=\"og:site_name\" content=\"Dalpasso protesi oculari\" \/>\n<meta property=\"article:modified_time\" content=\"2015-12-01T14:54:39+00:00\" \/>\n<meta property=\"og:image\" content=\"https:\/\/www.dalpasso.it\/wp-content\/uploads\/2015\/07\/Orbital-expander02.jpg\" \/>\n\t<meta property=\"og:image:width\" content=\"768\" \/>\n\t<meta property=\"og:image:height\" content=\"621\" \/>\n\t<meta property=\"og:image:type\" content=\"image\/jpeg\" \/>\n<meta name=\"twitter:card\" content=\"summary_large_image\" \/>\n<meta name=\"twitter:label1\" content=\"Tiempo de lectura\" \/>\n\t<meta name=\"twitter:data1\" content=\"2 minutos\" \/>\n<script type=\"application\/ld+json\" class=\"yoast-schema-graph\">{\"@context\":\"https:\/\/schema.org\",\"@graph\":[{\"@type\":\"WebPage\",\"@id\":\"https:\/\/www.dalpasso.it\/es\/informacion\/implantes\/conformador-orbital-expandible\/\",\"url\":\"https:\/\/www.dalpasso.it\/es\/informacion\/implantes\/conformador-orbital-expandible\/\",\"name\":\"CONFORMADOR ORBITAL EXPANDIBLE | Dalpasso protesi oculari\",\"isPartOf\":{\"@id\":\"https:\/\/www.dalpasso.it\/es\/#website\"},\"primaryImageOfPage\":{\"@id\":\"https:\/\/www.dalpasso.it\/es\/informacion\/implantes\/conformador-orbital-expandible\/#primaryimage\"},\"image\":{\"@id\":\"https:\/\/www.dalpasso.it\/es\/informacion\/implantes\/conformador-orbital-expandible\/#primaryimage\"},\"thumbnailUrl\":\"https:\/\/www.dalpasso.it\/wp-content\/uploads\/2015\/07\/Orbital-expander02-300x243.jpg\",\"datePublished\":\"2015-07-09T19:17:16+00:00\",\"dateModified\":\"2015-12-01T14:54:39+00:00\",\"breadcrumb\":{\"@id\":\"https:\/\/www.dalpasso.it\/es\/informacion\/implantes\/conformador-orbital-expandible\/#breadcrumb\"},\"inLanguage\":\"es\",\"potentialAction\":[{\"@type\":\"ReadAction\",\"target\":[\"https:\/\/www.dalpasso.it\/es\/informacion\/implantes\/conformador-orbital-expandible\/\"]}]},{\"@type\":\"ImageObject\",\"inLanguage\":\"es\",\"@id\":\"https:\/\/www.dalpasso.it\/es\/informacion\/implantes\/conformador-orbital-expandible\/#primaryimage\",\"url\":\"https:\/\/www.dalpasso.it\/wp-content\/uploads\/2015\/07\/Orbital-expander02-300x243.jpg\",\"contentUrl\":\"https:\/\/www.dalpasso.it\/wp-content\/uploads\/2015\/07\/Orbital-expander02-300x243.jpg\"},{\"@type\":\"BreadcrumbList\",\"@id\":\"https:\/\/www.dalpasso.it\/es\/informacion\/implantes\/conformador-orbital-expandible\/#breadcrumb\",\"itemListElement\":[{\"@type\":\"ListItem\",\"position\":1,\"name\":\"Home\",\"item\":\"https:\/\/www.dalpasso.it\/es\/standard-business\/\"},{\"@type\":\"ListItem\",\"position\":2,\"name\":\"INFORMACI\u00d3N\",\"item\":\"https:\/\/www.dalpasso.it\/es\/informacion\/\"},{\"@type\":\"ListItem\",\"position\":3,\"name\":\"IMPLANTES\",\"item\":\"https:\/\/www.dalpasso.it\/es\/informacion\/implantes\/\"},{\"@type\":\"ListItem\",\"position\":4,\"name\":\"CONFORMADOR ORBITAL EXPANDIBLE\"}]},{\"@type\":\"WebSite\",\"@id\":\"https:\/\/www.dalpasso.it\/es\/#website\",\"url\":\"https:\/\/www.dalpasso.it\/es\/\",\"name\":\"DALPASSO Protesi Oculari\",\"description\":\"\",\"potentialAction\":[{\"@type\":\"SearchAction\",\"target\":{\"@type\":\"EntryPoint\",\"urlTemplate\":\"https:\/\/www.dalpasso.it\/es\/?s={search_term_string}\"},\"query-input\":{\"@type\":\"PropertyValueSpecification\",\"valueRequired\":true,\"valueName\":\"search_term_string\"}}],\"inLanguage\":\"es\"}]}<\/script>\n<!-- \/ Yoast SEO plugin. -->","yoast_head_json":{"title":"CONFORMADOR ORBITAL EXPANDIBLE | Dalpasso protesi oculari","robots":{"index":"index","follow":"follow","max-snippet":"max-snippet:-1","max-image-preview":"max-image-preview:large","max-video-preview":"max-video-preview:-1"},"canonical":"https:\/\/www.dalpasso.it\/es\/informacion\/implantes\/conformador-orbital-expandible\/","og_locale":"es_ES","og_type":"article","og_title":"CONFORMADOR ORBITAL EXPANDIBLE | Dalpasso protesi oculari","og_description":"[vc_row][vc_column width=\u00bb2\/3&#8243;][vc_separator color=\u00bbturquoise\u00bb align=\u00bbalign_center\u00bb border_width=\u00bb2&#8243;][vc_column_text]El expansor orbital\u00a0es un implante que se expande progresivamente dentro de la cavidad anoft\u00e1lmica. Consiste en un globo expandible y flexible que se coloca con una placa de titanio anclada con tornillos en la pared lateral de la \u00f3rbita. El implante colocado es autocentrante y, una vez llenado progresivamente de soluci\u00f3n [&hellip;]","og_url":"https:\/\/www.dalpasso.it\/es\/informacion\/implantes\/conformador-orbital-expandible\/","og_site_name":"Dalpasso protesi oculari","article_modified_time":"2015-12-01T14:54:39+00:00","og_image":[{"width":768,"height":621,"url":"https:\/\/www.dalpasso.it\/wp-content\/uploads\/2015\/07\/Orbital-expander02.jpg","type":"image\/jpeg"}],"twitter_card":"summary_large_image","twitter_misc":{"Tiempo de lectura":"2 minutos"},"schema":{"@context":"https:\/\/schema.org","@graph":[{"@type":"WebPage","@id":"https:\/\/www.dalpasso.it\/es\/informacion\/implantes\/conformador-orbital-expandible\/","url":"https:\/\/www.dalpasso.it\/es\/informacion\/implantes\/conformador-orbital-expandible\/","name":"CONFORMADOR ORBITAL EXPANDIBLE | Dalpasso protesi oculari","isPartOf":{"@id":"https:\/\/www.dalpasso.it\/es\/#website"},"primaryImageOfPage":{"@id":"https:\/\/www.dalpasso.it\/es\/informacion\/implantes\/conformador-orbital-expandible\/#primaryimage"},"image":{"@id":"https:\/\/www.dalpasso.it\/es\/informacion\/implantes\/conformador-orbital-expandible\/#primaryimage"},"thumbnailUrl":"https:\/\/www.dalpasso.it\/wp-content\/uploads\/2015\/07\/Orbital-expander02-300x243.jpg","datePublished":"2015-07-09T19:17:16+00:00","dateModified":"2015-12-01T14:54:39+00:00","breadcrumb":{"@id":"https:\/\/www.dalpasso.it\/es\/informacion\/implantes\/conformador-orbital-expandible\/#breadcrumb"},"inLanguage":"es","potentialAction":[{"@type":"ReadAction","target":["https:\/\/www.dalpasso.it\/es\/informacion\/implantes\/conformador-orbital-expandible\/"]}]},{"@type":"ImageObject","inLanguage":"es","@id":"https:\/\/www.dalpasso.it\/es\/informacion\/implantes\/conformador-orbital-expandible\/#primaryimage","url":"https:\/\/www.dalpasso.it\/wp-content\/uploads\/2015\/07\/Orbital-expander02-300x243.jpg","contentUrl":"https:\/\/www.dalpasso.it\/wp-content\/uploads\/2015\/07\/Orbital-expander02-300x243.jpg"},{"@type":"BreadcrumbList","@id":"https:\/\/www.dalpasso.it\/es\/informacion\/implantes\/conformador-orbital-expandible\/#breadcrumb","itemListElement":[{"@type":"ListItem","position":1,"name":"Home","item":"https:\/\/www.dalpasso.it\/es\/standard-business\/"},{"@type":"ListItem","position":2,"name":"INFORMACI\u00d3N","item":"https:\/\/www.dalpasso.it\/es\/informacion\/"},{"@type":"ListItem","position":3,"name":"IMPLANTES","item":"https:\/\/www.dalpasso.it\/es\/informacion\/implantes\/"},{"@type":"ListItem","position":4,"name":"CONFORMADOR ORBITAL EXPANDIBLE"}]},{"@type":"WebSite","@id":"https:\/\/www.dalpasso.it\/es\/#website","url":"https:\/\/www.dalpasso.it\/es\/","name":"DALPASSO Protesi Oculari","description":"","potentialAction":[{"@type":"SearchAction","target":{"@type":"EntryPoint","urlTemplate":"https:\/\/www.dalpasso.it\/es\/?s={search_term_string}"},"query-input":{"@type":"PropertyValueSpecification","valueRequired":true,"valueName":"search_term_string"}}],"inLanguage":"es"}]}},"_links":{"self":[{"href":"https:\/\/www.dalpasso.it\/es\/wp-json\/wp\/v2\/pages\/13249","targetHints":{"allow":["GET"]}}],"collection":[{"href":"https:\/\/www.dalpasso.it\/es\/wp-json\/wp\/v2\/pages"}],"about":[{"href":"https:\/\/www.dalpasso.it\/es\/wp-json\/wp\/v2\/types\/page"}],"author":[{"embeddable":true,"href":"https:\/\/www.dalpasso.it\/es\/wp-json\/wp\/v2\/users\/4"}],"replies":[{"embeddable":true,"href":"https:\/\/www.dalpasso.it\/es\/wp-json\/wp\/v2\/comments?post=13249"}],"version-history":[{"count":2,"href":"https:\/\/www.dalpasso.it\/es\/wp-json\/wp\/v2\/pages\/13249\/revisions"}],"predecessor-version":[{"id":13251,"href":"https:\/\/www.dalpasso.it\/es\/wp-json\/wp\/v2\/pages\/13249\/revisions\/13251"}],"up":[{"embeddable":true,"href":"https:\/\/www.dalpasso.it\/es\/wp-json\/wp\/v2\/pages\/13242"}],"wp:attachment":[{"href":"https:\/\/www.dalpasso.it\/es\/wp-json\/wp\/v2\/media?parent=13249"}],"curies":[{"name":"wp","href":"https:\/\/api.w.org\/{rel}","templated":true}]}}