{"id":13245,"date":"2015-07-08T19:18:17","date_gmt":"2015-07-08T17:18:17","guid":{"rendered":"http:\/\/www.dalpasso.it\/es\/informacion\/impianti\/fester-orbitaler-platzhalter\/"},"modified":"2015-12-01T15:52:19","modified_gmt":"2015-12-01T14:52:19","slug":"conformador-orbital-fijo","status":"publish","type":"page","link":"https:\/\/www.dalpasso.it\/es\/informacion\/implantes\/conformador-orbital-fijo\/","title":{"rendered":"CONFORMADOR ORBITAL FIJO"},"content":{"rendered":"<div class=\"wpb-content-wrapper\">[vc_row][vc_column width=\u00bb1\/1&#8243;][vc_separator color=\u00bbsky\u00bb][vc_column_text]<\/p>\n<h4 style=\"text-align: left;\"><span style=\"color: #000000;\"><strong>Los conformadores pedi\u00e1tricos o expansores son los implantes adecuados en caso de anoftalmia cong\u00e9nita.<\/strong><\/span><\/h4>\n<p>[\/vc_column_text][vc_separator color=\u00bbsky\u00bb][\/vc_column][\/vc_row][vc_row][vc_column width=\u00bb2\/3&#8243;][vc_column_text]<img loading=\"lazy\" decoding=\"async\" class=\"alignleft wp-image-3196 size-full\" src=\"https:\/\/www.dalpasso.it\/wp-content\/uploads\/2015\/07\/conformatoripediatrici01.jpg\" alt=\"conformatoripediatrici01\" width=\"231\" height=\"226\" \/> Son pr\u00f3tesis de PMMA conformadas seg\u00fan el volumen y la morfolog\u00eda de la cavidad anoft\u00e1lmica del ni\u00f1o y tienen dos orificios en la superficie frontal para facilitar su extracci\u00f3n.<br \/>\nEstos conformadores se realizan en diferentes modelos y en distintas fases (en reci\u00e9n nacidos, el periodo de tiempo entre estas fases es de pocos meses), y aumentan progresivamente el volumen hasta \u201ceducar\u201d la cavidad anoft\u00e1lmica a un progresivo crecimiento en armon\u00eda con la contralateral. De este modo en la mayor\u00eda de casos se obtiene un considerable desarrollo de la regi\u00f3n hipodesarrollada y se alcanza gradualmente la correcta simetr\u00eda orbital.[\/vc_column_text][\/vc_column][\/vc_row][vc_row][vc_column width=\u00bb2\/3&#8243;][vc_column_text]<img loading=\"lazy\" decoding=\"async\" class=\"alignleft wp-image-3223 size-full\" src=\"https:\/\/www.dalpasso.it\/wp-content\/uploads\/2015\/07\/impiantoConformatoreEspandibile1.jpg\" alt=\"impiantoConformatoreEspandibile1\" width=\"226\" height=\"175\" \/>Los expansores de la cavidad merecen un cap\u00edtulo aparte.<br \/>\nSon implantes utilizados en los \u00faltimos a\u00f1os, a menudo asociados con otras t\u00e9cnicas de sustituci\u00f3n del volumen endo-orbital, como los trasplantes dermo-lip\u00eddicos y de reconstrucci\u00f3n de tejidos blandos.<br \/>\nPero los resultados obtenidos con este tipo de expansor de la cavidad son controvertidos y a menudo no dan resultados apreciables.[\/vc_column_text][\/vc_column][\/vc_row]<\/div>","protected":false},"excerpt":{"rendered":"<p>[vc_row][vc_column width=\u00bb1\/1&#8243;][vc_separator color=\u00bbsky\u00bb][vc_column_text] Los conformadores pedi\u00e1tricos o expansores son los implantes adecuados en caso de anoftalmia cong\u00e9nita. [\/vc_column_text][vc_separator color=\u00bbsky\u00bb][\/vc_column][\/vc_row][vc_row][vc_column width=\u00bb2\/3&#8243;][vc_column_text] Son pr\u00f3tesis de PMMA conformadas seg\u00fan el volumen y la morfolog\u00eda de la cavidad anoft\u00e1lmica del ni\u00f1o y tienen dos orificios en la superficie frontal para facilitar su extracci\u00f3n. Estos conformadores se realizan en diferentes [&hellip;]<\/p>\n","protected":false},"author":4,"featured_media":0,"parent":13242,"menu_order":0,"comment_status":"closed","ping_status":"closed","template":"","meta":{"footnotes":""},"class_list":["post-13245","page","type-page","status-publish","hentry"],"yoast_head":"<!-- This site is optimized with the Yoast SEO plugin v27.1.1 - https:\/\/yoast.com\/product\/yoast-seo-wordpress\/ -->\n<title>CONFORMADOR ORBITAL FIJO | Dalpasso protesi oculari<\/title>\n<meta name=\"robots\" content=\"index, follow, max-snippet:-1, max-image-preview:large, max-video-preview:-1\" \/>\n<link rel=\"canonical\" href=\"https:\/\/www.dalpasso.it\/es\/informacion\/implantes\/conformador-orbital-fijo\/\" \/>\n<meta property=\"og:locale\" content=\"es_ES\" \/>\n<meta property=\"og:type\" content=\"article\" \/>\n<meta property=\"og:title\" content=\"CONFORMADOR ORBITAL FIJO | Dalpasso protesi oculari\" \/>\n<meta property=\"og:description\" content=\"[vc_row][vc_column width=\u00bb1\/1&#8243;][vc_separator color=\u00bbsky\u00bb][vc_column_text] Los conformadores pedi\u00e1tricos o expansores son los implantes adecuados en caso de anoftalmia cong\u00e9nita. [\/vc_column_text][vc_separator color=\u00bbsky\u00bb][\/vc_column][\/vc_row][vc_row][vc_column width=\u00bb2\/3&#8243;][vc_column_text] Son pr\u00f3tesis de PMMA conformadas seg\u00fan el volumen y la morfolog\u00eda de la cavidad anoft\u00e1lmica del ni\u00f1o y tienen dos orificios en la superficie frontal para facilitar su extracci\u00f3n. Estos conformadores se realizan en diferentes [&hellip;]\" \/>\n<meta property=\"og:url\" content=\"https:\/\/www.dalpasso.it\/es\/informacion\/implantes\/conformador-orbital-fijo\/\" \/>\n<meta property=\"og:site_name\" content=\"Dalpasso protesi oculari\" \/>\n<meta property=\"article:modified_time\" content=\"2015-12-01T14:52:19+00:00\" \/>\n<meta property=\"og:image\" content=\"https:\/\/www.dalpasso.it\/wp-content\/uploads\/2015\/07\/conformatoripediatrici01.jpg\" \/>\n\t<meta property=\"og:image:width\" content=\"231\" \/>\n\t<meta property=\"og:image:height\" content=\"226\" \/>\n\t<meta property=\"og:image:type\" content=\"image\/jpeg\" \/>\n<meta name=\"twitter:card\" content=\"summary_large_image\" \/>\n<meta name=\"twitter:label1\" content=\"Tiempo de lectura\" \/>\n\t<meta name=\"twitter:data1\" content=\"1 minuto\" \/>\n<script type=\"application\/ld+json\" class=\"yoast-schema-graph\">{\"@context\":\"https:\/\/schema.org\",\"@graph\":[{\"@type\":\"WebPage\",\"@id\":\"https:\/\/www.dalpasso.it\/es\/informacion\/implantes\/conformador-orbital-fijo\/\",\"url\":\"https:\/\/www.dalpasso.it\/es\/informacion\/implantes\/conformador-orbital-fijo\/\",\"name\":\"CONFORMADOR ORBITAL FIJO | Dalpasso protesi oculari\",\"isPartOf\":{\"@id\":\"https:\/\/www.dalpasso.it\/es\/#website\"},\"primaryImageOfPage\":{\"@id\":\"https:\/\/www.dalpasso.it\/es\/informacion\/implantes\/conformador-orbital-fijo\/#primaryimage\"},\"image\":{\"@id\":\"https:\/\/www.dalpasso.it\/es\/informacion\/implantes\/conformador-orbital-fijo\/#primaryimage\"},\"thumbnailUrl\":\"https:\/\/www.dalpasso.it\/wp-content\/uploads\/2015\/07\/conformatoripediatrici01.jpg\",\"datePublished\":\"2015-07-08T17:18:17+00:00\",\"dateModified\":\"2015-12-01T14:52:19+00:00\",\"breadcrumb\":{\"@id\":\"https:\/\/www.dalpasso.it\/es\/informacion\/implantes\/conformador-orbital-fijo\/#breadcrumb\"},\"inLanguage\":\"es\",\"potentialAction\":[{\"@type\":\"ReadAction\",\"target\":[\"https:\/\/www.dalpasso.it\/es\/informacion\/implantes\/conformador-orbital-fijo\/\"]}]},{\"@type\":\"ImageObject\",\"inLanguage\":\"es\",\"@id\":\"https:\/\/www.dalpasso.it\/es\/informacion\/implantes\/conformador-orbital-fijo\/#primaryimage\",\"url\":\"https:\/\/www.dalpasso.it\/wp-content\/uploads\/2015\/07\/conformatoripediatrici01.jpg\",\"contentUrl\":\"https:\/\/www.dalpasso.it\/wp-content\/uploads\/2015\/07\/conformatoripediatrici01.jpg\"},{\"@type\":\"BreadcrumbList\",\"@id\":\"https:\/\/www.dalpasso.it\/es\/informacion\/implantes\/conformador-orbital-fijo\/#breadcrumb\",\"itemListElement\":[{\"@type\":\"ListItem\",\"position\":1,\"name\":\"Home\",\"item\":\"https:\/\/www.dalpasso.it\/es\/standard-business\/\"},{\"@type\":\"ListItem\",\"position\":2,\"name\":\"INFORMACI\u00d3N\",\"item\":\"https:\/\/www.dalpasso.it\/es\/informacion\/\"},{\"@type\":\"ListItem\",\"position\":3,\"name\":\"IMPLANTES\",\"item\":\"https:\/\/www.dalpasso.it\/es\/informacion\/implantes\/\"},{\"@type\":\"ListItem\",\"position\":4,\"name\":\"CONFORMADOR ORBITAL FIJO\"}]},{\"@type\":\"WebSite\",\"@id\":\"https:\/\/www.dalpasso.it\/es\/#website\",\"url\":\"https:\/\/www.dalpasso.it\/es\/\",\"name\":\"DALPASSO Protesi Oculari\",\"description\":\"\",\"potentialAction\":[{\"@type\":\"SearchAction\",\"target\":{\"@type\":\"EntryPoint\",\"urlTemplate\":\"https:\/\/www.dalpasso.it\/es\/?s={search_term_string}\"},\"query-input\":{\"@type\":\"PropertyValueSpecification\",\"valueRequired\":true,\"valueName\":\"search_term_string\"}}],\"inLanguage\":\"es\"}]}<\/script>\n<!-- \/ Yoast SEO plugin. -->","yoast_head_json":{"title":"CONFORMADOR ORBITAL FIJO | Dalpasso protesi oculari","robots":{"index":"index","follow":"follow","max-snippet":"max-snippet:-1","max-image-preview":"max-image-preview:large","max-video-preview":"max-video-preview:-1"},"canonical":"https:\/\/www.dalpasso.it\/es\/informacion\/implantes\/conformador-orbital-fijo\/","og_locale":"es_ES","og_type":"article","og_title":"CONFORMADOR ORBITAL FIJO | Dalpasso protesi oculari","og_description":"[vc_row][vc_column width=\u00bb1\/1&#8243;][vc_separator color=\u00bbsky\u00bb][vc_column_text] Los conformadores pedi\u00e1tricos o expansores son los implantes adecuados en caso de anoftalmia cong\u00e9nita. [\/vc_column_text][vc_separator color=\u00bbsky\u00bb][\/vc_column][\/vc_row][vc_row][vc_column width=\u00bb2\/3&#8243;][vc_column_text] Son pr\u00f3tesis de PMMA conformadas seg\u00fan el volumen y la morfolog\u00eda de la cavidad anoft\u00e1lmica del ni\u00f1o y tienen dos orificios en la superficie frontal para facilitar su extracci\u00f3n. Estos conformadores se realizan en diferentes [&hellip;]","og_url":"https:\/\/www.dalpasso.it\/es\/informacion\/implantes\/conformador-orbital-fijo\/","og_site_name":"Dalpasso protesi oculari","article_modified_time":"2015-12-01T14:52:19+00:00","og_image":[{"width":231,"height":226,"url":"https:\/\/www.dalpasso.it\/wp-content\/uploads\/2015\/07\/conformatoripediatrici01.jpg","type":"image\/jpeg"}],"twitter_card":"summary_large_image","twitter_misc":{"Tiempo de lectura":"1 minuto"},"schema":{"@context":"https:\/\/schema.org","@graph":[{"@type":"WebPage","@id":"https:\/\/www.dalpasso.it\/es\/informacion\/implantes\/conformador-orbital-fijo\/","url":"https:\/\/www.dalpasso.it\/es\/informacion\/implantes\/conformador-orbital-fijo\/","name":"CONFORMADOR ORBITAL FIJO | Dalpasso protesi oculari","isPartOf":{"@id":"https:\/\/www.dalpasso.it\/es\/#website"},"primaryImageOfPage":{"@id":"https:\/\/www.dalpasso.it\/es\/informacion\/implantes\/conformador-orbital-fijo\/#primaryimage"},"image":{"@id":"https:\/\/www.dalpasso.it\/es\/informacion\/implantes\/conformador-orbital-fijo\/#primaryimage"},"thumbnailUrl":"https:\/\/www.dalpasso.it\/wp-content\/uploads\/2015\/07\/conformatoripediatrici01.jpg","datePublished":"2015-07-08T17:18:17+00:00","dateModified":"2015-12-01T14:52:19+00:00","breadcrumb":{"@id":"https:\/\/www.dalpasso.it\/es\/informacion\/implantes\/conformador-orbital-fijo\/#breadcrumb"},"inLanguage":"es","potentialAction":[{"@type":"ReadAction","target":["https:\/\/www.dalpasso.it\/es\/informacion\/implantes\/conformador-orbital-fijo\/"]}]},{"@type":"ImageObject","inLanguage":"es","@id":"https:\/\/www.dalpasso.it\/es\/informacion\/implantes\/conformador-orbital-fijo\/#primaryimage","url":"https:\/\/www.dalpasso.it\/wp-content\/uploads\/2015\/07\/conformatoripediatrici01.jpg","contentUrl":"https:\/\/www.dalpasso.it\/wp-content\/uploads\/2015\/07\/conformatoripediatrici01.jpg"},{"@type":"BreadcrumbList","@id":"https:\/\/www.dalpasso.it\/es\/informacion\/implantes\/conformador-orbital-fijo\/#breadcrumb","itemListElement":[{"@type":"ListItem","position":1,"name":"Home","item":"https:\/\/www.dalpasso.it\/es\/standard-business\/"},{"@type":"ListItem","position":2,"name":"INFORMACI\u00d3N","item":"https:\/\/www.dalpasso.it\/es\/informacion\/"},{"@type":"ListItem","position":3,"name":"IMPLANTES","item":"https:\/\/www.dalpasso.it\/es\/informacion\/implantes\/"},{"@type":"ListItem","position":4,"name":"CONFORMADOR ORBITAL FIJO"}]},{"@type":"WebSite","@id":"https:\/\/www.dalpasso.it\/es\/#website","url":"https:\/\/www.dalpasso.it\/es\/","name":"DALPASSO Protesi Oculari","description":"","potentialAction":[{"@type":"SearchAction","target":{"@type":"EntryPoint","urlTemplate":"https:\/\/www.dalpasso.it\/es\/?s={search_term_string}"},"query-input":{"@type":"PropertyValueSpecification","valueRequired":true,"valueName":"search_term_string"}}],"inLanguage":"es"}]}},"_links":{"self":[{"href":"https:\/\/www.dalpasso.it\/es\/wp-json\/wp\/v2\/pages\/13245","targetHints":{"allow":["GET"]}}],"collection":[{"href":"https:\/\/www.dalpasso.it\/es\/wp-json\/wp\/v2\/pages"}],"about":[{"href":"https:\/\/www.dalpasso.it\/es\/wp-json\/wp\/v2\/types\/page"}],"author":[{"embeddable":true,"href":"https:\/\/www.dalpasso.it\/es\/wp-json\/wp\/v2\/users\/4"}],"replies":[{"embeddable":true,"href":"https:\/\/www.dalpasso.it\/es\/wp-json\/wp\/v2\/comments?post=13245"}],"version-history":[{"count":2,"href":"https:\/\/www.dalpasso.it\/es\/wp-json\/wp\/v2\/pages\/13245\/revisions"}],"predecessor-version":[{"id":13247,"href":"https:\/\/www.dalpasso.it\/es\/wp-json\/wp\/v2\/pages\/13245\/revisions\/13247"}],"up":[{"embeddable":true,"href":"https:\/\/www.dalpasso.it\/es\/wp-json\/wp\/v2\/pages\/13242"}],"wp:attachment":[{"href":"https:\/\/www.dalpasso.it\/es\/wp-json\/wp\/v2\/media?parent=13245"}],"curies":[{"name":"wp","href":"https:\/\/api.w.org\/{rel}","templated":true}]}}