{"id":13036,"date":"2015-10-23T11:58:17","date_gmt":"2015-10-23T09:58:17","guid":{"rendered":"http:\/\/www.dalpasso.it\/es\/informacion\/que-tienes-que-saber-sobre-la-aplicacion-protesica\/uso-quotidiano-della-protesi-e-limitazioni\/"},"modified":"2018-05-29T09:52:01","modified_gmt":"2018-05-29T07:52:01","slug":"uso-cotidiano-de-la-protesis-y-limitaciones","status":"publish","type":"page","link":"https:\/\/www.dalpasso.it\/es\/informacion\/que-tienes-que-saber-sobre-la-aplicacion-protesica\/uso-cotidiano-de-la-protesis-y-limitaciones\/","title":{"rendered":"USO COTIDIANO DE LA PR\u00d3TESIS Y LIMITACIONES"},"content":{"rendered":"<div class=\"wpb-content-wrapper\">[vc_row full_width=\u00bb\u00bb parallax=\u00bb\u00bb parallax_image=\u00bb\u00bb][vc_column width=\u00bb2\/3&#8243;][vc_column_text]<\/p>\n<p style=\"text-align: justify;\"><a href=\"https:\/\/www.dalpasso.it\/wp-content\/uploads\/2015\/10\/Vita-quotidiana.jpg\" class=\"thickbox no_icon\"><img loading=\"lazy\" decoding=\"async\" class=\"alignnone wp-image-10199 size-medium\" src=\"https:\/\/www.dalpasso.it\/wp-content\/uploads\/2015\/10\/Vita-quotidiana-300x225.jpg\" alt=\"Vita quotidiana\" width=\"300\" height=\"225\" srcset=\"https:\/\/www.dalpasso.it\/wp-content\/uploads\/2015\/10\/Vita-quotidiana-300x225.jpg 300w, https:\/\/www.dalpasso.it\/wp-content\/uploads\/2015\/10\/Vita-quotidiana.jpg 517w\" sizes=\"auto, (max-width: 300px) 100vw, 300px\" \/><\/a><\/p>\n<p>&nbsp;<\/p>\n<p style=\"text-align: justify;\">La pr\u00f3tesis puede llevarse durante todo el d\u00eda y tambi\u00e9n mientras se duerme (excepto la pr\u00f3tesis cascarilla sobre globo ocular atr\u00f3fico, que deber\u00e1 retirarse por la noche), y puede utilizarse sin limitaciones en la vida cotidiana. Es posible conducir, maquillarse y practicar actividades deportivas y subacu\u00e1ticas.<\/p>\n<p><!--more--><\/p>\n<p>&nbsp;<\/p>\n<p>No obstante, existen algunas limitaciones y peque\u00f1os inconvenientes:<\/p>\n<p>&nbsp;<\/p>\n<ul>\n<li style=\"text-align: justify;\">P\u00e9rdida de la \u201cprofundidad de campo\u201d:\u00a0durante los primeros d\u00edas de visi\u00f3n monocular se advertir\u00e1 una considerable dificultad para calcular la correcta posici\u00f3n de los objetos situados delante por falta de visi\u00f3n estereosc\u00f3pica (por ejemplo, no se consigue coger al primer intento el vaso que est\u00e1 en la mesa).<br \/>\nEste fen\u00f3meno dura de pocos d\u00edas a algunas semanas, y tiende a desaparecer autom\u00e1ticamente a medida que las nuevas informaciones visuales llegan al cerebro y son reelaboradas.<\/li>\n<\/ul>\n<ul style=\"text-align: justify;\">\n<li style=\"text-align: justify;\">Restricci\u00f3n del campo visual: la falta de un ojo obliga a mover la cabeza hacia la zona ciega para compensar la p\u00e9rdida de percepci\u00f3n de la distancia y del campo visual (el ejemplo cl\u00e1sico es la acci\u00f3n de mirar en los espejos retrovisores laterales mientras se conduce un coche).<\/li>\n<\/ul>\n<ul style=\"text-align: justify;\">\n<li style=\"text-align: justify;\">Sequedad ocular: En algunos casos despu\u00e9s de la intervenci\u00f3n de enucleaci\u00f3n la lacrimaci\u00f3n puede ser escasa, lo que afecta a la lubricaci\u00f3n de la cavidad y de la pr\u00f3tesis: en los casos m\u00e1s leves se puede subsanar con l\u00e1grimas artificiales en gotas, gel o colirios equivalentes, pero si la disfunci\u00f3n tiende a volverse cr\u00f3nica hay que realizar una exploraci\u00f3n oftalmol\u00f3gica m\u00e1s exhaustiva.<\/li>\n<\/ul>\n<ul>\n<li style=\"text-align: justify;\">Secreci\u00f3n abundante: Con una pr\u00f3tesis aplicada la cavidad ocular tambi\u00e9n puede producir secreciones, a menudo abundantes: ser\u00e1 suficiente retirarlas como se indica <a href=\"https:\/\/www.dalpasso.it\/es\/informacion\/poner-quitar-y-limpiar-la-protesis\/\">en este enlace.<\/a><br \/>\nSi despu\u00e9s de eliminar la secreci\u00f3n y de limpiar la pr\u00f3tesis la cavidad contin\u00faa secretando, se aconseja realizar una exploraci\u00f3n oftalmol\u00f3gica m\u00e1s exhaustiva.<\/li>\n<\/ul>\n<p>[\/vc_column_text][\/vc_column][vc_column width=\u00bb1\/3&#8243;][vc_column_text]<br \/>\n[\/vc_column_text][\/vc_column][\/vc_row]<\/div>","protected":false},"excerpt":{"rendered":"<p>[vc_row full_width=\u00bb\u00bb parallax=\u00bb\u00bb parallax_image=\u00bb\u00bb][vc_column width=\u00bb2\/3&#8243;][vc_column_text] &nbsp; La pr\u00f3tesis puede llevarse durante todo el d\u00eda y tambi\u00e9n mientras se duerme (excepto la pr\u00f3tesis cascarilla sobre globo ocular atr\u00f3fico, que deber\u00e1 retirarse por la noche), y puede utilizarse sin limitaciones en la vida cotidiana. Es posible conducir, maquillarse y practicar actividades deportivas y subacu\u00e1ticas.<\/p>\n","protected":false},"author":1,"featured_media":15505,"parent":12981,"menu_order":34,"comment_status":"closed","ping_status":"closed","template":"","meta":{"footnotes":""},"class_list":["post-13036","page","type-page","status-publish","has-post-thumbnail","hentry"],"yoast_head":"<!-- This site is optimized with the Yoast SEO plugin v27.1.1 - https:\/\/yoast.com\/product\/yoast-seo-wordpress\/ -->\n<title>USO COTIDIANO DE LA PR\u00d3TESIS Y LIMITACIONES | Dalpasso protesi oculari<\/title>\n<meta name=\"robots\" content=\"index, follow, max-snippet:-1, max-image-preview:large, max-video-preview:-1\" \/>\n<link rel=\"canonical\" href=\"https:\/\/www.dalpasso.it\/es\/informacion\/que-tienes-que-saber-sobre-la-aplicacion-protesica\/uso-cotidiano-de-la-protesis-y-limitaciones\/\" \/>\n<meta property=\"og:locale\" content=\"es_ES\" \/>\n<meta property=\"og:type\" content=\"article\" \/>\n<meta property=\"og:title\" content=\"USO COTIDIANO DE LA PR\u00d3TESIS Y LIMITACIONES | Dalpasso protesi oculari\" \/>\n<meta property=\"og:description\" content=\"[vc_row full_width=\u00bb\u00bb parallax=\u00bb\u00bb parallax_image=\u00bb\u00bb][vc_column width=\u00bb2\/3&#8243;][vc_column_text] &nbsp; La pr\u00f3tesis puede llevarse durante todo el d\u00eda y tambi\u00e9n mientras se duerme (excepto la pr\u00f3tesis cascarilla sobre globo ocular atr\u00f3fico, que deber\u00e1 retirarse por la noche), y puede utilizarse sin limitaciones en la vida cotidiana. Es posible conducir, maquillarse y practicar actividades deportivas y subacu\u00e1ticas.\" \/>\n<meta property=\"og:url\" content=\"https:\/\/www.dalpasso.it\/es\/informacion\/que-tienes-que-saber-sobre-la-aplicacion-protesica\/uso-cotidiano-de-la-protesis-y-limitaciones\/\" \/>\n<meta property=\"og:site_name\" content=\"Dalpasso protesi oculari\" \/>\n<meta property=\"article:modified_time\" content=\"2018-05-29T07:52:01+00:00\" \/>\n<meta property=\"og:image\" content=\"https:\/\/www.dalpasso.it\/wp-content\/uploads\/2018\/05\/hp-vita.quotidiana.jpg\" \/>\n\t<meta property=\"og:image:width\" content=\"500\" \/>\n\t<meta property=\"og:image:height\" content=\"380\" \/>\n\t<meta property=\"og:image:type\" content=\"image\/jpeg\" \/>\n<meta name=\"twitter:card\" content=\"summary_large_image\" \/>\n<meta name=\"twitter:label1\" content=\"Tiempo de lectura\" \/>\n\t<meta name=\"twitter:data1\" content=\"2 minutos\" \/>\n<script type=\"application\/ld+json\" class=\"yoast-schema-graph\">{\"@context\":\"https:\/\/schema.org\",\"@graph\":[{\"@type\":\"WebPage\",\"@id\":\"https:\/\/www.dalpasso.it\/es\/informacion\/que-tienes-que-saber-sobre-la-aplicacion-protesica\/uso-cotidiano-de-la-protesis-y-limitaciones\/\",\"url\":\"https:\/\/www.dalpasso.it\/es\/informacion\/que-tienes-que-saber-sobre-la-aplicacion-protesica\/uso-cotidiano-de-la-protesis-y-limitaciones\/\",\"name\":\"USO COTIDIANO DE LA PR\u00d3TESIS Y LIMITACIONES | Dalpasso protesi oculari\",\"isPartOf\":{\"@id\":\"https:\/\/www.dalpasso.it\/es\/#website\"},\"primaryImageOfPage\":{\"@id\":\"https:\/\/www.dalpasso.it\/es\/informacion\/que-tienes-que-saber-sobre-la-aplicacion-protesica\/uso-cotidiano-de-la-protesis-y-limitaciones\/#primaryimage\"},\"image\":{\"@id\":\"https:\/\/www.dalpasso.it\/es\/informacion\/que-tienes-que-saber-sobre-la-aplicacion-protesica\/uso-cotidiano-de-la-protesis-y-limitaciones\/#primaryimage\"},\"thumbnailUrl\":\"https:\/\/www.dalpasso.it\/wp-content\/uploads\/2018\/05\/hp-vita.quotidiana.jpg\",\"datePublished\":\"2015-10-23T09:58:17+00:00\",\"dateModified\":\"2018-05-29T07:52:01+00:00\",\"breadcrumb\":{\"@id\":\"https:\/\/www.dalpasso.it\/es\/informacion\/que-tienes-que-saber-sobre-la-aplicacion-protesica\/uso-cotidiano-de-la-protesis-y-limitaciones\/#breadcrumb\"},\"inLanguage\":\"es\",\"potentialAction\":[{\"@type\":\"ReadAction\",\"target\":[\"https:\/\/www.dalpasso.it\/es\/informacion\/que-tienes-que-saber-sobre-la-aplicacion-protesica\/uso-cotidiano-de-la-protesis-y-limitaciones\/\"]}]},{\"@type\":\"ImageObject\",\"inLanguage\":\"es\",\"@id\":\"https:\/\/www.dalpasso.it\/es\/informacion\/que-tienes-que-saber-sobre-la-aplicacion-protesica\/uso-cotidiano-de-la-protesis-y-limitaciones\/#primaryimage\",\"url\":\"https:\/\/www.dalpasso.it\/wp-content\/uploads\/2018\/05\/hp-vita.quotidiana.jpg\",\"contentUrl\":\"https:\/\/www.dalpasso.it\/wp-content\/uploads\/2018\/05\/hp-vita.quotidiana.jpg\",\"width\":500,\"height\":380},{\"@type\":\"BreadcrumbList\",\"@id\":\"https:\/\/www.dalpasso.it\/es\/informacion\/que-tienes-que-saber-sobre-la-aplicacion-protesica\/uso-cotidiano-de-la-protesis-y-limitaciones\/#breadcrumb\",\"itemListElement\":[{\"@type\":\"ListItem\",\"position\":1,\"name\":\"Home\",\"item\":\"https:\/\/www.dalpasso.it\/es\/standard-business\/\"},{\"@type\":\"ListItem\",\"position\":2,\"name\":\"INFORMACI\u00d3N\",\"item\":\"https:\/\/www.dalpasso.it\/es\/informacion\/\"},{\"@type\":\"ListItem\",\"position\":3,\"name\":\"QU\u00c9 TIENES QUE SABER SOBRE LA APLICACI\u00d3N PROT\u00c9SICA\",\"item\":\"https:\/\/www.dalpasso.it\/es\/informacion\/que-tienes-que-saber-sobre-la-aplicacion-protesica\/\"},{\"@type\":\"ListItem\",\"position\":4,\"name\":\"USO COTIDIANO DE LA PR\u00d3TESIS Y LIMITACIONES\"}]},{\"@type\":\"WebSite\",\"@id\":\"https:\/\/www.dalpasso.it\/es\/#website\",\"url\":\"https:\/\/www.dalpasso.it\/es\/\",\"name\":\"DALPASSO Protesi Oculari\",\"description\":\"\",\"potentialAction\":[{\"@type\":\"SearchAction\",\"target\":{\"@type\":\"EntryPoint\",\"urlTemplate\":\"https:\/\/www.dalpasso.it\/es\/?s={search_term_string}\"},\"query-input\":{\"@type\":\"PropertyValueSpecification\",\"valueRequired\":true,\"valueName\":\"search_term_string\"}}],\"inLanguage\":\"es\"}]}<\/script>\n<!-- \/ Yoast SEO plugin. -->","yoast_head_json":{"title":"USO COTIDIANO DE LA PR\u00d3TESIS Y LIMITACIONES | Dalpasso protesi oculari","robots":{"index":"index","follow":"follow","max-snippet":"max-snippet:-1","max-image-preview":"max-image-preview:large","max-video-preview":"max-video-preview:-1"},"canonical":"https:\/\/www.dalpasso.it\/es\/informacion\/que-tienes-que-saber-sobre-la-aplicacion-protesica\/uso-cotidiano-de-la-protesis-y-limitaciones\/","og_locale":"es_ES","og_type":"article","og_title":"USO COTIDIANO DE LA PR\u00d3TESIS Y LIMITACIONES | Dalpasso protesi oculari","og_description":"[vc_row full_width=\u00bb\u00bb parallax=\u00bb\u00bb parallax_image=\u00bb\u00bb][vc_column width=\u00bb2\/3&#8243;][vc_column_text] &nbsp; La pr\u00f3tesis puede llevarse durante todo el d\u00eda y tambi\u00e9n mientras se duerme (excepto la pr\u00f3tesis cascarilla sobre globo ocular atr\u00f3fico, que deber\u00e1 retirarse por la noche), y puede utilizarse sin limitaciones en la vida cotidiana. Es posible conducir, maquillarse y practicar actividades deportivas y subacu\u00e1ticas.","og_url":"https:\/\/www.dalpasso.it\/es\/informacion\/que-tienes-que-saber-sobre-la-aplicacion-protesica\/uso-cotidiano-de-la-protesis-y-limitaciones\/","og_site_name":"Dalpasso protesi oculari","article_modified_time":"2018-05-29T07:52:01+00:00","og_image":[{"width":500,"height":380,"url":"https:\/\/www.dalpasso.it\/wp-content\/uploads\/2018\/05\/hp-vita.quotidiana.jpg","type":"image\/jpeg"}],"twitter_card":"summary_large_image","twitter_misc":{"Tiempo de lectura":"2 minutos"},"schema":{"@context":"https:\/\/schema.org","@graph":[{"@type":"WebPage","@id":"https:\/\/www.dalpasso.it\/es\/informacion\/que-tienes-que-saber-sobre-la-aplicacion-protesica\/uso-cotidiano-de-la-protesis-y-limitaciones\/","url":"https:\/\/www.dalpasso.it\/es\/informacion\/que-tienes-que-saber-sobre-la-aplicacion-protesica\/uso-cotidiano-de-la-protesis-y-limitaciones\/","name":"USO COTIDIANO DE LA PR\u00d3TESIS Y LIMITACIONES | Dalpasso protesi oculari","isPartOf":{"@id":"https:\/\/www.dalpasso.it\/es\/#website"},"primaryImageOfPage":{"@id":"https:\/\/www.dalpasso.it\/es\/informacion\/que-tienes-que-saber-sobre-la-aplicacion-protesica\/uso-cotidiano-de-la-protesis-y-limitaciones\/#primaryimage"},"image":{"@id":"https:\/\/www.dalpasso.it\/es\/informacion\/que-tienes-que-saber-sobre-la-aplicacion-protesica\/uso-cotidiano-de-la-protesis-y-limitaciones\/#primaryimage"},"thumbnailUrl":"https:\/\/www.dalpasso.it\/wp-content\/uploads\/2018\/05\/hp-vita.quotidiana.jpg","datePublished":"2015-10-23T09:58:17+00:00","dateModified":"2018-05-29T07:52:01+00:00","breadcrumb":{"@id":"https:\/\/www.dalpasso.it\/es\/informacion\/que-tienes-que-saber-sobre-la-aplicacion-protesica\/uso-cotidiano-de-la-protesis-y-limitaciones\/#breadcrumb"},"inLanguage":"es","potentialAction":[{"@type":"ReadAction","target":["https:\/\/www.dalpasso.it\/es\/informacion\/que-tienes-que-saber-sobre-la-aplicacion-protesica\/uso-cotidiano-de-la-protesis-y-limitaciones\/"]}]},{"@type":"ImageObject","inLanguage":"es","@id":"https:\/\/www.dalpasso.it\/es\/informacion\/que-tienes-que-saber-sobre-la-aplicacion-protesica\/uso-cotidiano-de-la-protesis-y-limitaciones\/#primaryimage","url":"https:\/\/www.dalpasso.it\/wp-content\/uploads\/2018\/05\/hp-vita.quotidiana.jpg","contentUrl":"https:\/\/www.dalpasso.it\/wp-content\/uploads\/2018\/05\/hp-vita.quotidiana.jpg","width":500,"height":380},{"@type":"BreadcrumbList","@id":"https:\/\/www.dalpasso.it\/es\/informacion\/que-tienes-que-saber-sobre-la-aplicacion-protesica\/uso-cotidiano-de-la-protesis-y-limitaciones\/#breadcrumb","itemListElement":[{"@type":"ListItem","position":1,"name":"Home","item":"https:\/\/www.dalpasso.it\/es\/standard-business\/"},{"@type":"ListItem","position":2,"name":"INFORMACI\u00d3N","item":"https:\/\/www.dalpasso.it\/es\/informacion\/"},{"@type":"ListItem","position":3,"name":"QU\u00c9 TIENES QUE SABER SOBRE LA APLICACI\u00d3N PROT\u00c9SICA","item":"https:\/\/www.dalpasso.it\/es\/informacion\/que-tienes-que-saber-sobre-la-aplicacion-protesica\/"},{"@type":"ListItem","position":4,"name":"USO COTIDIANO DE LA PR\u00d3TESIS Y LIMITACIONES"}]},{"@type":"WebSite","@id":"https:\/\/www.dalpasso.it\/es\/#website","url":"https:\/\/www.dalpasso.it\/es\/","name":"DALPASSO Protesi Oculari","description":"","potentialAction":[{"@type":"SearchAction","target":{"@type":"EntryPoint","urlTemplate":"https:\/\/www.dalpasso.it\/es\/?s={search_term_string}"},"query-input":{"@type":"PropertyValueSpecification","valueRequired":true,"valueName":"search_term_string"}}],"inLanguage":"es"}]}},"_links":{"self":[{"href":"https:\/\/www.dalpasso.it\/es\/wp-json\/wp\/v2\/pages\/13036","targetHints":{"allow":["GET"]}}],"collection":[{"href":"https:\/\/www.dalpasso.it\/es\/wp-json\/wp\/v2\/pages"}],"about":[{"href":"https:\/\/www.dalpasso.it\/es\/wp-json\/wp\/v2\/types\/page"}],"author":[{"embeddable":true,"href":"https:\/\/www.dalpasso.it\/es\/wp-json\/wp\/v2\/users\/1"}],"replies":[{"embeddable":true,"href":"https:\/\/www.dalpasso.it\/es\/wp-json\/wp\/v2\/comments?post=13036"}],"version-history":[{"count":4,"href":"https:\/\/www.dalpasso.it\/es\/wp-json\/wp\/v2\/pages\/13036\/revisions"}],"predecessor-version":[{"id":15508,"href":"https:\/\/www.dalpasso.it\/es\/wp-json\/wp\/v2\/pages\/13036\/revisions\/15508"}],"up":[{"embeddable":true,"href":"https:\/\/www.dalpasso.it\/es\/wp-json\/wp\/v2\/pages\/12981"}],"wp:featuredmedia":[{"embeddable":true,"href":"https:\/\/www.dalpasso.it\/es\/wp-json\/wp\/v2\/media\/15505"}],"wp:attachment":[{"href":"https:\/\/www.dalpasso.it\/es\/wp-json\/wp\/v2\/media?parent=13036"}],"curies":[{"name":"wp","href":"https:\/\/api.w.org\/{rel}","templated":true}]}}