{"id":13032,"date":"2015-10-22T10:37:34","date_gmt":"2015-10-22T08:37:34","guid":{"rendered":"http:\/\/www.dalpasso.it\/es\/informacion\/que-tienes-que-saber-sobre-la-aplicacion-protesica\/patologie-in-atto\/"},"modified":"2018-05-28T17:23:59","modified_gmt":"2018-05-28T15:23:59","slug":"patologias-en-curso","status":"publish","type":"page","link":"https:\/\/www.dalpasso.it\/es\/informacion\/que-tienes-que-saber-sobre-la-aplicacion-protesica\/patologias-en-curso\/","title":{"rendered":"PATOLOG\u00cdAS EN CURSO"},"content":{"rendered":"<div class=\"wpb-content-wrapper\">[vc_row full_width=\u00bb\u00bb parallax=\u00bb\u00bb parallax_image=\u00bb\u00bb][vc_column width=\u00bb2\/3&#8243;][vc_column_text]<a href=\"https:\/\/www.dalpasso.it\/wp-content\/uploads\/2015\/10\/Patologie-in-atto.jpg\" class=\"thickbox no_icon\"><img loading=\"lazy\" decoding=\"async\" class=\"alignnone wp-image-10078 size-full\" src=\"https:\/\/www.dalpasso.it\/wp-content\/uploads\/2015\/10\/Patologie-in-atto.jpg\" alt=\"What to eat when you have a cold\" width=\"520\" height=\"345\" srcset=\"https:\/\/www.dalpasso.it\/wp-content\/uploads\/2015\/10\/Patologie-in-atto.jpg 520w, https:\/\/www.dalpasso.it\/wp-content\/uploads\/2015\/10\/Patologie-in-atto-300x199.jpg 300w\" sizes=\"auto, (max-width: 520px) 100vw, 520px\" \/><\/a><\/p>\n<p>&nbsp;<\/p>\n<p style=\"text-align: justify;\">El paciente afectado por s\u00edndrome gripal, patolog\u00eda al\u00e9rgica o cuadro catarral con afectaci\u00f3n de las mucosas oculares no deber\u00e1 someterse a la aplicaci\u00f3n prot\u00e9sica: los tejidos edematosos y la secreci\u00f3n abundante podr\u00edan modificar el asentamiento de la pr\u00f3tesis.<br \/>\nLos pacientes con graves patolog\u00edas potencialmente contagiosas (HIV, Hepatitis, Tuberculosis, etc.)\u00a0est\u00e1n obligados a comunicar inmediatamente a nuestro personal su estado de salud.<\/p>\n<p>[\/vc_column_text][\/vc_column][vc_column width=\u00bb1\/3&#8243;][vc_column_text]<br \/>\n[\/vc_column_text][\/vc_column][\/vc_row]<\/div>","protected":false},"excerpt":{"rendered":"<p>[vc_row full_width=\u00bb\u00bb parallax=\u00bb\u00bb parallax_image=\u00bb\u00bb][vc_column width=\u00bb2\/3&#8243;][vc_column_text] &nbsp; El paciente afectado por s\u00edndrome gripal, patolog\u00eda al\u00e9rgica o cuadro catarral con afectaci\u00f3n de las mucosas oculares no deber\u00e1 someterse a la aplicaci\u00f3n prot\u00e9sica: los tejidos edematosos y la secreci\u00f3n abundante podr\u00edan modificar el asentamiento de la pr\u00f3tesis. Los pacientes con graves patolog\u00edas potencialmente contagiosas (HIV, Hepatitis, Tuberculosis, etc.)\u00a0est\u00e1n [&hellip;]<\/p>\n","protected":false},"author":1,"featured_media":15446,"parent":12981,"menu_order":20,"comment_status":"closed","ping_status":"closed","template":"","meta":{"footnotes":""},"class_list":["post-13032","page","type-page","status-publish","has-post-thumbnail","hentry"],"yoast_head":"<!-- This site is optimized with the Yoast SEO plugin v27.1.1 - https:\/\/yoast.com\/product\/yoast-seo-wordpress\/ -->\n<title>PATOLOG\u00cdAS EN CURSO | Dalpasso protesi oculari<\/title>\n<meta name=\"robots\" content=\"index, follow, max-snippet:-1, max-image-preview:large, max-video-preview:-1\" \/>\n<link rel=\"canonical\" href=\"https:\/\/www.dalpasso.it\/es\/informacion\/que-tienes-que-saber-sobre-la-aplicacion-protesica\/patologias-en-curso\/\" \/>\n<meta property=\"og:locale\" content=\"es_ES\" \/>\n<meta property=\"og:type\" content=\"article\" \/>\n<meta property=\"og:title\" content=\"PATOLOG\u00cdAS EN CURSO | Dalpasso protesi oculari\" \/>\n<meta property=\"og:description\" content=\"[vc_row full_width=\u00bb\u00bb parallax=\u00bb\u00bb parallax_image=\u00bb\u00bb][vc_column width=\u00bb2\/3&#8243;][vc_column_text] &nbsp; El paciente afectado por s\u00edndrome gripal, patolog\u00eda al\u00e9rgica o cuadro catarral con afectaci\u00f3n de las mucosas oculares no deber\u00e1 someterse a la aplicaci\u00f3n prot\u00e9sica: los tejidos edematosos y la secreci\u00f3n abundante podr\u00edan modificar el asentamiento de la pr\u00f3tesis. Los pacientes con graves patolog\u00edas potencialmente contagiosas (HIV, Hepatitis, Tuberculosis, etc.)\u00a0est\u00e1n [&hellip;]\" \/>\n<meta property=\"og:url\" content=\"https:\/\/www.dalpasso.it\/es\/informacion\/que-tienes-que-saber-sobre-la-aplicacion-protesica\/patologias-en-curso\/\" \/>\n<meta property=\"og:site_name\" content=\"Dalpasso protesi oculari\" \/>\n<meta property=\"article:modified_time\" content=\"2018-05-28T15:23:59+00:00\" \/>\n<meta property=\"og:image\" content=\"https:\/\/www.dalpasso.it\/wp-content\/uploads\/2018\/05\/hp-patologie-in-atto.jpg\" \/>\n\t<meta property=\"og:image:width\" content=\"500\" \/>\n\t<meta property=\"og:image:height\" content=\"380\" \/>\n\t<meta property=\"og:image:type\" content=\"image\/jpeg\" \/>\n<meta name=\"twitter:card\" content=\"summary_large_image\" \/>\n<meta name=\"twitter:label1\" content=\"Tiempo de lectura\" \/>\n\t<meta name=\"twitter:data1\" content=\"1 minuto\" \/>\n<script type=\"application\/ld+json\" class=\"yoast-schema-graph\">{\"@context\":\"https:\/\/schema.org\",\"@graph\":[{\"@type\":\"WebPage\",\"@id\":\"https:\/\/www.dalpasso.it\/es\/informacion\/que-tienes-que-saber-sobre-la-aplicacion-protesica\/patologias-en-curso\/\",\"url\":\"https:\/\/www.dalpasso.it\/es\/informacion\/que-tienes-que-saber-sobre-la-aplicacion-protesica\/patologias-en-curso\/\",\"name\":\"PATOLOG\u00cdAS EN CURSO | Dalpasso protesi oculari\",\"isPartOf\":{\"@id\":\"https:\/\/www.dalpasso.it\/es\/#website\"},\"primaryImageOfPage\":{\"@id\":\"https:\/\/www.dalpasso.it\/es\/informacion\/que-tienes-que-saber-sobre-la-aplicacion-protesica\/patologias-en-curso\/#primaryimage\"},\"image\":{\"@id\":\"https:\/\/www.dalpasso.it\/es\/informacion\/que-tienes-que-saber-sobre-la-aplicacion-protesica\/patologias-en-curso\/#primaryimage\"},\"thumbnailUrl\":\"https:\/\/www.dalpasso.it\/wp-content\/uploads\/2018\/05\/hp-patologie-in-atto.jpg\",\"datePublished\":\"2015-10-22T08:37:34+00:00\",\"dateModified\":\"2018-05-28T15:23:59+00:00\",\"breadcrumb\":{\"@id\":\"https:\/\/www.dalpasso.it\/es\/informacion\/que-tienes-que-saber-sobre-la-aplicacion-protesica\/patologias-en-curso\/#breadcrumb\"},\"inLanguage\":\"es\",\"potentialAction\":[{\"@type\":\"ReadAction\",\"target\":[\"https:\/\/www.dalpasso.it\/es\/informacion\/que-tienes-que-saber-sobre-la-aplicacion-protesica\/patologias-en-curso\/\"]}]},{\"@type\":\"ImageObject\",\"inLanguage\":\"es\",\"@id\":\"https:\/\/www.dalpasso.it\/es\/informacion\/que-tienes-que-saber-sobre-la-aplicacion-protesica\/patologias-en-curso\/#primaryimage\",\"url\":\"https:\/\/www.dalpasso.it\/wp-content\/uploads\/2018\/05\/hp-patologie-in-atto.jpg\",\"contentUrl\":\"https:\/\/www.dalpasso.it\/wp-content\/uploads\/2018\/05\/hp-patologie-in-atto.jpg\",\"width\":500,\"height\":380},{\"@type\":\"BreadcrumbList\",\"@id\":\"https:\/\/www.dalpasso.it\/es\/informacion\/que-tienes-que-saber-sobre-la-aplicacion-protesica\/patologias-en-curso\/#breadcrumb\",\"itemListElement\":[{\"@type\":\"ListItem\",\"position\":1,\"name\":\"Home\",\"item\":\"https:\/\/www.dalpasso.it\/es\/standard-business\/\"},{\"@type\":\"ListItem\",\"position\":2,\"name\":\"INFORMACI\u00d3N\",\"item\":\"https:\/\/www.dalpasso.it\/es\/informacion\/\"},{\"@type\":\"ListItem\",\"position\":3,\"name\":\"QU\u00c9 TIENES QUE SABER SOBRE LA APLICACI\u00d3N PROT\u00c9SICA\",\"item\":\"https:\/\/www.dalpasso.it\/es\/informacion\/que-tienes-que-saber-sobre-la-aplicacion-protesica\/\"},{\"@type\":\"ListItem\",\"position\":4,\"name\":\"PATOLOG\u00cdAS EN CURSO\"}]},{\"@type\":\"WebSite\",\"@id\":\"https:\/\/www.dalpasso.it\/es\/#website\",\"url\":\"https:\/\/www.dalpasso.it\/es\/\",\"name\":\"DALPASSO Protesi Oculari\",\"description\":\"\",\"potentialAction\":[{\"@type\":\"SearchAction\",\"target\":{\"@type\":\"EntryPoint\",\"urlTemplate\":\"https:\/\/www.dalpasso.it\/es\/?s={search_term_string}\"},\"query-input\":{\"@type\":\"PropertyValueSpecification\",\"valueRequired\":true,\"valueName\":\"search_term_string\"}}],\"inLanguage\":\"es\"}]}<\/script>\n<!-- \/ Yoast SEO plugin. -->","yoast_head_json":{"title":"PATOLOG\u00cdAS EN CURSO | Dalpasso protesi oculari","robots":{"index":"index","follow":"follow","max-snippet":"max-snippet:-1","max-image-preview":"max-image-preview:large","max-video-preview":"max-video-preview:-1"},"canonical":"https:\/\/www.dalpasso.it\/es\/informacion\/que-tienes-que-saber-sobre-la-aplicacion-protesica\/patologias-en-curso\/","og_locale":"es_ES","og_type":"article","og_title":"PATOLOG\u00cdAS EN CURSO | Dalpasso protesi oculari","og_description":"[vc_row full_width=\u00bb\u00bb parallax=\u00bb\u00bb parallax_image=\u00bb\u00bb][vc_column width=\u00bb2\/3&#8243;][vc_column_text] &nbsp; El paciente afectado por s\u00edndrome gripal, patolog\u00eda al\u00e9rgica o cuadro catarral con afectaci\u00f3n de las mucosas oculares no deber\u00e1 someterse a la aplicaci\u00f3n prot\u00e9sica: los tejidos edematosos y la secreci\u00f3n abundante podr\u00edan modificar el asentamiento de la pr\u00f3tesis. Los pacientes con graves patolog\u00edas potencialmente contagiosas (HIV, Hepatitis, Tuberculosis, etc.)\u00a0est\u00e1n [&hellip;]","og_url":"https:\/\/www.dalpasso.it\/es\/informacion\/que-tienes-que-saber-sobre-la-aplicacion-protesica\/patologias-en-curso\/","og_site_name":"Dalpasso protesi oculari","article_modified_time":"2018-05-28T15:23:59+00:00","og_image":[{"width":500,"height":380,"url":"https:\/\/www.dalpasso.it\/wp-content\/uploads\/2018\/05\/hp-patologie-in-atto.jpg","type":"image\/jpeg"}],"twitter_card":"summary_large_image","twitter_misc":{"Tiempo de lectura":"1 minuto"},"schema":{"@context":"https:\/\/schema.org","@graph":[{"@type":"WebPage","@id":"https:\/\/www.dalpasso.it\/es\/informacion\/que-tienes-que-saber-sobre-la-aplicacion-protesica\/patologias-en-curso\/","url":"https:\/\/www.dalpasso.it\/es\/informacion\/que-tienes-que-saber-sobre-la-aplicacion-protesica\/patologias-en-curso\/","name":"PATOLOG\u00cdAS EN CURSO | Dalpasso protesi oculari","isPartOf":{"@id":"https:\/\/www.dalpasso.it\/es\/#website"},"primaryImageOfPage":{"@id":"https:\/\/www.dalpasso.it\/es\/informacion\/que-tienes-que-saber-sobre-la-aplicacion-protesica\/patologias-en-curso\/#primaryimage"},"image":{"@id":"https:\/\/www.dalpasso.it\/es\/informacion\/que-tienes-que-saber-sobre-la-aplicacion-protesica\/patologias-en-curso\/#primaryimage"},"thumbnailUrl":"https:\/\/www.dalpasso.it\/wp-content\/uploads\/2018\/05\/hp-patologie-in-atto.jpg","datePublished":"2015-10-22T08:37:34+00:00","dateModified":"2018-05-28T15:23:59+00:00","breadcrumb":{"@id":"https:\/\/www.dalpasso.it\/es\/informacion\/que-tienes-que-saber-sobre-la-aplicacion-protesica\/patologias-en-curso\/#breadcrumb"},"inLanguage":"es","potentialAction":[{"@type":"ReadAction","target":["https:\/\/www.dalpasso.it\/es\/informacion\/que-tienes-que-saber-sobre-la-aplicacion-protesica\/patologias-en-curso\/"]}]},{"@type":"ImageObject","inLanguage":"es","@id":"https:\/\/www.dalpasso.it\/es\/informacion\/que-tienes-que-saber-sobre-la-aplicacion-protesica\/patologias-en-curso\/#primaryimage","url":"https:\/\/www.dalpasso.it\/wp-content\/uploads\/2018\/05\/hp-patologie-in-atto.jpg","contentUrl":"https:\/\/www.dalpasso.it\/wp-content\/uploads\/2018\/05\/hp-patologie-in-atto.jpg","width":500,"height":380},{"@type":"BreadcrumbList","@id":"https:\/\/www.dalpasso.it\/es\/informacion\/que-tienes-que-saber-sobre-la-aplicacion-protesica\/patologias-en-curso\/#breadcrumb","itemListElement":[{"@type":"ListItem","position":1,"name":"Home","item":"https:\/\/www.dalpasso.it\/es\/standard-business\/"},{"@type":"ListItem","position":2,"name":"INFORMACI\u00d3N","item":"https:\/\/www.dalpasso.it\/es\/informacion\/"},{"@type":"ListItem","position":3,"name":"QU\u00c9 TIENES QUE SABER SOBRE LA APLICACI\u00d3N PROT\u00c9SICA","item":"https:\/\/www.dalpasso.it\/es\/informacion\/que-tienes-que-saber-sobre-la-aplicacion-protesica\/"},{"@type":"ListItem","position":4,"name":"PATOLOG\u00cdAS EN CURSO"}]},{"@type":"WebSite","@id":"https:\/\/www.dalpasso.it\/es\/#website","url":"https:\/\/www.dalpasso.it\/es\/","name":"DALPASSO Protesi Oculari","description":"","potentialAction":[{"@type":"SearchAction","target":{"@type":"EntryPoint","urlTemplate":"https:\/\/www.dalpasso.it\/es\/?s={search_term_string}"},"query-input":{"@type":"PropertyValueSpecification","valueRequired":true,"valueName":"search_term_string"}}],"inLanguage":"es"}]}},"_links":{"self":[{"href":"https:\/\/www.dalpasso.it\/es\/wp-json\/wp\/v2\/pages\/13032","targetHints":{"allow":["GET"]}}],"collection":[{"href":"https:\/\/www.dalpasso.it\/es\/wp-json\/wp\/v2\/pages"}],"about":[{"href":"https:\/\/www.dalpasso.it\/es\/wp-json\/wp\/v2\/types\/page"}],"author":[{"embeddable":true,"href":"https:\/\/www.dalpasso.it\/es\/wp-json\/wp\/v2\/users\/1"}],"replies":[{"embeddable":true,"href":"https:\/\/www.dalpasso.it\/es\/wp-json\/wp\/v2\/comments?post=13032"}],"version-history":[{"count":2,"href":"https:\/\/www.dalpasso.it\/es\/wp-json\/wp\/v2\/pages\/13032\/revisions"}],"predecessor-version":[{"id":13044,"href":"https:\/\/www.dalpasso.it\/es\/wp-json\/wp\/v2\/pages\/13032\/revisions\/13044"}],"up":[{"embeddable":true,"href":"https:\/\/www.dalpasso.it\/es\/wp-json\/wp\/v2\/pages\/12981"}],"wp:featuredmedia":[{"embeddable":true,"href":"https:\/\/www.dalpasso.it\/es\/wp-json\/wp\/v2\/media\/15446"}],"wp:attachment":[{"href":"https:\/\/www.dalpasso.it\/es\/wp-json\/wp\/v2\/media?parent=13032"}],"curies":[{"name":"wp","href":"https:\/\/api.w.org\/{rel}","templated":true}]}}