{"id":13000,"date":"2015-10-23T11:36:51","date_gmt":"2015-10-23T09:36:51","guid":{"rendered":"http:\/\/www.dalpasso.it\/es\/informacion\/que-tienes-que-saber-sobre-la-aplicacion-protesica\/materiale\/"},"modified":"2018-05-28T17:11:21","modified_gmt":"2018-05-28T15:11:21","slug":"material","status":"publish","type":"page","link":"https:\/\/www.dalpasso.it\/es\/informacion\/que-tienes-que-saber-sobre-la-aplicacion-protesica\/material\/","title":{"rendered":"MATERIAL"},"content":{"rendered":"<div class=\"wpb-content-wrapper\">[vc_row full_width=\u00bb\u00bb parallax=\u00bb\u00bb parallax_image=\u00bb\u00bb][vc_column width=\u00bb2\/3&#8243;][vc_column_text]<a href=\"https:\/\/www.dalpasso.it\/wp-content\/uploads\/2015\/05\/IMG_0162.jpg\" class=\"thickbox no_icon\"><img loading=\"lazy\" decoding=\"async\" class=\"alignnone wp-image-8946 size-medium\" src=\"https:\/\/www.dalpasso.it\/wp-content\/uploads\/2015\/05\/IMG_0162-300x254.jpg\" alt=\"IMG_0162\" width=\"300\" height=\"254\" srcset=\"https:\/\/www.dalpasso.it\/wp-content\/uploads\/2015\/05\/IMG_0162-300x254.jpg 300w, https:\/\/www.dalpasso.it\/wp-content\/uploads\/2015\/05\/IMG_0162.jpg 768w\" sizes=\"auto, (max-width: 300px) 100vw, 300px\" \/><\/a><\/p>\n<p>&nbsp;<\/p>\n<p>Todas las pr\u00f3tesis realizadas en nuestros laboratorios son de resina acr\u00edlica (polimetilmetacrilato), un pol\u00edmero infrangible, inerte, anal\u00e9rgico y completamente biocompatible con los tejidos humanos.<br \/>\nEl metacrilato no se deteriora por la secreci\u00f3n lagrimal, no es poroso, no se corroe y no absorbe ninguna sustancia.<\/p>\n<p>No se ha detectado ni un solo caso de reacci\u00f3n al\u00e9rgica a la resina acr\u00edlica entre los miles de pacientes prot\u00e9sicos tratados en nuestras sedes.<br \/>\n[\/vc_column_text][\/vc_column][vc_column width=\u00bb1\/3&#8243;][vc_column_text]<br \/>\n[\/vc_column_text][\/vc_column][\/vc_row]<\/div>","protected":false},"excerpt":{"rendered":"<p>[vc_row full_width=\u00bb\u00bb parallax=\u00bb\u00bb parallax_image=\u00bb\u00bb][vc_column width=\u00bb2\/3&#8243;][vc_column_text] &nbsp; Todas las pr\u00f3tesis realizadas en nuestros laboratorios son de resina acr\u00edlica (polimetilmetacrilato), un pol\u00edmero infrangible, inerte, anal\u00e9rgico y completamente biocompatible con los tejidos humanos. El metacrilato no se deteriora por la secreci\u00f3n lagrimal, no es poroso, no se corroe y no absorbe ninguna sustancia. No se ha detectado ni [&hellip;]<\/p>\n","protected":false},"author":1,"featured_media":15455,"parent":12981,"menu_order":29,"comment_status":"closed","ping_status":"closed","template":"","meta":{"footnotes":""},"class_list":["post-13000","page","type-page","status-publish","has-post-thumbnail","hentry"],"yoast_head":"<!-- This site is optimized with the Yoast SEO plugin v27.1.1 - https:\/\/yoast.com\/product\/yoast-seo-wordpress\/ -->\n<title>MATERIAL | Dalpasso protesi oculari<\/title>\n<meta name=\"robots\" content=\"index, follow, max-snippet:-1, max-image-preview:large, max-video-preview:-1\" \/>\n<link rel=\"canonical\" href=\"https:\/\/www.dalpasso.it\/es\/informacion\/que-tienes-que-saber-sobre-la-aplicacion-protesica\/material\/\" \/>\n<meta property=\"og:locale\" content=\"es_ES\" \/>\n<meta property=\"og:type\" content=\"article\" \/>\n<meta property=\"og:title\" content=\"MATERIAL | Dalpasso protesi oculari\" \/>\n<meta property=\"og:description\" content=\"[vc_row full_width=\u00bb\u00bb parallax=\u00bb\u00bb parallax_image=\u00bb\u00bb][vc_column width=\u00bb2\/3&#8243;][vc_column_text] &nbsp; Todas las pr\u00f3tesis realizadas en nuestros laboratorios son de resina acr\u00edlica (polimetilmetacrilato), un pol\u00edmero infrangible, inerte, anal\u00e9rgico y completamente biocompatible con los tejidos humanos. El metacrilato no se deteriora por la secreci\u00f3n lagrimal, no es poroso, no se corroe y no absorbe ninguna sustancia. No se ha detectado ni [&hellip;]\" \/>\n<meta property=\"og:url\" content=\"https:\/\/www.dalpasso.it\/es\/informacion\/que-tienes-que-saber-sobre-la-aplicacion-protesica\/material\/\" \/>\n<meta property=\"og:site_name\" content=\"Dalpasso protesi oculari\" \/>\n<meta property=\"article:modified_time\" content=\"2018-05-28T15:11:21+00:00\" \/>\n<meta property=\"og:image\" content=\"https:\/\/www.dalpasso.it\/wp-content\/uploads\/2018\/05\/hp-materiale.jpg\" \/>\n\t<meta property=\"og:image:width\" content=\"500\" \/>\n\t<meta property=\"og:image:height\" content=\"380\" \/>\n\t<meta property=\"og:image:type\" content=\"image\/jpeg\" \/>\n<meta name=\"twitter:card\" content=\"summary_large_image\" \/>\n<meta name=\"twitter:label1\" content=\"Tiempo de lectura\" \/>\n\t<meta name=\"twitter:data1\" content=\"1 minuto\" \/>\n<script type=\"application\/ld+json\" class=\"yoast-schema-graph\">{\"@context\":\"https:\/\/schema.org\",\"@graph\":[{\"@type\":\"WebPage\",\"@id\":\"https:\/\/www.dalpasso.it\/es\/informacion\/que-tienes-que-saber-sobre-la-aplicacion-protesica\/material\/\",\"url\":\"https:\/\/www.dalpasso.it\/es\/informacion\/que-tienes-que-saber-sobre-la-aplicacion-protesica\/material\/\",\"name\":\"MATERIAL | Dalpasso protesi oculari\",\"isPartOf\":{\"@id\":\"https:\/\/www.dalpasso.it\/es\/#website\"},\"primaryImageOfPage\":{\"@id\":\"https:\/\/www.dalpasso.it\/es\/informacion\/que-tienes-que-saber-sobre-la-aplicacion-protesica\/material\/#primaryimage\"},\"image\":{\"@id\":\"https:\/\/www.dalpasso.it\/es\/informacion\/que-tienes-que-saber-sobre-la-aplicacion-protesica\/material\/#primaryimage\"},\"thumbnailUrl\":\"https:\/\/www.dalpasso.it\/wp-content\/uploads\/2018\/05\/hp-materiale.jpg\",\"datePublished\":\"2015-10-23T09:36:51+00:00\",\"dateModified\":\"2018-05-28T15:11:21+00:00\",\"breadcrumb\":{\"@id\":\"https:\/\/www.dalpasso.it\/es\/informacion\/que-tienes-que-saber-sobre-la-aplicacion-protesica\/material\/#breadcrumb\"},\"inLanguage\":\"es\",\"potentialAction\":[{\"@type\":\"ReadAction\",\"target\":[\"https:\/\/www.dalpasso.it\/es\/informacion\/que-tienes-que-saber-sobre-la-aplicacion-protesica\/material\/\"]}]},{\"@type\":\"ImageObject\",\"inLanguage\":\"es\",\"@id\":\"https:\/\/www.dalpasso.it\/es\/informacion\/que-tienes-que-saber-sobre-la-aplicacion-protesica\/material\/#primaryimage\",\"url\":\"https:\/\/www.dalpasso.it\/wp-content\/uploads\/2018\/05\/hp-materiale.jpg\",\"contentUrl\":\"https:\/\/www.dalpasso.it\/wp-content\/uploads\/2018\/05\/hp-materiale.jpg\",\"width\":500,\"height\":380},{\"@type\":\"BreadcrumbList\",\"@id\":\"https:\/\/www.dalpasso.it\/es\/informacion\/que-tienes-que-saber-sobre-la-aplicacion-protesica\/material\/#breadcrumb\",\"itemListElement\":[{\"@type\":\"ListItem\",\"position\":1,\"name\":\"Home\",\"item\":\"https:\/\/www.dalpasso.it\/es\/standard-business\/\"},{\"@type\":\"ListItem\",\"position\":2,\"name\":\"INFORMACI\u00d3N\",\"item\":\"https:\/\/www.dalpasso.it\/es\/informacion\/\"},{\"@type\":\"ListItem\",\"position\":3,\"name\":\"QU\u00c9 TIENES QUE SABER SOBRE LA APLICACI\u00d3N PROT\u00c9SICA\",\"item\":\"https:\/\/www.dalpasso.it\/es\/informacion\/que-tienes-que-saber-sobre-la-aplicacion-protesica\/\"},{\"@type\":\"ListItem\",\"position\":4,\"name\":\"MATERIAL\"}]},{\"@type\":\"WebSite\",\"@id\":\"https:\/\/www.dalpasso.it\/es\/#website\",\"url\":\"https:\/\/www.dalpasso.it\/es\/\",\"name\":\"DALPASSO Protesi Oculari\",\"description\":\"\",\"potentialAction\":[{\"@type\":\"SearchAction\",\"target\":{\"@type\":\"EntryPoint\",\"urlTemplate\":\"https:\/\/www.dalpasso.it\/es\/?s={search_term_string}\"},\"query-input\":{\"@type\":\"PropertyValueSpecification\",\"valueRequired\":true,\"valueName\":\"search_term_string\"}}],\"inLanguage\":\"es\"}]}<\/script>\n<!-- \/ Yoast SEO plugin. -->","yoast_head_json":{"title":"MATERIAL | Dalpasso protesi oculari","robots":{"index":"index","follow":"follow","max-snippet":"max-snippet:-1","max-image-preview":"max-image-preview:large","max-video-preview":"max-video-preview:-1"},"canonical":"https:\/\/www.dalpasso.it\/es\/informacion\/que-tienes-que-saber-sobre-la-aplicacion-protesica\/material\/","og_locale":"es_ES","og_type":"article","og_title":"MATERIAL | Dalpasso protesi oculari","og_description":"[vc_row full_width=\u00bb\u00bb parallax=\u00bb\u00bb parallax_image=\u00bb\u00bb][vc_column width=\u00bb2\/3&#8243;][vc_column_text] &nbsp; Todas las pr\u00f3tesis realizadas en nuestros laboratorios son de resina acr\u00edlica (polimetilmetacrilato), un pol\u00edmero infrangible, inerte, anal\u00e9rgico y completamente biocompatible con los tejidos humanos. El metacrilato no se deteriora por la secreci\u00f3n lagrimal, no es poroso, no se corroe y no absorbe ninguna sustancia. No se ha detectado ni [&hellip;]","og_url":"https:\/\/www.dalpasso.it\/es\/informacion\/que-tienes-que-saber-sobre-la-aplicacion-protesica\/material\/","og_site_name":"Dalpasso protesi oculari","article_modified_time":"2018-05-28T15:11:21+00:00","og_image":[{"width":500,"height":380,"url":"https:\/\/www.dalpasso.it\/wp-content\/uploads\/2018\/05\/hp-materiale.jpg","type":"image\/jpeg"}],"twitter_card":"summary_large_image","twitter_misc":{"Tiempo de lectura":"1 minuto"},"schema":{"@context":"https:\/\/schema.org","@graph":[{"@type":"WebPage","@id":"https:\/\/www.dalpasso.it\/es\/informacion\/que-tienes-que-saber-sobre-la-aplicacion-protesica\/material\/","url":"https:\/\/www.dalpasso.it\/es\/informacion\/que-tienes-que-saber-sobre-la-aplicacion-protesica\/material\/","name":"MATERIAL | Dalpasso protesi oculari","isPartOf":{"@id":"https:\/\/www.dalpasso.it\/es\/#website"},"primaryImageOfPage":{"@id":"https:\/\/www.dalpasso.it\/es\/informacion\/que-tienes-que-saber-sobre-la-aplicacion-protesica\/material\/#primaryimage"},"image":{"@id":"https:\/\/www.dalpasso.it\/es\/informacion\/que-tienes-que-saber-sobre-la-aplicacion-protesica\/material\/#primaryimage"},"thumbnailUrl":"https:\/\/www.dalpasso.it\/wp-content\/uploads\/2018\/05\/hp-materiale.jpg","datePublished":"2015-10-23T09:36:51+00:00","dateModified":"2018-05-28T15:11:21+00:00","breadcrumb":{"@id":"https:\/\/www.dalpasso.it\/es\/informacion\/que-tienes-que-saber-sobre-la-aplicacion-protesica\/material\/#breadcrumb"},"inLanguage":"es","potentialAction":[{"@type":"ReadAction","target":["https:\/\/www.dalpasso.it\/es\/informacion\/que-tienes-que-saber-sobre-la-aplicacion-protesica\/material\/"]}]},{"@type":"ImageObject","inLanguage":"es","@id":"https:\/\/www.dalpasso.it\/es\/informacion\/que-tienes-que-saber-sobre-la-aplicacion-protesica\/material\/#primaryimage","url":"https:\/\/www.dalpasso.it\/wp-content\/uploads\/2018\/05\/hp-materiale.jpg","contentUrl":"https:\/\/www.dalpasso.it\/wp-content\/uploads\/2018\/05\/hp-materiale.jpg","width":500,"height":380},{"@type":"BreadcrumbList","@id":"https:\/\/www.dalpasso.it\/es\/informacion\/que-tienes-que-saber-sobre-la-aplicacion-protesica\/material\/#breadcrumb","itemListElement":[{"@type":"ListItem","position":1,"name":"Home","item":"https:\/\/www.dalpasso.it\/es\/standard-business\/"},{"@type":"ListItem","position":2,"name":"INFORMACI\u00d3N","item":"https:\/\/www.dalpasso.it\/es\/informacion\/"},{"@type":"ListItem","position":3,"name":"QU\u00c9 TIENES QUE SABER SOBRE LA APLICACI\u00d3N PROT\u00c9SICA","item":"https:\/\/www.dalpasso.it\/es\/informacion\/que-tienes-que-saber-sobre-la-aplicacion-protesica\/"},{"@type":"ListItem","position":4,"name":"MATERIAL"}]},{"@type":"WebSite","@id":"https:\/\/www.dalpasso.it\/es\/#website","url":"https:\/\/www.dalpasso.it\/es\/","name":"DALPASSO Protesi Oculari","description":"","potentialAction":[{"@type":"SearchAction","target":{"@type":"EntryPoint","urlTemplate":"https:\/\/www.dalpasso.it\/es\/?s={search_term_string}"},"query-input":{"@type":"PropertyValueSpecification","valueRequired":true,"valueName":"search_term_string"}}],"inLanguage":"es"}]}},"_links":{"self":[{"href":"https:\/\/www.dalpasso.it\/es\/wp-json\/wp\/v2\/pages\/13000","targetHints":{"allow":["GET"]}}],"collection":[{"href":"https:\/\/www.dalpasso.it\/es\/wp-json\/wp\/v2\/pages"}],"about":[{"href":"https:\/\/www.dalpasso.it\/es\/wp-json\/wp\/v2\/types\/page"}],"author":[{"embeddable":true,"href":"https:\/\/www.dalpasso.it\/es\/wp-json\/wp\/v2\/users\/1"}],"replies":[{"embeddable":true,"href":"https:\/\/www.dalpasso.it\/es\/wp-json\/wp\/v2\/comments?post=13000"}],"version-history":[{"count":2,"href":"https:\/\/www.dalpasso.it\/es\/wp-json\/wp\/v2\/pages\/13000\/revisions"}],"predecessor-version":[{"id":13017,"href":"https:\/\/www.dalpasso.it\/es\/wp-json\/wp\/v2\/pages\/13000\/revisions\/13017"}],"up":[{"embeddable":true,"href":"https:\/\/www.dalpasso.it\/es\/wp-json\/wp\/v2\/pages\/12981"}],"wp:featuredmedia":[{"embeddable":true,"href":"https:\/\/www.dalpasso.it\/es\/wp-json\/wp\/v2\/media\/15455"}],"wp:attachment":[{"href":"https:\/\/www.dalpasso.it\/es\/wp-json\/wp\/v2\/media?parent=13000"}],"curies":[{"name":"wp","href":"https:\/\/api.w.org\/{rel}","templated":true}]}}