{"id":12999,"date":"2015-10-23T11:34:19","date_gmt":"2015-10-23T09:34:19","guid":{"rendered":"http:\/\/www.dalpasso.it\/es\/informacion\/que-tienes-que-saber-sobre-la-aplicacion-protesica\/conformatore\/"},"modified":"2018-05-28T16:33:04","modified_gmt":"2018-05-28T14:33:04","slug":"conformador","status":"publish","type":"page","link":"https:\/\/www.dalpasso.it\/es\/informacion\/que-tienes-que-saber-sobre-la-aplicacion-protesica\/conformador\/","title":{"rendered":"CONFORMADOR"},"content":{"rendered":"<div class=\"wpb-content-wrapper\">[vc_row full_width=\u00bb\u00bb parallax=\u00bb\u00bb parallax_image=\u00bb\u00bb][vc_column width=\u00bb2\/3&#8243;][vc_column_text]<a href=\"https:\/\/www.dalpasso.it\/wp-content\/uploads\/2015\/07\/Conf01.jpg\" class=\"thickbox no_icon\"><img loading=\"lazy\" decoding=\"async\" class=\"alignnone wp-image-6611 size-medium\" src=\"https:\/\/www.dalpasso.it\/wp-content\/uploads\/2015\/07\/Conf01-300x290.jpg\" alt=\"Conformatori post-operatori\" width=\"300\" height=\"290\" srcset=\"https:\/\/www.dalpasso.it\/wp-content\/uploads\/2015\/07\/Conf01-300x290.jpg 300w, https:\/\/www.dalpasso.it\/wp-content\/uploads\/2015\/07\/Conf01.jpg 482w\" sizes=\"auto, (max-width: 300px) 100vw, 300px\" \/><\/a><\/p>\n<p>&nbsp;<\/p>\n<p>Es un dispositivo de material acr\u00edlico en forma de concha que en ocasiones se aplica despu\u00e9s de la intervenci\u00f3n para mantener inalteradas las dimensiones de la cavidad, que de otro modo se estrechar\u00eda r\u00e1pidamente.<!--more--><\/p>\n<p style=\"text-align: justify;\">Si el cirujano decide no aplicar el conformador no se ve afectada la funcionalidad de los p\u00e1rpados y la amplitud de la cavidad, pero en este caso la pr\u00f3tesis deber\u00e1 aplicarse lo antes posible.<br \/>\nSi el conformador se saliera accidentalmente de la cavidad, puede volverse a aplicar sin dificultad alguna despu\u00e9s de haberlo lavado minuciosamente con los mismos productos utilizados para el mantenimiento de la pr\u00f3tesis ocular.<\/p>\n<p>[\/vc_column_text][\/vc_column][vc_column width=\u00bb1\/3&#8243;][vc_column_text]<br \/>\n[\/vc_column_text][\/vc_column][\/vc_row]<\/div>","protected":false},"excerpt":{"rendered":"<p>[vc_row full_width=\u00bb\u00bb parallax=\u00bb\u00bb parallax_image=\u00bb\u00bb][vc_column width=\u00bb2\/3&#8243;][vc_column_text] &nbsp; Es un dispositivo de material acr\u00edlico en forma de concha que en ocasiones se aplica despu\u00e9s de la intervenci\u00f3n para mantener inalteradas las dimensiones de la cavidad, que de otro modo se estrechar\u00eda r\u00e1pidamente.<\/p>\n","protected":false},"author":1,"featured_media":15448,"parent":12981,"menu_order":27,"comment_status":"closed","ping_status":"closed","template":"","meta":{"footnotes":""},"class_list":["post-12999","page","type-page","status-publish","has-post-thumbnail","hentry"],"yoast_head":"<!-- This site is optimized with the Yoast SEO plugin v27.1.1 - https:\/\/yoast.com\/product\/yoast-seo-wordpress\/ -->\n<title>CONFORMADOR | Dalpasso protesi oculari<\/title>\n<meta name=\"robots\" content=\"index, follow, max-snippet:-1, max-image-preview:large, max-video-preview:-1\" \/>\n<link rel=\"canonical\" href=\"https:\/\/www.dalpasso.it\/es\/informacion\/que-tienes-que-saber-sobre-la-aplicacion-protesica\/conformador\/\" \/>\n<meta property=\"og:locale\" content=\"es_ES\" \/>\n<meta property=\"og:type\" content=\"article\" \/>\n<meta property=\"og:title\" content=\"CONFORMADOR | Dalpasso protesi oculari\" \/>\n<meta property=\"og:description\" content=\"[vc_row full_width=\u00bb\u00bb parallax=\u00bb\u00bb parallax_image=\u00bb\u00bb][vc_column width=\u00bb2\/3&#8243;][vc_column_text] &nbsp; Es un dispositivo de material acr\u00edlico en forma de concha que en ocasiones se aplica despu\u00e9s de la intervenci\u00f3n para mantener inalteradas las dimensiones de la cavidad, que de otro modo se estrechar\u00eda r\u00e1pidamente.\" \/>\n<meta property=\"og:url\" content=\"https:\/\/www.dalpasso.it\/es\/informacion\/que-tienes-que-saber-sobre-la-aplicacion-protesica\/conformador\/\" \/>\n<meta property=\"og:site_name\" content=\"Dalpasso protesi oculari\" \/>\n<meta property=\"article:modified_time\" content=\"2018-05-28T14:33:04+00:00\" \/>\n<meta property=\"og:image\" content=\"https:\/\/www.dalpasso.it\/wp-content\/uploads\/2018\/05\/hp-conformatore.jpg\" \/>\n\t<meta property=\"og:image:width\" content=\"500\" \/>\n\t<meta property=\"og:image:height\" content=\"380\" \/>\n\t<meta property=\"og:image:type\" content=\"image\/jpeg\" \/>\n<meta name=\"twitter:card\" content=\"summary_large_image\" \/>\n<meta name=\"twitter:label1\" content=\"Tiempo de lectura\" \/>\n\t<meta name=\"twitter:data1\" content=\"1 minuto\" \/>\n<script type=\"application\/ld+json\" class=\"yoast-schema-graph\">{\"@context\":\"https:\/\/schema.org\",\"@graph\":[{\"@type\":\"WebPage\",\"@id\":\"https:\/\/www.dalpasso.it\/es\/informacion\/que-tienes-que-saber-sobre-la-aplicacion-protesica\/conformador\/\",\"url\":\"https:\/\/www.dalpasso.it\/es\/informacion\/que-tienes-que-saber-sobre-la-aplicacion-protesica\/conformador\/\",\"name\":\"CONFORMADOR | Dalpasso protesi oculari\",\"isPartOf\":{\"@id\":\"https:\/\/www.dalpasso.it\/es\/#website\"},\"primaryImageOfPage\":{\"@id\":\"https:\/\/www.dalpasso.it\/es\/informacion\/que-tienes-que-saber-sobre-la-aplicacion-protesica\/conformador\/#primaryimage\"},\"image\":{\"@id\":\"https:\/\/www.dalpasso.it\/es\/informacion\/que-tienes-que-saber-sobre-la-aplicacion-protesica\/conformador\/#primaryimage\"},\"thumbnailUrl\":\"https:\/\/www.dalpasso.it\/wp-content\/uploads\/2018\/05\/hp-conformatore.jpg\",\"datePublished\":\"2015-10-23T09:34:19+00:00\",\"dateModified\":\"2018-05-28T14:33:04+00:00\",\"breadcrumb\":{\"@id\":\"https:\/\/www.dalpasso.it\/es\/informacion\/que-tienes-que-saber-sobre-la-aplicacion-protesica\/conformador\/#breadcrumb\"},\"inLanguage\":\"es\",\"potentialAction\":[{\"@type\":\"ReadAction\",\"target\":[\"https:\/\/www.dalpasso.it\/es\/informacion\/que-tienes-que-saber-sobre-la-aplicacion-protesica\/conformador\/\"]}]},{\"@type\":\"ImageObject\",\"inLanguage\":\"es\",\"@id\":\"https:\/\/www.dalpasso.it\/es\/informacion\/que-tienes-que-saber-sobre-la-aplicacion-protesica\/conformador\/#primaryimage\",\"url\":\"https:\/\/www.dalpasso.it\/wp-content\/uploads\/2018\/05\/hp-conformatore.jpg\",\"contentUrl\":\"https:\/\/www.dalpasso.it\/wp-content\/uploads\/2018\/05\/hp-conformatore.jpg\",\"width\":500,\"height\":380},{\"@type\":\"BreadcrumbList\",\"@id\":\"https:\/\/www.dalpasso.it\/es\/informacion\/que-tienes-que-saber-sobre-la-aplicacion-protesica\/conformador\/#breadcrumb\",\"itemListElement\":[{\"@type\":\"ListItem\",\"position\":1,\"name\":\"Home\",\"item\":\"https:\/\/www.dalpasso.it\/es\/standard-business\/\"},{\"@type\":\"ListItem\",\"position\":2,\"name\":\"INFORMACI\u00d3N\",\"item\":\"https:\/\/www.dalpasso.it\/es\/informacion\/\"},{\"@type\":\"ListItem\",\"position\":3,\"name\":\"QU\u00c9 TIENES QUE SABER SOBRE LA APLICACI\u00d3N PROT\u00c9SICA\",\"item\":\"https:\/\/www.dalpasso.it\/es\/informacion\/que-tienes-que-saber-sobre-la-aplicacion-protesica\/\"},{\"@type\":\"ListItem\",\"position\":4,\"name\":\"CONFORMADOR\"}]},{\"@type\":\"WebSite\",\"@id\":\"https:\/\/www.dalpasso.it\/es\/#website\",\"url\":\"https:\/\/www.dalpasso.it\/es\/\",\"name\":\"DALPASSO Protesi Oculari\",\"description\":\"\",\"potentialAction\":[{\"@type\":\"SearchAction\",\"target\":{\"@type\":\"EntryPoint\",\"urlTemplate\":\"https:\/\/www.dalpasso.it\/es\/?s={search_term_string}\"},\"query-input\":{\"@type\":\"PropertyValueSpecification\",\"valueRequired\":true,\"valueName\":\"search_term_string\"}}],\"inLanguage\":\"es\"}]}<\/script>\n<!-- \/ Yoast SEO plugin. -->","yoast_head_json":{"title":"CONFORMADOR | Dalpasso protesi oculari","robots":{"index":"index","follow":"follow","max-snippet":"max-snippet:-1","max-image-preview":"max-image-preview:large","max-video-preview":"max-video-preview:-1"},"canonical":"https:\/\/www.dalpasso.it\/es\/informacion\/que-tienes-que-saber-sobre-la-aplicacion-protesica\/conformador\/","og_locale":"es_ES","og_type":"article","og_title":"CONFORMADOR | Dalpasso protesi oculari","og_description":"[vc_row full_width=\u00bb\u00bb parallax=\u00bb\u00bb parallax_image=\u00bb\u00bb][vc_column width=\u00bb2\/3&#8243;][vc_column_text] &nbsp; Es un dispositivo de material acr\u00edlico en forma de concha que en ocasiones se aplica despu\u00e9s de la intervenci\u00f3n para mantener inalteradas las dimensiones de la cavidad, que de otro modo se estrechar\u00eda r\u00e1pidamente.","og_url":"https:\/\/www.dalpasso.it\/es\/informacion\/que-tienes-que-saber-sobre-la-aplicacion-protesica\/conformador\/","og_site_name":"Dalpasso protesi oculari","article_modified_time":"2018-05-28T14:33:04+00:00","og_image":[{"width":500,"height":380,"url":"https:\/\/www.dalpasso.it\/wp-content\/uploads\/2018\/05\/hp-conformatore.jpg","type":"image\/jpeg"}],"twitter_card":"summary_large_image","twitter_misc":{"Tiempo de lectura":"1 minuto"},"schema":{"@context":"https:\/\/schema.org","@graph":[{"@type":"WebPage","@id":"https:\/\/www.dalpasso.it\/es\/informacion\/que-tienes-que-saber-sobre-la-aplicacion-protesica\/conformador\/","url":"https:\/\/www.dalpasso.it\/es\/informacion\/que-tienes-que-saber-sobre-la-aplicacion-protesica\/conformador\/","name":"CONFORMADOR | Dalpasso protesi oculari","isPartOf":{"@id":"https:\/\/www.dalpasso.it\/es\/#website"},"primaryImageOfPage":{"@id":"https:\/\/www.dalpasso.it\/es\/informacion\/que-tienes-que-saber-sobre-la-aplicacion-protesica\/conformador\/#primaryimage"},"image":{"@id":"https:\/\/www.dalpasso.it\/es\/informacion\/que-tienes-que-saber-sobre-la-aplicacion-protesica\/conformador\/#primaryimage"},"thumbnailUrl":"https:\/\/www.dalpasso.it\/wp-content\/uploads\/2018\/05\/hp-conformatore.jpg","datePublished":"2015-10-23T09:34:19+00:00","dateModified":"2018-05-28T14:33:04+00:00","breadcrumb":{"@id":"https:\/\/www.dalpasso.it\/es\/informacion\/que-tienes-que-saber-sobre-la-aplicacion-protesica\/conformador\/#breadcrumb"},"inLanguage":"es","potentialAction":[{"@type":"ReadAction","target":["https:\/\/www.dalpasso.it\/es\/informacion\/que-tienes-que-saber-sobre-la-aplicacion-protesica\/conformador\/"]}]},{"@type":"ImageObject","inLanguage":"es","@id":"https:\/\/www.dalpasso.it\/es\/informacion\/que-tienes-que-saber-sobre-la-aplicacion-protesica\/conformador\/#primaryimage","url":"https:\/\/www.dalpasso.it\/wp-content\/uploads\/2018\/05\/hp-conformatore.jpg","contentUrl":"https:\/\/www.dalpasso.it\/wp-content\/uploads\/2018\/05\/hp-conformatore.jpg","width":500,"height":380},{"@type":"BreadcrumbList","@id":"https:\/\/www.dalpasso.it\/es\/informacion\/que-tienes-que-saber-sobre-la-aplicacion-protesica\/conformador\/#breadcrumb","itemListElement":[{"@type":"ListItem","position":1,"name":"Home","item":"https:\/\/www.dalpasso.it\/es\/standard-business\/"},{"@type":"ListItem","position":2,"name":"INFORMACI\u00d3N","item":"https:\/\/www.dalpasso.it\/es\/informacion\/"},{"@type":"ListItem","position":3,"name":"QU\u00c9 TIENES QUE SABER SOBRE LA APLICACI\u00d3N PROT\u00c9SICA","item":"https:\/\/www.dalpasso.it\/es\/informacion\/que-tienes-que-saber-sobre-la-aplicacion-protesica\/"},{"@type":"ListItem","position":4,"name":"CONFORMADOR"}]},{"@type":"WebSite","@id":"https:\/\/www.dalpasso.it\/es\/#website","url":"https:\/\/www.dalpasso.it\/es\/","name":"DALPASSO Protesi Oculari","description":"","potentialAction":[{"@type":"SearchAction","target":{"@type":"EntryPoint","urlTemplate":"https:\/\/www.dalpasso.it\/es\/?s={search_term_string}"},"query-input":{"@type":"PropertyValueSpecification","valueRequired":true,"valueName":"search_term_string"}}],"inLanguage":"es"}]}},"_links":{"self":[{"href":"https:\/\/www.dalpasso.it\/es\/wp-json\/wp\/v2\/pages\/12999","targetHints":{"allow":["GET"]}}],"collection":[{"href":"https:\/\/www.dalpasso.it\/es\/wp-json\/wp\/v2\/pages"}],"about":[{"href":"https:\/\/www.dalpasso.it\/es\/wp-json\/wp\/v2\/types\/page"}],"author":[{"embeddable":true,"href":"https:\/\/www.dalpasso.it\/es\/wp-json\/wp\/v2\/users\/1"}],"replies":[{"embeddable":true,"href":"https:\/\/www.dalpasso.it\/es\/wp-json\/wp\/v2\/comments?post=12999"}],"version-history":[{"count":2,"href":"https:\/\/www.dalpasso.it\/es\/wp-json\/wp\/v2\/pages\/12999\/revisions"}],"predecessor-version":[{"id":13015,"href":"https:\/\/www.dalpasso.it\/es\/wp-json\/wp\/v2\/pages\/12999\/revisions\/13015"}],"up":[{"embeddable":true,"href":"https:\/\/www.dalpasso.it\/es\/wp-json\/wp\/v2\/pages\/12981"}],"wp:featuredmedia":[{"embeddable":true,"href":"https:\/\/www.dalpasso.it\/es\/wp-json\/wp\/v2\/media\/15448"}],"wp:attachment":[{"href":"https:\/\/www.dalpasso.it\/es\/wp-json\/wp\/v2\/media?parent=12999"}],"curies":[{"name":"wp","href":"https:\/\/api.w.org\/{rel}","templated":true}]}}