{"id":12971,"date":"2015-07-02T17:37:19","date_gmt":"2015-07-02T15:37:19","guid":{"rendered":"http:\/\/www.dalpasso.it\/es\/testimonios\/pierangelo-ceragioli-pistoia\/"},"modified":"2015-11-30T17:49:32","modified_gmt":"2015-11-30T16:49:32","slug":"pierangelo-ceragioli-pistoia","status":"publish","type":"page","link":"https:\/\/www.dalpasso.it\/es\/testimonios\/pierangelo-ceragioli-pistoia\/","title":{"rendered":"Pierangelo Ceragioli (Pistoia)"},"content":{"rendered":"<div class=\"wpb-content-wrapper\">[vc_row][vc_column width=\u00bb1\/4&#8243;][vc_single_image image=\u00bb3645&#8243; border_color=\u00bbgrey\u00bb img_link_target=\u00bb_self\u00bb img_size=\u00bbmedium\u00bb img_link_large=\u00bbyes\u00bb el_class=\u00bbprettyPhoto\u00bb][\/vc_column][vc_column width=\u00bb1\/2&#8243;][vc_column_text]<span style=\"color: #000000;\">Hola, me llamo Pierangelo y lamentablemente en octubre de 2014, ayudando a una amiga a desmontar una p\u00e9rgola, perd\u00ed completamente el ojo izquierdo\u2026<br \/>\nYa tengo setenta a\u00f1os y este accidente me ha causado serios problemas tanto ps\u00edquicos como f\u00edsicos, hasta que mi oculista me aconsej\u00f3 que acudiera al centro Dalpasso de Florencia. La amabilidad, la profesionalidad y la preparaci\u00f3n de todo el equipo ha hecho que fuera menos traum\u00e1tico un momento tan dif\u00edcil para m\u00ed. Me han proporcionado una pr\u00f3tesis excelente y adem\u00e1s me han apoyado, tambi\u00e9n psicol\u00f3gicamente, durante todo el periodo postoperatorio. <\/span><\/p>\n<p>Doy las gracias a todo el equipo m\u00e9dico y lo aconsejo vivamente a todo aquel que lo necesite.\/span&gt;[\/vc_column_text][\/vc_column][\/vc_row]<\/div>","protected":false},"excerpt":{"rendered":"<p>[vc_row][vc_column width=\u00bb1\/4&#8243;][vc_single_image image=\u00bb3645&#8243; border_color=\u00bbgrey\u00bb img_link_target=\u00bb_self\u00bb img_size=\u00bbmedium\u00bb img_link_large=\u00bbyes\u00bb el_class=\u00bbprettyPhoto\u00bb][\/vc_column][vc_column width=\u00bb1\/2&#8243;][vc_column_text]Hola, me llamo Pierangelo y lamentablemente en octubre de 2014, ayudando a una amiga a desmontar una p\u00e9rgola, perd\u00ed completamente el ojo izquierdo\u2026 Ya tengo setenta a\u00f1os y este accidente me ha causado serios problemas tanto ps\u00edquicos como f\u00edsicos, hasta que mi oculista me aconsej\u00f3 que acudiera [&hellip;]<\/p>\n","protected":false},"author":4,"featured_media":25635,"parent":12838,"menu_order":0,"comment_status":"closed","ping_status":"closed","template":"","meta":{"footnotes":""},"class_list":["post-12971","page","type-page","status-publish","has-post-thumbnail","hentry"],"yoast_head":"<!-- This site is optimized with the Yoast SEO plugin v27.1.1 - https:\/\/yoast.com\/product\/yoast-seo-wordpress\/ -->\n<title>Pierangelo Ceragioli (Pistoia) | Dalpasso protesi oculari<\/title>\n<meta name=\"robots\" content=\"index, follow, max-snippet:-1, max-image-preview:large, max-video-preview:-1\" \/>\n<link rel=\"canonical\" href=\"https:\/\/www.dalpasso.it\/es\/testimonios\/pierangelo-ceragioli-pistoia\/\" \/>\n<meta property=\"og:locale\" content=\"es_ES\" \/>\n<meta property=\"og:type\" content=\"article\" \/>\n<meta property=\"og:title\" content=\"Pierangelo Ceragioli (Pistoia) | Dalpasso protesi oculari\" \/>\n<meta property=\"og:description\" content=\"[vc_row][vc_column width=\u00bb1\/4&#8243;][vc_single_image image=\u00bb3645&#8243; border_color=\u00bbgrey\u00bb img_link_target=\u00bb_self\u00bb img_size=\u00bbmedium\u00bb img_link_large=\u00bbyes\u00bb el_class=\u00bbprettyPhoto\u00bb][\/vc_column][vc_column width=\u00bb1\/2&#8243;][vc_column_text]Hola, me llamo Pierangelo y lamentablemente en octubre de 2014, ayudando a una amiga a desmontar una p\u00e9rgola, perd\u00ed completamente el ojo izquierdo\u2026 Ya tengo setenta a\u00f1os y este accidente me ha causado serios problemas tanto ps\u00edquicos como f\u00edsicos, hasta que mi oculista me aconsej\u00f3 que acudiera [&hellip;]\" \/>\n<meta property=\"og:url\" content=\"https:\/\/www.dalpasso.it\/es\/testimonios\/pierangelo-ceragioli-pistoia\/\" \/>\n<meta property=\"og:site_name\" content=\"Dalpasso protesi oculari\" \/>\n<meta property=\"article:modified_time\" content=\"2015-11-30T16:49:32+00:00\" \/>\n<meta property=\"og:image\" content=\"https:\/\/www.dalpasso.it\/wp-content\/uploads\/2014\/06\/PierangeloCeragioli-Pistoia1.jpg\" \/>\n\t<meta property=\"og:image:width\" content=\"496\" \/>\n\t<meta property=\"og:image:height\" content=\"503\" \/>\n\t<meta property=\"og:image:type\" content=\"image\/jpeg\" \/>\n<meta name=\"twitter:card\" content=\"summary_large_image\" \/>\n<meta name=\"twitter:label1\" content=\"Tiempo de lectura\" \/>\n\t<meta name=\"twitter:data1\" content=\"1 minuto\" \/>\n<script type=\"application\/ld+json\" class=\"yoast-schema-graph\">{\"@context\":\"https:\/\/schema.org\",\"@graph\":[{\"@type\":\"WebPage\",\"@id\":\"https:\/\/www.dalpasso.it\/es\/testimonios\/pierangelo-ceragioli-pistoia\/\",\"url\":\"https:\/\/www.dalpasso.it\/es\/testimonios\/pierangelo-ceragioli-pistoia\/\",\"name\":\"Pierangelo Ceragioli (Pistoia) | Dalpasso protesi oculari\",\"isPartOf\":{\"@id\":\"https:\/\/www.dalpasso.it\/es\/#website\"},\"primaryImageOfPage\":{\"@id\":\"https:\/\/www.dalpasso.it\/es\/testimonios\/pierangelo-ceragioli-pistoia\/#primaryimage\"},\"image\":{\"@id\":\"https:\/\/www.dalpasso.it\/es\/testimonios\/pierangelo-ceragioli-pistoia\/#primaryimage\"},\"thumbnailUrl\":\"https:\/\/www.dalpasso.it\/wp-content\/uploads\/2014\/06\/PierangeloCeragioli-Pistoia1.jpg\",\"datePublished\":\"2015-07-02T15:37:19+00:00\",\"dateModified\":\"2015-11-30T16:49:32+00:00\",\"breadcrumb\":{\"@id\":\"https:\/\/www.dalpasso.it\/es\/testimonios\/pierangelo-ceragioli-pistoia\/#breadcrumb\"},\"inLanguage\":\"es\",\"potentialAction\":[{\"@type\":\"ReadAction\",\"target\":[\"https:\/\/www.dalpasso.it\/es\/testimonios\/pierangelo-ceragioli-pistoia\/\"]}]},{\"@type\":\"ImageObject\",\"inLanguage\":\"es\",\"@id\":\"https:\/\/www.dalpasso.it\/es\/testimonios\/pierangelo-ceragioli-pistoia\/#primaryimage\",\"url\":\"https:\/\/www.dalpasso.it\/wp-content\/uploads\/2014\/06\/PierangeloCeragioli-Pistoia1.jpg\",\"contentUrl\":\"https:\/\/www.dalpasso.it\/wp-content\/uploads\/2014\/06\/PierangeloCeragioli-Pistoia1.jpg\",\"width\":496,\"height\":503},{\"@type\":\"BreadcrumbList\",\"@id\":\"https:\/\/www.dalpasso.it\/es\/testimonios\/pierangelo-ceragioli-pistoia\/#breadcrumb\",\"itemListElement\":[{\"@type\":\"ListItem\",\"position\":1,\"name\":\"Home\",\"item\":\"https:\/\/www.dalpasso.it\/es\/standard-business\/\"},{\"@type\":\"ListItem\",\"position\":2,\"name\":\"TESTIMONIOS\",\"item\":\"https:\/\/www.dalpasso.it\/es\/testimonios\/\"},{\"@type\":\"ListItem\",\"position\":3,\"name\":\"Pierangelo Ceragioli (Pistoia)\"}]},{\"@type\":\"WebSite\",\"@id\":\"https:\/\/www.dalpasso.it\/es\/#website\",\"url\":\"https:\/\/www.dalpasso.it\/es\/\",\"name\":\"DALPASSO Protesi Oculari\",\"description\":\"\",\"potentialAction\":[{\"@type\":\"SearchAction\",\"target\":{\"@type\":\"EntryPoint\",\"urlTemplate\":\"https:\/\/www.dalpasso.it\/es\/?s={search_term_string}\"},\"query-input\":{\"@type\":\"PropertyValueSpecification\",\"valueRequired\":true,\"valueName\":\"search_term_string\"}}],\"inLanguage\":\"es\"}]}<\/script>\n<!-- \/ Yoast SEO plugin. -->","yoast_head_json":{"title":"Pierangelo Ceragioli (Pistoia) | Dalpasso protesi oculari","robots":{"index":"index","follow":"follow","max-snippet":"max-snippet:-1","max-image-preview":"max-image-preview:large","max-video-preview":"max-video-preview:-1"},"canonical":"https:\/\/www.dalpasso.it\/es\/testimonios\/pierangelo-ceragioli-pistoia\/","og_locale":"es_ES","og_type":"article","og_title":"Pierangelo Ceragioli (Pistoia) | Dalpasso protesi oculari","og_description":"[vc_row][vc_column width=\u00bb1\/4&#8243;][vc_single_image image=\u00bb3645&#8243; border_color=\u00bbgrey\u00bb img_link_target=\u00bb_self\u00bb img_size=\u00bbmedium\u00bb img_link_large=\u00bbyes\u00bb el_class=\u00bbprettyPhoto\u00bb][\/vc_column][vc_column width=\u00bb1\/2&#8243;][vc_column_text]Hola, me llamo Pierangelo y lamentablemente en octubre de 2014, ayudando a una amiga a desmontar una p\u00e9rgola, perd\u00ed completamente el ojo izquierdo\u2026 Ya tengo setenta a\u00f1os y este accidente me ha causado serios problemas tanto ps\u00edquicos como f\u00edsicos, hasta que mi oculista me aconsej\u00f3 que acudiera [&hellip;]","og_url":"https:\/\/www.dalpasso.it\/es\/testimonios\/pierangelo-ceragioli-pistoia\/","og_site_name":"Dalpasso protesi oculari","article_modified_time":"2015-11-30T16:49:32+00:00","og_image":[{"width":496,"height":503,"url":"https:\/\/www.dalpasso.it\/wp-content\/uploads\/2014\/06\/PierangeloCeragioli-Pistoia1.jpg","type":"image\/jpeg"}],"twitter_card":"summary_large_image","twitter_misc":{"Tiempo de lectura":"1 minuto"},"schema":{"@context":"https:\/\/schema.org","@graph":[{"@type":"WebPage","@id":"https:\/\/www.dalpasso.it\/es\/testimonios\/pierangelo-ceragioli-pistoia\/","url":"https:\/\/www.dalpasso.it\/es\/testimonios\/pierangelo-ceragioli-pistoia\/","name":"Pierangelo Ceragioli (Pistoia) | Dalpasso protesi oculari","isPartOf":{"@id":"https:\/\/www.dalpasso.it\/es\/#website"},"primaryImageOfPage":{"@id":"https:\/\/www.dalpasso.it\/es\/testimonios\/pierangelo-ceragioli-pistoia\/#primaryimage"},"image":{"@id":"https:\/\/www.dalpasso.it\/es\/testimonios\/pierangelo-ceragioli-pistoia\/#primaryimage"},"thumbnailUrl":"https:\/\/www.dalpasso.it\/wp-content\/uploads\/2014\/06\/PierangeloCeragioli-Pistoia1.jpg","datePublished":"2015-07-02T15:37:19+00:00","dateModified":"2015-11-30T16:49:32+00:00","breadcrumb":{"@id":"https:\/\/www.dalpasso.it\/es\/testimonios\/pierangelo-ceragioli-pistoia\/#breadcrumb"},"inLanguage":"es","potentialAction":[{"@type":"ReadAction","target":["https:\/\/www.dalpasso.it\/es\/testimonios\/pierangelo-ceragioli-pistoia\/"]}]},{"@type":"ImageObject","inLanguage":"es","@id":"https:\/\/www.dalpasso.it\/es\/testimonios\/pierangelo-ceragioli-pistoia\/#primaryimage","url":"https:\/\/www.dalpasso.it\/wp-content\/uploads\/2014\/06\/PierangeloCeragioli-Pistoia1.jpg","contentUrl":"https:\/\/www.dalpasso.it\/wp-content\/uploads\/2014\/06\/PierangeloCeragioli-Pistoia1.jpg","width":496,"height":503},{"@type":"BreadcrumbList","@id":"https:\/\/www.dalpasso.it\/es\/testimonios\/pierangelo-ceragioli-pistoia\/#breadcrumb","itemListElement":[{"@type":"ListItem","position":1,"name":"Home","item":"https:\/\/www.dalpasso.it\/es\/standard-business\/"},{"@type":"ListItem","position":2,"name":"TESTIMONIOS","item":"https:\/\/www.dalpasso.it\/es\/testimonios\/"},{"@type":"ListItem","position":3,"name":"Pierangelo Ceragioli (Pistoia)"}]},{"@type":"WebSite","@id":"https:\/\/www.dalpasso.it\/es\/#website","url":"https:\/\/www.dalpasso.it\/es\/","name":"DALPASSO Protesi Oculari","description":"","potentialAction":[{"@type":"SearchAction","target":{"@type":"EntryPoint","urlTemplate":"https:\/\/www.dalpasso.it\/es\/?s={search_term_string}"},"query-input":{"@type":"PropertyValueSpecification","valueRequired":true,"valueName":"search_term_string"}}],"inLanguage":"es"}]}},"_links":{"self":[{"href":"https:\/\/www.dalpasso.it\/es\/wp-json\/wp\/v2\/pages\/12971","targetHints":{"allow":["GET"]}}],"collection":[{"href":"https:\/\/www.dalpasso.it\/es\/wp-json\/wp\/v2\/pages"}],"about":[{"href":"https:\/\/www.dalpasso.it\/es\/wp-json\/wp\/v2\/types\/page"}],"author":[{"embeddable":true,"href":"https:\/\/www.dalpasso.it\/es\/wp-json\/wp\/v2\/users\/4"}],"replies":[{"embeddable":true,"href":"https:\/\/www.dalpasso.it\/es\/wp-json\/wp\/v2\/comments?post=12971"}],"version-history":[{"count":1,"href":"https:\/\/www.dalpasso.it\/es\/wp-json\/wp\/v2\/pages\/12971\/revisions"}],"predecessor-version":[{"id":12977,"href":"https:\/\/www.dalpasso.it\/es\/wp-json\/wp\/v2\/pages\/12971\/revisions\/12977"}],"up":[{"embeddable":true,"href":"https:\/\/www.dalpasso.it\/es\/wp-json\/wp\/v2\/pages\/12838"}],"wp:featuredmedia":[{"embeddable":true,"href":"https:\/\/www.dalpasso.it\/es\/wp-json\/wp\/v2\/media\/25635"}],"wp:attachment":[{"href":"https:\/\/www.dalpasso.it\/es\/wp-json\/wp\/v2\/media?parent=12971"}],"curies":[{"name":"wp","href":"https:\/\/api.w.org\/{rel}","templated":true}]}}