{"id":12955,"date":"2015-05-25T10:40:20","date_gmt":"2015-05-25T08:40:20","guid":{"rendered":"http:\/\/www.dalpasso.it\/es\/testimonios\/oscar-caravello-alessandria\/"},"modified":"2015-11-30T17:43:49","modified_gmt":"2015-11-30T16:43:49","slug":"oscar-caravello-alessandria","status":"publish","type":"page","link":"https:\/\/www.dalpasso.it\/es\/testimonios\/oscar-caravello-alessandria\/","title":{"rendered":"Oscar Caravello (Alessandria)"},"content":{"rendered":"<div class=\"wpb-content-wrapper\">[vc_row][vc_column width=\u00bb1\/4&#8243;][vc_single_image image=\u00bb1534&#8243; border_color=\u00bbgrey\u00bb img_link_target=\u00bb_self\u00bb img_size=\u00bbmedium\u00bb img_link_large=\u00bbyes\u00bb el_class=\u00bbprettyPhoto\u00bb][\/vc_column][vc_column width=\u00bb1\/2&#8243;][vc_column_text]<\/p>\n<p style=\"text-align: justify;\"><span style=\"color: #000000;\">Tras a\u00f1os de dificultades no solo f\u00edsicas sino tambi\u00e9n morales, el encuentro con Dalpasso me ha devuelto la sonrisa. <\/span><\/p>\n<p style=\"text-align: justify;\"><span style=\"color: #000000;\">Sois un grupo de personas que hab\u00e9is sabido trabajar con amabilidad y gran profesionalidad para solucionar mi problema. <\/span><\/p>\n<p style=\"text-align: justify;\"><span style=\"color: #000000;\">\u00a1Gracias a todos vosotros!<\/span><\/p>\n<p>[\/vc_column_text][\/vc_column][\/vc_row]<\/div>","protected":false},"excerpt":{"rendered":"<p>[vc_row][vc_column width=\u00bb1\/4&#8243;][vc_single_image image=\u00bb1534&#8243; border_color=\u00bbgrey\u00bb img_link_target=\u00bb_self\u00bb img_size=\u00bbmedium\u00bb img_link_large=\u00bbyes\u00bb el_class=\u00bbprettyPhoto\u00bb][\/vc_column][vc_column width=\u00bb1\/2&#8243;][vc_column_text] Tras a\u00f1os de dificultades no solo f\u00edsicas sino tambi\u00e9n morales, el encuentro con Dalpasso me ha devuelto la sonrisa. Sois un grupo de personas que hab\u00e9is sabido trabajar con amabilidad y gran profesionalidad para solucionar mi problema. \u00a1Gracias a todos vosotros! [\/vc_column_text][\/vc_column][\/vc_row]<\/p>\n","protected":false},"author":4,"featured_media":0,"parent":12838,"menu_order":0,"comment_status":"closed","ping_status":"closed","template":"","meta":{"footnotes":""},"class_list":["post-12955","page","type-page","status-publish","hentry"],"yoast_head":"<!-- This site is optimized with the Yoast SEO plugin v27.1.1 - https:\/\/yoast.com\/product\/yoast-seo-wordpress\/ -->\n<title>Oscar Caravello (Alessandria) | Dalpasso protesi oculari<\/title>\n<meta name=\"robots\" content=\"index, follow, max-snippet:-1, max-image-preview:large, max-video-preview:-1\" \/>\n<link rel=\"canonical\" href=\"https:\/\/www.dalpasso.it\/es\/testimonios\/oscar-caravello-alessandria\/\" \/>\n<meta property=\"og:locale\" content=\"es_ES\" \/>\n<meta property=\"og:type\" content=\"article\" \/>\n<meta property=\"og:title\" content=\"Oscar Caravello (Alessandria) | Dalpasso protesi oculari\" \/>\n<meta property=\"og:description\" content=\"[vc_row][vc_column width=\u00bb1\/4&#8243;][vc_single_image image=\u00bb1534&#8243; border_color=\u00bbgrey\u00bb img_link_target=\u00bb_self\u00bb img_size=\u00bbmedium\u00bb img_link_large=\u00bbyes\u00bb el_class=\u00bbprettyPhoto\u00bb][\/vc_column][vc_column width=\u00bb1\/2&#8243;][vc_column_text] Tras a\u00f1os de dificultades no solo f\u00edsicas sino tambi\u00e9n morales, el encuentro con Dalpasso me ha devuelto la sonrisa. Sois un grupo de personas que hab\u00e9is sabido trabajar con amabilidad y gran profesionalidad para solucionar mi problema. \u00a1Gracias a todos vosotros! [\/vc_column_text][\/vc_column][\/vc_row]\" \/>\n<meta property=\"og:url\" content=\"https:\/\/www.dalpasso.it\/es\/testimonios\/oscar-caravello-alessandria\/\" \/>\n<meta property=\"og:site_name\" content=\"Dalpasso protesi oculari\" \/>\n<meta property=\"article:modified_time\" content=\"2015-11-30T16:43:49+00:00\" \/>\n<meta name=\"twitter:card\" content=\"summary_large_image\" \/>\n<script type=\"application\/ld+json\" class=\"yoast-schema-graph\">{\"@context\":\"https:\/\/schema.org\",\"@graph\":[{\"@type\":\"WebPage\",\"@id\":\"https:\/\/www.dalpasso.it\/es\/testimonios\/oscar-caravello-alessandria\/\",\"url\":\"https:\/\/www.dalpasso.it\/es\/testimonios\/oscar-caravello-alessandria\/\",\"name\":\"Oscar Caravello (Alessandria) | Dalpasso protesi oculari\",\"isPartOf\":{\"@id\":\"https:\/\/www.dalpasso.it\/es\/#website\"},\"datePublished\":\"2015-05-25T08:40:20+00:00\",\"dateModified\":\"2015-11-30T16:43:49+00:00\",\"breadcrumb\":{\"@id\":\"https:\/\/www.dalpasso.it\/es\/testimonios\/oscar-caravello-alessandria\/#breadcrumb\"},\"inLanguage\":\"es\",\"potentialAction\":[{\"@type\":\"ReadAction\",\"target\":[\"https:\/\/www.dalpasso.it\/es\/testimonios\/oscar-caravello-alessandria\/\"]}]},{\"@type\":\"BreadcrumbList\",\"@id\":\"https:\/\/www.dalpasso.it\/es\/testimonios\/oscar-caravello-alessandria\/#breadcrumb\",\"itemListElement\":[{\"@type\":\"ListItem\",\"position\":1,\"name\":\"Home\",\"item\":\"https:\/\/www.dalpasso.it\/es\/standard-business\/\"},{\"@type\":\"ListItem\",\"position\":2,\"name\":\"TESTIMONIOS\",\"item\":\"https:\/\/www.dalpasso.it\/es\/testimonios\/\"},{\"@type\":\"ListItem\",\"position\":3,\"name\":\"Oscar Caravello (Alessandria)\"}]},{\"@type\":\"WebSite\",\"@id\":\"https:\/\/www.dalpasso.it\/es\/#website\",\"url\":\"https:\/\/www.dalpasso.it\/es\/\",\"name\":\"DALPASSO Protesi Oculari\",\"description\":\"\",\"potentialAction\":[{\"@type\":\"SearchAction\",\"target\":{\"@type\":\"EntryPoint\",\"urlTemplate\":\"https:\/\/www.dalpasso.it\/es\/?s={search_term_string}\"},\"query-input\":{\"@type\":\"PropertyValueSpecification\",\"valueRequired\":true,\"valueName\":\"search_term_string\"}}],\"inLanguage\":\"es\"}]}<\/script>\n<!-- \/ Yoast SEO plugin. -->","yoast_head_json":{"title":"Oscar Caravello (Alessandria) | Dalpasso protesi oculari","robots":{"index":"index","follow":"follow","max-snippet":"max-snippet:-1","max-image-preview":"max-image-preview:large","max-video-preview":"max-video-preview:-1"},"canonical":"https:\/\/www.dalpasso.it\/es\/testimonios\/oscar-caravello-alessandria\/","og_locale":"es_ES","og_type":"article","og_title":"Oscar Caravello (Alessandria) | Dalpasso protesi oculari","og_description":"[vc_row][vc_column width=\u00bb1\/4&#8243;][vc_single_image image=\u00bb1534&#8243; border_color=\u00bbgrey\u00bb img_link_target=\u00bb_self\u00bb img_size=\u00bbmedium\u00bb img_link_large=\u00bbyes\u00bb el_class=\u00bbprettyPhoto\u00bb][\/vc_column][vc_column width=\u00bb1\/2&#8243;][vc_column_text] Tras a\u00f1os de dificultades no solo f\u00edsicas sino tambi\u00e9n morales, el encuentro con Dalpasso me ha devuelto la sonrisa. Sois un grupo de personas que hab\u00e9is sabido trabajar con amabilidad y gran profesionalidad para solucionar mi problema. \u00a1Gracias a todos vosotros! [\/vc_column_text][\/vc_column][\/vc_row]","og_url":"https:\/\/www.dalpasso.it\/es\/testimonios\/oscar-caravello-alessandria\/","og_site_name":"Dalpasso protesi oculari","article_modified_time":"2015-11-30T16:43:49+00:00","twitter_card":"summary_large_image","schema":{"@context":"https:\/\/schema.org","@graph":[{"@type":"WebPage","@id":"https:\/\/www.dalpasso.it\/es\/testimonios\/oscar-caravello-alessandria\/","url":"https:\/\/www.dalpasso.it\/es\/testimonios\/oscar-caravello-alessandria\/","name":"Oscar Caravello (Alessandria) | Dalpasso protesi oculari","isPartOf":{"@id":"https:\/\/www.dalpasso.it\/es\/#website"},"datePublished":"2015-05-25T08:40:20+00:00","dateModified":"2015-11-30T16:43:49+00:00","breadcrumb":{"@id":"https:\/\/www.dalpasso.it\/es\/testimonios\/oscar-caravello-alessandria\/#breadcrumb"},"inLanguage":"es","potentialAction":[{"@type":"ReadAction","target":["https:\/\/www.dalpasso.it\/es\/testimonios\/oscar-caravello-alessandria\/"]}]},{"@type":"BreadcrumbList","@id":"https:\/\/www.dalpasso.it\/es\/testimonios\/oscar-caravello-alessandria\/#breadcrumb","itemListElement":[{"@type":"ListItem","position":1,"name":"Home","item":"https:\/\/www.dalpasso.it\/es\/standard-business\/"},{"@type":"ListItem","position":2,"name":"TESTIMONIOS","item":"https:\/\/www.dalpasso.it\/es\/testimonios\/"},{"@type":"ListItem","position":3,"name":"Oscar Caravello (Alessandria)"}]},{"@type":"WebSite","@id":"https:\/\/www.dalpasso.it\/es\/#website","url":"https:\/\/www.dalpasso.it\/es\/","name":"DALPASSO Protesi Oculari","description":"","potentialAction":[{"@type":"SearchAction","target":{"@type":"EntryPoint","urlTemplate":"https:\/\/www.dalpasso.it\/es\/?s={search_term_string}"},"query-input":{"@type":"PropertyValueSpecification","valueRequired":true,"valueName":"search_term_string"}}],"inLanguage":"es"}]}},"_links":{"self":[{"href":"https:\/\/www.dalpasso.it\/es\/wp-json\/wp\/v2\/pages\/12955","targetHints":{"allow":["GET"]}}],"collection":[{"href":"https:\/\/www.dalpasso.it\/es\/wp-json\/wp\/v2\/pages"}],"about":[{"href":"https:\/\/www.dalpasso.it\/es\/wp-json\/wp\/v2\/types\/page"}],"author":[{"embeddable":true,"href":"https:\/\/www.dalpasso.it\/es\/wp-json\/wp\/v2\/users\/4"}],"replies":[{"embeddable":true,"href":"https:\/\/www.dalpasso.it\/es\/wp-json\/wp\/v2\/comments?post=12955"}],"version-history":[{"count":1,"href":"https:\/\/www.dalpasso.it\/es\/wp-json\/wp\/v2\/pages\/12955\/revisions"}],"predecessor-version":[{"id":12962,"href":"https:\/\/www.dalpasso.it\/es\/wp-json\/wp\/v2\/pages\/12955\/revisions\/12962"}],"up":[{"embeddable":true,"href":"https:\/\/www.dalpasso.it\/es\/wp-json\/wp\/v2\/pages\/12838"}],"wp:attachment":[{"href":"https:\/\/www.dalpasso.it\/es\/wp-json\/wp\/v2\/media?parent=12955"}],"curies":[{"name":"wp","href":"https:\/\/api.w.org\/{rel}","templated":true}]}}