{"id":12940,"date":"2015-05-25T09:58:01","date_gmt":"2015-05-25T07:58:01","guid":{"rendered":"http:\/\/www.dalpasso.it\/es\/testimonios\/francesca-colli-gallarate\/"},"modified":"2015-11-30T17:38:00","modified_gmt":"2015-11-30T16:38:00","slug":"francesca-colli-gallarate","status":"publish","type":"page","link":"https:\/\/www.dalpasso.it\/es\/testimonios\/francesca-colli-gallarate\/","title":{"rendered":"Francesca Colli (Gallarate)"},"content":{"rendered":"<div class=\"wpb-content-wrapper\">[vc_row][vc_column width=\u00bb1\/4&#8243;][vc_single_image image=\u00bb9193&#8243; border_color=\u00bbgrey\u00bb img_link_large=\u00bbyes\u00bb img_link_target=\u00bb_self\u00bb el_class=\u00bbprettyPhoto\u00bb img_size=\u00bbmedium\u00bb][\/vc_column][vc_column width=\u00bb1\/2&#8243;][vc_column_text]<\/p>\n<p>Podr\u00eda escribir una historia sobre mi experiencia con Dalpasso porque llevo una pr\u00f3tesis desde que ten\u00eda 13 a\u00f1os, desde el lejano 1990, y pr\u00e1cticamente he crecido junto a ellos. Cuando los conoc\u00ed ven\u00eda de una experiencia de pr\u00f3tesis realizadas por el servicio sanitario nacional y por aquel entonces, antes que ponerme una pr\u00f3tesis, hubiera preferido llevar el parche de por vida. Luego conoc\u00ed al Sr. Castellani en Reggio Emilia, el cual me tranquiliz\u00f3 y me apoy\u00f3 en todas mis peticiones de perfecci\u00f3n que, a esa edad, quer\u00eda a toda costa. Adem\u00e1s del Sr. Castellani, que era mi punto de referencia y una seguridad, siempre he encontrado personas disponibles y amables.[\/vc_column_text][vc_column_text]Hoy, mis necesidades han sido satisfechas y el trabajo que han realizado es perfecto. Si no lo digo yo, nadie se da cuenta de que llevo una pr\u00f3tesis. Gracias a esta magn\u00edfica colaboraci\u00f3n he conseguido tener una vida tranquila y serena, y aconsejo a todo aquel que necesite llevar una pr\u00f3tesis ocular que acuda a Dalpasso, porque la profesionalidad es alta, los t\u00e9cnicos son muy buenos y, sobre todo, te hacen sentir siempre mimada.<br \/>\n<a href=\"https:\/\/www.dalpasso.it\/wp-content\/uploads\/2015\/05\/Corso-MedCoach1.pdf\">Curso Med&amp;Coach<\/a>[\/vc_column_text][\/vc_column][\/vc_row][vc_row full_width=\u00bb\u00bb parallax=\u00bb\u00bb parallax_image=\u00bb\u00bb el_id=\u00bb\u00bb][vc_column width=\u00bb1\/1&#8243;][vc_column_text]<br \/>\n[\/vc_column_text][\/vc_column][\/vc_row]<\/div>","protected":false},"excerpt":{"rendered":"<p>[vc_row][vc_column width=\u00bb1\/4&#8243;][vc_single_image image=\u00bb9193&#8243; border_color=\u00bbgrey\u00bb img_link_large=\u00bbyes\u00bb img_link_target=\u00bb_self\u00bb el_class=\u00bbprettyPhoto\u00bb img_size=\u00bbmedium\u00bb][\/vc_column][vc_column width=\u00bb1\/2&#8243;][vc_column_text] Podr\u00eda escribir una historia sobre mi experiencia con Dalpasso porque llevo una pr\u00f3tesis desde que ten\u00eda 13 a\u00f1os, desde el lejano 1990, y pr\u00e1cticamente he crecido junto a ellos. Cuando los conoc\u00ed ven\u00eda de una experiencia de pr\u00f3tesis realizadas por el servicio sanitario nacional y por [&hellip;]<\/p>\n","protected":false},"author":4,"featured_media":22353,"parent":12838,"menu_order":0,"comment_status":"closed","ping_status":"closed","template":"","meta":{"footnotes":""},"class_list":["post-12940","page","type-page","status-publish","has-post-thumbnail","hentry"],"yoast_head":"<!-- This site is optimized with the Yoast SEO plugin v27.1.1 - https:\/\/yoast.com\/product\/yoast-seo-wordpress\/ -->\n<title>Francesca Colli (Gallarate) | Dalpasso protesi oculari<\/title>\n<meta name=\"robots\" content=\"index, follow, max-snippet:-1, max-image-preview:large, max-video-preview:-1\" \/>\n<link rel=\"canonical\" href=\"https:\/\/www.dalpasso.it\/es\/testimonios\/francesca-colli-gallarate\/\" \/>\n<meta property=\"og:locale\" content=\"es_ES\" \/>\n<meta property=\"og:type\" content=\"article\" \/>\n<meta property=\"og:title\" content=\"Francesca Colli (Gallarate) | Dalpasso protesi oculari\" \/>\n<meta property=\"og:description\" content=\"[vc_row][vc_column width=\u00bb1\/4&#8243;][vc_single_image image=\u00bb9193&#8243; border_color=\u00bbgrey\u00bb img_link_large=\u00bbyes\u00bb img_link_target=\u00bb_self\u00bb el_class=\u00bbprettyPhoto\u00bb img_size=\u00bbmedium\u00bb][\/vc_column][vc_column width=\u00bb1\/2&#8243;][vc_column_text] Podr\u00eda escribir una historia sobre mi experiencia con Dalpasso porque llevo una pr\u00f3tesis desde que ten\u00eda 13 a\u00f1os, desde el lejano 1990, y pr\u00e1cticamente he crecido junto a ellos. Cuando los conoc\u00ed ven\u00eda de una experiencia de pr\u00f3tesis realizadas por el servicio sanitario nacional y por [&hellip;]\" \/>\n<meta property=\"og:url\" content=\"https:\/\/www.dalpasso.it\/es\/testimonios\/francesca-colli-gallarate\/\" \/>\n<meta property=\"og:site_name\" content=\"Dalpasso protesi oculari\" \/>\n<meta property=\"article:modified_time\" content=\"2015-11-30T16:38:00+00:00\" \/>\n<meta property=\"og:image\" content=\"https:\/\/www.dalpasso.it\/wp-content\/uploads\/2014\/06\/francesca.jpg\" \/>\n\t<meta property=\"og:image:width\" content=\"496\" \/>\n\t<meta property=\"og:image:height\" content=\"503\" \/>\n\t<meta property=\"og:image:type\" content=\"image\/jpeg\" \/>\n<meta name=\"twitter:card\" content=\"summary_large_image\" \/>\n<meta name=\"twitter:label1\" content=\"Tiempo de lectura\" \/>\n\t<meta name=\"twitter:data1\" content=\"1 minuto\" \/>\n<script type=\"application\/ld+json\" class=\"yoast-schema-graph\">{\"@context\":\"https:\/\/schema.org\",\"@graph\":[{\"@type\":\"WebPage\",\"@id\":\"https:\/\/www.dalpasso.it\/es\/testimonios\/francesca-colli-gallarate\/\",\"url\":\"https:\/\/www.dalpasso.it\/es\/testimonios\/francesca-colli-gallarate\/\",\"name\":\"Francesca Colli (Gallarate) | Dalpasso protesi oculari\",\"isPartOf\":{\"@id\":\"https:\/\/www.dalpasso.it\/es\/#website\"},\"primaryImageOfPage\":{\"@id\":\"https:\/\/www.dalpasso.it\/es\/testimonios\/francesca-colli-gallarate\/#primaryimage\"},\"image\":{\"@id\":\"https:\/\/www.dalpasso.it\/es\/testimonios\/francesca-colli-gallarate\/#primaryimage\"},\"thumbnailUrl\":\"https:\/\/www.dalpasso.it\/wp-content\/uploads\/2014\/06\/francesca.jpg\",\"datePublished\":\"2015-05-25T07:58:01+00:00\",\"dateModified\":\"2015-11-30T16:38:00+00:00\",\"breadcrumb\":{\"@id\":\"https:\/\/www.dalpasso.it\/es\/testimonios\/francesca-colli-gallarate\/#breadcrumb\"},\"inLanguage\":\"es\",\"potentialAction\":[{\"@type\":\"ReadAction\",\"target\":[\"https:\/\/www.dalpasso.it\/es\/testimonios\/francesca-colli-gallarate\/\"]}]},{\"@type\":\"ImageObject\",\"inLanguage\":\"es\",\"@id\":\"https:\/\/www.dalpasso.it\/es\/testimonios\/francesca-colli-gallarate\/#primaryimage\",\"url\":\"https:\/\/www.dalpasso.it\/wp-content\/uploads\/2014\/06\/francesca.jpg\",\"contentUrl\":\"https:\/\/www.dalpasso.it\/wp-content\/uploads\/2014\/06\/francesca.jpg\",\"width\":496,\"height\":503},{\"@type\":\"BreadcrumbList\",\"@id\":\"https:\/\/www.dalpasso.it\/es\/testimonios\/francesca-colli-gallarate\/#breadcrumb\",\"itemListElement\":[{\"@type\":\"ListItem\",\"position\":1,\"name\":\"Home\",\"item\":\"https:\/\/www.dalpasso.it\/es\/standard-business\/\"},{\"@type\":\"ListItem\",\"position\":2,\"name\":\"TESTIMONIOS\",\"item\":\"https:\/\/www.dalpasso.it\/es\/testimonios\/\"},{\"@type\":\"ListItem\",\"position\":3,\"name\":\"Francesca Colli (Gallarate)\"}]},{\"@type\":\"WebSite\",\"@id\":\"https:\/\/www.dalpasso.it\/es\/#website\",\"url\":\"https:\/\/www.dalpasso.it\/es\/\",\"name\":\"DALPASSO Protesi Oculari\",\"description\":\"\",\"potentialAction\":[{\"@type\":\"SearchAction\",\"target\":{\"@type\":\"EntryPoint\",\"urlTemplate\":\"https:\/\/www.dalpasso.it\/es\/?s={search_term_string}\"},\"query-input\":{\"@type\":\"PropertyValueSpecification\",\"valueRequired\":true,\"valueName\":\"search_term_string\"}}],\"inLanguage\":\"es\"}]}<\/script>\n<!-- \/ Yoast SEO plugin. -->","yoast_head_json":{"title":"Francesca Colli (Gallarate) | Dalpasso protesi oculari","robots":{"index":"index","follow":"follow","max-snippet":"max-snippet:-1","max-image-preview":"max-image-preview:large","max-video-preview":"max-video-preview:-1"},"canonical":"https:\/\/www.dalpasso.it\/es\/testimonios\/francesca-colli-gallarate\/","og_locale":"es_ES","og_type":"article","og_title":"Francesca Colli (Gallarate) | Dalpasso protesi oculari","og_description":"[vc_row][vc_column width=\u00bb1\/4&#8243;][vc_single_image image=\u00bb9193&#8243; border_color=\u00bbgrey\u00bb img_link_large=\u00bbyes\u00bb img_link_target=\u00bb_self\u00bb el_class=\u00bbprettyPhoto\u00bb img_size=\u00bbmedium\u00bb][\/vc_column][vc_column width=\u00bb1\/2&#8243;][vc_column_text] Podr\u00eda escribir una historia sobre mi experiencia con Dalpasso porque llevo una pr\u00f3tesis desde que ten\u00eda 13 a\u00f1os, desde el lejano 1990, y pr\u00e1cticamente he crecido junto a ellos. Cuando los conoc\u00ed ven\u00eda de una experiencia de pr\u00f3tesis realizadas por el servicio sanitario nacional y por [&hellip;]","og_url":"https:\/\/www.dalpasso.it\/es\/testimonios\/francesca-colli-gallarate\/","og_site_name":"Dalpasso protesi oculari","article_modified_time":"2015-11-30T16:38:00+00:00","og_image":[{"width":496,"height":503,"url":"https:\/\/www.dalpasso.it\/wp-content\/uploads\/2014\/06\/francesca.jpg","type":"image\/jpeg"}],"twitter_card":"summary_large_image","twitter_misc":{"Tiempo de lectura":"1 minuto"},"schema":{"@context":"https:\/\/schema.org","@graph":[{"@type":"WebPage","@id":"https:\/\/www.dalpasso.it\/es\/testimonios\/francesca-colli-gallarate\/","url":"https:\/\/www.dalpasso.it\/es\/testimonios\/francesca-colli-gallarate\/","name":"Francesca Colli (Gallarate) | Dalpasso protesi oculari","isPartOf":{"@id":"https:\/\/www.dalpasso.it\/es\/#website"},"primaryImageOfPage":{"@id":"https:\/\/www.dalpasso.it\/es\/testimonios\/francesca-colli-gallarate\/#primaryimage"},"image":{"@id":"https:\/\/www.dalpasso.it\/es\/testimonios\/francesca-colli-gallarate\/#primaryimage"},"thumbnailUrl":"https:\/\/www.dalpasso.it\/wp-content\/uploads\/2014\/06\/francesca.jpg","datePublished":"2015-05-25T07:58:01+00:00","dateModified":"2015-11-30T16:38:00+00:00","breadcrumb":{"@id":"https:\/\/www.dalpasso.it\/es\/testimonios\/francesca-colli-gallarate\/#breadcrumb"},"inLanguage":"es","potentialAction":[{"@type":"ReadAction","target":["https:\/\/www.dalpasso.it\/es\/testimonios\/francesca-colli-gallarate\/"]}]},{"@type":"ImageObject","inLanguage":"es","@id":"https:\/\/www.dalpasso.it\/es\/testimonios\/francesca-colli-gallarate\/#primaryimage","url":"https:\/\/www.dalpasso.it\/wp-content\/uploads\/2014\/06\/francesca.jpg","contentUrl":"https:\/\/www.dalpasso.it\/wp-content\/uploads\/2014\/06\/francesca.jpg","width":496,"height":503},{"@type":"BreadcrumbList","@id":"https:\/\/www.dalpasso.it\/es\/testimonios\/francesca-colli-gallarate\/#breadcrumb","itemListElement":[{"@type":"ListItem","position":1,"name":"Home","item":"https:\/\/www.dalpasso.it\/es\/standard-business\/"},{"@type":"ListItem","position":2,"name":"TESTIMONIOS","item":"https:\/\/www.dalpasso.it\/es\/testimonios\/"},{"@type":"ListItem","position":3,"name":"Francesca Colli (Gallarate)"}]},{"@type":"WebSite","@id":"https:\/\/www.dalpasso.it\/es\/#website","url":"https:\/\/www.dalpasso.it\/es\/","name":"DALPASSO Protesi Oculari","description":"","potentialAction":[{"@type":"SearchAction","target":{"@type":"EntryPoint","urlTemplate":"https:\/\/www.dalpasso.it\/es\/?s={search_term_string}"},"query-input":{"@type":"PropertyValueSpecification","valueRequired":true,"valueName":"search_term_string"}}],"inLanguage":"es"}]}},"_links":{"self":[{"href":"https:\/\/www.dalpasso.it\/es\/wp-json\/wp\/v2\/pages\/12940","targetHints":{"allow":["GET"]}}],"collection":[{"href":"https:\/\/www.dalpasso.it\/es\/wp-json\/wp\/v2\/pages"}],"about":[{"href":"https:\/\/www.dalpasso.it\/es\/wp-json\/wp\/v2\/types\/page"}],"author":[{"embeddable":true,"href":"https:\/\/www.dalpasso.it\/es\/wp-json\/wp\/v2\/users\/4"}],"replies":[{"embeddable":true,"href":"https:\/\/www.dalpasso.it\/es\/wp-json\/wp\/v2\/comments?post=12940"}],"version-history":[{"count":2,"href":"https:\/\/www.dalpasso.it\/es\/wp-json\/wp\/v2\/pages\/12940\/revisions"}],"predecessor-version":[{"id":12947,"href":"https:\/\/www.dalpasso.it\/es\/wp-json\/wp\/v2\/pages\/12940\/revisions\/12947"}],"up":[{"embeddable":true,"href":"https:\/\/www.dalpasso.it\/es\/wp-json\/wp\/v2\/pages\/12838"}],"wp:featuredmedia":[{"embeddable":true,"href":"https:\/\/www.dalpasso.it\/es\/wp-json\/wp\/v2\/media\/22353"}],"wp:attachment":[{"href":"https:\/\/www.dalpasso.it\/es\/wp-json\/wp\/v2\/media?parent=12940"}],"curies":[{"name":"wp","href":"https:\/\/api.w.org\/{rel}","templated":true}]}}