{"id":12938,"date":"2015-11-03T16:15:38","date_gmt":"2015-11-03T15:15:38","guid":{"rendered":"http:\/\/www.dalpasso.it\/es\/testimonios\/roberto-bettelli-vignola\/"},"modified":"2015-12-01T14:14:19","modified_gmt":"2015-12-01T13:14:19","slug":"roberto-bettelli-vignola","status":"publish","type":"page","link":"https:\/\/www.dalpasso.it\/es\/testimonios\/roberto-bettelli-vignola\/","title":{"rendered":"Roberto Bettelli (Vignola)"},"content":{"rendered":"<div class=\"wpb-content-wrapper\">[vc_row][vc_column width=\u00bb1\/4&#8243;][vc_single_image image=\u00bb10383&#8243; border_color=\u00bbgrey\u00bb img_link_target=\u00bb_self\u00bb img_size=\u00bbmedium\u00bb img_link_large=\u00bbyes\u00bb el_class=\u00bbprettyPhoto\u00bb][\/vc_column][vc_column width=\u00bb1\/2&#8243;][vc_column_text]Con la excelente pr\u00f3tesis creada por el centro Dalpasso he recuperado la confianza que perd\u00ed tras sufrir la enucleaci\u00f3n del ojo derecho.<\/p>\n<p>Antes de llevar la pr\u00f3tesis me sent\u00eda observado e inc\u00f3modo cuando estaba con m\u00e1s gente.<\/p>\n<p>Gracias a todos vosotros por el excelente trabajo y por vuestra cordialidad y amabilidad.<\/p>\n<p>Roberto Bettelli \u2013 Vignola (MO).[\/vc_column_text][\/vc_column][\/vc_row]<\/div>","protected":false},"excerpt":{"rendered":"<p>[vc_row][vc_column width=\u00bb1\/4&#8243;][vc_single_image image=\u00bb10383&#8243; border_color=\u00bbgrey\u00bb img_link_target=\u00bb_self\u00bb img_size=\u00bbmedium\u00bb img_link_large=\u00bbyes\u00bb el_class=\u00bbprettyPhoto\u00bb][\/vc_column][vc_column width=\u00bb1\/2&#8243;][vc_column_text]Con la excelente pr\u00f3tesis creada por el centro Dalpasso he recuperado la confianza que perd\u00ed tras sufrir la enucleaci\u00f3n del ojo derecho. Antes de llevar la pr\u00f3tesis me sent\u00eda observado e inc\u00f3modo cuando estaba con m\u00e1s gente. Gracias a todos vosotros por el excelente trabajo y por [&hellip;]<\/p>\n","protected":false},"author":4,"featured_media":0,"parent":12838,"menu_order":0,"comment_status":"closed","ping_status":"closed","template":"","meta":{"footnotes":""},"class_list":["post-12938","page","type-page","status-publish","hentry"],"yoast_head":"<!-- This site is optimized with the Yoast SEO plugin v27.1.1 - https:\/\/yoast.com\/product\/yoast-seo-wordpress\/ -->\n<title>Roberto Bettelli (Vignola) | Dalpasso protesi oculari<\/title>\n<meta name=\"robots\" content=\"index, follow, max-snippet:-1, max-image-preview:large, max-video-preview:-1\" \/>\n<link rel=\"canonical\" href=\"https:\/\/www.dalpasso.it\/es\/testimonios\/roberto-bettelli-vignola\/\" \/>\n<meta property=\"og:locale\" content=\"es_ES\" \/>\n<meta property=\"og:type\" content=\"article\" \/>\n<meta property=\"og:title\" content=\"Roberto Bettelli (Vignola) | Dalpasso protesi oculari\" \/>\n<meta property=\"og:description\" content=\"[vc_row][vc_column width=\u00bb1\/4&#8243;][vc_single_image image=\u00bb10383&#8243; border_color=\u00bbgrey\u00bb img_link_target=\u00bb_self\u00bb img_size=\u00bbmedium\u00bb img_link_large=\u00bbyes\u00bb el_class=\u00bbprettyPhoto\u00bb][\/vc_column][vc_column width=\u00bb1\/2&#8243;][vc_column_text]Con la excelente pr\u00f3tesis creada por el centro Dalpasso he recuperado la confianza que perd\u00ed tras sufrir la enucleaci\u00f3n del ojo derecho. Antes de llevar la pr\u00f3tesis me sent\u00eda observado e inc\u00f3modo cuando estaba con m\u00e1s gente. Gracias a todos vosotros por el excelente trabajo y por [&hellip;]\" \/>\n<meta property=\"og:url\" content=\"https:\/\/www.dalpasso.it\/es\/testimonios\/roberto-bettelli-vignola\/\" \/>\n<meta property=\"og:site_name\" content=\"Dalpasso protesi oculari\" \/>\n<meta property=\"article:modified_time\" content=\"2015-12-01T13:14:19+00:00\" \/>\n<meta name=\"twitter:card\" content=\"summary_large_image\" \/>\n<meta name=\"twitter:label1\" content=\"Tiempo de lectura\" \/>\n\t<meta name=\"twitter:data1\" content=\"1 minuto\" \/>\n<script type=\"application\/ld+json\" class=\"yoast-schema-graph\">{\"@context\":\"https:\/\/schema.org\",\"@graph\":[{\"@type\":\"WebPage\",\"@id\":\"https:\/\/www.dalpasso.it\/es\/testimonios\/roberto-bettelli-vignola\/\",\"url\":\"https:\/\/www.dalpasso.it\/es\/testimonios\/roberto-bettelli-vignola\/\",\"name\":\"Roberto Bettelli (Vignola) | Dalpasso protesi oculari\",\"isPartOf\":{\"@id\":\"https:\/\/www.dalpasso.it\/es\/#website\"},\"datePublished\":\"2015-11-03T15:15:38+00:00\",\"dateModified\":\"2015-12-01T13:14:19+00:00\",\"breadcrumb\":{\"@id\":\"https:\/\/www.dalpasso.it\/es\/testimonios\/roberto-bettelli-vignola\/#breadcrumb\"},\"inLanguage\":\"es\",\"potentialAction\":[{\"@type\":\"ReadAction\",\"target\":[\"https:\/\/www.dalpasso.it\/es\/testimonios\/roberto-bettelli-vignola\/\"]}]},{\"@type\":\"BreadcrumbList\",\"@id\":\"https:\/\/www.dalpasso.it\/es\/testimonios\/roberto-bettelli-vignola\/#breadcrumb\",\"itemListElement\":[{\"@type\":\"ListItem\",\"position\":1,\"name\":\"Home\",\"item\":\"https:\/\/www.dalpasso.it\/es\/standard-business\/\"},{\"@type\":\"ListItem\",\"position\":2,\"name\":\"TESTIMONIOS\",\"item\":\"https:\/\/www.dalpasso.it\/es\/testimonios\/\"},{\"@type\":\"ListItem\",\"position\":3,\"name\":\"Roberto Bettelli (Vignola)\"}]},{\"@type\":\"WebSite\",\"@id\":\"https:\/\/www.dalpasso.it\/es\/#website\",\"url\":\"https:\/\/www.dalpasso.it\/es\/\",\"name\":\"DALPASSO Protesi Oculari\",\"description\":\"\",\"potentialAction\":[{\"@type\":\"SearchAction\",\"target\":{\"@type\":\"EntryPoint\",\"urlTemplate\":\"https:\/\/www.dalpasso.it\/es\/?s={search_term_string}\"},\"query-input\":{\"@type\":\"PropertyValueSpecification\",\"valueRequired\":true,\"valueName\":\"search_term_string\"}}],\"inLanguage\":\"es\"}]}<\/script>\n<!-- \/ Yoast SEO plugin. -->","yoast_head_json":{"title":"Roberto Bettelli (Vignola) | Dalpasso protesi oculari","robots":{"index":"index","follow":"follow","max-snippet":"max-snippet:-1","max-image-preview":"max-image-preview:large","max-video-preview":"max-video-preview:-1"},"canonical":"https:\/\/www.dalpasso.it\/es\/testimonios\/roberto-bettelli-vignola\/","og_locale":"es_ES","og_type":"article","og_title":"Roberto Bettelli (Vignola) | Dalpasso protesi oculari","og_description":"[vc_row][vc_column width=\u00bb1\/4&#8243;][vc_single_image image=\u00bb10383&#8243; border_color=\u00bbgrey\u00bb img_link_target=\u00bb_self\u00bb img_size=\u00bbmedium\u00bb img_link_large=\u00bbyes\u00bb el_class=\u00bbprettyPhoto\u00bb][\/vc_column][vc_column width=\u00bb1\/2&#8243;][vc_column_text]Con la excelente pr\u00f3tesis creada por el centro Dalpasso he recuperado la confianza que perd\u00ed tras sufrir la enucleaci\u00f3n del ojo derecho. Antes de llevar la pr\u00f3tesis me sent\u00eda observado e inc\u00f3modo cuando estaba con m\u00e1s gente. Gracias a todos vosotros por el excelente trabajo y por [&hellip;]","og_url":"https:\/\/www.dalpasso.it\/es\/testimonios\/roberto-bettelli-vignola\/","og_site_name":"Dalpasso protesi oculari","article_modified_time":"2015-12-01T13:14:19+00:00","twitter_card":"summary_large_image","twitter_misc":{"Tiempo de lectura":"1 minuto"},"schema":{"@context":"https:\/\/schema.org","@graph":[{"@type":"WebPage","@id":"https:\/\/www.dalpasso.it\/es\/testimonios\/roberto-bettelli-vignola\/","url":"https:\/\/www.dalpasso.it\/es\/testimonios\/roberto-bettelli-vignola\/","name":"Roberto Bettelli (Vignola) | Dalpasso protesi oculari","isPartOf":{"@id":"https:\/\/www.dalpasso.it\/es\/#website"},"datePublished":"2015-11-03T15:15:38+00:00","dateModified":"2015-12-01T13:14:19+00:00","breadcrumb":{"@id":"https:\/\/www.dalpasso.it\/es\/testimonios\/roberto-bettelli-vignola\/#breadcrumb"},"inLanguage":"es","potentialAction":[{"@type":"ReadAction","target":["https:\/\/www.dalpasso.it\/es\/testimonios\/roberto-bettelli-vignola\/"]}]},{"@type":"BreadcrumbList","@id":"https:\/\/www.dalpasso.it\/es\/testimonios\/roberto-bettelli-vignola\/#breadcrumb","itemListElement":[{"@type":"ListItem","position":1,"name":"Home","item":"https:\/\/www.dalpasso.it\/es\/standard-business\/"},{"@type":"ListItem","position":2,"name":"TESTIMONIOS","item":"https:\/\/www.dalpasso.it\/es\/testimonios\/"},{"@type":"ListItem","position":3,"name":"Roberto Bettelli (Vignola)"}]},{"@type":"WebSite","@id":"https:\/\/www.dalpasso.it\/es\/#website","url":"https:\/\/www.dalpasso.it\/es\/","name":"DALPASSO Protesi Oculari","description":"","potentialAction":[{"@type":"SearchAction","target":{"@type":"EntryPoint","urlTemplate":"https:\/\/www.dalpasso.it\/es\/?s={search_term_string}"},"query-input":{"@type":"PropertyValueSpecification","valueRequired":true,"valueName":"search_term_string"}}],"inLanguage":"es"}]}},"_links":{"self":[{"href":"https:\/\/www.dalpasso.it\/es\/wp-json\/wp\/v2\/pages\/12938","targetHints":{"allow":["GET"]}}],"collection":[{"href":"https:\/\/www.dalpasso.it\/es\/wp-json\/wp\/v2\/pages"}],"about":[{"href":"https:\/\/www.dalpasso.it\/es\/wp-json\/wp\/v2\/types\/page"}],"author":[{"embeddable":true,"href":"https:\/\/www.dalpasso.it\/es\/wp-json\/wp\/v2\/users\/4"}],"replies":[{"embeddable":true,"href":"https:\/\/www.dalpasso.it\/es\/wp-json\/wp\/v2\/comments?post=12938"}],"version-history":[{"count":2,"href":"https:\/\/www.dalpasso.it\/es\/wp-json\/wp\/v2\/pages\/12938\/revisions"}],"predecessor-version":[{"id":13203,"href":"https:\/\/www.dalpasso.it\/es\/wp-json\/wp\/v2\/pages\/12938\/revisions\/13203"}],"up":[{"embeddable":true,"href":"https:\/\/www.dalpasso.it\/es\/wp-json\/wp\/v2\/pages\/12838"}],"wp:attachment":[{"href":"https:\/\/www.dalpasso.it\/es\/wp-json\/wp\/v2\/media?parent=12938"}],"curies":[{"name":"wp","href":"https:\/\/api.w.org\/{rel}","templated":true}]}}