{"id":12937,"date":"2015-10-12T12:34:47","date_gmt":"2015-10-12T10:34:47","guid":{"rendered":"http:\/\/www.dalpasso.it\/es\/testimonios\/agatha-maria-la-ferlita\/"},"modified":"2015-11-30T17:35:04","modified_gmt":"2015-11-30T16:35:04","slug":"agatha-maria-la-ferlita","status":"publish","type":"page","link":"https:\/\/www.dalpasso.it\/es\/testimonios\/agatha-maria-la-ferlita\/","title":{"rendered":"AGATHA MARIA LA FERLITA (Catania)"},"content":{"rendered":"<div class=\"wpb-content-wrapper\">[vc_row full_width=\u00bb\u00bb parallax=\u00bb\u00bb parallax_image=\u00bb\u00bb][vc_column width=\u00bb1\/4&#8243;][vc_single_image image=\u00bb9850&#8243; border_color=\u00bbgrey\u00bb img_link_large=\u00bbyes\u00bb img_link_target=\u00bb_self\u00bb img_size=\u00bbmedium\u00bb][\/vc_column][vc_column width=\u00bb3\/4&#8243;][vc_column_text]Mi peque\u00f1a Agatha naci\u00f3 con una microftalmia en el ojo izquierdo. Doy las gracias a Dalpasso por asistir a mi hija desde sus primeros d\u00edas de vida, y en especial a los aplicadores Donato y Fabio<br \/>\npor el amor y la paciencia que nos han regalado todos estos a\u00f1os. Un gran saludo de los padres de Agatha.<br \/>\nSanto y Terry[\/vc_column_text][\/vc_column][\/vc_row]<\/div>","protected":false},"excerpt":{"rendered":"<p>[vc_row full_width=\u00bb\u00bb parallax=\u00bb\u00bb parallax_image=\u00bb\u00bb][vc_column width=\u00bb1\/4&#8243;][vc_single_image image=\u00bb9850&#8243; border_color=\u00bbgrey\u00bb img_link_large=\u00bbyes\u00bb img_link_target=\u00bb_self\u00bb img_size=\u00bbmedium\u00bb][\/vc_column][vc_column width=\u00bb3\/4&#8243;][vc_column_text]Mi peque\u00f1a Agatha naci\u00f3 con una microftalmia en el ojo izquierdo. Doy las gracias a Dalpasso por asistir a mi hija desde sus primeros d\u00edas de vida, y en especial a los aplicadores Donato y Fabio por el amor y la paciencia que nos han [&hellip;]<\/p>\n","protected":false},"author":1,"featured_media":22358,"parent":12838,"menu_order":0,"comment_status":"closed","ping_status":"closed","template":"","meta":{"footnotes":""},"class_list":["post-12937","page","type-page","status-publish","has-post-thumbnail","hentry"],"yoast_head":"<!-- This site is optimized with the Yoast SEO plugin v27.1.1 - https:\/\/yoast.com\/product\/yoast-seo-wordpress\/ -->\n<title>AGATHA MARIA LA FERLITA (Catania) | Dalpasso protesi oculari<\/title>\n<meta name=\"robots\" content=\"index, follow, max-snippet:-1, max-image-preview:large, max-video-preview:-1\" \/>\n<link rel=\"canonical\" href=\"https:\/\/www.dalpasso.it\/es\/testimonios\/agatha-maria-la-ferlita\/\" \/>\n<meta property=\"og:locale\" content=\"es_ES\" \/>\n<meta property=\"og:type\" content=\"article\" \/>\n<meta property=\"og:title\" content=\"AGATHA MARIA LA FERLITA (Catania) | Dalpasso protesi oculari\" \/>\n<meta property=\"og:description\" content=\"[vc_row full_width=\u00bb\u00bb parallax=\u00bb\u00bb parallax_image=\u00bb\u00bb][vc_column width=\u00bb1\/4&#8243;][vc_single_image image=\u00bb9850&#8243; border_color=\u00bbgrey\u00bb img_link_large=\u00bbyes\u00bb img_link_target=\u00bb_self\u00bb img_size=\u00bbmedium\u00bb][\/vc_column][vc_column width=\u00bb3\/4&#8243;][vc_column_text]Mi peque\u00f1a Agatha naci\u00f3 con una microftalmia en el ojo izquierdo. Doy las gracias a Dalpasso por asistir a mi hija desde sus primeros d\u00edas de vida, y en especial a los aplicadores Donato y Fabio por el amor y la paciencia que nos han [&hellip;]\" \/>\n<meta property=\"og:url\" content=\"https:\/\/www.dalpasso.it\/es\/testimonios\/agatha-maria-la-ferlita\/\" \/>\n<meta property=\"og:site_name\" content=\"Dalpasso protesi oculari\" \/>\n<meta property=\"article:modified_time\" content=\"2015-11-30T16:35:04+00:00\" \/>\n<meta property=\"og:image\" content=\"https:\/\/www.dalpasso.it\/wp-content\/uploads\/2014\/06\/La-Ferlita-Agatha2.jpg\" \/>\n\t<meta property=\"og:image:width\" content=\"480\" \/>\n\t<meta property=\"og:image:height\" content=\"480\" \/>\n\t<meta property=\"og:image:type\" content=\"image\/jpeg\" \/>\n<meta name=\"twitter:card\" content=\"summary_large_image\" \/>\n<meta name=\"twitter:label1\" content=\"Tiempo de lectura\" \/>\n\t<meta name=\"twitter:data1\" content=\"1 minuto\" \/>\n<script type=\"application\/ld+json\" class=\"yoast-schema-graph\">{\"@context\":\"https:\/\/schema.org\",\"@graph\":[{\"@type\":\"WebPage\",\"@id\":\"https:\/\/www.dalpasso.it\/es\/testimonios\/agatha-maria-la-ferlita\/\",\"url\":\"https:\/\/www.dalpasso.it\/es\/testimonios\/agatha-maria-la-ferlita\/\",\"name\":\"AGATHA MARIA LA FERLITA (Catania) | Dalpasso protesi oculari\",\"isPartOf\":{\"@id\":\"https:\/\/www.dalpasso.it\/es\/#website\"},\"primaryImageOfPage\":{\"@id\":\"https:\/\/www.dalpasso.it\/es\/testimonios\/agatha-maria-la-ferlita\/#primaryimage\"},\"image\":{\"@id\":\"https:\/\/www.dalpasso.it\/es\/testimonios\/agatha-maria-la-ferlita\/#primaryimage\"},\"thumbnailUrl\":\"https:\/\/www.dalpasso.it\/wp-content\/uploads\/2014\/06\/La-Ferlita-Agatha2.jpg\",\"datePublished\":\"2015-10-12T10:34:47+00:00\",\"dateModified\":\"2015-11-30T16:35:04+00:00\",\"breadcrumb\":{\"@id\":\"https:\/\/www.dalpasso.it\/es\/testimonios\/agatha-maria-la-ferlita\/#breadcrumb\"},\"inLanguage\":\"es\",\"potentialAction\":[{\"@type\":\"ReadAction\",\"target\":[\"https:\/\/www.dalpasso.it\/es\/testimonios\/agatha-maria-la-ferlita\/\"]}]},{\"@type\":\"ImageObject\",\"inLanguage\":\"es\",\"@id\":\"https:\/\/www.dalpasso.it\/es\/testimonios\/agatha-maria-la-ferlita\/#primaryimage\",\"url\":\"https:\/\/www.dalpasso.it\/wp-content\/uploads\/2014\/06\/La-Ferlita-Agatha2.jpg\",\"contentUrl\":\"https:\/\/www.dalpasso.it\/wp-content\/uploads\/2014\/06\/La-Ferlita-Agatha2.jpg\",\"width\":480,\"height\":480},{\"@type\":\"BreadcrumbList\",\"@id\":\"https:\/\/www.dalpasso.it\/es\/testimonios\/agatha-maria-la-ferlita\/#breadcrumb\",\"itemListElement\":[{\"@type\":\"ListItem\",\"position\":1,\"name\":\"Home\",\"item\":\"https:\/\/www.dalpasso.it\/es\/standard-business\/\"},{\"@type\":\"ListItem\",\"position\":2,\"name\":\"TESTIMONIOS\",\"item\":\"https:\/\/www.dalpasso.it\/es\/testimonios\/\"},{\"@type\":\"ListItem\",\"position\":3,\"name\":\"AGATHA MARIA LA FERLITA (Catania)\"}]},{\"@type\":\"WebSite\",\"@id\":\"https:\/\/www.dalpasso.it\/es\/#website\",\"url\":\"https:\/\/www.dalpasso.it\/es\/\",\"name\":\"DALPASSO Protesi Oculari\",\"description\":\"\",\"potentialAction\":[{\"@type\":\"SearchAction\",\"target\":{\"@type\":\"EntryPoint\",\"urlTemplate\":\"https:\/\/www.dalpasso.it\/es\/?s={search_term_string}\"},\"query-input\":{\"@type\":\"PropertyValueSpecification\",\"valueRequired\":true,\"valueName\":\"search_term_string\"}}],\"inLanguage\":\"es\"}]}<\/script>\n<!-- \/ Yoast SEO plugin. -->","yoast_head_json":{"title":"AGATHA MARIA LA FERLITA (Catania) | Dalpasso protesi oculari","robots":{"index":"index","follow":"follow","max-snippet":"max-snippet:-1","max-image-preview":"max-image-preview:large","max-video-preview":"max-video-preview:-1"},"canonical":"https:\/\/www.dalpasso.it\/es\/testimonios\/agatha-maria-la-ferlita\/","og_locale":"es_ES","og_type":"article","og_title":"AGATHA MARIA LA FERLITA (Catania) | Dalpasso protesi oculari","og_description":"[vc_row full_width=\u00bb\u00bb parallax=\u00bb\u00bb parallax_image=\u00bb\u00bb][vc_column width=\u00bb1\/4&#8243;][vc_single_image image=\u00bb9850&#8243; border_color=\u00bbgrey\u00bb img_link_large=\u00bbyes\u00bb img_link_target=\u00bb_self\u00bb img_size=\u00bbmedium\u00bb][\/vc_column][vc_column width=\u00bb3\/4&#8243;][vc_column_text]Mi peque\u00f1a Agatha naci\u00f3 con una microftalmia en el ojo izquierdo. Doy las gracias a Dalpasso por asistir a mi hija desde sus primeros d\u00edas de vida, y en especial a los aplicadores Donato y Fabio por el amor y la paciencia que nos han [&hellip;]","og_url":"https:\/\/www.dalpasso.it\/es\/testimonios\/agatha-maria-la-ferlita\/","og_site_name":"Dalpasso protesi oculari","article_modified_time":"2015-11-30T16:35:04+00:00","og_image":[{"width":480,"height":480,"url":"https:\/\/www.dalpasso.it\/wp-content\/uploads\/2014\/06\/La-Ferlita-Agatha2.jpg","type":"image\/jpeg"}],"twitter_card":"summary_large_image","twitter_misc":{"Tiempo de lectura":"1 minuto"},"schema":{"@context":"https:\/\/schema.org","@graph":[{"@type":"WebPage","@id":"https:\/\/www.dalpasso.it\/es\/testimonios\/agatha-maria-la-ferlita\/","url":"https:\/\/www.dalpasso.it\/es\/testimonios\/agatha-maria-la-ferlita\/","name":"AGATHA MARIA LA FERLITA (Catania) | Dalpasso protesi oculari","isPartOf":{"@id":"https:\/\/www.dalpasso.it\/es\/#website"},"primaryImageOfPage":{"@id":"https:\/\/www.dalpasso.it\/es\/testimonios\/agatha-maria-la-ferlita\/#primaryimage"},"image":{"@id":"https:\/\/www.dalpasso.it\/es\/testimonios\/agatha-maria-la-ferlita\/#primaryimage"},"thumbnailUrl":"https:\/\/www.dalpasso.it\/wp-content\/uploads\/2014\/06\/La-Ferlita-Agatha2.jpg","datePublished":"2015-10-12T10:34:47+00:00","dateModified":"2015-11-30T16:35:04+00:00","breadcrumb":{"@id":"https:\/\/www.dalpasso.it\/es\/testimonios\/agatha-maria-la-ferlita\/#breadcrumb"},"inLanguage":"es","potentialAction":[{"@type":"ReadAction","target":["https:\/\/www.dalpasso.it\/es\/testimonios\/agatha-maria-la-ferlita\/"]}]},{"@type":"ImageObject","inLanguage":"es","@id":"https:\/\/www.dalpasso.it\/es\/testimonios\/agatha-maria-la-ferlita\/#primaryimage","url":"https:\/\/www.dalpasso.it\/wp-content\/uploads\/2014\/06\/La-Ferlita-Agatha2.jpg","contentUrl":"https:\/\/www.dalpasso.it\/wp-content\/uploads\/2014\/06\/La-Ferlita-Agatha2.jpg","width":480,"height":480},{"@type":"BreadcrumbList","@id":"https:\/\/www.dalpasso.it\/es\/testimonios\/agatha-maria-la-ferlita\/#breadcrumb","itemListElement":[{"@type":"ListItem","position":1,"name":"Home","item":"https:\/\/www.dalpasso.it\/es\/standard-business\/"},{"@type":"ListItem","position":2,"name":"TESTIMONIOS","item":"https:\/\/www.dalpasso.it\/es\/testimonios\/"},{"@type":"ListItem","position":3,"name":"AGATHA MARIA LA FERLITA (Catania)"}]},{"@type":"WebSite","@id":"https:\/\/www.dalpasso.it\/es\/#website","url":"https:\/\/www.dalpasso.it\/es\/","name":"DALPASSO Protesi Oculari","description":"","potentialAction":[{"@type":"SearchAction","target":{"@type":"EntryPoint","urlTemplate":"https:\/\/www.dalpasso.it\/es\/?s={search_term_string}"},"query-input":{"@type":"PropertyValueSpecification","valueRequired":true,"valueName":"search_term_string"}}],"inLanguage":"es"}]}},"_links":{"self":[{"href":"https:\/\/www.dalpasso.it\/es\/wp-json\/wp\/v2\/pages\/12937","targetHints":{"allow":["GET"]}}],"collection":[{"href":"https:\/\/www.dalpasso.it\/es\/wp-json\/wp\/v2\/pages"}],"about":[{"href":"https:\/\/www.dalpasso.it\/es\/wp-json\/wp\/v2\/types\/page"}],"author":[{"embeddable":true,"href":"https:\/\/www.dalpasso.it\/es\/wp-json\/wp\/v2\/users\/1"}],"replies":[{"embeddable":true,"href":"https:\/\/www.dalpasso.it\/es\/wp-json\/wp\/v2\/comments?post=12937"}],"version-history":[{"count":1,"href":"https:\/\/www.dalpasso.it\/es\/wp-json\/wp\/v2\/pages\/12937\/revisions"}],"predecessor-version":[{"id":12943,"href":"https:\/\/www.dalpasso.it\/es\/wp-json\/wp\/v2\/pages\/12937\/revisions\/12943"}],"up":[{"embeddable":true,"href":"https:\/\/www.dalpasso.it\/es\/wp-json\/wp\/v2\/pages\/12838"}],"wp:featuredmedia":[{"embeddable":true,"href":"https:\/\/www.dalpasso.it\/es\/wp-json\/wp\/v2\/media\/22358"}],"wp:attachment":[{"href":"https:\/\/www.dalpasso.it\/es\/wp-json\/wp\/v2\/media?parent=12937"}],"curies":[{"name":"wp","href":"https:\/\/api.w.org\/{rel}","templated":true}]}}