{"id":12919,"date":"2015-07-22T15:16:45","date_gmt":"2015-07-22T13:16:45","guid":{"rendered":"http:\/\/www.dalpasso.it\/es\/la-empresa\/contatti\/per-richiedere-le-vostre-immagini\/modulo-per-pazienti-minorenni\/"},"modified":"2015-11-30T17:09:43","modified_gmt":"2015-11-30T16:09:43","slug":"modulo-para-pacientes-menores-de-edad","status":"publish","type":"page","link":"https:\/\/www.dalpasso.it\/es\/contactos\/para-pedir-las-imagenes-de-su-aplicacion\/modulo-para-pacientes-menores-de-edad\/","title":{"rendered":"M\u00f3dulo para pacientes menores de edad"},"content":{"rendered":"<div class=\"wpb-content-wrapper\">[vc_row][vc_column width=\u00bb5\/6&#8243; offset=\u00bbvc_col-lg-7 vc_col-md-offset-2 vc_col-md-8 vc_col-sm-offset-1&#8243; css=\u00bb.vc_custom_1442912506618{padding-top: 20px !important;padding-right: 20px !important;padding-bottom: 20px !important;padding-left: 20px !important;background-color: #b8e3f2 !important;}\u00bb][vc_column_text]<\/p>\n\n<div class=\"wpcf7 no-js\" id=\"wpcf7-f12923-o1\" lang=\"it-IT\" dir=\"ltr\" data-wpcf7-id=\"12923\">\n<div class=\"screen-reader-response\"><p role=\"status\" aria-live=\"polite\" aria-atomic=\"true\"><\/p> <ul><\/ul><\/div>\n<form action=\"\/es\/wp-json\/wp\/v2\/pages\/12919#wpcf7-f12923-o1\" method=\"post\" class=\"wpcf7-form init\" aria-label=\"Modulo di contatto\" novalidate=\"novalidate\" data-status=\"init\">\n<fieldset class=\"hidden-fields-container\"><input type=\"hidden\" name=\"_wpcf7\" value=\"12923\" \/><input type=\"hidden\" name=\"_wpcf7_version\" value=\"6.1.5\" \/><input type=\"hidden\" name=\"_wpcf7_locale\" value=\"it_IT\" \/><input type=\"hidden\" name=\"_wpcf7_unit_tag\" value=\"wpcf7-f12923-o1\" \/><input type=\"hidden\" name=\"_wpcf7_container_post\" value=\"0\" \/><input type=\"hidden\" name=\"_wpcf7_posted_data_hash\" value=\"\" \/>\n<\/fieldset>\n<p>El abajo firmante *\n<\/p>\n<p><span class=\"wpcf7-form-control-wrap\" data-name=\"nome\"><input size=\"40\" maxlength=\"400\" class=\"wpcf7-form-control wpcf7-text wpcf7-validates-as-required\" aria-required=\"true\" aria-invalid=\"false\" value=\"\" type=\"text\" name=\"nome\" \/><\/span>\n<\/p>\n<p>Nacido en *\n<\/p>\n<p><span class=\"wpcf7-form-control-wrap\" data-name=\"citta\"><input size=\"40\" maxlength=\"400\" class=\"wpcf7-form-control wpcf7-text\" aria-invalid=\"false\" value=\"\" type=\"text\" name=\"citta\" \/><\/span>\n<\/p>\n<p>el (dd\/mm\/aaaa) *\n<\/p>\n<p><span class=\"wpcf7-form-control-wrap\" data-name=\"datanascita\"><input size=\"40\" maxlength=\"400\" class=\"wpcf7-form-control wpcf7-text\" aria-invalid=\"false\" value=\"\" type=\"text\" name=\"datanascita\" \/><\/span>\n<\/p>\n<p>Residente en *\n<\/p>\n<p><span class=\"wpcf7-form-control-wrap\" data-name=\"residenza\"><input size=\"40\" maxlength=\"400\" class=\"wpcf7-form-control wpcf7-text\" aria-invalid=\"false\" value=\"\" type=\"text\" name=\"residenza\" \/><\/span>\n<\/p>\n<p>Direcci\u00f3n *\n<\/p>\n<p><span class=\"wpcf7-form-control-wrap\" data-name=\"indirizzo\"><input size=\"40\" maxlength=\"400\" class=\"wpcf7-form-control wpcf7-text\" aria-invalid=\"false\" value=\"\" type=\"text\" name=\"indirizzo\" \/><\/span>\n<\/p>\n<p>E-mail*\n<\/p>\n<p><span class=\"wpcf7-form-control-wrap\" data-name=\"e-mail\"><input size=\"40\" maxlength=\"400\" class=\"wpcf7-form-control wpcf7-email wpcf7-validates-as-required wpcf7-text wpcf7-validates-as-email\" aria-required=\"true\" aria-invalid=\"false\" value=\"\" type=\"email\" name=\"e-mail\" \/><\/span>\n<\/p>\n<p>Que declara ser padre, madre o tutor del menor (nombre y apellidos): *\n<\/p>\n<p><span class=\"wpcf7-form-control-wrap\" data-name=\"minore\"><input size=\"40\" maxlength=\"400\" class=\"wpcf7-form-control wpcf7-text\" aria-invalid=\"false\" value=\"\" type=\"text\" name=\"minore\" \/><\/span>\n<\/p>\n<hr \/>\n<h4>DECLARA\n<\/h4>\n<ul>\n\t<li>\n\t\t<p>ser portador de una pr\u00f3tesis ocular aplicada en la empresa Dalpasso s.r.l. con sede en Reggio Emilia, via Turri n.\u00ba 10 *\n\t\t<\/p>\n\t\t<p><span class=\"wpcf7-form-control-wrap\" data-name=\"dichiaro1\"><span class=\"wpcf7-form-control wpcf7-checkbox wpcf7-exclusive-checkbox\"><span class=\"wpcf7-list-item first\"><label><span class=\"wpcf7-list-item-label\">S\u00cd<\/span><input type=\"checkbox\" name=\"dichiaro1\" value=\"S\u00cd\" \/><\/label><\/span><span class=\"wpcf7-list-item last\"><label><span class=\"wpcf7-list-item-label\">NO<\/span><input type=\"checkbox\" name=\"dichiaro1\" value=\"NO\" \/><\/label><\/span><\/span><\/span>\n\t\t<\/p>\n\t<\/li>\n\t<li>\n\t\t<p>ser conocedor de las sanciones previstas para quien facilite datos o informaciones falsas *\n\t\t<\/p>\n\t\t<p><span class=\"wpcf7-form-control-wrap\" data-name=\"dichiaro2\"><span class=\"wpcf7-form-control wpcf7-checkbox wpcf7-exclusive-checkbox\"><span class=\"wpcf7-list-item first\"><label><span class=\"wpcf7-list-item-label\">S\u00cd<\/span><input type=\"checkbox\" name=\"dichiaro2\" value=\"S\u00cd\" \/><\/label><\/span><span class=\"wpcf7-list-item last\"><label><span class=\"wpcf7-list-item-label\">NO<\/span><input type=\"checkbox\" name=\"dichiaro2\" value=\"NO\" \/><\/label><\/span><\/span><\/span>\n\t\t<\/p>\n\t<\/li>\n\t<li>\n\t\t<p>haber sido informado por Dalpasso s.r.l. sobre las normas que regulan el tratamiento de datos sensibles en cumplimiento del D.Leg. italiano 196\/2003 *\n\t\t<\/p>\n\t\t<p><span class=\"wpcf7-form-control-wrap\" data-name=\"dichiaro3\"><span class=\"wpcf7-form-control wpcf7-checkbox wpcf7-exclusive-checkbox\"><span class=\"wpcf7-list-item first\"><label><span class=\"wpcf7-list-item-label\">S\u00cd<\/span><input type=\"checkbox\" name=\"dichiaro3\" value=\"S\u00cd\" \/><\/label><\/span><span class=\"wpcf7-list-item last\"><label><span class=\"wpcf7-list-item-label\">NO<\/span><input type=\"checkbox\" name=\"dichiaro3\" value=\"NO\" \/><\/label><\/span><\/span><\/span>\n\t\t<\/p>\n\t<\/li>\n\t<li>\n\t\t<p>Y exime a Dalpasso s.r.l. de toda responsabilidad en m\u00e9rito a la presente solicitud*\n\t\t<\/p>\n\t\t<p><span class=\"wpcf7-form-control-wrap\" data-name=\"dichiaro4\"><span class=\"wpcf7-form-control wpcf7-checkbox wpcf7-exclusive-checkbox\"><span class=\"wpcf7-list-item first\"><label><span class=\"wpcf7-list-item-label\">S\u00cd<\/span><input type=\"checkbox\" name=\"dichiaro4\" value=\"S\u00cd\" \/><\/label><\/span><span class=\"wpcf7-list-item last\"><label><span class=\"wpcf7-list-item-label\">NO<\/span><input type=\"checkbox\" name=\"dichiaro4\" value=\"NO\" \/><\/label><\/span><\/span><\/span>\n\t\t<\/p>\n\t<\/li>\n<\/ul>\n<hr \/>\n<h4>SOLICITA\n<\/h4>\n<p>Que se le env\u00ede una copia de las im\u00e1genes fotogr\u00e1ficas digitales tomadas y<br \/>\nconservadas en los archivos magn\u00e9ticos de la empresa Dalpasso s.r.l.\n<\/p>\n<p style=\"margin-top:0.5em;\">Fechas de las tomas fotogr\u00e1ficas: *<br \/>\n<span class=\"wpcf7-form-control-wrap\" data-name=\"descrizionefoto\"><textarea cols=\"40\" rows=\"10\" maxlength=\"2000\" class=\"wpcf7-form-control wpcf7-textarea\" aria-invalid=\"false\" name=\"descrizionefoto\"><\/textarea><\/span>\n<\/p>\n<p>A tal fin el abajo firmante elige que las im\u00e1genes solicitadas se env\u00eden en el siguiente soporte:\n<\/p>\n<ul>\n\t<li>\n\t\t<p><span class=\"wpcf7-form-control-wrap\" data-name=\"invio\"><span class=\"wpcf7-form-control wpcf7-checkbox inline\"><span class=\"wpcf7-list-item first last\"><input type=\"checkbox\" name=\"invio[]\" value=\"\" \/><span class=\"wpcf7-list-item-label\"><\/span><\/span><\/span><\/span> CD Rom, que deber\u00e1 enviarse mediante correo postal con gastos a cargo del destinatario\n\t\t<\/p>\n\t<\/li>\n\t<li>\n\t\t<p>Env\u00edo mediante correo electr\u00f3nico a la siguiente direcci\u00f3n: *\n\t\t<\/p>\n\t\t<p><span class=\"wpcf7-form-control-wrap\" data-name=\"invio_email\"><input size=\"40\" maxlength=\"400\" class=\"wpcf7-form-control wpcf7-text\" aria-invalid=\"false\" value=\"\" type=\"text\" name=\"invio_email\" \/><\/span>\n\t\t<\/p>\n\t<\/li>\n<\/ul>\n<p>Transmitir\u00e9 lo antes posible la fotocopia de un documento de identidad del solicitante por:*\n<\/p>\n<p><span class=\"wpcf7-form-control-wrap\" data-name=\"invio_documento\"><span class=\"wpcf7-form-control wpcf7-checkbox wpcf7-validates-as-required wpcf7-exclusive-checkbox\"><span class=\"wpcf7-list-item first\"><label><span class=\"wpcf7-list-item-label\">Fax<\/span><input type=\"checkbox\" name=\"invio_documento\" value=\"Fax\" \/><\/label><\/span><span class=\"wpcf7-list-item\"><label><span class=\"wpcf7-list-item-label\">E-mail<\/span><input type=\"checkbox\" name=\"invio_documento\" value=\"E-mail\" \/><\/label><\/span><span class=\"wpcf7-list-item last\"><label><span class=\"wpcf7-list-item-label\">Servicio de correo postal<\/span><input type=\"checkbox\" name=\"invio_documento\" value=\"Servicio de correo postal\" \/><\/label><\/span><\/span><\/span>\n<\/p>\n<hr \/>\n<h4>POL\u00cdTICA DE PRIVACIDAD\n<\/h4>\n<p><small>El abajo firmante declara conocer la <a href=\"#0\">pol\u00edtica de privacidad <\/a>de acuerdo con el art. 13 del DLeg. 196\/2003 italiano, y autoriza el tratamiento de sus datos personales para los fines indicados as\u00ed como el env\u00edo de comunicaciones para los fines declarados.<\/small>\n<\/p>\n<p><label>Autorizo: <span class=\"wpcf7-form-control-wrap\" data-name=\"acceptance-200\"><span class=\"wpcf7-form-control wpcf7-acceptance\"><span class=\"wpcf7-list-item\"><input type=\"checkbox\" name=\"acceptance-200\" value=\"1\" aria-invalid=\"false\" \/><\/span><\/span><\/span><\/label>\n<\/p>\n<div style=\"margin:1.5em 0\">\n\t<p><input class=\"wpcf7-form-control wpcf7-submit has-spinner\" type=\"submit\" value=\"Enviar\" \/>\n\t<\/p>\n<\/div><input type='hidden' class='wpcf7-pum' value='{\"closepopup\":false,\"closedelay\":0,\"openpopup\":false,\"openpopup_id\":0}' \/><div class=\"wpcf7-response-output\" aria-hidden=\"true\"><\/div>\n<\/form>\n<\/div>\n\n<p>[\/vc_column_text][\/vc_column][\/vc_row]<\/div>","protected":false},"excerpt":{"rendered":"<p>[vc_row][vc_column width=\u00bb5\/6&#8243; offset=\u00bbvc_col-lg-7 vc_col-md-offset-2 vc_col-md-8 vc_col-sm-offset-1&#8243; css=\u00bb.vc_custom_1442912506618{padding-top: 20px !important;padding-right: 20px !important;padding-bottom: 20px !important;padding-left: 20px !important;background-color: #b8e3f2 !important;}\u00bb][vc_column_text] [\/vc_column_text][\/vc_column][\/vc_row]<\/p>\n","protected":false},"author":4,"featured_media":0,"parent":12915,"menu_order":0,"comment_status":"closed","ping_status":"closed","template":"","meta":{"footnotes":""},"class_list":["post-12919","page","type-page","status-publish","hentry"],"yoast_head":"<!-- This site is optimized with the Yoast SEO plugin v27.1.1 - https:\/\/yoast.com\/product\/yoast-seo-wordpress\/ -->\n<title>M\u00f3dulo para pacientes menores de edad | Dalpasso protesi oculari<\/title>\n<meta name=\"robots\" content=\"index, follow, max-snippet:-1, max-image-preview:large, max-video-preview:-1\" \/>\n<link rel=\"canonical\" href=\"https:\/\/www.dalpasso.it\/es\/contactos\/para-pedir-las-imagenes-de-su-aplicacion\/modulo-para-pacientes-menores-de-edad\/\" \/>\n<meta property=\"og:locale\" content=\"es_ES\" \/>\n<meta property=\"og:type\" content=\"article\" \/>\n<meta property=\"og:title\" content=\"M\u00f3dulo para pacientes menores de edad | Dalpasso protesi oculari\" \/>\n<meta property=\"og:description\" content=\"[vc_row][vc_column width=\u00bb5\/6&#8243; offset=\u00bbvc_col-lg-7 vc_col-md-offset-2 vc_col-md-8 vc_col-sm-offset-1&#8243; css=\u00bb.vc_custom_1442912506618{padding-top: 20px !important;padding-right: 20px !important;padding-bottom: 20px !important;padding-left: 20px !important;background-color: #b8e3f2 !important;}\u00bb][vc_column_text] [\/vc_column_text][\/vc_column][\/vc_row]\" \/>\n<meta property=\"og:url\" content=\"https:\/\/www.dalpasso.it\/es\/contactos\/para-pedir-las-imagenes-de-su-aplicacion\/modulo-para-pacientes-menores-de-edad\/\" \/>\n<meta property=\"og:site_name\" content=\"Dalpasso protesi oculari\" \/>\n<meta property=\"article:modified_time\" content=\"2015-11-30T16:09:43+00:00\" \/>\n<meta name=\"twitter:card\" content=\"summary_large_image\" \/>\n<script type=\"application\/ld+json\" class=\"yoast-schema-graph\">{\"@context\":\"https:\/\/schema.org\",\"@graph\":[{\"@type\":\"WebPage\",\"@id\":\"https:\/\/www.dalpasso.it\/es\/contactos\/para-pedir-las-imagenes-de-su-aplicacion\/modulo-para-pacientes-menores-de-edad\/\",\"url\":\"https:\/\/www.dalpasso.it\/es\/contactos\/para-pedir-las-imagenes-de-su-aplicacion\/modulo-para-pacientes-menores-de-edad\/\",\"name\":\"M\u00f3dulo para pacientes menores de edad | Dalpasso protesi oculari\",\"isPartOf\":{\"@id\":\"https:\/\/www.dalpasso.it\/es\/#website\"},\"datePublished\":\"2015-07-22T13:16:45+00:00\",\"dateModified\":\"2015-11-30T16:09:43+00:00\",\"breadcrumb\":{\"@id\":\"https:\/\/www.dalpasso.it\/es\/contactos\/para-pedir-las-imagenes-de-su-aplicacion\/modulo-para-pacientes-menores-de-edad\/#breadcrumb\"},\"inLanguage\":\"es\",\"potentialAction\":[{\"@type\":\"ReadAction\",\"target\":[\"https:\/\/www.dalpasso.it\/es\/contactos\/para-pedir-las-imagenes-de-su-aplicacion\/modulo-para-pacientes-menores-de-edad\/\"]}]},{\"@type\":\"BreadcrumbList\",\"@id\":\"https:\/\/www.dalpasso.it\/es\/contactos\/para-pedir-las-imagenes-de-su-aplicacion\/modulo-para-pacientes-menores-de-edad\/#breadcrumb\",\"itemListElement\":[{\"@type\":\"ListItem\",\"position\":1,\"name\":\"Home\",\"item\":\"https:\/\/www.dalpasso.it\/es\/standard-business\/\"},{\"@type\":\"ListItem\",\"position\":2,\"name\":\"CONTACTOS\",\"item\":\"https:\/\/www.dalpasso.it\/es\/la-empresa__trashed\/contactos\/\"},{\"@type\":\"ListItem\",\"position\":3,\"name\":\"Para pedir las im\u00e1genes de su aplicaci\u00f3n\",\"item\":\"https:\/\/www.dalpasso.it\/es\/la-empresa__trashed\/contactos\/para-pedir-las-imagenes-de-su-aplicacion\/\"},{\"@type\":\"ListItem\",\"position\":4,\"name\":\"M\u00f3dulo para pacientes menores de edad\"}]},{\"@type\":\"WebSite\",\"@id\":\"https:\/\/www.dalpasso.it\/es\/#website\",\"url\":\"https:\/\/www.dalpasso.it\/es\/\",\"name\":\"DALPASSO Protesi Oculari\",\"description\":\"\",\"potentialAction\":[{\"@type\":\"SearchAction\",\"target\":{\"@type\":\"EntryPoint\",\"urlTemplate\":\"https:\/\/www.dalpasso.it\/es\/?s={search_term_string}\"},\"query-input\":{\"@type\":\"PropertyValueSpecification\",\"valueRequired\":true,\"valueName\":\"search_term_string\"}}],\"inLanguage\":\"es\"}]}<\/script>\n<!-- \/ Yoast SEO plugin. -->","yoast_head_json":{"title":"M\u00f3dulo para pacientes menores de edad | Dalpasso protesi oculari","robots":{"index":"index","follow":"follow","max-snippet":"max-snippet:-1","max-image-preview":"max-image-preview:large","max-video-preview":"max-video-preview:-1"},"canonical":"https:\/\/www.dalpasso.it\/es\/contactos\/para-pedir-las-imagenes-de-su-aplicacion\/modulo-para-pacientes-menores-de-edad\/","og_locale":"es_ES","og_type":"article","og_title":"M\u00f3dulo para pacientes menores de edad | Dalpasso protesi oculari","og_description":"[vc_row][vc_column width=\u00bb5\/6&#8243; offset=\u00bbvc_col-lg-7 vc_col-md-offset-2 vc_col-md-8 vc_col-sm-offset-1&#8243; css=\u00bb.vc_custom_1442912506618{padding-top: 20px !important;padding-right: 20px !important;padding-bottom: 20px !important;padding-left: 20px !important;background-color: #b8e3f2 !important;}\u00bb][vc_column_text] [\/vc_column_text][\/vc_column][\/vc_row]","og_url":"https:\/\/www.dalpasso.it\/es\/contactos\/para-pedir-las-imagenes-de-su-aplicacion\/modulo-para-pacientes-menores-de-edad\/","og_site_name":"Dalpasso protesi oculari","article_modified_time":"2015-11-30T16:09:43+00:00","twitter_card":"summary_large_image","schema":{"@context":"https:\/\/schema.org","@graph":[{"@type":"WebPage","@id":"https:\/\/www.dalpasso.it\/es\/contactos\/para-pedir-las-imagenes-de-su-aplicacion\/modulo-para-pacientes-menores-de-edad\/","url":"https:\/\/www.dalpasso.it\/es\/contactos\/para-pedir-las-imagenes-de-su-aplicacion\/modulo-para-pacientes-menores-de-edad\/","name":"M\u00f3dulo para pacientes menores de edad | Dalpasso protesi oculari","isPartOf":{"@id":"https:\/\/www.dalpasso.it\/es\/#website"},"datePublished":"2015-07-22T13:16:45+00:00","dateModified":"2015-11-30T16:09:43+00:00","breadcrumb":{"@id":"https:\/\/www.dalpasso.it\/es\/contactos\/para-pedir-las-imagenes-de-su-aplicacion\/modulo-para-pacientes-menores-de-edad\/#breadcrumb"},"inLanguage":"es","potentialAction":[{"@type":"ReadAction","target":["https:\/\/www.dalpasso.it\/es\/contactos\/para-pedir-las-imagenes-de-su-aplicacion\/modulo-para-pacientes-menores-de-edad\/"]}]},{"@type":"BreadcrumbList","@id":"https:\/\/www.dalpasso.it\/es\/contactos\/para-pedir-las-imagenes-de-su-aplicacion\/modulo-para-pacientes-menores-de-edad\/#breadcrumb","itemListElement":[{"@type":"ListItem","position":1,"name":"Home","item":"https:\/\/www.dalpasso.it\/es\/standard-business\/"},{"@type":"ListItem","position":2,"name":"CONTACTOS","item":"https:\/\/www.dalpasso.it\/es\/la-empresa__trashed\/contactos\/"},{"@type":"ListItem","position":3,"name":"Para pedir las im\u00e1genes de su aplicaci\u00f3n","item":"https:\/\/www.dalpasso.it\/es\/la-empresa__trashed\/contactos\/para-pedir-las-imagenes-de-su-aplicacion\/"},{"@type":"ListItem","position":4,"name":"M\u00f3dulo para pacientes menores de edad"}]},{"@type":"WebSite","@id":"https:\/\/www.dalpasso.it\/es\/#website","url":"https:\/\/www.dalpasso.it\/es\/","name":"DALPASSO Protesi Oculari","description":"","potentialAction":[{"@type":"SearchAction","target":{"@type":"EntryPoint","urlTemplate":"https:\/\/www.dalpasso.it\/es\/?s={search_term_string}"},"query-input":{"@type":"PropertyValueSpecification","valueRequired":true,"valueName":"search_term_string"}}],"inLanguage":"es"}]}},"_links":{"self":[{"href":"https:\/\/www.dalpasso.it\/es\/wp-json\/wp\/v2\/pages\/12919","targetHints":{"allow":["GET"]}}],"collection":[{"href":"https:\/\/www.dalpasso.it\/es\/wp-json\/wp\/v2\/pages"}],"about":[{"href":"https:\/\/www.dalpasso.it\/es\/wp-json\/wp\/v2\/types\/page"}],"author":[{"embeddable":true,"href":"https:\/\/www.dalpasso.it\/es\/wp-json\/wp\/v2\/users\/4"}],"replies":[{"embeddable":true,"href":"https:\/\/www.dalpasso.it\/es\/wp-json\/wp\/v2\/comments?post=12919"}],"version-history":[{"count":2,"href":"https:\/\/www.dalpasso.it\/es\/wp-json\/wp\/v2\/pages\/12919\/revisions"}],"predecessor-version":[{"id":12924,"href":"https:\/\/www.dalpasso.it\/es\/wp-json\/wp\/v2\/pages\/12919\/revisions\/12924"}],"up":[{"embeddable":true,"href":"https:\/\/www.dalpasso.it\/es\/wp-json\/wp\/v2\/pages\/12915"}],"wp:attachment":[{"href":"https:\/\/www.dalpasso.it\/es\/wp-json\/wp\/v2\/media?parent=12919"}],"curies":[{"name":"wp","href":"https:\/\/api.w.org\/{rel}","templated":true}]}}