{"id":12915,"date":"2015-07-13T12:13:19","date_gmt":"2015-07-13T10:13:19","guid":{"rendered":"http:\/\/www.dalpasso.it\/es\/la-empresa\/contatti\/per-richiedere-le-vostre-immagini\/"},"modified":"2015-11-30T17:19:33","modified_gmt":"2015-11-30T16:19:33","slug":"para-pedir-las-imagenes-de-su-aplicacion","status":"publish","type":"page","link":"https:\/\/www.dalpasso.it\/es\/contactos\/para-pedir-las-imagenes-de-su-aplicacion\/","title":{"rendered":"Para pedir las im\u00e1genes de su aplicaci\u00f3n"},"content":{"rendered":"<div class=\"wpb-content-wrapper\"><\/div><\/div><\/div><\/div>\r\n\t<div class=\" \" style=\" width: 100%; margin-top:40px; margin-bottom: -41px;\">\r\n\t\t<div class=\"home_paralax\" style=\"background-image:url('https:\/\/www.dalpasso.it\/wp-content\/uploads\/2014\/06\/s_58.jpg'); !important; padding-top:150px; padding-bottom:150px\" data-type=\"background\" >\r\n\t\t\t<div class=\"main_content_area\" style=\"padding:0px;\">\r\n\t\t\t\t<div class=\"container oi_break\">\r\n\t\t\t\t\t<\/p>\n<div class=\"oi_caption\">\n<h4><strong>Cumplimente el m\u00f3dulo para solicitar el env\u00edo por correo <\/strong><\/h4>\n<h4><strong>electr\u00f3nico de las im\u00e1genes digitales de su aplicaci\u00f3n.<\/strong><\/h4>\n<h4><strong><br \/>\n(Es necesario enviar por correo electr\u00f3nico una copia de un documento <\/strong><\/h4>\n<h4><strong>de identidad v\u00e1lido del solicitante).<br \/>\n<\/strong><\/h4>\n<\/div>\n<p>\r\n\t\t\t\t<\/div>\r\n\t\t\t<\/div>\r\n\t\t<\/div>\r\n\t\t\t\r\n\t<\/div>\r\n\t<div class=\"main_content_area\">\r\n\t\t<div class=\"container\">\r\n\t\t\t<div class=\"row\">\r\n            \t<div class=\"col-md-12\">[vc_row][vc_column width=\u00bb1\/1&#8243;][vc_separator color=\u00bbsky\u00bb][\/vc_column][\/vc_row][vc_row][vc_column width=\u00bb1\/1&#8243;][vc_column_text]<\/p>\n<ul>\n<li class=\"\">\n<h4><span style=\"color: #000000;\"><strong><a style=\"color: #000000;\" title=\"Modulo per pazienti minorenni\" href=\"https:\/\/www.dalpasso.it\/es\/contactos\/para-pedir-las-imagenes-de-su-aplicacion\/modulo-para-pacientes-menores-de-edad\/\">M\u00f3dulo para pacientes menores de edad<\/a><\/strong><\/span><\/h4>\n<\/li>\n<\/ul>\n<ul>\n<li class=\"\">\n<h4><span style=\"color: #000000;\"><strong><a style=\"color: #000000;\" title=\"Modulo per pazienti maggiorenni\" href=\"https:\/\/www.dalpasso.it\/es\/contactos\/para-pedir-las-imagenes-de-su-aplicacion\/modulo-para-pacientes-mayores-de-edad\/\">M\u00f3dulo para pacientes mayores de edad<\/a><\/strong><\/span><\/h4>\n<\/li>\n<\/ul>\n<p>[\/vc_column_text][\/vc_column][\/vc_row]<\/div>","protected":false},"excerpt":{"rendered":"<p>[vc_row full_width=\u00bb\u00bb parallax=\u00bb\u00bb parallax_image=\u00bb\u00bb][vc_column width=\u00bb1\/1&#8243;][\/vc_column][\/vc_row][vc_row][vc_column width=\u00bb1\/1&#8243;][vc_separator color=\u00bbsky\u00bb][\/vc_column][\/vc_row][vc_row][vc_column width=\u00bb1\/1&#8243;][vc_column_text] M\u00f3dulo para pacientes menores de edad M\u00f3dulo para pacientes mayores de edad [\/vc_column_text][\/vc_column][\/vc_row]<\/p>\n","protected":false},"author":4,"featured_media":0,"parent":12897,"menu_order":0,"comment_status":"closed","ping_status":"closed","template":"","meta":{"footnotes":""},"class_list":["post-12915","page","type-page","status-publish","hentry"],"yoast_head":"<!-- This site is optimized with the Yoast SEO plugin v27.1.1 - https:\/\/yoast.com\/product\/yoast-seo-wordpress\/ -->\n<title>Para pedir las im\u00e1genes de su aplicaci\u00f3n | Dalpasso protesi oculari<\/title>\n<meta name=\"robots\" content=\"index, follow, max-snippet:-1, max-image-preview:large, max-video-preview:-1\" \/>\n<link rel=\"canonical\" href=\"https:\/\/www.dalpasso.it\/es\/contactos\/para-pedir-las-imagenes-de-su-aplicacion\/\" \/>\n<meta property=\"og:locale\" content=\"es_ES\" \/>\n<meta property=\"og:type\" content=\"article\" \/>\n<meta property=\"og:title\" content=\"Para pedir las im\u00e1genes de su aplicaci\u00f3n | Dalpasso protesi oculari\" \/>\n<meta property=\"og:description\" content=\"[vc_row full_width=\u00bb\u00bb parallax=\u00bb\u00bb parallax_image=\u00bb\u00bb][vc_column width=\u00bb1\/1&#8243;][\/vc_column][\/vc_row][vc_row][vc_column width=\u00bb1\/1&#8243;][vc_separator color=\u00bbsky\u00bb][\/vc_column][\/vc_row][vc_row][vc_column width=\u00bb1\/1&#8243;][vc_column_text] M\u00f3dulo para pacientes menores de edad M\u00f3dulo para pacientes mayores de edad [\/vc_column_text][\/vc_column][\/vc_row]\" \/>\n<meta property=\"og:url\" content=\"https:\/\/www.dalpasso.it\/es\/contactos\/para-pedir-las-imagenes-de-su-aplicacion\/\" \/>\n<meta property=\"og:site_name\" content=\"Dalpasso protesi oculari\" \/>\n<meta property=\"article:modified_time\" content=\"2015-11-30T16:19:33+00:00\" \/>\n<meta name=\"twitter:card\" content=\"summary_large_image\" \/>\n<meta name=\"twitter:label1\" content=\"Tiempo de lectura\" \/>\n\t<meta name=\"twitter:data1\" content=\"1 minuto\" \/>\n<script type=\"application\/ld+json\" class=\"yoast-schema-graph\">{\"@context\":\"https:\/\/schema.org\",\"@graph\":[{\"@type\":\"WebPage\",\"@id\":\"https:\/\/www.dalpasso.it\/es\/contactos\/para-pedir-las-imagenes-de-su-aplicacion\/\",\"url\":\"https:\/\/www.dalpasso.it\/es\/contactos\/para-pedir-las-imagenes-de-su-aplicacion\/\",\"name\":\"Para pedir las im\u00e1genes de su aplicaci\u00f3n | Dalpasso protesi oculari\",\"isPartOf\":{\"@id\":\"https:\/\/www.dalpasso.it\/es\/#website\"},\"datePublished\":\"2015-07-13T10:13:19+00:00\",\"dateModified\":\"2015-11-30T16:19:33+00:00\",\"breadcrumb\":{\"@id\":\"https:\/\/www.dalpasso.it\/es\/contactos\/para-pedir-las-imagenes-de-su-aplicacion\/#breadcrumb\"},\"inLanguage\":\"es\",\"potentialAction\":[{\"@type\":\"ReadAction\",\"target\":[\"https:\/\/www.dalpasso.it\/es\/contactos\/para-pedir-las-imagenes-de-su-aplicacion\/\"]}]},{\"@type\":\"BreadcrumbList\",\"@id\":\"https:\/\/www.dalpasso.it\/es\/contactos\/para-pedir-las-imagenes-de-su-aplicacion\/#breadcrumb\",\"itemListElement\":[{\"@type\":\"ListItem\",\"position\":1,\"name\":\"Home\",\"item\":\"https:\/\/www.dalpasso.it\/es\/standard-business\/\"},{\"@type\":\"ListItem\",\"position\":2,\"name\":\"CONTACTOS\",\"item\":\"https:\/\/www.dalpasso.it\/es\/la-empresa__trashed\/contactos\/\"},{\"@type\":\"ListItem\",\"position\":3,\"name\":\"Para pedir las im\u00e1genes de su aplicaci\u00f3n\"}]},{\"@type\":\"WebSite\",\"@id\":\"https:\/\/www.dalpasso.it\/es\/#website\",\"url\":\"https:\/\/www.dalpasso.it\/es\/\",\"name\":\"DALPASSO Protesi Oculari\",\"description\":\"\",\"potentialAction\":[{\"@type\":\"SearchAction\",\"target\":{\"@type\":\"EntryPoint\",\"urlTemplate\":\"https:\/\/www.dalpasso.it\/es\/?s={search_term_string}\"},\"query-input\":{\"@type\":\"PropertyValueSpecification\",\"valueRequired\":true,\"valueName\":\"search_term_string\"}}],\"inLanguage\":\"es\"}]}<\/script>\n<!-- \/ Yoast SEO plugin. -->","yoast_head_json":{"title":"Para pedir las im\u00e1genes de su aplicaci\u00f3n | Dalpasso protesi oculari","robots":{"index":"index","follow":"follow","max-snippet":"max-snippet:-1","max-image-preview":"max-image-preview:large","max-video-preview":"max-video-preview:-1"},"canonical":"https:\/\/www.dalpasso.it\/es\/contactos\/para-pedir-las-imagenes-de-su-aplicacion\/","og_locale":"es_ES","og_type":"article","og_title":"Para pedir las im\u00e1genes de su aplicaci\u00f3n | Dalpasso protesi oculari","og_description":"[vc_row full_width=\u00bb\u00bb parallax=\u00bb\u00bb parallax_image=\u00bb\u00bb][vc_column width=\u00bb1\/1&#8243;][\/vc_column][\/vc_row][vc_row][vc_column width=\u00bb1\/1&#8243;][vc_separator color=\u00bbsky\u00bb][\/vc_column][\/vc_row][vc_row][vc_column width=\u00bb1\/1&#8243;][vc_column_text] M\u00f3dulo para pacientes menores de edad M\u00f3dulo para pacientes mayores de edad [\/vc_column_text][\/vc_column][\/vc_row]","og_url":"https:\/\/www.dalpasso.it\/es\/contactos\/para-pedir-las-imagenes-de-su-aplicacion\/","og_site_name":"Dalpasso protesi oculari","article_modified_time":"2015-11-30T16:19:33+00:00","twitter_card":"summary_large_image","twitter_misc":{"Tiempo de lectura":"1 minuto"},"schema":{"@context":"https:\/\/schema.org","@graph":[{"@type":"WebPage","@id":"https:\/\/www.dalpasso.it\/es\/contactos\/para-pedir-las-imagenes-de-su-aplicacion\/","url":"https:\/\/www.dalpasso.it\/es\/contactos\/para-pedir-las-imagenes-de-su-aplicacion\/","name":"Para pedir las im\u00e1genes de su aplicaci\u00f3n | Dalpasso protesi oculari","isPartOf":{"@id":"https:\/\/www.dalpasso.it\/es\/#website"},"datePublished":"2015-07-13T10:13:19+00:00","dateModified":"2015-11-30T16:19:33+00:00","breadcrumb":{"@id":"https:\/\/www.dalpasso.it\/es\/contactos\/para-pedir-las-imagenes-de-su-aplicacion\/#breadcrumb"},"inLanguage":"es","potentialAction":[{"@type":"ReadAction","target":["https:\/\/www.dalpasso.it\/es\/contactos\/para-pedir-las-imagenes-de-su-aplicacion\/"]}]},{"@type":"BreadcrumbList","@id":"https:\/\/www.dalpasso.it\/es\/contactos\/para-pedir-las-imagenes-de-su-aplicacion\/#breadcrumb","itemListElement":[{"@type":"ListItem","position":1,"name":"Home","item":"https:\/\/www.dalpasso.it\/es\/standard-business\/"},{"@type":"ListItem","position":2,"name":"CONTACTOS","item":"https:\/\/www.dalpasso.it\/es\/la-empresa__trashed\/contactos\/"},{"@type":"ListItem","position":3,"name":"Para pedir las im\u00e1genes de su aplicaci\u00f3n"}]},{"@type":"WebSite","@id":"https:\/\/www.dalpasso.it\/es\/#website","url":"https:\/\/www.dalpasso.it\/es\/","name":"DALPASSO Protesi Oculari","description":"","potentialAction":[{"@type":"SearchAction","target":{"@type":"EntryPoint","urlTemplate":"https:\/\/www.dalpasso.it\/es\/?s={search_term_string}"},"query-input":{"@type":"PropertyValueSpecification","valueRequired":true,"valueName":"search_term_string"}}],"inLanguage":"es"}]}},"_links":{"self":[{"href":"https:\/\/www.dalpasso.it\/es\/wp-json\/wp\/v2\/pages\/12915","targetHints":{"allow":["GET"]}}],"collection":[{"href":"https:\/\/www.dalpasso.it\/es\/wp-json\/wp\/v2\/pages"}],"about":[{"href":"https:\/\/www.dalpasso.it\/es\/wp-json\/wp\/v2\/types\/page"}],"author":[{"embeddable":true,"href":"https:\/\/www.dalpasso.it\/es\/wp-json\/wp\/v2\/users\/4"}],"replies":[{"embeddable":true,"href":"https:\/\/www.dalpasso.it\/es\/wp-json\/wp\/v2\/comments?post=12915"}],"version-history":[{"count":2,"href":"https:\/\/www.dalpasso.it\/es\/wp-json\/wp\/v2\/pages\/12915\/revisions"}],"predecessor-version":[{"id":12927,"href":"https:\/\/www.dalpasso.it\/es\/wp-json\/wp\/v2\/pages\/12915\/revisions\/12927"}],"up":[{"embeddable":true,"href":"https:\/\/www.dalpasso.it\/es\/wp-json\/wp\/v2\/pages\/12897"}],"wp:attachment":[{"href":"https:\/\/www.dalpasso.it\/es\/wp-json\/wp\/v2\/media?parent=12915"}],"curies":[{"name":"wp","href":"https:\/\/api.w.org\/{rel}","templated":true}]}}