{"id":12893,"date":"2015-05-20T14:47:07","date_gmt":"2015-05-20T12:47:07","guid":{"rendered":"http:\/\/www.dalpasso.it\/es\/la-empresa\/la-nostra-storia-2\/"},"modified":"2015-11-30T16:25:43","modified_gmt":"2015-11-30T15:25:43","slug":"nuestra-historia","status":"publish","type":"page","link":"https:\/\/www.dalpasso.it\/es\/nuestra-historia\/","title":{"rendered":"NUESTRA HISTORIA"},"content":{"rendered":"<div class=\"wpb-content-wrapper\"><\/div><\/div><\/div><\/div>\r\n\t<div class=\" \" style=\" width: 100%; margin-top:-41px; margin-bottom: 40px;\">\r\n\t\t<div class=\"home_paralax\" style=\"background-image:url('https:\/\/www.dalpasso.it\/wp-content\/uploads\/2015\/05\/Scansione0001.jpg'); !important; padding-top:150px; padding-bottom:5px\" data-type=\"background\" >\r\n\t\t\t<div class=\"main_content_area\" style=\"padding:0px;\">\r\n\t\t\t\t<div class=\"container oi_break\">\r\n\t\t\t\t\t<\/p>\n<h1 style=\"text-align: justify;\"><span style=\"color: #ffffff;\"><strong>Los n\u00fameros cuentan.<\/strong><\/span><\/h1>\n<h2 style=\"text-align: justify;\"><span style=\"color: #ffffff;\">\u00a0<\/span><\/h2>\n<div class=\"oi_caption\">\n<p style=\"text-align: justify;\">Los n\u00fameros cuentan, y mucho. Nuestros 60 a\u00f1os de actividad, por ejemplo, una meta importante tanto para nosotros que los hemos alcanzado como para todos aquellos que han mejorado su vida gracias a una pr\u00f3tesis ocular DALPASSO, el producto de una empresa que cuenta con el mayor n\u00famero de pacientes: m\u00e1s de 17.000.<\/p>\n<p style=\"text-align: justify;\">La pr\u00f3tesis ocular de resina naci\u00f3 de una intuici\u00f3n de nuestro fundador, que la desarroll\u00f3 con entusiasmo. Y con nosotros sigue siendo la n\u00famero uno en Italia.<\/p>\n<p style=\"text-align: justify;\">Y en nuestro coraz\u00f3n.<\/p>\n<\/div>\n<p>\r\n\t\t\t\t<\/div>\r\n\t\t\t<\/div>\r\n\t\t<\/div>\r\n\t\t\t\r\n\t<\/div>\r\n\t<div class=\"main_content_area\">\r\n\t\t<div class=\"container\">\r\n\t\t\t<div class=\"row\">\r\n            \t<div class=\"col-md-12\">[vc_row full_width=\u00bb\u00bb parallax=\u00bb\u00bb parallax_image=\u00bb\u00bb][vc_column width=\u00bb1\/1&#8243;][vc_separator color=\u00bbturquoise\u00bb align=\u00bbalign_center\u00bb border_width=\u00bb2&#8243;][\/vc_column][\/vc_row][vc_row][vc_column width=\u00bb1\/4&#8243;][vc_column_text]<\/p>\n<div id=\"attachment_6810\" style=\"width: 238px\" class=\"wp-caption alignnone\"><a href=\"https:\/\/www.dalpasso.it\/wp-content\/uploads\/2015\/05\/padre.jpg\" class=\"thickbox no_icon\"><img loading=\"lazy\" decoding=\"async\" aria-describedby=\"caption-attachment-6810\" class=\"wp-image-6810\" src=\"https:\/\/www.dalpasso.it\/wp-content\/uploads\/2015\/05\/padre.jpg\" alt=\"Curzio Dalpasso\" width=\"228\" height=\"246\" \/><\/a><p id=\"caption-attachment-6810\" class=\"wp-caption-text\">El fundador Curzio Dalpasso en una imagen de los a\u00f1os ochenta.<\/p><\/div>\n<p>[\/vc_column_text][\/vc_column][vc_column width=\u00bb1\/2&#8243;][vc_column_text]<\/p>\n<p style=\"text-align: justify;\">Los \u201cLaboratori Oftalmotecnici Dalpasso\u201d dieron sus primeros pasos justo despu\u00e9s de la guerra por una intuici\u00f3n de <strong>Curzio Dalpasso<\/strong>. Nacido en R\u00e1vena en 1922, fue un pionero de las pr\u00f3tesis oft\u00e1lmicas en el periodo inmediatamente posterior a la Segunda Guerra Mundial y un experimentador entusiasta de los nuevos materiales sint\u00e9ticos y acr\u00edlicos reci\u00e9n llegados a Europa<\/p>\n<p>\u00a0[\/vc_column_text][vc_column_text]<\/p>\n<p style=\"text-align: justify;\">Al final del segundo conflicto mundial, por petici\u00f3n de algunos m\u00e9dicos oculistas de la Universidad de Mil\u00e1n y tambi\u00e9n debido al gran n\u00famero de lesionados por heridas de guerra, Curzio Dalpasso decide empezar la producci\u00f3n y la aplicaci\u00f3n de pr\u00f3tesis oculares de resina acr\u00edlica, un material por aquel entonces poco conocido: en Italia las pr\u00f3tesis oculares todav\u00eda eran de cristal, soluci\u00f3n inadecuada para obtener un buen resultado est\u00e9tico y funcional. La llegada de los nuevos materiales acr\u00edlicos y su superioridad higi\u00e9nica y tecnol\u00f3gica hizo que las pr\u00f3tesis de resina tuvieran r\u00e1pidamente un gran \u00e9xito.<\/p>\n<p>[\/vc_column_text][\/vc_column][vc_column width=\u00bb1\/4&#8243;][vc_column_text]<\/p>\n<div id=\"attachment_7256\" style=\"width: 216px\" class=\"wp-caption alignnone\"><a href=\"https:\/\/www.dalpasso.it\/wp-content\/uploads\/2015\/09\/Minerva-Chirurgica.jpg\" class=\"thickbox no_icon\"><img loading=\"lazy\" decoding=\"async\" aria-describedby=\"caption-attachment-7256\" class=\"wp-image-7256 size-medium\" src=\"https:\/\/www.dalpasso.it\/wp-content\/uploads\/2015\/09\/Minerva-Chirurgica-206x300.jpg\" alt=\"Minerva Chirurgica del 1967 con uno studio del nostro fondatore Curzio Dalpasso e del prof. Francesconi sulle epitesi ricostruttive nei casi di neoplasia\" width=\"206\" height=\"300\" srcset=\"https:\/\/www.dalpasso.it\/wp-content\/uploads\/2015\/09\/Minerva-Chirurgica-206x300.jpg 206w, https:\/\/www.dalpasso.it\/wp-content\/uploads\/2015\/09\/Minerva-Chirurgica.jpg 528w\" sizes=\"auto, (max-width: 206px) 100vw, 206px\" \/><\/a><p id=\"caption-attachment-7256\" class=\"wp-caption-text\">Revista Minerva Chirurgica de 1967 con un estudio de nuestro fundador.<\/p><\/div>\n<p>[\/vc_column_text][\/vc_column][\/vc_row][vc_row full_width=\u00bb\u00bb parallax=\u00bb\u00bb parallax_image=\u00bb\u00bb el_id=\u00bb\u00bb][vc_column width=\u00bb1\/4&#8243;][vc_column_text]<a href=\"https:\/\/www.dalpasso.it\/wp-content\/uploads\/2015\/09\/primocertificazione.pdf\"><img loading=\"lazy\" decoding=\"async\" class=\"alignnone wp-image-6807 size-medium\" src=\"https:\/\/www.dalpasso.it\/wp-content\/uploads\/2015\/05\/certificato-227x300.jpg\" alt=\"Lo storico certificato di iscrizione alla CCIAA del 1958\" width=\"227\" height=\"300\" srcset=\"https:\/\/www.dalpasso.it\/wp-content\/uploads\/2015\/05\/certificato-227x300.jpg 227w, https:\/\/www.dalpasso.it\/wp-content\/uploads\/2015\/05\/certificato.jpg 250w\" sizes=\"auto, (max-width: 227px) 100vw, 227px\" \/><\/a><\/p>\n<h6>El certificado original<br \/>\nde inicio de la actividad de 1958<\/h6>\n<p>[\/vc_column_text][\/vc_column][vc_column width=\u00bb1\/2&#8243;][vc_column_text]<\/p>\n<p style=\"text-align: justify;\"><strong>Ya en los primeros a\u00f1os cincuenta<\/strong> Curzio Dalpasso abri\u00f3 un peque\u00f1o laboratorio en el centro de Reggio Emilia con la ayuda de su joven novia Paola Firenzuoli, con la que se cas\u00f3 pocos a\u00f1os despu\u00e9s y que fue su colaboradora en la actividad. El matrimonio fue uno de los primeros en Italia en producir y aplicar pr\u00f3tesis oculares de resina acr\u00edlica y en los <strong>Laboratori Oftalmotecnici Dalpasso<\/strong> (este es el nombre originario de la empresa nacida oficialmente en 1958) se dedicaron tambi\u00e9n a la producci\u00f3n de lentes de contacto de PMMA, tanto corneales como esclerales, para corregir ametrop\u00edas y patolog\u00edas dif\u00edciles de subsanar por aquel entonces, como el queratocono, la aniridia, la afaquina, el coloboma o la atrofia del globo ocular.<\/p>\n<p>[\/vc_column_text][vc_column_text]<\/p>\n<p style=\"text-align: justify;\">Muy pronto el laboratorio aument\u00f3 su plantilla y desarroll\u00f3 colaboraciones con un gran n\u00famero de oftalm\u00f3logos y de cirujanos pl\u00e1sticos y maxilofaciales, sensibilizados e interesados en este nuevo campo. En pocos a\u00f1os los laboratorios Dalpasso se convirtieron en sin\u00f3nimo de <strong>Pr\u00f3tesis oculares a medida<\/strong> y en un punto de referencia para los pacientes que no quer\u00edan resignarse a llevar viejas pr\u00f3tesis de cristal o estandarizadas.<\/p>\n<p>[\/vc_column_text][\/vc_column][vc_column width=\u00bb1\/4&#8243;][vc_column_text]<a href=\"https:\/\/www.dalpasso.it\/wp-content\/uploads\/2015\/10\/invalididiguerra.pdf\"><img loading=\"lazy\" decoding=\"async\" class=\"alignnone size-full wp-image-6808\" src=\"https:\/\/www.dalpasso.it\/wp-content\/uploads\/2015\/05\/invalidi.jpg\" alt=\"Un vecchio contratto con l\u2019Opera Nazionale Invalidi di Guerra datato 1966\" width=\"250\" height=\"354\" srcset=\"https:\/\/www.dalpasso.it\/wp-content\/uploads\/2015\/05\/invalidi.jpg 250w, https:\/\/www.dalpasso.it\/wp-content\/uploads\/2015\/05\/invalidi-212x300.jpg 212w\" sizes=\"auto, (max-width: 250px) 100vw, 250px\" \/><\/a><\/p>\n<h6>Contrato con el organismo Opera Nazionale Invalidi di Guerra de 1966<\/h6>\n<p>[\/vc_column_text][\/vc_column][\/vc_row][vc_row full_width=\u00bb\u00bb parallax=\u00bb\u00bb parallax_image=\u00bb\u00bb el_id=\u00bb\u00bb][vc_column width=\u00bb1\/4&#8243;][vc_column_text]<img loading=\"lazy\" decoding=\"async\" class=\"alignnone wp-image-6481 size-medium\" src=\"https:\/\/www.dalpasso.it\/wp-content\/uploads\/2015\/05\/WEB-Notturno-300x187.jpg\" alt=\"La sede di Reggio Emilia, oggi\" width=\"300\" height=\"187\" srcset=\"https:\/\/www.dalpasso.it\/wp-content\/uploads\/2015\/05\/WEB-Notturno-300x187.jpg 300w, https:\/\/www.dalpasso.it\/wp-content\/uploads\/2015\/05\/WEB-Notturno.jpg 544w\" sizes=\"auto, (max-width: 300px) 100vw, 300px\" \/><\/p>\n<h6>La sede de Reggio Emilia, hoy<\/h6>\n<p>[\/vc_column_text][\/vc_column][vc_column width=\u00bb3\/4&#8243;][vc_column_text]<\/p>\n<p style=\"text-align: justify;\">En 1990, tras cuarenta a\u00f1os de actividad, los Laboratori Oftalmotecnici Dalpasso dieron paso a la nueva sociedad <strong>DALPASSO S.r.l.<\/strong>, que se dedica de modo exclusivo a las pr\u00f3tesis oculares. Sucesivamente naci\u00f3 la segunda sociedad <strong>OTTICA DALPASSO S.r.l.<\/strong> que tambi\u00e9n opera de modo exclusivo en el sector de la <strong>\u00f3ptica<\/strong> y de la <strong>contactolog\u00eda<\/strong>. Desde 1991, a\u00f1o de la desaparici\u00f3n del fundador, su esposa Paola Firenzuoli preside ambas sociedades.<\/p>\n<p>[\/vc_column_text][vc_column_text]<\/p>\n<p style=\"text-align: justify;\">Hoy, DALPASSO S.r.l. es una empresa con la mayor sede operativa de Europa y cuenta con la experiencia de t\u00e9cnicos prot\u00e9sicos especializados y habilitados con el Diploma de \u00d3ptico o superior, de conformidad con las leyes actualmente en vigor. DALPASSO S.r.l. realiza cada a\u00f1o m\u00e1s de cincuenta mil aplicaciones de pr\u00f3tesis oculares pero mantiene la calidad y el prestigio de la elaboraci\u00f3n artesanal a medida, perpetuando a\u00fan hoy esa idea original que, desde el lejano 1950, nunca ha dejado de estar presente.<\/p>\n<p>[\/vc_column_text][\/vc_column][\/vc_row]<\/div>","protected":false},"excerpt":{"rendered":"<p>[vc_row][vc_column width=\u00bb1\/1&#8243;][\/vc_column][\/vc_row][vc_row full_width=\u00bb\u00bb parallax=\u00bb\u00bb parallax_image=\u00bb\u00bb][vc_column width=\u00bb1\/1&#8243;][vc_separator color=\u00bbturquoise\u00bb align=\u00bbalign_center\u00bb border_width=\u00bb2&#8243;][\/vc_column][\/vc_row][vc_row][vc_column width=\u00bb1\/4&#8243;][vc_column_text] [\/vc_column_text][\/vc_column][vc_column width=\u00bb1\/2&#8243;][vc_column_text] Los \u201cLaboratori Oftalmotecnici Dalpasso\u201d dieron sus primeros pasos justo despu\u00e9s de la guerra por una intuici\u00f3n de Curzio Dalpasso. Nacido en R\u00e1vena en 1922, fue un pionero de las pr\u00f3tesis oft\u00e1lmicas en el periodo inmediatamente posterior a la Segunda Guerra Mundial y un [&hellip;]<\/p>\n","protected":false},"author":4,"featured_media":24581,"parent":0,"menu_order":7,"comment_status":"closed","ping_status":"closed","template":"","meta":{"footnotes":""},"class_list":["post-12893","page","type-page","status-publish","has-post-thumbnail","hentry"],"yoast_head":"<!-- This site is optimized with the Yoast SEO plugin v27.1.1 - https:\/\/yoast.com\/product\/yoast-seo-wordpress\/ -->\n<title>NUESTRA HISTORIA | Dalpasso protesi oculari<\/title>\n<meta name=\"robots\" content=\"index, follow, max-snippet:-1, max-image-preview:large, max-video-preview:-1\" \/>\n<link rel=\"canonical\" href=\"https:\/\/www.dalpasso.it\/es\/nuestra-historia\/\" \/>\n<meta property=\"og:locale\" content=\"es_ES\" \/>\n<meta property=\"og:type\" content=\"article\" \/>\n<meta property=\"og:title\" content=\"NUESTRA HISTORIA | Dalpasso protesi oculari\" \/>\n<meta property=\"og:description\" content=\"[vc_row][vc_column width=\u00bb1\/1&#8243;][\/vc_column][\/vc_row][vc_row full_width=\u00bb\u00bb parallax=\u00bb\u00bb parallax_image=\u00bb\u00bb][vc_column width=\u00bb1\/1&#8243;][vc_separator color=\u00bbturquoise\u00bb align=\u00bbalign_center\u00bb border_width=\u00bb2&#8243;][\/vc_column][\/vc_row][vc_row][vc_column width=\u00bb1\/4&#8243;][vc_column_text] [\/vc_column_text][\/vc_column][vc_column width=\u00bb1\/2&#8243;][vc_column_text] Los \u201cLaboratori Oftalmotecnici Dalpasso\u201d dieron sus primeros pasos justo despu\u00e9s de la guerra por una intuici\u00f3n de Curzio Dalpasso. Nacido en R\u00e1vena en 1922, fue un pionero de las pr\u00f3tesis oft\u00e1lmicas en el periodo inmediatamente posterior a la Segunda Guerra Mundial y un [&hellip;]\" \/>\n<meta property=\"og:url\" content=\"https:\/\/www.dalpasso.it\/es\/nuestra-historia\/\" \/>\n<meta property=\"og:site_name\" content=\"Dalpasso protesi oculari\" \/>\n<meta property=\"article:modified_time\" content=\"2015-11-30T15:25:43+00:00\" \/>\n<meta property=\"og:image\" content=\"https:\/\/www.dalpasso.it\/wp-content\/uploads\/2024\/09\/nostra-storia-1.jpg\" \/>\n\t<meta property=\"og:image:width\" content=\"381\" \/>\n\t<meta property=\"og:image:height\" content=\"381\" \/>\n\t<meta property=\"og:image:type\" content=\"image\/jpeg\" \/>\n<meta name=\"twitter:card\" content=\"summary_large_image\" \/>\n<meta name=\"twitter:label1\" content=\"Tiempo de lectura\" \/>\n\t<meta name=\"twitter:data1\" content=\"4 minutos\" \/>\n<script type=\"application\/ld+json\" class=\"yoast-schema-graph\">{\"@context\":\"https:\/\/schema.org\",\"@graph\":[{\"@type\":\"WebPage\",\"@id\":\"https:\/\/www.dalpasso.it\/es\/nuestra-historia\/\",\"url\":\"https:\/\/www.dalpasso.it\/es\/nuestra-historia\/\",\"name\":\"NUESTRA HISTORIA | Dalpasso protesi oculari\",\"isPartOf\":{\"@id\":\"https:\/\/www.dalpasso.it\/es\/#website\"},\"primaryImageOfPage\":{\"@id\":\"https:\/\/www.dalpasso.it\/es\/nuestra-historia\/#primaryimage\"},\"image\":{\"@id\":\"https:\/\/www.dalpasso.it\/es\/nuestra-historia\/#primaryimage\"},\"thumbnailUrl\":\"https:\/\/www.dalpasso.it\/wp-content\/uploads\/2024\/09\/nostra-storia-1.jpg\",\"datePublished\":\"2015-05-20T12:47:07+00:00\",\"dateModified\":\"2015-11-30T15:25:43+00:00\",\"breadcrumb\":{\"@id\":\"https:\/\/www.dalpasso.it\/es\/nuestra-historia\/#breadcrumb\"},\"inLanguage\":\"es\",\"potentialAction\":[{\"@type\":\"ReadAction\",\"target\":[\"https:\/\/www.dalpasso.it\/es\/nuestra-historia\/\"]}]},{\"@type\":\"ImageObject\",\"inLanguage\":\"es\",\"@id\":\"https:\/\/www.dalpasso.it\/es\/nuestra-historia\/#primaryimage\",\"url\":\"https:\/\/www.dalpasso.it\/wp-content\/uploads\/2024\/09\/nostra-storia-1.jpg\",\"contentUrl\":\"https:\/\/www.dalpasso.it\/wp-content\/uploads\/2024\/09\/nostra-storia-1.jpg\",\"width\":381,\"height\":381},{\"@type\":\"BreadcrumbList\",\"@id\":\"https:\/\/www.dalpasso.it\/es\/nuestra-historia\/#breadcrumb\",\"itemListElement\":[{\"@type\":\"ListItem\",\"position\":1,\"name\":\"Home\",\"item\":\"https:\/\/www.dalpasso.it\/es\/standard-business\/\"},{\"@type\":\"ListItem\",\"position\":2,\"name\":\"NUESTRA HISTORIA\"}]},{\"@type\":\"WebSite\",\"@id\":\"https:\/\/www.dalpasso.it\/es\/#website\",\"url\":\"https:\/\/www.dalpasso.it\/es\/\",\"name\":\"DALPASSO Protesi Oculari\",\"description\":\"\",\"potentialAction\":[{\"@type\":\"SearchAction\",\"target\":{\"@type\":\"EntryPoint\",\"urlTemplate\":\"https:\/\/www.dalpasso.it\/es\/?s={search_term_string}\"},\"query-input\":{\"@type\":\"PropertyValueSpecification\",\"valueRequired\":true,\"valueName\":\"search_term_string\"}}],\"inLanguage\":\"es\"}]}<\/script>\n<!-- \/ Yoast SEO plugin. -->","yoast_head_json":{"title":"NUESTRA HISTORIA | Dalpasso protesi oculari","robots":{"index":"index","follow":"follow","max-snippet":"max-snippet:-1","max-image-preview":"max-image-preview:large","max-video-preview":"max-video-preview:-1"},"canonical":"https:\/\/www.dalpasso.it\/es\/nuestra-historia\/","og_locale":"es_ES","og_type":"article","og_title":"NUESTRA HISTORIA | Dalpasso protesi oculari","og_description":"[vc_row][vc_column width=\u00bb1\/1&#8243;][\/vc_column][\/vc_row][vc_row full_width=\u00bb\u00bb parallax=\u00bb\u00bb parallax_image=\u00bb\u00bb][vc_column width=\u00bb1\/1&#8243;][vc_separator color=\u00bbturquoise\u00bb align=\u00bbalign_center\u00bb border_width=\u00bb2&#8243;][\/vc_column][\/vc_row][vc_row][vc_column width=\u00bb1\/4&#8243;][vc_column_text] [\/vc_column_text][\/vc_column][vc_column width=\u00bb1\/2&#8243;][vc_column_text] Los \u201cLaboratori Oftalmotecnici Dalpasso\u201d dieron sus primeros pasos justo despu\u00e9s de la guerra por una intuici\u00f3n de Curzio Dalpasso. Nacido en R\u00e1vena en 1922, fue un pionero de las pr\u00f3tesis oft\u00e1lmicas en el periodo inmediatamente posterior a la Segunda Guerra Mundial y un [&hellip;]","og_url":"https:\/\/www.dalpasso.it\/es\/nuestra-historia\/","og_site_name":"Dalpasso protesi oculari","article_modified_time":"2015-11-30T15:25:43+00:00","og_image":[{"width":381,"height":381,"url":"https:\/\/www.dalpasso.it\/wp-content\/uploads\/2024\/09\/nostra-storia-1.jpg","type":"image\/jpeg"}],"twitter_card":"summary_large_image","twitter_misc":{"Tiempo de lectura":"4 minutos"},"schema":{"@context":"https:\/\/schema.org","@graph":[{"@type":"WebPage","@id":"https:\/\/www.dalpasso.it\/es\/nuestra-historia\/","url":"https:\/\/www.dalpasso.it\/es\/nuestra-historia\/","name":"NUESTRA HISTORIA | Dalpasso protesi oculari","isPartOf":{"@id":"https:\/\/www.dalpasso.it\/es\/#website"},"primaryImageOfPage":{"@id":"https:\/\/www.dalpasso.it\/es\/nuestra-historia\/#primaryimage"},"image":{"@id":"https:\/\/www.dalpasso.it\/es\/nuestra-historia\/#primaryimage"},"thumbnailUrl":"https:\/\/www.dalpasso.it\/wp-content\/uploads\/2024\/09\/nostra-storia-1.jpg","datePublished":"2015-05-20T12:47:07+00:00","dateModified":"2015-11-30T15:25:43+00:00","breadcrumb":{"@id":"https:\/\/www.dalpasso.it\/es\/nuestra-historia\/#breadcrumb"},"inLanguage":"es","potentialAction":[{"@type":"ReadAction","target":["https:\/\/www.dalpasso.it\/es\/nuestra-historia\/"]}]},{"@type":"ImageObject","inLanguage":"es","@id":"https:\/\/www.dalpasso.it\/es\/nuestra-historia\/#primaryimage","url":"https:\/\/www.dalpasso.it\/wp-content\/uploads\/2024\/09\/nostra-storia-1.jpg","contentUrl":"https:\/\/www.dalpasso.it\/wp-content\/uploads\/2024\/09\/nostra-storia-1.jpg","width":381,"height":381},{"@type":"BreadcrumbList","@id":"https:\/\/www.dalpasso.it\/es\/nuestra-historia\/#breadcrumb","itemListElement":[{"@type":"ListItem","position":1,"name":"Home","item":"https:\/\/www.dalpasso.it\/es\/standard-business\/"},{"@type":"ListItem","position":2,"name":"NUESTRA HISTORIA"}]},{"@type":"WebSite","@id":"https:\/\/www.dalpasso.it\/es\/#website","url":"https:\/\/www.dalpasso.it\/es\/","name":"DALPASSO Protesi Oculari","description":"","potentialAction":[{"@type":"SearchAction","target":{"@type":"EntryPoint","urlTemplate":"https:\/\/www.dalpasso.it\/es\/?s={search_term_string}"},"query-input":{"@type":"PropertyValueSpecification","valueRequired":true,"valueName":"search_term_string"}}],"inLanguage":"es"}]}},"_links":{"self":[{"href":"https:\/\/www.dalpasso.it\/es\/wp-json\/wp\/v2\/pages\/12893","targetHints":{"allow":["GET"]}}],"collection":[{"href":"https:\/\/www.dalpasso.it\/es\/wp-json\/wp\/v2\/pages"}],"about":[{"href":"https:\/\/www.dalpasso.it\/es\/wp-json\/wp\/v2\/types\/page"}],"author":[{"embeddable":true,"href":"https:\/\/www.dalpasso.it\/es\/wp-json\/wp\/v2\/users\/4"}],"replies":[{"embeddable":true,"href":"https:\/\/www.dalpasso.it\/es\/wp-json\/wp\/v2\/comments?post=12893"}],"version-history":[{"count":2,"href":"https:\/\/www.dalpasso.it\/es\/wp-json\/wp\/v2\/pages\/12893\/revisions"}],"predecessor-version":[{"id":12895,"href":"https:\/\/www.dalpasso.it\/es\/wp-json\/wp\/v2\/pages\/12893\/revisions\/12895"}],"wp:featuredmedia":[{"embeddable":true,"href":"https:\/\/www.dalpasso.it\/es\/wp-json\/wp\/v2\/media\/24581"}],"wp:attachment":[{"href":"https:\/\/www.dalpasso.it\/es\/wp-json\/wp\/v2\/media?parent=12893"}],"curies":[{"name":"wp","href":"https:\/\/api.w.org\/{rel}","templated":true}]}}