{"id":12885,"date":"2015-06-09T12:50:31","date_gmt":"2015-06-09T10:50:31","guid":{"rendered":"http:\/\/www.dalpasso.it\/es\/catania\/"},"modified":"2020-06-29T14:09:48","modified_gmt":"2020-06-29T12:09:48","slug":"catania","status":"publish","type":"page","link":"https:\/\/www.dalpasso.it\/es\/catania\/","title":{"rendered":"CATANIA"},"content":{"rendered":"<div class=\"wpb-content-wrapper\">[vc_row][vc_column width=\u00bb1\/2&#8243;][vc_single_image image=\u00bb20445&#8243; img_size=\u00bbfull\u00bb][\/vc_column][vc_column width=\u00bb1\/2&#8243;][\/vc_column][\/vc_row][vc_row][vc_column][vc_column_text]<strong><span style=\"color: #000000;\">Via Don Luigi Sturzo 142 (Escalera B \u2013 piso 2)<\/span><\/strong><br \/>\n<strong> <span style=\"color: #000000;\"> Tel. y Fax: 095.311664<br \/>\nPara pedir cita llamar al n\u00famero (+39) 095.311664<\/span><\/strong>[\/vc_column_text][\/vc_column][\/vc_row][vc_row][vc_column][vc_gmaps link=\u00bb#E-8_JTNDaWZyYW1lJTIwc3JjJTNEJTIyaHR0cHMlM0ElMkYlMkZ3d3cuZ29vZ2xlLmNvbSUyRm1hcHMlMkZlbWJlZCUzRnBiJTNEJTIxMW0xOCUyMTFtMTIlMjExbTMlMjExZDMxNjUuMDQ2MzI1MjM4MzgzNCUyMTJkMTUuMDkxNDAyOTE1NDg5MzMzJTIxM2QzNy41MDY4MjU1MzUzMDI3NzQlMjEybTMlMjExZjAlMjEyZjAlMjEzZjAlMjEzbTIlMjExaTEwMjQlMjEyaTc2OCUyMTRmMTMuMSUyMTNtMyUyMTFtMiUyMTFzMHgxMzEzZTMzMmZlNWM2MDdkJTI1M0EweGM0OWJjMmJkOTY2ZDViMTYlMjEyc1ZpYSUyQkRvbiUyQkx1aWdpJTJCU3R1cnpvJTI1MkMlMkIxNDIlMjUyQyUyQjk1MTMxJTJCQ2F0YW5pYSUyQkNUJTIxNWUwJTIxM20yJTIxMXNpdCUyMTJzaXQlMjE0djE0NDQ3NDIzNzYzMDclMjIlMjB3aWR0aCUzRCUyMjYwMCUyMiUyMGhlaWdodCUzRCUyMjQ1MCUyMiUyMGZyYW1lYm9yZGVyJTNEJTIyMCUyMiUyMHN0eWxlJTNEJTIyYm9yZGVyJTNBMCUyMiUyMGFsbG93ZnVsbHNjcmVlbiUzRSUzQyUyRmlmcmFtZSUzRQ==\u00bb size=\u00bb400px\u00bb title=\u00bbCatania\u00bb][\/vc_column][\/vc_row][vc_row][vc_column][vc_column_text]<a href=\"https:\/\/www.google.it\/maps\/dir\/Catania+Centrale,+Piazza+Papa+Giovanni+XXIII,+Catania+CT\/37.5067864,15.0936247\/@37.5074816,15.0949648,17.5z\/data=!4m9!4m8!1m5!1m1!1s0x1313e3351f231b59:0x9d07cea6890eb861!2m2!1d15.0999267!2d37.5067289!1m0!3e0\" target=\"_blank\" rel=\"noopener noreferrer\">Mira el itinerario en Google Maps desde la estaci\u00f3n de ferrocarril<\/a><\/p>\n<p><a href=\"https:\/\/www.google.it\/maps\/dir\/Consorzio+Per+Le+Autostrade+Siciliane,+Via+Catania,+95027+San+Gregorio+di+Catania+CT\/37.5067864,15.0936247\/@37.5350746,15.0686665,14z\/data=!4m9!4m8!1m5!1m1!1s0x1313fc5d15342793:0xb7be6d1ecbfa9a4e!2m2!1d15.1003651!2d37.5583312!1m0!3e0\" target=\"_blank\" rel=\"noopener noreferrer\">Mira el itinerario en Google Maps desde la salida de autopista A18 Messina-Catania<\/a>[\/vc_column_text][\/vc_column][\/vc_row][vc_row][vc_column][vc_row_inner][vc_column_inner width=\u00bb7\/12&#8243; offset=\u00bbvc_col-md-8&#8243;][vc_column_text]<\/p>\n<h4><span style=\"color: #3092c9;\">En coche<\/span><\/h4>\n<p><span style=\"color: #000000;\"> Desde todas las direcciones seguir las indicaciones hacia la estaci\u00f3n de ferrocarriles (Stazione Centrale) de Catania.<\/span><br \/>\n<span style=\"color: #000000;\"> Una vez en la plazoleta de la estaci\u00f3n tomar Corso Martiri della Libert\u00e0 y recorrerla hasta el final, al llegar al sem\u00e1foro girar a la izquierda en via Monsignor Ventimiglia.<br \/>\nPasados 100 metros girar a la izquierda en via Don Luigi Sturzo, donde encontrar\u00e9is nuestro centro en el n.\u00ba 142.<\/span>[\/vc_column_text][\/vc_column_inner][vc_column_inner width=\u00bb5\/12&#8243; offset=\u00bbvc_col-md-4&#8243;][vc_gmaps link=\u00bb#E-8_JTNDaWZyYW1lJTIwc3JjJTNEJTIyaHR0cHMlM0ElMkYlMkZ3d3cuZ29vZ2xlLmNvbSUyRm1hcHMlMkZlbWJlZCUzRnBiJTNEJTIxMW0yMiUyMTFtOCUyMTFtMyUyMTFkMjUzMTAuNzg1OTAxNDczMTI2JTIxMmQxNS4wNjg2NjY1JTIxM2QzNy41MzUwNzQ2JTIxM20yJTIxMWkxMDI0JTIxMmk3NjglMjE0ZjEzLjElMjE0bTExJTIxM2UwJTIxNG01JTIxMXMweDEzMTNmYzVkMTUzNDI3OTMlMjUzQTB4YjdiZTZkMWVjYmZhOWE0ZSUyMTJzQ29uc29yemlvJTI1MjBQZXIlMjUyMExlJTI1MjBBdXRvc3RyYWRlJTI1MjBTaWNpbGlhbmUlMjUyQyUyNTIwVmlhJTI1MjBDYXRhbmlhJTI1MkMlMjUyMDk1MDI3JTI1MjBTYW4lMjUyMEdyZWdvcmlvJTI1MjBkaSUyNTIwQ2F0YW5pYSUyNTIwQ1QlMjEzbTIlMjExZDM3LjU1ODMzMTIlMjEyZDE1LjEwMDM2NTElMjE0bTMlMjEzbTIlMjExZDM3LjUwNjc4NjM5OTk5OTk5NiUyMTJkMTUuMDkzNjI0NyUyMTVlMCUyMTNtMiUyMTFzZXMlMjEyc2l0JTIxNHYxNTc1NDczNDc4MzM0JTIxNW0yJTIxMXNlcyUyMTJzaXQlMjIlMjB3aWR0aCUzRCUyMjYwMCUyMiUyMGhlaWdodCUzRCUyMjQ1MCUyMiUyMGZyYW1lYm9yZGVyJTNEJTIyMCUyMiUyMHN0eWxlJTNEJTIyYm9yZGVyJTNBMCUzQiUyMiUyMGFsbG93ZnVsbHNjcmVlbiUzRCUyMiUyMiUzRSUzQyUyRmlmcmFtZSUzRQ==\u00bb size=\u00bb240&#8243;][\/vc_column_inner][\/vc_row_inner][vc_row_inner][vc_column_inner width=\u00bb7\/12&#8243; offset=\u00bbvc_col-md-8&#8243;][vc_column_text]<\/p>\n<h4><span style=\"color: #3092c9;\"><strong>Tren y autob\u00fas<\/strong><\/span><\/h4>\n<p><span style=\"color: #000000;\">Desde la estaci\u00f3n central tomar la l\u00ednea 432 de autob\u00fas y bajar en la parada de Piazza della Repubblica, tomar la via Monsignor Ventimiglia y pasados menos de 100 metros girar a la izquierda en via Don Luigi Sturzo.<\/span>[\/vc_column_text][\/vc_column_inner][vc_column_inner width=\u00bb5\/12&#8243; offset=\u00bbvc_col-md-4&#8243;][vc_gmaps link=\u00bb#E-8_JTNDaWZyYW1lJTIwc3JjJTNEJTIyaHR0cHMlM0ElMkYlMkZ3d3cuZ29vZ2xlLmNvbSUyRm1hcHMlMkZlbWJlZCUzRnBiJTNEJTIxMW0yMiUyMTFtOCUyMTFtMyUyMTFkMzE2NS4wMTg1MDkyMjE1NTQ3JTIxMmQxNS4wOTQ5NjQ4JTIxM2QzNy41MDc0ODE2JTIxM20yJTIxMWkxMDI0JTIxMmk3NjglMjE0ZjEzLjElMjE0bTExJTIxM2UwJTIxNG01JTIxMXMweDEzMTNlMzM1MWYyMzFiNTklMjUzQTB4OWQwN2NlYTY4OTBlYjg2MSUyMTJzQ2F0YW5pYSUyNTIwQ2VudHJhbGUlMjUyQyUyNTIwUGlhenphJTI1MjBQYXBhJTI1MjBHaW92YW5uaSUyNTIwWFhJSUklMjUyQyUyNTIwQ2F0YW5pYSUyNTIwQ1QlMjEzbTIlMjExZDM3LjUwNjcyODklMjEyZDE1LjA5OTkyNjclMjE0bTMlMjEzbTIlMjExZDM3LjUwNjc4NjM5OTk5OTk5NiUyMTJkMTUuMDkzNjI0NyUyMTVlMCUyMTNtMiUyMTFzZXMlMjEyc2l0JTIxNHYxNTc1NDczMzQ0NDE5JTIxNW0yJTIxMXNlcyUyMTJzaXQlMjIlMjB3aWR0aCUzRCUyMjYwMCUyMiUyMGhlaWdodCUzRCUyMjQ1MCUyMiUyMGZyYW1lYm9yZGVyJTNEJTIyMCUyMiUyMHN0eWxlJTNEJTIyYm9yZGVyJTNBMCUzQiUyMiUyMGFsbG93ZnVsbHNjcmVlbiUzRCUyMiUyMiUzRSUzQyUyRmlmcmFtZSUzRQ==\u00bb size=\u00bb240&#8243;][\/vc_column_inner][\/vc_row_inner][\/vc_column][\/vc_row]<\/div>","protected":false},"excerpt":{"rendered":"<p>[vc_row][vc_column width=\u00bb1\/2&#8243;][vc_single_image image=\u00bb20445&#8243; img_size=\u00bbfull\u00bb][\/vc_column][vc_column width=\u00bb1\/2&#8243;][\/vc_column][\/vc_row][vc_row][vc_column][vc_column_text]Via Don Luigi Sturzo 142 (Escalera B \u2013 piso 2) Tel. y Fax: 095.311664 Para pedir cita llamar al n\u00famero (+39) 095.311664[\/vc_column_text][\/vc_column][\/vc_row][vc_row][vc_column][vc_gmaps link=\u00bb#E-8_JTNDaWZyYW1lJTIwc3JjJTNEJTIyaHR0cHMlM0ElMkYlMkZ3d3cuZ29vZ2xlLmNvbSUyRm1hcHMlMkZlbWJlZCUzRnBiJTNEJTIxMW0xOCUyMTFtMTIlMjExbTMlMjExZDMxNjUuMDQ2MzI1MjM4MzgzNCUyMTJkMTUuMDkxNDAyOTE1NDg5MzMzJTIxM2QzNy41MDY4MjU1MzUzMDI3NzQlMjEybTMlMjExZjAlMjEyZjAlMjEzZjAlMjEzbTIlMjExaTEwMjQlMjEyaTc2OCUyMTRmMTMuMSUyMTNtMyUyMTFtMiUyMTFzMHgxMzEzZTMzMmZlNWM2MDdkJTI1M0EweGM0OWJjMmJkOTY2ZDViMTYlMjEyc1ZpYSUyQkRvbiUyQkx1aWdpJTJCU3R1cnpvJTI1MkMlMkIxNDIlMjUyQyUyQjk1MTMxJTJCQ2F0YW5pYSUyQkNUJTIxNWUwJTIxM20yJTIxMXNpdCUyMTJzaXQlMjE0djE0NDQ3NDIzNzYzMDclMjIlMjB3aWR0aCUzRCUyMjYwMCUyMiUyMGhlaWdodCUzRCUyMjQ1MCUyMiUyMGZyYW1lYm9yZGVyJTNEJTIyMCUyMiUyMHN0eWxlJTNEJTIyYm9yZGVyJTNBMCUyMiUyMGFsbG93ZnVsbHNjcmVlbiUzRSUzQyUyRmlmcmFtZSUzRQ==\u00bb size=\u00bb400px\u00bb title=\u00bbCatania\u00bb][\/vc_column][\/vc_row][vc_row][vc_column][vc_column_text]Mira el itinerario en Google Maps desde la estaci\u00f3n de ferrocarril Mira el itinerario en Google Maps desde la salida de autopista A18 Messina-Catania[\/vc_column_text][\/vc_column][\/vc_row][vc_row][vc_column][vc_row_inner][vc_column_inner width=\u00bb7\/12&#8243; offset=\u00bbvc_col-md-8&#8243;][vc_column_text] En [&hellip;]<\/p>\n","protected":false},"author":4,"featured_media":0,"parent":0,"menu_order":2,"comment_status":"closed","ping_status":"closed","template":"","meta":{"footnotes":""},"class_list":["post-12885","page","type-page","status-publish","hentry"],"yoast_head":"<!-- This site is optimized with the Yoast SEO plugin v27.1.1 - https:\/\/yoast.com\/product\/yoast-seo-wordpress\/ -->\n<title>CATANIA | Dalpasso protesi oculari<\/title>\n<meta name=\"robots\" content=\"index, follow, max-snippet:-1, max-image-preview:large, max-video-preview:-1\" \/>\n<link rel=\"canonical\" href=\"https:\/\/www.dalpasso.it\/es\/catania\/\" \/>\n<meta property=\"og:locale\" content=\"es_ES\" \/>\n<meta property=\"og:type\" content=\"article\" \/>\n<meta property=\"og:title\" content=\"CATANIA | Dalpasso protesi oculari\" \/>\n<meta property=\"og:description\" content=\"[vc_row][vc_column width=\u00bb1\/2&#8243;][vc_single_image image=\u00bb20445&#8243; img_size=\u00bbfull\u00bb][\/vc_column][vc_column width=\u00bb1\/2&#8243;][\/vc_column][\/vc_row][vc_row][vc_column][vc_column_text]Via Don Luigi Sturzo 142 (Escalera B \u2013 piso 2) Tel. y Fax: 095.311664 Para pedir cita llamar al n\u00famero (+39) 095.311664[\/vc_column_text][\/vc_column][\/vc_row][vc_row][vc_column][vc_gmaps link=\u00bb#E-8_JTNDaWZyYW1lJTIwc3JjJTNEJTIyaHR0cHMlM0ElMkYlMkZ3d3cuZ29vZ2xlLmNvbSUyRm1hcHMlMkZlbWJlZCUzRnBiJTNEJTIxMW0xOCUyMTFtMTIlMjExbTMlMjExZDMxNjUuMDQ2MzI1MjM4MzgzNCUyMTJkMTUuMDkxNDAyOTE1NDg5MzMzJTIxM2QzNy41MDY4MjU1MzUzMDI3NzQlMjEybTMlMjExZjAlMjEyZjAlMjEzZjAlMjEzbTIlMjExaTEwMjQlMjEyaTc2OCUyMTRmMTMuMSUyMTNtMyUyMTFtMiUyMTFzMHgxMzEzZTMzMmZlNWM2MDdkJTI1M0EweGM0OWJjMmJkOTY2ZDViMTYlMjEyc1ZpYSUyQkRvbiUyQkx1aWdpJTJCU3R1cnpvJTI1MkMlMkIxNDIlMjUyQyUyQjk1MTMxJTJCQ2F0YW5pYSUyQkNUJTIxNWUwJTIxM20yJTIxMXNpdCUyMTJzaXQlMjE0djE0NDQ3NDIzNzYzMDclMjIlMjB3aWR0aCUzRCUyMjYwMCUyMiUyMGhlaWdodCUzRCUyMjQ1MCUyMiUyMGZyYW1lYm9yZGVyJTNEJTIyMCUyMiUyMHN0eWxlJTNEJTIyYm9yZGVyJTNBMCUyMiUyMGFsbG93ZnVsbHNjcmVlbiUzRSUzQyUyRmlmcmFtZSUzRQ==\u00bb size=\u00bb400px\u00bb title=\u00bbCatania\u00bb][\/vc_column][\/vc_row][vc_row][vc_column][vc_column_text]Mira el itinerario en Google Maps desde la estaci\u00f3n de ferrocarril Mira el itinerario en Google Maps desde la salida de autopista A18 Messina-Catania[\/vc_column_text][\/vc_column][\/vc_row][vc_row][vc_column][vc_row_inner][vc_column_inner width=\u00bb7\/12&#8243; offset=\u00bbvc_col-md-8&#8243;][vc_column_text] En [&hellip;]\" \/>\n<meta property=\"og:url\" content=\"https:\/\/www.dalpasso.it\/es\/catania\/\" \/>\n<meta property=\"og:site_name\" content=\"Dalpasso protesi oculari\" \/>\n<meta property=\"article:modified_time\" content=\"2020-06-29T12:09:48+00:00\" \/>\n<meta name=\"twitter:card\" content=\"summary_large_image\" \/>\n<meta name=\"twitter:label1\" content=\"Tiempo de lectura\" \/>\n\t<meta name=\"twitter:data1\" content=\"2 minutos\" \/>\n<script type=\"application\/ld+json\" class=\"yoast-schema-graph\">{\"@context\":\"https:\/\/schema.org\",\"@graph\":[{\"@type\":\"WebPage\",\"@id\":\"https:\/\/www.dalpasso.it\/es\/catania\/\",\"url\":\"https:\/\/www.dalpasso.it\/es\/catania\/\",\"name\":\"CATANIA | Dalpasso protesi oculari\",\"isPartOf\":{\"@id\":\"https:\/\/www.dalpasso.it\/es\/#website\"},\"datePublished\":\"2015-06-09T10:50:31+00:00\",\"dateModified\":\"2020-06-29T12:09:48+00:00\",\"breadcrumb\":{\"@id\":\"https:\/\/www.dalpasso.it\/es\/catania\/#breadcrumb\"},\"inLanguage\":\"es\",\"potentialAction\":[{\"@type\":\"ReadAction\",\"target\":[\"https:\/\/www.dalpasso.it\/es\/catania\/\"]}]},{\"@type\":\"BreadcrumbList\",\"@id\":\"https:\/\/www.dalpasso.it\/es\/catania\/#breadcrumb\",\"itemListElement\":[{\"@type\":\"ListItem\",\"position\":1,\"name\":\"Home\",\"item\":\"https:\/\/www.dalpasso.it\/es\/standard-business\/\"},{\"@type\":\"ListItem\",\"position\":2,\"name\":\"CATANIA\"}]},{\"@type\":\"WebSite\",\"@id\":\"https:\/\/www.dalpasso.it\/es\/#website\",\"url\":\"https:\/\/www.dalpasso.it\/es\/\",\"name\":\"DALPASSO Protesi Oculari\",\"description\":\"\",\"potentialAction\":[{\"@type\":\"SearchAction\",\"target\":{\"@type\":\"EntryPoint\",\"urlTemplate\":\"https:\/\/www.dalpasso.it\/es\/?s={search_term_string}\"},\"query-input\":{\"@type\":\"PropertyValueSpecification\",\"valueRequired\":true,\"valueName\":\"search_term_string\"}}],\"inLanguage\":\"es\"}]}<\/script>\n<!-- \/ Yoast SEO plugin. -->","yoast_head_json":{"title":"CATANIA | Dalpasso protesi oculari","robots":{"index":"index","follow":"follow","max-snippet":"max-snippet:-1","max-image-preview":"max-image-preview:large","max-video-preview":"max-video-preview:-1"},"canonical":"https:\/\/www.dalpasso.it\/es\/catania\/","og_locale":"es_ES","og_type":"article","og_title":"CATANIA | Dalpasso protesi oculari","og_description":"[vc_row][vc_column width=\u00bb1\/2&#8243;][vc_single_image image=\u00bb20445&#8243; img_size=\u00bbfull\u00bb][\/vc_column][vc_column width=\u00bb1\/2&#8243;][\/vc_column][\/vc_row][vc_row][vc_column][vc_column_text]Via Don Luigi Sturzo 142 (Escalera B \u2013 piso 2) Tel. y Fax: 095.311664 Para pedir cita llamar al n\u00famero (+39) 095.311664[\/vc_column_text][\/vc_column][\/vc_row][vc_row][vc_column][vc_gmaps link=\u00bb#E-8_JTNDaWZyYW1lJTIwc3JjJTNEJTIyaHR0cHMlM0ElMkYlMkZ3d3cuZ29vZ2xlLmNvbSUyRm1hcHMlMkZlbWJlZCUzRnBiJTNEJTIxMW0xOCUyMTFtMTIlMjExbTMlMjExZDMxNjUuMDQ2MzI1MjM4MzgzNCUyMTJkMTUuMDkxNDAyOTE1NDg5MzMzJTIxM2QzNy41MDY4MjU1MzUzMDI3NzQlMjEybTMlMjExZjAlMjEyZjAlMjEzZjAlMjEzbTIlMjExaTEwMjQlMjEyaTc2OCUyMTRmMTMuMSUyMTNtMyUyMTFtMiUyMTFzMHgxMzEzZTMzMmZlNWM2MDdkJTI1M0EweGM0OWJjMmJkOTY2ZDViMTYlMjEyc1ZpYSUyQkRvbiUyQkx1aWdpJTJCU3R1cnpvJTI1MkMlMkIxNDIlMjUyQyUyQjk1MTMxJTJCQ2F0YW5pYSUyQkNUJTIxNWUwJTIxM20yJTIxMXNpdCUyMTJzaXQlMjE0djE0NDQ3NDIzNzYzMDclMjIlMjB3aWR0aCUzRCUyMjYwMCUyMiUyMGhlaWdodCUzRCUyMjQ1MCUyMiUyMGZyYW1lYm9yZGVyJTNEJTIyMCUyMiUyMHN0eWxlJTNEJTIyYm9yZGVyJTNBMCUyMiUyMGFsbG93ZnVsbHNjcmVlbiUzRSUzQyUyRmlmcmFtZSUzRQ==\u00bb size=\u00bb400px\u00bb title=\u00bbCatania\u00bb][\/vc_column][\/vc_row][vc_row][vc_column][vc_column_text]Mira el itinerario en Google Maps desde la estaci\u00f3n de ferrocarril Mira el itinerario en Google Maps desde la salida de autopista A18 Messina-Catania[\/vc_column_text][\/vc_column][\/vc_row][vc_row][vc_column][vc_row_inner][vc_column_inner width=\u00bb7\/12&#8243; offset=\u00bbvc_col-md-8&#8243;][vc_column_text] En [&hellip;]","og_url":"https:\/\/www.dalpasso.it\/es\/catania\/","og_site_name":"Dalpasso protesi oculari","article_modified_time":"2020-06-29T12:09:48+00:00","twitter_card":"summary_large_image","twitter_misc":{"Tiempo de lectura":"2 minutos"},"schema":{"@context":"https:\/\/schema.org","@graph":[{"@type":"WebPage","@id":"https:\/\/www.dalpasso.it\/es\/catania\/","url":"https:\/\/www.dalpasso.it\/es\/catania\/","name":"CATANIA | Dalpasso protesi oculari","isPartOf":{"@id":"https:\/\/www.dalpasso.it\/es\/#website"},"datePublished":"2015-06-09T10:50:31+00:00","dateModified":"2020-06-29T12:09:48+00:00","breadcrumb":{"@id":"https:\/\/www.dalpasso.it\/es\/catania\/#breadcrumb"},"inLanguage":"es","potentialAction":[{"@type":"ReadAction","target":["https:\/\/www.dalpasso.it\/es\/catania\/"]}]},{"@type":"BreadcrumbList","@id":"https:\/\/www.dalpasso.it\/es\/catania\/#breadcrumb","itemListElement":[{"@type":"ListItem","position":1,"name":"Home","item":"https:\/\/www.dalpasso.it\/es\/standard-business\/"},{"@type":"ListItem","position":2,"name":"CATANIA"}]},{"@type":"WebSite","@id":"https:\/\/www.dalpasso.it\/es\/#website","url":"https:\/\/www.dalpasso.it\/es\/","name":"DALPASSO Protesi Oculari","description":"","potentialAction":[{"@type":"SearchAction","target":{"@type":"EntryPoint","urlTemplate":"https:\/\/www.dalpasso.it\/es\/?s={search_term_string}"},"query-input":{"@type":"PropertyValueSpecification","valueRequired":true,"valueName":"search_term_string"}}],"inLanguage":"es"}]}},"_links":{"self":[{"href":"https:\/\/www.dalpasso.it\/es\/wp-json\/wp\/v2\/pages\/12885","targetHints":{"allow":["GET"]}}],"collection":[{"href":"https:\/\/www.dalpasso.it\/es\/wp-json\/wp\/v2\/pages"}],"about":[{"href":"https:\/\/www.dalpasso.it\/es\/wp-json\/wp\/v2\/types\/page"}],"author":[{"embeddable":true,"href":"https:\/\/www.dalpasso.it\/es\/wp-json\/wp\/v2\/users\/4"}],"replies":[{"embeddable":true,"href":"https:\/\/www.dalpasso.it\/es\/wp-json\/wp\/v2\/comments?post=12885"}],"version-history":[{"count":4,"href":"https:\/\/www.dalpasso.it\/es\/wp-json\/wp\/v2\/pages\/12885\/revisions"}],"predecessor-version":[{"id":20454,"href":"https:\/\/www.dalpasso.it\/es\/wp-json\/wp\/v2\/pages\/12885\/revisions\/20454"}],"wp:attachment":[{"href":"https:\/\/www.dalpasso.it\/es\/wp-json\/wp\/v2\/media?parent=12885"}],"curies":[{"name":"wp","href":"https:\/\/api.w.org\/{rel}","templated":true}]}}