{"id":12872,"date":"2015-06-09T12:48:54","date_gmt":"2015-06-09T10:48:54","guid":{"rendered":"http:\/\/www.dalpasso.it\/es\/padova\/"},"modified":"2019-12-04T17:03:28","modified_gmt":"2019-12-04T16:03:28","slug":"padua","status":"publish","type":"page","link":"https:\/\/www.dalpasso.it\/es\/padua\/","title":{"rendered":"PADUA"},"content":{"rendered":"<div class=\"wpb-content-wrapper\">[vc_row][vc_column][vc_column_text]<span style=\"color: #000000;\"><strong>V.le della Navigazione Interna n\u00b051<\/strong> (Zona Industrial \u2013 Padova Est)<\/span><br \/>\n<strong><span style=\"color: #000000;\"> Tel.: (+39) 049.8077265 \u2013 Fax: 049.777046<\/span><\/strong>[\/vc_column_text][\/vc_column][\/vc_row][vc_row][vc_column][vc_gmaps link=\u00bb#E-8_JTNDaWZyYW1lJTIwc3JjJTNEJTIyaHR0cHMlM0ElMkYlMkZ3d3cuZ29vZ2xlLmNvbSUyRm1hcHMlMkZlbWJlZCUzRnBiJTNEJTIxMW0xOCUyMTFtMTIlMjExbTMlMjExZDI4MDEuMDMxMjkyNzY3MDI4NCUyMTJkMTEuOTI1ODM0NDE1Njc4NzQ4JTIxM2Q0NS40MDg3MDg1NDUxNjUyOCUyMTJtMyUyMTFmMCUyMTJmMCUyMTNmMCUyMTNtMiUyMTFpMTAyNCUyMTJpNzY4JTIxNGYxMy4xJTIxM20zJTIxMW0yJTIxMXMweDQ3N2VkYWM4ODlmMzMyN2QlMjUzQTB4NWI2Njk2OTRjMmM1YzhmNiUyMTJzVmlhbGUlMkJkZWxsYSUyQk5hdmlnYXppb25lJTJCSW50ZXJuYSUyNTJDJTJCUGFkb3ZhJTJCUEQlMjE1ZTAlMjEzbTIlMjExc2l0JTIxMnNpdCUyMTR2MTQ0NDc0MzExNTAyMCUyMiUyMHdpZHRoJTNEJTIyNjAwJTIyJTIwaGVpZ2h0JTNEJTIyNDUwJTIyJTIwZnJhbWVib3JkZXIlM0QlMjIwJTIyJTIwc3R5bGUlM0QlMjJib3JkZXIlM0EwJTIyJTIwYWxsb3dmdWxsc2NyZWVuJTNFJTNDJTJGaWZyYW1lJTNF\u00bb size=\u00bb400px\u00bb title=\u00bbPadua\u00bb][\/vc_column][\/vc_row][vc_row][vc_column][vc_column_text]<a href=\"https:\/\/www.google.it\/maps\/dir\/45.4176423,11.9342909\/''\/@45.4131333,11.926204,16z\/data=!4m9!4m8!1m0!1m5!1m1!1s0x477edac919855465:0x275da1cbdd4728ec!2m2!1d11.9282569!2d45.409107!3e0\" target=\"_blank\" rel=\"noopener noreferrer\">Mira el itinerario en Google Maps desde la salida A4 Padova EST<\/a><\/p>\n<p><a href=\"https:\/\/www.google.it\/maps\/dir\/Padova+Sud,+Raccordo+Padova+Sud,+35020+PD\/Dal+Passo+Srl,+51+vl.+Navigaz.+Interna,+Padova,+PD+35129,+35129+Padova+PD\/@45.3823371,11.8901268,13.25z\/am=t\/data=!4m13!4m12!1m5!1m1!1s0x477edc6806926071:0xf4ae16bf6a6cabf9!2m2!1d11.8482935!2d45.3446729!1m5!1m1!1s0x477edac919855465:0x275da1cbdd4728ec!2m2!1d11.9282569!2d45.409107?hl=it\" target=\"_blank\" rel=\"noopener noreferrer\">Mira el itinerario en Google Maps desde el peaje Padova SUD<\/a>[\/vc_column_text][\/vc_column][\/vc_row][vc_row][vc_column][vc_row_inner][vc_column_inner width=\u00bb7\/12&#8243; offset=\u00bbvc_col-md-8&#8243;][vc_column_text]<\/p>\n<h4><strong><span style=\"color: #3092c9;\">En coche<\/span><\/strong><\/h4>\n<p><span style=\"color: #000000;\"><strong>Para quien llega desde el sur (Rovigo \u2013 Ferrara): <\/strong><\/span><br \/>\n<span style=\"color: #000000;\"> En el peaje de Padova Sud seguir recto durante 1 km, luego girar a la derecha en direcci\u00f3n Venezia (C.so Primo Maggio). Seguir 8 Km y salir en la salida 15, girar enseguida a la izquierda: nuestro centro est\u00e1 a la derecha, pasados 100 metros.<\/span>[\/vc_column_text][\/vc_column_inner][vc_column_inner width=\u00bb5\/12&#8243; offset=\u00bbvc_col-md-4&#8243;][vc_gmaps link=\u00bb#E-8_JTNDaWZyYW1lJTIwc3JjJTNEJTIyaHR0cHMlM0ElMkYlMkZ3d3cuZ29vZ2xlLmNvbSUyRm1hcHMlMkZlbWJlZCUzRnBiJTNEJTIxMW0yOCUyMTFtMTIlMjExbTMlMjExZDQ0ODM5LjExMDQ1NjA2OTE1JTIxMmQxMS44NTYwNDQ4NDY1MTUyOSUyMTNkNDUuMzgwMjA1NDk5NDcxOTklMjEybTMlMjExZjAlMjEyZjAlMjEzZjAlMjEzbTIlMjExaTEwMjQlMjEyaTc2OCUyMTRmMTMuMSUyMTRtMTMlMjEzZTYlMjE0bTUlMjExczB4NDc3ZWRjNjgwNjkyNjA3MSUyNTNBMHhmNGFlMTZiZjZhNmNhYmY5JTIxMnNQYWRvdmElMjUyMFN1ZCUyNTJDJTI1MjBSYWNjb3JkbyUyNTIwUGFkb3ZhJTI1MjBTdWQlMjUyQyUyNTIwMzUwMjAlMjUyMFBEJTIxM20yJTIxMWQ0NS4zNDQ2NzI5JTIxMmQxMS44NDgyOTM0OTk5OTk5OTklMjE0bTUlMjExczB4NDc3ZWRhYzkxOTg1NTQ2NSUyNTNBMHgyNzVkYTFjYmRkNDcyOGVjJTIxMnNEYWwlMjUyMFBhc3NvJTI1MjBTcmwlMjUyQyUyNTIwNTElMjUyMHZsLiUyNTIwTmF2aWdhei4lMjUyMEludGVybmElMjUyQyUyNTIwUGFkb3ZhJTI1MkMlMjUyMFBEJTI1MjAzNTEyOSUyNTJDJTI1MjAzNTEyOSUyNTIwUGFkb3ZhJTI1MjBQRCUyMTNtMiUyMTFkNDUuNDA5MDYyMzk5OTk5OTk2JTIxMmQxMS45MjgyNzMyOTk5OTk5OTklMjE1ZTAlMjEzbTIlMjExc2VzJTIxMnNpdCUyMTR2MTU3NTQ3NTE2MTY0NSUyMTVtMiUyMTFzZXMlMjEyc2l0JTIyJTIwd2lkdGglM0QlMjI2MDAlMjIlMjBoZWlnaHQlM0QlMjI0NTAlMjIlMjBmcmFtZWJvcmRlciUzRCUyMjAlMjIlMjBzdHlsZSUzRCUyMmJvcmRlciUzQTAlM0IlMjIlMjBhbGxvd2Z1bGxzY3JlZW4lM0QlMjIlMjIlM0UlM0MlMkZpZnJhbWUlM0U=\u00bb size=\u00bb240&#8243;][\/vc_column_inner][\/vc_row_inner][vc_row_inner][vc_column_inner width=\u00bb7\/12&#8243; offset=\u00bbvc_col-md-8&#8243;][vc_column_text]<span style=\"color: #000000;\"><strong>Para quien llega desde el norte y desde las dem\u00e1s direcciones (Treviso \u2013 Vicenza \u2013 Venezia):<\/strong><\/span>[\/vc_column_text][\/vc_column_inner][vc_column_inner width=\u00bb5\/12&#8243; offset=\u00bbvc_col-md-4&#8243;][vc_gmaps link=\u00bb#E-8_JTNDaWZyYW1lJTIwc3JjJTNEJTIyaHR0cHMlM0ElMkYlMkZ3d3cuZ29vZ2xlLmNvbSUyRm1hcHMlMkZlbWJlZCUzRnBiJTNEJTIxMW0yMSUyMTFtOCUyMTFtMyUyMTFkNTYwMS42MjM3MjQzMjgyNDklMjEyZDExLjkyNjIwNCUyMTNkNDUuNDEzMTMzMyUyMTNtMiUyMTFpMTAyNCUyMTJpNzY4JTIxNGYxMy4xJTIxNG0xMCUyMTNlMCUyMTRtMyUyMTNtMiUyMTFkNDUuNDE3NjQyMyUyMTJkMTEuOTM0MjkwODk5OTk5OTk5JTIxNG00JTIxMXMweDQ3N2VkYWM5MTk4NTU0NjUlMjUzQTB4Mjc1ZGExY2JkZDQ3MjhlYyUyMTNtMiUyMTFkNDUuNDA5MDYyMzk5OTk5OTk2JTIxMmQxMS45MjgyNzMyOTk5OTk5OTklMjE1ZTAlMjEzbTIlMjExc2VzJTIxMnNpdCUyMTR2MTU3NTQ3NTE3NTkyMiUyMTVtMiUyMTFzZXMlMjEyc2l0JTIyJTIwd2lkdGglM0QlMjI2MDAlMjIlMjBoZWlnaHQlM0QlMjI0NTAlMjIlMjBmcmFtZWJvcmRlciUzRCUyMjAlMjIlMjBzdHlsZSUzRCUyMmJvcmRlciUzQTAlM0IlMjIlMjBhbGxvd2Z1bGxzY3JlZW4lM0QlMjIlMjIlM0UlM0MlMkZpZnJhbWUlM0U=\u00bb size=\u00bb240&#8243;][\/vc_column_inner][\/vc_row_inner][vc_row_inner][vc_column_inner width=\u00bb7\/12&#8243; offset=\u00bbvc_col-md-8&#8243;][vc_column_text]<\/p>\n<h4><strong><span style=\"color: #3092c9;\">Tren y autob\u00fas<\/span><\/strong><\/h4>\n<p><span style=\"color: #000000;\">Desde la estaci\u00f3n de ferrocarril coger el autob\u00fas de la L\u00ednea 7, la parada est\u00e1 en via dell\u2019Industria a 200 metros de nuestro centro.<\/span>[\/vc_column_text][\/vc_column_inner][vc_column_inner width=\u00bb5\/12&#8243; offset=\u00bbvc_col-md-4&#8243;][\/vc_column_inner][\/vc_row_inner][\/vc_column][\/vc_row]<\/div>","protected":false},"excerpt":{"rendered":"<p>[vc_row][vc_column][vc_column_text]V.le della Navigazione Interna n\u00b051 (Zona Industrial \u2013 Padova Est) Tel.: (+39) 049.8077265 \u2013 Fax: 049.777046[\/vc_column_text][\/vc_column][\/vc_row][vc_row][vc_column][vc_gmaps link=\u00bb#E-8_JTNDaWZyYW1lJTIwc3JjJTNEJTIyaHR0cHMlM0ElMkYlMkZ3d3cuZ29vZ2xlLmNvbSUyRm1hcHMlMkZlbWJlZCUzRnBiJTNEJTIxMW0xOCUyMTFtMTIlMjExbTMlMjExZDI4MDEuMDMxMjkyNzY3MDI4NCUyMTJkMTEuOTI1ODM0NDE1Njc4NzQ4JTIxM2Q0NS40MDg3MDg1NDUxNjUyOCUyMTJtMyUyMTFmMCUyMTJmMCUyMTNmMCUyMTNtMiUyMTFpMTAyNCUyMTJpNzY4JTIxNGYxMy4xJTIxM20zJTIxMW0yJTIxMXMweDQ3N2VkYWM4ODlmMzMyN2QlMjUzQTB4NWI2Njk2OTRjMmM1YzhmNiUyMTJzVmlhbGUlMkJkZWxsYSUyQk5hdmlnYXppb25lJTJCSW50ZXJuYSUyNTJDJTJCUGFkb3ZhJTJCUEQlMjE1ZTAlMjEzbTIlMjExc2l0JTIxMnNpdCUyMTR2MTQ0NDc0MzExNTAyMCUyMiUyMHdpZHRoJTNEJTIyNjAwJTIyJTIwaGVpZ2h0JTNEJTIyNDUwJTIyJTIwZnJhbWVib3JkZXIlM0QlMjIwJTIyJTIwc3R5bGUlM0QlMjJib3JkZXIlM0EwJTIyJTIwYWxsb3dmdWxsc2NyZWVuJTNFJTNDJTJGaWZyYW1lJTNF\u00bb size=\u00bb400px\u00bb title=\u00bbPadua\u00bb][\/vc_column][\/vc_row][vc_row][vc_column][vc_column_text]Mira el itinerario en Google Maps desde la salida A4 Padova EST Mira el itinerario en Google Maps desde el peaje Padova SUD[\/vc_column_text][\/vc_column][\/vc_row][vc_row][vc_column][vc_row_inner][vc_column_inner width=\u00bb7\/12&#8243; offset=\u00bbvc_col-md-8&#8243;][vc_column_text] En coche Para quien llega desde el sur (Rovigo \u2013 Ferrara): En [&hellip;]<\/p>\n","protected":false},"author":4,"featured_media":0,"parent":0,"menu_order":2,"comment_status":"closed","ping_status":"closed","template":"","meta":{"footnotes":""},"class_list":["post-12872","page","type-page","status-publish","hentry"],"yoast_head":"<!-- This site is optimized with the Yoast SEO plugin v27.1.1 - https:\/\/yoast.com\/product\/yoast-seo-wordpress\/ -->\n<title>PADUA | Dalpasso protesi oculari<\/title>\n<meta name=\"robots\" content=\"index, follow, max-snippet:-1, max-image-preview:large, max-video-preview:-1\" \/>\n<link rel=\"canonical\" href=\"https:\/\/www.dalpasso.it\/es\/padua\/\" \/>\n<meta property=\"og:locale\" content=\"es_ES\" \/>\n<meta property=\"og:type\" content=\"article\" \/>\n<meta property=\"og:title\" content=\"PADUA | Dalpasso protesi oculari\" \/>\n<meta property=\"og:description\" content=\"[vc_row][vc_column][vc_column_text]V.le della Navigazione Interna n\u00b051 (Zona Industrial \u2013 Padova Est) Tel.: (+39) 049.8077265 \u2013 Fax: 049.777046[\/vc_column_text][\/vc_column][\/vc_row][vc_row][vc_column][vc_gmaps link=\u00bb#E-8_JTNDaWZyYW1lJTIwc3JjJTNEJTIyaHR0cHMlM0ElMkYlMkZ3d3cuZ29vZ2xlLmNvbSUyRm1hcHMlMkZlbWJlZCUzRnBiJTNEJTIxMW0xOCUyMTFtMTIlMjExbTMlMjExZDI4MDEuMDMxMjkyNzY3MDI4NCUyMTJkMTEuOTI1ODM0NDE1Njc4NzQ4JTIxM2Q0NS40MDg3MDg1NDUxNjUyOCUyMTJtMyUyMTFmMCUyMTJmMCUyMTNmMCUyMTNtMiUyMTFpMTAyNCUyMTJpNzY4JTIxNGYxMy4xJTIxM20zJTIxMW0yJTIxMXMweDQ3N2VkYWM4ODlmMzMyN2QlMjUzQTB4NWI2Njk2OTRjMmM1YzhmNiUyMTJzVmlhbGUlMkJkZWxsYSUyQk5hdmlnYXppb25lJTJCSW50ZXJuYSUyNTJDJTJCUGFkb3ZhJTJCUEQlMjE1ZTAlMjEzbTIlMjExc2l0JTIxMnNpdCUyMTR2MTQ0NDc0MzExNTAyMCUyMiUyMHdpZHRoJTNEJTIyNjAwJTIyJTIwaGVpZ2h0JTNEJTIyNDUwJTIyJTIwZnJhbWVib3JkZXIlM0QlMjIwJTIyJTIwc3R5bGUlM0QlMjJib3JkZXIlM0EwJTIyJTIwYWxsb3dmdWxsc2NyZWVuJTNFJTNDJTJGaWZyYW1lJTNF\u00bb size=\u00bb400px\u00bb title=\u00bbPadua\u00bb][\/vc_column][\/vc_row][vc_row][vc_column][vc_column_text]Mira el itinerario en Google Maps desde la salida A4 Padova EST Mira el itinerario en Google Maps desde el peaje Padova SUD[\/vc_column_text][\/vc_column][\/vc_row][vc_row][vc_column][vc_row_inner][vc_column_inner width=\u00bb7\/12&#8243; offset=\u00bbvc_col-md-8&#8243;][vc_column_text] En coche Para quien llega desde el sur (Rovigo \u2013 Ferrara): En [&hellip;]\" \/>\n<meta property=\"og:url\" content=\"https:\/\/www.dalpasso.it\/es\/padua\/\" \/>\n<meta property=\"og:site_name\" content=\"Dalpasso protesi oculari\" \/>\n<meta property=\"article:modified_time\" content=\"2019-12-04T16:03:28+00:00\" \/>\n<meta name=\"twitter:card\" content=\"summary_large_image\" \/>\n<meta name=\"twitter:label1\" content=\"Tiempo de lectura\" \/>\n\t<meta name=\"twitter:data1\" content=\"2 minutos\" \/>\n<script type=\"application\/ld+json\" class=\"yoast-schema-graph\">{\"@context\":\"https:\/\/schema.org\",\"@graph\":[{\"@type\":\"WebPage\",\"@id\":\"https:\/\/www.dalpasso.it\/es\/padua\/\",\"url\":\"https:\/\/www.dalpasso.it\/es\/padua\/\",\"name\":\"PADUA | Dalpasso protesi oculari\",\"isPartOf\":{\"@id\":\"https:\/\/www.dalpasso.it\/es\/#website\"},\"datePublished\":\"2015-06-09T10:48:54+00:00\",\"dateModified\":\"2019-12-04T16:03:28+00:00\",\"breadcrumb\":{\"@id\":\"https:\/\/www.dalpasso.it\/es\/padua\/#breadcrumb\"},\"inLanguage\":\"es\",\"potentialAction\":[{\"@type\":\"ReadAction\",\"target\":[\"https:\/\/www.dalpasso.it\/es\/padua\/\"]}]},{\"@type\":\"BreadcrumbList\",\"@id\":\"https:\/\/www.dalpasso.it\/es\/padua\/#breadcrumb\",\"itemListElement\":[{\"@type\":\"ListItem\",\"position\":1,\"name\":\"Home\",\"item\":\"https:\/\/www.dalpasso.it\/es\/standard-business\/\"},{\"@type\":\"ListItem\",\"position\":2,\"name\":\"PADUA\"}]},{\"@type\":\"WebSite\",\"@id\":\"https:\/\/www.dalpasso.it\/es\/#website\",\"url\":\"https:\/\/www.dalpasso.it\/es\/\",\"name\":\"DALPASSO Protesi Oculari\",\"description\":\"\",\"potentialAction\":[{\"@type\":\"SearchAction\",\"target\":{\"@type\":\"EntryPoint\",\"urlTemplate\":\"https:\/\/www.dalpasso.it\/es\/?s={search_term_string}\"},\"query-input\":{\"@type\":\"PropertyValueSpecification\",\"valueRequired\":true,\"valueName\":\"search_term_string\"}}],\"inLanguage\":\"es\"}]}<\/script>\n<!-- \/ Yoast SEO plugin. -->","yoast_head_json":{"title":"PADUA | Dalpasso protesi oculari","robots":{"index":"index","follow":"follow","max-snippet":"max-snippet:-1","max-image-preview":"max-image-preview:large","max-video-preview":"max-video-preview:-1"},"canonical":"https:\/\/www.dalpasso.it\/es\/padua\/","og_locale":"es_ES","og_type":"article","og_title":"PADUA | Dalpasso protesi oculari","og_description":"[vc_row][vc_column][vc_column_text]V.le della Navigazione Interna n\u00b051 (Zona Industrial \u2013 Padova Est) Tel.: (+39) 049.8077265 \u2013 Fax: 049.777046[\/vc_column_text][\/vc_column][\/vc_row][vc_row][vc_column][vc_gmaps link=\u00bb#E-8_JTNDaWZyYW1lJTIwc3JjJTNEJTIyaHR0cHMlM0ElMkYlMkZ3d3cuZ29vZ2xlLmNvbSUyRm1hcHMlMkZlbWJlZCUzRnBiJTNEJTIxMW0xOCUyMTFtMTIlMjExbTMlMjExZDI4MDEuMDMxMjkyNzY3MDI4NCUyMTJkMTEuOTI1ODM0NDE1Njc4NzQ4JTIxM2Q0NS40MDg3MDg1NDUxNjUyOCUyMTJtMyUyMTFmMCUyMTJmMCUyMTNmMCUyMTNtMiUyMTFpMTAyNCUyMTJpNzY4JTIxNGYxMy4xJTIxM20zJTIxMW0yJTIxMXMweDQ3N2VkYWM4ODlmMzMyN2QlMjUzQTB4NWI2Njk2OTRjMmM1YzhmNiUyMTJzVmlhbGUlMkJkZWxsYSUyQk5hdmlnYXppb25lJTJCSW50ZXJuYSUyNTJDJTJCUGFkb3ZhJTJCUEQlMjE1ZTAlMjEzbTIlMjExc2l0JTIxMnNpdCUyMTR2MTQ0NDc0MzExNTAyMCUyMiUyMHdpZHRoJTNEJTIyNjAwJTIyJTIwaGVpZ2h0JTNEJTIyNDUwJTIyJTIwZnJhbWVib3JkZXIlM0QlMjIwJTIyJTIwc3R5bGUlM0QlMjJib3JkZXIlM0EwJTIyJTIwYWxsb3dmdWxsc2NyZWVuJTNFJTNDJTJGaWZyYW1lJTNF\u00bb size=\u00bb400px\u00bb title=\u00bbPadua\u00bb][\/vc_column][\/vc_row][vc_row][vc_column][vc_column_text]Mira el itinerario en Google Maps desde la salida A4 Padova EST Mira el itinerario en Google Maps desde el peaje Padova SUD[\/vc_column_text][\/vc_column][\/vc_row][vc_row][vc_column][vc_row_inner][vc_column_inner width=\u00bb7\/12&#8243; offset=\u00bbvc_col-md-8&#8243;][vc_column_text] En coche Para quien llega desde el sur (Rovigo \u2013 Ferrara): En [&hellip;]","og_url":"https:\/\/www.dalpasso.it\/es\/padua\/","og_site_name":"Dalpasso protesi oculari","article_modified_time":"2019-12-04T16:03:28+00:00","twitter_card":"summary_large_image","twitter_misc":{"Tiempo de lectura":"2 minutos"},"schema":{"@context":"https:\/\/schema.org","@graph":[{"@type":"WebPage","@id":"https:\/\/www.dalpasso.it\/es\/padua\/","url":"https:\/\/www.dalpasso.it\/es\/padua\/","name":"PADUA | Dalpasso protesi oculari","isPartOf":{"@id":"https:\/\/www.dalpasso.it\/es\/#website"},"datePublished":"2015-06-09T10:48:54+00:00","dateModified":"2019-12-04T16:03:28+00:00","breadcrumb":{"@id":"https:\/\/www.dalpasso.it\/es\/padua\/#breadcrumb"},"inLanguage":"es","potentialAction":[{"@type":"ReadAction","target":["https:\/\/www.dalpasso.it\/es\/padua\/"]}]},{"@type":"BreadcrumbList","@id":"https:\/\/www.dalpasso.it\/es\/padua\/#breadcrumb","itemListElement":[{"@type":"ListItem","position":1,"name":"Home","item":"https:\/\/www.dalpasso.it\/es\/standard-business\/"},{"@type":"ListItem","position":2,"name":"PADUA"}]},{"@type":"WebSite","@id":"https:\/\/www.dalpasso.it\/es\/#website","url":"https:\/\/www.dalpasso.it\/es\/","name":"DALPASSO Protesi Oculari","description":"","potentialAction":[{"@type":"SearchAction","target":{"@type":"EntryPoint","urlTemplate":"https:\/\/www.dalpasso.it\/es\/?s={search_term_string}"},"query-input":{"@type":"PropertyValueSpecification","valueRequired":true,"valueName":"search_term_string"}}],"inLanguage":"es"}]}},"_links":{"self":[{"href":"https:\/\/www.dalpasso.it\/es\/wp-json\/wp\/v2\/pages\/12872","targetHints":{"allow":["GET"]}}],"collection":[{"href":"https:\/\/www.dalpasso.it\/es\/wp-json\/wp\/v2\/pages"}],"about":[{"href":"https:\/\/www.dalpasso.it\/es\/wp-json\/wp\/v2\/types\/page"}],"author":[{"embeddable":true,"href":"https:\/\/www.dalpasso.it\/es\/wp-json\/wp\/v2\/users\/4"}],"replies":[{"embeddable":true,"href":"https:\/\/www.dalpasso.it\/es\/wp-json\/wp\/v2\/comments?post=12872"}],"version-history":[{"count":4,"href":"https:\/\/www.dalpasso.it\/es\/wp-json\/wp\/v2\/pages\/12872\/revisions"}],"predecessor-version":[{"id":18717,"href":"https:\/\/www.dalpasso.it\/es\/wp-json\/wp\/v2\/pages\/12872\/revisions\/18717"}],"wp:attachment":[{"href":"https:\/\/www.dalpasso.it\/es\/wp-json\/wp\/v2\/media?parent=12872"}],"curies":[{"name":"wp","href":"https:\/\/api.w.org\/{rel}","templated":true}]}}