{"id":12866,"date":"2015-06-09T13:44:01","date_gmt":"2015-06-09T11:44:01","guid":{"rendered":"http:\/\/www.dalpasso.it\/es\/reggio-emilia\/"},"modified":"2019-12-04T17:48:45","modified_gmt":"2019-12-04T16:48:45","slug":"reggio-emilia","status":"publish","type":"page","link":"https:\/\/www.dalpasso.it\/es\/reggio-emilia\/","title":{"rendered":"REGGIO EMILIA"},"content":{"rendered":"<div class=\"wpb-content-wrapper\">[vc_row][vc_column][vc_column_text][vc_row][vc_column width=\u00bb1\/1&#8243;][vc_column_text]<\/p>\n<p><strong>Via Giuseppe Turri 10<\/strong> 10 (Zona estaci\u00f3n de ferrocarriles) <strong>Tel.: (+39) 0522-453999 \/ 0522-433890 Fax: (+39) 0522\/1860231<\/strong><br \/>\nEl centro est\u00e1 abierto de lunes a viernes (de 9.00 a 18.00 horas).<\/p>\n<p>&nbsp;<\/p>\n<p>&#8211; Desde la Estaci\u00f3n Central de Ferrocarriles: 100 metros (2 min. a pie).<\/p>\n<p>&#8211; Desde la nueva Estaci\u00f3n AV Mediopadana: en coche, lanzadera, autob\u00fas o taxi: 6,8 km en 11 minutos.[\/vc_column_text][\/vc_column][\/vc_row][vc_row][vc_column][vc_gmaps link=\u00bb#E-8_JTNDaWZyYW1lJTIwc3JjJTNEJTIyaHR0cHMlM0ElMkYlMkZ3d3cuZ29vZ2xlLmNvbSUyRm1hcHMlMkZlbWJlZCUzRnBiJTNEJTIxMW0xOCUyMTFtMTIlMjExbTMlMjExZDI4MzYuMTM2MDQ2ODc1ODgzNSUyMTJkMTAuNjQzNTM4NjE1NjYwMjQ0JTIxM2Q0NC42OTY0MjEyOTIzNjM2NSUyMTJtMyUyMTFmMCUyMTJmMCUyMTNmMCUyMTNtMiUyMTFpMTAyNCUyMTJpNzY4JTIxNGYxMy4xJTIxM20zJTIxMW0yJTIxMXMweDQ3ODAxZGFjZTc3MTFkZmYlMjUzQTB4ODgxYTlmNTAzMjI0NzU3NyUyMTJzRGFscGFzc28lMkJQcm90ZXNpJTJCT2N1bGFyaSUyMTVlMCUyMTNtMiUyMTFzaXQlMjEyc2l0JTIxNHYxNDQ0NzI5MjE2ODE2JTIyJTIwd2lkdGglM0QlMjI2MDAlMjIlMjBoZWlnaHQlM0QlMjI0NTAlMjIlMjBmcmFtZWJvcmRlciUzRCUyMjAlMjIlMjBzdHlsZSUzRCUyMmJvcmRlciUzQTAlMjIlMjBhbGxvd2Z1bGxzY3JlZW4lM0UlM0MlMkZpZnJhbWUlM0U=\u00bb size=\u00bb400px\u00bb title=\u00bbReggio Emilia\u00bb][\/vc_column][\/vc_row][vc_row][vc_column][vc_column_text]<a href=\"https:\/\/www.google.it\/maps\/dir\/Casello+Autostrada+A1+Reggio+Emilia,+A1+Milano+-+Napoli,+Reggio+Emilia+RE\/Dalpasso+Protesi+Oculari,+Via+Turri+Giuseppe,+10,+Reggio+Emilia+RE\/@44.7127123,10.6389321,13z\/data=!4m14!4m13!1m5!1m1!1s0x47801c1fc8f20eef:0x46205249b923411!2m2!1d10.6310038!2d44.7257623!1m5!1m1!1s0x47801dace7711dff:0x881a9f5032247577!2m2!1d10.6457273!2d44.6964175!3e0\" target=\"_blank\" rel=\"noopener noreferrer\">Mira el itinerario en Google Maps desde la autopista<\/a><\/p>\n<p><a href=\"https:\/\/www.google.it\/maps\/dir\/Stazione+FS+Reggio+Emilia,+Via+Eritrea,+Reggio+Emilia,+RE\/Dalpasso+Protesi+Oculari,+Via+Turri+Giuseppe,+10,+42121+Reggio+Emilia+RE\/@44.6969136,10.6433829,18.25z\/data=!4m14!4m13!1m5!1m1!1s0x47801c52ef97f82d:0xd823f0e7f2378261!2m2!1d10.6431694!2d44.6975734!1m5!1m1!1s0x47801dace7711dff:0x881a9f5032247577!2m2!1d10.6457273!2d44.6964175!3e2\" target=\"_blank\" rel=\"noopener noreferrer\">Mira el itinerario en Google Maps desde la estaci\u00f3n central<\/a><\/p>\n<p><a href=\"https:\/\/www.google.it\/maps\/dir\/Stazione+Reggio+Emilia+AV+Mediopadana,+Via+Citt%C3%A0+del+Tricolore,+RE\/Dalpasso+Protesi+Oculari,+Via+Turri+Giuseppe,+10,+42121+Reggio+Emilia+RE\/@44.710289,10.6306732,14z\/data=!3m1!4b1!4m14!4m13!1m5!1m1!1s0x47801c2ab9649115:0x5b6d82191a75b91e!2m2!1d10.654603!2d44.725256!1m5!1m1!1s0x47801dace7711dff:0x881a9f5032247577!2m2!1d10.6457273!2d44.6964175!3e0\" target=\"_blank\" rel=\"noopener noreferrer\">Mira el itinerario en Google Maps desde la estaci\u00f3n Mediopadana AV<\/a><\/p>\n<p><a href=\"https:\/\/www.google.it\/maps\/dir\/San+Maurizio\/Dalpasso+Protesi+Oculari,+Via+Turri+Giuseppe,+10,+Reggio+Emilia+RE\/@44.6901964,10.6525169,15.25z\/data=!4m13!4m12!1m5!1m1!1s0x47801d764a14b7cb:0x633379eb9f901f74!2m2!1d10.6709793!2d44.6848184!1m5!1m1!1s0x47801dace7711dff:0x881a9f5032247577!2m2!1d10.6457273!2d44.6964175\" target=\"_blank\" rel=\"noopener noreferrer\">Mira el itinerario en Google Maps desde Modena<\/a><\/p>\n<p><a href=\"https:\/\/www.google.it\/maps\/dir\/44.7021664,10.6205597\/Dalpasso+Protesi+Oculari,+Via+Turri+Giuseppe,+10,+Reggio+Emilia+RE\/@44.6985568,10.6343347,14.96z\/data=!4m8!4m7!1m0!1m5!1m1!1s0x47801dace7711dff:0x881a9f5032247577!2m2!1d10.6457273!2d44.6964175\" target=\"_blank\" rel=\"noopener noreferrer\">Mira el itinerario en Google Maps desde Parma<\/a>[\/vc_column_text][\/vc_column][\/vc_row][vc_row][vc_column][vc_row_inner][vc_column_inner width=\u00bb7\/12&#8243; offset=\u00bbvc_col-md-8&#8243;][vc_column_text]<span style=\"color: #3092c9;\"><strong>En coche<\/strong><\/span><\/p>\n<ul>\n<li><span style=\"color: #000000;\">Autopista A1: Salida Reggio Emilia<\/span><\/li>\n<li><span style=\"color: #000000;\">Aeropuertos: Parma (27 km) y Bolonia (55 km)<\/span><\/li>\n<\/ul>\n<p>[\/vc_column_text][\/vc_column_inner][vc_column_inner width=\u00bb5\/12&#8243; offset=\u00bbvc_col-md-4&#8243;][vc_gmaps link=\u00bb#E-8_JTNDaWZyYW1lJTIwc3JjJTNEJTIyaHR0cHMlM0ElMkYlMkZ3d3cuZ29vZ2xlLmNvbSUyRm1hcHMlMkZlbWJlZCUzRnBiJTNEJTIxMW0yNCUyMTFtOCUyMTFtMyUyMTFkNDUzNjUuNDA4NDY3Mzk3MDclMjEyZDEwLjYzODkzMjElMjEzZDQ0LjcxMjcxMjMlMjEzbTIlMjExaTEwMjQlMjEyaTc2OCUyMTRmMTMuMSUyMTRtMTMlMjEzZTAlMjE0bTUlMjExczB4NDc4MDFjMWZjOGYyMGVlZiUyNTNBMHg0NjIwNTI0OWI5MjM0MTElMjEyc0Nhc2VsbG8lMjUyMEF1dG9zdHJhZGElMjUyMEExJTI1MjBSZWdnaW8lMjUyMEVtaWxpYSUyNTJDJTI1MjBBMSUyNTIwTWlsYW5vJTI1MjAtJTI1MjBOYXBvbGklMjUyQyUyNTIwUmVnZ2lvJTI1MjBFbWlsaWElMjUyMFJFJTIxM20yJTIxMWQ0NC43MjU3NjIzJTIxMmQxMC42MzEwMDM4JTIxNG01JTIxMXMweDQ3ODAxZGFjZTc3MTFkZmYlMjUzQTB4ODgxYTlmNTAzMjI0NzU3NyUyMTJzRGFscGFzc28lMjUyMFByb3Rlc2klMjUyME9jdWxhcmklMjUyQyUyNTIwVmlhJTI1MjBUdXJyaSUyNTIwR2l1c2VwcGUlMjUyQyUyNTIwMTAlMjUyQyUyNTIwUmVnZ2lvJTI1MjBFbWlsaWElMjUyMFJFJTIxM20yJTIxMWQ0NC42OTYzNzg3JTIxMmQxMC42NDU2OTY1JTIxNWUwJTIxM20yJTIxMXNlcyUyMTJzaXQlMjE0djE1NzU0Nzc4NjQ4ODIlMjE1bTIlMjExc2VzJTIxMnNpdCUyMiUyMHdpZHRoJTNEJTIyNjAwJTIyJTIwaGVpZ2h0JTNEJTIyNDUwJTIyJTIwZnJhbWVib3JkZXIlM0QlMjIwJTIyJTIwc3R5bGUlM0QlMjJib3JkZXIlM0EwJTNCJTIyJTIwYWxsb3dmdWxsc2NyZWVuJTNEJTIyJTIyJTNFJTNDJTJGaWZyYW1lJTNF\u00bb size=\u00bb240&#8243;][\/vc_column_inner][\/vc_row_inner][\/vc_column][\/vc_row]<\/div>","protected":false},"excerpt":{"rendered":"<p>[vc_row][vc_column][vc_column_text][vc_row][vc_column width=\u00bb1\/1&#8243;][vc_column_text] Via Giuseppe Turri 10 10 (Zona estaci\u00f3n de ferrocarriles) Tel.: (+39) 0522-453999 \/ 0522-433890 Fax: (+39) 0522\/1860231 El centro est\u00e1 abierto de lunes a viernes (de 9.00 a 18.00 horas). &nbsp; &#8211; Desde la Estaci\u00f3n Central de Ferrocarriles: 100 metros (2 min. a pie). &#8211; Desde la nueva Estaci\u00f3n AV Mediopadana: en coche, [&hellip;]<\/p>\n","protected":false},"author":4,"featured_media":0,"parent":0,"menu_order":2,"comment_status":"closed","ping_status":"closed","template":"","meta":{"footnotes":""},"class_list":["post-12866","page","type-page","status-publish","hentry"],"yoast_head":"<!-- This site is optimized with the Yoast SEO plugin v27.1.1 - https:\/\/yoast.com\/product\/yoast-seo-wordpress\/ -->\n<title>REGGIO EMILIA | Dalpasso protesi oculari<\/title>\n<meta name=\"robots\" content=\"index, follow, max-snippet:-1, max-image-preview:large, max-video-preview:-1\" \/>\n<link rel=\"canonical\" href=\"https:\/\/www.dalpasso.it\/es\/reggio-emilia\/\" \/>\n<meta property=\"og:locale\" content=\"es_ES\" \/>\n<meta property=\"og:type\" content=\"article\" \/>\n<meta property=\"og:title\" content=\"REGGIO EMILIA | Dalpasso protesi oculari\" \/>\n<meta property=\"og:description\" content=\"[vc_row][vc_column][vc_column_text][vc_row][vc_column width=\u00bb1\/1&#8243;][vc_column_text] Via Giuseppe Turri 10 10 (Zona estaci\u00f3n de ferrocarriles) Tel.: (+39) 0522-453999 \/ 0522-433890 Fax: (+39) 0522\/1860231 El centro est\u00e1 abierto de lunes a viernes (de 9.00 a 18.00 horas). &nbsp; &#8211; Desde la Estaci\u00f3n Central de Ferrocarriles: 100 metros (2 min. a pie). &#8211; Desde la nueva Estaci\u00f3n AV Mediopadana: en coche, [&hellip;]\" \/>\n<meta property=\"og:url\" content=\"https:\/\/www.dalpasso.it\/es\/reggio-emilia\/\" \/>\n<meta property=\"og:site_name\" content=\"Dalpasso protesi oculari\" \/>\n<meta property=\"article:modified_time\" content=\"2019-12-04T16:48:45+00:00\" \/>\n<meta name=\"twitter:card\" content=\"summary_large_image\" \/>\n<meta name=\"twitter:label1\" content=\"Tiempo de lectura\" \/>\n\t<meta name=\"twitter:data1\" content=\"2 minutos\" \/>\n<script type=\"application\/ld+json\" class=\"yoast-schema-graph\">{\"@context\":\"https:\/\/schema.org\",\"@graph\":[{\"@type\":\"WebPage\",\"@id\":\"https:\/\/www.dalpasso.it\/es\/reggio-emilia\/\",\"url\":\"https:\/\/www.dalpasso.it\/es\/reggio-emilia\/\",\"name\":\"REGGIO EMILIA | Dalpasso protesi oculari\",\"isPartOf\":{\"@id\":\"https:\/\/www.dalpasso.it\/es\/#website\"},\"datePublished\":\"2015-06-09T11:44:01+00:00\",\"dateModified\":\"2019-12-04T16:48:45+00:00\",\"breadcrumb\":{\"@id\":\"https:\/\/www.dalpasso.it\/es\/reggio-emilia\/#breadcrumb\"},\"inLanguage\":\"es\",\"potentialAction\":[{\"@type\":\"ReadAction\",\"target\":[\"https:\/\/www.dalpasso.it\/es\/reggio-emilia\/\"]}]},{\"@type\":\"BreadcrumbList\",\"@id\":\"https:\/\/www.dalpasso.it\/es\/reggio-emilia\/#breadcrumb\",\"itemListElement\":[{\"@type\":\"ListItem\",\"position\":1,\"name\":\"Home\",\"item\":\"https:\/\/www.dalpasso.it\/es\/standard-business\/\"},{\"@type\":\"ListItem\",\"position\":2,\"name\":\"REGGIO EMILIA\"}]},{\"@type\":\"WebSite\",\"@id\":\"https:\/\/www.dalpasso.it\/es\/#website\",\"url\":\"https:\/\/www.dalpasso.it\/es\/\",\"name\":\"DALPASSO Protesi Oculari\",\"description\":\"\",\"potentialAction\":[{\"@type\":\"SearchAction\",\"target\":{\"@type\":\"EntryPoint\",\"urlTemplate\":\"https:\/\/www.dalpasso.it\/es\/?s={search_term_string}\"},\"query-input\":{\"@type\":\"PropertyValueSpecification\",\"valueRequired\":true,\"valueName\":\"search_term_string\"}}],\"inLanguage\":\"es\"}]}<\/script>\n<!-- \/ Yoast SEO plugin. -->","yoast_head_json":{"title":"REGGIO EMILIA | Dalpasso protesi oculari","robots":{"index":"index","follow":"follow","max-snippet":"max-snippet:-1","max-image-preview":"max-image-preview:large","max-video-preview":"max-video-preview:-1"},"canonical":"https:\/\/www.dalpasso.it\/es\/reggio-emilia\/","og_locale":"es_ES","og_type":"article","og_title":"REGGIO EMILIA | Dalpasso protesi oculari","og_description":"[vc_row][vc_column][vc_column_text][vc_row][vc_column width=\u00bb1\/1&#8243;][vc_column_text] Via Giuseppe Turri 10 10 (Zona estaci\u00f3n de ferrocarriles) Tel.: (+39) 0522-453999 \/ 0522-433890 Fax: (+39) 0522\/1860231 El centro est\u00e1 abierto de lunes a viernes (de 9.00 a 18.00 horas). &nbsp; &#8211; Desde la Estaci\u00f3n Central de Ferrocarriles: 100 metros (2 min. a pie). &#8211; Desde la nueva Estaci\u00f3n AV Mediopadana: en coche, [&hellip;]","og_url":"https:\/\/www.dalpasso.it\/es\/reggio-emilia\/","og_site_name":"Dalpasso protesi oculari","article_modified_time":"2019-12-04T16:48:45+00:00","twitter_card":"summary_large_image","twitter_misc":{"Tiempo de lectura":"2 minutos"},"schema":{"@context":"https:\/\/schema.org","@graph":[{"@type":"WebPage","@id":"https:\/\/www.dalpasso.it\/es\/reggio-emilia\/","url":"https:\/\/www.dalpasso.it\/es\/reggio-emilia\/","name":"REGGIO EMILIA | Dalpasso protesi oculari","isPartOf":{"@id":"https:\/\/www.dalpasso.it\/es\/#website"},"datePublished":"2015-06-09T11:44:01+00:00","dateModified":"2019-12-04T16:48:45+00:00","breadcrumb":{"@id":"https:\/\/www.dalpasso.it\/es\/reggio-emilia\/#breadcrumb"},"inLanguage":"es","potentialAction":[{"@type":"ReadAction","target":["https:\/\/www.dalpasso.it\/es\/reggio-emilia\/"]}]},{"@type":"BreadcrumbList","@id":"https:\/\/www.dalpasso.it\/es\/reggio-emilia\/#breadcrumb","itemListElement":[{"@type":"ListItem","position":1,"name":"Home","item":"https:\/\/www.dalpasso.it\/es\/standard-business\/"},{"@type":"ListItem","position":2,"name":"REGGIO EMILIA"}]},{"@type":"WebSite","@id":"https:\/\/www.dalpasso.it\/es\/#website","url":"https:\/\/www.dalpasso.it\/es\/","name":"DALPASSO Protesi Oculari","description":"","potentialAction":[{"@type":"SearchAction","target":{"@type":"EntryPoint","urlTemplate":"https:\/\/www.dalpasso.it\/es\/?s={search_term_string}"},"query-input":{"@type":"PropertyValueSpecification","valueRequired":true,"valueName":"search_term_string"}}],"inLanguage":"es"}]}},"_links":{"self":[{"href":"https:\/\/www.dalpasso.it\/es\/wp-json\/wp\/v2\/pages\/12866","targetHints":{"allow":["GET"]}}],"collection":[{"href":"https:\/\/www.dalpasso.it\/es\/wp-json\/wp\/v2\/pages"}],"about":[{"href":"https:\/\/www.dalpasso.it\/es\/wp-json\/wp\/v2\/types\/page"}],"author":[{"embeddable":true,"href":"https:\/\/www.dalpasso.it\/es\/wp-json\/wp\/v2\/users\/4"}],"replies":[{"embeddable":true,"href":"https:\/\/www.dalpasso.it\/es\/wp-json\/wp\/v2\/comments?post=12866"}],"version-history":[{"count":5,"href":"https:\/\/www.dalpasso.it\/es\/wp-json\/wp\/v2\/pages\/12866\/revisions"}],"predecessor-version":[{"id":18737,"href":"https:\/\/www.dalpasso.it\/es\/wp-json\/wp\/v2\/pages\/12866\/revisions\/18737"}],"wp:attachment":[{"href":"https:\/\/www.dalpasso.it\/es\/wp-json\/wp\/v2\/media?parent=12866"}],"curies":[{"name":"wp","href":"https:\/\/api.w.org\/{rel}","templated":true}]}}