{"id":17580,"date":"2019-05-09T14:25:35","date_gmt":"2019-05-09T12:25:35","guid":{"rendered":"https:\/\/www.dalpasso.it\/?page_id=17580"},"modified":"2019-08-01T14:38:56","modified_gmt":"2019-08-01T12:38:56","slug":"krankenhausschulungen","status":"publish","type":"page","link":"https:\/\/www.dalpasso.it\/de\/events\/krankenhausschulungen\/","title":{"rendered":"KRANKENHAUSSCHULUNGEN"},"content":{"rendered":"<div class=\"wpb-content-wrapper\">[vc_row full_width=&#8220;stretch_row_content_no_spaces&#8220; css=&#8220;.vc_custom_1557328907360{margin-top: -41px !important;}&#8220;][vc_column][vc_single_image image=&#8220;17630&#8243; img_size=&#8220;full&#8220; alignment=&#8220;center&#8220; css=&#8220;.vc_custom_1557329088406{padding-top: -41px !important;}&#8220;][\/vc_column][\/vc_row][vc_row css=&#8220;.vc_custom_1557155189931{margin-bottom: 20px !important;}&#8220;][vc_column][vc_separator color=&#8220;white&#8220; css=&#8220;.vc_custom_1557318409406{padding-top: 10px !important;padding-bottom: 10px !important;}&#8220;][vc_column_text]Regelm\u00e4\u00dfig organisiert <strong>DALPASSO Protesi Oculari<\/strong> Schulungen f\u00fcr medizinisches und pflegerisches Personal auf den augen\u00e4rztlichen Abteilungen aller italienischen Krankenh\u00e4user. Die Mitarbeiter der augen\u00e4rztlichen Abteilungen erhalten eine angemessene und st\u00e4ndige gesundheits- und prothetische Ausbildung im Management des anophthalmischen Patienten. Dar\u00fcber hinaus erh\u00e4lt das Personal der augen\u00e4rztlichen Abteilungen Informationen zu den Unterlagen, die f\u00fcr die Vereinbarung mit dem Nationalen Gesundheitsdienst erforderlich sind.<\/p>\n<p>Das Management von p\u00e4diatrischen Patienten ist sehr genau. <strong>llaria Dalpasso<\/strong> ist ausgebildete Optikerin und Okularistin, Expertin f\u00fcr Patientenmanagement, die Schulungen organisiert und durchf\u00fchrt.[\/vc_column_text][\/vc_column][\/vc_row][vc_row][vc_column width=&#8220;1\/2&#8243;][vc_text_separator title=&#8220;Corso Formazione \u2013 U.O. Chirurgia Maxillo-Facciale Azienda Ospedaliero-Universitaria Firenze Careggi&#8220;][vc_video link=&#8220;https:\/\/youtu.be\/-9uJzG3JtwU&#8220; align=&#8220;center&#8220;][\/vc_column][vc_column width=&#8220;1\/2&#8243;][vc_text_separator title=&#8220;Congresso &#8222;Oculistica Pediatrica Pratica&#8222;, Roma 21 giugno 2019 \u2013 &#8222;Gusci sclerali per microftalmi congeniti e bulbi subatrofici&#8222;&#8220;][vc_video link=&#8220;https:\/\/youtu.be\/Ggo2w2FjoWY&#8220; align=&#8220;center&#8220;][\/vc_column][\/vc_row][vc_row][vc_column][vc_separator color=&#8220;white&#8220;][\/vc_column][\/vc_row][vc_row][vc_column width=&#8220;1\/2&#8243;][vc_text_separator title=&#8220;Congresso &#8222;Ipovisione dall&#8217;ABC&#8230;alla L&#8222;, Cesena 9 marzo 2019 \u2013 &#8222;Protesi oculari: stato dell&#8217;arte&#8222;&#8220; css=&#8220;.vc_custom_1564472237808{padding-top: 8px !important;padding-bottom: 8px !important;}&#8220;][vc_video link=&#8220;https:\/\/youtu.be\/9E1xdcg_nG8&#8243;][\/vc_column][vc_column width=&#8220;1\/2&#8243;][vc_text_separator title=&#8220;Dalpasso Protesi Oculari &amp; Clinica Oculistica Univer. Policlinico Umberto I Roma&#8220; css=&#8220;.vc_custom_1554301719492{padding-top: 8px !important;padding-bottom: 8px !important;}&#8220;][vc_video link=&#8220;https:\/\/youtu.be\/qa9i3X5w1MY&#8220;][\/vc_column][\/vc_row][vc_row][vc_column][vc_separator color=&#8220;white&#8220;][\/vc_column][\/vc_row][vc_row][vc_column width=&#8220;1\/2&#8243;][vc_text_separator title=&#8220;Corso Formazione \u2013 U.O. Oculistica Ospedale Firenze Careggi&#8220;][vc_video link=&#8220;https:\/\/youtu.be\/ZONlsBckCKQ&#8220;][\/vc_column][vc_column width=&#8220;1\/2&#8243;][vc_text_separator title=&#8220;Dalpasso Protesi Oculari &amp; Clinica Oculistica Univ. Verona: &#8222;Chirurgia demolitiva e Protesi Oculare&#8222;&#8220;][vc_video link=&#8220;https:\/\/youtu.be\/dIvKc9R1tiU&#8220;][\/vc_column][\/vc_row][vc_row][vc_column][vc_separator color=&#8220;white&#8220;][\/vc_column][\/vc_row][vc_row][vc_column width=&#8220;1\/2&#8243;][vc_text_separator title=&#8220;Corso Formazione \u2013 U.O. Oculistica Ospedale Maggiore Bologna&#8220;][vc_video link=&#8220;https:\/\/youtu.be\/2xuOXw4fcDM&#8220; align=&#8220;center&#8220;][\/vc_column][vc_column width=&#8220;1\/2&#8243;][\/vc_column][\/vc_row][vc_row][vc_column][vc_separator color=&#8220;white&#8220;][\/vc_column][\/vc_row]<\/div>","protected":false},"excerpt":{"rendered":"<p>[vc_row full_width=&#8220;stretch_row_content_no_spaces&#8220; css=&#8220;.vc_custom_1557328907360{margin-top: -41px !important;}&#8220;][vc_column][vc_single_image image=&#8220;17630&#8243; img_size=&#8220;full&#8220; alignment=&#8220;center&#8220; css=&#8220;.vc_custom_1557329088406{padding-top: -41px !important;}&#8220;][\/vc_column][\/vc_row][vc_row css=&#8220;.vc_custom_1557155189931{margin-bottom: 20px !important;}&#8220;][vc_column][vc_separator color=&#8220;white&#8220; css=&#8220;.vc_custom_1557318409406{padding-top: 10px !important;padding-bottom: 10px !important;}&#8220;][vc_column_text]Regelm\u00e4\u00dfig organisiert DALPASSO Protesi Oculari Schulungen f\u00fcr medizinisches und pflegerisches Personal auf den augen\u00e4rztlichen Abteilungen aller italienischen Krankenh\u00e4user. Die Mitarbeiter der augen\u00e4rztlichen Abteilungen erhalten eine angemessene und st\u00e4ndige gesundheits- und prothetische Ausbildung im Management des anophthalmischen [&hellip;]<\/p>\n","protected":false},"author":1,"featured_media":0,"parent":11620,"menu_order":0,"comment_status":"closed","ping_status":"closed","template":"","meta":{"footnotes":""},"class_list":["post-17580","page","type-page","status-publish","hentry"],"yoast_head":"<!-- This site is optimized with the Yoast SEO plugin v27.1.1 - https:\/\/yoast.com\/product\/yoast-seo-wordpress\/ -->\n<title>KRANKENHAUSSCHULUNGEN | Dalpasso protesi oculari<\/title>\n<meta name=\"robots\" content=\"index, follow, max-snippet:-1, max-image-preview:large, max-video-preview:-1\" \/>\n<link rel=\"canonical\" href=\"https:\/\/www.dalpasso.it\/de\/events\/krankenhausschulungen\/\" \/>\n<meta property=\"og:locale\" content=\"de_DE\" \/>\n<meta property=\"og:type\" content=\"article\" \/>\n<meta property=\"og:title\" content=\"KRANKENHAUSSCHULUNGEN | Dalpasso protesi oculari\" \/>\n<meta property=\"og:description\" content=\"[vc_row full_width=&#8220;stretch_row_content_no_spaces&#8220; css=&#8220;.vc_custom_1557328907360{margin-top: -41px !important;}&#8220;][vc_column][vc_single_image image=&#8220;17630&#8243; img_size=&#8220;full&#8220; alignment=&#8220;center&#8220; css=&#8220;.vc_custom_1557329088406{padding-top: -41px !important;}&#8220;][\/vc_column][\/vc_row][vc_row css=&#8220;.vc_custom_1557155189931{margin-bottom: 20px !important;}&#8220;][vc_column][vc_separator color=&#8220;white&#8220; css=&#8220;.vc_custom_1557318409406{padding-top: 10px !important;padding-bottom: 10px !important;}&#8220;][vc_column_text]Regelm\u00e4\u00dfig organisiert DALPASSO Protesi Oculari Schulungen f\u00fcr medizinisches und pflegerisches Personal auf den augen\u00e4rztlichen Abteilungen aller italienischen Krankenh\u00e4user. Die Mitarbeiter der augen\u00e4rztlichen Abteilungen erhalten eine angemessene und st\u00e4ndige gesundheits- und prothetische Ausbildung im Management des anophthalmischen [&hellip;]\" \/>\n<meta property=\"og:url\" content=\"https:\/\/www.dalpasso.it\/de\/events\/krankenhausschulungen\/\" \/>\n<meta property=\"og:site_name\" content=\"Dalpasso protesi oculari\" \/>\n<meta property=\"article:modified_time\" content=\"2019-08-01T12:38:56+00:00\" \/>\n<meta name=\"twitter:card\" content=\"summary_large_image\" \/>\n<meta name=\"twitter:label1\" content=\"Gesch\u00e4tzte Lesezeit\" \/>\n\t<meta name=\"twitter:data1\" content=\"2\u00a0Minuten\" \/>\n<script type=\"application\/ld+json\" class=\"yoast-schema-graph\">{\"@context\":\"https:\/\/schema.org\",\"@graph\":[{\"@type\":\"WebPage\",\"@id\":\"https:\/\/www.dalpasso.it\/de\/events\/krankenhausschulungen\/\",\"url\":\"https:\/\/www.dalpasso.it\/de\/events\/krankenhausschulungen\/\",\"name\":\"KRANKENHAUSSCHULUNGEN | Dalpasso protesi oculari\",\"isPartOf\":{\"@id\":\"https:\/\/www.dalpasso.it\/de\/#website\"},\"datePublished\":\"2019-05-09T12:25:35+00:00\",\"dateModified\":\"2019-08-01T12:38:56+00:00\",\"breadcrumb\":{\"@id\":\"https:\/\/www.dalpasso.it\/de\/events\/krankenhausschulungen\/#breadcrumb\"},\"inLanguage\":\"de\",\"potentialAction\":[{\"@type\":\"ReadAction\",\"target\":[\"https:\/\/www.dalpasso.it\/de\/events\/krankenhausschulungen\/\"]}]},{\"@type\":\"BreadcrumbList\",\"@id\":\"https:\/\/www.dalpasso.it\/de\/events\/krankenhausschulungen\/#breadcrumb\",\"itemListElement\":[{\"@type\":\"ListItem\",\"position\":1,\"name\":\"Home\",\"item\":\"https:\/\/www.dalpasso.it\/de\/home\/\"},{\"@type\":\"ListItem\",\"position\":2,\"name\":\"EVENTS\",\"item\":\"https:\/\/www.dalpasso.it\/de\/events\/\"},{\"@type\":\"ListItem\",\"position\":3,\"name\":\"KRANKENHAUSSCHULUNGEN\"}]},{\"@type\":\"WebSite\",\"@id\":\"https:\/\/www.dalpasso.it\/de\/#website\",\"url\":\"https:\/\/www.dalpasso.it\/de\/\",\"name\":\"DALPASSO Protesi Oculari\",\"description\":\"\",\"potentialAction\":[{\"@type\":\"SearchAction\",\"target\":{\"@type\":\"EntryPoint\",\"urlTemplate\":\"https:\/\/www.dalpasso.it\/de\/?s={search_term_string}\"},\"query-input\":{\"@type\":\"PropertyValueSpecification\",\"valueRequired\":true,\"valueName\":\"search_term_string\"}}],\"inLanguage\":\"de\"}]}<\/script>\n<!-- \/ Yoast SEO plugin. -->","yoast_head_json":{"title":"KRANKENHAUSSCHULUNGEN | Dalpasso protesi oculari","robots":{"index":"index","follow":"follow","max-snippet":"max-snippet:-1","max-image-preview":"max-image-preview:large","max-video-preview":"max-video-preview:-1"},"canonical":"https:\/\/www.dalpasso.it\/de\/events\/krankenhausschulungen\/","og_locale":"de_DE","og_type":"article","og_title":"KRANKENHAUSSCHULUNGEN | Dalpasso protesi oculari","og_description":"[vc_row full_width=&#8220;stretch_row_content_no_spaces&#8220; css=&#8220;.vc_custom_1557328907360{margin-top: -41px !important;}&#8220;][vc_column][vc_single_image image=&#8220;17630&#8243; img_size=&#8220;full&#8220; alignment=&#8220;center&#8220; css=&#8220;.vc_custom_1557329088406{padding-top: -41px !important;}&#8220;][\/vc_column][\/vc_row][vc_row css=&#8220;.vc_custom_1557155189931{margin-bottom: 20px !important;}&#8220;][vc_column][vc_separator color=&#8220;white&#8220; css=&#8220;.vc_custom_1557318409406{padding-top: 10px !important;padding-bottom: 10px !important;}&#8220;][vc_column_text]Regelm\u00e4\u00dfig organisiert DALPASSO Protesi Oculari Schulungen f\u00fcr medizinisches und pflegerisches Personal auf den augen\u00e4rztlichen Abteilungen aller italienischen Krankenh\u00e4user. Die Mitarbeiter der augen\u00e4rztlichen Abteilungen erhalten eine angemessene und st\u00e4ndige gesundheits- und prothetische Ausbildung im Management des anophthalmischen [&hellip;]","og_url":"https:\/\/www.dalpasso.it\/de\/events\/krankenhausschulungen\/","og_site_name":"Dalpasso protesi oculari","article_modified_time":"2019-08-01T12:38:56+00:00","twitter_card":"summary_large_image","twitter_misc":{"Gesch\u00e4tzte Lesezeit":"2\u00a0Minuten"},"schema":{"@context":"https:\/\/schema.org","@graph":[{"@type":"WebPage","@id":"https:\/\/www.dalpasso.it\/de\/events\/krankenhausschulungen\/","url":"https:\/\/www.dalpasso.it\/de\/events\/krankenhausschulungen\/","name":"KRANKENHAUSSCHULUNGEN | Dalpasso protesi oculari","isPartOf":{"@id":"https:\/\/www.dalpasso.it\/de\/#website"},"datePublished":"2019-05-09T12:25:35+00:00","dateModified":"2019-08-01T12:38:56+00:00","breadcrumb":{"@id":"https:\/\/www.dalpasso.it\/de\/events\/krankenhausschulungen\/#breadcrumb"},"inLanguage":"de","potentialAction":[{"@type":"ReadAction","target":["https:\/\/www.dalpasso.it\/de\/events\/krankenhausschulungen\/"]}]},{"@type":"BreadcrumbList","@id":"https:\/\/www.dalpasso.it\/de\/events\/krankenhausschulungen\/#breadcrumb","itemListElement":[{"@type":"ListItem","position":1,"name":"Home","item":"https:\/\/www.dalpasso.it\/de\/home\/"},{"@type":"ListItem","position":2,"name":"EVENTS","item":"https:\/\/www.dalpasso.it\/de\/events\/"},{"@type":"ListItem","position":3,"name":"KRANKENHAUSSCHULUNGEN"}]},{"@type":"WebSite","@id":"https:\/\/www.dalpasso.it\/de\/#website","url":"https:\/\/www.dalpasso.it\/de\/","name":"DALPASSO Protesi Oculari","description":"","potentialAction":[{"@type":"SearchAction","target":{"@type":"EntryPoint","urlTemplate":"https:\/\/www.dalpasso.it\/de\/?s={search_term_string}"},"query-input":{"@type":"PropertyValueSpecification","valueRequired":true,"valueName":"search_term_string"}}],"inLanguage":"de"}]}},"_links":{"self":[{"href":"https:\/\/www.dalpasso.it\/de\/wp-json\/wp\/v2\/pages\/17580","targetHints":{"allow":["GET"]}}],"collection":[{"href":"https:\/\/www.dalpasso.it\/de\/wp-json\/wp\/v2\/pages"}],"about":[{"href":"https:\/\/www.dalpasso.it\/de\/wp-json\/wp\/v2\/types\/page"}],"author":[{"embeddable":true,"href":"https:\/\/www.dalpasso.it\/de\/wp-json\/wp\/v2\/users\/1"}],"replies":[{"embeddable":true,"href":"https:\/\/www.dalpasso.it\/de\/wp-json\/wp\/v2\/comments?post=17580"}],"version-history":[{"count":5,"href":"https:\/\/www.dalpasso.it\/de\/wp-json\/wp\/v2\/pages\/17580\/revisions"}],"predecessor-version":[{"id":18331,"href":"https:\/\/www.dalpasso.it\/de\/wp-json\/wp\/v2\/pages\/17580\/revisions\/18331"}],"up":[{"embeddable":true,"href":"https:\/\/www.dalpasso.it\/de\/wp-json\/wp\/v2\/pages\/11620"}],"wp:attachment":[{"href":"https:\/\/www.dalpasso.it\/de\/wp-json\/wp\/v2\/media?parent=17580"}],"curies":[{"name":"wp","href":"https:\/\/api.w.org\/{rel}","templated":true}]}}