{"id":11710,"date":"2015-11-03T16:15:38","date_gmt":"2015-11-03T15:15:38","guid":{"rendered":"http:\/\/www.dalpasso.it\/de\/testimonial\/roberto-bettelli-vignola\/"},"modified":"2015-12-01T13:13:26","modified_gmt":"2015-12-01T12:13:26","slug":"roberto-bettelli-vignola","status":"publish","type":"page","link":"https:\/\/www.dalpasso.it\/de\/testimonial\/roberto-bettelli-vignola\/","title":{"rendered":"Roberto Bettelli (Vignola)"},"content":{"rendered":"<div class=\"wpb-content-wrapper\">[vc_row][vc_column width=&#8220;1\/4&#8243;][vc_single_image image=&#8220;10383&#8243; border_color=&#8220;grey&#8220; img_link_target=&#8220;_self&#8220; img_size=&#8220;medium&#8220; img_link_large=&#8220;yes&#8220; el_class=&#8220;prettyPhoto&#8220;][\/vc_column][vc_column width=&#8220;1\/2&#8243;][vc_column_text]Dank der ausgezeichneten Prothese von Dalpasso habe ich mein Selbstvertrauen wiedergefunden, das ich nach der Enukleation meines rechten Auges v\u00f6llig verloren hatte.<\/p>\n<p>Bevor ich die Prothese erhielt, f\u00fchlte ich mich st\u00e4ndig beobachtet und es war mir unangenehm, unter Menschen zu gehen.<\/p>\n<p>Vielen Dank an alle Mitarbeiter f\u00fcr die ausgezeichnete Leistung und die entgegengebrachte Herzlichkeit.<\/p>\n<p>Roberto Bettelli \u2013 Vignola (MO).[\/vc_column_text][\/vc_column][\/vc_row]<\/div>","protected":false},"excerpt":{"rendered":"<p>[vc_row][vc_column width=&#8220;1\/4&#8243;][vc_single_image image=&#8220;10383&#8243; border_color=&#8220;grey&#8220; img_link_target=&#8220;_self&#8220; img_size=&#8220;medium&#8220; img_link_large=&#8220;yes&#8220; el_class=&#8220;prettyPhoto&#8220;][\/vc_column][vc_column width=&#8220;1\/2&#8243;][vc_column_text]Dank der ausgezeichneten Prothese von Dalpasso habe ich mein Selbstvertrauen wiedergefunden, das ich nach der Enukleation meines rechten Auges v\u00f6llig verloren hatte. Bevor ich die Prothese erhielt, f\u00fchlte ich mich st\u00e4ndig beobachtet und es war mir unangenehm, unter Menschen zu gehen. Vielen Dank an alle Mitarbeiter f\u00fcr [&hellip;]<\/p>\n","protected":false},"author":4,"featured_media":0,"parent":10876,"menu_order":0,"comment_status":"closed","ping_status":"closed","template":"","meta":{"footnotes":""},"class_list":["post-11710","page","type-page","status-publish","hentry"],"yoast_head":"<!-- This site is optimized with the Yoast SEO plugin v27.1.1 - https:\/\/yoast.com\/product\/yoast-seo-wordpress\/ -->\n<title>Roberto Bettelli (Vignola) | Dalpasso protesi oculari<\/title>\n<meta name=\"robots\" content=\"index, follow, max-snippet:-1, max-image-preview:large, max-video-preview:-1\" \/>\n<link rel=\"canonical\" href=\"https:\/\/www.dalpasso.it\/de\/testimonial\/roberto-bettelli-vignola\/\" \/>\n<meta property=\"og:locale\" content=\"de_DE\" \/>\n<meta property=\"og:type\" content=\"article\" \/>\n<meta property=\"og:title\" content=\"Roberto Bettelli (Vignola) | Dalpasso protesi oculari\" \/>\n<meta property=\"og:description\" content=\"[vc_row][vc_column width=&#8220;1\/4&#8243;][vc_single_image image=&#8220;10383&#8243; border_color=&#8220;grey&#8220; img_link_target=&#8220;_self&#8220; img_size=&#8220;medium&#8220; img_link_large=&#8220;yes&#8220; el_class=&#8220;prettyPhoto&#8220;][\/vc_column][vc_column width=&#8220;1\/2&#8243;][vc_column_text]Dank der ausgezeichneten Prothese von Dalpasso habe ich mein Selbstvertrauen wiedergefunden, das ich nach der Enukleation meines rechten Auges v\u00f6llig verloren hatte. Bevor ich die Prothese erhielt, f\u00fchlte ich mich st\u00e4ndig beobachtet und es war mir unangenehm, unter Menschen zu gehen. Vielen Dank an alle Mitarbeiter f\u00fcr [&hellip;]\" \/>\n<meta property=\"og:url\" content=\"https:\/\/www.dalpasso.it\/de\/testimonial\/roberto-bettelli-vignola\/\" \/>\n<meta property=\"og:site_name\" content=\"Dalpasso protesi oculari\" \/>\n<meta property=\"article:modified_time\" content=\"2015-12-01T12:13:26+00:00\" \/>\n<meta name=\"twitter:card\" content=\"summary_large_image\" \/>\n<meta name=\"twitter:label1\" content=\"Gesch\u00e4tzte Lesezeit\" \/>\n\t<meta name=\"twitter:data1\" content=\"1\u00a0Minute\" \/>\n<script type=\"application\/ld+json\" class=\"yoast-schema-graph\">{\"@context\":\"https:\/\/schema.org\",\"@graph\":[{\"@type\":\"WebPage\",\"@id\":\"https:\/\/www.dalpasso.it\/de\/testimonial\/roberto-bettelli-vignola\/\",\"url\":\"https:\/\/www.dalpasso.it\/de\/testimonial\/roberto-bettelli-vignola\/\",\"name\":\"Roberto Bettelli (Vignola) | Dalpasso protesi oculari\",\"isPartOf\":{\"@id\":\"https:\/\/www.dalpasso.it\/de\/#website\"},\"datePublished\":\"2015-11-03T15:15:38+00:00\",\"dateModified\":\"2015-12-01T12:13:26+00:00\",\"breadcrumb\":{\"@id\":\"https:\/\/www.dalpasso.it\/de\/testimonial\/roberto-bettelli-vignola\/#breadcrumb\"},\"inLanguage\":\"de\",\"potentialAction\":[{\"@type\":\"ReadAction\",\"target\":[\"https:\/\/www.dalpasso.it\/de\/testimonial\/roberto-bettelli-vignola\/\"]}]},{\"@type\":\"BreadcrumbList\",\"@id\":\"https:\/\/www.dalpasso.it\/de\/testimonial\/roberto-bettelli-vignola\/#breadcrumb\",\"itemListElement\":[{\"@type\":\"ListItem\",\"position\":1,\"name\":\"Home\",\"item\":\"https:\/\/www.dalpasso.it\/de\/home\/\"},{\"@type\":\"ListItem\",\"position\":2,\"name\":\"TESTIMONIAL\",\"item\":\"https:\/\/www.dalpasso.it\/de\/testimonial\/\"},{\"@type\":\"ListItem\",\"position\":3,\"name\":\"Roberto Bettelli (Vignola)\"}]},{\"@type\":\"WebSite\",\"@id\":\"https:\/\/www.dalpasso.it\/de\/#website\",\"url\":\"https:\/\/www.dalpasso.it\/de\/\",\"name\":\"DALPASSO Protesi Oculari\",\"description\":\"\",\"potentialAction\":[{\"@type\":\"SearchAction\",\"target\":{\"@type\":\"EntryPoint\",\"urlTemplate\":\"https:\/\/www.dalpasso.it\/de\/?s={search_term_string}\"},\"query-input\":{\"@type\":\"PropertyValueSpecification\",\"valueRequired\":true,\"valueName\":\"search_term_string\"}}],\"inLanguage\":\"de\"}]}<\/script>\n<!-- \/ Yoast SEO plugin. -->","yoast_head_json":{"title":"Roberto Bettelli (Vignola) | Dalpasso protesi oculari","robots":{"index":"index","follow":"follow","max-snippet":"max-snippet:-1","max-image-preview":"max-image-preview:large","max-video-preview":"max-video-preview:-1"},"canonical":"https:\/\/www.dalpasso.it\/de\/testimonial\/roberto-bettelli-vignola\/","og_locale":"de_DE","og_type":"article","og_title":"Roberto Bettelli (Vignola) | Dalpasso protesi oculari","og_description":"[vc_row][vc_column width=&#8220;1\/4&#8243;][vc_single_image image=&#8220;10383&#8243; border_color=&#8220;grey&#8220; img_link_target=&#8220;_self&#8220; img_size=&#8220;medium&#8220; img_link_large=&#8220;yes&#8220; el_class=&#8220;prettyPhoto&#8220;][\/vc_column][vc_column width=&#8220;1\/2&#8243;][vc_column_text]Dank der ausgezeichneten Prothese von Dalpasso habe ich mein Selbstvertrauen wiedergefunden, das ich nach der Enukleation meines rechten Auges v\u00f6llig verloren hatte. Bevor ich die Prothese erhielt, f\u00fchlte ich mich st\u00e4ndig beobachtet und es war mir unangenehm, unter Menschen zu gehen. Vielen Dank an alle Mitarbeiter f\u00fcr [&hellip;]","og_url":"https:\/\/www.dalpasso.it\/de\/testimonial\/roberto-bettelli-vignola\/","og_site_name":"Dalpasso protesi oculari","article_modified_time":"2015-12-01T12:13:26+00:00","twitter_card":"summary_large_image","twitter_misc":{"Gesch\u00e4tzte Lesezeit":"1\u00a0Minute"},"schema":{"@context":"https:\/\/schema.org","@graph":[{"@type":"WebPage","@id":"https:\/\/www.dalpasso.it\/de\/testimonial\/roberto-bettelli-vignola\/","url":"https:\/\/www.dalpasso.it\/de\/testimonial\/roberto-bettelli-vignola\/","name":"Roberto Bettelli (Vignola) | Dalpasso protesi oculari","isPartOf":{"@id":"https:\/\/www.dalpasso.it\/de\/#website"},"datePublished":"2015-11-03T15:15:38+00:00","dateModified":"2015-12-01T12:13:26+00:00","breadcrumb":{"@id":"https:\/\/www.dalpasso.it\/de\/testimonial\/roberto-bettelli-vignola\/#breadcrumb"},"inLanguage":"de","potentialAction":[{"@type":"ReadAction","target":["https:\/\/www.dalpasso.it\/de\/testimonial\/roberto-bettelli-vignola\/"]}]},{"@type":"BreadcrumbList","@id":"https:\/\/www.dalpasso.it\/de\/testimonial\/roberto-bettelli-vignola\/#breadcrumb","itemListElement":[{"@type":"ListItem","position":1,"name":"Home","item":"https:\/\/www.dalpasso.it\/de\/home\/"},{"@type":"ListItem","position":2,"name":"TESTIMONIAL","item":"https:\/\/www.dalpasso.it\/de\/testimonial\/"},{"@type":"ListItem","position":3,"name":"Roberto Bettelli (Vignola)"}]},{"@type":"WebSite","@id":"https:\/\/www.dalpasso.it\/de\/#website","url":"https:\/\/www.dalpasso.it\/de\/","name":"DALPASSO Protesi Oculari","description":"","potentialAction":[{"@type":"SearchAction","target":{"@type":"EntryPoint","urlTemplate":"https:\/\/www.dalpasso.it\/de\/?s={search_term_string}"},"query-input":{"@type":"PropertyValueSpecification","valueRequired":true,"valueName":"search_term_string"}}],"inLanguage":"de"}]}},"_links":{"self":[{"href":"https:\/\/www.dalpasso.it\/de\/wp-json\/wp\/v2\/pages\/11710","targetHints":{"allow":["GET"]}}],"collection":[{"href":"https:\/\/www.dalpasso.it\/de\/wp-json\/wp\/v2\/pages"}],"about":[{"href":"https:\/\/www.dalpasso.it\/de\/wp-json\/wp\/v2\/types\/page"}],"author":[{"embeddable":true,"href":"https:\/\/www.dalpasso.it\/de\/wp-json\/wp\/v2\/users\/4"}],"replies":[{"embeddable":true,"href":"https:\/\/www.dalpasso.it\/de\/wp-json\/wp\/v2\/comments?post=11710"}],"version-history":[{"count":1,"href":"https:\/\/www.dalpasso.it\/de\/wp-json\/wp\/v2\/pages\/11710\/revisions"}],"predecessor-version":[{"id":13163,"href":"https:\/\/www.dalpasso.it\/de\/wp-json\/wp\/v2\/pages\/11710\/revisions\/13163"}],"up":[{"embeddable":true,"href":"https:\/\/www.dalpasso.it\/de\/wp-json\/wp\/v2\/pages\/10876"}],"wp:attachment":[{"href":"https:\/\/www.dalpasso.it\/de\/wp-json\/wp\/v2\/media?parent=11710"}],"curies":[{"name":"wp","href":"https:\/\/api.w.org\/{rel}","templated":true}]}}