{"id":11592,"date":"2015-11-25T16:53:39","date_gmt":"2015-11-25T15:53:39","guid":{"rendered":"http:\/\/www.dalpasso.it\/de\/?page_id=11592"},"modified":"2015-11-25T16:53:39","modified_gmt":"2015-11-25T15:53:39","slug":"emanuela-menga-la-spezia","status":"publish","type":"page","link":"https:\/\/www.dalpasso.it\/de\/testimonial\/emanuela-menga-la-spezia\/","title":{"rendered":"EMANUELA MENGA (La Spezia)"},"content":{"rendered":"<div class=\"wpb-content-wrapper\">[vc_row][vc_column width=&#8220;1\/4&#8243;][vc_single_image image=&#8220;9243&#8243; border_color=&#8220;grey&#8220; img_link_large=&#8220;yes&#8220; img_link_target=&#8220;_self&#8220; el_class=&#8220;prettyPhoto&#8220; img_size=&#8220;medium&#8220;][\/vc_column][vc_column width=&#8220;3\/4&#8243;][vc_column_text]Nach der Enukleation aufgrund einer unheilbaren Uveitis begab ich mich zu Dalpasso, wo mir mit gro\u00dfer Zuwendung, Freundlichkeit und Professionalit\u00e4t ein freier Blick zur\u00fcckgegeben wurde. Die Anreise von La Spezia nach Reggio Emilia nehme ich immer gerne auf mich.<\/p>\n<p>&nbsp;<\/p>\n<p>Ein herzliches Dankesch\u00f6n an das ganze Team&#8230;. Emanuela Menga.[\/vc_column_text][\/vc_column][\/vc_row][vc_row full_width=&#8220;&#8220; parallax=&#8220;&#8220; parallax_image=&#8220;&#8220; el_id=&#8220;&#8220;][vc_column width=&#8220;1\/1&#8243;][vc_column_text]<br \/>\n[\/vc_column_text][\/vc_column][\/vc_row]<\/div>","protected":false},"excerpt":{"rendered":"<p>[vc_row][vc_column width=&#8220;1\/4&#8243;][vc_single_image image=&#8220;9243&#8243; border_color=&#8220;grey&#8220; img_link_large=&#8220;yes&#8220; img_link_target=&#8220;_self&#8220; el_class=&#8220;prettyPhoto&#8220; img_size=&#8220;medium&#8220;][\/vc_column][vc_column width=&#8220;3\/4&#8243;][vc_column_text]Nach der Enukleation aufgrund einer unheilbaren Uveitis begab ich mich zu Dalpasso, wo mir mit gro\u00dfer Zuwendung, Freundlichkeit und Professionalit\u00e4t ein freier Blick zur\u00fcckgegeben wurde. Die Anreise von La Spezia nach Reggio Emilia nehme ich immer gerne auf mich. &nbsp; Ein herzliches Dankesch\u00f6n an das ganze Team&#8230;. [&hellip;]<\/p>\n","protected":false},"author":1,"featured_media":0,"parent":10876,"menu_order":0,"comment_status":"closed","ping_status":"closed","template":"","meta":{"footnotes":""},"class_list":["post-11592","page","type-page","status-publish","hentry"],"yoast_head":"<!-- This site is optimized with the Yoast SEO plugin v27.1.1 - https:\/\/yoast.com\/product\/yoast-seo-wordpress\/ -->\n<title>EMANUELA MENGA (La Spezia) | Dalpasso protesi oculari<\/title>\n<meta name=\"robots\" content=\"index, follow, max-snippet:-1, max-image-preview:large, max-video-preview:-1\" \/>\n<link rel=\"canonical\" href=\"https:\/\/www.dalpasso.it\/de\/testimonial\/emanuela-menga-la-spezia\/\" \/>\n<meta property=\"og:locale\" content=\"de_DE\" \/>\n<meta property=\"og:type\" content=\"article\" \/>\n<meta property=\"og:title\" content=\"EMANUELA MENGA (La Spezia) | Dalpasso protesi oculari\" \/>\n<meta property=\"og:description\" content=\"[vc_row][vc_column width=&#8220;1\/4&#8243;][vc_single_image image=&#8220;9243&#8243; border_color=&#8220;grey&#8220; img_link_large=&#8220;yes&#8220; img_link_target=&#8220;_self&#8220; el_class=&#8220;prettyPhoto&#8220; img_size=&#8220;medium&#8220;][\/vc_column][vc_column width=&#8220;3\/4&#8243;][vc_column_text]Nach der Enukleation aufgrund einer unheilbaren Uveitis begab ich mich zu Dalpasso, wo mir mit gro\u00dfer Zuwendung, Freundlichkeit und Professionalit\u00e4t ein freier Blick zur\u00fcckgegeben wurde. Die Anreise von La Spezia nach Reggio Emilia nehme ich immer gerne auf mich. &nbsp; Ein herzliches Dankesch\u00f6n an das ganze Team&#8230;. [&hellip;]\" \/>\n<meta property=\"og:url\" content=\"https:\/\/www.dalpasso.it\/de\/testimonial\/emanuela-menga-la-spezia\/\" \/>\n<meta property=\"og:site_name\" content=\"Dalpasso protesi oculari\" \/>\n<meta name=\"twitter:card\" content=\"summary_large_image\" \/>\n<meta name=\"twitter:label1\" content=\"Gesch\u00e4tzte Lesezeit\" \/>\n\t<meta name=\"twitter:data1\" content=\"1\u00a0Minute\" \/>\n<script type=\"application\/ld+json\" class=\"yoast-schema-graph\">{\"@context\":\"https:\/\/schema.org\",\"@graph\":[{\"@type\":\"WebPage\",\"@id\":\"https:\/\/www.dalpasso.it\/de\/testimonial\/emanuela-menga-la-spezia\/\",\"url\":\"https:\/\/www.dalpasso.it\/de\/testimonial\/emanuela-menga-la-spezia\/\",\"name\":\"EMANUELA MENGA (La Spezia) | Dalpasso protesi oculari\",\"isPartOf\":{\"@id\":\"https:\/\/www.dalpasso.it\/de\/#website\"},\"datePublished\":\"2015-11-25T15:53:39+00:00\",\"breadcrumb\":{\"@id\":\"https:\/\/www.dalpasso.it\/de\/testimonial\/emanuela-menga-la-spezia\/#breadcrumb\"},\"inLanguage\":\"de\",\"potentialAction\":[{\"@type\":\"ReadAction\",\"target\":[\"https:\/\/www.dalpasso.it\/de\/testimonial\/emanuela-menga-la-spezia\/\"]}]},{\"@type\":\"BreadcrumbList\",\"@id\":\"https:\/\/www.dalpasso.it\/de\/testimonial\/emanuela-menga-la-spezia\/#breadcrumb\",\"itemListElement\":[{\"@type\":\"ListItem\",\"position\":1,\"name\":\"Home\",\"item\":\"https:\/\/www.dalpasso.it\/de\/home\/\"},{\"@type\":\"ListItem\",\"position\":2,\"name\":\"TESTIMONIAL\",\"item\":\"https:\/\/www.dalpasso.it\/de\/testimonial\/\"},{\"@type\":\"ListItem\",\"position\":3,\"name\":\"EMANUELA MENGA (La Spezia)\"}]},{\"@type\":\"WebSite\",\"@id\":\"https:\/\/www.dalpasso.it\/de\/#website\",\"url\":\"https:\/\/www.dalpasso.it\/de\/\",\"name\":\"DALPASSO Protesi Oculari\",\"description\":\"\",\"potentialAction\":[{\"@type\":\"SearchAction\",\"target\":{\"@type\":\"EntryPoint\",\"urlTemplate\":\"https:\/\/www.dalpasso.it\/de\/?s={search_term_string}\"},\"query-input\":{\"@type\":\"PropertyValueSpecification\",\"valueRequired\":true,\"valueName\":\"search_term_string\"}}],\"inLanguage\":\"de\"}]}<\/script>\n<!-- \/ Yoast SEO plugin. -->","yoast_head_json":{"title":"EMANUELA MENGA (La Spezia) | Dalpasso protesi oculari","robots":{"index":"index","follow":"follow","max-snippet":"max-snippet:-1","max-image-preview":"max-image-preview:large","max-video-preview":"max-video-preview:-1"},"canonical":"https:\/\/www.dalpasso.it\/de\/testimonial\/emanuela-menga-la-spezia\/","og_locale":"de_DE","og_type":"article","og_title":"EMANUELA MENGA (La Spezia) | Dalpasso protesi oculari","og_description":"[vc_row][vc_column width=&#8220;1\/4&#8243;][vc_single_image image=&#8220;9243&#8243; border_color=&#8220;grey&#8220; img_link_large=&#8220;yes&#8220; img_link_target=&#8220;_self&#8220; el_class=&#8220;prettyPhoto&#8220; img_size=&#8220;medium&#8220;][\/vc_column][vc_column width=&#8220;3\/4&#8243;][vc_column_text]Nach der Enukleation aufgrund einer unheilbaren Uveitis begab ich mich zu Dalpasso, wo mir mit gro\u00dfer Zuwendung, Freundlichkeit und Professionalit\u00e4t ein freier Blick zur\u00fcckgegeben wurde. Die Anreise von La Spezia nach Reggio Emilia nehme ich immer gerne auf mich. &nbsp; Ein herzliches Dankesch\u00f6n an das ganze Team&#8230;. [&hellip;]","og_url":"https:\/\/www.dalpasso.it\/de\/testimonial\/emanuela-menga-la-spezia\/","og_site_name":"Dalpasso protesi oculari","twitter_card":"summary_large_image","twitter_misc":{"Gesch\u00e4tzte Lesezeit":"1\u00a0Minute"},"schema":{"@context":"https:\/\/schema.org","@graph":[{"@type":"WebPage","@id":"https:\/\/www.dalpasso.it\/de\/testimonial\/emanuela-menga-la-spezia\/","url":"https:\/\/www.dalpasso.it\/de\/testimonial\/emanuela-menga-la-spezia\/","name":"EMANUELA MENGA (La Spezia) | Dalpasso protesi oculari","isPartOf":{"@id":"https:\/\/www.dalpasso.it\/de\/#website"},"datePublished":"2015-11-25T15:53:39+00:00","breadcrumb":{"@id":"https:\/\/www.dalpasso.it\/de\/testimonial\/emanuela-menga-la-spezia\/#breadcrumb"},"inLanguage":"de","potentialAction":[{"@type":"ReadAction","target":["https:\/\/www.dalpasso.it\/de\/testimonial\/emanuela-menga-la-spezia\/"]}]},{"@type":"BreadcrumbList","@id":"https:\/\/www.dalpasso.it\/de\/testimonial\/emanuela-menga-la-spezia\/#breadcrumb","itemListElement":[{"@type":"ListItem","position":1,"name":"Home","item":"https:\/\/www.dalpasso.it\/de\/home\/"},{"@type":"ListItem","position":2,"name":"TESTIMONIAL","item":"https:\/\/www.dalpasso.it\/de\/testimonial\/"},{"@type":"ListItem","position":3,"name":"EMANUELA MENGA (La Spezia)"}]},{"@type":"WebSite","@id":"https:\/\/www.dalpasso.it\/de\/#website","url":"https:\/\/www.dalpasso.it\/de\/","name":"DALPASSO Protesi Oculari","description":"","potentialAction":[{"@type":"SearchAction","target":{"@type":"EntryPoint","urlTemplate":"https:\/\/www.dalpasso.it\/de\/?s={search_term_string}"},"query-input":{"@type":"PropertyValueSpecification","valueRequired":true,"valueName":"search_term_string"}}],"inLanguage":"de"}]}},"_links":{"self":[{"href":"https:\/\/www.dalpasso.it\/de\/wp-json\/wp\/v2\/pages\/11592","targetHints":{"allow":["GET"]}}],"collection":[{"href":"https:\/\/www.dalpasso.it\/de\/wp-json\/wp\/v2\/pages"}],"about":[{"href":"https:\/\/www.dalpasso.it\/de\/wp-json\/wp\/v2\/types\/page"}],"author":[{"embeddable":true,"href":"https:\/\/www.dalpasso.it\/de\/wp-json\/wp\/v2\/users\/1"}],"replies":[{"embeddable":true,"href":"https:\/\/www.dalpasso.it\/de\/wp-json\/wp\/v2\/comments?post=11592"}],"version-history":[{"count":1,"href":"https:\/\/www.dalpasso.it\/de\/wp-json\/wp\/v2\/pages\/11592\/revisions"}],"predecessor-version":[{"id":11593,"href":"https:\/\/www.dalpasso.it\/de\/wp-json\/wp\/v2\/pages\/11592\/revisions\/11593"}],"up":[{"embeddable":true,"href":"https:\/\/www.dalpasso.it\/de\/wp-json\/wp\/v2\/pages\/10876"}],"wp:attachment":[{"href":"https:\/\/www.dalpasso.it\/de\/wp-json\/wp\/v2\/media?parent=11592"}],"curies":[{"name":"wp","href":"https:\/\/api.w.org\/{rel}","templated":true}]}}