{"id":11530,"date":"2015-11-20T16:43:27","date_gmt":"2015-11-20T15:43:27","guid":{"rendered":"http:\/\/www.dalpasso.it\/de\/?page_id=11530"},"modified":"2015-11-20T17:17:38","modified_gmt":"2015-11-20T16:17:38","slug":"zur-anforderung-ihrer-bilder","status":"publish","type":"page","link":"https:\/\/www.dalpasso.it\/de\/kontakt\/zur-anforderung-ihrer-bilder\/","title":{"rendered":"Zur Anforderung Ihrer Bilder"},"content":{"rendered":"<div class=\"wpb-content-wrapper\"><\/div><\/div><\/div><\/div>\r\n\t<div class=\" \" style=\" width: 100%; margin-top:40px; margin-bottom: -41px;\">\r\n\t\t<div class=\"home_paralax\" style=\"background-image:url('https:\/\/www.dalpasso.it\/wp-content\/uploads\/2014\/06\/s_58.jpg'); !important; padding-top:150px; padding-bottom:150px\" data-type=\"background\" >\r\n\t\t\t<div class=\"main_content_area\" style=\"padding:0px;\">\r\n\t\t\t\t<div class=\"container oi_break\">\r\n\t\t\t\t\t<\/p>\n<div class=\"oi_caption\">\n<h4><strong>F\u00fcllen Sie bitte dieses Formular aus, um die Zusendung der bei der <\/strong><\/h4>\n<h4><strong> F\u00fcllen Sie bitte dieses Formular aus, um die Zusendung der bei der Anpassung aufgenommenen digitalen Bilder per E-Mail anzufordern.<\/strong><\/h4>\n<h4><strong>(Hierzu per E-Mail die Kopie eines g\u00fcltigen<\/strong><\/h4>\n<h4><strong> d&#8216;<\/strong><strong>Personalausweises des Antragstellers einsenden).<\/strong><\/h4>\n<\/div>\n<p>\r\n\t\t\t\t<\/div>\r\n\t\t\t<\/div>\r\n\t\t<\/div>\r\n\t\t\t\r\n\t<\/div>\r\n\t<div class=\"main_content_area\">\r\n\t\t<div class=\"container\">\r\n\t\t\t<div class=\"row\">\r\n            \t<div class=\"col-md-12\">[vc_row][vc_column width=&#8220;1\/1&#8243;][vc_separator color=&#8220;sky&#8220;][\/vc_column][\/vc_row][vc_row][vc_column width=&#8220;1\/1&#8243;][vc_column_text]<\/p>\n<ul>\n<li class=\"\">\n<h4><span style=\"color: #000000;\"><strong><a style=\"color: #000000;\" title=\"Formular f\u00fcr minderj\u00e4hrige Patienten\" href=\"https:\/\/www.dalpasso.it\/de\/kontakt\/zur-anforderung-ihrer-bilder\/formular-fuer-minderjaehrige-patienten\/\">Formular f\u00fcr minderj\u00e4hrige Patienten<\/a><\/strong><\/span><\/h4>\n<\/li>\n<\/ul>\n<ul>\n<li class=\"\">\n<h4><span style=\"color: #000000;\"><strong><a style=\"color: #000000;\" title=\"Formular f\u00fcr vollj\u00e4hrige Patienten\" href=\"https:\/\/www.dalpasso.it\/de\/kontakt\/zur-anforderung-ihrer-bilder\/formular-fuer-volljaehrige-patienten\/\">Formular f\u00fcr vollj\u00e4hrige Patienten<\/a><\/strong><\/span><\/h4>\n<\/li>\n<\/ul>\n<p>[\/vc_column_text][\/vc_column][\/vc_row]<\/div>","protected":false},"excerpt":{"rendered":"<p>[vc_row full_width=&#8220;&#8220; parallax=&#8220;&#8220; parallax_image=&#8220;&#8220;][vc_column width=&#8220;1\/1&#8243;][\/vc_column][\/vc_row][vc_row][vc_column width=&#8220;1\/1&#8243;][vc_separator color=&#8220;sky&#8220;][\/vc_column][\/vc_row][vc_row][vc_column width=&#8220;1\/1&#8243;][vc_column_text] Formular f\u00fcr minderj\u00e4hrige Patienten Formular f\u00fcr vollj\u00e4hrige Patienten [\/vc_column_text][\/vc_column][\/vc_row]<\/p>\n","protected":false},"author":1,"featured_media":0,"parent":11505,"menu_order":0,"comment_status":"closed","ping_status":"closed","template":"","meta":{"footnotes":""},"class_list":["post-11530","page","type-page","status-publish","hentry"],"yoast_head":"<!-- This site is optimized with the Yoast SEO plugin v27.1.1 - https:\/\/yoast.com\/product\/yoast-seo-wordpress\/ -->\n<title>Zur Anforderung Ihrer Bilder | Dalpasso protesi oculari<\/title>\n<meta name=\"robots\" content=\"index, follow, max-snippet:-1, max-image-preview:large, max-video-preview:-1\" \/>\n<link rel=\"canonical\" href=\"https:\/\/www.dalpasso.it\/de\/kontakt\/zur-anforderung-ihrer-bilder\/\" \/>\n<meta property=\"og:locale\" content=\"de_DE\" \/>\n<meta property=\"og:type\" content=\"article\" \/>\n<meta property=\"og:title\" content=\"Zur Anforderung Ihrer Bilder | Dalpasso protesi oculari\" \/>\n<meta property=\"og:description\" content=\"[vc_row full_width=&#8220;&#8220; parallax=&#8220;&#8220; parallax_image=&#8220;&#8220;][vc_column width=&#8220;1\/1&#8243;][\/vc_column][\/vc_row][vc_row][vc_column width=&#8220;1\/1&#8243;][vc_separator color=&#8220;sky&#8220;][\/vc_column][\/vc_row][vc_row][vc_column width=&#8220;1\/1&#8243;][vc_column_text] Formular f\u00fcr minderj\u00e4hrige Patienten Formular f\u00fcr vollj\u00e4hrige Patienten [\/vc_column_text][\/vc_column][\/vc_row]\" \/>\n<meta property=\"og:url\" content=\"https:\/\/www.dalpasso.it\/de\/kontakt\/zur-anforderung-ihrer-bilder\/\" \/>\n<meta property=\"og:site_name\" content=\"Dalpasso protesi oculari\" \/>\n<meta property=\"article:modified_time\" content=\"2015-11-20T16:17:38+00:00\" \/>\n<meta name=\"twitter:card\" content=\"summary_large_image\" \/>\n<meta name=\"twitter:label1\" content=\"Gesch\u00e4tzte Lesezeit\" \/>\n\t<meta name=\"twitter:data1\" content=\"1\u00a0Minute\" \/>\n<script type=\"application\/ld+json\" class=\"yoast-schema-graph\">{\"@context\":\"https:\/\/schema.org\",\"@graph\":[{\"@type\":\"WebPage\",\"@id\":\"https:\/\/www.dalpasso.it\/de\/kontakt\/zur-anforderung-ihrer-bilder\/\",\"url\":\"https:\/\/www.dalpasso.it\/de\/kontakt\/zur-anforderung-ihrer-bilder\/\",\"name\":\"Zur Anforderung Ihrer Bilder | Dalpasso protesi oculari\",\"isPartOf\":{\"@id\":\"https:\/\/www.dalpasso.it\/de\/#website\"},\"datePublished\":\"2015-11-20T15:43:27+00:00\",\"dateModified\":\"2015-11-20T16:17:38+00:00\",\"breadcrumb\":{\"@id\":\"https:\/\/www.dalpasso.it\/de\/kontakt\/zur-anforderung-ihrer-bilder\/#breadcrumb\"},\"inLanguage\":\"de\",\"potentialAction\":[{\"@type\":\"ReadAction\",\"target\":[\"https:\/\/www.dalpasso.it\/de\/kontakt\/zur-anforderung-ihrer-bilder\/\"]}]},{\"@type\":\"BreadcrumbList\",\"@id\":\"https:\/\/www.dalpasso.it\/de\/kontakt\/zur-anforderung-ihrer-bilder\/#breadcrumb\",\"itemListElement\":[{\"@type\":\"ListItem\",\"position\":1,\"name\":\"Home\",\"item\":\"https:\/\/www.dalpasso.it\/de\/home\/\"},{\"@type\":\"ListItem\",\"position\":2,\"name\":\"KONTAKT\",\"item\":\"https:\/\/www.dalpasso.it\/de\/das-unternehmen__trashed\/kontakt\/\"},{\"@type\":\"ListItem\",\"position\":3,\"name\":\"Zur Anforderung Ihrer Bilder\"}]},{\"@type\":\"WebSite\",\"@id\":\"https:\/\/www.dalpasso.it\/de\/#website\",\"url\":\"https:\/\/www.dalpasso.it\/de\/\",\"name\":\"DALPASSO Protesi Oculari\",\"description\":\"\",\"potentialAction\":[{\"@type\":\"SearchAction\",\"target\":{\"@type\":\"EntryPoint\",\"urlTemplate\":\"https:\/\/www.dalpasso.it\/de\/?s={search_term_string}\"},\"query-input\":{\"@type\":\"PropertyValueSpecification\",\"valueRequired\":true,\"valueName\":\"search_term_string\"}}],\"inLanguage\":\"de\"}]}<\/script>\n<!-- \/ Yoast SEO plugin. -->","yoast_head_json":{"title":"Zur Anforderung Ihrer Bilder | Dalpasso protesi oculari","robots":{"index":"index","follow":"follow","max-snippet":"max-snippet:-1","max-image-preview":"max-image-preview:large","max-video-preview":"max-video-preview:-1"},"canonical":"https:\/\/www.dalpasso.it\/de\/kontakt\/zur-anforderung-ihrer-bilder\/","og_locale":"de_DE","og_type":"article","og_title":"Zur Anforderung Ihrer Bilder | Dalpasso protesi oculari","og_description":"[vc_row full_width=&#8220;&#8220; parallax=&#8220;&#8220; parallax_image=&#8220;&#8220;][vc_column width=&#8220;1\/1&#8243;][\/vc_column][\/vc_row][vc_row][vc_column width=&#8220;1\/1&#8243;][vc_separator color=&#8220;sky&#8220;][\/vc_column][\/vc_row][vc_row][vc_column width=&#8220;1\/1&#8243;][vc_column_text] Formular f\u00fcr minderj\u00e4hrige Patienten Formular f\u00fcr vollj\u00e4hrige Patienten [\/vc_column_text][\/vc_column][\/vc_row]","og_url":"https:\/\/www.dalpasso.it\/de\/kontakt\/zur-anforderung-ihrer-bilder\/","og_site_name":"Dalpasso protesi oculari","article_modified_time":"2015-11-20T16:17:38+00:00","twitter_card":"summary_large_image","twitter_misc":{"Gesch\u00e4tzte Lesezeit":"1\u00a0Minute"},"schema":{"@context":"https:\/\/schema.org","@graph":[{"@type":"WebPage","@id":"https:\/\/www.dalpasso.it\/de\/kontakt\/zur-anforderung-ihrer-bilder\/","url":"https:\/\/www.dalpasso.it\/de\/kontakt\/zur-anforderung-ihrer-bilder\/","name":"Zur Anforderung Ihrer Bilder | Dalpasso protesi oculari","isPartOf":{"@id":"https:\/\/www.dalpasso.it\/de\/#website"},"datePublished":"2015-11-20T15:43:27+00:00","dateModified":"2015-11-20T16:17:38+00:00","breadcrumb":{"@id":"https:\/\/www.dalpasso.it\/de\/kontakt\/zur-anforderung-ihrer-bilder\/#breadcrumb"},"inLanguage":"de","potentialAction":[{"@type":"ReadAction","target":["https:\/\/www.dalpasso.it\/de\/kontakt\/zur-anforderung-ihrer-bilder\/"]}]},{"@type":"BreadcrumbList","@id":"https:\/\/www.dalpasso.it\/de\/kontakt\/zur-anforderung-ihrer-bilder\/#breadcrumb","itemListElement":[{"@type":"ListItem","position":1,"name":"Home","item":"https:\/\/www.dalpasso.it\/de\/home\/"},{"@type":"ListItem","position":2,"name":"KONTAKT","item":"https:\/\/www.dalpasso.it\/de\/das-unternehmen__trashed\/kontakt\/"},{"@type":"ListItem","position":3,"name":"Zur Anforderung Ihrer Bilder"}]},{"@type":"WebSite","@id":"https:\/\/www.dalpasso.it\/de\/#website","url":"https:\/\/www.dalpasso.it\/de\/","name":"DALPASSO Protesi Oculari","description":"","potentialAction":[{"@type":"SearchAction","target":{"@type":"EntryPoint","urlTemplate":"https:\/\/www.dalpasso.it\/de\/?s={search_term_string}"},"query-input":{"@type":"PropertyValueSpecification","valueRequired":true,"valueName":"search_term_string"}}],"inLanguage":"de"}]}},"_links":{"self":[{"href":"https:\/\/www.dalpasso.it\/de\/wp-json\/wp\/v2\/pages\/11530","targetHints":{"allow":["GET"]}}],"collection":[{"href":"https:\/\/www.dalpasso.it\/de\/wp-json\/wp\/v2\/pages"}],"about":[{"href":"https:\/\/www.dalpasso.it\/de\/wp-json\/wp\/v2\/types\/page"}],"author":[{"embeddable":true,"href":"https:\/\/www.dalpasso.it\/de\/wp-json\/wp\/v2\/users\/1"}],"replies":[{"embeddable":true,"href":"https:\/\/www.dalpasso.it\/de\/wp-json\/wp\/v2\/comments?post=11530"}],"version-history":[{"count":5,"href":"https:\/\/www.dalpasso.it\/de\/wp-json\/wp\/v2\/pages\/11530\/revisions"}],"predecessor-version":[{"id":11548,"href":"https:\/\/www.dalpasso.it\/de\/wp-json\/wp\/v2\/pages\/11530\/revisions\/11548"}],"up":[{"embeddable":true,"href":"https:\/\/www.dalpasso.it\/de\/wp-json\/wp\/v2\/pages\/11505"}],"wp:attachment":[{"href":"https:\/\/www.dalpasso.it\/de\/wp-json\/wp\/v2\/media?parent=11530"}],"curies":[{"name":"wp","href":"https:\/\/api.w.org\/{rel}","templated":true}]}}