{"id":11516,"date":"2015-11-20T16:07:02","date_gmt":"2015-11-20T15:07:02","guid":{"rendered":"http:\/\/www.dalpasso.it\/de\/?page_id=11516"},"modified":"2015-11-20T16:19:24","modified_gmt":"2015-11-20T15:19:24","slug":"terminvereinbarungen","status":"publish","type":"page","link":"https:\/\/www.dalpasso.it\/de\/kontakt\/terminvereinbarungen\/","title":{"rendered":"Terminvereinbarungen"},"content":{"rendered":"<div class=\"wpb-content-wrapper\"><\/div><\/div><\/div><\/div>\r\n\t<div class=\" \" style=\" width: 100%; margin-top:-41px; margin-bottom: 40px;\">\r\n\t\t<div class=\"home_paralax\" style=\"background-image:url('https:\/\/www.dalpasso.it\/wp-content\/uploads\/2015\/07\/calendario.jpg'); !important; padding-top:150px; padding-bottom:150px\" data-type=\"background\" >\r\n\t\t\t<div class=\"main_content_area\" style=\"padding:0px;\">\r\n\t\t\t\t<div class=\"container oi_break\">\r\n\t\t\t\t\t<\/p>\n<div class=\"oi_caption\">\n<p><span style=\"color: #3092c9;\"><strong>F\u00fcr Terminanfragen f\u00fcllen Sie bitte die nachstehenden Felder aus.<\/strong><\/span><\/p>\n<p><span style=\"color: #3092c9;\"><strong>Sie werden binnen 24 Betriebsstunden zur Best\u00e4tigung oder \u00c4nderung des Datums zur\u00fcckgerufen.<\/strong><\/span><\/p>\n<p><span style=\"color: #3092c9;\"><strong>Es ist nicht m\u00f6glich, Termine fr\u00fcher als sieben Werktage nach Anfrage zu vereinbaren.<\/strong><\/span><\/p>\n<p><span style=\"color: #3092c9;\"><strong>Das mit diesem Formular angeforderte Datum IST NICHT BINDEND <\/strong><\/span><\/p>\n<p><span style=\"color: #3092c9;\"><strong> und muss von unserer Rezeption best\u00e4tigt werden. (Die mit * gekennzeichneten Felder sind obligatorisch).<\/strong><\/span><\/p>\n<\/div>\n<p>\r\n\t\t\t\t<\/div>\r\n\t\t\t<\/div>\r\n\t\t<\/div>\r\n\t\t\t\r\n\t<\/div>\r\n\t<div class=\"main_content_area\">\r\n\t\t<div class=\"container\">\r\n\t\t\t<div class=\"row\">\r\n            \t<div class=\"col-md-12\">[vc_row][vc_column width=&#8220;1\/1&#8243;][vc_separator color=&#8220;sky&#8220;][\/vc_column][\/vc_row][vc_row][vc_column width=&#8220;5\/6&#8243; css=&#8220;.vc_custom_1442916009729{padding: 20px !important;background-color: #b8e3f2 !important;}&#8220; offset=&#8220;vc_col-lg-7 vc_col-md-offset-2 vc_col-md-8 vc_col-sm-offset-1&#8243;][vc_column_text]<\/p>\n\n<div class=\"wpcf7 no-js\" id=\"wpcf7-f11521-o1\" lang=\"it-IT\" dir=\"ltr\" data-wpcf7-id=\"11521\">\n<div class=\"screen-reader-response\"><p role=\"status\" aria-live=\"polite\" aria-atomic=\"true\"><\/p> <ul><\/ul><\/div>\n<form action=\"\/de\/wp-json\/wp\/v2\/pages\/11516#wpcf7-f11521-o1\" method=\"post\" class=\"wpcf7-form init\" aria-label=\"Modulo di contatto\" novalidate=\"novalidate\" data-status=\"init\">\n<fieldset class=\"hidden-fields-container\"><input type=\"hidden\" name=\"_wpcf7\" value=\"11521\" \/><input type=\"hidden\" name=\"_wpcf7_version\" value=\"6.1.5\" \/><input type=\"hidden\" name=\"_wpcf7_locale\" value=\"it_IT\" \/><input type=\"hidden\" name=\"_wpcf7_unit_tag\" value=\"wpcf7-f11521-o1\" \/><input type=\"hidden\" name=\"_wpcf7_container_post\" value=\"0\" \/><input type=\"hidden\" name=\"_wpcf7_posted_data_hash\" value=\"\" \/>\n<\/fieldset>\n<h4>W\u00e4hlen Sie eine der folgenden Optionen*:\n<\/h4>\n<p style=\"padding-bottom:1em;\"><br \/>\n<span class=\"wpcf7-form-control-wrap\" data-name=\"nuovo_paziente\"><span class=\"wpcf7-form-control wpcf7-checkbox wpcf7-validates-as-required wpcf7-exclusive-checkbox\"><span class=\"wpcf7-list-item first\"><label><input type=\"checkbox\" name=\"nuovo_paziente\" value=\"Ich war noch nie bei Ihnen in Behandlung\" \/><span class=\"wpcf7-list-item-label\">Ich war noch nie bei Ihnen in Behandlung<\/span><\/label><\/span><span class=\"wpcf7-list-item last\"><label><input type=\"checkbox\" name=\"nuovo_paziente\" value=\"Ich bin bereits Ihr Patient\" \/><span class=\"wpcf7-list-item-label\">Ich bin bereits Ihr Patient<\/span><\/label><\/span><\/span><\/span>\n<\/p>\n<p> Nachname*\n<\/p>\n<p><span class=\"wpcf7-form-control-wrap\" data-name=\"cognome\"><input size=\"40\" maxlength=\"400\" class=\"wpcf7-form-control wpcf7-text wpcf7-validates-as-required\" aria-required=\"true\" aria-invalid=\"false\" value=\"\" type=\"text\" name=\"cognome\" \/><\/span>\n<\/p>\n<p> Name*\n<\/p>\n<p><span class=\"wpcf7-form-control-wrap\" data-name=\"nome\"><input size=\"40\" maxlength=\"400\" class=\"wpcf7-form-control wpcf7-text wpcf7-validates-as-required\" aria-required=\"true\" aria-invalid=\"false\" value=\"\" type=\"text\" name=\"nome\" \/><\/span>\n<\/p>\n<p> PLZ*\n<\/p>\n<p><span class=\"wpcf7-form-control-wrap\" data-name=\"CAP\"><input size=\"40\" maxlength=\"400\" class=\"wpcf7-form-control wpcf7-text wpcf7-validates-as-required\" aria-required=\"true\" aria-invalid=\"false\" value=\"\" type=\"text\" name=\"CAP\" \/><\/span>\n<\/p>\n<p> Ort*\n<\/p>\n<p><span class=\"wpcf7-form-control-wrap\" data-name=\"citta\"><input size=\"40\" maxlength=\"400\" class=\"wpcf7-form-control wpcf7-text\" aria-invalid=\"false\" value=\"\" type=\"text\" name=\"citta\" \/><\/span>\n<\/p>\n<p> Provinz\n<\/p>\n<p><span class=\"wpcf7-form-control-wrap\" data-name=\"provincia\"><input size=\"40\" maxlength=\"400\" class=\"wpcf7-form-control wpcf7-text\" aria-invalid=\"false\" value=\"\" type=\"text\" name=\"provincia\" \/><\/span>\n<\/p>\n<p> Tel*\n<\/p>\n<p><span class=\"wpcf7-form-control-wrap\" data-name=\"tel\"><input size=\"40\" maxlength=\"400\" class=\"wpcf7-form-control wpcf7-text wpcf7-validates-as-required\" aria-required=\"true\" aria-invalid=\"false\" value=\"\" type=\"text\" name=\"tel\" \/><\/span>\n<\/p>\n<p> E-mail*\n<\/p>\n<p><span class=\"wpcf7-form-control-wrap\" data-name=\"mail\"><input size=\"40\" maxlength=\"400\" class=\"wpcf7-form-control wpcf7-email wpcf7-validates-as-required wpcf7-text wpcf7-validates-as-email\" aria-required=\"true\" aria-invalid=\"false\" value=\"\" type=\"email\" name=\"mail\" \/><\/span>\n<\/p>\n<p> Anschrift*\n<\/p>\n<p><span class=\"wpcf7-form-control-wrap\" data-name=\"indirizzo\"><input size=\"40\" maxlength=\"400\" class=\"wpcf7-form-control wpcf7-text wpcf7-validates-as-required\" aria-required=\"true\" aria-invalid=\"false\" value=\"\" type=\"text\" name=\"indirizzo\" \/><\/span>\n<\/p>\n<hr \/>\n<h4>W\u00e4hlen Sie die gew\u00fcnschte Option\n<\/h4>\n<p><span class=\"wpcf7-form-control-wrap\" data-name=\"richiesta\"><span class=\"wpcf7-form-control wpcf7-checkbox wpcf7-exclusive-checkbox vertical\"><span class=\"wpcf7-list-item first\"><label><input type=\"checkbox\" name=\"richiesta\" value=\"Ich ben\u00f6tige einen neuen Termin\" \/><span class=\"wpcf7-list-item-label\">Ich ben\u00f6tige einen neuen Termin<\/span><\/label><\/span><span class=\"wpcf7-list-item\"><label><input type=\"checkbox\" name=\"richiesta\" value=\"Ich m\u00f6chte meinen Termin absagen\" \/><span class=\"wpcf7-list-item-label\">Ich m\u00f6chte meinen Termin absagen<\/span><\/label><\/span><span class=\"wpcf7-list-item last\"><label><input type=\"checkbox\" name=\"richiesta\" value=\"Ich m\u00f6chte einen Termin auf ein sp\u00e4teres Datum verschieben\" \/><span class=\"wpcf7-list-item-label\">Ich m\u00f6chte einen Termin auf ein sp\u00e4teres Datum verschieben<\/span><\/label><\/span><\/span><\/span>\n<\/p>\n<h4>Ich m\u00f6chte einen Termin bei der Niederlassung in*:\n<\/h4>\n<p><span class=\"wpcf7-form-control-wrap\" data-name=\"sede\"><span class=\"wpcf7-form-control wpcf7-checkbox wpcf7-validates-as-required wpcf7-exclusive-checkbox\"><span class=\"wpcf7-list-item first\"><label><input type=\"checkbox\" name=\"sede\" value=\"Reggio Emilia\" \/><span class=\"wpcf7-list-item-label\">Reggio Emilia<\/span><\/label><\/span><span class=\"wpcf7-list-item\"><label><input type=\"checkbox\" name=\"sede\" value=\"Mailand\" \/><span class=\"wpcf7-list-item-label\">Mailand<\/span><\/label><\/span><span class=\"wpcf7-list-item\"><label><input type=\"checkbox\" name=\"sede\" value=\"Padua\" \/><span class=\"wpcf7-list-item-label\">Padua<\/span><\/label><\/span><span class=\"wpcf7-list-item\"><label><input type=\"checkbox\" name=\"sede\" value=\"Rimini\" \/><span class=\"wpcf7-list-item-label\">Rimini<\/span><\/label><\/span><span class=\"wpcf7-list-item\"><label><input type=\"checkbox\" name=\"sede\" value=\"Florenz\" \/><span class=\"wpcf7-list-item-label\">Florenz<\/span><\/label><\/span><span class=\"wpcf7-list-item\"><label><input type=\"checkbox\" name=\"sede\" value=\"Roma\" \/><span class=\"wpcf7-list-item-label\">Roma<\/span><\/label><\/span><span class=\"wpcf7-list-item last\"><label><input type=\"checkbox\" name=\"sede\" value=\"Catania\" \/><span class=\"wpcf7-list-item-label\">Catania<\/span><\/label><\/span><\/span><\/span>\n<\/p>\n<h4>M\u00f6glichst am: (gg\/mm\/aaaa) *\n<\/h4>\n<p><span class=\"wpcf7-form-control-wrap\" data-name=\"appuntamento_giorno\"><input size=\"40\" maxlength=\"400\" class=\"wpcf7-form-control wpcf7-text\" aria-invalid=\"false\" value=\"\" type=\"text\" name=\"appuntamento_giorno\" \/><\/span>\n<\/p>\n<h4>M\u00f6glichst um: (hh.mm) *\n<\/h4>\n<p><span class=\"wpcf7-form-control-wrap\" data-name=\"appuntamento_ora\"><input size=\"40\" maxlength=\"400\" class=\"wpcf7-form-control wpcf7-text\" aria-invalid=\"false\" value=\"\" type=\"text\" name=\"appuntamento_ora\" \/><\/span>\n<\/p>\n<hr \/>\n<h4>PRIVACY\n<\/h4>\n<p><small>Der Unterzeichnende nimmt die gem\u00e4\u00df Art. 13 der ital. Gesetzesverordnung 196\/2003 erteilte Datenschutzinformation zur Kenntnis und willigt hiermit in die Bearbeitung seiner personenbezogenen Daten f\u00fcr die angegebenen Zwecke sowie in deren Weiterleitung an Dritte f\u00fcr die erkl\u00e4rten Zwecke ein.<br \/>\n<label>Einwilligung <span class=\"wpcf7-form-control-wrap\" data-name=\"consenso\"><span class=\"wpcf7-form-control wpcf7-acceptance\"><span class=\"wpcf7-list-item\"><input type=\"checkbox\" name=\"consenso\" value=\"1\" aria-invalid=\"false\" \/><\/span><\/span><\/span><\/label><br \/>\n<\/small>\n<\/p>\n<div style=\"margin:1.5em 0\">\n\t<p><input class=\"wpcf7-form-control wpcf7-submit has-spinner\" type=\"submit\" value=\"Senden\" \/>\n\t<\/p>\n<\/div><input type='hidden' class='wpcf7-pum' value='{\"closepopup\":false,\"closedelay\":0,\"openpopup\":false,\"openpopup_id\":0}' \/><div class=\"wpcf7-response-output\" aria-hidden=\"true\"><\/div>\n<\/form>\n<\/div>\n\n<p>[\/vc_column_text][\/vc_column][\/vc_row]<\/div>","protected":false},"excerpt":{"rendered":"<p>[vc_row full_width=&#8220;&#8220; parallax=&#8220;&#8220; parallax_image=&#8220;&#8220;][vc_column width=&#8220;1\/1&#8243;][\/vc_column][\/vc_row][vc_row][vc_column width=&#8220;1\/1&#8243;][vc_separator color=&#8220;sky&#8220;][\/vc_column][\/vc_row][vc_row][vc_column width=&#8220;5\/6&#8243; css=&#8220;.vc_custom_1442916009729{padding: 20px !important;background-color: #b8e3f2 !important;}&#8220; offset=&#8220;vc_col-lg-7 vc_col-md-offset-2 vc_col-md-8 vc_col-sm-offset-1&#8243;][vc_column_text] [\/vc_column_text][\/vc_column][\/vc_row]<\/p>\n","protected":false},"author":1,"featured_media":0,"parent":11505,"menu_order":0,"comment_status":"closed","ping_status":"closed","template":"","meta":{"footnotes":""},"class_list":["post-11516","page","type-page","status-publish","hentry"],"yoast_head":"<!-- This site is optimized with the Yoast SEO plugin v27.1.1 - https:\/\/yoast.com\/product\/yoast-seo-wordpress\/ -->\n<title>Terminvereinbarungen | Dalpasso protesi oculari<\/title>\n<meta name=\"robots\" content=\"index, follow, max-snippet:-1, max-image-preview:large, max-video-preview:-1\" \/>\n<link rel=\"canonical\" href=\"https:\/\/www.dalpasso.it\/de\/kontakt\/terminvereinbarungen\/\" \/>\n<meta property=\"og:locale\" content=\"de_DE\" \/>\n<meta property=\"og:type\" content=\"article\" \/>\n<meta property=\"og:title\" content=\"Terminvereinbarungen | Dalpasso protesi oculari\" \/>\n<meta property=\"og:description\" content=\"[vc_row full_width=&#8220;&#8220; parallax=&#8220;&#8220; parallax_image=&#8220;&#8220;][vc_column width=&#8220;1\/1&#8243;][\/vc_column][\/vc_row][vc_row][vc_column width=&#8220;1\/1&#8243;][vc_separator color=&#8220;sky&#8220;][\/vc_column][\/vc_row][vc_row][vc_column width=&#8220;5\/6&#8243; css=&#8220;.vc_custom_1442916009729{padding: 20px !important;background-color: #b8e3f2 !important;}&#8220; offset=&#8220;vc_col-lg-7 vc_col-md-offset-2 vc_col-md-8 vc_col-sm-offset-1&#8243;][vc_column_text] [\/vc_column_text][\/vc_column][\/vc_row]\" \/>\n<meta property=\"og:url\" content=\"https:\/\/www.dalpasso.it\/de\/kontakt\/terminvereinbarungen\/\" \/>\n<meta property=\"og:site_name\" content=\"Dalpasso protesi oculari\" \/>\n<meta property=\"article:modified_time\" content=\"2015-11-20T15:19:24+00:00\" \/>\n<meta name=\"twitter:card\" content=\"summary_large_image\" \/>\n<meta name=\"twitter:label1\" content=\"Gesch\u00e4tzte Lesezeit\" \/>\n\t<meta name=\"twitter:data1\" content=\"1\u00a0Minute\" \/>\n<script type=\"application\/ld+json\" class=\"yoast-schema-graph\">{\"@context\":\"https:\/\/schema.org\",\"@graph\":[{\"@type\":\"WebPage\",\"@id\":\"https:\/\/www.dalpasso.it\/de\/kontakt\/terminvereinbarungen\/\",\"url\":\"https:\/\/www.dalpasso.it\/de\/kontakt\/terminvereinbarungen\/\",\"name\":\"Terminvereinbarungen | Dalpasso protesi oculari\",\"isPartOf\":{\"@id\":\"https:\/\/www.dalpasso.it\/de\/#website\"},\"datePublished\":\"2015-11-20T15:07:02+00:00\",\"dateModified\":\"2015-11-20T15:19:24+00:00\",\"breadcrumb\":{\"@id\":\"https:\/\/www.dalpasso.it\/de\/kontakt\/terminvereinbarungen\/#breadcrumb\"},\"inLanguage\":\"de\",\"potentialAction\":[{\"@type\":\"ReadAction\",\"target\":[\"https:\/\/www.dalpasso.it\/de\/kontakt\/terminvereinbarungen\/\"]}]},{\"@type\":\"BreadcrumbList\",\"@id\":\"https:\/\/www.dalpasso.it\/de\/kontakt\/terminvereinbarungen\/#breadcrumb\",\"itemListElement\":[{\"@type\":\"ListItem\",\"position\":1,\"name\":\"Home\",\"item\":\"https:\/\/www.dalpasso.it\/de\/home\/\"},{\"@type\":\"ListItem\",\"position\":2,\"name\":\"KONTAKT\",\"item\":\"https:\/\/www.dalpasso.it\/de\/das-unternehmen__trashed\/kontakt\/\"},{\"@type\":\"ListItem\",\"position\":3,\"name\":\"Terminvereinbarungen\"}]},{\"@type\":\"WebSite\",\"@id\":\"https:\/\/www.dalpasso.it\/de\/#website\",\"url\":\"https:\/\/www.dalpasso.it\/de\/\",\"name\":\"DALPASSO Protesi Oculari\",\"description\":\"\",\"potentialAction\":[{\"@type\":\"SearchAction\",\"target\":{\"@type\":\"EntryPoint\",\"urlTemplate\":\"https:\/\/www.dalpasso.it\/de\/?s={search_term_string}\"},\"query-input\":{\"@type\":\"PropertyValueSpecification\",\"valueRequired\":true,\"valueName\":\"search_term_string\"}}],\"inLanguage\":\"de\"}]}<\/script>\n<!-- \/ Yoast SEO plugin. -->","yoast_head_json":{"title":"Terminvereinbarungen | Dalpasso protesi oculari","robots":{"index":"index","follow":"follow","max-snippet":"max-snippet:-1","max-image-preview":"max-image-preview:large","max-video-preview":"max-video-preview:-1"},"canonical":"https:\/\/www.dalpasso.it\/de\/kontakt\/terminvereinbarungen\/","og_locale":"de_DE","og_type":"article","og_title":"Terminvereinbarungen | Dalpasso protesi oculari","og_description":"[vc_row full_width=&#8220;&#8220; parallax=&#8220;&#8220; parallax_image=&#8220;&#8220;][vc_column width=&#8220;1\/1&#8243;][\/vc_column][\/vc_row][vc_row][vc_column width=&#8220;1\/1&#8243;][vc_separator color=&#8220;sky&#8220;][\/vc_column][\/vc_row][vc_row][vc_column width=&#8220;5\/6&#8243; css=&#8220;.vc_custom_1442916009729{padding: 20px !important;background-color: #b8e3f2 !important;}&#8220; offset=&#8220;vc_col-lg-7 vc_col-md-offset-2 vc_col-md-8 vc_col-sm-offset-1&#8243;][vc_column_text] [\/vc_column_text][\/vc_column][\/vc_row]","og_url":"https:\/\/www.dalpasso.it\/de\/kontakt\/terminvereinbarungen\/","og_site_name":"Dalpasso protesi oculari","article_modified_time":"2015-11-20T15:19:24+00:00","twitter_card":"summary_large_image","twitter_misc":{"Gesch\u00e4tzte Lesezeit":"1\u00a0Minute"},"schema":{"@context":"https:\/\/schema.org","@graph":[{"@type":"WebPage","@id":"https:\/\/www.dalpasso.it\/de\/kontakt\/terminvereinbarungen\/","url":"https:\/\/www.dalpasso.it\/de\/kontakt\/terminvereinbarungen\/","name":"Terminvereinbarungen | Dalpasso protesi oculari","isPartOf":{"@id":"https:\/\/www.dalpasso.it\/de\/#website"},"datePublished":"2015-11-20T15:07:02+00:00","dateModified":"2015-11-20T15:19:24+00:00","breadcrumb":{"@id":"https:\/\/www.dalpasso.it\/de\/kontakt\/terminvereinbarungen\/#breadcrumb"},"inLanguage":"de","potentialAction":[{"@type":"ReadAction","target":["https:\/\/www.dalpasso.it\/de\/kontakt\/terminvereinbarungen\/"]}]},{"@type":"BreadcrumbList","@id":"https:\/\/www.dalpasso.it\/de\/kontakt\/terminvereinbarungen\/#breadcrumb","itemListElement":[{"@type":"ListItem","position":1,"name":"Home","item":"https:\/\/www.dalpasso.it\/de\/home\/"},{"@type":"ListItem","position":2,"name":"KONTAKT","item":"https:\/\/www.dalpasso.it\/de\/das-unternehmen__trashed\/kontakt\/"},{"@type":"ListItem","position":3,"name":"Terminvereinbarungen"}]},{"@type":"WebSite","@id":"https:\/\/www.dalpasso.it\/de\/#website","url":"https:\/\/www.dalpasso.it\/de\/","name":"DALPASSO Protesi Oculari","description":"","potentialAction":[{"@type":"SearchAction","target":{"@type":"EntryPoint","urlTemplate":"https:\/\/www.dalpasso.it\/de\/?s={search_term_string}"},"query-input":{"@type":"PropertyValueSpecification","valueRequired":true,"valueName":"search_term_string"}}],"inLanguage":"de"}]}},"_links":{"self":[{"href":"https:\/\/www.dalpasso.it\/de\/wp-json\/wp\/v2\/pages\/11516","targetHints":{"allow":["GET"]}}],"collection":[{"href":"https:\/\/www.dalpasso.it\/de\/wp-json\/wp\/v2\/pages"}],"about":[{"href":"https:\/\/www.dalpasso.it\/de\/wp-json\/wp\/v2\/types\/page"}],"author":[{"embeddable":true,"href":"https:\/\/www.dalpasso.it\/de\/wp-json\/wp\/v2\/users\/1"}],"replies":[{"embeddable":true,"href":"https:\/\/www.dalpasso.it\/de\/wp-json\/wp\/v2\/comments?post=11516"}],"version-history":[{"count":4,"href":"https:\/\/www.dalpasso.it\/de\/wp-json\/wp\/v2\/pages\/11516\/revisions"}],"predecessor-version":[{"id":11522,"href":"https:\/\/www.dalpasso.it\/de\/wp-json\/wp\/v2\/pages\/11516\/revisions\/11522"}],"up":[{"embeddable":true,"href":"https:\/\/www.dalpasso.it\/de\/wp-json\/wp\/v2\/pages\/11505"}],"wp:attachment":[{"href":"https:\/\/www.dalpasso.it\/de\/wp-json\/wp\/v2\/media?parent=11516"}],"curies":[{"name":"wp","href":"https:\/\/api.w.org\/{rel}","templated":true}]}}